{"id":437,"date":"2023-03-07T11:15:01","date_gmt":"2023-03-07T10:15:01","guid":{"rendered":"https:\/\/airportsmokinglounge.com\/?page_id=437"},"modified":"2023-05-16T11:19:07","modified_gmt":"2023-05-16T09:19:07","slug":"smoking-areas-in-jordans-airports","status":"publish","type":"page","link":"https:\/\/airportsmokinglounge.com\/pt\/areas-para-fumantes-em-aeroportos-da-jordania\/","title":{"rendered":"\u00c1reas para fumantes nos aeroportos da Jord\u00e2nia"},"content":{"rendered":"<p>A Jord\u00e2nia tem v\u00e1rios aeroportos, desde pequenos aeroportos regionais at\u00e9 grandes centros internacionais.<\/p>\n<p>Neste site voc\u00ea pode encontrar todas as \u00e1reas para fumantes nos aeroportos, incluindo \u00e1reas designadas para fumantes e instala\u00e7\u00f5es dispon\u00edveis. Entendemos a frustra\u00e7\u00e3o de passar pela seguran\u00e7a apenas para descobrir que n\u00e3o h\u00e1 \u00e1reas para fumantes em nenhum lugar e, em alguns casos, os cigarros eletr\u00f4nicos podem n\u00e3o ser permitidos.<\/p>\n<p>Este servi\u00e7o destina-se a todos os fumadores que queiram fumar um cigarro antes ou depois de voos longos.<\/p>\n<h2>Aeroportos na Jord\u00e2nia<\/h2>\n<ul style=\"list-style-type: circle;\">\n<li><a href=\"https:\/\/airportsmokinglounge.com\/pt\/areas-para-fumantes-em-amman-queen-alia-aeroporto-internacional-amm\/\">AM\u00c3 \u2013 AEROPORTO INTERNACIONAL QUEEN ALIA (AMM)<\/a><\/li>\n<li><a href=\"https:\/\/airportsmokinglounge.com\/pt\/areas-para-fumantes-em-aqaba-king-hussein-aeroporto-internacional-aqj\/\">AEROPORTO INTERNACIONAL REI HUSSEIN DE AQABA (AQJ)<\/a><\/li>\n<li><a href=\"https:\/\/airportsmokinglounge.com\/pt\/areas-para-fumantes-no-aeroporto-de-amman-marka-adj\/\">AEROPORTO INTERNACIONAL AMMAN-MARKA (ADJ)<\/a><\/li>\n<\/ul>\n<h2>Lei de fumar na Jord\u00e2nia<\/h2>\n<p>A Jord\u00e2nia implementou regulamentos sobre o tabagismo para resolver problemas de sa\u00fade p\u00fablica relacionados com o consumo de tabaco. No entanto, observe que as leis e regulamentos sobre fumo podem mudar com o tempo, por isso \u00e9 aconselh\u00e1vel consultar a legisla\u00e7\u00e3o mais recente ou consultar as autoridades locais para obter informa\u00e7\u00f5es mais atualizadas sobre as leis sobre fumo da Jord\u00e2nia.<\/p>\n<p>Na Jord\u00e2nia, fumar \u00e9 geralmente proibido em determinados locais p\u00fablicos fechados, incluindo edif\u00edcios governamentais, instala\u00e7\u00f5es de sa\u00fade, institui\u00e7\u00f5es educacionais e transportes p\u00fablicos. A lei tamb\u00e9m pro\u00edbe fumar em determinadas \u00e1reas externas, como playgrounds, est\u00e1dios e parques p\u00fablicos.<\/p>\n<p>A venda de produtos de tabaco a menores de 18 anos \u00e9 proibida na Jord\u00e2nia. Al\u00e9m disso, o pa\u00eds implementou regulamentos sobre publicidade, promo\u00e7\u00e3o e patroc\u00ednio do tabaco.<\/p>\n<p>A Jord\u00e2nia tomou medidas para sensibilizar o p\u00fablico sobre os riscos para a sa\u00fade associados ao tabagismo atrav\u00e9s de campanhas de sa\u00fade e advert\u00eancias nos ma\u00e7os de cigarros. O pa\u00eds implementou advert\u00eancias de sa\u00fade gr\u00e1ficas e pict\u00f3ricas nas embalagens dos produtos do tabaco.<\/p>\n<p>A aplica\u00e7\u00e3o das leis antifumo \u00e9 realizada pelas autoridades competentes e as viola\u00e7\u00f5es podem resultar em multas ou outras penalidades.<\/p>\n<p>\u00c9 importante notar que, embora existam restri\u00e7\u00f5es ao fumo, a conformidade e a fiscaliza\u00e7\u00e3o podem variar em diferentes regi\u00f5es da Jord\u00e2nia. Al\u00e9m disso, alguns estabelecimentos podem ter \u00e1reas designadas para fumantes, enquanto outros podem ser totalmente livres de fumo.<\/p>\n<p>Para obter informa\u00e7\u00f5es mais precisas e atualizadas sobre as leis antitabagismo da Jord\u00e2nia, \u00e9 recomend\u00e1vel consultar a legisla\u00e7\u00e3o mais recente ou entrar em contato com as autoridades locais ou organiza\u00e7\u00f5es de sa\u00fade.<\/p>\n<p><strong>Mais \u00e1reas para fumantes no aeroporto\u00a0<\/strong><\/p>\n<ul>\n<li><a href=\"https:\/\/airportsmokinglounge.com\/pt\/fumar-nos-aeroportos-da-america-do-norte\/\">Am\u00e9rica do Norte<\/a><\/li>\n<li><a href=\"https:\/\/airportsmokinglounge.com\/pt\/fumando-nos-aeroportos-da-america-do-sul\/\">Am\u00e9rica do Sul<\/a><\/li>\n<li><a href=\"https:\/\/airportsmokinglounge.com\/pt\/areas-para-fumantes-nos-aeroportos-europeus\/\">Europa<\/a><\/li>\n<li><a href=\"https:\/\/airportsmokinglounge.com\/pt\/fumar-em-aeroportos-na-asia\/\">\u00c1sia<\/a><\/li>\n<li><a href=\"https:\/\/airportsmokinglounge.com\/pt\/fumar-em-aeroportos-na-oceania\/\">Oce\u00e2nia<\/a><\/li>\n<\/ul>","protected":false},"excerpt":{"rendered":"<p>Jordan has several airports, ranging from small regional airports to larger international hubs. On this website you can find all smoking areas in airports, including designated smoking areas and available facilities. We understand the frustration of going through security only to find that there are no smoking areas anywhere and in some cases e-cigarettes may&hellip;&nbsp;<a href=\"https:\/\/airportsmokinglounge.com\/pt\/areas-para-fumantes-em-aeroportos-da-jordania\/\" rel=\"bookmark\">Ler mais \u00bb<span class=\"screen-reader-text\">\u00c1reas para fumantes nos aeroportos da Jord\u00e2nia<\/span><\/a><\/p>","protected":false},"author":1,"featured_media":1199,"parent":0,"menu_order":0,"comment_status":"closed","ping_status":"closed","template":"","meta":{"neve_meta_sidebar":"","neve_meta_container":"","neve_meta_enable_content_width":"off","neve_meta_content_width":100,"neve_meta_title_alignment":"","neve_meta_author_avatar":"","neve_post_elements_order":"","neve_meta_disable_header":"","neve_meta_disable_footer":"","neve_meta_disable_title":"","neve_meta_reading_time":"","footnotes":""},"class_list":["post-437","page","type-page","status-publish","has-post-thumbnail","hentry"],"yoast_head":"<!-- This site is optimized with the Yoast SEO plugin v26.6 - https:\/\/yoast.com\/wordpress\/plugins\/seo\/ -->\n<title>Smoking areas in Jordan&#039;s airports - airportsmokinglounge.com<\/title>\n<meta name=\"description\" content=\"Smoking Areas in Jordan&#039;s Airports - Your Ultimate Guide to Finding a Place to Smoke \u2714\ufe0e Find Your Next Smoke Break Spot \u2714\ufe0e\" \/>\n<meta name=\"robots\" content=\"index, follow, max-snippet:-1, max-image-preview:large, max-video-preview:-1\" \/>\n<link rel=\"canonical\" href=\"https:\/\/airportsmokinglounge.com\/pt\/areas-para-fumantes-em-aeroportos-da-jordania\/\" \/>\n<meta property=\"og:locale\" content=\"pt_BR\" \/>\n<meta property=\"og:type\" content=\"article\" \/>\n<meta property=\"og:title\" content=\"Smoking areas in Jordan&#039;s airports - airportsmokinglounge.com\" \/>\n<meta property=\"og:description\" content=\"Smoking Areas in Jordan&#039;s Airports - Your Ultimate Guide to Finding a Place to Smoke \u2714\ufe0e Find Your Next Smoke Break Spot \u2714\ufe0e\" \/>\n<meta property=\"og:url\" content=\"https:\/\/airportsmokinglounge.com\/pt\/areas-para-fumantes-em-aeroportos-da-jordania\/\" \/>\n<meta property=\"og:site_name\" content=\"airportsmokinglounge.com\" \/>\n<meta property=\"article:modified_time\" content=\"2023-05-16T09:19:07+00:00\" \/>\n<meta property=\"og:image\" content=\"https:\/\/airportsmokinglounge.com\/wp-content\/uploads\/2023\/03\/airport-smoking-lounge-4.jpg\" \/>\n\t<meta property=\"og:image:width\" content=\"2048\" \/>\n\t<meta property=\"og:image:height\" content=\"1152\" \/>\n\t<meta property=\"og:image:type\" content=\"image\/jpeg\" \/>\n<meta name=\"twitter:card\" content=\"summary_large_image\" \/>\n<meta name=\"twitter:label1\" content=\"Est. tempo de leitura\" \/>\n\t<meta name=\"twitter:data1\" content=\"2 minutos\" \/>\n<script type=\"application\/ld+json\" class=\"yoast-schema-graph\">{\"@context\":\"https:\/\/schema.org\",\"@graph\":[{\"@type\":\"WebPage\",\"@id\":\"https:\/\/airportsmokinglounge.com\/smoking-areas-in-jordans-airports\/\",\"url\":\"https:\/\/airportsmokinglounge.com\/smoking-areas-in-jordans-airports\/\",\"name\":\"Smoking areas in Jordan's airports - airportsmokinglounge.com\",\"isPartOf\":{\"@id\":\"https:\/\/airportsmokinglounge.com\/#website\"},\"primaryImageOfPage\":{\"@id\":\"https:\/\/airportsmokinglounge.com\/smoking-areas-in-jordans-airports\/#primaryimage\"},\"image\":{\"@id\":\"https:\/\/airportsmokinglounge.com\/smoking-areas-in-jordans-airports\/#primaryimage\"},\"thumbnailUrl\":\"https:\/\/airportsmokinglounge.com\/wp-content\/uploads\/2023\/03\/airport-smoking-lounge-4.jpg\",\"datePublished\":\"2023-03-07T10:15:01+00:00\",\"dateModified\":\"2023-05-16T09:19:07+00:00\",\"description\":\"Smoking Areas in Jordan's Airports - Your Ultimate Guide to Finding a Place to Smoke \u2714\ufe0e Find Your Next Smoke Break Spot \u2714\ufe0e\",\"breadcrumb\":{\"@id\":\"https:\/\/airportsmokinglounge.com\/smoking-areas-in-jordans-airports\/#breadcrumb\"},\"inLanguage\":\"pt-BR\",\"potentialAction\":[{\"@type\":\"ReadAction\",\"target\":[\"https:\/\/airportsmokinglounge.com\/smoking-areas-in-jordans-airports\/\"]}]},{\"@type\":\"ImageObject\",\"inLanguage\":\"pt-BR\",\"@id\":\"https:\/\/airportsmokinglounge.com\/smoking-areas-in-jordans-airports\/#primaryimage\",\"url\":\"https:\/\/airportsmokinglounge.com\/wp-content\/uploads\/2023\/03\/airport-smoking-lounge-4.jpg\",\"contentUrl\":\"https:\/\/airportsmokinglounge.com\/wp-content\/uploads\/2023\/03\/airport-smoking-lounge-4.jpg\",\"width\":2048,\"height\":1152,\"caption\":\"Airport Smoking\"},{\"@type\":\"BreadcrumbList\",\"@id\":\"https:\/\/airportsmokinglounge.com\/smoking-areas-in-jordans-airports\/#breadcrumb\",\"itemListElement\":[{\"@type\":\"ListItem\",\"position\":1,\"name\":\"Home\",\"item\":\"https:\/\/airportsmokinglounge.com\/\"},{\"@type\":\"ListItem\",\"position\":2,\"name\":\"Smoking areas in Jordan&#8217;s airports\"}]},{\"@type\":\"WebSite\",\"@id\":\"https:\/\/airportsmokinglounge.com\/#website\",\"url\":\"https:\/\/airportsmokinglounge.com\/\",\"name\":\"airportsmokinglounge.com\",\"description\":\"\",\"potentialAction\":[{\"@type\":\"SearchAction\",\"target\":{\"@type\":\"EntryPoint\",\"urlTemplate\":\"https:\/\/airportsmokinglounge.com\/?s={search_term_string}\"},\"query-input\":{\"@type\":\"PropertyValueSpecification\",\"valueRequired\":true,\"valueName\":\"search_term_string\"}}],\"inLanguage\":\"pt-BR\"}]}<\/script>\n<!-- \/ Yoast SEO plugin. -->","yoast_head_json":{"title":"\u00c1reas para fumantes nos aeroportos da Jord\u00e2nia - airportsmokinglounge.com","description":"\u00c1reas para fumantes nos aeroportos da Jord\u00e2nia - Seu guia definitivo para encontrar um lugar para fumar \u2714\ufe0e Encontre seu pr\u00f3ximo local para fumar \u2714\ufe0e","robots":{"index":"index","follow":"follow","max-snippet":"max-snippet:-1","max-image-preview":"max-image-preview:large","max-video-preview":"max-video-preview:-1"},"canonical":"https:\/\/airportsmokinglounge.com\/pt\/areas-para-fumantes-em-aeroportos-da-jordania\/","og_locale":"pt_BR","og_type":"article","og_title":"Smoking areas in Jordan's airports - airportsmokinglounge.com","og_description":"Smoking Areas in Jordan's Airports - Your Ultimate Guide to Finding a Place to Smoke \u2714\ufe0e Find Your Next Smoke Break Spot \u2714\ufe0e","og_url":"https:\/\/airportsmokinglounge.com\/pt\/areas-para-fumantes-em-aeroportos-da-jordania\/","og_site_name":"airportsmokinglounge.com","article_modified_time":"2023-05-16T09:19:07+00:00","og_image":[{"width":2048,"height":1152,"url":"https:\/\/airportsmokinglounge.com\/wp-content\/uploads\/2023\/03\/airport-smoking-lounge-4.jpg","type":"image\/jpeg"}],"twitter_card":"summary_large_image","twitter_misc":{"Est. tempo de leitura":"2 minutos"},"schema":{"@context":"https:\/\/schema.org","@graph":[{"@type":"WebPage","@id":"https:\/\/airportsmokinglounge.com\/smoking-areas-in-jordans-airports\/","url":"https:\/\/airportsmokinglounge.com\/smoking-areas-in-jordans-airports\/","name":"\u00c1reas para fumantes nos aeroportos da Jord\u00e2nia - airportsmokinglounge.com","isPartOf":{"@id":"https:\/\/airportsmokinglounge.com\/#website"},"primaryImageOfPage":{"@id":"https:\/\/airportsmokinglounge.com\/smoking-areas-in-jordans-airports\/#primaryimage"},"image":{"@id":"https:\/\/airportsmokinglounge.com\/smoking-areas-in-jordans-airports\/#primaryimage"},"thumbnailUrl":"https:\/\/airportsmokinglounge.com\/wp-content\/uploads\/2023\/03\/airport-smoking-lounge-4.jpg","datePublished":"2023-03-07T10:15:01+00:00","dateModified":"2023-05-16T09:19:07+00:00","description":"\u00c1reas para fumantes nos aeroportos da Jord\u00e2nia - Seu guia definitivo para encontrar um lugar para fumar \u2714\ufe0e Encontre seu pr\u00f3ximo local para fumar \u2714\ufe0e","breadcrumb":{"@id":"https:\/\/airportsmokinglounge.com\/smoking-areas-in-jordans-airports\/#breadcrumb"},"inLanguage":"pt-BR","potentialAction":[{"@type":"ReadAction","target":["https:\/\/airportsmokinglounge.com\/smoking-areas-in-jordans-airports\/"]}]},{"@type":"ImageObject","inLanguage":"pt-BR","@id":"https:\/\/airportsmokinglounge.com\/smoking-areas-in-jordans-airports\/#primaryimage","url":"https:\/\/airportsmokinglounge.com\/wp-content\/uploads\/2023\/03\/airport-smoking-lounge-4.jpg","contentUrl":"https:\/\/airportsmokinglounge.com\/wp-content\/uploads\/2023\/03\/airport-smoking-lounge-4.jpg","width":2048,"height":1152,"caption":"Airport Smoking"},{"@type":"BreadcrumbList","@id":"https:\/\/airportsmokinglounge.com\/smoking-areas-in-jordans-airports\/#breadcrumb","itemListElement":[{"@type":"ListItem","position":1,"name":"Home","item":"https:\/\/airportsmokinglounge.com\/"},{"@type":"ListItem","position":2,"name":"Smoking areas in Jordan&#8217;s airports"}]},{"@type":"WebSite","@id":"https:\/\/airportsmokinglounge.com\/#website","url":"https:\/\/airportsmokinglounge.com\/","name":"www.airport Smokinglounge.com","description":"","potentialAction":[{"@type":"SearchAction","target":{"@type":"EntryPoint","urlTemplate":"https:\/\/airportsmokinglounge.com\/?s={search_term_string}"},"query-input":{"@type":"PropertyValueSpecification","valueRequired":true,"valueName":"search_term_string"}}],"inLanguage":"pt-BR"}]}},"_links":{"self":[{"href":"https:\/\/airportsmokinglounge.com\/pt\/wp-json\/wp\/v2\/pages\/437","targetHints":{"allow":["GET"]}}],"collection":[{"href":"https:\/\/airportsmokinglounge.com\/pt\/wp-json\/wp\/v2\/pages"}],"about":[{"href":"https:\/\/airportsmokinglounge.com\/pt\/wp-json\/wp\/v2\/types\/page"}],"author":[{"embeddable":true,"href":"https:\/\/airportsmokinglounge.com\/pt\/wp-json\/wp\/v2\/users\/1"}],"replies":[{"embeddable":true,"href":"https:\/\/airportsmokinglounge.com\/pt\/wp-json\/wp\/v2\/comments?post=437"}],"version-history":[{"count":7,"href":"https:\/\/airportsmokinglounge.com\/pt\/wp-json\/wp\/v2\/pages\/437\/revisions"}],"predecessor-version":[{"id":5201,"href":"https:\/\/airportsmokinglounge.com\/pt\/wp-json\/wp\/v2\/pages\/437\/revisions\/5201"}],"wp:featuredmedia":[{"embeddable":true,"href":"https:\/\/airportsmokinglounge.com\/pt\/wp-json\/wp\/v2\/media\/1199"}],"wp:attachment":[{"href":"https:\/\/airportsmokinglounge.com\/pt\/wp-json\/wp\/v2\/media?parent=437"}],"curies":[{"name":"wp","href":"https:\/\/api.w.org\/{rel}","templated":true}]}}