{"id":498,"date":"2023-03-15T18:52:05","date_gmt":"2023-03-15T17:52:05","guid":{"rendered":"https:\/\/airportsmokinglounge.com\/?page_id=498"},"modified":"2023-05-13T15:04:46","modified_gmt":"2023-05-13T13:04:46","slug":"smoking-areas-at-minsk-national-airport-msq","status":"publish","type":"page","link":"https:\/\/airportsmokinglounge.com\/pt\/areas-para-fumantes-no-aeroporto-nacional-de-minsk\/","title":{"rendered":"\u00c1reas para fumantes no Aeroporto Nacional de Minsk (MSQ)"},"content":{"rendered":"<p>O Aeroporto Nacional de Minsk \u00e9 o maior e mais movimentado aeroporto da Bielorr\u00fassia, localizado a cerca de 42 km a leste da capital, Minsk. O aeroporto \u00e9 o principal hub da companhia a\u00e9rea nacional Belavia e oferece voos para muitos destinos internacionais, incluindo Europa, \u00c1sia e Am\u00e9rica do Norte. Tamb\u00e9m serve como hub para v\u00e1rias companhias a\u00e9reas internacionais, incluindo Turkish Airlines, Lufthansa e AirBaltic.<\/p>\n<p>O aeroporto de Minsk tem dois terminais: o terminal principal e um segundo terminal que atende companhias a\u00e9reas de baixo custo. O terminal principal possui tr\u00eas n\u00edveis, sendo o primeiro n\u00edvel dedicado \u00e0s chegadas, o segundo n\u00edvel \u00e0s partidas e o terceiro n\u00edvel \u00e0 classe executiva e salas VIP.<\/p>\n<h2>\u00c1reas para fumantes antes da verifica\u00e7\u00e3o de seguran\u00e7a<\/h2>\n<ul>\n<li>S\u00f3 \u00e9 permitido fumar fora do terminal nas \u00e1reas designadas<\/li>\n<\/ul>\n<h2>\u00c1reas para fumantes ap\u00f3s verifica\u00e7\u00e3o de seguran\u00e7a<\/h2>\n<ul>\n<li>A sala para fumantes fica na \u00e1rea principal do terminal, ap\u00f3s o controle de passaportes. Entre os port\u00f5es 5\/6 e 7\/8.<\/li>\n<li>H\u00e1 uma \u00e1rea para fumantes perto do port\u00e3o 13<\/li>\n<li>H\u00e1 tamb\u00e9m uma placa de Sala para Fumantes perto das escadas para todos os passageiros que partem dos port\u00f5es 1-9 (A,B)<\/li>\n<\/ul>\n<p><span style=\"font-size: 12pt;\">Mais informa\u00e7\u00f5es no site oficial<\/span><\/p>\n<ul>\n<li><span style=\"font-size: 12pt;\"><a href=\"https:\/\/airport.by\/en\" target=\"_blank\" rel=\"noopener\">aeroporto.por<\/a><\/span><\/li>\n<\/ul>\n<p><span style=\"font-size: 12pt;\"><strong>Envie-nos coment\u00e1rios<\/strong><\/span><\/p>\n<p><span style=\"font-size: 12pt;\">Se voc\u00ea estiver no aeroporto de Minsk, fique \u00e0 vontade para nos enviar fotos das \u00e1reas para fumantes. Isso nos ajudar\u00e1 a preencher nosso banco de dados mais rapidamente. Voc\u00ea consegue fazer isso <strong><a href=\"https:\/\/airportsmokinglounge.com\/pt\/contato\/\">Aqui<\/a>.<\/strong> As imagens s\u00e3o publicadas em nosso site, indicando a fonte da imagem (nome). Sinta-se \u00e0 vontade para compartilhar essas fotos conosco e com todos os visitantes do Airport Smokinglounge.com.<\/span><\/p>\n<h2>\u00c1reas para fumantes nos aeroportos da Bielorr\u00fassia<\/h2>\n<p>Geralmente \u00e9 proibido fumar dentro dos terminais de todos os aeroportos da Bielorr\u00fassia, incluindo o Aeroporto Nacional de Minsk, o Aeroporto de Gomel, o Aeroporto de Grodno, o Aeroporto de Vitebsk e o Aeroporto de Mogilev.<\/p>\n<p>No Aeroporto Nacional de Minsk, s\u00f3 \u00e9 permitido fumar em \u00e1reas designadas para fumantes localizadas fora dos terminais. Estas \u00e1reas para fumantes est\u00e3o equipadas com cinzeiros e bancos para os viajantes que desejam fumar antes ou depois dos voos. \u00c9 estritamente proibido fumar em todas as outras \u00e1reas do aeroporto, incluindo banheiros, \u00e1reas de check-in e port\u00f5es de embarque.<\/p>\n<p>Outros aeroportos da Bielorr\u00fassia tamb\u00e9m possuem \u00e1reas designadas para fumantes localizadas fora dos terminais. No entanto, n\u00e3o \u00e9 permitido fumar dentro dos terminais do aeroporto ou em quaisquer outros espa\u00e7os p\u00fablicos fechados. Os passageiros que violarem a pol\u00edtica de fumo podem enfrentar multas ou outras penalidades, uma vez que fumar em locais p\u00fablicos \u00e9 considerado uma contraven\u00e7\u00e3o na Bielorr\u00fassia.<\/p>\n<p><span style=\"font-size: 12pt;\"><strong>Zonas de fumadores em:<\/strong><\/span><\/p>\n<ul>\n<li><span style=\"font-size: 12pt;\"><a href=\"https:\/\/airportsmokinglounge.com\/pt\/areas-para-fumantes-nos-aeroportos-europeus\/\">aeroportos europeus<\/a><\/span><\/li>\n<\/ul>","protected":false},"excerpt":{"rendered":"<p>O Aeroporto Nacional de Minsk \u00e9 o maior e mais movimentado aeroporto da Bielorr\u00fassia, localizado a cerca de 42 km a leste da capital, Minsk. O aeroporto \u00e9 o principal hub da companhia a\u00e9rea nacional, Belavia, e oferece voos para diversos destinos internacionais, incluindo Europa, \u00c1sia e Am\u00e9rica do Norte. Tamb\u00e9m serve como hub para v\u00e1rias conex\u00f5es internacionais\u2026&nbsp;<a href=\"https:\/\/airportsmokinglounge.com\/pt\/areas-para-fumantes-no-aeroporto-nacional-de-minsk\/\" rel=\"bookmark\">Ler mais \u00bb<span class=\"screen-reader-text\">\u00c1reas para fumantes no Aeroporto Nacional de Minsk (MSQ)<\/span><\/a><\/p>","protected":false},"author":1,"featured_media":1199,"parent":0,"menu_order":0,"comment_status":"closed","ping_status":"closed","template":"","meta":{"neve_meta_sidebar":"","neve_meta_container":"","neve_meta_enable_content_width":"off","neve_meta_content_width":100,"neve_meta_title_alignment":"","neve_meta_author_avatar":"","neve_post_elements_order":"","neve_meta_disable_header":"","neve_meta_disable_footer":"","neve_meta_disable_title":"","neve_meta_reading_time":"","footnotes":""},"class_list":["post-498","page","type-page","status-publish","has-post-thumbnail","hentry"],"yoast_head":"<!-- This site is optimized with the Yoast SEO plugin v26.6 - https:\/\/yoast.com\/wordpress\/plugins\/seo\/ -->\n<title>Smoking areas at Minsk National Airport (MSQ)<\/title>\n<meta name=\"description\" content=\"Smoking areas Minsk National Airport - Find a smoking area in the airport \u2714\ufe0e Smoking Guide in Airports: Information for Travelers \u2714\ufe0e\" \/>\n<meta name=\"robots\" content=\"index, follow, max-snippet:-1, max-image-preview:large, max-video-preview:-1\" \/>\n<link rel=\"canonical\" href=\"https:\/\/airportsmokinglounge.com\/pt\/areas-para-fumantes-no-aeroporto-nacional-de-minsk\/\" \/>\n<meta property=\"og:locale\" content=\"pt_BR\" \/>\n<meta property=\"og:type\" content=\"article\" \/>\n<meta property=\"og:title\" content=\"Smoking areas at Minsk National Airport (MSQ)\" \/>\n<meta property=\"og:description\" content=\"Smoking areas Minsk National Airport - Find a smoking area in the airport \u2714\ufe0e Smoking Guide in Airports: Information for Travelers \u2714\ufe0e\" \/>\n<meta property=\"og:url\" content=\"https:\/\/airportsmokinglounge.com\/pt\/areas-para-fumantes-no-aeroporto-nacional-de-minsk\/\" \/>\n<meta property=\"og:site_name\" content=\"airportsmokinglounge.com\" \/>\n<meta property=\"article:modified_time\" content=\"2023-05-13T13:04:46+00:00\" \/>\n<meta property=\"og:image\" content=\"https:\/\/airportsmokinglounge.com\/wp-content\/uploads\/2023\/03\/airport-smoking-lounge-4.jpg\" \/>\n\t<meta property=\"og:image:width\" content=\"2048\" \/>\n\t<meta property=\"og:image:height\" content=\"1152\" \/>\n\t<meta property=\"og:image:type\" content=\"image\/jpeg\" \/>\n<meta name=\"twitter:card\" content=\"summary_large_image\" \/>\n<meta name=\"twitter:label1\" content=\"Est. tempo de leitura\" \/>\n\t<meta name=\"twitter:data1\" content=\"2 minutos\" \/>\n<script type=\"application\/ld+json\" class=\"yoast-schema-graph\">{\"@context\":\"https:\/\/schema.org\",\"@graph\":[{\"@type\":\"WebPage\",\"@id\":\"https:\/\/airportsmokinglounge.com\/smoking-areas-at-minsk-national-airport-msq\/\",\"url\":\"https:\/\/airportsmokinglounge.com\/smoking-areas-at-minsk-national-airport-msq\/\",\"name\":\"Smoking areas at Minsk National Airport (MSQ)\",\"isPartOf\":{\"@id\":\"https:\/\/airportsmokinglounge.com\/#website\"},\"primaryImageOfPage\":{\"@id\":\"https:\/\/airportsmokinglounge.com\/smoking-areas-at-minsk-national-airport-msq\/#primaryimage\"},\"image\":{\"@id\":\"https:\/\/airportsmokinglounge.com\/smoking-areas-at-minsk-national-airport-msq\/#primaryimage\"},\"thumbnailUrl\":\"https:\/\/airportsmokinglounge.com\/wp-content\/uploads\/2023\/03\/airport-smoking-lounge-4.jpg\",\"datePublished\":\"2023-03-15T17:52:05+00:00\",\"dateModified\":\"2023-05-13T13:04:46+00:00\",\"description\":\"Smoking areas Minsk National Airport - Find a smoking area in the airport \u2714\ufe0e Smoking Guide in Airports: Information for Travelers \u2714\ufe0e\",\"breadcrumb\":{\"@id\":\"https:\/\/airportsmokinglounge.com\/smoking-areas-at-minsk-national-airport-msq\/#breadcrumb\"},\"inLanguage\":\"pt-BR\",\"potentialAction\":[{\"@type\":\"ReadAction\",\"target\":[\"https:\/\/airportsmokinglounge.com\/smoking-areas-at-minsk-national-airport-msq\/\"]}]},{\"@type\":\"ImageObject\",\"inLanguage\":\"pt-BR\",\"@id\":\"https:\/\/airportsmokinglounge.com\/smoking-areas-at-minsk-national-airport-msq\/#primaryimage\",\"url\":\"https:\/\/airportsmokinglounge.com\/wp-content\/uploads\/2023\/03\/airport-smoking-lounge-4.jpg\",\"contentUrl\":\"https:\/\/airportsmokinglounge.com\/wp-content\/uploads\/2023\/03\/airport-smoking-lounge-4.jpg\",\"width\":2048,\"height\":1152,\"caption\":\"Airport Smoking\"},{\"@type\":\"BreadcrumbList\",\"@id\":\"https:\/\/airportsmokinglounge.com\/smoking-areas-at-minsk-national-airport-msq\/#breadcrumb\",\"itemListElement\":[{\"@type\":\"ListItem\",\"position\":1,\"name\":\"Home\",\"item\":\"https:\/\/airportsmokinglounge.com\/\"},{\"@type\":\"ListItem\",\"position\":2,\"name\":\"Smoking areas at Minsk National Airport (MSQ)\"}]},{\"@type\":\"WebSite\",\"@id\":\"https:\/\/airportsmokinglounge.com\/#website\",\"url\":\"https:\/\/airportsmokinglounge.com\/\",\"name\":\"airportsmokinglounge.com\",\"description\":\"\",\"potentialAction\":[{\"@type\":\"SearchAction\",\"target\":{\"@type\":\"EntryPoint\",\"urlTemplate\":\"https:\/\/airportsmokinglounge.com\/?s={search_term_string}\"},\"query-input\":{\"@type\":\"PropertyValueSpecification\",\"valueRequired\":true,\"valueName\":\"search_term_string\"}}],\"inLanguage\":\"pt-BR\"}]}<\/script>\n<!-- \/ Yoast SEO plugin. -->","yoast_head_json":{"title":"\u00c1reas para fumantes no Aeroporto Nacional de Minsk (MSQ)","description":"\u00c1reas para fumantes Aeroporto Nacional de Minsk - Encontre uma \u00e1rea para fumantes no aeroporto \u2714\ufe0e Guia para fumantes nos aeroportos: informa\u00e7\u00f5es para viajantes \u2714\ufe0e","robots":{"index":"index","follow":"follow","max-snippet":"max-snippet:-1","max-image-preview":"max-image-preview:large","max-video-preview":"max-video-preview:-1"},"canonical":"https:\/\/airportsmokinglounge.com\/pt\/areas-para-fumantes-no-aeroporto-nacional-de-minsk\/","og_locale":"pt_BR","og_type":"article","og_title":"Smoking areas at Minsk National Airport (MSQ)","og_description":"Smoking areas Minsk National Airport - Find a smoking area in the airport \u2714\ufe0e Smoking Guide in Airports: Information for Travelers \u2714\ufe0e","og_url":"https:\/\/airportsmokinglounge.com\/pt\/areas-para-fumantes-no-aeroporto-nacional-de-minsk\/","og_site_name":"airportsmokinglounge.com","article_modified_time":"2023-05-13T13:04:46+00:00","og_image":[{"width":2048,"height":1152,"url":"https:\/\/airportsmokinglounge.com\/wp-content\/uploads\/2023\/03\/airport-smoking-lounge-4.jpg","type":"image\/jpeg"}],"twitter_card":"summary_large_image","twitter_misc":{"Est. tempo de leitura":"2 minutos"},"schema":{"@context":"https:\/\/schema.org","@graph":[{"@type":"WebPage","@id":"https:\/\/airportsmokinglounge.com\/smoking-areas-at-minsk-national-airport-msq\/","url":"https:\/\/airportsmokinglounge.com\/smoking-areas-at-minsk-national-airport-msq\/","name":"\u00c1reas para fumantes no Aeroporto Nacional de Minsk (MSQ)","isPartOf":{"@id":"https:\/\/airportsmokinglounge.com\/#website"},"primaryImageOfPage":{"@id":"https:\/\/airportsmokinglounge.com\/smoking-areas-at-minsk-national-airport-msq\/#primaryimage"},"image":{"@id":"https:\/\/airportsmokinglounge.com\/smoking-areas-at-minsk-national-airport-msq\/#primaryimage"},"thumbnailUrl":"https:\/\/airportsmokinglounge.com\/wp-content\/uploads\/2023\/03\/airport-smoking-lounge-4.jpg","datePublished":"2023-03-15T17:52:05+00:00","dateModified":"2023-05-13T13:04:46+00:00","description":"\u00c1reas para fumantes Aeroporto Nacional de Minsk - Encontre uma \u00e1rea para fumantes no aeroporto \u2714\ufe0e Guia para fumantes nos aeroportos: informa\u00e7\u00f5es para viajantes \u2714\ufe0e","breadcrumb":{"@id":"https:\/\/airportsmokinglounge.com\/smoking-areas-at-minsk-national-airport-msq\/#breadcrumb"},"inLanguage":"pt-BR","potentialAction":[{"@type":"ReadAction","target":["https:\/\/airportsmokinglounge.com\/smoking-areas-at-minsk-national-airport-msq\/"]}]},{"@type":"ImageObject","inLanguage":"pt-BR","@id":"https:\/\/airportsmokinglounge.com\/smoking-areas-at-minsk-national-airport-msq\/#primaryimage","url":"https:\/\/airportsmokinglounge.com\/wp-content\/uploads\/2023\/03\/airport-smoking-lounge-4.jpg","contentUrl":"https:\/\/airportsmokinglounge.com\/wp-content\/uploads\/2023\/03\/airport-smoking-lounge-4.jpg","width":2048,"height":1152,"caption":"Airport Smoking"},{"@type":"BreadcrumbList","@id":"https:\/\/airportsmokinglounge.com\/smoking-areas-at-minsk-national-airport-msq\/#breadcrumb","itemListElement":[{"@type":"ListItem","position":1,"name":"Home","item":"https:\/\/airportsmokinglounge.com\/"},{"@type":"ListItem","position":2,"name":"Smoking areas at Minsk National Airport (MSQ)"}]},{"@type":"WebSite","@id":"https:\/\/airportsmokinglounge.com\/#website","url":"https:\/\/airportsmokinglounge.com\/","name":"www.airport Smokinglounge.com","description":"","potentialAction":[{"@type":"SearchAction","target":{"@type":"EntryPoint","urlTemplate":"https:\/\/airportsmokinglounge.com\/?s={search_term_string}"},"query-input":{"@type":"PropertyValueSpecification","valueRequired":true,"valueName":"search_term_string"}}],"inLanguage":"pt-BR"}]}},"_links":{"self":[{"href":"https:\/\/airportsmokinglounge.com\/pt\/wp-json\/wp\/v2\/pages\/498","targetHints":{"allow":["GET"]}}],"collection":[{"href":"https:\/\/airportsmokinglounge.com\/pt\/wp-json\/wp\/v2\/pages"}],"about":[{"href":"https:\/\/airportsmokinglounge.com\/pt\/wp-json\/wp\/v2\/types\/page"}],"author":[{"embeddable":true,"href":"https:\/\/airportsmokinglounge.com\/pt\/wp-json\/wp\/v2\/users\/1"}],"replies":[{"embeddable":true,"href":"https:\/\/airportsmokinglounge.com\/pt\/wp-json\/wp\/v2\/comments?post=498"}],"version-history":[{"count":10,"href":"https:\/\/airportsmokinglounge.com\/pt\/wp-json\/wp\/v2\/pages\/498\/revisions"}],"predecessor-version":[{"id":4973,"href":"https:\/\/airportsmokinglounge.com\/pt\/wp-json\/wp\/v2\/pages\/498\/revisions\/4973"}],"wp:featuredmedia":[{"embeddable":true,"href":"https:\/\/airportsmokinglounge.com\/pt\/wp-json\/wp\/v2\/media\/1199"}],"wp:attachment":[{"href":"https:\/\/airportsmokinglounge.com\/pt\/wp-json\/wp\/v2\/media?parent=498"}],"curies":[{"name":"wp","href":"https:\/\/api.w.org\/{rel}","templated":true}]}}