{"id":55,"date":"2023-02-15T16:05:13","date_gmt":"2023-02-15T15:05:13","guid":{"rendered":"https:\/\/airportsmokinglounge.com\/?page_id=55"},"modified":"2023-02-15T16:08:03","modified_gmt":"2023-02-15T15:08:03","slug":"disclaimer","status":"publish","type":"page","link":"https:\/\/airportsmokinglounge.com\/pt\/isencao-de-responsabilidade\/","title":{"rendered":"Isen\u00e7\u00e3o de responsabilidade"},"content":{"rendered":"<p>O site airportsmokinglounge.com (o \u201cSite\u201d) \u00e9 um servi\u00e7o de informa\u00e7\u00f5es on-line. \u201cairportsmokinglounge.com\u201c, sujeito \u00e0 sua conformidade com os termos e condi\u00e7\u00f5es estabelecidos abaixo. <strong>LEIA ESTE DOCUMENTO COM ATEN\u00c7\u00c3O ANTES DE ACESSAR OU USAR O SITE. <\/strong>AO ACESSAR OU USAR O SITE, VOC\u00ca CONCORDA EM CUMPRIR OS TERMOS E CONDI\u00c7\u00d5ES ESTABELECIDOS ABAIXO. SE N\u00c3O DESEJA FICAR VINCULADO A ESTES TERMOS E CONDI\u00c7\u00d5ES, N\u00c3O PODE ACESSAR OU USAR O SITE. Airportsmokinglounge.com PODE MODIFICAR ESTE ACORDO A QUALQUER MOMENTO, E TAIS MODIFICA\u00c7\u00d5ES ENTRAREM EM VIGOR IMEDIATAMENTE AP\u00d3S A POSTAGEM DO ACORDO MODIFICADO NO SITE. VOC\u00ca CONCORDA EM REVER O CONTRATO PERIODICAMENTE PARA ESTAR CIENTE DE TAIS MODIFICA\u00c7\u00d5ES E SEU ACESSO OU USO CONT\u00cdNUO DO SITE SER\u00c1 CONSIDERADO SUA ACEITA\u00c7\u00c3O CONCLUSIVA DO ACORDO MODIFICADO.<\/p>\n<p><strong>1. Direitos autorais, licen\u00e7as e envio de ideias.<\/strong><\/p>\n<p>Todo o conte\u00fado do Site \u00e9 protegido por leis internacionais de direitos autorais e marcas registradas. Os propriet\u00e1rios dos direitos autorais e marcas registradas s\u00e3o airportsmokinglounge.com, suas afiliadas ou outros licenciadores terceiros. <strong>VOC\u00ca N\u00c3O PODE MODIFICAR, COPIAR, REPRODUZIR, REPUBLICAR, CARREGAR, POSTAR, TRANSMITIR OU DISTRIBUIR, DE QUALQUER FORMA, O MATERIAL DO SITE, INCLUINDO TEXTO, GR\u00c1FICOS, C\u00d3DIGO E\/OU SOFTWARE.<\/strong> Voc\u00ea pode imprimir e baixar partes do material das diferentes \u00e1reas do Site exclusivamente para seu pr\u00f3prio uso n\u00e3o comercial, desde que concorde em n\u00e3o alterar ou excluir quaisquer avisos de direitos autorais ou de propriedade dos materiais. Voc\u00ea concorda em conceder ao airportsmokinglounge.com uma licen\u00e7a n\u00e3o exclusiva, isenta de royalties, mundial e perp\u00e9tua, com o direito de sublicenciar, reproduzir, distribuir, transmitir, criar trabalhos derivados, exibir publicamente e executar publicamente quaisquer materiais e outras informa\u00e7\u00f5es (incluindo, sem limita\u00e7\u00e3o, ideias nelas contidas para produtos e servi\u00e7os novos ou aprimorados) que voc\u00ea enviar para qualquer \u00e1rea p\u00fablica do Site (como quadros de avisos, f\u00f3runs e grupos de not\u00edcias) ou por e-mail para airportsmokinglounge.com por todos os meios e em qualquer meio agora conhecido ou desenvolvido posteriormente. Voc\u00ea tamb\u00e9m concede ao aeroportosmokinglounge.com o direito de usar seu nome em conex\u00e3o com os materiais enviados e outras informa\u00e7\u00f5es, bem como em conex\u00e3o com todos os materiais publicit\u00e1rios, de marketing e promocionais relacionados a eles. Voc\u00ea concorda que n\u00e3o ter\u00e1 nenhum recurso contra o airportsmokinglounge.com por qualquer viola\u00e7\u00e3o ou apropria\u00e7\u00e3o ind\u00e9bita, alegada ou real, de qualquer direito de propriedade em suas comunica\u00e7\u00f5es com o airportsmokinglounge.com. MARCAS REGISTRADAS, Publica\u00e7\u00f5es, produtos, conte\u00fados ou servi\u00e7os mencionados aqui ou no Site s\u00e3o marcas registradas ou marcas de servi\u00e7o exclusivas de airportsmokinglounge.com. Outros nomes de produtos e empresas mencionados no Site podem ser marcas registradas de seus respectivos propriet\u00e1rios.<\/p>\n<p><strong>2. Uso do Site.<\/strong><\/p>\n<p>Voc\u00ea entende que, exceto por informa\u00e7\u00f5es, produtos ou servi\u00e7os claramente identificados como fornecidos por airportsmokinglounge.com, aeroportosmokinglounge.com n\u00e3o opera, controla ou endossa quaisquer informa\u00e7\u00f5es, produtos ou servi\u00e7os na Internet de forma alguma. Exceto as informa\u00e7\u00f5es, produtos ou servi\u00e7os identificados pelo Airportsmokinglounge.com, todas as informa\u00e7\u00f5es, produtos e servi\u00e7os oferecidos atrav\u00e9s do Site ou na Internet geralmente s\u00e3o oferecidos por terceiros, que n\u00e3o s\u00e3o afiliados ao Airportsmokinglounge.com. Voc\u00ea tamb\u00e9m entende que aeroportosmokinglounge.com n\u00e3o pode e n\u00e3o garante que os arquivos dispon\u00edveis para download atrav\u00e9s do Site estar\u00e3o livres de infec\u00e7\u00f5es ou v\u00edrus, worms, cavalos de Tr\u00f3ia ou outros c\u00f3digos que manifestem propriedades contaminantes ou destrutivas. Voc\u00ea \u00e9 respons\u00e1vel por implementar procedimentos e pontos de verifica\u00e7\u00e3o suficientes para satisfazer seus requisitos espec\u00edficos de precis\u00e3o de entrada e sa\u00edda de dados e por manter um meio externo ao Site para a reconstru\u00e7\u00e3o de quaisquer dados perdidos.<\/p>\n<p>VOC\u00ca ASSUME TOTAL RESPONSABILIDADE E RISCO PELO USO DO SITE E DA INTERNET. Airportsmokinglounge.com FORNECE O SITE E INFORMA\u00c7\u00d5ES RELACIONADAS \u201cCOMO EST\u00c3O\u201d E N\u00c3O FAZ NENHUMA GARANTIA, REPRESENTA\u00c7\u00c3O OU ENDOSSO EXPRESSA OU IMPL\u00cdCITA (INCLUINDO, SEM LIMITA\u00c7\u00c3O, GARANTIAS DE T\u00cdTULO OU N\u00c3O VIOLA\u00c7\u00c3O, OU AS GARANTIAS IMPL\u00cdCITAS DE COMERCIALIZA\u00c7\u00c3O OU ADEQUA\u00c7\u00c3O A UM DETERMINADO FIM) COM RELA\u00c7\u00c3O AO SERVI\u00c7O, QUALQUER INFORMA\u00c7\u00c3O DE MERCADORIA OU SERVI\u00c7O FORNECIDO ATRAV\u00c9S DO SERVI\u00c7O OU NA INTERNET EM GERAL, E aeroportosmokinglounge.com N\u00c3O SER\u00c1 RESPONS\u00c1VEL POR QUALQUER CUSTO OU DANO DECORRENTE DIRETA OU INDIRETAMENTE DE QUALQUER TRANSA\u00c7\u00c3O. \u00c9 EXCLUSIVAMENTE SUA RESPONSABILIDADE AVALIAR A PRECIS\u00c3O, INTEGRIDADE E UTILIDADE DE TODAS AS OPINI\u00d5ES, CONSELHOS, SERVI\u00c7OS, MERCADORIAS E OUTRAS INFORMA\u00c7\u00d5ES FORNECIDAS ATRAV\u00c9S DO SERVI\u00c7O OU NA INTERNET EM GERAL. aeroportosmokinglounge.com N\u00c3O GARANTE QUE O SERVI\u00c7O SER\u00c1 ININTERRUPTO OU LIVRE DE ERROS OU QUE OS DEFEITOS NO SERVI\u00c7O SER\u00c3O CORRIGIDOS.<\/p>\n<p>VOC\u00ca ENTENDE AINDA QUE A NATUREZA PURA DA INTERNET CONT\u00c9M MATERIAIS N\u00c3O EDITADOS, ALGUNS DOS QUAIS S\u00c3O SEXUALMENTE EXPL\u00cdCITOS OU PODEM SER OFENSIVOS PARA VOC\u00ca. SEU ACESSO A TAIS MATERIAIS \u00c9 POR SUA CONTA E RISCO. aeroportosmokinglounge.com N\u00c3O TEM CONTROLE E N\u00c3O ACEITA QUALQUER RESPONSABILIDADE POR TAIS MATERIAIS.<\/p>\n<p><strong>LIMITA\u00c7\u00c3O DE RESPONSABILIDADE<\/strong><\/p>\n<p>EM HIP\u00d3TESE ALGUMA O aeroportosmokinglounge.com SER\u00c1 RESPONS\u00c1VEL POR (I) QUAISQUER DANOS INCIDENTAIS, CONSEQUENCIAIS OU INDIRETOS (INCLUINDO, MAS N\u00c3O SE LIMITANDO A, DANOS POR PERDA DE LUCROS, INTERRUP\u00c7\u00c3O DE NEG\u00d3CIOS, PERDA DE PROGRAMAS OU INFORMA\u00c7\u00d5ES, E SEMELHANTES) DECORRENTES DO USO OU INCAPACIDADE DE USAR O SERVI\u00c7O, OU QUALQUER INFORMA\u00c7\u00c3O OU TRANSA\u00c7\u00d5ES FORNECIDAS NO SERVI\u00c7O, OU BAIXADAS DO SERVI\u00c7O, OU QUALQUER ATRASO DE TAIS INFORMA\u00c7\u00d5ES OU SERVI\u00c7O. MESMO QUE aeroportosmokinglounge.com OU SEUS REPRESENTANTES AUTORIZADOS TENHA SIDO AVISADOS DA POSSIBILIDADE DE TAIS DANOS, OU (II) QUALQUER RECLAMA\u00c7\u00c3O ATRIBU\u00cdVEL A ERROS, OMISS\u00d5ES OU OUTRAS IMPRECIS\u00d5ES NO SERVI\u00c7O E\/OU MATERIAIS OU INFORMA\u00c7\u00d5ES BAIXADAS ATRAV\u00c9S DO SERVI\u00c7O. COMO ALGUNS ESTADOS N\u00c3O PERMITEM A EXCLUS\u00c3O OU LIMITA\u00c7\u00c3O DE RESPONSABILIDADE POR DANOS CONSEQUENCIAIS OU INCIDENTAIS, A LIMITA\u00c7\u00c3O ACIMA PODE N\u00c3O SE APLICAR A VOC\u00ca. NESSES ESTADOS, a RESPONSABILIDADE do airportsmokinglounge.com EST\u00c1 LIMITADA AO M\u00c1XIMO PERMITIDO POR LEI.<\/p>\n<p>aeroportosmokinglounge.com n\u00e3o faz nenhuma representa\u00e7\u00e3o sobre qualquer outro site que voc\u00ea possa acessar atrav\u00e9s deste ou que possa ter um link para este Site. Ao acessar um site que n\u00e3o seja do airportsmokinglounge.com, entenda que ele \u00e9 independente do airportsmokinglounge.com e que o airportsmokinglounge.com n\u00e3o tem controle sobre o conte\u00fado desse site. Al\u00e9m disso, um link para um site aeroportosmokinglounge.com n\u00e3o significa que aeroportosmokinglounge.com endossa ou aceita qualquer responsabilidade pelo conte\u00fado ou uso de tal site.<\/p>\n<p><strong>3. Indeniza\u00e7\u00e3o.<\/strong><\/p>\n<p>Voc\u00ea concorda em indenizar, defender e isentar o airportsmokinglounge.com, seus executivos, diretores, funcion\u00e1rios, agentes, licenciantes, fornecedores e quaisquer terceiros fornecedores de informa\u00e7\u00f5es do Servi\u00e7o de e contra todas as perdas, despesas, danos e custos, incluindo advogados razo\u00e1veis. taxas, resultantes de qualquer viola\u00e7\u00e3o deste Contrato (incluindo conduta negligente ou il\u00edcita) por voc\u00ea ou qualquer outra pessoa que acesse o Servi\u00e7o.<\/p>\n<p><strong>4. Direitos de Terceiros.<\/strong><\/p>\n<p>As disposi\u00e7\u00f5es dos par\u00e1grafos 2 (Uso do Servi\u00e7o) e 3 (Indeniza\u00e7\u00e3o) s\u00e3o para o benef\u00edcio de airportsmokinglounge.com e seus executivos, diretores, funcion\u00e1rios, agentes, licenciadores, fornecedores e quaisquer terceiros provedores de informa\u00e7\u00f5es do Servi\u00e7o. Cada um desses indiv\u00edduos ou entidades ter\u00e1 o direito de fazer valer e fazer cumprir essas disposi\u00e7\u00f5es diretamente contra voc\u00ea, em seu pr\u00f3prio nome.<\/p>\n<p><strong>5.Prazo; Termina\u00e7\u00e3o.<\/strong><\/p>\n<p>Este Contrato pode ser rescindido por qualquer uma das partes sem aviso pr\u00e9vio, a qualquer momento e por qualquer motivo. As disposi\u00e7\u00f5es dos par\u00e1grafos 1 (Direitos Autorais, Licen\u00e7as e Envio de Ideias), 2 (Uso do Servi\u00e7o), 3 (Indeniza\u00e7\u00e3o), 4 (Direitos de Terceiros) e 6 (Diversos) sobreviver\u00e3o a qualquer rescis\u00e3o deste Contrato.<\/p>\n<p><strong>6.Diversos.<\/strong><\/p>\n<p>Este Contrato ser\u00e1 regido e interpretado de acordo com as leis da Bulg\u00e1ria aplic\u00e1veis aos acordos celebrados e a serem executados na Bulg\u00e1ria. Voc\u00ea concorda que qualquer a\u00e7\u00e3o ou processo legal entre aeroportosmokinglounge.com e voc\u00ea para qualquer finalidade relativa a este Contrato ou \u00e0s obriga\u00e7\u00f5es das partes aqui previstas ser\u00e1 instaurado exclusivamente em um tribunal federal ou estadual de jurisdi\u00e7\u00e3o competente situado na Bulg\u00e1ria. Qualquer causa de a\u00e7\u00e3o ou reclama\u00e7\u00e3o que voc\u00ea possa ter em rela\u00e7\u00e3o ao Servi\u00e7o dever\u00e1 ser iniciada dentro de um (1) ano ap\u00f3s o surgimento da reclama\u00e7\u00e3o ou causa de a\u00e7\u00e3o ou tal reclama\u00e7\u00e3o ou causa de a\u00e7\u00e3o ser\u00e1 barrada. A falha de aeroportosmokinglounge.com em insistir ou impor o cumprimento estrito de qualquer disposi\u00e7\u00e3o deste Contrato n\u00e3o deve ser interpretada como uma ren\u00fancia de qualquer disposi\u00e7\u00e3o ou direito. Nem o curso de conduta entre as partes nem a pr\u00e1tica comercial dever\u00e3o modificar qualquer disposi\u00e7\u00e3o deste Acordo. aeroportosmokinglounge.com pode ceder seus direitos e deveres sob este Contrato a qualquer parte, a qualquer momento, sem aviso pr\u00e9vio. Quaisquer direitos n\u00e3o concedidos expressamente aqui s\u00e3o reservados.<\/p>","protected":false},"excerpt":{"rendered":"<p>O site airportsmokinglounge.com (o \u201cSite\u201d) \u00e9 um servi\u00e7o de informa\u00e7\u00f5es on-line. \u201cairportsmokinglounge.com\u201d, sujeito \u00e0 sua conformidade com os termos e condi\u00e7\u00f5es estabelecidos abaixo. LEIA ESTE DOCUMENTO COM ATEN\u00c7\u00c3O ANTES DE ACESSAR OU USAR O SITE. AO ACESSAR OU USAR O SITE, VOC\u00ca CONCORDA EM ESTAR VINCULADO AOS TERMOS E CONDI\u00c7\u00d5ES ESTABELECIDOS\u2026&nbsp;<a href=\"https:\/\/airportsmokinglounge.com\/pt\/isencao-de-responsabilidade\/\" rel=\"bookmark\">Ler mais \u00bb<span class=\"screen-reader-text\">Isen\u00e7\u00e3o de responsabilidade<\/span><\/a><\/p>","protected":false},"author":1,"featured_media":0,"parent":0,"menu_order":0,"comment_status":"closed","ping_status":"closed","template":"","meta":{"neve_meta_sidebar":"","neve_meta_container":"","neve_meta_enable_content_width":"off","neve_meta_content_width":100,"neve_meta_title_alignment":"","neve_meta_author_avatar":"","neve_post_elements_order":"","neve_meta_disable_header":"","neve_meta_disable_footer":"","neve_meta_disable_title":"","neve_meta_reading_time":"","footnotes":""},"class_list":["post-55","page","type-page","status-publish","hentry"],"yoast_head":"<!-- This site is optimized with the Yoast SEO plugin v26.6 - https:\/\/yoast.com\/wordpress\/plugins\/seo\/ -->\n<title>Disclaimer - airportsmokinglounge.com<\/title>\n<meta name=\"robots\" content=\"noindex, follow\" \/>\n<meta property=\"og:locale\" content=\"pt_BR\" \/>\n<meta property=\"og:type\" content=\"article\" \/>\n<meta property=\"og:title\" content=\"Disclaimer - airportsmokinglounge.com\" \/>\n<meta property=\"og:description\" content=\"The airportsmokinglounge.com Web Site (the \u201cSite\u201d) is an online information service . \u201cairportsmokinglounge.com \u201c, subject to your compliance with the terms and conditions set forth below. PLEASE READ THIS DOCUMENT CAREFULLY BEFORE ACCESSING OR USING THE SITE. BY ACCESSING OR USING THE SITE, YOU AGREE TO BE BOUND BY THE TERMS AND CONDITIONS SET FORTH&hellip;&nbsp;Read More &raquo;Disclaimer\" \/>\n<meta property=\"og:url\" content=\"https:\/\/airportsmokinglounge.com\/pt\/isencao-de-responsabilidade\/\" \/>\n<meta property=\"og:site_name\" content=\"airportsmokinglounge.com\" \/>\n<meta property=\"article:modified_time\" content=\"2023-02-15T15:08:03+00:00\" \/>\n<meta name=\"twitter:card\" content=\"summary_large_image\" \/>\n<meta name=\"twitter:label1\" content=\"Est. tempo de leitura\" \/>\n\t<meta name=\"twitter:data1\" content=\"6 minutos\" \/>\n<script type=\"application\/ld+json\" class=\"yoast-schema-graph\">{\"@context\":\"https:\/\/schema.org\",\"@graph\":[{\"@type\":\"WebPage\",\"@id\":\"https:\/\/airportsmokinglounge.com\/disclaimer\/\",\"url\":\"https:\/\/airportsmokinglounge.com\/disclaimer\/\",\"name\":\"Disclaimer - airportsmokinglounge.com\",\"isPartOf\":{\"@id\":\"https:\/\/airportsmokinglounge.com\/#website\"},\"datePublished\":\"2023-02-15T15:05:13+00:00\",\"dateModified\":\"2023-02-15T15:08:03+00:00\",\"breadcrumb\":{\"@id\":\"https:\/\/airportsmokinglounge.com\/disclaimer\/#breadcrumb\"},\"inLanguage\":\"pt-BR\",\"potentialAction\":[{\"@type\":\"ReadAction\",\"target\":[\"https:\/\/airportsmokinglounge.com\/disclaimer\/\"]}]},{\"@type\":\"BreadcrumbList\",\"@id\":\"https:\/\/airportsmokinglounge.com\/disclaimer\/#breadcrumb\",\"itemListElement\":[{\"@type\":\"ListItem\",\"position\":1,\"name\":\"Home\",\"item\":\"https:\/\/airportsmokinglounge.com\/\"},{\"@type\":\"ListItem\",\"position\":2,\"name\":\"Disclaimer\"}]},{\"@type\":\"WebSite\",\"@id\":\"https:\/\/airportsmokinglounge.com\/#website\",\"url\":\"https:\/\/airportsmokinglounge.com\/\",\"name\":\"airportsmokinglounge.com\",\"description\":\"\",\"potentialAction\":[{\"@type\":\"SearchAction\",\"target\":{\"@type\":\"EntryPoint\",\"urlTemplate\":\"https:\/\/airportsmokinglounge.com\/?s={search_term_string}\"},\"query-input\":{\"@type\":\"PropertyValueSpecification\",\"valueRequired\":true,\"valueName\":\"search_term_string\"}}],\"inLanguage\":\"pt-BR\"}]}<\/script>\n<!-- \/ Yoast SEO plugin. -->","yoast_head_json":{"title":"Isen\u00e7\u00e3o de responsabilidade - aeroportosmokinglounge.com","robots":{"index":"noindex","follow":"follow"},"og_locale":"pt_BR","og_type":"article","og_title":"Disclaimer - airportsmokinglounge.com","og_description":"The airportsmokinglounge.com Web Site (the \u201cSite\u201d) is an online information service . \u201cairportsmokinglounge.com \u201c, subject to your compliance with the terms and conditions set forth below. PLEASE READ THIS DOCUMENT CAREFULLY BEFORE ACCESSING OR USING THE SITE. BY ACCESSING OR USING THE SITE, YOU AGREE TO BE BOUND BY THE TERMS AND CONDITIONS SET FORTH&hellip;&nbsp;Read More &raquo;Disclaimer","og_url":"https:\/\/airportsmokinglounge.com\/pt\/isencao-de-responsabilidade\/","og_site_name":"airportsmokinglounge.com","article_modified_time":"2023-02-15T15:08:03+00:00","twitter_card":"summary_large_image","twitter_misc":{"Est. tempo de leitura":"6 minutos"},"schema":{"@context":"https:\/\/schema.org","@graph":[{"@type":"WebPage","@id":"https:\/\/airportsmokinglounge.com\/disclaimer\/","url":"https:\/\/airportsmokinglounge.com\/disclaimer\/","name":"Isen\u00e7\u00e3o de responsabilidade - aeroportosmokinglounge.com","isPartOf":{"@id":"https:\/\/airportsmokinglounge.com\/#website"},"datePublished":"2023-02-15T15:05:13+00:00","dateModified":"2023-02-15T15:08:03+00:00","breadcrumb":{"@id":"https:\/\/airportsmokinglounge.com\/disclaimer\/#breadcrumb"},"inLanguage":"pt-BR","potentialAction":[{"@type":"ReadAction","target":["https:\/\/airportsmokinglounge.com\/disclaimer\/"]}]},{"@type":"BreadcrumbList","@id":"https:\/\/airportsmokinglounge.com\/disclaimer\/#breadcrumb","itemListElement":[{"@type":"ListItem","position":1,"name":"Home","item":"https:\/\/airportsmokinglounge.com\/"},{"@type":"ListItem","position":2,"name":"Disclaimer"}]},{"@type":"WebSite","@id":"https:\/\/airportsmokinglounge.com\/#website","url":"https:\/\/airportsmokinglounge.com\/","name":"www.airport Smokinglounge.com","description":"","potentialAction":[{"@type":"SearchAction","target":{"@type":"EntryPoint","urlTemplate":"https:\/\/airportsmokinglounge.com\/?s={search_term_string}"},"query-input":{"@type":"PropertyValueSpecification","valueRequired":true,"valueName":"search_term_string"}}],"inLanguage":"pt-BR"}]}},"_links":{"self":[{"href":"https:\/\/airportsmokinglounge.com\/pt\/wp-json\/wp\/v2\/pages\/55","targetHints":{"allow":["GET"]}}],"collection":[{"href":"https:\/\/airportsmokinglounge.com\/pt\/wp-json\/wp\/v2\/pages"}],"about":[{"href":"https:\/\/airportsmokinglounge.com\/pt\/wp-json\/wp\/v2\/types\/page"}],"author":[{"embeddable":true,"href":"https:\/\/airportsmokinglounge.com\/pt\/wp-json\/wp\/v2\/users\/1"}],"replies":[{"embeddable":true,"href":"https:\/\/airportsmokinglounge.com\/pt\/wp-json\/wp\/v2\/comments?post=55"}],"version-history":[{"count":2,"href":"https:\/\/airportsmokinglounge.com\/pt\/wp-json\/wp\/v2\/pages\/55\/revisions"}],"predecessor-version":[{"id":57,"href":"https:\/\/airportsmokinglounge.com\/pt\/wp-json\/wp\/v2\/pages\/55\/revisions\/57"}],"wp:attachment":[{"href":"https:\/\/airportsmokinglounge.com\/pt\/wp-json\/wp\/v2\/media?parent=55"}],"curies":[{"name":"wp","href":"https:\/\/api.w.org\/{rel}","templated":true}]}}