{"id":5637,"date":"2023-05-21T21:47:44","date_gmt":"2023-05-21T19:47:44","guid":{"rendered":"https:\/\/airportsmokinglounge.com\/?page_id=5637"},"modified":"2023-05-21T21:47:44","modified_gmt":"2023-05-21T19:47:44","slug":"smoking-areas-at-san-diego-international-airport-san","status":"publish","type":"page","link":"https:\/\/airportsmokinglounge.com\/pt\/areas-para-fumantes-no-aeroporto-san-diego-internacional-san\/","title":{"rendered":"\u00c1reas para fumantes no AEROPORTO INTERNACIONAL DE SAN DIEGO (SAN)"},"content":{"rendered":"<p>O Aeroporto Internacional de San Diego (SAN) \u00e9 um importante aeroporto localizado em San Diego, Calif\u00f3rnia, Estados Unidos. Ele serve como a principal porta de entrada para a cidade e a regi\u00e3o circundante do sul da Calif\u00f3rnia.<\/p>\n<p>O Aeroporto Internacional de San Diego \u00e9 conhecido por sua localiza\u00e7\u00e3o deslumbrante \u00e0 beira-mar e instala\u00e7\u00f5es modernas. O aeroporto possui um complexo de terminal \u00fanico que abriga voos dom\u00e9sticos e internacionais. O terminal oferece uma variedade de comodidades e servi\u00e7os, incluindo balc\u00f5es de check-in, postos de controle de seguran\u00e7a, lounges, restaurantes, lojas de varejo e locadoras de ve\u00edculos.<\/p>\n<h2>\u00c1reas para fumantes antes da verifica\u00e7\u00e3o de seguran\u00e7a<\/h2>\n<ul>\n<li><span style=\"font-size: 14pt;\">S\u00f3 \u00e9 permitido fumar fora do terminal<\/span><\/li>\n<\/ul>\n<h2>\u00c1reas para fumantes ap\u00f3s verifica\u00e7\u00e3o de seguran\u00e7a<\/h2>\n<ul>\n<li>Atualmente, n\u00e3o h\u00e1 informa\u00e7\u00f5es dispon\u00edveis sobre \u00e1reas para fumantes dentro do aeroporto.<\/li>\n<\/ul>\n<p><strong><span style=\"font-size: 14pt;\">Envie-nos coment\u00e1rios<\/span><\/strong><\/p>\n<p><span style=\"font-size: 14pt;\">Se voc\u00ea estiver no aeroporto de Daytona Beach, sinta-se \u00e0 vontade para nos enviar fotos das \u00e1reas para fumantes. Isso nos ajudar\u00e1 a preencher nosso banco de dados mais rapidamente. Voc\u00ea consegue fazer isso <strong><a href=\"https:\/\/airportsmokinglounge.com\/pt\/contato\/\">Aqui<\/a>.<\/strong> As imagens s\u00e3o publicadas em nosso site, indicando a fonte da imagem (nome). Sinta-se \u00e0 vontade para compartilhar essas fotos conosco e com todos os visitantes do Airport Smokinglounge.com<\/span>.<\/p>\n<h2>Lei do Fumo nos Estados Unidos da Am\u00e9rica<\/h2>\n<p>Os Estados Unidos implementaram regulamenta\u00e7\u00f5es antitabagismo nos n\u00edveis federal e estadual para proteger a sa\u00fade p\u00fablica e reduzir o uso de tabaco. No entanto, observe que as leis e regulamentos para fumar podem variar entre diferentes estados e jurisdi\u00e7\u00f5es locais nos Estados Unidos, portanto, \u00e9 aconselh\u00e1vel consultar as leis espec\u00edficas do estado ou localidade em que voc\u00ea est\u00e1 interessado para obter as informa\u00e7\u00f5es mais atualizadas.<\/p>\n<p>No n\u00edvel federal, fumar \u00e9 geralmente proibido em certos locais p\u00fablicos internos de acordo com os regulamentos do Departamento de Sa\u00fade e Servi\u00e7os Humanos dos EUA. Isso inclui pr\u00e9dios do governo, instala\u00e7\u00f5es de sa\u00fade, institui\u00e7\u00f5es educacionais que recebem financiamento federal e transporte p\u00fablico sob jurisdi\u00e7\u00e3o federal. Al\u00e9m disso, a lei federal pro\u00edbe fumar em voos comerciais e em certos ve\u00edculos do governo federal.<\/p>\n<p>No entanto, os regulamentos para fumar podem variar significativamente entre os estados e localidades nos Estados Unidos. Muitos estados promulgaram suas pr\u00f3prias leis e regulamentos sobre fumar em locais p\u00fablicos, locais de trabalho, restaurantes, bares e outros locais. Alguns estados implementaram leis antifumo abrangentes que pro\u00edbem fumar em locais p\u00fablicos fechados, enquanto outros podem ter restri\u00e7\u00f5es mais limitadas ou permitir \u00e1reas designadas para fumantes em determinados estabelecimentos.<\/p>\n<p>A idade m\u00ednima legal para compra e posse de produtos de tabaco tamb\u00e9m varia de acordo com o estado, com a maioria dos estados estabelecendo-a em 18 anos, enquanto alguns a elevaram para 21 anos de acordo com a legisla\u00e7\u00e3o federal conhecida como lei do tabaco 21.<\/p>\n<p>A aplica\u00e7\u00e3o das leis antifumo \u00e9 geralmente supervisionada pelas autoridades estaduais ou locais relevantes, e as viola\u00e7\u00f5es podem resultar em multas ou outras penalidades espec\u00edficas da jurisdi\u00e7\u00e3o.<\/p>\n<p>Para obter informa\u00e7\u00f5es mais precisas e atualizadas sobre as leis antifumo nos Estados Unidos, \u00e9 recomend\u00e1vel consultar as leis do estado ou localidade espec\u00edfica em que voc\u00ea est\u00e1 interessado ou entrar em contato com as autoridades locais ou organiza\u00e7\u00f5es de sa\u00fade.<\/p>\n<h3>perguntas frequentes<\/h3>\n<h4>As \u00e1reas para fumantes do aeroporto est\u00e3o dispon\u00edveis 24 horas por dia, 7 dias por semana?<\/h4>\n<p>A disponibilidade de \u00e1reas para fumantes no aeroporto pode variar dependendo do aeroporto e da localiza\u00e7\u00e3o. Algumas \u00e1reas para fumantes funcionam 24 horas por dia, enquanto outras podem ter hor\u00e1rios restritos ou fechar em determinados hor\u00e1rios. \u00c9 melhor verificar com o aeroporto ou visitar seu site para obter informa\u00e7\u00f5es espec\u00edficas sobre o hor\u00e1rio de funcionamento da \u00e1rea para fumantes.<\/p>\n<h4>\u00c9 permitido trazer minha pr\u00f3pria comida e bebida para a \u00e1rea de fumantes?<\/h4>\n<p>Isso pode depender da \u00e1rea espec\u00edfica para fumantes e do aeroporto. Algumas \u00e1reas para fumantes podem permitir alimentos e bebidas de fora, enquanto outras podem ter restri\u00e7\u00f5es ou proibi-las completamente. \u00c9 melhor verificar com o aeroporto ou a sinaliza\u00e7\u00e3o da \u00e1rea para fumantes as regras e regulamentos espec\u00edficos.<\/p>\n<h4>\u00c9 permitido fumar em todas as \u00e1reas para fumantes do aeroporto?<\/h4>\n<p>Nem todas as \u00e1reas para fumantes do aeroporto permitem fumar. Alguns aeroportos podem ter \u00e1reas designadas para cigarros eletr\u00f4nicos ou vaping, separadas das \u00e1reas tradicionais para fumantes. Certifique-se de verificar as regras e regulamentos espec\u00edficos da \u00e1rea para fumantes que planeja usar.<\/p>\n<h4>As \u00e1reas para fumantes s\u00e3o climatizadas ou aquecidas?<\/h4>\n<p>A temperatura e a ventila\u00e7\u00e3o das \u00e1reas para fumantes do aeroporto podem variar muito. Alguns podem ser climatizados ou aquecidos, enquanto outros podem ser espa\u00e7os ao ar livre com prote\u00e7\u00e3o limitada contra os elementos. Certifique-se de verificar com o aeroporto ou visitar a \u00e1rea de fumantes com anteced\u00eancia para determinar as condi\u00e7\u00f5es e se preparar adequadamente.<\/p>\n<h4>As \u00e1reas para fumantes s\u00e3o acess\u00edveis a viajantes com defici\u00eancia?<\/h4>\n<p>Muitos aeroportos fizeram esfor\u00e7os para tornar suas \u00e1reas para fumantes acess\u00edveis a viajantes com defici\u00eancia. No entanto, a acessibilidade de \u00e1reas espec\u00edficas para fumantes pode variar muito. Certifique-se de verificar com o aeroporto ou visitar a \u00e1rea de fumantes com anteced\u00eancia para determinar se ela \u00e9 acess\u00edvel e se atende \u00e0s suas necessidades.<\/p>\n<p><span style=\"font-size: 14pt;\"><strong>Mais aeroportos nos Estados Unidos:<\/strong> <\/span><\/p>\n<ul>\n<li><a href=\"https:\/\/airportsmokinglounge.com\/pt\/areas-para-fumantes-nos-aeroportos-dos-estados-unidos\/\"><span style=\"font-size: 14pt;\">Aeroportos nos Estados Unidos<\/span><\/a><\/li>\n<\/ul>\n<p><span style=\"font-size: 14pt;\"><strong>\u00c1reas para fumantes na Am\u00e9rica do Norte:<\/strong><\/span><\/p>\n<ul>\n<li><a href=\"https:\/\/airportsmokinglounge.com\/pt\/fumar-nos-aeroportos-da-america-do-norte\/\"><span style=\"font-size: 14pt;\">aeroportos da Am\u00e9rica do Norte<\/span><\/a><\/li>\n<\/ul>","protected":false},"excerpt":{"rendered":"<p>O Aeroporto Internacional de San Diego (SAN) \u00e9 um importante aeroporto localizado em San Diego, Calif\u00f3rnia, Estados Unidos. Ele serve como a principal porta de entrada para a cidade e a regi\u00e3o do sul da Calif\u00f3rnia. O Aeroporto Internacional de San Diego \u00e9 conhecido por sua deslumbrante localiza\u00e7\u00e3o \u00e0 beira-mar e instala\u00e7\u00f5es modernas. O aeroporto possui um complexo de terminais \u00fanico que abriga voos dom\u00e9sticos\u2026&nbsp;<a href=\"https:\/\/airportsmokinglounge.com\/pt\/areas-para-fumantes-no-aeroporto-san-diego-internacional-san\/\" rel=\"bookmark\">Ler mais \u00bb<span class=\"screen-reader-text\">\u00c1reas para fumantes no AEROPORTO INTERNACIONAL DE SAN DIEGO (SAN)<\/span><\/a><\/p>","protected":false},"author":1,"featured_media":1199,"parent":0,"menu_order":0,"comment_status":"closed","ping_status":"closed","template":"","meta":{"neve_meta_sidebar":"","neve_meta_container":"","neve_meta_enable_content_width":"off","neve_meta_content_width":100,"neve_meta_title_alignment":"","neve_meta_author_avatar":"","neve_post_elements_order":"","neve_meta_disable_header":"","neve_meta_disable_footer":"","neve_meta_disable_title":"","neve_meta_reading_time":"","footnotes":""},"class_list":["post-5637","page","type-page","status-publish","has-post-thumbnail","hentry"],"yoast_head":"<!-- This site is optimized with the Yoast SEO plugin v26.6 - https:\/\/yoast.com\/wordpress\/plugins\/seo\/ -->\n<title>Smoking areas at SAN DIEGO INTERNATIONAL AIRPORT (SAN)<\/title>\n<meta name=\"description\" content=\"Smoking Areas at SAN DIEGO INTERNATIONAL AIRPORT (SAN) - Your Ultimate Guide to Finding a Place to Smoke \u2714\ufe0e\" \/>\n<meta name=\"robots\" content=\"index, follow, max-snippet:-1, max-image-preview:large, max-video-preview:-1\" \/>\n<link rel=\"canonical\" href=\"https:\/\/airportsmokinglounge.com\/pt\/areas-para-fumantes-no-aeroporto-san-diego-internacional-san\/\" \/>\n<meta property=\"og:locale\" content=\"pt_BR\" \/>\n<meta property=\"og:type\" content=\"article\" \/>\n<meta property=\"og:title\" content=\"Smoking areas at SAN DIEGO INTERNATIONAL AIRPORT (SAN)\" \/>\n<meta property=\"og:description\" content=\"Smoking Areas at SAN DIEGO INTERNATIONAL AIRPORT (SAN) - Your Ultimate Guide to Finding a Place to Smoke \u2714\ufe0e\" \/>\n<meta property=\"og:url\" content=\"https:\/\/airportsmokinglounge.com\/pt\/areas-para-fumantes-no-aeroporto-san-diego-internacional-san\/\" \/>\n<meta property=\"og:site_name\" content=\"airportsmokinglounge.com\" \/>\n<meta property=\"og:image\" content=\"https:\/\/airportsmokinglounge.com\/wp-content\/uploads\/2023\/03\/airport-smoking-lounge-4.jpg\" \/>\n\t<meta property=\"og:image:width\" content=\"2048\" \/>\n\t<meta property=\"og:image:height\" content=\"1152\" \/>\n\t<meta property=\"og:image:type\" content=\"image\/jpeg\" \/>\n<meta name=\"twitter:card\" content=\"summary_large_image\" \/>\n<meta name=\"twitter:label1\" content=\"Est. tempo de leitura\" \/>\n\t<meta name=\"twitter:data1\" content=\"4 minutos\" \/>\n<script type=\"application\/ld+json\" class=\"yoast-schema-graph\">{\"@context\":\"https:\/\/schema.org\",\"@graph\":[{\"@type\":\"WebPage\",\"@id\":\"https:\/\/airportsmokinglounge.com\/smoking-areas-at-san-diego-international-airport-san\/\",\"url\":\"https:\/\/airportsmokinglounge.com\/smoking-areas-at-san-diego-international-airport-san\/\",\"name\":\"Smoking areas at SAN DIEGO INTERNATIONAL AIRPORT (SAN)\",\"isPartOf\":{\"@id\":\"https:\/\/airportsmokinglounge.com\/#website\"},\"primaryImageOfPage\":{\"@id\":\"https:\/\/airportsmokinglounge.com\/smoking-areas-at-san-diego-international-airport-san\/#primaryimage\"},\"image\":{\"@id\":\"https:\/\/airportsmokinglounge.com\/smoking-areas-at-san-diego-international-airport-san\/#primaryimage\"},\"thumbnailUrl\":\"https:\/\/airportsmokinglounge.com\/wp-content\/uploads\/2023\/03\/airport-smoking-lounge-4.jpg\",\"datePublished\":\"2023-05-21T19:47:44+00:00\",\"description\":\"Smoking Areas at SAN DIEGO INTERNATIONAL AIRPORT (SAN) - Your Ultimate Guide to Finding a Place to Smoke \u2714\ufe0e\",\"breadcrumb\":{\"@id\":\"https:\/\/airportsmokinglounge.com\/smoking-areas-at-san-diego-international-airport-san\/#breadcrumb\"},\"inLanguage\":\"pt-BR\",\"potentialAction\":[{\"@type\":\"ReadAction\",\"target\":[\"https:\/\/airportsmokinglounge.com\/smoking-areas-at-san-diego-international-airport-san\/\"]}]},{\"@type\":\"ImageObject\",\"inLanguage\":\"pt-BR\",\"@id\":\"https:\/\/airportsmokinglounge.com\/smoking-areas-at-san-diego-international-airport-san\/#primaryimage\",\"url\":\"https:\/\/airportsmokinglounge.com\/wp-content\/uploads\/2023\/03\/airport-smoking-lounge-4.jpg\",\"contentUrl\":\"https:\/\/airportsmokinglounge.com\/wp-content\/uploads\/2023\/03\/airport-smoking-lounge-4.jpg\",\"width\":2048,\"height\":1152,\"caption\":\"Airport Smoking\"},{\"@type\":\"BreadcrumbList\",\"@id\":\"https:\/\/airportsmokinglounge.com\/smoking-areas-at-san-diego-international-airport-san\/#breadcrumb\",\"itemListElement\":[{\"@type\":\"ListItem\",\"position\":1,\"name\":\"Home\",\"item\":\"https:\/\/airportsmokinglounge.com\/\"},{\"@type\":\"ListItem\",\"position\":2,\"name\":\"Smoking areas at SAN DIEGO INTERNATIONAL AIRPORT (SAN)\"}]},{\"@type\":\"WebSite\",\"@id\":\"https:\/\/airportsmokinglounge.com\/#website\",\"url\":\"https:\/\/airportsmokinglounge.com\/\",\"name\":\"airportsmokinglounge.com\",\"description\":\"\",\"potentialAction\":[{\"@type\":\"SearchAction\",\"target\":{\"@type\":\"EntryPoint\",\"urlTemplate\":\"https:\/\/airportsmokinglounge.com\/?s={search_term_string}\"},\"query-input\":{\"@type\":\"PropertyValueSpecification\",\"valueRequired\":true,\"valueName\":\"search_term_string\"}}],\"inLanguage\":\"pt-BR\"}]}<\/script>\n<!-- \/ Yoast SEO plugin. -->","yoast_head_json":{"title":"\u00c1reas para fumantes no AEROPORTO INTERNACIONAL DE SAN DIEGO (SAN)","description":"\u00c1reas para fumantes no AEROPORTO INTERNACIONAL DE SAN DIEGO (SAN) - Seu melhor guia para encontrar um lugar para fumar \u2714\ufe0e","robots":{"index":"index","follow":"follow","max-snippet":"max-snippet:-1","max-image-preview":"max-image-preview:large","max-video-preview":"max-video-preview:-1"},"canonical":"https:\/\/airportsmokinglounge.com\/pt\/areas-para-fumantes-no-aeroporto-san-diego-internacional-san\/","og_locale":"pt_BR","og_type":"article","og_title":"Smoking areas at SAN DIEGO INTERNATIONAL AIRPORT (SAN)","og_description":"Smoking Areas at SAN DIEGO INTERNATIONAL AIRPORT (SAN) - Your Ultimate Guide to Finding a Place to Smoke \u2714\ufe0e","og_url":"https:\/\/airportsmokinglounge.com\/pt\/areas-para-fumantes-no-aeroporto-san-diego-internacional-san\/","og_site_name":"airportsmokinglounge.com","og_image":[{"width":2048,"height":1152,"url":"https:\/\/airportsmokinglounge.com\/wp-content\/uploads\/2023\/03\/airport-smoking-lounge-4.jpg","type":"image\/jpeg"}],"twitter_card":"summary_large_image","twitter_misc":{"Est. tempo de leitura":"4 minutos"},"schema":{"@context":"https:\/\/schema.org","@graph":[{"@type":"WebPage","@id":"https:\/\/airportsmokinglounge.com\/smoking-areas-at-san-diego-international-airport-san\/","url":"https:\/\/airportsmokinglounge.com\/smoking-areas-at-san-diego-international-airport-san\/","name":"\u00c1reas para fumantes no AEROPORTO INTERNACIONAL DE SAN DIEGO (SAN)","isPartOf":{"@id":"https:\/\/airportsmokinglounge.com\/#website"},"primaryImageOfPage":{"@id":"https:\/\/airportsmokinglounge.com\/smoking-areas-at-san-diego-international-airport-san\/#primaryimage"},"image":{"@id":"https:\/\/airportsmokinglounge.com\/smoking-areas-at-san-diego-international-airport-san\/#primaryimage"},"thumbnailUrl":"https:\/\/airportsmokinglounge.com\/wp-content\/uploads\/2023\/03\/airport-smoking-lounge-4.jpg","datePublished":"2023-05-21T19:47:44+00:00","description":"\u00c1reas para fumantes no AEROPORTO INTERNACIONAL DE SAN DIEGO (SAN) - Seu melhor guia para encontrar um lugar para fumar \u2714\ufe0e","breadcrumb":{"@id":"https:\/\/airportsmokinglounge.com\/smoking-areas-at-san-diego-international-airport-san\/#breadcrumb"},"inLanguage":"pt-BR","potentialAction":[{"@type":"ReadAction","target":["https:\/\/airportsmokinglounge.com\/smoking-areas-at-san-diego-international-airport-san\/"]}]},{"@type":"ImageObject","inLanguage":"pt-BR","@id":"https:\/\/airportsmokinglounge.com\/smoking-areas-at-san-diego-international-airport-san\/#primaryimage","url":"https:\/\/airportsmokinglounge.com\/wp-content\/uploads\/2023\/03\/airport-smoking-lounge-4.jpg","contentUrl":"https:\/\/airportsmokinglounge.com\/wp-content\/uploads\/2023\/03\/airport-smoking-lounge-4.jpg","width":2048,"height":1152,"caption":"Airport Smoking"},{"@type":"BreadcrumbList","@id":"https:\/\/airportsmokinglounge.com\/smoking-areas-at-san-diego-international-airport-san\/#breadcrumb","itemListElement":[{"@type":"ListItem","position":1,"name":"Home","item":"https:\/\/airportsmokinglounge.com\/"},{"@type":"ListItem","position":2,"name":"Smoking areas at SAN DIEGO INTERNATIONAL AIRPORT (SAN)"}]},{"@type":"WebSite","@id":"https:\/\/airportsmokinglounge.com\/#website","url":"https:\/\/airportsmokinglounge.com\/","name":"www.airport Smokinglounge.com","description":"","potentialAction":[{"@type":"SearchAction","target":{"@type":"EntryPoint","urlTemplate":"https:\/\/airportsmokinglounge.com\/?s={search_term_string}"},"query-input":{"@type":"PropertyValueSpecification","valueRequired":true,"valueName":"search_term_string"}}],"inLanguage":"pt-BR"}]}},"_links":{"self":[{"href":"https:\/\/airportsmokinglounge.com\/pt\/wp-json\/wp\/v2\/pages\/5637","targetHints":{"allow":["GET"]}}],"collection":[{"href":"https:\/\/airportsmokinglounge.com\/pt\/wp-json\/wp\/v2\/pages"}],"about":[{"href":"https:\/\/airportsmokinglounge.com\/pt\/wp-json\/wp\/v2\/types\/page"}],"author":[{"embeddable":true,"href":"https:\/\/airportsmokinglounge.com\/pt\/wp-json\/wp\/v2\/users\/1"}],"replies":[{"embeddable":true,"href":"https:\/\/airportsmokinglounge.com\/pt\/wp-json\/wp\/v2\/comments?post=5637"}],"version-history":[{"count":1,"href":"https:\/\/airportsmokinglounge.com\/pt\/wp-json\/wp\/v2\/pages\/5637\/revisions"}],"predecessor-version":[{"id":5638,"href":"https:\/\/airportsmokinglounge.com\/pt\/wp-json\/wp\/v2\/pages\/5637\/revisions\/5638"}],"wp:featuredmedia":[{"embeddable":true,"href":"https:\/\/airportsmokinglounge.com\/pt\/wp-json\/wp\/v2\/media\/1199"}],"wp:attachment":[{"href":"https:\/\/airportsmokinglounge.com\/pt\/wp-json\/wp\/v2\/media?parent=5637"}],"curies":[{"name":"wp","href":"https:\/\/api.w.org\/{rel}","templated":true}]}}