{"id":566,"date":"2023-03-15T19:44:39","date_gmt":"2023-03-15T18:44:39","guid":{"rendered":"https:\/\/airportsmokinglounge.com\/?page_id=566"},"modified":"2023-05-13T14:29:12","modified_gmt":"2023-05-13T12:29:12","slug":"smoking-areas-at-london-heathrow-airport-lhr","status":"publish","type":"page","link":"https:\/\/airportsmokinglounge.com\/pt\/areas-para-fumantes-no-aeroporto-de-londres-heathrow-lhr\/","title":{"rendered":"\u00c1reas para fumantes no Aeroporto London Heathrow (LHR)"},"content":{"rendered":"<p>O Aeroporto Heathrow de Londres \u00e9 um dos maiores e mais movimentados aeroportos do mundo, localizado no bairro londrino de Hillingdon, a oeste do centro de Londres. Serve como um importante centro de viagens internacionais e \u00e9 o principal aeroporto de Londres.<\/p>\n<p>Os passageiros que viajam pelo Aeroporto de Heathrow est\u00e3o sujeitos a medidas de seguran\u00e7a, incluindo triagem e restri\u00e7\u00f5es de bagagem de m\u00e3o. Existem tamb\u00e9m \u00e1reas designadas para fumantes dentro do aeroporto, claramente marcadas e localizadas fora dos edif\u00edcios do terminal.<\/p>\n<h2>\u00c1reas para fumantes antes da verifica\u00e7\u00e3o de seguran\u00e7a<\/h2>\n<ul>\n<li><span style=\"font-size: 14pt;\">S\u00f3 \u00e9 permitido fumar fora do terminal nas \u00e1reas designadas.<\/span><\/li>\n<\/ul>\n<h2>\u00c1reas para fumantes ap\u00f3s verifica\u00e7\u00e3o de seguran\u00e7a<\/h2>\n<ul>\n<li><span style=\"font-size: 14pt;\">A \u00e1rea de fumadores junto ao Port\u00e3o A1 est\u00e1 aberta.<\/span><\/li>\n<\/ul>\n<p><span style=\"font-size: 12pt;\">Mais informa\u00e7\u00f5es no site oficial<\/span><\/p>\n<ul>\n<li><span style=\"font-size: 12pt;\"><a href=\"https:\/\/www.heathrow.com\/\" target=\"_blank\" rel=\"noopener\">heathrow. com<\/a><\/span><\/li>\n<\/ul>\n<p><span style=\"font-size: 12pt;\"><strong>Envie-nos coment\u00e1rios<\/strong><\/span><\/p>\n<p><span style=\"font-size: 12pt;\">Se voc\u00ea estiver no aeroporto, sinta-se \u00e0 vontade para nos enviar fotos das \u00e1reas para fumantes. Isso nos ajudar\u00e1 a preencher nosso banco de dados mais rapidamente. Voc\u00ea consegue fazer isso <strong><a href=\"https:\/\/airportsmokinglounge.com\/pt\/contato\/\">Aqui<\/a>.<\/strong> As imagens s\u00e3o publicadas em nosso site, indicando a fonte da imagem (nome). Sinta-se \u00e0 vontade para compartilhar essas fotos conosco e com todos os visitantes do Airport Smokinglounge.com.<\/span><\/p>\n<h2>Lei do Fumo no Reino Unido<\/h2>\n<p>A lei sobre fumo no Reino Unido \u00e9 regida pela Lei de Sa\u00fade de 2006, que pro\u00edbe fumar em locais p\u00fablicos e locais de trabalho fechados, incluindo transportes p\u00fablicos, restaurantes, bares e escrit\u00f3rios. Tamb\u00e9m \u00e9 proibido fumar em certas \u00e1reas ao ar livre, como \u00e1reas escolares, parques infantis e \u00e1reas hospitalares.<\/p>\n<p>Al\u00e9m disso, fumar no carro com menores de 18 anos \u00e9 ilegal e pode resultar em multa para o motorista. A lei tamb\u00e9m pro\u00edbe o uso de cigarros eletr\u00f3nicos em espa\u00e7os p\u00fablicos fechados, incluindo nos transportes p\u00fablicos, e em determinadas \u00e1reas exteriores. \u00c9 ilegal vender produtos de tabaco a menores de 18 anos.<\/p>\n<h3>perguntas frequentes<\/h3>\n<h4>As \u00e1reas para fumantes do aeroporto est\u00e3o dispon\u00edveis 24 horas por dia, 7 dias por semana?<\/h4>\n<p>A disponibilidade de \u00e1reas para fumantes no aeroporto pode variar dependendo do aeroporto e da localiza\u00e7\u00e3o. Algumas \u00e1reas para fumantes funcionam 24 horas por dia, enquanto outras podem ter hor\u00e1rios restritos ou fechar em determinados hor\u00e1rios. \u00c9 melhor verificar com o aeroporto ou visitar seu site para obter informa\u00e7\u00f5es espec\u00edficas sobre o hor\u00e1rio de funcionamento da \u00e1rea para fumantes.<\/p>\n<h4>\u00c9 permitido trazer minha pr\u00f3pria comida e bebida para a \u00e1rea de fumantes?<\/h4>\n<p>Isso pode depender da \u00e1rea espec\u00edfica para fumantes e do aeroporto. Algumas \u00e1reas para fumantes podem permitir alimentos e bebidas de fora, enquanto outras podem ter restri\u00e7\u00f5es ou proibi-las completamente. \u00c9 melhor verificar com o aeroporto ou a sinaliza\u00e7\u00e3o da \u00e1rea para fumantes as regras e regulamentos espec\u00edficos.<\/p>\n<h4>\u00c9 permitido fumar em todas as \u00e1reas para fumantes do aeroporto?<\/h4>\n<p>Nem todas as \u00e1reas para fumantes do aeroporto permitem fumar. Alguns aeroportos podem ter \u00e1reas designadas para cigarros eletr\u00f4nicos ou vaping, separadas das \u00e1reas tradicionais para fumantes. Certifique-se de verificar as regras e regulamentos espec\u00edficos da \u00e1rea para fumantes que planeja usar.<\/p>\n<h4>As \u00e1reas para fumantes s\u00e3o climatizadas ou aquecidas?<\/h4>\n<p>A temperatura e a ventila\u00e7\u00e3o das \u00e1reas para fumantes do aeroporto podem variar muito. Alguns podem ser climatizados ou aquecidos, enquanto outros podem ser espa\u00e7os ao ar livre com prote\u00e7\u00e3o limitada contra os elementos. Certifique-se de verificar com o aeroporto ou visitar a \u00e1rea de fumantes com anteced\u00eancia para determinar as condi\u00e7\u00f5es e se preparar adequadamente.<\/p>\n<h4>As \u00e1reas para fumantes s\u00e3o acess\u00edveis a viajantes com defici\u00eancia?<\/h4>\n<p>Muitos aeroportos fizeram esfor\u00e7os para tornar suas \u00e1reas para fumantes acess\u00edveis a viajantes com defici\u00eancia. No entanto, a acessibilidade de \u00e1reas espec\u00edficas para fumantes pode variar muito. Certifique-se de verificar com o aeroporto ou visitar a \u00e1rea de fumantes com anteced\u00eancia para determinar se ela \u00e9 acess\u00edvel e se atende \u00e0s suas necessidades.<\/p>\n<p><span style=\"font-size: 14pt;\"><strong>Mais aeroportos no Reino Unido \u2013 Inglaterra:<\/strong> <\/span><\/p>\n<ul>\n<li><a href=\"https:\/\/airportsmokinglounge.com\/pt\/areas-para-fumantes-nos-aeroportos-do-reino-unido-inglaterra\/\"><span style=\"font-size: 14pt;\">Aeroportos Reino Unido \u2013 Inglaterra<\/span><\/a><\/li>\n<\/ul>\n<p><span style=\"font-size: 14pt;\"><strong>Zonas de fumadores em:<\/strong><\/span><\/p>\n<ul>\n<li><span style=\"font-size: 14pt;\"><a href=\"https:\/\/airportsmokinglounge.com\/pt\/areas-para-fumantes-nos-aeroportos-europeus\/\">aeroportos europeus<\/a><\/span><\/li>\n<\/ul>","protected":false},"excerpt":{"rendered":"<p>London Heathrow Airport is one of the busiest and largest airports in the world, located in the London Borough of Hillingdon, west of central London. It serves as a major hub for international travel and is the primary airport for London. Passengers traveling through Heathrow Airport are subject to security measures, including screening and restrictions&hellip;&nbsp;<a href=\"https:\/\/airportsmokinglounge.com\/pt\/areas-para-fumantes-no-aeroporto-de-londres-heathrow-lhr\/\" rel=\"bookmark\">Ler mais \u00bb<span class=\"screen-reader-text\">\u00c1reas para fumantes no Aeroporto London Heathrow (LHR)<\/span><\/a><\/p>","protected":false},"author":1,"featured_media":1199,"parent":0,"menu_order":0,"comment_status":"closed","ping_status":"closed","template":"","meta":{"neve_meta_sidebar":"","neve_meta_container":"","neve_meta_enable_content_width":"off","neve_meta_content_width":100,"neve_meta_title_alignment":"","neve_meta_author_avatar":"","neve_post_elements_order":"","neve_meta_disable_header":"","neve_meta_disable_footer":"","neve_meta_disable_title":"","neve_meta_reading_time":"","footnotes":""},"class_list":["post-566","page","type-page","status-publish","has-post-thumbnail","hentry"],"yoast_head":"<!-- This site is optimized with the Yoast SEO plugin v26.6 - https:\/\/yoast.com\/wordpress\/plugins\/seo\/ -->\n<title>Smoking areas at London Heathrow Airport (LHR)<\/title>\n<meta name=\"description\" content=\"Smoking areas London Heathrow Airport - Find a smoking area in the airport \u2714\ufe0e Smoking Guide in Airports: Information for Travelers \u2714\ufe0e\" \/>\n<meta name=\"robots\" content=\"index, follow, max-snippet:-1, max-image-preview:large, max-video-preview:-1\" \/>\n<link rel=\"canonical\" href=\"https:\/\/airportsmokinglounge.com\/pt\/areas-para-fumantes-no-aeroporto-de-londres-heathrow-lhr\/\" \/>\n<meta property=\"og:locale\" content=\"pt_BR\" \/>\n<meta property=\"og:type\" content=\"article\" \/>\n<meta property=\"og:title\" content=\"Smoking areas at London Heathrow Airport (LHR)\" \/>\n<meta property=\"og:description\" content=\"Smoking areas London Heathrow Airport - Find a smoking area in the airport \u2714\ufe0e Smoking Guide in Airports: Information for Travelers \u2714\ufe0e\" \/>\n<meta property=\"og:url\" content=\"https:\/\/airportsmokinglounge.com\/pt\/areas-para-fumantes-no-aeroporto-de-londres-heathrow-lhr\/\" \/>\n<meta property=\"og:site_name\" content=\"airportsmokinglounge.com\" \/>\n<meta property=\"article:modified_time\" content=\"2023-05-13T12:29:12+00:00\" \/>\n<meta property=\"og:image\" content=\"https:\/\/airportsmokinglounge.com\/wp-content\/uploads\/2023\/03\/airport-smoking-lounge-4.jpg\" \/>\n\t<meta property=\"og:image:width\" content=\"2048\" \/>\n\t<meta property=\"og:image:height\" content=\"1152\" \/>\n\t<meta property=\"og:image:type\" content=\"image\/jpeg\" \/>\n<meta name=\"twitter:card\" content=\"summary_large_image\" \/>\n<meta name=\"twitter:label1\" content=\"Est. tempo de leitura\" \/>\n\t<meta name=\"twitter:data1\" content=\"3 minutos\" \/>\n<script type=\"application\/ld+json\" class=\"yoast-schema-graph\">{\"@context\":\"https:\/\/schema.org\",\"@graph\":[{\"@type\":\"WebPage\",\"@id\":\"https:\/\/airportsmokinglounge.com\/smoking-areas-at-london-heathrow-airport-lhr\/\",\"url\":\"https:\/\/airportsmokinglounge.com\/smoking-areas-at-london-heathrow-airport-lhr\/\",\"name\":\"Smoking areas at London Heathrow Airport (LHR)\",\"isPartOf\":{\"@id\":\"https:\/\/airportsmokinglounge.com\/#website\"},\"primaryImageOfPage\":{\"@id\":\"https:\/\/airportsmokinglounge.com\/smoking-areas-at-london-heathrow-airport-lhr\/#primaryimage\"},\"image\":{\"@id\":\"https:\/\/airportsmokinglounge.com\/smoking-areas-at-london-heathrow-airport-lhr\/#primaryimage\"},\"thumbnailUrl\":\"https:\/\/airportsmokinglounge.com\/wp-content\/uploads\/2023\/03\/airport-smoking-lounge-4.jpg\",\"datePublished\":\"2023-03-15T18:44:39+00:00\",\"dateModified\":\"2023-05-13T12:29:12+00:00\",\"description\":\"Smoking areas London Heathrow Airport - Find a smoking area in the airport \u2714\ufe0e Smoking Guide in Airports: Information for Travelers \u2714\ufe0e\",\"breadcrumb\":{\"@id\":\"https:\/\/airportsmokinglounge.com\/smoking-areas-at-london-heathrow-airport-lhr\/#breadcrumb\"},\"inLanguage\":\"pt-BR\",\"potentialAction\":[{\"@type\":\"ReadAction\",\"target\":[\"https:\/\/airportsmokinglounge.com\/smoking-areas-at-london-heathrow-airport-lhr\/\"]}]},{\"@type\":\"ImageObject\",\"inLanguage\":\"pt-BR\",\"@id\":\"https:\/\/airportsmokinglounge.com\/smoking-areas-at-london-heathrow-airport-lhr\/#primaryimage\",\"url\":\"https:\/\/airportsmokinglounge.com\/wp-content\/uploads\/2023\/03\/airport-smoking-lounge-4.jpg\",\"contentUrl\":\"https:\/\/airportsmokinglounge.com\/wp-content\/uploads\/2023\/03\/airport-smoking-lounge-4.jpg\",\"width\":2048,\"height\":1152,\"caption\":\"Airport Smoking\"},{\"@type\":\"BreadcrumbList\",\"@id\":\"https:\/\/airportsmokinglounge.com\/smoking-areas-at-london-heathrow-airport-lhr\/#breadcrumb\",\"itemListElement\":[{\"@type\":\"ListItem\",\"position\":1,\"name\":\"Home\",\"item\":\"https:\/\/airportsmokinglounge.com\/\"},{\"@type\":\"ListItem\",\"position\":2,\"name\":\"Smoking areas at London Heathrow Airport (LHR)\"}]},{\"@type\":\"WebSite\",\"@id\":\"https:\/\/airportsmokinglounge.com\/#website\",\"url\":\"https:\/\/airportsmokinglounge.com\/\",\"name\":\"airportsmokinglounge.com\",\"description\":\"\",\"potentialAction\":[{\"@type\":\"SearchAction\",\"target\":{\"@type\":\"EntryPoint\",\"urlTemplate\":\"https:\/\/airportsmokinglounge.com\/?s={search_term_string}\"},\"query-input\":{\"@type\":\"PropertyValueSpecification\",\"valueRequired\":true,\"valueName\":\"search_term_string\"}}],\"inLanguage\":\"pt-BR\"}]}<\/script>\n<!-- \/ Yoast SEO plugin. -->","yoast_head_json":{"title":"\u00c1reas para fumantes no Aeroporto London Heathrow (LHR)","description":"\u00c1reas para fumantes Aeroporto de Londres Heathrow - Encontre uma \u00e1rea para fumantes no aeroporto \u2714\ufe0e Guia para fumantes nos aeroportos: informa\u00e7\u00f5es para viajantes \u2714\ufe0e","robots":{"index":"index","follow":"follow","max-snippet":"max-snippet:-1","max-image-preview":"max-image-preview:large","max-video-preview":"max-video-preview:-1"},"canonical":"https:\/\/airportsmokinglounge.com\/pt\/areas-para-fumantes-no-aeroporto-de-londres-heathrow-lhr\/","og_locale":"pt_BR","og_type":"article","og_title":"Smoking areas at London Heathrow Airport (LHR)","og_description":"Smoking areas London Heathrow Airport - Find a smoking area in the airport \u2714\ufe0e Smoking Guide in Airports: Information for Travelers \u2714\ufe0e","og_url":"https:\/\/airportsmokinglounge.com\/pt\/areas-para-fumantes-no-aeroporto-de-londres-heathrow-lhr\/","og_site_name":"airportsmokinglounge.com","article_modified_time":"2023-05-13T12:29:12+00:00","og_image":[{"width":2048,"height":1152,"url":"https:\/\/airportsmokinglounge.com\/wp-content\/uploads\/2023\/03\/airport-smoking-lounge-4.jpg","type":"image\/jpeg"}],"twitter_card":"summary_large_image","twitter_misc":{"Est. tempo de leitura":"3 minutos"},"schema":{"@context":"https:\/\/schema.org","@graph":[{"@type":"WebPage","@id":"https:\/\/airportsmokinglounge.com\/smoking-areas-at-london-heathrow-airport-lhr\/","url":"https:\/\/airportsmokinglounge.com\/smoking-areas-at-london-heathrow-airport-lhr\/","name":"\u00c1reas para fumantes no Aeroporto London Heathrow (LHR)","isPartOf":{"@id":"https:\/\/airportsmokinglounge.com\/#website"},"primaryImageOfPage":{"@id":"https:\/\/airportsmokinglounge.com\/smoking-areas-at-london-heathrow-airport-lhr\/#primaryimage"},"image":{"@id":"https:\/\/airportsmokinglounge.com\/smoking-areas-at-london-heathrow-airport-lhr\/#primaryimage"},"thumbnailUrl":"https:\/\/airportsmokinglounge.com\/wp-content\/uploads\/2023\/03\/airport-smoking-lounge-4.jpg","datePublished":"2023-03-15T18:44:39+00:00","dateModified":"2023-05-13T12:29:12+00:00","description":"\u00c1reas para fumantes Aeroporto de Londres Heathrow - Encontre uma \u00e1rea para fumantes no aeroporto \u2714\ufe0e Guia para fumantes nos aeroportos: informa\u00e7\u00f5es para viajantes \u2714\ufe0e","breadcrumb":{"@id":"https:\/\/airportsmokinglounge.com\/smoking-areas-at-london-heathrow-airport-lhr\/#breadcrumb"},"inLanguage":"pt-BR","potentialAction":[{"@type":"ReadAction","target":["https:\/\/airportsmokinglounge.com\/smoking-areas-at-london-heathrow-airport-lhr\/"]}]},{"@type":"ImageObject","inLanguage":"pt-BR","@id":"https:\/\/airportsmokinglounge.com\/smoking-areas-at-london-heathrow-airport-lhr\/#primaryimage","url":"https:\/\/airportsmokinglounge.com\/wp-content\/uploads\/2023\/03\/airport-smoking-lounge-4.jpg","contentUrl":"https:\/\/airportsmokinglounge.com\/wp-content\/uploads\/2023\/03\/airport-smoking-lounge-4.jpg","width":2048,"height":1152,"caption":"Airport Smoking"},{"@type":"BreadcrumbList","@id":"https:\/\/airportsmokinglounge.com\/smoking-areas-at-london-heathrow-airport-lhr\/#breadcrumb","itemListElement":[{"@type":"ListItem","position":1,"name":"Home","item":"https:\/\/airportsmokinglounge.com\/"},{"@type":"ListItem","position":2,"name":"Smoking areas at London Heathrow Airport (LHR)"}]},{"@type":"WebSite","@id":"https:\/\/airportsmokinglounge.com\/#website","url":"https:\/\/airportsmokinglounge.com\/","name":"www.airport Smokinglounge.com","description":"","potentialAction":[{"@type":"SearchAction","target":{"@type":"EntryPoint","urlTemplate":"https:\/\/airportsmokinglounge.com\/?s={search_term_string}"},"query-input":{"@type":"PropertyValueSpecification","valueRequired":true,"valueName":"search_term_string"}}],"inLanguage":"pt-BR"}]}},"_links":{"self":[{"href":"https:\/\/airportsmokinglounge.com\/pt\/wp-json\/wp\/v2\/pages\/566","targetHints":{"allow":["GET"]}}],"collection":[{"href":"https:\/\/airportsmokinglounge.com\/pt\/wp-json\/wp\/v2\/pages"}],"about":[{"href":"https:\/\/airportsmokinglounge.com\/pt\/wp-json\/wp\/v2\/types\/page"}],"author":[{"embeddable":true,"href":"https:\/\/airportsmokinglounge.com\/pt\/wp-json\/wp\/v2\/users\/1"}],"replies":[{"embeddable":true,"href":"https:\/\/airportsmokinglounge.com\/pt\/wp-json\/wp\/v2\/comments?post=566"}],"version-history":[{"count":10,"href":"https:\/\/airportsmokinglounge.com\/pt\/wp-json\/wp\/v2\/pages\/566\/revisions"}],"predecessor-version":[{"id":4944,"href":"https:\/\/airportsmokinglounge.com\/pt\/wp-json\/wp\/v2\/pages\/566\/revisions\/4944"}],"wp:featuredmedia":[{"embeddable":true,"href":"https:\/\/airportsmokinglounge.com\/pt\/wp-json\/wp\/v2\/media\/1199"}],"wp:attachment":[{"href":"https:\/\/airportsmokinglounge.com\/pt\/wp-json\/wp\/v2\/media?parent=566"}],"curies":[{"name":"wp","href":"https:\/\/api.w.org\/{rel}","templated":true}]}}