{"id":5764,"date":"2023-05-22T21:25:00","date_gmt":"2023-05-22T19:25:00","guid":{"rendered":"https:\/\/airportsmokinglounge.com\/?page_id=5764"},"modified":"2023-05-22T21:26:02","modified_gmt":"2023-05-22T19:26:02","slug":"smoking-areas-at-antofagasta-andres-sabella-galvez-international-airport-anf","status":"publish","type":"page","link":"https:\/\/airportsmokinglounge.com\/pt\/areas-para-fumantes-em-antofagasta-andres-sabella-galvez-aeroporto-internacional-anf\/","title":{"rendered":"\u00c1reas para fumantes no ANTOFAGASTA \u2013 AEROPORTO INTERNACIONAL ANDR\u00c9S SABELLA G\u00c1LVEZ (ANF)"},"content":{"rendered":"<p>O Aeroporto Internacional de Antofagasta \u2013 Andr\u00e9s Sabella G\u00e1lvez (ANF) \u00e9 o principal aeroporto que atende a cidade de Antofagasta, no norte do Chile. Localizado a aproximadamente 25 quil\u00f4metros ao norte do centro da cidade, \u00e9 um importante centro de transporte para a regi\u00e3o.<\/p>\n<p>O Aeroporto Internacional Andr\u00e9s Sabella G\u00e1lvez oferece voos dom\u00e9sticos e internacionais, conectando Antofagasta com v\u00e1rios destinos no Chile, como Santiago, Iquique e Calama, bem como destinos internacionais como Lima, Peru. O aeroporto serve como uma porta de entrada para viajantes que visitam o Deserto do Atacama, um destino tur\u00edstico popular conhecido por suas paisagens \u00fanicas e oportunidades de observa\u00e7\u00e3o de estrelas.<\/p>\n<h2>\u00c1reas para fumantes antes da verifica\u00e7\u00e3o de seguran\u00e7a<\/h2>\n<ul>\n<li><span style=\"font-size: 14pt;\">S\u00f3 \u00e9 permitido fumar fora do terminal<\/span><\/li>\n<\/ul>\n<h2>\u00c1reas para fumantes ap\u00f3s verifica\u00e7\u00e3o de seguran\u00e7a<\/h2>\n<ul>\n<li><span style=\"font-size: 14pt;\">Atualmente, n\u00e3o h\u00e1 informa\u00e7\u00f5es dispon\u00edveis sobre instala\u00e7\u00f5es para fumantes dentro do aeroporto.<\/span><\/li>\n<\/ul>\n<p><strong><span style=\"font-size: 14pt;\">Envie-nos coment\u00e1rios<\/span><\/strong><\/p>\n<p><span style=\"font-size: 14pt;\">Se voc\u00ea estiver no aeroporto, sinta-se \u00e0 vontade para nos enviar fotos das \u00e1reas para fumantes. Isso nos ajudar\u00e1 a preencher nosso banco de dados mais rapidamente. Voc\u00ea consegue fazer isso <strong><a href=\"https:\/\/airportsmokinglounge.com\/pt\/contato\/\">Aqui<\/a>.<\/strong> As imagens s\u00e3o publicadas em nosso site, indicando a fonte da imagem (nome). Sinta-se \u00e0 vontade para compartilhar essas fotos conosco e com todos os visitantes do Airport Smokinglounge.com<\/span>.<\/p>\n<h2>Lei de fumar no Chile<\/h2>\n<p>O Chile implementou regulamenta\u00e7\u00f5es antitabagismo para proteger a sa\u00fade p\u00fablica e reduzir o uso de tabaco. No entanto, observe que as leis e regulamenta\u00e7\u00f5es antitabagismo podem mudar ao longo do tempo, ent\u00e3o \u00e9 aconselh\u00e1vel consultar a legisla\u00e7\u00e3o mais recente ou as autoridades locais para obter as informa\u00e7\u00f5es mais atualizadas sobre as leis antitabagismo do Chile.<\/p>\n<p>No Chile, fumar \u00e9 geralmente proibido em determinados locais p\u00fablicos fechados, incluindo edif\u00edcios governamentais, instala\u00e7\u00f5es de sa\u00fade, institui\u00e7\u00f5es educacionais e transportes p\u00fablicos. A lei tamb\u00e9m pode restringir o fumo em \u00e1reas designadas como zonas para n\u00e3o fumadores, tais como espa\u00e7os p\u00fablicos fechados e \u00e1reas pr\u00f3ximas de entradas e sa\u00eddas de edif\u00edcios p\u00fablicos.<\/p>\n<h3>perguntas frequentes<\/h3>\n<h4>As \u00e1reas para fumantes do aeroporto est\u00e3o dispon\u00edveis 24 horas por dia, 7 dias por semana?<\/h4>\n<p>A disponibilidade de \u00e1reas para fumantes no aeroporto pode variar dependendo do aeroporto e da localiza\u00e7\u00e3o. Algumas \u00e1reas para fumantes funcionam 24 horas por dia, enquanto outras podem ter hor\u00e1rios restritos ou fechar em determinados hor\u00e1rios. \u00c9 melhor verificar com o aeroporto ou visitar seu site para obter informa\u00e7\u00f5es espec\u00edficas sobre o hor\u00e1rio de funcionamento da \u00e1rea para fumantes.<\/p>\n<h4>\u00c9 permitido trazer minha pr\u00f3pria comida e bebida para a \u00e1rea de fumantes?<\/h4>\n<p>Isso pode depender da \u00e1rea espec\u00edfica para fumantes e do aeroporto. Algumas \u00e1reas para fumantes podem permitir alimentos e bebidas de fora, enquanto outras podem ter restri\u00e7\u00f5es ou proibi-las completamente. \u00c9 melhor verificar com o aeroporto ou a sinaliza\u00e7\u00e3o da \u00e1rea para fumantes as regras e regulamentos espec\u00edficos.<\/p>\n<h4>\u00c9 permitido fumar em todas as \u00e1reas para fumantes do aeroporto?<\/h4>\n<p>Nem todas as \u00e1reas para fumantes do aeroporto permitem fumar. Alguns aeroportos podem ter \u00e1reas designadas para cigarros eletr\u00f4nicos ou vaping, separadas das \u00e1reas tradicionais para fumantes. Certifique-se de verificar as regras e regulamentos espec\u00edficos da \u00e1rea para fumantes que planeja usar.<\/p>\n<h4>As \u00e1reas para fumantes s\u00e3o climatizadas ou aquecidas?<\/h4>\n<p>A temperatura e a ventila\u00e7\u00e3o das \u00e1reas para fumantes do aeroporto podem variar muito. Alguns podem ser climatizados ou aquecidos, enquanto outros podem ser espa\u00e7os ao ar livre com prote\u00e7\u00e3o limitada contra os elementos. Certifique-se de verificar com o aeroporto ou visitar a \u00e1rea de fumantes com anteced\u00eancia para determinar as condi\u00e7\u00f5es e se preparar adequadamente.<\/p>\n<h4>As \u00e1reas para fumantes s\u00e3o acess\u00edveis a viajantes com defici\u00eancia?<\/h4>\n<p>Muitos aeroportos fizeram esfor\u00e7os para tornar suas \u00e1reas para fumantes acess\u00edveis a viajantes com defici\u00eancia. No entanto, a acessibilidade de \u00e1reas espec\u00edficas para fumantes pode variar muito. Certifique-se de verificar com o aeroporto ou visitar a \u00e1rea de fumantes com anteced\u00eancia para determinar se ela \u00e9 acess\u00edvel e se atende \u00e0s suas necessidades.<\/p>\n<p><span style=\"font-size: 14pt;\"><strong>\u00c1reas para fumantes na Am\u00e9rica do Sul:<\/strong><\/span><\/p>\n<ul>\n<li><a href=\"https:\/\/airportsmokinglounge.com\/pt\/fumando-nos-aeroportos-da-america-do-sul\/\"><span style=\"font-size: 14pt;\">aeroportos da Am\u00e9rica do Sul<\/span><\/a><\/li>\n<\/ul>","protected":false},"excerpt":{"rendered":"<p>O Aeroporto Internacional Andr\u00e9s Sabella G\u00e1lvez (ANF) de Antofagasta \u00e9 o principal aeroporto que serve a cidade de Antofagasta, no norte do Chile. Localizado a aproximadamente 25 quil\u00f4metros ao norte do centro da cidade, \u00e9 um importante centro de transporte para a regi\u00e3o. O Aeroporto Internacional Andr\u00e9s Sabella G\u00e1lvez oferece voos dom\u00e9sticos e internacionais, conectando Antofagasta a v\u00e1rios destinos no Chile\u2026&nbsp;<a href=\"https:\/\/airportsmokinglounge.com\/pt\/areas-para-fumantes-em-antofagasta-andres-sabella-galvez-aeroporto-internacional-anf\/\" rel=\"bookmark\">Ler mais \u00bb<span class=\"screen-reader-text\">\u00c1reas para fumantes no ANTOFAGASTA \u2013 AEROPORTO INTERNACIONAL ANDR\u00c9S SABELLA G\u00c1LVEZ (ANF)<\/span><\/a><\/p>","protected":false},"author":1,"featured_media":1199,"parent":0,"menu_order":0,"comment_status":"closed","ping_status":"closed","template":"","meta":{"neve_meta_sidebar":"","neve_meta_container":"","neve_meta_enable_content_width":"off","neve_meta_content_width":100,"neve_meta_title_alignment":"","neve_meta_author_avatar":"","neve_post_elements_order":"","neve_meta_disable_header":"","neve_meta_disable_footer":"","neve_meta_disable_title":"","neve_meta_reading_time":"","footnotes":""},"class_list":["post-5764","page","type-page","status-publish","has-post-thumbnail","hentry"],"yoast_head":"<!-- This site is optimized with the Yoast SEO plugin v26.6 - https:\/\/yoast.com\/wordpress\/plugins\/seo\/ -->\n<title>Smoking areas at ANTOFAGASTA - ANDR\u00c9S SABELLA G\u00c1LVEZ INTERNATIONAL AIRPORT (ANF)<\/title>\n<meta name=\"description\" content=\"Smoking areas at ANTOFAGASTA - ANDR\u00c9S SABELLA G\u00c1LVEZ INTERNATIONAL AIRPORT (ANF) - Find a smoking area in the airport \u2714\ufe0e Smoking Guide\" \/>\n<meta name=\"robots\" content=\"index, follow, max-snippet:-1, max-image-preview:large, max-video-preview:-1\" \/>\n<link rel=\"canonical\" href=\"https:\/\/airportsmokinglounge.com\/pt\/areas-para-fumantes-em-antofagasta-andres-sabella-galvez-aeroporto-internacional-anf\/\" \/>\n<meta property=\"og:locale\" content=\"pt_BR\" \/>\n<meta property=\"og:type\" content=\"article\" \/>\n<meta property=\"og:title\" content=\"Smoking areas at ANTOFAGASTA - ANDR\u00c9S SABELLA G\u00c1LVEZ INTERNATIONAL AIRPORT (ANF)\" \/>\n<meta property=\"og:description\" content=\"Smoking areas at ANTOFAGASTA - ANDR\u00c9S SABELLA G\u00c1LVEZ INTERNATIONAL AIRPORT (ANF) - Find a smoking area in the airport \u2714\ufe0e Smoking Guide\" \/>\n<meta property=\"og:url\" content=\"https:\/\/airportsmokinglounge.com\/pt\/areas-para-fumantes-em-antofagasta-andres-sabella-galvez-aeroporto-internacional-anf\/\" \/>\n<meta property=\"og:site_name\" content=\"airportsmokinglounge.com\" \/>\n<meta property=\"article:modified_time\" content=\"2023-05-22T19:26:02+00:00\" \/>\n<meta property=\"og:image\" content=\"https:\/\/airportsmokinglounge.com\/wp-content\/uploads\/2023\/03\/airport-smoking-lounge-4.jpg\" \/>\n\t<meta property=\"og:image:width\" content=\"2048\" \/>\n\t<meta property=\"og:image:height\" content=\"1152\" \/>\n\t<meta property=\"og:image:type\" content=\"image\/jpeg\" \/>\n<meta name=\"twitter:card\" content=\"summary_large_image\" \/>\n<meta name=\"twitter:label1\" content=\"Est. tempo de leitura\" \/>\n\t<meta name=\"twitter:data1\" content=\"3 minutos\" \/>\n<script type=\"application\/ld+json\" class=\"yoast-schema-graph\">{\"@context\":\"https:\/\/schema.org\",\"@graph\":[{\"@type\":\"WebPage\",\"@id\":\"https:\/\/airportsmokinglounge.com\/smoking-areas-at-antofagasta-andres-sabella-galvez-international-airport-anf\/\",\"url\":\"https:\/\/airportsmokinglounge.com\/smoking-areas-at-antofagasta-andres-sabella-galvez-international-airport-anf\/\",\"name\":\"Smoking areas at ANTOFAGASTA - ANDR\u00c9S SABELLA G\u00c1LVEZ INTERNATIONAL AIRPORT (ANF)\",\"isPartOf\":{\"@id\":\"https:\/\/airportsmokinglounge.com\/#website\"},\"primaryImageOfPage\":{\"@id\":\"https:\/\/airportsmokinglounge.com\/smoking-areas-at-antofagasta-andres-sabella-galvez-international-airport-anf\/#primaryimage\"},\"image\":{\"@id\":\"https:\/\/airportsmokinglounge.com\/smoking-areas-at-antofagasta-andres-sabella-galvez-international-airport-anf\/#primaryimage\"},\"thumbnailUrl\":\"https:\/\/airportsmokinglounge.com\/wp-content\/uploads\/2023\/03\/airport-smoking-lounge-4.jpg\",\"datePublished\":\"2023-05-22T19:25:00+00:00\",\"dateModified\":\"2023-05-22T19:26:02+00:00\",\"description\":\"Smoking areas at ANTOFAGASTA - ANDR\u00c9S SABELLA G\u00c1LVEZ INTERNATIONAL AIRPORT (ANF) - Find a smoking area in the airport \u2714\ufe0e Smoking Guide\",\"breadcrumb\":{\"@id\":\"https:\/\/airportsmokinglounge.com\/smoking-areas-at-antofagasta-andres-sabella-galvez-international-airport-anf\/#breadcrumb\"},\"inLanguage\":\"pt-BR\",\"potentialAction\":[{\"@type\":\"ReadAction\",\"target\":[\"https:\/\/airportsmokinglounge.com\/smoking-areas-at-antofagasta-andres-sabella-galvez-international-airport-anf\/\"]}]},{\"@type\":\"ImageObject\",\"inLanguage\":\"pt-BR\",\"@id\":\"https:\/\/airportsmokinglounge.com\/smoking-areas-at-antofagasta-andres-sabella-galvez-international-airport-anf\/#primaryimage\",\"url\":\"https:\/\/airportsmokinglounge.com\/wp-content\/uploads\/2023\/03\/airport-smoking-lounge-4.jpg\",\"contentUrl\":\"https:\/\/airportsmokinglounge.com\/wp-content\/uploads\/2023\/03\/airport-smoking-lounge-4.jpg\",\"width\":2048,\"height\":1152,\"caption\":\"Airport Smoking\"},{\"@type\":\"BreadcrumbList\",\"@id\":\"https:\/\/airportsmokinglounge.com\/smoking-areas-at-antofagasta-andres-sabella-galvez-international-airport-anf\/#breadcrumb\",\"itemListElement\":[{\"@type\":\"ListItem\",\"position\":1,\"name\":\"Home\",\"item\":\"https:\/\/airportsmokinglounge.com\/\"},{\"@type\":\"ListItem\",\"position\":2,\"name\":\"Smoking areas at ANTOFAGASTA &#8211; ANDR\u00c9S SABELLA G\u00c1LVEZ INTERNATIONAL AIRPORT (ANF)\"}]},{\"@type\":\"WebSite\",\"@id\":\"https:\/\/airportsmokinglounge.com\/#website\",\"url\":\"https:\/\/airportsmokinglounge.com\/\",\"name\":\"airportsmokinglounge.com\",\"description\":\"\",\"potentialAction\":[{\"@type\":\"SearchAction\",\"target\":{\"@type\":\"EntryPoint\",\"urlTemplate\":\"https:\/\/airportsmokinglounge.com\/?s={search_term_string}\"},\"query-input\":{\"@type\":\"PropertyValueSpecification\",\"valueRequired\":true,\"valueName\":\"search_term_string\"}}],\"inLanguage\":\"pt-BR\"}]}<\/script>\n<!-- \/ Yoast SEO plugin. -->","yoast_head_json":{"title":"\u00c1reas para fumantes no AEROPORTO INTERNACIONAL ANTOFAGASTA - ANDR\u00c9S SABELLA G\u00c1LVEZ (ANF)","description":"\u00c1reas para fumantes no AEROPORTO INTERNACIONAL ANTOFAGASTA - ANDR\u00c9S SABELLA G\u00c1LVEZ (ANF) - Encontre uma \u00e1rea para fumantes no aeroporto \u2714\ufe0e Guia para fumantes","robots":{"index":"index","follow":"follow","max-snippet":"max-snippet:-1","max-image-preview":"max-image-preview:large","max-video-preview":"max-video-preview:-1"},"canonical":"https:\/\/airportsmokinglounge.com\/pt\/areas-para-fumantes-em-antofagasta-andres-sabella-galvez-aeroporto-internacional-anf\/","og_locale":"pt_BR","og_type":"article","og_title":"Smoking areas at ANTOFAGASTA - ANDR\u00c9S SABELLA G\u00c1LVEZ INTERNATIONAL AIRPORT (ANF)","og_description":"Smoking areas at ANTOFAGASTA - ANDR\u00c9S SABELLA G\u00c1LVEZ INTERNATIONAL AIRPORT (ANF) - Find a smoking area in the airport \u2714\ufe0e Smoking Guide","og_url":"https:\/\/airportsmokinglounge.com\/pt\/areas-para-fumantes-em-antofagasta-andres-sabella-galvez-aeroporto-internacional-anf\/","og_site_name":"airportsmokinglounge.com","article_modified_time":"2023-05-22T19:26:02+00:00","og_image":[{"width":2048,"height":1152,"url":"https:\/\/airportsmokinglounge.com\/wp-content\/uploads\/2023\/03\/airport-smoking-lounge-4.jpg","type":"image\/jpeg"}],"twitter_card":"summary_large_image","twitter_misc":{"Est. tempo de leitura":"3 minutos"},"schema":{"@context":"https:\/\/schema.org","@graph":[{"@type":"WebPage","@id":"https:\/\/airportsmokinglounge.com\/smoking-areas-at-antofagasta-andres-sabella-galvez-international-airport-anf\/","url":"https:\/\/airportsmokinglounge.com\/smoking-areas-at-antofagasta-andres-sabella-galvez-international-airport-anf\/","name":"\u00c1reas para fumantes no AEROPORTO INTERNACIONAL ANTOFAGASTA - ANDR\u00c9S SABELLA G\u00c1LVEZ (ANF)","isPartOf":{"@id":"https:\/\/airportsmokinglounge.com\/#website"},"primaryImageOfPage":{"@id":"https:\/\/airportsmokinglounge.com\/smoking-areas-at-antofagasta-andres-sabella-galvez-international-airport-anf\/#primaryimage"},"image":{"@id":"https:\/\/airportsmokinglounge.com\/smoking-areas-at-antofagasta-andres-sabella-galvez-international-airport-anf\/#primaryimage"},"thumbnailUrl":"https:\/\/airportsmokinglounge.com\/wp-content\/uploads\/2023\/03\/airport-smoking-lounge-4.jpg","datePublished":"2023-05-22T19:25:00+00:00","dateModified":"2023-05-22T19:26:02+00:00","description":"\u00c1reas para fumantes no AEROPORTO INTERNACIONAL ANTOFAGASTA - ANDR\u00c9S SABELLA G\u00c1LVEZ (ANF) - Encontre uma \u00e1rea para fumantes no aeroporto \u2714\ufe0e Guia para fumantes","breadcrumb":{"@id":"https:\/\/airportsmokinglounge.com\/smoking-areas-at-antofagasta-andres-sabella-galvez-international-airport-anf\/#breadcrumb"},"inLanguage":"pt-BR","potentialAction":[{"@type":"ReadAction","target":["https:\/\/airportsmokinglounge.com\/smoking-areas-at-antofagasta-andres-sabella-galvez-international-airport-anf\/"]}]},{"@type":"ImageObject","inLanguage":"pt-BR","@id":"https:\/\/airportsmokinglounge.com\/smoking-areas-at-antofagasta-andres-sabella-galvez-international-airport-anf\/#primaryimage","url":"https:\/\/airportsmokinglounge.com\/wp-content\/uploads\/2023\/03\/airport-smoking-lounge-4.jpg","contentUrl":"https:\/\/airportsmokinglounge.com\/wp-content\/uploads\/2023\/03\/airport-smoking-lounge-4.jpg","width":2048,"height":1152,"caption":"Airport Smoking"},{"@type":"BreadcrumbList","@id":"https:\/\/airportsmokinglounge.com\/smoking-areas-at-antofagasta-andres-sabella-galvez-international-airport-anf\/#breadcrumb","itemListElement":[{"@type":"ListItem","position":1,"name":"Home","item":"https:\/\/airportsmokinglounge.com\/"},{"@type":"ListItem","position":2,"name":"Smoking areas at ANTOFAGASTA &#8211; ANDR\u00c9S SABELLA G\u00c1LVEZ INTERNATIONAL AIRPORT (ANF)"}]},{"@type":"WebSite","@id":"https:\/\/airportsmokinglounge.com\/#website","url":"https:\/\/airportsmokinglounge.com\/","name":"www.airport Smokinglounge.com","description":"","potentialAction":[{"@type":"SearchAction","target":{"@type":"EntryPoint","urlTemplate":"https:\/\/airportsmokinglounge.com\/?s={search_term_string}"},"query-input":{"@type":"PropertyValueSpecification","valueRequired":true,"valueName":"search_term_string"}}],"inLanguage":"pt-BR"}]}},"_links":{"self":[{"href":"https:\/\/airportsmokinglounge.com\/pt\/wp-json\/wp\/v2\/pages\/5764","targetHints":{"allow":["GET"]}}],"collection":[{"href":"https:\/\/airportsmokinglounge.com\/pt\/wp-json\/wp\/v2\/pages"}],"about":[{"href":"https:\/\/airportsmokinglounge.com\/pt\/wp-json\/wp\/v2\/types\/page"}],"author":[{"embeddable":true,"href":"https:\/\/airportsmokinglounge.com\/pt\/wp-json\/wp\/v2\/users\/1"}],"replies":[{"embeddable":true,"href":"https:\/\/airportsmokinglounge.com\/pt\/wp-json\/wp\/v2\/comments?post=5764"}],"version-history":[{"count":2,"href":"https:\/\/airportsmokinglounge.com\/pt\/wp-json\/wp\/v2\/pages\/5764\/revisions"}],"predecessor-version":[{"id":5767,"href":"https:\/\/airportsmokinglounge.com\/pt\/wp-json\/wp\/v2\/pages\/5764\/revisions\/5767"}],"wp:featuredmedia":[{"embeddable":true,"href":"https:\/\/airportsmokinglounge.com\/pt\/wp-json\/wp\/v2\/media\/1199"}],"wp:attachment":[{"href":"https:\/\/airportsmokinglounge.com\/pt\/wp-json\/wp\/v2\/media?parent=5764"}],"curies":[{"name":"wp","href":"https:\/\/api.w.org\/{rel}","templated":true}]}}