{"id":5903,"date":"2023-05-23T13:00:16","date_gmt":"2023-05-23T11:00:16","guid":{"rendered":"https:\/\/airportsmokinglounge.com\/?page_id=5903"},"modified":"2023-05-23T13:33:31","modified_gmt":"2023-05-23T11:33:31","slug":"smoking-areas-at-luganville-santo-pekoa-international-airport-son","status":"publish","type":"page","link":"https:\/\/airportsmokinglounge.com\/pt\/areas-para-fumadores-no-luganville-santo-pekoa-aeroporto-internacional-filho\/","title":{"rendered":"Zonas para fumadores no AEROPORTO INTERNACIONAL DE LUGANVILLE \u2013 SANTO PEKOA (SON)"},"content":{"rendered":"<p>O Aeroporto Internacional Santo Pekoa (SON) \u00e9 um importante aeroporto regional localizado perto de Luganville, a segunda maior cidade de Vanuatu. O aeroporto serve como porta de entrada crucial para o Esp\u00edrito Santo, a maior ilha do pa\u00eds, conhecida por suas belezas naturais e pela hist\u00f3ria da Segunda Guerra Mundial.<\/p>\n<p>O aeroporto possui um \u00fanico terminal que atende voos dom\u00e9sticos e internacionais. Ele conecta Luganville com Port Vila, capital de Vanuatu, e alguns destinos internacionais, incluindo Brisbane, na Austr\u00e1lia. Apesar de ser um aeroporto regional, oferece instala\u00e7\u00f5es essenciais como \u00e1rea de espera e servi\u00e7os de aluguel de autom\u00f3veis para comodidade dos passageiros.<\/p>\n<h2>\u00c1reas para fumantes antes da verifica\u00e7\u00e3o de seguran\u00e7a<\/h2>\n<ul>\n<li><span style=\"font-size: 14pt;\">S\u00f3 \u00e9 permitido fumar fora do terminal<\/span><\/li>\n<\/ul>\n<h2>\u00c1reas para fumantes ap\u00f3s verifica\u00e7\u00e3o de seguran\u00e7a<\/h2>\n<ul>\n<li><span style=\"font-size: 14pt;\">Atualmente, n\u00e3o h\u00e1 informa\u00e7\u00f5es dispon\u00edveis sobre instala\u00e7\u00f5es para fumantes dentro do aeroporto.<\/span><\/li>\n<\/ul>\n<p><strong><span style=\"font-size: 14pt;\">Envie-nos coment\u00e1rios<\/span><\/strong><\/p>\n<p><span style=\"font-size: 14pt;\">Se voc\u00ea estiver no aeroporto, sinta-se \u00e0 vontade para nos enviar fotos das \u00e1reas para fumantes. Isso nos ajudar\u00e1 a preencher nosso banco de dados mais rapidamente. Voc\u00ea consegue fazer isso <strong><a href=\"https:\/\/airportsmokinglounge.com\/pt\/contato\/\">Aqui<\/a>.<\/strong> As imagens s\u00e3o publicadas em nosso site, indicando a fonte da imagem (nome). Sinta-se \u00e0 vontade para compartilhar essas fotos conosco e com todos os visitantes do Airport Smokinglounge.com<\/span>.<\/p>\n<h2>Lei de Tabagismo de Vanuatu<\/h2>\n<div class=\"group w-full text-gray-800 dark:text-gray-100 border-b border-black\/10 dark:border-gray-900\/50 bg-gray-50 dark:bg-[#444654]\">\n<div class=\"flex p-4 gap-4 text-base md:gap-6 md:max-w-2xl lg:max-w-xl xl:max-w-3xl md:py-6 lg:px-0 m-auto\">\n<div class=\"relative flex w-[calc(100%-50px)] flex-col gap-1 md:gap-3 lg:w-[calc(100%-115px)]\">\n<div class=\"flex flex-grow flex-col gap-3\">\n<div class=\"min-h-[20px] flex flex-col items-start gap-4 whitespace-pre-wrap break-words\">\n<div class=\"markdown prose w-full break-words dark:prose-invert light\">\n<p>Vanuatu implementou leis e regulamentos sobre o tabagismo para proteger a sa\u00fade p\u00fablica e reduzir o consumo de tabaco. No entanto, observe que as leis antifumo podem mudar com o tempo, por isso \u00e9 aconselh\u00e1vel consultar a legisla\u00e7\u00e3o mais recente ou consultar as autoridades locais para obter informa\u00e7\u00f5es mais atualizadas sobre as leis antifumo de Vanuatu.<\/p>\n<p>Em Vanuatu, fumar \u00e9 geralmente proibido em locais p\u00fablicos fechados, incluindo \u00e1reas internas de restaurantes, bares, shopping centers e pr\u00e9dios governamentais. Essas \u00e1reas s\u00e3o designadas como livres de fumo e n\u00e3o \u00e9 permitido fumar em seu interior.<\/p>\n<p>Vanuatu tamb\u00e9m implementou restri\u00e7\u00f5es ao fumo em \u00e1reas p\u00fablicas ao ar livre, como perto de entradas de edif\u00edcios, pontos de \u00f4nibus e parques p\u00fablicos. Al\u00e9m disso, n\u00e3o \u00e9 permitido fumar dentro de dist\u00e2ncias espec\u00edficas de determinadas \u00e1reas, como escolas e unidades de sa\u00fade.<\/p>\n<\/div>\n<\/div>\n<\/div>\n<\/div>\n<\/div>\n<\/div>\n<h3>perguntas frequentes<\/h3>\n<h4>As \u00e1reas para fumantes do aeroporto est\u00e3o dispon\u00edveis 24 horas por dia, 7 dias por semana?<\/h4>\n<p>A disponibilidade de \u00e1reas para fumantes no aeroporto pode variar dependendo do aeroporto e da localiza\u00e7\u00e3o. Algumas \u00e1reas para fumantes funcionam 24 horas por dia, enquanto outras podem ter hor\u00e1rios restritos ou fechar em determinados hor\u00e1rios. \u00c9 melhor verificar com o aeroporto ou visitar seu site para obter informa\u00e7\u00f5es espec\u00edficas sobre o hor\u00e1rio de funcionamento da \u00e1rea para fumantes.<\/p>\n<h4>\u00c9 permitido trazer minha pr\u00f3pria comida e bebida para a \u00e1rea de fumantes?<\/h4>\n<p>Isso pode depender da \u00e1rea espec\u00edfica para fumantes e do aeroporto. Algumas \u00e1reas para fumantes podem permitir alimentos e bebidas de fora, enquanto outras podem ter restri\u00e7\u00f5es ou proibi-las completamente. \u00c9 melhor verificar com o aeroporto ou a sinaliza\u00e7\u00e3o da \u00e1rea para fumantes as regras e regulamentos espec\u00edficos.<\/p>\n<h4>\u00c9 permitido fumar em todas as \u00e1reas para fumantes do aeroporto?<\/h4>\n<p>Nem todas as \u00e1reas para fumantes do aeroporto permitem fumar. Alguns aeroportos podem ter \u00e1reas designadas para cigarros eletr\u00f4nicos ou vaping, separadas das \u00e1reas tradicionais para fumantes. Certifique-se de verificar as regras e regulamentos espec\u00edficos da \u00e1rea para fumantes que planeja usar.<\/p>\n<h4>As \u00e1reas para fumantes s\u00e3o climatizadas ou aquecidas?<\/h4>\n<p>A temperatura e a ventila\u00e7\u00e3o das \u00e1reas para fumantes do aeroporto podem variar muito. Alguns podem ser climatizados ou aquecidos, enquanto outros podem ser espa\u00e7os ao ar livre com prote\u00e7\u00e3o limitada contra os elementos. Certifique-se de verificar com o aeroporto ou visitar a \u00e1rea de fumantes com anteced\u00eancia para determinar as condi\u00e7\u00f5es e se preparar adequadamente.<\/p>\n<h4>As \u00e1reas para fumantes s\u00e3o acess\u00edveis a viajantes com defici\u00eancia?<\/h4>\n<p>Muitos aeroportos fizeram esfor\u00e7os para tornar suas \u00e1reas para fumantes acess\u00edveis a viajantes com defici\u00eancia. No entanto, a acessibilidade de \u00e1reas espec\u00edficas para fumantes pode variar muito. Certifique-se de verificar com o aeroporto ou visitar a \u00e1rea de fumantes com anteced\u00eancia para determinar se ela \u00e9 acess\u00edvel e se atende \u00e0s suas necessidades.<\/p>\n<p><span style=\"font-size: 14pt;\"><strong>\u00c1reas para fumantes na Oceania<\/strong><\/span><\/p>\n<ul>\n<li><a href=\"https:\/\/airportsmokinglounge.com\/pt\/fumar-em-aeroportos-na-oceania\/\"><span style=\"font-size: 14pt;\">aeroportos da Oceania<\/span><\/a><\/li>\n<\/ul>","protected":false},"excerpt":{"rendered":"<p>O Aeroporto Internacional de Santo Pekoa (SON) \u00e9 um importante aeroporto regional localizado perto de Luganville, a segunda maior cidade de Vanuatu. O aeroporto serve como uma porta de entrada crucial para Espiritu Santo, a maior ilha do pa\u00eds, conhecida por sua beleza natural e hist\u00f3ria da Segunda Guerra Mundial. O aeroporto possui um \u00fanico terminal que atende tanto voos dom\u00e9sticos\u2026&nbsp;<a href=\"https:\/\/airportsmokinglounge.com\/pt\/areas-para-fumadores-no-luganville-santo-pekoa-aeroporto-internacional-filho\/\" rel=\"bookmark\">Ler mais \u00bb<span class=\"screen-reader-text\">Zonas para fumadores no AEROPORTO INTERNACIONAL DE LUGANVILLE \u2013 SANTO PEKOA (SON)<\/span><\/a><\/p>","protected":false},"author":1,"featured_media":1199,"parent":0,"menu_order":0,"comment_status":"closed","ping_status":"closed","template":"","meta":{"neve_meta_sidebar":"","neve_meta_container":"","neve_meta_enable_content_width":"off","neve_meta_content_width":100,"neve_meta_title_alignment":"","neve_meta_author_avatar":"","neve_post_elements_order":"","neve_meta_disable_header":"","neve_meta_disable_footer":"","neve_meta_disable_title":"","neve_meta_reading_time":"","footnotes":""},"class_list":["post-5903","page","type-page","status-publish","has-post-thumbnail","hentry"],"yoast_head":"<!-- This site is optimized with the Yoast SEO plugin v26.6 - https:\/\/yoast.com\/wordpress\/plugins\/seo\/ -->\n<title>Smoking areas at LUGANVILLE - SANTO PEKOA INTERNATIONAL AIRPORT (SON)<\/title>\n<meta name=\"description\" content=\"Smoking areas at LUGANVILLE - SANTO PEKOA INTERNATIONAL AIRPORT (SON) - Find a smoking area in the airport \u2714\ufe0e Smoking Guide\" \/>\n<meta name=\"robots\" content=\"index, follow, max-snippet:-1, max-image-preview:large, max-video-preview:-1\" \/>\n<link rel=\"canonical\" href=\"https:\/\/airportsmokinglounge.com\/pt\/areas-para-fumadores-no-luganville-santo-pekoa-aeroporto-internacional-filho\/\" \/>\n<meta property=\"og:locale\" content=\"pt_BR\" \/>\n<meta property=\"og:type\" content=\"article\" \/>\n<meta property=\"og:title\" content=\"Smoking areas at LUGANVILLE - SANTO PEKOA INTERNATIONAL AIRPORT (SON)\" \/>\n<meta property=\"og:description\" content=\"Smoking areas at LUGANVILLE - SANTO PEKOA INTERNATIONAL AIRPORT (SON) - Find a smoking area in the airport \u2714\ufe0e Smoking Guide\" \/>\n<meta property=\"og:url\" content=\"https:\/\/airportsmokinglounge.com\/pt\/areas-para-fumadores-no-luganville-santo-pekoa-aeroporto-internacional-filho\/\" \/>\n<meta property=\"og:site_name\" content=\"airportsmokinglounge.com\" \/>\n<meta property=\"article:modified_time\" content=\"2023-05-23T11:33:31+00:00\" \/>\n<meta property=\"og:image\" content=\"https:\/\/airportsmokinglounge.com\/wp-content\/uploads\/2023\/03\/airport-smoking-lounge-4.jpg\" \/>\n\t<meta property=\"og:image:width\" content=\"2048\" \/>\n\t<meta property=\"og:image:height\" content=\"1152\" \/>\n\t<meta property=\"og:image:type\" content=\"image\/jpeg\" \/>\n<meta name=\"twitter:card\" content=\"summary_large_image\" \/>\n<meta name=\"twitter:label1\" content=\"Est. tempo de leitura\" \/>\n\t<meta name=\"twitter:data1\" content=\"3 minutos\" \/>\n<script type=\"application\/ld+json\" class=\"yoast-schema-graph\">{\"@context\":\"https:\/\/schema.org\",\"@graph\":[{\"@type\":\"WebPage\",\"@id\":\"https:\/\/airportsmokinglounge.com\/smoking-areas-at-luganville-santo-pekoa-international-airport-son\/\",\"url\":\"https:\/\/airportsmokinglounge.com\/smoking-areas-at-luganville-santo-pekoa-international-airport-son\/\",\"name\":\"Smoking areas at LUGANVILLE - SANTO PEKOA INTERNATIONAL AIRPORT (SON)\",\"isPartOf\":{\"@id\":\"https:\/\/airportsmokinglounge.com\/#website\"},\"primaryImageOfPage\":{\"@id\":\"https:\/\/airportsmokinglounge.com\/smoking-areas-at-luganville-santo-pekoa-international-airport-son\/#primaryimage\"},\"image\":{\"@id\":\"https:\/\/airportsmokinglounge.com\/smoking-areas-at-luganville-santo-pekoa-international-airport-son\/#primaryimage\"},\"thumbnailUrl\":\"https:\/\/airportsmokinglounge.com\/wp-content\/uploads\/2023\/03\/airport-smoking-lounge-4.jpg\",\"datePublished\":\"2023-05-23T11:00:16+00:00\",\"dateModified\":\"2023-05-23T11:33:31+00:00\",\"description\":\"Smoking areas at LUGANVILLE - SANTO PEKOA INTERNATIONAL AIRPORT (SON) - Find a smoking area in the airport \u2714\ufe0e Smoking Guide\",\"breadcrumb\":{\"@id\":\"https:\/\/airportsmokinglounge.com\/smoking-areas-at-luganville-santo-pekoa-international-airport-son\/#breadcrumb\"},\"inLanguage\":\"pt-BR\",\"potentialAction\":[{\"@type\":\"ReadAction\",\"target\":[\"https:\/\/airportsmokinglounge.com\/smoking-areas-at-luganville-santo-pekoa-international-airport-son\/\"]}]},{\"@type\":\"ImageObject\",\"inLanguage\":\"pt-BR\",\"@id\":\"https:\/\/airportsmokinglounge.com\/smoking-areas-at-luganville-santo-pekoa-international-airport-son\/#primaryimage\",\"url\":\"https:\/\/airportsmokinglounge.com\/wp-content\/uploads\/2023\/03\/airport-smoking-lounge-4.jpg\",\"contentUrl\":\"https:\/\/airportsmokinglounge.com\/wp-content\/uploads\/2023\/03\/airport-smoking-lounge-4.jpg\",\"width\":2048,\"height\":1152,\"caption\":\"Airport Smoking\"},{\"@type\":\"BreadcrumbList\",\"@id\":\"https:\/\/airportsmokinglounge.com\/smoking-areas-at-luganville-santo-pekoa-international-airport-son\/#breadcrumb\",\"itemListElement\":[{\"@type\":\"ListItem\",\"position\":1,\"name\":\"Home\",\"item\":\"https:\/\/airportsmokinglounge.com\/\"},{\"@type\":\"ListItem\",\"position\":2,\"name\":\"Smoking areas at LUGANVILLE &#8211; SANTO PEKOA INTERNATIONAL AIRPORT (SON)\"}]},{\"@type\":\"WebSite\",\"@id\":\"https:\/\/airportsmokinglounge.com\/#website\",\"url\":\"https:\/\/airportsmokinglounge.com\/\",\"name\":\"airportsmokinglounge.com\",\"description\":\"\",\"potentialAction\":[{\"@type\":\"SearchAction\",\"target\":{\"@type\":\"EntryPoint\",\"urlTemplate\":\"https:\/\/airportsmokinglounge.com\/?s={search_term_string}\"},\"query-input\":{\"@type\":\"PropertyValueSpecification\",\"valueRequired\":true,\"valueName\":\"search_term_string\"}}],\"inLanguage\":\"pt-BR\"}]}<\/script>\n<!-- \/ Yoast SEO plugin. -->","yoast_head_json":{"title":"\u00c1reas para fumantes no AEROPORTO INTERNACIONAL DE LUGANVILLE - SANTO PEKOA (SON)","description":"\u00c1reas para fumantes em LUGANVILLE - AEROPORTO INTERNACIONAL DE SANTO PEKOA (SON) - Encontre uma \u00e1rea para fumantes no aeroporto \u2714\ufe0e Guia para fumantes","robots":{"index":"index","follow":"follow","max-snippet":"max-snippet:-1","max-image-preview":"max-image-preview:large","max-video-preview":"max-video-preview:-1"},"canonical":"https:\/\/airportsmokinglounge.com\/pt\/areas-para-fumadores-no-luganville-santo-pekoa-aeroporto-internacional-filho\/","og_locale":"pt_BR","og_type":"article","og_title":"Smoking areas at LUGANVILLE - SANTO PEKOA INTERNATIONAL AIRPORT (SON)","og_description":"Smoking areas at LUGANVILLE - SANTO PEKOA INTERNATIONAL AIRPORT (SON) - Find a smoking area in the airport \u2714\ufe0e Smoking Guide","og_url":"https:\/\/airportsmokinglounge.com\/pt\/areas-para-fumadores-no-luganville-santo-pekoa-aeroporto-internacional-filho\/","og_site_name":"airportsmokinglounge.com","article_modified_time":"2023-05-23T11:33:31+00:00","og_image":[{"width":2048,"height":1152,"url":"https:\/\/airportsmokinglounge.com\/wp-content\/uploads\/2023\/03\/airport-smoking-lounge-4.jpg","type":"image\/jpeg"}],"twitter_card":"summary_large_image","twitter_misc":{"Est. tempo de leitura":"3 minutos"},"schema":{"@context":"https:\/\/schema.org","@graph":[{"@type":"WebPage","@id":"https:\/\/airportsmokinglounge.com\/smoking-areas-at-luganville-santo-pekoa-international-airport-son\/","url":"https:\/\/airportsmokinglounge.com\/smoking-areas-at-luganville-santo-pekoa-international-airport-son\/","name":"\u00c1reas para fumantes no AEROPORTO INTERNACIONAL DE LUGANVILLE - SANTO PEKOA (SON)","isPartOf":{"@id":"https:\/\/airportsmokinglounge.com\/#website"},"primaryImageOfPage":{"@id":"https:\/\/airportsmokinglounge.com\/smoking-areas-at-luganville-santo-pekoa-international-airport-son\/#primaryimage"},"image":{"@id":"https:\/\/airportsmokinglounge.com\/smoking-areas-at-luganville-santo-pekoa-international-airport-son\/#primaryimage"},"thumbnailUrl":"https:\/\/airportsmokinglounge.com\/wp-content\/uploads\/2023\/03\/airport-smoking-lounge-4.jpg","datePublished":"2023-05-23T11:00:16+00:00","dateModified":"2023-05-23T11:33:31+00:00","description":"\u00c1reas para fumantes em LUGANVILLE - AEROPORTO INTERNACIONAL DE SANTO PEKOA (SON) - Encontre uma \u00e1rea para fumantes no aeroporto \u2714\ufe0e Guia para fumantes","breadcrumb":{"@id":"https:\/\/airportsmokinglounge.com\/smoking-areas-at-luganville-santo-pekoa-international-airport-son\/#breadcrumb"},"inLanguage":"pt-BR","potentialAction":[{"@type":"ReadAction","target":["https:\/\/airportsmokinglounge.com\/smoking-areas-at-luganville-santo-pekoa-international-airport-son\/"]}]},{"@type":"ImageObject","inLanguage":"pt-BR","@id":"https:\/\/airportsmokinglounge.com\/smoking-areas-at-luganville-santo-pekoa-international-airport-son\/#primaryimage","url":"https:\/\/airportsmokinglounge.com\/wp-content\/uploads\/2023\/03\/airport-smoking-lounge-4.jpg","contentUrl":"https:\/\/airportsmokinglounge.com\/wp-content\/uploads\/2023\/03\/airport-smoking-lounge-4.jpg","width":2048,"height":1152,"caption":"Airport Smoking"},{"@type":"BreadcrumbList","@id":"https:\/\/airportsmokinglounge.com\/smoking-areas-at-luganville-santo-pekoa-international-airport-son\/#breadcrumb","itemListElement":[{"@type":"ListItem","position":1,"name":"Home","item":"https:\/\/airportsmokinglounge.com\/"},{"@type":"ListItem","position":2,"name":"Smoking areas at LUGANVILLE &#8211; SANTO PEKOA INTERNATIONAL AIRPORT (SON)"}]},{"@type":"WebSite","@id":"https:\/\/airportsmokinglounge.com\/#website","url":"https:\/\/airportsmokinglounge.com\/","name":"www.airport Smokinglounge.com","description":"","potentialAction":[{"@type":"SearchAction","target":{"@type":"EntryPoint","urlTemplate":"https:\/\/airportsmokinglounge.com\/?s={search_term_string}"},"query-input":{"@type":"PropertyValueSpecification","valueRequired":true,"valueName":"search_term_string"}}],"inLanguage":"pt-BR"}]}},"_links":{"self":[{"href":"https:\/\/airportsmokinglounge.com\/pt\/wp-json\/wp\/v2\/pages\/5903","targetHints":{"allow":["GET"]}}],"collection":[{"href":"https:\/\/airportsmokinglounge.com\/pt\/wp-json\/wp\/v2\/pages"}],"about":[{"href":"https:\/\/airportsmokinglounge.com\/pt\/wp-json\/wp\/v2\/types\/page"}],"author":[{"embeddable":true,"href":"https:\/\/airportsmokinglounge.com\/pt\/wp-json\/wp\/v2\/users\/1"}],"replies":[{"embeddable":true,"href":"https:\/\/airportsmokinglounge.com\/pt\/wp-json\/wp\/v2\/comments?post=5903"}],"version-history":[{"count":1,"href":"https:\/\/airportsmokinglounge.com\/pt\/wp-json\/wp\/v2\/pages\/5903\/revisions"}],"predecessor-version":[{"id":5904,"href":"https:\/\/airportsmokinglounge.com\/pt\/wp-json\/wp\/v2\/pages\/5903\/revisions\/5904"}],"wp:featuredmedia":[{"embeddable":true,"href":"https:\/\/airportsmokinglounge.com\/pt\/wp-json\/wp\/v2\/media\/1199"}],"wp:attachment":[{"href":"https:\/\/airportsmokinglounge.com\/pt\/wp-json\/wp\/v2\/media?parent=5903"}],"curies":[{"name":"wp","href":"https:\/\/api.w.org\/{rel}","templated":true}]}}