{"id":6409,"date":"2023-06-18T16:59:52","date_gmt":"2023-06-18T14:59:52","guid":{"rendered":"https:\/\/airportsmokinglounge.com\/?page_id=6409"},"modified":"2023-06-18T16:59:52","modified_gmt":"2023-06-18T14:59:52","slug":"about-us","status":"publish","type":"page","link":"https:\/\/airportsmokinglounge.com\/pt\/sobre-nos\/","title":{"rendered":"Sobre n\u00f3s"},"content":{"rendered":"<p>Bem-vindo ao airportsmokinglounge.com, sua fonte abrangente de informa\u00e7\u00f5es sobre \u00e1reas para fumantes em aeroportos em todo o mundo.<\/p>\n<p>Nossa miss\u00e3o \u00e9 tornar as viagens mais agrad\u00e1veis para os fumantes, fornecendo informa\u00e7\u00f5es detalhadas sobre \u00e1reas designadas para fumantes e instala\u00e7\u00f5es dispon\u00edveis em aeroportos em todo o mundo. Compreendemos a frustra\u00e7\u00e3o de passar pela seguran\u00e7a e descobrir que n\u00e3o h\u00e1 \u00e1reas para fumantes ou, em alguns casos, cigarros eletr\u00f4nicos n\u00e3o s\u00e3o permitidos.<\/p>\n<p>Esteja voc\u00ea em tr\u00e2nsito, esperando um voo de conex\u00e3o ou acabando de chegar ao seu destino, nosso objetivo \u00e9 ajud\u00e1-lo a encontrar um lugar onde possa relaxar e fumar sem a preocupa\u00e7\u00e3o de quebrar alguma regra.<\/p>\n<p>Atualizamos continuamente nosso banco de dados para garantir que voc\u00ea tenha as informa\u00e7\u00f5es mais recentes e precisas ao seu alcance. Dos maiores aeroportos internacionais aos menores aeroportos dom\u00e9sticos, nos esfor\u00e7amos para cobrir todos eles.<\/p>\n<p>Nossa equipe se dedica a tornar sua experi\u00eancia de viagem a mais tranquila poss\u00edvel. Se voc\u00ea tiver alguma d\u00favida, sugest\u00e3o ou quiser contribuir com informa\u00e7\u00f5es sobre uma \u00e1rea para fumantes em um aeroporto que ainda n\u00e3o abordamos, sinta-se \u00e0 vontade para <a href=\"https:\/\/airportsmokinglounge.com\/pt\/contato\/\">contato<\/a> n\u00f3s.<\/p>\n<p>Obrigado por escolher o airportsmokinglounge.com e boa viagem!\u201d<\/p>","protected":false},"excerpt":{"rendered":"<p>Bem-vindo ao airportsmokinglounge.com, sua fonte abrangente de informa\u00e7\u00f5es sobre \u00e1reas para fumantes em aeroportos em todo o mundo. Nossa miss\u00e3o \u00e9 tornar as viagens mais agrad\u00e1veis para os fumantes, fornecendo informa\u00e7\u00f5es detalhadas sobre \u00e1reas designadas para fumantes e instala\u00e7\u00f5es dispon\u00edveis em aeroportos em todo o mundo. Compreendemos a frustra\u00e7\u00e3o de passar pela seguran\u00e7a, apenas para descobrir que n\u00e3o h\u00e1\u2026&nbsp;<a href=\"https:\/\/airportsmokinglounge.com\/pt\/sobre-nos\/\" rel=\"bookmark\">Ler mais \u00bb<span class=\"screen-reader-text\">Sobre n\u00f3s<\/span><\/a><\/p>","protected":false},"author":1,"featured_media":1274,"parent":0,"menu_order":0,"comment_status":"closed","ping_status":"closed","template":"","meta":{"neve_meta_sidebar":"","neve_meta_container":"","neve_meta_enable_content_width":"off","neve_meta_content_width":100,"neve_meta_title_alignment":"","neve_meta_author_avatar":"","neve_post_elements_order":"","neve_meta_disable_header":"","neve_meta_disable_footer":"","neve_meta_disable_title":"","neve_meta_reading_time":"","footnotes":""},"class_list":["post-6409","page","type-page","status-publish","has-post-thumbnail","hentry"],"yoast_head":"<!-- This site is optimized with the Yoast SEO plugin v26.6 - https:\/\/yoast.com\/wordpress\/plugins\/seo\/ -->\n<title>About us - airportsmokinglounge.com<\/title>\n<meta name=\"robots\" content=\"index, follow, max-snippet:-1, max-image-preview:large, max-video-preview:-1\" \/>\n<link rel=\"canonical\" href=\"https:\/\/airportsmokinglounge.com\/pt\/sobre-nos\/\" \/>\n<meta property=\"og:locale\" content=\"pt_BR\" \/>\n<meta property=\"og:type\" content=\"article\" \/>\n<meta property=\"og:title\" content=\"About us - airportsmokinglounge.com\" \/>\n<meta property=\"og:description\" content=\"Welcome to airportsmokinglounge.com, your comprehensive source for information on smoking areas in airports worldwide. Our mission is to make travel more enjoyable for smokers by providing detailed information about designated smoking areas and available facilities in airports across the globe. We understand the frustration of going through security, only to find that there are no&hellip;&nbsp;Read More &raquo;About us\" \/>\n<meta property=\"og:url\" content=\"https:\/\/airportsmokinglounge.com\/pt\/sobre-nos\/\" \/>\n<meta property=\"og:site_name\" content=\"airportsmokinglounge.com\" \/>\n<meta property=\"og:image\" content=\"https:\/\/airportsmokinglounge.com\/wp-content\/uploads\/2023\/03\/Fiverr1-smoking-2.png\" \/>\n\t<meta property=\"og:image:width\" content=\"5990\" \/>\n\t<meta property=\"og:image:height\" content=\"1296\" \/>\n\t<meta property=\"og:image:type\" content=\"image\/png\" \/>\n<meta name=\"twitter:card\" content=\"summary_large_image\" \/>\n<meta name=\"twitter:label1\" content=\"Est. tempo de leitura\" \/>\n\t<meta name=\"twitter:data1\" content=\"1 minuto\" \/>\n<script type=\"application\/ld+json\" class=\"yoast-schema-graph\">{\"@context\":\"https:\/\/schema.org\",\"@graph\":[{\"@type\":\"WebPage\",\"@id\":\"https:\/\/airportsmokinglounge.com\/about-us\/\",\"url\":\"https:\/\/airportsmokinglounge.com\/about-us\/\",\"name\":\"About us - airportsmokinglounge.com\",\"isPartOf\":{\"@id\":\"https:\/\/airportsmokinglounge.com\/#website\"},\"primaryImageOfPage\":{\"@id\":\"https:\/\/airportsmokinglounge.com\/about-us\/#primaryimage\"},\"image\":{\"@id\":\"https:\/\/airportsmokinglounge.com\/about-us\/#primaryimage\"},\"thumbnailUrl\":\"https:\/\/airportsmokinglounge.com\/wp-content\/uploads\/2023\/03\/Fiverr1-smoking-2.png\",\"datePublished\":\"2023-06-18T14:59:52+00:00\",\"breadcrumb\":{\"@id\":\"https:\/\/airportsmokinglounge.com\/about-us\/#breadcrumb\"},\"inLanguage\":\"pt-BR\",\"potentialAction\":[{\"@type\":\"ReadAction\",\"target\":[\"https:\/\/airportsmokinglounge.com\/about-us\/\"]}]},{\"@type\":\"ImageObject\",\"inLanguage\":\"pt-BR\",\"@id\":\"https:\/\/airportsmokinglounge.com\/about-us\/#primaryimage\",\"url\":\"https:\/\/airportsmokinglounge.com\/wp-content\/uploads\/2023\/03\/Fiverr1-smoking-2.png\",\"contentUrl\":\"https:\/\/airportsmokinglounge.com\/wp-content\/uploads\/2023\/03\/Fiverr1-smoking-2.png\",\"width\":5990,\"height\":1296,\"caption\":\"Airport smoking lounge\"},{\"@type\":\"BreadcrumbList\",\"@id\":\"https:\/\/airportsmokinglounge.com\/about-us\/#breadcrumb\",\"itemListElement\":[{\"@type\":\"ListItem\",\"position\":1,\"name\":\"Home\",\"item\":\"https:\/\/airportsmokinglounge.com\/\"},{\"@type\":\"ListItem\",\"position\":2,\"name\":\"About us\"}]},{\"@type\":\"WebSite\",\"@id\":\"https:\/\/airportsmokinglounge.com\/#website\",\"url\":\"https:\/\/airportsmokinglounge.com\/\",\"name\":\"airportsmokinglounge.com\",\"description\":\"\",\"potentialAction\":[{\"@type\":\"SearchAction\",\"target\":{\"@type\":\"EntryPoint\",\"urlTemplate\":\"https:\/\/airportsmokinglounge.com\/?s={search_term_string}\"},\"query-input\":{\"@type\":\"PropertyValueSpecification\",\"valueRequired\":true,\"valueName\":\"search_term_string\"}}],\"inLanguage\":\"pt-BR\"}]}<\/script>\n<!-- \/ Yoast SEO plugin. -->","yoast_head_json":{"title":"Sobre n\u00f3s - aeroportosmokinglounge.com","robots":{"index":"index","follow":"follow","max-snippet":"max-snippet:-1","max-image-preview":"max-image-preview:large","max-video-preview":"max-video-preview:-1"},"canonical":"https:\/\/airportsmokinglounge.com\/pt\/sobre-nos\/","og_locale":"pt_BR","og_type":"article","og_title":"About us - airportsmokinglounge.com","og_description":"Welcome to airportsmokinglounge.com, your comprehensive source for information on smoking areas in airports worldwide. Our mission is to make travel more enjoyable for smokers by providing detailed information about designated smoking areas and available facilities in airports across the globe. We understand the frustration of going through security, only to find that there are no&hellip;&nbsp;Read More &raquo;About us","og_url":"https:\/\/airportsmokinglounge.com\/pt\/sobre-nos\/","og_site_name":"airportsmokinglounge.com","og_image":[{"width":5990,"height":1296,"url":"https:\/\/airportsmokinglounge.com\/wp-content\/uploads\/2023\/03\/Fiverr1-smoking-2.png","type":"image\/png"}],"twitter_card":"summary_large_image","twitter_misc":{"Est. tempo de leitura":"1 minuto"},"schema":{"@context":"https:\/\/schema.org","@graph":[{"@type":"WebPage","@id":"https:\/\/airportsmokinglounge.com\/about-us\/","url":"https:\/\/airportsmokinglounge.com\/about-us\/","name":"Sobre n\u00f3s - aeroportosmokinglounge.com","isPartOf":{"@id":"https:\/\/airportsmokinglounge.com\/#website"},"primaryImageOfPage":{"@id":"https:\/\/airportsmokinglounge.com\/about-us\/#primaryimage"},"image":{"@id":"https:\/\/airportsmokinglounge.com\/about-us\/#primaryimage"},"thumbnailUrl":"https:\/\/airportsmokinglounge.com\/wp-content\/uploads\/2023\/03\/Fiverr1-smoking-2.png","datePublished":"2023-06-18T14:59:52+00:00","breadcrumb":{"@id":"https:\/\/airportsmokinglounge.com\/about-us\/#breadcrumb"},"inLanguage":"pt-BR","potentialAction":[{"@type":"ReadAction","target":["https:\/\/airportsmokinglounge.com\/about-us\/"]}]},{"@type":"ImageObject","inLanguage":"pt-BR","@id":"https:\/\/airportsmokinglounge.com\/about-us\/#primaryimage","url":"https:\/\/airportsmokinglounge.com\/wp-content\/uploads\/2023\/03\/Fiverr1-smoking-2.png","contentUrl":"https:\/\/airportsmokinglounge.com\/wp-content\/uploads\/2023\/03\/Fiverr1-smoking-2.png","width":5990,"height":1296,"caption":"Airport smoking lounge"},{"@type":"BreadcrumbList","@id":"https:\/\/airportsmokinglounge.com\/about-us\/#breadcrumb","itemListElement":[{"@type":"ListItem","position":1,"name":"Home","item":"https:\/\/airportsmokinglounge.com\/"},{"@type":"ListItem","position":2,"name":"About us"}]},{"@type":"WebSite","@id":"https:\/\/airportsmokinglounge.com\/#website","url":"https:\/\/airportsmokinglounge.com\/","name":"www.airport Smokinglounge.com","description":"","potentialAction":[{"@type":"SearchAction","target":{"@type":"EntryPoint","urlTemplate":"https:\/\/airportsmokinglounge.com\/?s={search_term_string}"},"query-input":{"@type":"PropertyValueSpecification","valueRequired":true,"valueName":"search_term_string"}}],"inLanguage":"pt-BR"}]}},"_links":{"self":[{"href":"https:\/\/airportsmokinglounge.com\/pt\/wp-json\/wp\/v2\/pages\/6409","targetHints":{"allow":["GET"]}}],"collection":[{"href":"https:\/\/airportsmokinglounge.com\/pt\/wp-json\/wp\/v2\/pages"}],"about":[{"href":"https:\/\/airportsmokinglounge.com\/pt\/wp-json\/wp\/v2\/types\/page"}],"author":[{"embeddable":true,"href":"https:\/\/airportsmokinglounge.com\/pt\/wp-json\/wp\/v2\/users\/1"}],"replies":[{"embeddable":true,"href":"https:\/\/airportsmokinglounge.com\/pt\/wp-json\/wp\/v2\/comments?post=6409"}],"version-history":[{"count":1,"href":"https:\/\/airportsmokinglounge.com\/pt\/wp-json\/wp\/v2\/pages\/6409\/revisions"}],"predecessor-version":[{"id":6410,"href":"https:\/\/airportsmokinglounge.com\/pt\/wp-json\/wp\/v2\/pages\/6409\/revisions\/6410"}],"wp:featuredmedia":[{"embeddable":true,"href":"https:\/\/airportsmokinglounge.com\/pt\/wp-json\/wp\/v2\/media\/1274"}],"wp:attachment":[{"href":"https:\/\/airportsmokinglounge.com\/pt\/wp-json\/wp\/v2\/media?parent=6409"}],"curies":[{"name":"wp","href":"https:\/\/api.w.org\/{rel}","templated":true}]}}