{"id":65,"date":"2023-02-20T13:30:23","date_gmt":"2023-02-20T12:30:23","guid":{"rendered":"https:\/\/airportsmokinglounge.com\/?page_id=65"},"modified":"2023-05-22T23:51:57","modified_gmt":"2023-05-22T21:51:57","slug":"smoking-in-airports-in-asia","status":"publish","type":"page","link":"https:\/\/airportsmokinglounge.com\/pt\/fumar-em-aeroportos-na-asia\/","title":{"rendered":"Fumar nos aeroportos da \u00c1sia"},"content":{"rendered":"<h2>\u00c1reas para fumantes nos aeroportos da \u00c1sia<\/h2>\n<p><span style=\"font-size: 14pt;\">Neste site voc\u00ea pode encontrar todas as \u00e1reas para fumantes nos aeroportos asi\u00e1ticos, incluindo \u00e1reas designadas para fumantes e instala\u00e7\u00f5es dispon\u00edveis. Compreendemos a frustra\u00e7\u00e3o de passar pela seguran\u00e7a apenas para descobrir que n\u00e3o h\u00e1 \u00e1reas para fumantes em nenhum lugar e, em alguns casos, os cigarros eletr\u00f4nicos podem n\u00e3o ser permitidos. <\/span><\/p>\n<p><span style=\"font-size: 14pt;\">Este servi\u00e7o destina-se a todos os fumadores que queiram fumar um cigarro antes ou depois de voos longos.<\/span><\/p>\n<p><span style=\"font-size: 14pt;\"><strong>Escolha seu pa\u00eds:<\/strong><\/span><\/p>\n<ul style=\"list-style-type: circle;\">\n<li><a href=\"https:\/\/airportsmokinglounge.com\/pt\/areas-para-fumantes-nos-aeroportos-do-afeganistao\/\">AFEGANIST\u00c3O<\/a><\/li>\n<li><a href=\"https:\/\/airportsmokinglounge.com\/pt\/areas-para-fumantes-nos-aeroportos-da-armenia\/\">ARM\u00caNIA<\/a><\/li>\n<li><a href=\"https:\/\/airportsmokinglounge.com\/pt\/areas-para-fumadores-no-aeroporto-internacional-bahrain-bah\/\">Bahrein<\/a><\/li>\n<li><a href=\"https:\/\/airportsmokinglounge.com\/pt\/areas-para-fumantes-nos-aeroportos-de-bangladesh\/\">BANGLADESH<\/a><\/li>\n<li><a href=\"https:\/\/airportsmokinglounge.com\/pt\/areas-para-fumadores-no-aeroporto-internacional-de-brunei-bwn\/\">BRUNEI<\/a><\/li>\n<li><a href=\"https:\/\/airportsmokinglounge.com\/pt\/areas-para-fumantes-nos-aeroportos-do-camboja\/\">CAMBOJA<\/a><\/li>\n<li><a href=\"https:\/\/airportsmokinglounge.com\/pt\/areas-para-fumantes-nos-aeroportos-da-china\/\">CHINA<\/a><\/li>\n<li><a href=\"https:\/\/airportsmokinglounge.com\/pt\/areas-para-fumantes-no-aeroporto-de-dili-presidente-nicolau-lobato-dil\/\">TIMOR LESTE<\/a><\/li>\n<li><a href=\"https:\/\/airportsmokinglounge.com\/pt\/areas-para-fumantes-no-aeroporto-internacional-de-hong-kong\/\">HONG KONG<\/a><\/li>\n<li><a href=\"https:\/\/airportsmokinglounge.com\/pt\/areas-para-fumantes-nos-aeroportos-da-india\/\">\u00cdNDIA<\/a><\/li>\n<li><a href=\"https:\/\/airportsmokinglounge.com\/pt\/areas-para-fumantes-nos-aeroportos-da-indonesia\/\">INDON\u00c9SIA<\/a><\/li>\n<li><a href=\"https:\/\/airportsmokinglounge.com\/pt\/areas-para-fumantes-nos-aeroportos-iranianos\/\">IR\u00c3<\/a><\/li>\n<li><a href=\"https:\/\/airportsmokinglounge.com\/pt\/areas-para-fumantes-nos-aeroportos-iraquianos\/\">IRAQUE<\/a><\/li>\n<li><a href=\"https:\/\/airportsmokinglounge.com\/pt\/areas-para-fumantes-em-aeroportos-israelenses\/\">ISRAEL<\/a><\/li>\n<li><a href=\"https:\/\/airportsmokinglounge.com\/pt\/areas-para-fumantes-nos-aeroportos-do-japao\/\">JAP\u00c3O<\/a><\/li>\n<li><a href=\"https:\/\/airportsmokinglounge.com\/pt\/areas-para-fumantes-em-aeroportos-da-jordania\/\">JORD\u00c2NIA<\/a><\/li>\n<li><a href=\"https:\/\/airportsmokinglounge.com\/pt\/areas-para-fumantes-em-aeroportos-do-cazaquistao\/\">CAZAQUIST\u00c3O<\/a><\/li>\n<li><a href=\"https:\/\/airportsmokinglounge.com\/pt\/areas-para-fumantes-no-aeroporto-internacional-de-kuwait-kwi\/\">KUWAIT<\/a><\/li>\n<li><a href=\"https:\/\/airportsmokinglounge.com\/pt\/areas-para-fumantes-nos-aeroportos-do-laos\/\">LAOS<\/a><\/li>\n<li><a href=\"https:\/\/airportsmokinglounge.com\/pt\/areas-para-fumantes-no-aeroporto-beirute-internacional-bey\/\">L\u00cdBANO<\/a><\/li>\n<li><a href=\"https:\/\/airportsmokinglounge.com\/pt\/zonas-fumadores-no-aeroporto-internacional-de-macau-mfm\/\">MACAU<\/a><\/li>\n<li><a href=\"https:\/\/airportsmokinglounge.com\/pt\/areas-para-fumantes-nos-aeroportos-da-malasia\/\">MAL\u00c1SIA<\/a><\/li>\n<li><a href=\"https:\/\/airportsmokinglounge.com\/pt\/areas-para-fumantes-no-aeroporto-internacional-male\/\">MALDIVAS<\/a><\/li>\n<li><a href=\"https:\/\/airportsmokinglounge.com\/pt\/areas-para-fumantes-nos-aeroportos-da-mongolia\/\">MONG\u00d3LIA<\/a><\/li>\n<li><a href=\"https:\/\/airportsmokinglounge.com\/pt\/areas-para-fumantes-nos-aeroportos-de-mianmars-birmania\/\">MIANMAR (BIRMANIA)<\/a><\/li>\n<li><a href=\"https:\/\/airportsmokinglounge.com\/pt\/areas-para-fumantes-no-aeroporto-internacional-de-katmandu-ktm\/\">NEPAL<\/a><\/li>\n<li><a href=\"https:\/\/airportsmokinglounge.com\/pt\/areas-para-fumadores-nos-aeroportos-de-oma\/\">OM\u00c3<\/a><\/li>\n<li><a href=\"https:\/\/airportsmokinglounge.com\/pt\/areas-para-fumantes-nos-aeroportos-do-paquistao\/\">PAQUIST\u00c3O<\/a><\/li>\n<li><a href=\"https:\/\/airportsmokinglounge.com\/pt\/areas-para-fumantes-em-aeroportos-filipinos\/\">FILIPINAS<\/a><\/li>\n<li><a href=\"https:\/\/airportsmokinglounge.com\/pt\/areas-para-fumantes-no-aeroporto-internacional-doha-hamad-doh\/\">CATAR<\/a><\/li>\n<li><a href=\"https:\/\/airportsmokinglounge.com\/pt\/areas-para-fumantes-nos-aeroportos-da-arabia-saudita\/\">AR\u00c1BIA SAUDITA<\/a><\/li>\n<li><a href=\"https:\/\/airportsmokinglounge.com\/pt\/areas-para-fumantes-nos-aeroportos-de-cingapura\/\">CINGAPURA<\/a><\/li>\n<li><a href=\"https:\/\/airportsmokinglounge.com\/pt\/areas-para-fumantes-nos-aeroportos-da-coreia-do-sul\/\">COREIA DO SUL<\/a><\/li>\n<li><a href=\"https:\/\/airportsmokinglounge.com\/pt\/areas-para-fumantes-nos-aeroportos-do-sri-lanka\/\">SRI LANKA<\/a><\/li>\n<li><a href=\"https:\/\/airportsmokinglounge.com\/pt\/areas-para-fumantes-nos-aeroportos-de-taiwan\/\">TAIWAN<\/a><\/li>\n<li><a href=\"https:\/\/airportsmokinglounge.com\/pt\/areas-para-fumantes-nos-aeroportos-da-tailandia\/\">TAIL\u00c2NDIA<\/a><\/li>\n<li><a href=\"https:\/\/airportsmokinglounge.com\/pt\/areas-para-fumantes-nos-aeroportos-dos-emirados-arabes-unidos\/\">EMIRADOS \u00c1RABES UNIDOS<\/a><\/li>\n<li><a href=\"https:\/\/airportsmokinglounge.com\/pt\/areas-para-fumantes-em-aeroportos-do-uzbequistao\/\">UZBEQUIST\u00c3O<\/a><\/li>\n<li><a href=\"https:\/\/airportsmokinglounge.com\/pt\/areas-para-fumantes-nos-aeroportos-do-iemen\/\">I\u00c9MEN<\/a><\/li>\n<li><a href=\"https:\/\/airportsmokinglounge.com\/pt\/areas-para-fumantes-nos-aeroportos-do-vietna\/\">VIETN\u00c3<\/a><\/li>\n<\/ul>\n<h2>Servi\u00e7o para fumantes em aeroportos asi\u00e1ticos<\/h2>\n<p><span style=\"font-size: 14pt;\">Em alguns pa\u00edses asi\u00e1ticos, fumar ainda \u00e9 amplamente aceito e comum, e \u00e1reas designadas para fumantes podem ser encontradas em muitos aeroportos. Essas \u00e1reas designadas para fumantes est\u00e3o normalmente localizadas em espa\u00e7os externos distantes do edif\u00edcio principal do terminal e podem ser equipadas com cinzeiros, assentos e abrigos para fumantes. <\/span><\/p>\n<p><span style=\"font-size: 14pt;\">No entanto, \u00e9 importante observar que a disponibilidade e a qualidade dessas \u00e1reas para fumantes podem variar muito de aeroporto para aeroporto e nem sempre atendem \u00e0s expectativas dos viajantes que fumam.<\/span><\/p>\n<p><span style=\"font-size: 14pt;\">Por outro lado, tamb\u00e9m existem pa\u00edses asi\u00e1ticos onde fumar \u00e9 estritamente regulamentado e \u00e9 proibido fumar nos aeroportos em todas as \u00e1reas interiores e exteriores. Isto significa que os viajantes que fumam podem enfrentar dificuldades em encontrar locais adequados para fumar dentro das instala\u00e7\u00f5es do aeroporto e podem ter de sair das instala\u00e7\u00f5es do aeroporto para fumar, se permitido pelas leis locais.<\/span><\/p>\n<p><span style=\"font-size: 14pt;\">Aqui est\u00e3o todas as informa\u00e7\u00f5es que voc\u00ea precisa para encontrar um espa\u00e7o para fumantes em um aeroporto asi\u00e1tico.<\/span><\/p>\n<h3><span style=\"font-size: 14pt;\">Envie-nos coment\u00e1rios<\/span><\/h3>\n<p><span style=\"font-size: 14pt;\">Se voc\u00ea estiver em qualquer aeroporto da \u00c1sia, fique \u00e0 vontade para nos enviar fotos das \u00e1reas para fumantes. Isso nos ajudar\u00e1 a preencher nosso banco de dados mais rapidamente. Voc\u00ea consegue fazer isso <strong><a href=\"https:\/\/airportsmokinglounge.com\/pt\/contato\/\">Aqui<\/a>.<\/strong>\u00a0As imagens s\u00e3o publicadas em nosso site, indicando a fonte da imagem (nome). Sinta-se \u00e0 vontade para compartilhar essas fotos conosco e com todos os visitantes do Airport Smokinglounge.com.<\/span><\/p>\n<p><strong><span style=\"font-size: 14pt;\">Mais \u00e1reas para fumantes no aeroporto<\/span><\/strong><\/p>\n<ul style=\"list-style-type: circle;\">\n<li><a href=\"https:\/\/airportsmokinglounge.com\/pt\/fumar-em-aeroportos-na-africa\/\">\u00c1frica<\/a><\/li>\n<li><a href=\"https:\/\/airportsmokinglounge.com\/pt\/fumar-nos-aeroportos-da-america-do-norte\/\">Am\u00e9rica do Norte<\/a><\/li>\n<li><a href=\"https:\/\/airportsmokinglounge.com\/pt\/areas-para-fumantes-nos-aeroportos-europeus\/\">Europa<\/a><\/li>\n<li><a href=\"https:\/\/airportsmokinglounge.com\/pt\/fumando-nos-aeroportos-da-america-do-sul\/\">Am\u00e9rica do Sul<\/a><\/li>\n<li><a href=\"https:\/\/airportsmokinglounge.com\/pt\/fumar-em-aeroportos-na-oceania\/\">Oce\u00e2nia<\/a><\/li>\n<\/ul>","protected":false},"excerpt":{"rendered":"<p>\u00c1reas para fumantes em aeroportos da \u00c1sia Neste site voc\u00ea pode encontrar todas as \u00e1reas para fumantes em aeroportos asi\u00e1ticos, incluindo \u00e1reas designadas para fumantes e instala\u00e7\u00f5es dispon\u00edveis. Entendemos a frustra\u00e7\u00e3o de passar pela seguran\u00e7a apenas para descobrir que n\u00e3o h\u00e1 \u00e1reas para fumantes em lugar nenhum e, em alguns casos, cigarros eletr\u00f4nicos podem n\u00e3o ser permitidos. Este servi\u00e7o \u00e9 para\u2026&nbsp;<a href=\"https:\/\/airportsmokinglounge.com\/pt\/fumar-em-aeroportos-na-asia\/\" rel=\"bookmark\">Ler mais \u00bb<span class=\"screen-reader-text\">Fumar nos aeroportos da \u00c1sia<\/span><\/a><\/p>","protected":false},"author":1,"featured_media":1202,"parent":0,"menu_order":0,"comment_status":"closed","ping_status":"closed","template":"","meta":{"neve_meta_sidebar":"","neve_meta_container":"","neve_meta_enable_content_width":"off","neve_meta_content_width":100,"neve_meta_title_alignment":"","neve_meta_author_avatar":"","neve_post_elements_order":"","neve_meta_disable_header":"","neve_meta_disable_footer":"","neve_meta_disable_title":"","neve_meta_reading_time":"","footnotes":""},"class_list":["post-65","page","type-page","status-publish","has-post-thumbnail","hentry"],"yoast_head":"<!-- This site is optimized with the Yoast SEO plugin v26.6 - https:\/\/yoast.com\/wordpress\/plugins\/seo\/ -->\n<title>Smoking in airports in Asia - airportsmokinglounge.com<\/title>\n<meta name=\"description\" content=\"Smoking in airports in Asia \u2714\ufe0e A Comprehensive Guide to Smoking Areas and Smoking Policies in Major Asian Airports \u2714\ufe0e\" \/>\n<meta name=\"robots\" content=\"index, follow, max-snippet:-1, max-image-preview:large, max-video-preview:-1\" \/>\n<link rel=\"canonical\" href=\"https:\/\/airportsmokinglounge.com\/pt\/fumar-em-aeroportos-na-asia\/\" \/>\n<meta property=\"og:locale\" content=\"pt_BR\" \/>\n<meta property=\"og:type\" content=\"article\" \/>\n<meta property=\"og:title\" content=\"Smoking in airports in Asia - airportsmokinglounge.com\" \/>\n<meta property=\"og:description\" content=\"Smoking in airports in Asia \u2714\ufe0e A Comprehensive Guide to Smoking Areas and Smoking Policies in Major Asian Airports \u2714\ufe0e\" \/>\n<meta property=\"og:url\" content=\"https:\/\/airportsmokinglounge.com\/pt\/fumar-em-aeroportos-na-asia\/\" \/>\n<meta property=\"og:site_name\" content=\"airportsmokinglounge.com\" \/>\n<meta property=\"article:modified_time\" content=\"2023-05-22T21:51:57+00:00\" \/>\n<meta property=\"og:image\" content=\"https:\/\/airportsmokinglounge.com\/wp-content\/uploads\/2023\/03\/airport-smoking-lounge-7.jpg\" \/>\n\t<meta property=\"og:image:width\" content=\"2048\" \/>\n\t<meta property=\"og:image:height\" content=\"1152\" \/>\n\t<meta property=\"og:image:type\" content=\"image\/jpeg\" \/>\n<meta name=\"twitter:card\" content=\"summary_large_image\" \/>\n<meta name=\"twitter:label1\" content=\"Est. tempo de leitura\" \/>\n\t<meta name=\"twitter:data1\" content=\"2 minutos\" \/>\n<script type=\"application\/ld+json\" class=\"yoast-schema-graph\">{\"@context\":\"https:\/\/schema.org\",\"@graph\":[{\"@type\":\"WebPage\",\"@id\":\"https:\/\/airportsmokinglounge.com\/smoking-in-airports-in-asia\/\",\"url\":\"https:\/\/airportsmokinglounge.com\/smoking-in-airports-in-asia\/\",\"name\":\"Smoking in airports in Asia - airportsmokinglounge.com\",\"isPartOf\":{\"@id\":\"https:\/\/airportsmokinglounge.com\/#website\"},\"primaryImageOfPage\":{\"@id\":\"https:\/\/airportsmokinglounge.com\/smoking-in-airports-in-asia\/#primaryimage\"},\"image\":{\"@id\":\"https:\/\/airportsmokinglounge.com\/smoking-in-airports-in-asia\/#primaryimage\"},\"thumbnailUrl\":\"https:\/\/airportsmokinglounge.com\/wp-content\/uploads\/2023\/03\/airport-smoking-lounge-7.jpg\",\"datePublished\":\"2023-02-20T12:30:23+00:00\",\"dateModified\":\"2023-05-22T21:51:57+00:00\",\"description\":\"Smoking in airports in Asia \u2714\ufe0e A Comprehensive Guide to Smoking Areas and Smoking Policies in Major Asian Airports \u2714\ufe0e\",\"breadcrumb\":{\"@id\":\"https:\/\/airportsmokinglounge.com\/smoking-in-airports-in-asia\/#breadcrumb\"},\"inLanguage\":\"pt-BR\",\"potentialAction\":[{\"@type\":\"ReadAction\",\"target\":[\"https:\/\/airportsmokinglounge.com\/smoking-in-airports-in-asia\/\"]}]},{\"@type\":\"ImageObject\",\"inLanguage\":\"pt-BR\",\"@id\":\"https:\/\/airportsmokinglounge.com\/smoking-in-airports-in-asia\/#primaryimage\",\"url\":\"https:\/\/airportsmokinglounge.com\/wp-content\/uploads\/2023\/03\/airport-smoking-lounge-7.jpg\",\"contentUrl\":\"https:\/\/airportsmokinglounge.com\/wp-content\/uploads\/2023\/03\/airport-smoking-lounge-7.jpg\",\"width\":2048,\"height\":1152,\"caption\":\"Airport Smoking areas\"},{\"@type\":\"BreadcrumbList\",\"@id\":\"https:\/\/airportsmokinglounge.com\/smoking-in-airports-in-asia\/#breadcrumb\",\"itemListElement\":[{\"@type\":\"ListItem\",\"position\":1,\"name\":\"Home\",\"item\":\"https:\/\/airportsmokinglounge.com\/\"},{\"@type\":\"ListItem\",\"position\":2,\"name\":\"Smoking in airports in Asia\"}]},{\"@type\":\"WebSite\",\"@id\":\"https:\/\/airportsmokinglounge.com\/#website\",\"url\":\"https:\/\/airportsmokinglounge.com\/\",\"name\":\"airportsmokinglounge.com\",\"description\":\"\",\"potentialAction\":[{\"@type\":\"SearchAction\",\"target\":{\"@type\":\"EntryPoint\",\"urlTemplate\":\"https:\/\/airportsmokinglounge.com\/?s={search_term_string}\"},\"query-input\":{\"@type\":\"PropertyValueSpecification\",\"valueRequired\":true,\"valueName\":\"search_term_string\"}}],\"inLanguage\":\"pt-BR\"}]}<\/script>\n<!-- \/ Yoast SEO plugin. -->","yoast_head_json":{"title":"Fumar nos aeroportos da \u00c1sia - aeroportosmokinglounge.com","description":"Fumar nos aeroportos da \u00c1sia \u2714\ufe0e Um guia abrangente para \u00e1reas para fumantes e pol\u00edticas para fumantes nos principais aeroportos da \u00c1sia \u2714\ufe0e","robots":{"index":"index","follow":"follow","max-snippet":"max-snippet:-1","max-image-preview":"max-image-preview:large","max-video-preview":"max-video-preview:-1"},"canonical":"https:\/\/airportsmokinglounge.com\/pt\/fumar-em-aeroportos-na-asia\/","og_locale":"pt_BR","og_type":"article","og_title":"Smoking in airports in Asia - airportsmokinglounge.com","og_description":"Smoking in airports in Asia \u2714\ufe0e A Comprehensive Guide to Smoking Areas and Smoking Policies in Major Asian Airports \u2714\ufe0e","og_url":"https:\/\/airportsmokinglounge.com\/pt\/fumar-em-aeroportos-na-asia\/","og_site_name":"airportsmokinglounge.com","article_modified_time":"2023-05-22T21:51:57+00:00","og_image":[{"width":2048,"height":1152,"url":"https:\/\/airportsmokinglounge.com\/wp-content\/uploads\/2023\/03\/airport-smoking-lounge-7.jpg","type":"image\/jpeg"}],"twitter_card":"summary_large_image","twitter_misc":{"Est. tempo de leitura":"2 minutos"},"schema":{"@context":"https:\/\/schema.org","@graph":[{"@type":"WebPage","@id":"https:\/\/airportsmokinglounge.com\/smoking-in-airports-in-asia\/","url":"https:\/\/airportsmokinglounge.com\/smoking-in-airports-in-asia\/","name":"Fumar nos aeroportos da \u00c1sia - aeroportosmokinglounge.com","isPartOf":{"@id":"https:\/\/airportsmokinglounge.com\/#website"},"primaryImageOfPage":{"@id":"https:\/\/airportsmokinglounge.com\/smoking-in-airports-in-asia\/#primaryimage"},"image":{"@id":"https:\/\/airportsmokinglounge.com\/smoking-in-airports-in-asia\/#primaryimage"},"thumbnailUrl":"https:\/\/airportsmokinglounge.com\/wp-content\/uploads\/2023\/03\/airport-smoking-lounge-7.jpg","datePublished":"2023-02-20T12:30:23+00:00","dateModified":"2023-05-22T21:51:57+00:00","description":"Fumar nos aeroportos da \u00c1sia \u2714\ufe0e Um guia abrangente para \u00e1reas para fumantes e pol\u00edticas para fumantes nos principais aeroportos da \u00c1sia \u2714\ufe0e","breadcrumb":{"@id":"https:\/\/airportsmokinglounge.com\/smoking-in-airports-in-asia\/#breadcrumb"},"inLanguage":"pt-BR","potentialAction":[{"@type":"ReadAction","target":["https:\/\/airportsmokinglounge.com\/smoking-in-airports-in-asia\/"]}]},{"@type":"ImageObject","inLanguage":"pt-BR","@id":"https:\/\/airportsmokinglounge.com\/smoking-in-airports-in-asia\/#primaryimage","url":"https:\/\/airportsmokinglounge.com\/wp-content\/uploads\/2023\/03\/airport-smoking-lounge-7.jpg","contentUrl":"https:\/\/airportsmokinglounge.com\/wp-content\/uploads\/2023\/03\/airport-smoking-lounge-7.jpg","width":2048,"height":1152,"caption":"Airport Smoking areas"},{"@type":"BreadcrumbList","@id":"https:\/\/airportsmokinglounge.com\/smoking-in-airports-in-asia\/#breadcrumb","itemListElement":[{"@type":"ListItem","position":1,"name":"Home","item":"https:\/\/airportsmokinglounge.com\/"},{"@type":"ListItem","position":2,"name":"Smoking in airports in Asia"}]},{"@type":"WebSite","@id":"https:\/\/airportsmokinglounge.com\/#website","url":"https:\/\/airportsmokinglounge.com\/","name":"www.airport Smokinglounge.com","description":"","potentialAction":[{"@type":"SearchAction","target":{"@type":"EntryPoint","urlTemplate":"https:\/\/airportsmokinglounge.com\/?s={search_term_string}"},"query-input":{"@type":"PropertyValueSpecification","valueRequired":true,"valueName":"search_term_string"}}],"inLanguage":"pt-BR"}]}},"_links":{"self":[{"href":"https:\/\/airportsmokinglounge.com\/pt\/wp-json\/wp\/v2\/pages\/65","targetHints":{"allow":["GET"]}}],"collection":[{"href":"https:\/\/airportsmokinglounge.com\/pt\/wp-json\/wp\/v2\/pages"}],"about":[{"href":"https:\/\/airportsmokinglounge.com\/pt\/wp-json\/wp\/v2\/types\/page"}],"author":[{"embeddable":true,"href":"https:\/\/airportsmokinglounge.com\/pt\/wp-json\/wp\/v2\/users\/1"}],"replies":[{"embeddable":true,"href":"https:\/\/airportsmokinglounge.com\/pt\/wp-json\/wp\/v2\/comments?post=65"}],"version-history":[{"count":10,"href":"https:\/\/airportsmokinglounge.com\/pt\/wp-json\/wp\/v2\/pages\/65\/revisions"}],"predecessor-version":[{"id":5871,"href":"https:\/\/airportsmokinglounge.com\/pt\/wp-json\/wp\/v2\/pages\/65\/revisions\/5871"}],"wp:featuredmedia":[{"embeddable":true,"href":"https:\/\/airportsmokinglounge.com\/pt\/wp-json\/wp\/v2\/media\/1202"}],"wp:attachment":[{"href":"https:\/\/airportsmokinglounge.com\/pt\/wp-json\/wp\/v2\/media?parent=65"}],"curies":[{"name":"wp","href":"https:\/\/api.w.org\/{rel}","templated":true}]}}