{"id":68,"date":"2023-02-20T13:42:44","date_gmt":"2023-02-20T12:42:44","guid":{"rendered":"https:\/\/airportsmokinglounge.com\/?page_id=68"},"modified":"2023-05-30T23:53:35","modified_gmt":"2023-05-30T21:53:35","slug":"smoking-areas-in-european-airports","status":"publish","type":"page","link":"https:\/\/airportsmokinglounge.com\/pt\/areas-para-fumantes-nos-aeroportos-europeus\/","title":{"rendered":"Zonas de fumadores nos aeroportos europeus"},"content":{"rendered":"<h2>Fumar nos aeroportos europeus<\/h2>\n<p><span style=\"font-size: 14pt;\">Neste site voc\u00ea pode encontrar todas as \u00e1reas para fumantes nos aeroportos europeus, incluindo \u00e1reas designadas para fumantes e instala\u00e7\u00f5es dispon\u00edveis. Entendemos a frustra\u00e7\u00e3o de passar pela seguran\u00e7a apenas para descobrir que n\u00e3o h\u00e1 \u00e1reas para fumantes em nenhum lugar e, em alguns casos, os cigarros eletr\u00f4nicos podem n\u00e3o ser permitidos. <\/span><\/p>\n<p><span style=\"font-size: 14pt;\">Este servi\u00e7o destina-se a todos os fumadores que queiram fumar um cigarro antes ou depois de voos longos.<\/span><\/p>\n<p><strong><span style=\"font-size: 14pt;\">Escolha seu pa\u00eds:<\/span><\/strong><\/p>\n<ul style=\"list-style-type: circle;\">\n<li><a href=\"https:\/\/airportsmokinglounge.com\/pt\/fumar-no-aeroporto-de-andorra-la-seu-durgell-leu\/\">ANDORRA<\/a><\/li>\n<li><a href=\"https:\/\/airportsmokinglounge.com\/pt\/fumar-em-aeroportos-austriacos\/\">\u00c1USTRIA<\/a><\/li>\n<li><a href=\"https:\/\/airportsmokinglounge.com\/pt\/areas-para-fumantes-no-tirana-aeroporto-internacional-tia\/\">ALB\u00c2NIA<\/a><\/li>\n<li><a href=\"https:\/\/airportsmokinglounge.com\/pt\/fumar-nos-aeroportos-da-belgica\/\">B\u00c9LGICA<\/a><\/li>\n<li><a href=\"https:\/\/airportsmokinglounge.com\/pt\/areas-para-fumantes-em-aeroportos-bielorrussos\/\">BIELOR\u00daSSIA<\/a><\/li>\n<li><a href=\"https:\/\/airportsmokinglounge.com\/pt\/areas-para-fumantes-nos-aeroportos-da-bosnia-e-herzegovina\/\">B\u00d3SNIA E HERZEGOVINA<\/a><\/li>\n<li><a href=\"https:\/\/airportsmokinglounge.com\/pt\/areas-para-fumantes-em-aeroportos-bulgaros\/\">BULG\u00c1RIA<\/a><\/li>\n<li><a href=\"https:\/\/airportsmokinglounge.com\/pt\/areas-para-fumantes-nos-aeroportos-croacias\/\">CRO\u00c1CIA<\/a><\/li>\n<li><a href=\"https:\/\/airportsmokinglounge.com\/pt\/areas-para-fumantes-em-aeroportos-de-chipre\/\">CHIPRE<\/a><\/li>\n<li><a href=\"https:\/\/airportsmokinglounge.com\/pt\/areas-para-fumantes-nos-aeroportos-da-republica-tcheca\/\">REP\u00daBLICA CHECA<\/a><\/li>\n<li><a href=\"https:\/\/airportsmokinglounge.com\/pt\/areas-para-fumantes-em-aeroportos-dinamarqueses\/\">DINAMARCA<\/a><\/li>\n<li><a href=\"https:\/\/airportsmokinglounge.com\/pt\/areas-para-fumantes-nos-aeroportos-do-reino-unido-inglaterra\/\">REINO UNIDO \u2013 INGLATERRA<\/a><\/li>\n<li><a href=\"https:\/\/airportsmokinglounge.com\/pt\/areas-para-fumantes-nos-aeroportos-da-estonia\/\">EST\u00d4NIA<\/a><\/li>\n<li><a href=\"https:\/\/airportsmokinglounge.com\/pt\/areas-para-fumantes-nos-aeroportos-da-finlandia\/\">FINL\u00c2NDIA<\/a><\/li>\n<li><a href=\"https:\/\/airportsmokinglounge.com\/pt\/areas-para-fumantes-em-aeroportos-franceses\/\">FRAN\u00c7A<\/a><\/li>\n<li><a href=\"https:\/\/airportsmokinglounge.com\/pt\/areas-para-fumantes-em-aeroportos-da-georgia\/\">GE\u00d3RGIA<\/a><\/li>\n<li><a href=\"https:\/\/airportsmokinglounge.com\/pt\/areas-para-fumantes-em-aeroportos-alemaes\/\">ALEMANHA<\/a><\/li>\n<li><a href=\"https:\/\/airportsmokinglounge.com\/pt\/areas-para-fumantes-nos-aeroportos-da-grecia\/\">GR\u00c9CIA<\/a><\/li>\n<li><a href=\"https:\/\/airportsmokinglounge.com\/pt\/areas-para-fumantes-nos-aeroportos-da-hungria\/\">HUNGRIA<\/a><\/li>\n<li><a href=\"https:\/\/airportsmokinglounge.com\/pt\/areas-para-fumantes-em-aeroportos-da-islandia\/\">ISL\u00c2NDIA<\/a><\/li>\n<li><a href=\"https:\/\/airportsmokinglounge.com\/pt\/areas-para-fumantes-em-aeroportos-italianos\/\">IT\u00c1LIA<\/a><\/li>\n<li><a href=\"https:\/\/airportsmokinglounge.com\/pt\/areas-para-fumantes-nos-aeroportos-da-irlanda\/\">IRLANDA<\/a><\/li>\n<li><a href=\"https:\/\/airportsmokinglounge.com\/pt\/areas-para-fumantes-nos-aeroportos-da-irlanda-do-norte\/\">IRLANDA DO NORTE<\/a><\/li>\n<li><a href=\"https:\/\/airportsmokinglounge.com\/pt\/areas-para-fumantes-no-aeroporto-internacional-de-pristina-prn\/\">KOSOVO<\/a><\/li>\n<li><a href=\"https:\/\/airportsmokinglounge.com\/pt\/areas-para-fumantes-no-aeroporto-riga-internacional-rix\/\">LET\u00d4NIA<\/a><\/li>\n<li><a href=\"https:\/\/airportsmokinglounge.com\/pt\/areas-para-fumantes-no-aeroporto-internacional-de-vilnius-vno\/\">LITU\u00c2NIA<\/a><\/li>\n<li><a href=\"https:\/\/airportsmokinglounge.com\/pt\/areas-para-fumantes-no-aeroporto-vaduz-qvu\/\">LIECHTENSTEIN<\/a><\/li>\n<li><a href=\"https:\/\/airportsmokinglounge.com\/pt\/areas-para-fumantes-no-aeroporto-findel-lux\/\">LUXEMBURGO<\/a><\/li>\n<li><a href=\"https:\/\/airportsmokinglounge.com\/pt\/areas-para-fumantes-no-aeroporto-internacional-de-chisinau-kiv\/\">MOLDOVA<\/a><\/li>\n<li><a href=\"https:\/\/airportsmokinglounge.com\/pt\/areas-para-fumantes-no-aeroporto-malta-internacional-mla\/\">MALTA<\/a><\/li>\n<li><a href=\"https:\/\/airportsmokinglounge.com\/pt\/fumar-em-aeroportos-de-montenegros\/\">MONTENEGRO<\/a><\/li>\n<li><a href=\"https:\/\/airportsmokinglounge.com\/pt\/areas-para-fumantes-nos-aeroportos-da-macedonia\/\">MACED\u00d4NIA<\/a><\/li>\n<li><a href=\"https:\/\/airportsmokinglounge.com\/pt\/areas-para-fumantes-em-aeroportos-holandeses\/\">PA\u00cdSES BAIXOS \u2013 HOLANDA<\/a><\/li>\n<li><a href=\"https:\/\/airportsmokinglounge.com\/pt\/areas-para-fumantes-em-aeroportos-noruegueses\/\">NORUEGA<\/a><\/li>\n<li><a href=\"https:\/\/airportsmokinglounge.com\/pt\/zonas-fumadores-nos-aeroportos-portugueses\/\">PORTUGAL<\/a><\/li>\n<li><a href=\"https:\/\/airportsmokinglounge.com\/pt\/areas-para-fumantes-nos-aeroportos-da-polonia\/\">POL\u00d4NIA<\/a><\/li>\n<li><a href=\"https:\/\/airportsmokinglounge.com\/pt\/areas-para-fumantes-nos-aeroportos-da-romenia\/\">ROM\u00caNIA<\/a><\/li>\n<li><a href=\"https:\/\/airportsmokinglounge.com\/pt\/areas-para-fumantes-em-aeroportos-russos\/\">R\u00daSSIA<\/a><\/li>\n<li><a href=\"https:\/\/airportsmokinglounge.com\/pt\/areas-para-fumantes-nos-aeroportos-da-escocia\/\">ESC\u00d3CIA<\/a><\/li>\n<li><a href=\"https:\/\/airportsmokinglounge.com\/pt\/areas-para-fumantes-nos-aeroportos-espanhois\/\">ESPANHA<\/a><\/li>\n<li><a href=\"https:\/\/airportsmokinglounge.com\/pt\/areas-para-fumantes-nos-aeroportos-da-suecia\/\">SU\u00c9CIA<\/a><\/li>\n<li><a href=\"https:\/\/airportsmokinglounge.com\/pt\/areas-para-fumantes-em-aeroportos-suicos\/\">SU\u00cd\u00c7A<\/a><\/li>\n<li><a href=\"https:\/\/airportsmokinglounge.com\/pt\/areas-para-fumantes-nos-aeroportos-da-servia\/\">S\u00c9RVIA<\/a><\/li>\n<li><a href=\"https:\/\/airportsmokinglounge.com\/pt\/areas-para-fumantes-nos-aeroportos-da-eslovaquia\/\">ESLOV\u00c1QUIA<\/a><\/li>\n<li><a href=\"https:\/\/airportsmokinglounge.com\/pt\/areas-para-fumantes-nos-aeroportos-eslovenos\/\">ESLOV\u00caNIA<\/a><\/li>\n<li><a href=\"https:\/\/airportsmokinglounge.com\/pt\/areas-para-fumantes-em-aeroportos-perus\/\">PERU<\/a><\/li>\n<li><a href=\"https:\/\/airportsmokinglounge.com\/pt\/areas-para-fumantes-nos-aeroportos-da-ucrania\/\">UCR\u00c2NIA<\/a><\/li>\n<li><a href=\"https:\/\/airportsmokinglounge.com\/pt\/areas-para-fumantes-nos-aeroportos-do-vaticano\/\">VATICANO<\/a><\/li>\n<li><a href=\"https:\/\/airportsmokinglounge.com\/pt\/areas-para-fumantes-nos-aeroportos-do-pais-de-gales\/\">PA\u00cdS DE GALES<\/a><\/li>\n<\/ul>\n<h2>Servi\u00e7o Europeu para Fumantes em Aeroportos<\/h2>\n<p><span style=\"font-size: 14pt;\">Fumar nos aeroportos europeus \u00e9 um tema de grande interesse para os Viajantes que fumam. Muitos aeroportos possuem \u00e1reas designadas para fumantes, que normalmente ficam localizadas fora dos terminais. A disponibilidade de \u00e1reas para fumadores nos aeroportos europeus varia consoante o pa\u00eds e o aeroporto.<\/span><\/p>\n<p><span style=\"font-size: 14pt;\">Um desafio para os viajantes que fumam \u00e9 a disponibilidade limitada de \u00e1reas para fumantes em alguns aeroportos europeus. Em alguns casos, as \u00e1reas para fumantes est\u00e3o localizadas longe do terminal ou n\u00e3o s\u00e3o bem sinalizadas, dificultando a localiza\u00e7\u00e3o dos viajantes. Isso pode ser especialmente frustrante para viajantes que est\u00e3o com pressa para pegar um voo e precisam fumar antes de embarcar.<\/span><\/p>\n<p><span style=\"font-size: 14pt;\">Apesar dos desafios, muitos aeroportos europeus tomaram medidas para melhorar suas \u00e1reas para fumantes e torn\u00e1-las mais acess\u00edveis aos viajantes. Alguns aeroportos instalaram lounges internos para fumantes, que oferecem uma op\u00e7\u00e3o mais confort\u00e1vel e conveniente para os fumantes. Outros aeroportos adicionaram \u00e1reas externas para fumantes com abrigo e assentos para tornar a experi\u00eancia mais confort\u00e1vel.<\/span><\/p>\n<p><span style=\"font-size: 14pt;\">Em conclus\u00e3o, fumar nos aeroportos \u00e9 uma quest\u00e3o importante para os viajantes que fumam. Embora haja \u00e1reas para fumantes em muitos aeroportos, a disponibilidade e acessibilidade dessas \u00e1reas variam muito, dependendo do aeroporto e do pa\u00eds. Como tal, \u00e9 importante que os aeroportos europeus continuem a melhorar suas \u00e1reas para fumantes e ofere\u00e7am op\u00e7\u00f5es seguras e convenientes para fumantes, al\u00e9m de proteger a sa\u00fade e os direitos dos n\u00e3o fumantes.<\/span><\/p>\n<p><span style=\"font-size: 14pt;\">Aqui voc\u00ea encontrar\u00e1 todas as informa\u00e7\u00f5es necess\u00e1rias para encontrar uma \u00e1rea para fumantes em um aeroporto europeu.<\/span><\/p>\n<h3><span style=\"font-size: 14pt;\">Envie-nos coment\u00e1rios<\/span><\/h3>\n<p><span style=\"font-size: 14pt;\">Se voc\u00ea estiver em qualquer aeroporto da Europa, sinta-se \u00e0 vontade para nos enviar fotos das \u00e1reas para fumantes. Isso nos ajudar\u00e1 a preencher nosso banco de dados mais rapidamente. Voc\u00ea consegue fazer isso <strong><a href=\"https:\/\/airportsmokinglounge.com\/pt\/contato\/\">Aqui<\/a>.<\/strong>\u00a0As imagens s\u00e3o publicadas em nosso site, indicando a fonte da imagem (nome). Sinta-se \u00e0 vontade para compartilhar essas fotos conosco e com todos os visitantes do Airport Smokinglounge.com.<\/span><\/p>\n<p><strong><span style=\"font-size: 14pt;\">Mais \u00e1reas para fumantes no aeroporto<\/span><\/strong><\/p>\n<ul style=\"list-style-type: circle;\">\n<li><a href=\"https:\/\/airportsmokinglounge.com\/pt\/fumar-nos-aeroportos-da-america-do-norte\/\">Am\u00e9rica do Norte<\/a><\/li>\n<li><a href=\"https:\/\/airportsmokinglounge.com\/pt\/fumando-nos-aeroportos-da-america-do-sul\/\">Am\u00e9rica do Sul<\/a><\/li>\n<li><a href=\"https:\/\/airportsmokinglounge.com\/pt\/fumar-em-aeroportos-na-africa\/\">\u00c1frica<\/a><\/li>\n<li><a href=\"https:\/\/airportsmokinglounge.com\/pt\/fumar-em-aeroportos-na-asia\/\">\u00c1sia<\/a><\/li>\n<li><a href=\"https:\/\/airportsmokinglounge.com\/pt\/fumar-em-aeroportos-na-oceania\/\">Oce\u00e2nia<\/a><\/li>\n<\/ul>","protected":false},"excerpt":{"rendered":"<p>Fumar em aeroportos europeus. Neste site, voc\u00ea encontra todas as \u00e1reas para fumantes em aeroportos europeus, incluindo \u00e1reas designadas e instala\u00e7\u00f5es dispon\u00edveis. Entendemos a frustra\u00e7\u00e3o de passar pela seguran\u00e7a e descobrir que n\u00e3o h\u00e1 \u00e1reas para fumantes em lugar nenhum e que, em alguns casos, cigarros eletr\u00f4nicos podem n\u00e3o ser permitidos. Este servi\u00e7o \u00e9 para todos\u2026&nbsp;<a href=\"https:\/\/airportsmokinglounge.com\/pt\/areas-para-fumantes-nos-aeroportos-europeus\/\" rel=\"bookmark\">Ler mais \u00bb<span class=\"screen-reader-text\">Zonas de fumadores nos aeroportos europeus<\/span><\/a><\/p>","protected":false},"author":1,"featured_media":1202,"parent":0,"menu_order":0,"comment_status":"closed","ping_status":"closed","template":"","meta":{"neve_meta_sidebar":"","neve_meta_container":"","neve_meta_enable_content_width":"off","neve_meta_content_width":100,"neve_meta_title_alignment":"","neve_meta_author_avatar":"","neve_post_elements_order":"","neve_meta_disable_header":"","neve_meta_disable_footer":"","neve_meta_disable_title":"","neve_meta_reading_time":"","footnotes":""},"class_list":["post-68","page","type-page","status-publish","has-post-thumbnail","hentry"],"yoast_head":"<!-- This site is optimized with the Yoast SEO plugin v26.6 - https:\/\/yoast.com\/wordpress\/plugins\/seo\/ -->\n<title>Smoking areas in European Airports - airportsmokinglounge.com<\/title>\n<meta name=\"description\" content=\"Smoking areas in European Airports \u2714\ufe0e A Comprehensive Guide to Smoking Areas and Smoking Policies in Major European Airports \u2714\ufe0e\" \/>\n<meta name=\"robots\" content=\"index, follow, max-snippet:-1, max-image-preview:large, max-video-preview:-1\" \/>\n<link rel=\"canonical\" href=\"https:\/\/airportsmokinglounge.com\/pt\/areas-para-fumantes-nos-aeroportos-europeus\/\" \/>\n<meta property=\"og:locale\" content=\"pt_BR\" \/>\n<meta property=\"og:type\" content=\"article\" \/>\n<meta property=\"og:title\" content=\"Smoking areas in European Airports - airportsmokinglounge.com\" \/>\n<meta property=\"og:description\" content=\"Smoking areas in European Airports \u2714\ufe0e A Comprehensive Guide to Smoking Areas and Smoking Policies in Major European Airports \u2714\ufe0e\" \/>\n<meta property=\"og:url\" content=\"https:\/\/airportsmokinglounge.com\/pt\/areas-para-fumantes-nos-aeroportos-europeus\/\" \/>\n<meta property=\"og:site_name\" content=\"airportsmokinglounge.com\" \/>\n<meta property=\"article:modified_time\" content=\"2023-05-30T21:53:35+00:00\" \/>\n<meta property=\"og:image\" content=\"https:\/\/airportsmokinglounge.com\/wp-content\/uploads\/2023\/03\/airport-smoking-lounge-7.jpg\" \/>\n\t<meta property=\"og:image:width\" content=\"2048\" \/>\n\t<meta property=\"og:image:height\" content=\"1152\" \/>\n\t<meta property=\"og:image:type\" content=\"image\/jpeg\" \/>\n<meta name=\"twitter:card\" content=\"summary_large_image\" \/>\n<meta name=\"twitter:label1\" content=\"Est. tempo de leitura\" \/>\n\t<meta name=\"twitter:data1\" content=\"2 minutos\" \/>\n<script type=\"application\/ld+json\" class=\"yoast-schema-graph\">{\"@context\":\"https:\/\/schema.org\",\"@graph\":[{\"@type\":\"WebPage\",\"@id\":\"https:\/\/airportsmokinglounge.com\/smoking-areas-in-european-airports\/\",\"url\":\"https:\/\/airportsmokinglounge.com\/smoking-areas-in-european-airports\/\",\"name\":\"Smoking areas in European Airports - airportsmokinglounge.com\",\"isPartOf\":{\"@id\":\"https:\/\/airportsmokinglounge.com\/#website\"},\"primaryImageOfPage\":{\"@id\":\"https:\/\/airportsmokinglounge.com\/smoking-areas-in-european-airports\/#primaryimage\"},\"image\":{\"@id\":\"https:\/\/airportsmokinglounge.com\/smoking-areas-in-european-airports\/#primaryimage\"},\"thumbnailUrl\":\"https:\/\/airportsmokinglounge.com\/wp-content\/uploads\/2023\/03\/airport-smoking-lounge-7.jpg\",\"datePublished\":\"2023-02-20T12:42:44+00:00\",\"dateModified\":\"2023-05-30T21:53:35+00:00\",\"description\":\"Smoking areas in European Airports \u2714\ufe0e A Comprehensive Guide to Smoking Areas and Smoking Policies in Major European Airports \u2714\ufe0e\",\"breadcrumb\":{\"@id\":\"https:\/\/airportsmokinglounge.com\/smoking-areas-in-european-airports\/#breadcrumb\"},\"inLanguage\":\"pt-BR\",\"potentialAction\":[{\"@type\":\"ReadAction\",\"target\":[\"https:\/\/airportsmokinglounge.com\/smoking-areas-in-european-airports\/\"]}]},{\"@type\":\"ImageObject\",\"inLanguage\":\"pt-BR\",\"@id\":\"https:\/\/airportsmokinglounge.com\/smoking-areas-in-european-airports\/#primaryimage\",\"url\":\"https:\/\/airportsmokinglounge.com\/wp-content\/uploads\/2023\/03\/airport-smoking-lounge-7.jpg\",\"contentUrl\":\"https:\/\/airportsmokinglounge.com\/wp-content\/uploads\/2023\/03\/airport-smoking-lounge-7.jpg\",\"width\":2048,\"height\":1152,\"caption\":\"Airport Smoking areas\"},{\"@type\":\"BreadcrumbList\",\"@id\":\"https:\/\/airportsmokinglounge.com\/smoking-areas-in-european-airports\/#breadcrumb\",\"itemListElement\":[{\"@type\":\"ListItem\",\"position\":1,\"name\":\"Home\",\"item\":\"https:\/\/airportsmokinglounge.com\/\"},{\"@type\":\"ListItem\",\"position\":2,\"name\":\"Smoking areas in European Airports\"}]},{\"@type\":\"WebSite\",\"@id\":\"https:\/\/airportsmokinglounge.com\/#website\",\"url\":\"https:\/\/airportsmokinglounge.com\/\",\"name\":\"airportsmokinglounge.com\",\"description\":\"\",\"potentialAction\":[{\"@type\":\"SearchAction\",\"target\":{\"@type\":\"EntryPoint\",\"urlTemplate\":\"https:\/\/airportsmokinglounge.com\/?s={search_term_string}\"},\"query-input\":{\"@type\":\"PropertyValueSpecification\",\"valueRequired\":true,\"valueName\":\"search_term_string\"}}],\"inLanguage\":\"pt-BR\"}]}<\/script>\n<!-- \/ Yoast SEO plugin. -->","yoast_head_json":{"title":"\u00c1reas para fumantes em aeroportos europeus - airport smokinglounge.com","description":"\u00c1reas para fumantes em aeroportos europeus \u2714\ufe0e Um guia completo sobre \u00e1reas para fumantes e pol\u00edticas para fumantes nos principais aeroportos europeus \u2714\ufe0e","robots":{"index":"index","follow":"follow","max-snippet":"max-snippet:-1","max-image-preview":"max-image-preview:large","max-video-preview":"max-video-preview:-1"},"canonical":"https:\/\/airportsmokinglounge.com\/pt\/areas-para-fumantes-nos-aeroportos-europeus\/","og_locale":"pt_BR","og_type":"article","og_title":"Smoking areas in European Airports - airportsmokinglounge.com","og_description":"Smoking areas in European Airports \u2714\ufe0e A Comprehensive Guide to Smoking Areas and Smoking Policies in Major European Airports \u2714\ufe0e","og_url":"https:\/\/airportsmokinglounge.com\/pt\/areas-para-fumantes-nos-aeroportos-europeus\/","og_site_name":"airportsmokinglounge.com","article_modified_time":"2023-05-30T21:53:35+00:00","og_image":[{"width":2048,"height":1152,"url":"https:\/\/airportsmokinglounge.com\/wp-content\/uploads\/2023\/03\/airport-smoking-lounge-7.jpg","type":"image\/jpeg"}],"twitter_card":"summary_large_image","twitter_misc":{"Est. tempo de leitura":"2 minutos"},"schema":{"@context":"https:\/\/schema.org","@graph":[{"@type":"WebPage","@id":"https:\/\/airportsmokinglounge.com\/smoking-areas-in-european-airports\/","url":"https:\/\/airportsmokinglounge.com\/smoking-areas-in-european-airports\/","name":"\u00c1reas para fumantes em aeroportos europeus - airport smokinglounge.com","isPartOf":{"@id":"https:\/\/airportsmokinglounge.com\/#website"},"primaryImageOfPage":{"@id":"https:\/\/airportsmokinglounge.com\/smoking-areas-in-european-airports\/#primaryimage"},"image":{"@id":"https:\/\/airportsmokinglounge.com\/smoking-areas-in-european-airports\/#primaryimage"},"thumbnailUrl":"https:\/\/airportsmokinglounge.com\/wp-content\/uploads\/2023\/03\/airport-smoking-lounge-7.jpg","datePublished":"2023-02-20T12:42:44+00:00","dateModified":"2023-05-30T21:53:35+00:00","description":"\u00c1reas para fumantes em aeroportos europeus \u2714\ufe0e Um guia completo sobre \u00e1reas para fumantes e pol\u00edticas para fumantes nos principais aeroportos europeus \u2714\ufe0e","breadcrumb":{"@id":"https:\/\/airportsmokinglounge.com\/smoking-areas-in-european-airports\/#breadcrumb"},"inLanguage":"pt-BR","potentialAction":[{"@type":"ReadAction","target":["https:\/\/airportsmokinglounge.com\/smoking-areas-in-european-airports\/"]}]},{"@type":"ImageObject","inLanguage":"pt-BR","@id":"https:\/\/airportsmokinglounge.com\/smoking-areas-in-european-airports\/#primaryimage","url":"https:\/\/airportsmokinglounge.com\/wp-content\/uploads\/2023\/03\/airport-smoking-lounge-7.jpg","contentUrl":"https:\/\/airportsmokinglounge.com\/wp-content\/uploads\/2023\/03\/airport-smoking-lounge-7.jpg","width":2048,"height":1152,"caption":"Airport Smoking areas"},{"@type":"BreadcrumbList","@id":"https:\/\/airportsmokinglounge.com\/smoking-areas-in-european-airports\/#breadcrumb","itemListElement":[{"@type":"ListItem","position":1,"name":"Home","item":"https:\/\/airportsmokinglounge.com\/"},{"@type":"ListItem","position":2,"name":"Smoking areas in European Airports"}]},{"@type":"WebSite","@id":"https:\/\/airportsmokinglounge.com\/#website","url":"https:\/\/airportsmokinglounge.com\/","name":"www.airport Smokinglounge.com","description":"","potentialAction":[{"@type":"SearchAction","target":{"@type":"EntryPoint","urlTemplate":"https:\/\/airportsmokinglounge.com\/?s={search_term_string}"},"query-input":{"@type":"PropertyValueSpecification","valueRequired":true,"valueName":"search_term_string"}}],"inLanguage":"pt-BR"}]}},"_links":{"self":[{"href":"https:\/\/airportsmokinglounge.com\/pt\/wp-json\/wp\/v2\/pages\/68","targetHints":{"allow":["GET"]}}],"collection":[{"href":"https:\/\/airportsmokinglounge.com\/pt\/wp-json\/wp\/v2\/pages"}],"about":[{"href":"https:\/\/airportsmokinglounge.com\/pt\/wp-json\/wp\/v2\/types\/page"}],"author":[{"embeddable":true,"href":"https:\/\/airportsmokinglounge.com\/pt\/wp-json\/wp\/v2\/users\/1"}],"replies":[{"embeddable":true,"href":"https:\/\/airportsmokinglounge.com\/pt\/wp-json\/wp\/v2\/comments?post=68"}],"version-history":[{"count":10,"href":"https:\/\/airportsmokinglounge.com\/pt\/wp-json\/wp\/v2\/pages\/68\/revisions"}],"predecessor-version":[{"id":6387,"href":"https:\/\/airportsmokinglounge.com\/pt\/wp-json\/wp\/v2\/pages\/68\/revisions\/6387"}],"wp:featuredmedia":[{"embeddable":true,"href":"https:\/\/airportsmokinglounge.com\/pt\/wp-json\/wp\/v2\/media\/1202"}],"wp:attachment":[{"href":"https:\/\/airportsmokinglounge.com\/pt\/wp-json\/wp\/v2\/media?parent=68"}],"curies":[{"name":"wp","href":"https:\/\/api.w.org\/{rel}","templated":true}]}}