{"id":708,"date":"2023-03-15T20:45:24","date_gmt":"2023-03-15T19:45:24","guid":{"rendered":"https:\/\/airportsmokinglounge.com\/?page_id=708"},"modified":"2023-05-14T14:35:29","modified_gmt":"2023-05-14T12:35:29","slug":"smoking-areas-at-tampere-pirkkala-airport-tmp","status":"publish","type":"page","link":"https:\/\/airportsmokinglounge.com\/pt\/areas-para-fumantes-no-aeroporto-tmpere-pirkkala\/","title":{"rendered":"\u00c1reas para fumantes no Aeroporto Tampere-Pirkkala (TMP)"},"content":{"rendered":"<p>O Aeroporto de Tampere-Pirkkala \u00e9 um aeroporto internacional localizado no munic\u00edpio de Pirkkala, cerca de 17 quil\u00f4metros a sudoeste de Tampere, na Finl\u00e2ndia. O aeroporto \u00e9 o terceiro aeroporto mais movimentado da Finl\u00e2ndia, movimentando mais de 370.000 passageiros em 2020. O aeroporto \u00e9 um hub para a companhia a\u00e9rea finlandesa Finnair.<\/p>\n<p>Em termos de fumo, a Finl\u00e2ndia tem leis anti-tabagismo rigorosas, e fumar \u00e9 proibido em todos os locais p\u00fablicos interiores, incluindo aeroportos, bem como em \u00e1reas exteriores, como abrigos de autocarro e paragens de el\u00e9ctrico. Portanto, n\u00e3o \u00e9 permitido fumar em qualquer lugar dentro das instala\u00e7\u00f5es do aeroporto.<\/p>\n<h2>\u00c1reas para fumantes antes da verifica\u00e7\u00e3o de seguran\u00e7a<\/h2>\n<ul>\n<li>S\u00f3 \u00e9 permitido fumar fora do terminal nas \u00e1reas designadas<\/li>\n<\/ul>\n<h2>\u00c1reas para fumantes ap\u00f3s verifica\u00e7\u00e3o de seguran\u00e7a<\/h2>\n<ul>\n<li>N\u00e3o h\u00e1 \u00e1reas para fumantes ap\u00f3s a seguran\u00e7a.<\/li>\n<\/ul>\n<p><span style=\"font-size: 12pt;\">Mais informa\u00e7\u00f5es no site oficial<\/span><\/p>\n<ul>\n<li><span style=\"font-size: 12pt;\"><a href=\"https:\/\/www.finavia.fi\/fi\/lentoasemat\/tampere-pirkkala\" target=\"_blank\" rel=\"noopener\">finavia.fi<\/a><\/span><\/li>\n<\/ul>\n<p><span style=\"font-size: 12pt;\"><strong>Envie-nos coment\u00e1rios<\/strong><\/span><\/p>\n<p><span style=\"font-size: 12pt;\">Se voc\u00ea estiver no aeroporto, sinta-se \u00e0 vontade para nos enviar fotos das \u00e1reas para fumantes. Isso nos ajudar\u00e1 a preencher nosso banco de dados mais rapidamente. Voc\u00ea consegue fazer isso <strong><a href=\"https:\/\/airportsmokinglounge.com\/pt\/contato\/\">Aqui<\/a>.<\/strong> As imagens s\u00e3o publicadas em nosso site, indicando a fonte da imagem (nome). Sinta-se \u00e0 vontade para compartilhar essas fotos conosco e com todos os visitantes do Airport Smokinglounge.com.<\/span><\/p>\n<h2>Fumar nos aeroportos da Finl\u00e2ndia<\/h2>\n<p>Na Finl\u00e2ndia, \u00e9 proibido fumar em ambientes fechados, inclusive nos aeroportos. No entanto, \u00e1reas designadas para fumantes est\u00e3o dispon\u00edveis fora dos terminais de v\u00e1rios aeroportos finlandeses. Essas \u00e1reas para fumantes geralmente est\u00e3o localizadas em uma \u00e1rea externa designada, geralmente perto da entrada do terminal, e est\u00e3o claramente sinalizadas.<\/p>\n<p>No Aeroporto de Tampere-Pirkkala, h\u00e1 uma \u00e1rea espec\u00edfica para fumantes localizada fora do terminal, pr\u00f3ximo ao sagu\u00e3o de embarque. Esta \u00e1rea \u00e9 abrigada e equipada com cinzeiros.<\/p>\n<h3>perguntas frequentes<\/h3>\n<h4>As \u00e1reas para fumantes do aeroporto est\u00e3o dispon\u00edveis 24 horas por dia, 7 dias por semana?<\/h4>\n<p>A disponibilidade de \u00e1reas para fumantes no aeroporto pode variar dependendo do aeroporto e da localiza\u00e7\u00e3o. Algumas \u00e1reas para fumantes funcionam 24 horas por dia, enquanto outras podem ter hor\u00e1rios restritos ou fechar em determinados hor\u00e1rios. \u00c9 melhor verificar com o aeroporto ou visitar seu site para obter informa\u00e7\u00f5es espec\u00edficas sobre o hor\u00e1rio de funcionamento da \u00e1rea para fumantes.<\/p>\n<h4>\u00c9 permitido trazer minha pr\u00f3pria comida e bebida para a \u00e1rea de fumantes?<\/h4>\n<p>Isso pode depender da \u00e1rea espec\u00edfica para fumantes e do aeroporto. Algumas \u00e1reas para fumantes podem permitir alimentos e bebidas de fora, enquanto outras podem ter restri\u00e7\u00f5es ou proibi-las completamente. \u00c9 melhor verificar com o aeroporto ou a sinaliza\u00e7\u00e3o da \u00e1rea para fumantes as regras e regulamentos espec\u00edficos.<\/p>\n<h4>\u00c9 permitido fumar em todas as \u00e1reas para fumantes do aeroporto?<\/h4>\n<p>Nem todas as \u00e1reas para fumantes do aeroporto permitem fumar. Alguns aeroportos podem ter \u00e1reas designadas para cigarros eletr\u00f4nicos ou vaping, separadas das \u00e1reas tradicionais para fumantes. Certifique-se de verificar as regras e regulamentos espec\u00edficos da \u00e1rea para fumantes que planeja usar.<\/p>\n<h4>As \u00e1reas para fumantes s\u00e3o climatizadas ou aquecidas?<\/h4>\n<p>A temperatura e a ventila\u00e7\u00e3o das \u00e1reas para fumantes do aeroporto podem variar muito. Alguns podem ser climatizados ou aquecidos, enquanto outros podem ser espa\u00e7os ao ar livre com prote\u00e7\u00e3o limitada contra os elementos. Certifique-se de verificar com o aeroporto ou visitar a \u00e1rea de fumantes com anteced\u00eancia para determinar as condi\u00e7\u00f5es e se preparar adequadamente.<\/p>\n<h4>As \u00e1reas para fumantes s\u00e3o acess\u00edveis a viajantes com defici\u00eancia?<\/h4>\n<p>Muitos aeroportos fizeram esfor\u00e7os para tornar suas \u00e1reas para fumantes acess\u00edveis a viajantes com defici\u00eancia. No entanto, a acessibilidade de \u00e1reas espec\u00edficas para fumantes pode variar muito. Certifique-se de verificar com o aeroporto ou visitar a \u00e1rea de fumantes com anteced\u00eancia para determinar se ela \u00e9 acess\u00edvel e se atende \u00e0s suas necessidades.<\/p>\n<p><span style=\"font-size: 12pt;\"><strong>Mais aeroportos na Finl\u00e2ndia:<\/strong> <\/span><\/p>\n<ul>\n<li><span style=\"font-size: 12pt;\"><a href=\"https:\/\/airportsmokinglounge.com\/pt\/areas-para-fumantes-nos-aeroportos-da-finlandia\/\">Aeroportos Finl\u00e2ndia<\/a><\/span><\/li>\n<\/ul>\n<p><span style=\"font-size: 12pt;\"><strong>Zonas de fumadores em:<\/strong><\/span><\/p>\n<ul>\n<li><span style=\"font-size: 12pt;\"><a href=\"https:\/\/airportsmokinglounge.com\/pt\/areas-para-fumantes-nos-aeroportos-europeus\/\">aeroportos europeus<\/a><\/span><\/li>\n<\/ul>","protected":false},"excerpt":{"rendered":"<p>Tampere-Pirkkala Airport is an international airport located in the municipality of Pirkkala, about 17 kilometers south-west of Tampere, Finland. The airport is the third busiest airport in Finland, handling over 370,000 passengers in 2020. The airport is a hub for the Finnish airline, Finnair. In terms of smoking, Finland has strict anti-smoking laws, and smoking&hellip;&nbsp;<a href=\"https:\/\/airportsmokinglounge.com\/pt\/areas-para-fumantes-no-aeroporto-tmpere-pirkkala\/\" rel=\"bookmark\">Ler mais \u00bb<span class=\"screen-reader-text\">\u00c1reas para fumantes no Aeroporto Tampere-Pirkkala (TMP)<\/span><\/a><\/p>","protected":false},"author":1,"featured_media":1199,"parent":0,"menu_order":0,"comment_status":"closed","ping_status":"closed","template":"","meta":{"neve_meta_sidebar":"","neve_meta_container":"","neve_meta_enable_content_width":"off","neve_meta_content_width":100,"neve_meta_title_alignment":"","neve_meta_author_avatar":"","neve_post_elements_order":"","neve_meta_disable_header":"","neve_meta_disable_footer":"","neve_meta_disable_title":"","neve_meta_reading_time":"","footnotes":""},"class_list":["post-708","page","type-page","status-publish","has-post-thumbnail","hentry"],"yoast_head":"<!-- This site is optimized with the Yoast SEO plugin v26.6 - https:\/\/yoast.com\/wordpress\/plugins\/seo\/ -->\n<title>Smoking areas at Tampere-Pirkkala Airport (TMP)<\/title>\n<meta name=\"description\" content=\"Smoking areas Tampere-Pirkkala Airport - Find a smoking area in the airport \u2714\ufe0e Smoking Guide in Airports: Information for Travelers \u2714\ufe0e\" \/>\n<meta name=\"robots\" content=\"index, follow, max-snippet:-1, max-image-preview:large, max-video-preview:-1\" \/>\n<link rel=\"canonical\" href=\"https:\/\/airportsmokinglounge.com\/pt\/areas-para-fumantes-no-aeroporto-tmpere-pirkkala\/\" \/>\n<meta property=\"og:locale\" content=\"pt_BR\" \/>\n<meta property=\"og:type\" content=\"article\" \/>\n<meta property=\"og:title\" content=\"Smoking areas at Tampere-Pirkkala Airport (TMP)\" \/>\n<meta property=\"og:description\" content=\"Smoking areas Tampere-Pirkkala Airport - Find a smoking area in the airport \u2714\ufe0e Smoking Guide in Airports: Information for Travelers \u2714\ufe0e\" \/>\n<meta property=\"og:url\" content=\"https:\/\/airportsmokinglounge.com\/pt\/areas-para-fumantes-no-aeroporto-tmpere-pirkkala\/\" \/>\n<meta property=\"og:site_name\" content=\"airportsmokinglounge.com\" \/>\n<meta property=\"article:modified_time\" content=\"2023-05-14T12:35:29+00:00\" \/>\n<meta property=\"og:image\" content=\"https:\/\/airportsmokinglounge.com\/wp-content\/uploads\/2023\/03\/airport-smoking-lounge-4.jpg\" \/>\n\t<meta property=\"og:image:width\" content=\"2048\" \/>\n\t<meta property=\"og:image:height\" content=\"1152\" \/>\n\t<meta property=\"og:image:type\" content=\"image\/jpeg\" \/>\n<meta name=\"twitter:card\" content=\"summary_large_image\" \/>\n<meta name=\"twitter:label1\" content=\"Est. tempo de leitura\" \/>\n\t<meta name=\"twitter:data1\" content=\"2 minutos\" \/>\n<script type=\"application\/ld+json\" class=\"yoast-schema-graph\">{\"@context\":\"https:\/\/schema.org\",\"@graph\":[{\"@type\":\"WebPage\",\"@id\":\"https:\/\/airportsmokinglounge.com\/smoking-areas-at-tampere-pirkkala-airport-tmp\/\",\"url\":\"https:\/\/airportsmokinglounge.com\/smoking-areas-at-tampere-pirkkala-airport-tmp\/\",\"name\":\"Smoking areas at Tampere-Pirkkala Airport (TMP)\",\"isPartOf\":{\"@id\":\"https:\/\/airportsmokinglounge.com\/#website\"},\"primaryImageOfPage\":{\"@id\":\"https:\/\/airportsmokinglounge.com\/smoking-areas-at-tampere-pirkkala-airport-tmp\/#primaryimage\"},\"image\":{\"@id\":\"https:\/\/airportsmokinglounge.com\/smoking-areas-at-tampere-pirkkala-airport-tmp\/#primaryimage\"},\"thumbnailUrl\":\"https:\/\/airportsmokinglounge.com\/wp-content\/uploads\/2023\/03\/airport-smoking-lounge-4.jpg\",\"datePublished\":\"2023-03-15T19:45:24+00:00\",\"dateModified\":\"2023-05-14T12:35:29+00:00\",\"description\":\"Smoking areas Tampere-Pirkkala Airport - Find a smoking area in the airport \u2714\ufe0e Smoking Guide in Airports: Information for Travelers \u2714\ufe0e\",\"breadcrumb\":{\"@id\":\"https:\/\/airportsmokinglounge.com\/smoking-areas-at-tampere-pirkkala-airport-tmp\/#breadcrumb\"},\"inLanguage\":\"pt-BR\",\"potentialAction\":[{\"@type\":\"ReadAction\",\"target\":[\"https:\/\/airportsmokinglounge.com\/smoking-areas-at-tampere-pirkkala-airport-tmp\/\"]}]},{\"@type\":\"ImageObject\",\"inLanguage\":\"pt-BR\",\"@id\":\"https:\/\/airportsmokinglounge.com\/smoking-areas-at-tampere-pirkkala-airport-tmp\/#primaryimage\",\"url\":\"https:\/\/airportsmokinglounge.com\/wp-content\/uploads\/2023\/03\/airport-smoking-lounge-4.jpg\",\"contentUrl\":\"https:\/\/airportsmokinglounge.com\/wp-content\/uploads\/2023\/03\/airport-smoking-lounge-4.jpg\",\"width\":2048,\"height\":1152,\"caption\":\"Airport Smoking\"},{\"@type\":\"BreadcrumbList\",\"@id\":\"https:\/\/airportsmokinglounge.com\/smoking-areas-at-tampere-pirkkala-airport-tmp\/#breadcrumb\",\"itemListElement\":[{\"@type\":\"ListItem\",\"position\":1,\"name\":\"Home\",\"item\":\"https:\/\/airportsmokinglounge.com\/\"},{\"@type\":\"ListItem\",\"position\":2,\"name\":\"Smoking areas at Tampere-Pirkkala Airport (TMP)\"}]},{\"@type\":\"WebSite\",\"@id\":\"https:\/\/airportsmokinglounge.com\/#website\",\"url\":\"https:\/\/airportsmokinglounge.com\/\",\"name\":\"airportsmokinglounge.com\",\"description\":\"\",\"potentialAction\":[{\"@type\":\"SearchAction\",\"target\":{\"@type\":\"EntryPoint\",\"urlTemplate\":\"https:\/\/airportsmokinglounge.com\/?s={search_term_string}\"},\"query-input\":{\"@type\":\"PropertyValueSpecification\",\"valueRequired\":true,\"valueName\":\"search_term_string\"}}],\"inLanguage\":\"pt-BR\"}]}<\/script>\n<!-- \/ Yoast SEO plugin. -->","yoast_head_json":{"title":"\u00c1reas para fumantes no Aeroporto Tampere-Pirkkala (TMP)","description":"\u00c1reas para fumantes Aeroporto de Tampere-Pirkkala - Encontre uma \u00e1rea para fumantes no aeroporto \u2714\ufe0e Guia para fumantes nos aeroportos: informa\u00e7\u00f5es para viajantes \u2714\ufe0e","robots":{"index":"index","follow":"follow","max-snippet":"max-snippet:-1","max-image-preview":"max-image-preview:large","max-video-preview":"max-video-preview:-1"},"canonical":"https:\/\/airportsmokinglounge.com\/pt\/areas-para-fumantes-no-aeroporto-tmpere-pirkkala\/","og_locale":"pt_BR","og_type":"article","og_title":"Smoking areas at Tampere-Pirkkala Airport (TMP)","og_description":"Smoking areas Tampere-Pirkkala Airport - Find a smoking area in the airport \u2714\ufe0e Smoking Guide in Airports: Information for Travelers \u2714\ufe0e","og_url":"https:\/\/airportsmokinglounge.com\/pt\/areas-para-fumantes-no-aeroporto-tmpere-pirkkala\/","og_site_name":"airportsmokinglounge.com","article_modified_time":"2023-05-14T12:35:29+00:00","og_image":[{"width":2048,"height":1152,"url":"https:\/\/airportsmokinglounge.com\/wp-content\/uploads\/2023\/03\/airport-smoking-lounge-4.jpg","type":"image\/jpeg"}],"twitter_card":"summary_large_image","twitter_misc":{"Est. tempo de leitura":"2 minutos"},"schema":{"@context":"https:\/\/schema.org","@graph":[{"@type":"WebPage","@id":"https:\/\/airportsmokinglounge.com\/smoking-areas-at-tampere-pirkkala-airport-tmp\/","url":"https:\/\/airportsmokinglounge.com\/smoking-areas-at-tampere-pirkkala-airport-tmp\/","name":"\u00c1reas para fumantes no Aeroporto Tampere-Pirkkala (TMP)","isPartOf":{"@id":"https:\/\/airportsmokinglounge.com\/#website"},"primaryImageOfPage":{"@id":"https:\/\/airportsmokinglounge.com\/smoking-areas-at-tampere-pirkkala-airport-tmp\/#primaryimage"},"image":{"@id":"https:\/\/airportsmokinglounge.com\/smoking-areas-at-tampere-pirkkala-airport-tmp\/#primaryimage"},"thumbnailUrl":"https:\/\/airportsmokinglounge.com\/wp-content\/uploads\/2023\/03\/airport-smoking-lounge-4.jpg","datePublished":"2023-03-15T19:45:24+00:00","dateModified":"2023-05-14T12:35:29+00:00","description":"\u00c1reas para fumantes Aeroporto de Tampere-Pirkkala - Encontre uma \u00e1rea para fumantes no aeroporto \u2714\ufe0e Guia para fumantes nos aeroportos: informa\u00e7\u00f5es para viajantes \u2714\ufe0e","breadcrumb":{"@id":"https:\/\/airportsmokinglounge.com\/smoking-areas-at-tampere-pirkkala-airport-tmp\/#breadcrumb"},"inLanguage":"pt-BR","potentialAction":[{"@type":"ReadAction","target":["https:\/\/airportsmokinglounge.com\/smoking-areas-at-tampere-pirkkala-airport-tmp\/"]}]},{"@type":"ImageObject","inLanguage":"pt-BR","@id":"https:\/\/airportsmokinglounge.com\/smoking-areas-at-tampere-pirkkala-airport-tmp\/#primaryimage","url":"https:\/\/airportsmokinglounge.com\/wp-content\/uploads\/2023\/03\/airport-smoking-lounge-4.jpg","contentUrl":"https:\/\/airportsmokinglounge.com\/wp-content\/uploads\/2023\/03\/airport-smoking-lounge-4.jpg","width":2048,"height":1152,"caption":"Airport Smoking"},{"@type":"BreadcrumbList","@id":"https:\/\/airportsmokinglounge.com\/smoking-areas-at-tampere-pirkkala-airport-tmp\/#breadcrumb","itemListElement":[{"@type":"ListItem","position":1,"name":"Home","item":"https:\/\/airportsmokinglounge.com\/"},{"@type":"ListItem","position":2,"name":"Smoking areas at Tampere-Pirkkala Airport (TMP)"}]},{"@type":"WebSite","@id":"https:\/\/airportsmokinglounge.com\/#website","url":"https:\/\/airportsmokinglounge.com\/","name":"www.airport Smokinglounge.com","description":"","potentialAction":[{"@type":"SearchAction","target":{"@type":"EntryPoint","urlTemplate":"https:\/\/airportsmokinglounge.com\/?s={search_term_string}"},"query-input":{"@type":"PropertyValueSpecification","valueRequired":true,"valueName":"search_term_string"}}],"inLanguage":"pt-BR"}]}},"_links":{"self":[{"href":"https:\/\/airportsmokinglounge.com\/pt\/wp-json\/wp\/v2\/pages\/708","targetHints":{"allow":["GET"]}}],"collection":[{"href":"https:\/\/airportsmokinglounge.com\/pt\/wp-json\/wp\/v2\/pages"}],"about":[{"href":"https:\/\/airportsmokinglounge.com\/pt\/wp-json\/wp\/v2\/types\/page"}],"author":[{"embeddable":true,"href":"https:\/\/airportsmokinglounge.com\/pt\/wp-json\/wp\/v2\/users\/1"}],"replies":[{"embeddable":true,"href":"https:\/\/airportsmokinglounge.com\/pt\/wp-json\/wp\/v2\/comments?post=708"}],"version-history":[{"count":7,"href":"https:\/\/airportsmokinglounge.com\/pt\/wp-json\/wp\/v2\/pages\/708\/revisions"}],"predecessor-version":[{"id":4999,"href":"https:\/\/airportsmokinglounge.com\/pt\/wp-json\/wp\/v2\/pages\/708\/revisions\/4999"}],"wp:featuredmedia":[{"embeddable":true,"href":"https:\/\/airportsmokinglounge.com\/pt\/wp-json\/wp\/v2\/media\/1199"}],"wp:attachment":[{"href":"https:\/\/airportsmokinglounge.com\/pt\/wp-json\/wp\/v2\/media?parent=708"}],"curies":[{"name":"wp","href":"https:\/\/api.w.org\/{rel}","templated":true}]}}