{"id":7264,"date":"2024-01-28T19:04:10","date_gmt":"2024-01-28T18:04:10","guid":{"rendered":"https:\/\/airportsmokinglounge.com\/?page_id=7264"},"modified":"2024-01-28T19:04:10","modified_gmt":"2024-01-28T18:04:10","slug":"smoking-areas-at-transilvania-airport-targu-mures-tgm","status":"publish","type":"page","link":"https:\/\/airportsmokinglounge.com\/pt\/areas-para-fumantes-no-aeroporto-da-transilvania-targu-mures-tgm\/","title":{"rendered":"\u00c1reas para fumantes no AEROPORTO TRANSILVANIA T\u00e2rgu Mure\u0219 (TGM)"},"content":{"rendered":"<p>O Aeroporto T\u00e2rgu Mure\u0219 oferece voos dom\u00e9sticos e internacionais limitados, conectando passageiros a v\u00e1rios destinos dentro da Rom\u00eania e alguns destinos internacionais. Ele serve como uma importante porta de entrada para a Rom\u00eania central e fornece conex\u00f5es para as principais cidades romenas. V\u00e1rias companhias a\u00e9reas operam voos regulares do Aeroporto T\u00e2rgu Mure\u0219, oferecendo aos viajantes uma variedade de op\u00e7\u00f5es para suas viagens.<\/p>\n<h2>\u00c1reas para fumantes antes da verifica\u00e7\u00e3o de seguran\u00e7a<\/h2>\n<ul>\n<li>S\u00f3 \u00e9 permitido fumar fora do terminal nas \u00e1reas designadas<\/li>\n<\/ul>\n<h2>\u00c1reas para fumantes ap\u00f3s verifica\u00e7\u00e3o de seguran\u00e7a<\/h2>\n<ul>\n<li>H\u00e1 um local para fumantes localizado no 1\u00ba andar<\/li>\n<\/ul>\n<figure id=\"attachment_7266\" aria-describedby=\"caption-attachment-7266\" style=\"width: 600px\" class=\"wp-caption aligncenter\"><img decoding=\"async\" class=\"size-full wp-image-7266\" src=\"https:\/\/airportsmokinglounge.com\/wp-content\/uploads\/2024\/01\/ymail-tmp-1548934299842944543-scaled-e1706464949458.jpg\" alt=\"\u00c1reas para fumantes no AEROPORTO TRANSILVANIA T\u00e2rgu Mure\u0219 (TGM)\" width=\"600\" height=\"450\" \/><figcaption id=\"caption-attachment-7266\" class=\"wp-caption-text\">\u00a9 Rosu Stefan<\/figcaption><\/figure>\n<p><span style=\"font-size: 12pt;\">Mais informa\u00e7\u00f5es no site oficial<\/span><\/p>\n<ul>\n<li><span style=\"font-size: 12pt;\"><a href=\"https:\/\/www.sibiuairport.ro\/\" target=\"_blank\" rel=\"noopener\">www.siniuairport.ro<\/a><\/span><\/li>\n<\/ul>\n<p><span style=\"font-size: 12pt;\"><strong>Envie-nos coment\u00e1rios<\/strong><\/span><\/p>\n<p><span style=\"font-size: 12pt;\">Se voc\u00ea estiver no aeroporto, sinta-se \u00e0 vontade para nos enviar fotos das \u00e1reas para fumantes. Isso nos ajudar\u00e1 a preencher nosso banco de dados mais rapidamente. Voc\u00ea consegue fazer isso <strong><a href=\"https:\/\/airportsmokinglounge.com\/pt\/contato\/\">Aqui<\/a>.<\/strong> As imagens s\u00e3o publicadas em nosso site, indicando a fonte da imagem (nome). Sinta-se \u00e0 vontade para compartilhar essas fotos conosco e com todos os visitantes do Airport Smokinglounge.com.<\/span><\/p>\n<h2>Fumar nos aeroportos da Rom\u00e9nia<\/h2>\n<p>Geralmente \u00e9 proibido fumar nas \u00e1reas internas dos aeroportos da Rom\u00eania, incluindo edif\u00edcios terminais, \u00e1reas de espera, salas de check-in, \u00e1reas de seguran\u00e7a, restaurantes, caf\u00e9s e outros espa\u00e7os fechados. Isso se aplica a aeroportos nacionais e internacionais em todo o pa\u00eds. O objetivo \u00e9 criar um ambiente livre de fumo para o conforto e bem-estar de todos os passageiros e funcion\u00e1rios do aeroporto.<\/p>\n<p>Para acomodar fumantes, \u00e1reas designadas para fumantes s\u00e3o normalmente fornecidas fora dos edif\u00edcios do terminal. Estas \u00e1reas est\u00e3o geralmente localizadas em espa\u00e7os exteriores designados ou em salas espec\u00edficas para fumadores equipadas com sistemas de ventila\u00e7\u00e3o adequados. Estas \u00e1reas ou quartos s\u00e3o designados apenas para fumantes e n\u00e3o \u00e9 permitido fumar fora dessas \u00e1reas.<\/p>\n<p>Os aeroportos da Rom\u00e9nia exibem sinaliza\u00e7\u00e3o clara e fornecem informa\u00e7\u00f5es sobre as regulamenta\u00e7\u00f5es para fumar. Pain\u00e9is informativos, sinais e an\u00fancios geralmente est\u00e3o dispon\u00edveis em todas as instala\u00e7\u00f5es do aeroporto para informar os passageiros sobre a pol\u00edtica de fumo e direcion\u00e1-los para \u00e1reas designadas para fumantes.<\/p>\n<p>Portanto, \u00e9 aconselh\u00e1vel consultar as autoridades aeroportu\u00e1rias espec\u00edficas ou consultar a sinaliza\u00e7\u00e3o e as informa\u00e7\u00f5es do aeroporto por onde voc\u00ea est\u00e1 viajando para obter as regulamenta\u00e7\u00f5es e diretrizes para fumantes mais precisas e atualizadas.<\/p>\n<h3>perguntas frequentes<\/h3>\n<h4>As \u00e1reas para fumantes do aeroporto est\u00e3o dispon\u00edveis 24 horas por dia, 7 dias por semana?<\/h4>\n<p>A disponibilidade de \u00e1reas para fumantes no aeroporto pode variar dependendo do aeroporto e da localiza\u00e7\u00e3o. Algumas \u00e1reas para fumantes funcionam 24 horas por dia, enquanto outras podem ter hor\u00e1rios restritos ou fechar em determinados hor\u00e1rios. \u00c9 melhor verificar com o aeroporto ou visitar seu site para obter informa\u00e7\u00f5es espec\u00edficas sobre o hor\u00e1rio de funcionamento da \u00e1rea para fumantes.<\/p>\n<h4>\u00c9 permitido trazer minha pr\u00f3pria comida e bebida para a \u00e1rea de fumantes?<\/h4>\n<p>Isso pode depender da \u00e1rea espec\u00edfica para fumantes e do aeroporto. Algumas \u00e1reas para fumantes podem permitir alimentos e bebidas de fora, enquanto outras podem ter restri\u00e7\u00f5es ou proibi-las completamente. \u00c9 melhor verificar com o aeroporto ou a sinaliza\u00e7\u00e3o da \u00e1rea para fumantes as regras e regulamentos espec\u00edficos.<\/p>\n<h4>\u00c9 permitido fumar em todas as \u00e1reas para fumantes do aeroporto?<\/h4>\n<p>Nem todas as \u00e1reas para fumantes do aeroporto permitem fumar. Alguns aeroportos podem ter \u00e1reas designadas para cigarros eletr\u00f4nicos ou vaping, separadas das \u00e1reas tradicionais para fumantes. Certifique-se de verificar as regras e regulamentos espec\u00edficos da \u00e1rea para fumantes que planeja usar.<\/p>\n<h4>As \u00e1reas para fumantes s\u00e3o climatizadas ou aquecidas?<\/h4>\n<p>A temperatura e a ventila\u00e7\u00e3o das \u00e1reas para fumantes do aeroporto podem variar muito. Alguns podem ser climatizados ou aquecidos, enquanto outros podem ser espa\u00e7os ao ar livre com prote\u00e7\u00e3o limitada contra os elementos. Certifique-se de verificar com o aeroporto ou visitar a \u00e1rea de fumantes com anteced\u00eancia para determinar as condi\u00e7\u00f5es e se preparar adequadamente.<\/p>\n<h4>As \u00e1reas para fumantes s\u00e3o acess\u00edveis a viajantes com defici\u00eancia?<\/h4>\n<p>Muitos aeroportos fizeram esfor\u00e7os para tornar suas \u00e1reas para fumantes acess\u00edveis a viajantes com defici\u00eancia. No entanto, a acessibilidade de \u00e1reas espec\u00edficas para fumantes pode variar muito. Certifique-se de verificar com o aeroporto ou visitar a \u00e1rea de fumantes com anteced\u00eancia para determinar se ela \u00e9 acess\u00edvel e se atende \u00e0s suas necessidades.<\/p>\n<p><span style=\"font-size: 12pt;\"><strong>Mais aeroportos na Rom\u00eania:<\/strong> <\/span><\/p>\n<ul>\n<li><span style=\"font-size: 12pt;\"><a href=\"https:\/\/airportsmokinglounge.com\/pt\/areas-para-fumantes-nos-aeroportos-da-romenia\/\">Aeroportos na Rom\u00eania<\/a><\/span><\/li>\n<\/ul>\n<p><span style=\"font-size: 12pt;\"><strong>Zonas de fumadores em:<\/strong><\/span><\/p>\n<ul>\n<li><span style=\"font-size: 12pt;\"><a href=\"https:\/\/airportsmokinglounge.com\/pt\/areas-para-fumantes-nos-aeroportos-europeus\/\">aeroportos europeus<\/a><\/span><\/li>\n<\/ul>","protected":false},"excerpt":{"rendered":"<p>O Aeroporto de T\u00e2rgu Mure\u0219 oferece voos dom\u00e9sticos e um n\u00famero limitado de voos internacionais, conectando passageiros a v\u00e1rios destinos dentro da Rom\u00eania e a alguns destinos internacionais. Ele serve como uma importante porta de entrada para a regi\u00e3o central da Rom\u00eania e oferece conex\u00f5es com as principais cidades romenas. Diversas companhias a\u00e9reas operam voos regulares a partir do Aeroporto de T\u00e2rgu Mure\u0219, oferecendo aos viajantes uma variedade de op\u00e7\u00f5es para suas viagens.&nbsp;<a href=\"https:\/\/airportsmokinglounge.com\/pt\/areas-para-fumantes-no-aeroporto-da-transilvania-targu-mures-tgm\/\" rel=\"bookmark\">Ler mais \u00bb<span class=\"screen-reader-text\">\u00c1reas para fumantes no AEROPORTO TRANSILVANIA T\u00e2rgu Mure\u0219 (TGM)<\/span><\/a><\/p>","protected":false},"author":1,"featured_media":7265,"parent":0,"menu_order":0,"comment_status":"closed","ping_status":"closed","template":"","meta":{"neve_meta_sidebar":"","neve_meta_container":"","neve_meta_enable_content_width":"off","neve_meta_content_width":100,"neve_meta_title_alignment":"","neve_meta_author_avatar":"","neve_post_elements_order":"","neve_meta_disable_header":"","neve_meta_disable_footer":"","neve_meta_disable_title":"","neve_meta_reading_time":"","footnotes":""},"class_list":["post-7264","page","type-page","status-publish","has-post-thumbnail","hentry"],"yoast_head":"<!-- This site is optimized with the Yoast SEO plugin v26.6 - https:\/\/yoast.com\/wordpress\/plugins\/seo\/ -->\n<title>Smoking areas at TRANSILVANIA AIRPORT T\u00e2rgu Mure\u0219 (TGM) - airportsmokinglounge.com<\/title>\n<meta name=\"description\" content=\"Smoking areas TRANSILVANIA AIRPORT T\u00e2rgu Mure\u0219 - Find a smoking area in the airport \u2714\ufe0e Smoking Guide in Airports: Information for Travelers\" \/>\n<meta name=\"robots\" content=\"index, follow, max-snippet:-1, max-image-preview:large, max-video-preview:-1\" \/>\n<link rel=\"canonical\" href=\"https:\/\/airportsmokinglounge.com\/pt\/areas-para-fumantes-no-aeroporto-da-transilvania-targu-mures-tgm\/\" \/>\n<meta property=\"og:locale\" content=\"pt_BR\" \/>\n<meta property=\"og:type\" content=\"article\" \/>\n<meta property=\"og:title\" content=\"Smoking areas at TRANSILVANIA AIRPORT T\u00e2rgu Mure\u0219 (TGM) - airportsmokinglounge.com\" \/>\n<meta property=\"og:description\" content=\"Smoking areas TRANSILVANIA AIRPORT T\u00e2rgu Mure\u0219 - Find a smoking area in the airport \u2714\ufe0e Smoking Guide in Airports: Information for Travelers\" \/>\n<meta property=\"og:url\" content=\"https:\/\/airportsmokinglounge.com\/pt\/areas-para-fumantes-no-aeroporto-da-transilvania-targu-mures-tgm\/\" \/>\n<meta property=\"og:site_name\" content=\"airportsmokinglounge.com\" \/>\n<meta property=\"og:image\" content=\"https:\/\/airportsmokinglounge.com\/wp-content\/uploads\/2024\/01\/IMG_20240125_080131-scaled.jpg\" \/>\n\t<meta property=\"og:image:width\" content=\"2560\" \/>\n\t<meta property=\"og:image:height\" content=\"1152\" \/>\n\t<meta property=\"og:image:type\" content=\"image\/jpeg\" \/>\n<meta name=\"twitter:card\" content=\"summary_large_image\" \/>\n<meta name=\"twitter:label1\" content=\"Est. tempo de leitura\" \/>\n\t<meta name=\"twitter:data1\" content=\"4 minutos\" \/>\n<script type=\"application\/ld+json\" class=\"yoast-schema-graph\">{\"@context\":\"https:\/\/schema.org\",\"@graph\":[{\"@type\":\"WebPage\",\"@id\":\"https:\/\/airportsmokinglounge.com\/smoking-areas-at-transilvania-airport-targu-mures-tgm\/\",\"url\":\"https:\/\/airportsmokinglounge.com\/smoking-areas-at-transilvania-airport-targu-mures-tgm\/\",\"name\":\"Smoking areas at TRANSILVANIA AIRPORT T\u00e2rgu Mure\u0219 (TGM) - airportsmokinglounge.com\",\"isPartOf\":{\"@id\":\"https:\/\/airportsmokinglounge.com\/#website\"},\"primaryImageOfPage\":{\"@id\":\"https:\/\/airportsmokinglounge.com\/smoking-areas-at-transilvania-airport-targu-mures-tgm\/#primaryimage\"},\"image\":{\"@id\":\"https:\/\/airportsmokinglounge.com\/smoking-areas-at-transilvania-airport-targu-mures-tgm\/#primaryimage\"},\"thumbnailUrl\":\"https:\/\/airportsmokinglounge.com\/wp-content\/uploads\/2024\/01\/IMG_20240125_080131-scaled.jpg\",\"datePublished\":\"2024-01-28T18:04:10+00:00\",\"description\":\"Smoking areas TRANSILVANIA AIRPORT T\u00e2rgu Mure\u0219 - Find a smoking area in the airport \u2714\ufe0e Smoking Guide in Airports: Information for Travelers\",\"breadcrumb\":{\"@id\":\"https:\/\/airportsmokinglounge.com\/smoking-areas-at-transilvania-airport-targu-mures-tgm\/#breadcrumb\"},\"inLanguage\":\"pt-BR\",\"potentialAction\":[{\"@type\":\"ReadAction\",\"target\":[\"https:\/\/airportsmokinglounge.com\/smoking-areas-at-transilvania-airport-targu-mures-tgm\/\"]}]},{\"@type\":\"ImageObject\",\"inLanguage\":\"pt-BR\",\"@id\":\"https:\/\/airportsmokinglounge.com\/smoking-areas-at-transilvania-airport-targu-mures-tgm\/#primaryimage\",\"url\":\"https:\/\/airportsmokinglounge.com\/wp-content\/uploads\/2024\/01\/IMG_20240125_080131-scaled.jpg\",\"contentUrl\":\"https:\/\/airportsmokinglounge.com\/wp-content\/uploads\/2024\/01\/IMG_20240125_080131-scaled.jpg\",\"width\":2560,\"height\":1152,\"caption\":\"TRANSILVANIA AIRPORT T\u00e2rgu Mure\u0219\"},{\"@type\":\"BreadcrumbList\",\"@id\":\"https:\/\/airportsmokinglounge.com\/smoking-areas-at-transilvania-airport-targu-mures-tgm\/#breadcrumb\",\"itemListElement\":[{\"@type\":\"ListItem\",\"position\":1,\"name\":\"Home\",\"item\":\"https:\/\/airportsmokinglounge.com\/\"},{\"@type\":\"ListItem\",\"position\":2,\"name\":\"Smoking areas at TRANSILVANIA AIRPORT T\u00e2rgu Mure\u0219 (TGM)\"}]},{\"@type\":\"WebSite\",\"@id\":\"https:\/\/airportsmokinglounge.com\/#website\",\"url\":\"https:\/\/airportsmokinglounge.com\/\",\"name\":\"airportsmokinglounge.com\",\"description\":\"\",\"potentialAction\":[{\"@type\":\"SearchAction\",\"target\":{\"@type\":\"EntryPoint\",\"urlTemplate\":\"https:\/\/airportsmokinglounge.com\/?s={search_term_string}\"},\"query-input\":{\"@type\":\"PropertyValueSpecification\",\"valueRequired\":true,\"valueName\":\"search_term_string\"}}],\"inLanguage\":\"pt-BR\"}]}<\/script>\n<!-- \/ Yoast SEO plugin. -->","yoast_head_json":{"title":"\u00c1reas para fumantes no TRANSILVANIA AIRPORT T\u00e2rgu Mure\u0219 (TGM) - airportsmokinglounge.com","description":"\u00c1reas para fumantes AEROPORTO DA TRANSILV\u00c2NIA T\u00e2rgu Mure\u0219 - Encontre uma \u00e1rea para fumantes no aeroporto \u2714\ufe0e Guia para fumantes em aeroportos: informa\u00e7\u00f5es para viajantes","robots":{"index":"index","follow":"follow","max-snippet":"max-snippet:-1","max-image-preview":"max-image-preview:large","max-video-preview":"max-video-preview:-1"},"canonical":"https:\/\/airportsmokinglounge.com\/pt\/areas-para-fumantes-no-aeroporto-da-transilvania-targu-mures-tgm\/","og_locale":"pt_BR","og_type":"article","og_title":"Smoking areas at TRANSILVANIA AIRPORT T\u00e2rgu Mure\u0219 (TGM) - airportsmokinglounge.com","og_description":"Smoking areas TRANSILVANIA AIRPORT T\u00e2rgu Mure\u0219 - Find a smoking area in the airport \u2714\ufe0e Smoking Guide in Airports: Information for Travelers","og_url":"https:\/\/airportsmokinglounge.com\/pt\/areas-para-fumantes-no-aeroporto-da-transilvania-targu-mures-tgm\/","og_site_name":"airportsmokinglounge.com","og_image":[{"width":2560,"height":1152,"url":"https:\/\/airportsmokinglounge.com\/wp-content\/uploads\/2024\/01\/IMG_20240125_080131-scaled.jpg","type":"image\/jpeg"}],"twitter_card":"summary_large_image","twitter_misc":{"Est. tempo de leitura":"4 minutos"},"schema":{"@context":"https:\/\/schema.org","@graph":[{"@type":"WebPage","@id":"https:\/\/airportsmokinglounge.com\/smoking-areas-at-transilvania-airport-targu-mures-tgm\/","url":"https:\/\/airportsmokinglounge.com\/smoking-areas-at-transilvania-airport-targu-mures-tgm\/","name":"\u00c1reas para fumantes no TRANSILVANIA AIRPORT T\u00e2rgu Mure\u0219 (TGM) - airportsmokinglounge.com","isPartOf":{"@id":"https:\/\/airportsmokinglounge.com\/#website"},"primaryImageOfPage":{"@id":"https:\/\/airportsmokinglounge.com\/smoking-areas-at-transilvania-airport-targu-mures-tgm\/#primaryimage"},"image":{"@id":"https:\/\/airportsmokinglounge.com\/smoking-areas-at-transilvania-airport-targu-mures-tgm\/#primaryimage"},"thumbnailUrl":"https:\/\/airportsmokinglounge.com\/wp-content\/uploads\/2024\/01\/IMG_20240125_080131-scaled.jpg","datePublished":"2024-01-28T18:04:10+00:00","description":"\u00c1reas para fumantes AEROPORTO DA TRANSILV\u00c2NIA T\u00e2rgu Mure\u0219 - Encontre uma \u00e1rea para fumantes no aeroporto \u2714\ufe0e Guia para fumantes em aeroportos: informa\u00e7\u00f5es para viajantes","breadcrumb":{"@id":"https:\/\/airportsmokinglounge.com\/smoking-areas-at-transilvania-airport-targu-mures-tgm\/#breadcrumb"},"inLanguage":"pt-BR","potentialAction":[{"@type":"ReadAction","target":["https:\/\/airportsmokinglounge.com\/smoking-areas-at-transilvania-airport-targu-mures-tgm\/"]}]},{"@type":"ImageObject","inLanguage":"pt-BR","@id":"https:\/\/airportsmokinglounge.com\/smoking-areas-at-transilvania-airport-targu-mures-tgm\/#primaryimage","url":"https:\/\/airportsmokinglounge.com\/wp-content\/uploads\/2024\/01\/IMG_20240125_080131-scaled.jpg","contentUrl":"https:\/\/airportsmokinglounge.com\/wp-content\/uploads\/2024\/01\/IMG_20240125_080131-scaled.jpg","width":2560,"height":1152,"caption":"TRANSILVANIA AIRPORT T\u00e2rgu Mure\u0219"},{"@type":"BreadcrumbList","@id":"https:\/\/airportsmokinglounge.com\/smoking-areas-at-transilvania-airport-targu-mures-tgm\/#breadcrumb","itemListElement":[{"@type":"ListItem","position":1,"name":"Home","item":"https:\/\/airportsmokinglounge.com\/"},{"@type":"ListItem","position":2,"name":"Smoking areas at TRANSILVANIA AIRPORT T\u00e2rgu Mure\u0219 (TGM)"}]},{"@type":"WebSite","@id":"https:\/\/airportsmokinglounge.com\/#website","url":"https:\/\/airportsmokinglounge.com\/","name":"www.airport Smokinglounge.com","description":"","potentialAction":[{"@type":"SearchAction","target":{"@type":"EntryPoint","urlTemplate":"https:\/\/airportsmokinglounge.com\/?s={search_term_string}"},"query-input":{"@type":"PropertyValueSpecification","valueRequired":true,"valueName":"search_term_string"}}],"inLanguage":"pt-BR"}]}},"_links":{"self":[{"href":"https:\/\/airportsmokinglounge.com\/pt\/wp-json\/wp\/v2\/pages\/7264","targetHints":{"allow":["GET"]}}],"collection":[{"href":"https:\/\/airportsmokinglounge.com\/pt\/wp-json\/wp\/v2\/pages"}],"about":[{"href":"https:\/\/airportsmokinglounge.com\/pt\/wp-json\/wp\/v2\/types\/page"}],"author":[{"embeddable":true,"href":"https:\/\/airportsmokinglounge.com\/pt\/wp-json\/wp\/v2\/users\/1"}],"replies":[{"embeddable":true,"href":"https:\/\/airportsmokinglounge.com\/pt\/wp-json\/wp\/v2\/comments?post=7264"}],"version-history":[{"count":1,"href":"https:\/\/airportsmokinglounge.com\/pt\/wp-json\/wp\/v2\/pages\/7264\/revisions"}],"predecessor-version":[{"id":7267,"href":"https:\/\/airportsmokinglounge.com\/pt\/wp-json\/wp\/v2\/pages\/7264\/revisions\/7267"}],"wp:featuredmedia":[{"embeddable":true,"href":"https:\/\/airportsmokinglounge.com\/pt\/wp-json\/wp\/v2\/media\/7265"}],"wp:attachment":[{"href":"https:\/\/airportsmokinglounge.com\/pt\/wp-json\/wp\/v2\/media?parent=7264"}],"curies":[{"name":"wp","href":"https:\/\/api.w.org\/{rel}","templated":true}]}}