{"id":76,"date":"2023-02-21T15:40:49","date_gmt":"2023-02-21T14:40:49","guid":{"rendered":"https:\/\/airportsmokinglounge.com\/?page_id=76"},"modified":"2023-05-10T11:28:34","modified_gmt":"2023-05-10T09:28:34","slug":"smoking-in-andorra-airport-la-seu-durgell-leu","status":"publish","type":"page","link":"https:\/\/airportsmokinglounge.com\/pt\/fumar-no-aeroporto-de-andorra-la-seu-durgell-leu\/","title":{"rendered":"Fumar no Aeroporto de Andorra \u2013 La Seu d&#039;Urgell (LEU)"},"content":{"rendered":"<h2><span style=\"color: #333333;\">\u00c1reas para fumantes no aeroporto de Andorra antes da verifica\u00e7\u00e3o de seguran\u00e7a<\/span><\/h2>\n<ul>\n<li><span style=\"font-size: 14pt;\">S\u00f3 \u00e9 permitido fumar fora do terminal nas \u00e1reas designadas para fumantes.<\/span><\/li>\n<li><span style=\"font-size: 14pt;\">\u00c9 proibido fumar no edif\u00edcio do terminal.<\/span><\/li>\n<\/ul>\n<h2>\u00c1reas para fumantes ap\u00f3s verifica\u00e7\u00e3o de seguran\u00e7a<\/h2>\n<ul>\n<li><span style=\"font-size: 14pt;\">N\u00e3o h\u00e1 instala\u00e7\u00f5es para fumantes dentro do Terminal ap\u00f3s a verifica\u00e7\u00e3o de seguran\u00e7a.<\/span><\/li>\n<li><span style=\"font-size: 14pt;\">Os passageiros com voos de conex\u00e3o devem imigrar primeiro e depois podem fumar fora do terminal. Existem \u00e1reas designadas para fumantes. Em seguida, passe novamente pela seguran\u00e7a para o seu voo de conex\u00e3o.<\/span><\/li>\n<\/ul>\n<p><span style=\"font-size: 14pt;\">Mais informa\u00e7\u00f5es no site oficial<\/span><\/p>\n<ul>\n<li><a href=\"https:\/\/www.aeroportandorralaseu.cat\/\" target=\"_blank\" rel=\"noopener\"><span style=\"font-size: 14pt;\">aeroportandorralaseu.cat<\/span><\/a><\/li>\n<\/ul>\n<p><strong><span style=\"font-size: 14pt;\">Envie-nos coment\u00e1rios<\/span><\/strong><\/p>\n<p><span style=\"font-size: 14pt;\">Se estiver no aeroporto de Andorra, fique \u00e0 vontade para nos enviar fotos das \u00e1reas para fumadores. Isso nos ajudar\u00e1 a preencher nosso banco de dados mais rapidamente. Voc\u00ea consegue fazer isso <strong><a href=\"https:\/\/airportsmokinglounge.com\/pt\/contato\/\">Aqui<\/a>.<\/strong> As imagens s\u00e3o publicadas em nosso site, indicando a fonte da imagem (nome). Sinta-se \u00e0 vontade para compartilhar essas fotos conosco e com todos os visitantes do Airport Smokinglounge.com<\/span>.<\/p>\n<h2>Lei de Fumo de Andorra<\/h2>\n<p><span style=\"font-size: 14pt;\">\u00c9 proibido fumar em todos os espa\u00e7os p\u00fablicos fechados, incluindo bares, restaurantes e locais de trabalho. Esta proibi\u00e7\u00e3o tamb\u00e9m se estende a \u00e1reas exteriores onde \u00e9 prov\u00e1vel que as pessoas se re\u00fanam, como parques infantis e instala\u00e7\u00f5es desportivas.<\/span><\/p>\n<p><span style=\"font-size: 14pt;\">Al\u00e9m da proibi\u00e7\u00e3o de fumar em espa\u00e7os p\u00fablicos, existem tamb\u00e9m restri\u00e7\u00f5es \u00e0 publicidade e promo\u00e7\u00e3o dos produtos do tabaco. \u00c9 ilegal vender produtos de tabaco a menores de 18 anos e fumar tamb\u00e9m \u00e9 proibido em ve\u00edculos particulares se o passageiro tiver menos de 18 anos.<\/span><\/p>\n<p><span style=\"font-size: 14pt;\">As penalidades por violar estas leis antitabagismo em Andorra s\u00e3o bastante severas. Os indiv\u00edduos que sejam apanhados a fumar em locais p\u00fablicos podem ser multados at\u00e9 600 euros, enquanto os estabelecimentos que permitem fumar podem ser multados at\u00e9 12 mil euros. Os infratores reincidentes podem enfrentar multas ainda mais altas ou potencialmente at\u00e9 pris\u00e3o.<\/span><\/p>\n<p><span style=\"font-size: 14pt;\">No geral, as leis antitabagismo em Andorra s\u00e3o bastante rigorosas e aplicadas com rigor.<\/span><\/p>\n<p>&nbsp;<\/p>\n<h3>perguntas frequentes<\/h3>\n<h4><span style=\"font-size: 14pt;\">As \u00e1reas para fumantes do aeroporto est\u00e3o dispon\u00edveis 24 horas por dia, 7 dias por semana?<\/span><\/h4>\n<p><span style=\"font-size: 14pt;\">A disponibilidade de \u00e1reas para fumantes no aeroporto pode variar dependendo do aeroporto e da localiza\u00e7\u00e3o. Algumas \u00e1reas para fumantes funcionam 24 horas por dia, enquanto outras podem ter hor\u00e1rios restritos ou fechar em determinados hor\u00e1rios. \u00c9 melhor verificar com o aeroporto ou visitar seu site para obter informa\u00e7\u00f5es espec\u00edficas sobre o hor\u00e1rio de funcionamento da \u00e1rea para fumantes.<\/span><\/p>\n<h4><span style=\"font-size: 14pt;\">\u00c9 permitido trazer minha pr\u00f3pria comida e bebida para a \u00e1rea de fumantes?<\/span><\/h4>\n<p><span style=\"font-size: 14pt;\">Isso pode depender da \u00e1rea espec\u00edfica para fumantes e do aeroporto. Algumas \u00e1reas para fumantes podem permitir alimentos e bebidas de fora, enquanto outras podem ter restri\u00e7\u00f5es ou proibi-las completamente. \u00c9 melhor verificar com o aeroporto ou a sinaliza\u00e7\u00e3o da \u00e1rea para fumantes as regras e regulamentos espec\u00edficos.<\/span><\/p>\n<h4><span style=\"font-size: 14pt;\">\u00c9 permitido fumar em todas as \u00e1reas para fumantes do aeroporto?<\/span><\/h4>\n<p><span style=\"font-size: 14pt;\">Nem todas as \u00e1reas para fumantes do aeroporto permitem fumar. Alguns aeroportos podem ter \u00e1reas designadas para cigarros eletr\u00f4nicos ou vaping, separadas das \u00e1reas tradicionais para fumantes. Certifique-se de verificar as regras e regulamentos espec\u00edficos da \u00e1rea para fumantes que planeja usar.<\/span><\/p>\n<h4><span style=\"font-size: 14pt;\">As \u00e1reas para fumantes s\u00e3o climatizadas ou aquecidas?<\/span><\/h4>\n<p><span style=\"font-size: 14pt;\">A temperatura e a ventila\u00e7\u00e3o das \u00e1reas para fumantes do aeroporto podem variar muito. Alguns podem ser climatizados ou aquecidos, enquanto outros podem ser espa\u00e7os ao ar livre com prote\u00e7\u00e3o limitada contra os elementos. Certifique-se de verificar com o aeroporto ou visitar a \u00e1rea de fumantes com anteced\u00eancia para determinar as condi\u00e7\u00f5es e se preparar adequadamente.<\/span><\/p>\n<h4><span style=\"font-size: 14pt;\">As \u00e1reas para fumantes s\u00e3o acess\u00edveis a viajantes com defici\u00eancia?<\/span><\/h4>\n<p><span style=\"font-size: 14pt;\">Muitos aeroportos fizeram esfor\u00e7os para tornar suas \u00e1reas para fumantes acess\u00edveis a viajantes com defici\u00eancia. No entanto, a acessibilidade de \u00e1reas espec\u00edficas para fumantes pode variar muito. Certifique-se de verificar com o aeroporto ou visitar a \u00e1rea de fumantes com anteced\u00eancia para determinar se ela \u00e9 acess\u00edvel e se atende \u00e0s suas necessidades.<\/span><\/p>\n<p><span style=\"font-size: 14pt;\"><strong>Zonas de fumadores em:<\/strong><\/span><\/p>\n<ul>\n<li><a href=\"https:\/\/airportsmokinglounge.com\/pt\/areas-para-fumantes-nos-aeroportos-europeus\/\">aeroportos europeus<\/a><\/li>\n<\/ul>","protected":false},"excerpt":{"rendered":"<p>Smoking areas in Andorra Airport before Security Check Smoking is only permitted outside the terminal in the designated Smoking areas. Smoking is forbidden in the terminal building. Smoking areas after Security Check There are no smoking facilities inside the Terminal after Security Check. Passengers with connecting flights have to immigrate first and can then smoke&hellip;&nbsp;<a href=\"https:\/\/airportsmokinglounge.com\/pt\/fumar-no-aeroporto-de-andorra-la-seu-durgell-leu\/\" rel=\"bookmark\">Ler mais \u00bb<span class=\"screen-reader-text\">Fumar no Aeroporto de Andorra \u2013 La Seu d&#039;Urgell (LEU)<\/span><\/a><\/p>","protected":false},"author":1,"featured_media":1199,"parent":0,"menu_order":0,"comment_status":"closed","ping_status":"closed","template":"","meta":{"neve_meta_sidebar":"","neve_meta_container":"","neve_meta_enable_content_width":"off","neve_meta_content_width":100,"neve_meta_title_alignment":"","neve_meta_author_avatar":"","neve_post_elements_order":"","neve_meta_disable_header":"","neve_meta_disable_footer":"","neve_meta_disable_title":"","neve_meta_reading_time":"","footnotes":""},"class_list":["post-76","page","type-page","status-publish","has-post-thumbnail","hentry"],"yoast_head":"<!-- This site is optimized with the Yoast SEO plugin v26.6 - https:\/\/yoast.com\/wordpress\/plugins\/seo\/ -->\n<title>Smoking in Andorra Airport - La Seu d\u2019Urgell (LEU)<\/title>\n<meta name=\"description\" content=\"Smoking in Andorra Airport - Find a smoking area in the airport from Andorra \u2714\ufe0e Smoking Guide in Airports: Information for Travelers \u2714\ufe0e\" \/>\n<meta name=\"robots\" content=\"index, follow, max-snippet:-1, max-image-preview:large, max-video-preview:-1\" \/>\n<link rel=\"canonical\" href=\"https:\/\/airportsmokinglounge.com\/pt\/fumar-no-aeroporto-de-andorra-la-seu-durgell-leu\/\" \/>\n<meta property=\"og:locale\" content=\"pt_BR\" \/>\n<meta property=\"og:type\" content=\"article\" \/>\n<meta property=\"og:title\" content=\"Smoking in Andorra Airport - La Seu d\u2019Urgell (LEU)\" \/>\n<meta property=\"og:description\" content=\"Smoking in Andorra Airport - Find a smoking area in the airport from Andorra \u2714\ufe0e Smoking Guide in Airports: Information for Travelers \u2714\ufe0e\" \/>\n<meta property=\"og:url\" content=\"https:\/\/airportsmokinglounge.com\/pt\/fumar-no-aeroporto-de-andorra-la-seu-durgell-leu\/\" \/>\n<meta property=\"og:site_name\" content=\"airportsmokinglounge.com\" \/>\n<meta property=\"article:modified_time\" content=\"2023-05-10T09:28:34+00:00\" \/>\n<meta property=\"og:image\" content=\"https:\/\/airportsmokinglounge.com\/wp-content\/uploads\/2023\/03\/airport-smoking-lounge-4.jpg\" \/>\n\t<meta property=\"og:image:width\" content=\"2048\" \/>\n\t<meta property=\"og:image:height\" content=\"1152\" \/>\n\t<meta property=\"og:image:type\" content=\"image\/jpeg\" \/>\n<meta name=\"twitter:card\" content=\"summary_large_image\" \/>\n<meta name=\"twitter:label1\" content=\"Est. tempo de leitura\" \/>\n\t<meta name=\"twitter:data1\" content=\"3 minutos\" \/>\n<script type=\"application\/ld+json\" class=\"yoast-schema-graph\">{\"@context\":\"https:\/\/schema.org\",\"@graph\":[{\"@type\":\"WebPage\",\"@id\":\"https:\/\/airportsmokinglounge.com\/smoking-in-andorra-airport-la-seu-durgell-leu\/\",\"url\":\"https:\/\/airportsmokinglounge.com\/smoking-in-andorra-airport-la-seu-durgell-leu\/\",\"name\":\"Smoking in Andorra Airport - La Seu d\u2019Urgell (LEU)\",\"isPartOf\":{\"@id\":\"https:\/\/airportsmokinglounge.com\/#website\"},\"primaryImageOfPage\":{\"@id\":\"https:\/\/airportsmokinglounge.com\/smoking-in-andorra-airport-la-seu-durgell-leu\/#primaryimage\"},\"image\":{\"@id\":\"https:\/\/airportsmokinglounge.com\/smoking-in-andorra-airport-la-seu-durgell-leu\/#primaryimage\"},\"thumbnailUrl\":\"https:\/\/airportsmokinglounge.com\/wp-content\/uploads\/2023\/03\/airport-smoking-lounge-4.jpg\",\"datePublished\":\"2023-02-21T14:40:49+00:00\",\"dateModified\":\"2023-05-10T09:28:34+00:00\",\"description\":\"Smoking in Andorra Airport - Find a smoking area in the airport from Andorra \u2714\ufe0e Smoking Guide in Airports: Information for Travelers \u2714\ufe0e\",\"breadcrumb\":{\"@id\":\"https:\/\/airportsmokinglounge.com\/smoking-in-andorra-airport-la-seu-durgell-leu\/#breadcrumb\"},\"inLanguage\":\"pt-BR\",\"potentialAction\":[{\"@type\":\"ReadAction\",\"target\":[\"https:\/\/airportsmokinglounge.com\/smoking-in-andorra-airport-la-seu-durgell-leu\/\"]}]},{\"@type\":\"ImageObject\",\"inLanguage\":\"pt-BR\",\"@id\":\"https:\/\/airportsmokinglounge.com\/smoking-in-andorra-airport-la-seu-durgell-leu\/#primaryimage\",\"url\":\"https:\/\/airportsmokinglounge.com\/wp-content\/uploads\/2023\/03\/airport-smoking-lounge-4.jpg\",\"contentUrl\":\"https:\/\/airportsmokinglounge.com\/wp-content\/uploads\/2023\/03\/airport-smoking-lounge-4.jpg\",\"width\":2048,\"height\":1152,\"caption\":\"Airport Smoking\"},{\"@type\":\"BreadcrumbList\",\"@id\":\"https:\/\/airportsmokinglounge.com\/smoking-in-andorra-airport-la-seu-durgell-leu\/#breadcrumb\",\"itemListElement\":[{\"@type\":\"ListItem\",\"position\":1,\"name\":\"Home\",\"item\":\"https:\/\/airportsmokinglounge.com\/\"},{\"@type\":\"ListItem\",\"position\":2,\"name\":\"Smoking in Andorra Airport &#8211; La Seu d\u2019Urgell (LEU)\"}]},{\"@type\":\"WebSite\",\"@id\":\"https:\/\/airportsmokinglounge.com\/#website\",\"url\":\"https:\/\/airportsmokinglounge.com\/\",\"name\":\"airportsmokinglounge.com\",\"description\":\"\",\"potentialAction\":[{\"@type\":\"SearchAction\",\"target\":{\"@type\":\"EntryPoint\",\"urlTemplate\":\"https:\/\/airportsmokinglounge.com\/?s={search_term_string}\"},\"query-input\":{\"@type\":\"PropertyValueSpecification\",\"valueRequired\":true,\"valueName\":\"search_term_string\"}}],\"inLanguage\":\"pt-BR\"}]}<\/script>\n<!-- \/ Yoast SEO plugin. -->","yoast_head_json":{"title":"Fumar no Aeroporto de Andorra - La Seu d&#039;Urgell (LEU)","description":"Fumar no aeroporto de Andorra - Encontre uma \u00e1rea para fumantes no aeroporto de Andorra \u2714\ufe0e Guia para fumantes nos aeroportos: informa\u00e7\u00f5es para viajantes \u2714\ufe0e","robots":{"index":"index","follow":"follow","max-snippet":"max-snippet:-1","max-image-preview":"max-image-preview:large","max-video-preview":"max-video-preview:-1"},"canonical":"https:\/\/airportsmokinglounge.com\/pt\/fumar-no-aeroporto-de-andorra-la-seu-durgell-leu\/","og_locale":"pt_BR","og_type":"article","og_title":"Smoking in Andorra Airport - La Seu d\u2019Urgell (LEU)","og_description":"Smoking in Andorra Airport - Find a smoking area in the airport from Andorra \u2714\ufe0e Smoking Guide in Airports: Information for Travelers \u2714\ufe0e","og_url":"https:\/\/airportsmokinglounge.com\/pt\/fumar-no-aeroporto-de-andorra-la-seu-durgell-leu\/","og_site_name":"airportsmokinglounge.com","article_modified_time":"2023-05-10T09:28:34+00:00","og_image":[{"width":2048,"height":1152,"url":"https:\/\/airportsmokinglounge.com\/wp-content\/uploads\/2023\/03\/airport-smoking-lounge-4.jpg","type":"image\/jpeg"}],"twitter_card":"summary_large_image","twitter_misc":{"Est. tempo de leitura":"3 minutos"},"schema":{"@context":"https:\/\/schema.org","@graph":[{"@type":"WebPage","@id":"https:\/\/airportsmokinglounge.com\/smoking-in-andorra-airport-la-seu-durgell-leu\/","url":"https:\/\/airportsmokinglounge.com\/smoking-in-andorra-airport-la-seu-durgell-leu\/","name":"Fumar no Aeroporto de Andorra - La Seu d&#039;Urgell (LEU)","isPartOf":{"@id":"https:\/\/airportsmokinglounge.com\/#website"},"primaryImageOfPage":{"@id":"https:\/\/airportsmokinglounge.com\/smoking-in-andorra-airport-la-seu-durgell-leu\/#primaryimage"},"image":{"@id":"https:\/\/airportsmokinglounge.com\/smoking-in-andorra-airport-la-seu-durgell-leu\/#primaryimage"},"thumbnailUrl":"https:\/\/airportsmokinglounge.com\/wp-content\/uploads\/2023\/03\/airport-smoking-lounge-4.jpg","datePublished":"2023-02-21T14:40:49+00:00","dateModified":"2023-05-10T09:28:34+00:00","description":"Fumar no aeroporto de Andorra - Encontre uma \u00e1rea para fumantes no aeroporto de Andorra \u2714\ufe0e Guia para fumantes nos aeroportos: informa\u00e7\u00f5es para viajantes \u2714\ufe0e","breadcrumb":{"@id":"https:\/\/airportsmokinglounge.com\/smoking-in-andorra-airport-la-seu-durgell-leu\/#breadcrumb"},"inLanguage":"pt-BR","potentialAction":[{"@type":"ReadAction","target":["https:\/\/airportsmokinglounge.com\/smoking-in-andorra-airport-la-seu-durgell-leu\/"]}]},{"@type":"ImageObject","inLanguage":"pt-BR","@id":"https:\/\/airportsmokinglounge.com\/smoking-in-andorra-airport-la-seu-durgell-leu\/#primaryimage","url":"https:\/\/airportsmokinglounge.com\/wp-content\/uploads\/2023\/03\/airport-smoking-lounge-4.jpg","contentUrl":"https:\/\/airportsmokinglounge.com\/wp-content\/uploads\/2023\/03\/airport-smoking-lounge-4.jpg","width":2048,"height":1152,"caption":"Airport Smoking"},{"@type":"BreadcrumbList","@id":"https:\/\/airportsmokinglounge.com\/smoking-in-andorra-airport-la-seu-durgell-leu\/#breadcrumb","itemListElement":[{"@type":"ListItem","position":1,"name":"Home","item":"https:\/\/airportsmokinglounge.com\/"},{"@type":"ListItem","position":2,"name":"Smoking in Andorra Airport &#8211; La Seu d\u2019Urgell (LEU)"}]},{"@type":"WebSite","@id":"https:\/\/airportsmokinglounge.com\/#website","url":"https:\/\/airportsmokinglounge.com\/","name":"www.airport Smokinglounge.com","description":"","potentialAction":[{"@type":"SearchAction","target":{"@type":"EntryPoint","urlTemplate":"https:\/\/airportsmokinglounge.com\/?s={search_term_string}"},"query-input":{"@type":"PropertyValueSpecification","valueRequired":true,"valueName":"search_term_string"}}],"inLanguage":"pt-BR"}]}},"_links":{"self":[{"href":"https:\/\/airportsmokinglounge.com\/pt\/wp-json\/wp\/v2\/pages\/76","targetHints":{"allow":["GET"]}}],"collection":[{"href":"https:\/\/airportsmokinglounge.com\/pt\/wp-json\/wp\/v2\/pages"}],"about":[{"href":"https:\/\/airportsmokinglounge.com\/pt\/wp-json\/wp\/v2\/types\/page"}],"author":[{"embeddable":true,"href":"https:\/\/airportsmokinglounge.com\/pt\/wp-json\/wp\/v2\/users\/1"}],"replies":[{"embeddable":true,"href":"https:\/\/airportsmokinglounge.com\/pt\/wp-json\/wp\/v2\/comments?post=76"}],"version-history":[{"count":10,"href":"https:\/\/airportsmokinglounge.com\/pt\/wp-json\/wp\/v2\/pages\/76\/revisions"}],"predecessor-version":[{"id":4736,"href":"https:\/\/airportsmokinglounge.com\/pt\/wp-json\/wp\/v2\/pages\/76\/revisions\/4736"}],"wp:featuredmedia":[{"embeddable":true,"href":"https:\/\/airportsmokinglounge.com\/pt\/wp-json\/wp\/v2\/media\/1199"}],"wp:attachment":[{"href":"https:\/\/airportsmokinglounge.com\/pt\/wp-json\/wp\/v2\/media?parent=76"}],"curies":[{"name":"wp","href":"https:\/\/api.w.org\/{rel}","templated":true}]}}