{"id":80,"date":"2023-02-21T16:00:51","date_gmt":"2023-02-21T15:00:51","guid":{"rendered":"https:\/\/airportsmokinglounge.com\/?page_id=80"},"modified":"2023-05-25T11:33:06","modified_gmt":"2023-05-25T09:33:06","slug":"smoking-in-austrian-airports","status":"publish","type":"page","link":"https:\/\/airportsmokinglounge.com\/pt\/fumar-em-aeroportos-austriacos\/","title":{"rendered":"Fumar nos aeroportos austr\u00edacos"},"content":{"rendered":"<h2>Aeroportos austr\u00edacos<\/h2>\n<ul style=\"list-style-type: circle;\">\n<li><a href=\"https:\/\/airportsmokinglounge.com\/pt\/smoking-areas-at-vienna-airport\/\">AEROPORTO INTERNACIONAL DE VIENA (VIE)<\/a><\/li>\n<li><a href=\"https:\/\/airportsmokinglounge.com\/pt\/smoking-areas-at-salzburg-airport\/\">AEROPORTO DE SALZBURGO (SZG)<\/a><\/li>\n<li><a href=\"https:\/\/airportsmokinglounge.com\/pt\/areas-para-fumantes-no-aeroporto-de-graz-grz\/\">AEROPORTO DE GRAZ (GRZ)<\/a><\/li>\n<li><a href=\"https:\/\/airportsmokinglounge.com\/pt\/smoking-areas-at-innsbruck-airport\/\">AEROPORTO DE INNSBRUCK (POUSADA)<\/a><\/li>\n<li><a href=\"https:\/\/airportsmokinglounge.com\/pt\/areas-para-fumantes-no-aeroporto-de-linz-lnz\/\">AEROPORTO DE LINZ H\u00d6RSCHING (LNZ)<\/a><\/li>\n<li><a href=\"https:\/\/airportsmokinglounge.com\/pt\/areas-para-fumantes-no-aeroporto-de-klagenfurt-klu\/\">AEROPORTO DE KLAGENFURT (KLU)<\/a><\/li>\n<\/ul>\n<h2>Lei do Fumo na \u00c1ustria<\/h2>\n<p>As leis antitabagismo na \u00c1ustria pro\u00edbem fumar em todos os espa\u00e7os p\u00fablicos fechados, incluindo bares, restaurantes e locais de trabalho. Esta proibi\u00e7\u00e3o tamb\u00e9m se estende a \u00e1reas exteriores onde \u00e9 prov\u00e1vel que as pessoas se re\u00fanam, como parques infantis e instala\u00e7\u00f5es desportivas. No entanto, existem algumas exce\u00e7\u00f5es a esta proibi\u00e7\u00e3o.<\/p>\n<p>Por exemplo, \u00e9 permitido fumar em salas exclusivas para fumantes que atendam a determinados padr\u00f5es de ventila\u00e7\u00e3o, e alguns bares e restaurantes possuem \u00e1reas designadas para fumantes ao ar livre.<\/p>\n<p>Al\u00e9m da proibi\u00e7\u00e3o de fumar em espa\u00e7os p\u00fablicos, existem tamb\u00e9m restri\u00e7\u00f5es \u00e0 publicidade e promo\u00e7\u00e3o dos produtos do tabaco. Os indiv\u00edduos que sejam apanhados a fumar em locais p\u00fablicos podem ser multados at\u00e9 1.000 euros, enquanto os estabelecimentos que permitem fumar podem ser multados at\u00e9 10.000 euros.<\/p>\n<p>No geral, as leis antitabagismo na \u00c1ustria s\u00e3o bastante rigorosas e aplicadas com rigor.<\/p>\n<p><strong>Mais \u00e1reas para fumantes no aeroporto\u00a0<\/strong><\/p>\n<ul>\n<li><a href=\"https:\/\/airportsmokinglounge.com\/pt\/fumar-nos-aeroportos-da-america-do-norte\/\">Am\u00e9rica do Norte<\/a><\/li>\n<li><a href=\"https:\/\/airportsmokinglounge.com\/pt\/fumando-nos-aeroportos-da-america-do-sul\/\">Am\u00e9rica do Sul<\/a><\/li>\n<li><a href=\"https:\/\/airportsmokinglounge.com\/pt\/areas-para-fumantes-nos-aeroportos-europeus\/\">Europa<\/a><\/li>\n<li><a href=\"https:\/\/airportsmokinglounge.com\/pt\/fumar-em-aeroportos-na-asia\/\">\u00c1sia<\/a><\/li>\n<li><a href=\"https:\/\/airportsmokinglounge.com\/pt\/fumar-em-aeroportos-na-oceania\/\">Oce\u00e2nia<\/a><\/li>\n<li><a href=\"https:\/\/airportsmokinglounge.com\/pt\/fumar-em-aeroportos-na-africa\/\">\u00c1frica<\/a><\/li>\n<\/ul>","protected":false},"excerpt":{"rendered":"<p>Aeroportos Austr\u00edacos AEROPORTO INTERNACIONAL DE VIENA (VIE) AEROPORTO DE SALZBURGO (SZG) AEROPORTO DE GRAZ (GRZ) AEROPORTO DE INNSBRUCK (INN) AEROPORTO DE LINZ H\u00d6RSCHING (LNZ) AEROPORTO DE KLAGENFURT (KLU) Lei Antifumo da \u00c1ustria As leis antifumo na \u00c1ustria pro\u00edbem fumar em todos os espa\u00e7os p\u00fablicos fechados, incluindo bares, restaurantes e locais de trabalho. Essa proibi\u00e7\u00e3o tamb\u00e9m se estende a \u00e1reas externas onde as pessoas provavelmente se aglomeram,\u2026&nbsp;<a href=\"https:\/\/airportsmokinglounge.com\/pt\/fumar-em-aeroportos-austriacos\/\" rel=\"bookmark\">Ler mais \u00bb<span class=\"screen-reader-text\">Fumar nos aeroportos austr\u00edacos<\/span><\/a><\/p>","protected":false},"author":1,"featured_media":1199,"parent":0,"menu_order":0,"comment_status":"closed","ping_status":"closed","template":"","meta":{"neve_meta_sidebar":"","neve_meta_container":"","neve_meta_enable_content_width":"off","neve_meta_content_width":100,"neve_meta_title_alignment":"","neve_meta_author_avatar":"","neve_post_elements_order":"","neve_meta_disable_header":"","neve_meta_disable_footer":"","neve_meta_disable_title":"","neve_meta_reading_time":"","footnotes":""},"class_list":["post-80","page","type-page","status-publish","has-post-thumbnail","hentry"],"yoast_head":"<!-- This site is optimized with the Yoast SEO plugin v26.6 - https:\/\/yoast.com\/wordpress\/plugins\/seo\/ -->\n<title>Smoking in Austrian Airports - airportsmokinglounge.com<\/title>\n<meta name=\"description\" content=\"Smoking Areas in Austria Airports - Your Ultimate Guide to Finding a Place to Smoke \u2714\ufe0e Find Your Next Smoke Break Spot \u2714\ufe0e\" \/>\n<meta name=\"robots\" content=\"index, follow, max-snippet:-1, max-image-preview:large, max-video-preview:-1\" \/>\n<link rel=\"canonical\" href=\"https:\/\/airportsmokinglounge.com\/pt\/fumar-em-aeroportos-austriacos\/\" \/>\n<meta property=\"og:locale\" content=\"pt_BR\" \/>\n<meta property=\"og:type\" content=\"article\" \/>\n<meta property=\"og:title\" content=\"Smoking in Austrian Airports - airportsmokinglounge.com\" \/>\n<meta property=\"og:description\" content=\"Smoking Areas in Austria Airports - Your Ultimate Guide to Finding a Place to Smoke \u2714\ufe0e Find Your Next Smoke Break Spot \u2714\ufe0e\" \/>\n<meta property=\"og:url\" content=\"https:\/\/airportsmokinglounge.com\/pt\/fumar-em-aeroportos-austriacos\/\" \/>\n<meta property=\"og:site_name\" content=\"airportsmokinglounge.com\" \/>\n<meta property=\"article:modified_time\" content=\"2023-05-25T09:33:06+00:00\" \/>\n<meta property=\"og:image\" content=\"https:\/\/airportsmokinglounge.com\/wp-content\/uploads\/2023\/03\/airport-smoking-lounge-4.jpg\" \/>\n\t<meta property=\"og:image:width\" content=\"2048\" \/>\n\t<meta property=\"og:image:height\" content=\"1152\" \/>\n\t<meta property=\"og:image:type\" content=\"image\/jpeg\" \/>\n<meta name=\"twitter:card\" content=\"summary_large_image\" \/>\n<meta name=\"twitter:label1\" content=\"Est. tempo de leitura\" \/>\n\t<meta name=\"twitter:data1\" content=\"1 minuto\" \/>\n<script type=\"application\/ld+json\" class=\"yoast-schema-graph\">{\"@context\":\"https:\/\/schema.org\",\"@graph\":[{\"@type\":\"WebPage\",\"@id\":\"https:\/\/airportsmokinglounge.com\/smoking-in-austrian-airports\/\",\"url\":\"https:\/\/airportsmokinglounge.com\/smoking-in-austrian-airports\/\",\"name\":\"Smoking in Austrian Airports - airportsmokinglounge.com\",\"isPartOf\":{\"@id\":\"https:\/\/airportsmokinglounge.com\/#website\"},\"primaryImageOfPage\":{\"@id\":\"https:\/\/airportsmokinglounge.com\/smoking-in-austrian-airports\/#primaryimage\"},\"image\":{\"@id\":\"https:\/\/airportsmokinglounge.com\/smoking-in-austrian-airports\/#primaryimage\"},\"thumbnailUrl\":\"https:\/\/airportsmokinglounge.com\/wp-content\/uploads\/2023\/03\/airport-smoking-lounge-4.jpg\",\"datePublished\":\"2023-02-21T15:00:51+00:00\",\"dateModified\":\"2023-05-25T09:33:06+00:00\",\"description\":\"Smoking Areas in Austria Airports - Your Ultimate Guide to Finding a Place to Smoke \u2714\ufe0e Find Your Next Smoke Break Spot \u2714\ufe0e\",\"breadcrumb\":{\"@id\":\"https:\/\/airportsmokinglounge.com\/smoking-in-austrian-airports\/#breadcrumb\"},\"inLanguage\":\"pt-BR\",\"potentialAction\":[{\"@type\":\"ReadAction\",\"target\":[\"https:\/\/airportsmokinglounge.com\/smoking-in-austrian-airports\/\"]}]},{\"@type\":\"ImageObject\",\"inLanguage\":\"pt-BR\",\"@id\":\"https:\/\/airportsmokinglounge.com\/smoking-in-austrian-airports\/#primaryimage\",\"url\":\"https:\/\/airportsmokinglounge.com\/wp-content\/uploads\/2023\/03\/airport-smoking-lounge-4.jpg\",\"contentUrl\":\"https:\/\/airportsmokinglounge.com\/wp-content\/uploads\/2023\/03\/airport-smoking-lounge-4.jpg\",\"width\":2048,\"height\":1152,\"caption\":\"Airport Smoking\"},{\"@type\":\"BreadcrumbList\",\"@id\":\"https:\/\/airportsmokinglounge.com\/smoking-in-austrian-airports\/#breadcrumb\",\"itemListElement\":[{\"@type\":\"ListItem\",\"position\":1,\"name\":\"Home\",\"item\":\"https:\/\/airportsmokinglounge.com\/\"},{\"@type\":\"ListItem\",\"position\":2,\"name\":\"Smoking in Austrian Airports\"}]},{\"@type\":\"WebSite\",\"@id\":\"https:\/\/airportsmokinglounge.com\/#website\",\"url\":\"https:\/\/airportsmokinglounge.com\/\",\"name\":\"airportsmokinglounge.com\",\"description\":\"\",\"potentialAction\":[{\"@type\":\"SearchAction\",\"target\":{\"@type\":\"EntryPoint\",\"urlTemplate\":\"https:\/\/airportsmokinglounge.com\/?s={search_term_string}\"},\"query-input\":{\"@type\":\"PropertyValueSpecification\",\"valueRequired\":true,\"valueName\":\"search_term_string\"}}],\"inLanguage\":\"pt-BR\"}]}<\/script>\n<!-- \/ Yoast SEO plugin. -->","yoast_head_json":{"title":"Fumar nos aeroportos austr\u00edacos - airportsmokinglounge.com","description":"\u00c1reas para fumantes nos aeroportos da \u00c1ustria - seu guia definitivo para encontrar um lugar para fumar \u2714\ufe0e Encontre seu pr\u00f3ximo local para fumar \u2714\ufe0e","robots":{"index":"index","follow":"follow","max-snippet":"max-snippet:-1","max-image-preview":"max-image-preview:large","max-video-preview":"max-video-preview:-1"},"canonical":"https:\/\/airportsmokinglounge.com\/pt\/fumar-em-aeroportos-austriacos\/","og_locale":"pt_BR","og_type":"article","og_title":"Smoking in Austrian Airports - airportsmokinglounge.com","og_description":"Smoking Areas in Austria Airports - Your Ultimate Guide to Finding a Place to Smoke \u2714\ufe0e Find Your Next Smoke Break Spot \u2714\ufe0e","og_url":"https:\/\/airportsmokinglounge.com\/pt\/fumar-em-aeroportos-austriacos\/","og_site_name":"airportsmokinglounge.com","article_modified_time":"2023-05-25T09:33:06+00:00","og_image":[{"width":2048,"height":1152,"url":"https:\/\/airportsmokinglounge.com\/wp-content\/uploads\/2023\/03\/airport-smoking-lounge-4.jpg","type":"image\/jpeg"}],"twitter_card":"summary_large_image","twitter_misc":{"Est. tempo de leitura":"1 minuto"},"schema":{"@context":"https:\/\/schema.org","@graph":[{"@type":"WebPage","@id":"https:\/\/airportsmokinglounge.com\/smoking-in-austrian-airports\/","url":"https:\/\/airportsmokinglounge.com\/smoking-in-austrian-airports\/","name":"Fumar nos aeroportos austr\u00edacos - airportsmokinglounge.com","isPartOf":{"@id":"https:\/\/airportsmokinglounge.com\/#website"},"primaryImageOfPage":{"@id":"https:\/\/airportsmokinglounge.com\/smoking-in-austrian-airports\/#primaryimage"},"image":{"@id":"https:\/\/airportsmokinglounge.com\/smoking-in-austrian-airports\/#primaryimage"},"thumbnailUrl":"https:\/\/airportsmokinglounge.com\/wp-content\/uploads\/2023\/03\/airport-smoking-lounge-4.jpg","datePublished":"2023-02-21T15:00:51+00:00","dateModified":"2023-05-25T09:33:06+00:00","description":"\u00c1reas para fumantes nos aeroportos da \u00c1ustria - seu guia definitivo para encontrar um lugar para fumar \u2714\ufe0e Encontre seu pr\u00f3ximo local para fumar \u2714\ufe0e","breadcrumb":{"@id":"https:\/\/airportsmokinglounge.com\/smoking-in-austrian-airports\/#breadcrumb"},"inLanguage":"pt-BR","potentialAction":[{"@type":"ReadAction","target":["https:\/\/airportsmokinglounge.com\/smoking-in-austrian-airports\/"]}]},{"@type":"ImageObject","inLanguage":"pt-BR","@id":"https:\/\/airportsmokinglounge.com\/smoking-in-austrian-airports\/#primaryimage","url":"https:\/\/airportsmokinglounge.com\/wp-content\/uploads\/2023\/03\/airport-smoking-lounge-4.jpg","contentUrl":"https:\/\/airportsmokinglounge.com\/wp-content\/uploads\/2023\/03\/airport-smoking-lounge-4.jpg","width":2048,"height":1152,"caption":"Airport Smoking"},{"@type":"BreadcrumbList","@id":"https:\/\/airportsmokinglounge.com\/smoking-in-austrian-airports\/#breadcrumb","itemListElement":[{"@type":"ListItem","position":1,"name":"Home","item":"https:\/\/airportsmokinglounge.com\/"},{"@type":"ListItem","position":2,"name":"Smoking in Austrian Airports"}]},{"@type":"WebSite","@id":"https:\/\/airportsmokinglounge.com\/#website","url":"https:\/\/airportsmokinglounge.com\/","name":"www.airport Smokinglounge.com","description":"","potentialAction":[{"@type":"SearchAction","target":{"@type":"EntryPoint","urlTemplate":"https:\/\/airportsmokinglounge.com\/?s={search_term_string}"},"query-input":{"@type":"PropertyValueSpecification","valueRequired":true,"valueName":"search_term_string"}}],"inLanguage":"pt-BR"}]}},"_links":{"self":[{"href":"https:\/\/airportsmokinglounge.com\/pt\/wp-json\/wp\/v2\/pages\/80","targetHints":{"allow":["GET"]}}],"collection":[{"href":"https:\/\/airportsmokinglounge.com\/pt\/wp-json\/wp\/v2\/pages"}],"about":[{"href":"https:\/\/airportsmokinglounge.com\/pt\/wp-json\/wp\/v2\/types\/page"}],"author":[{"embeddable":true,"href":"https:\/\/airportsmokinglounge.com\/pt\/wp-json\/wp\/v2\/users\/1"}],"replies":[{"embeddable":true,"href":"https:\/\/airportsmokinglounge.com\/pt\/wp-json\/wp\/v2\/comments?post=80"}],"version-history":[{"count":10,"href":"https:\/\/airportsmokinglounge.com\/pt\/wp-json\/wp\/v2\/pages\/80\/revisions"}],"predecessor-version":[{"id":6100,"href":"https:\/\/airportsmokinglounge.com\/pt\/wp-json\/wp\/v2\/pages\/80\/revisions\/6100"}],"wp:featuredmedia":[{"embeddable":true,"href":"https:\/\/airportsmokinglounge.com\/pt\/wp-json\/wp\/v2\/media\/1199"}],"wp:attachment":[{"href":"https:\/\/airportsmokinglounge.com\/pt\/wp-json\/wp\/v2\/media?parent=80"}],"curies":[{"name":"wp","href":"https:\/\/api.w.org\/{rel}","templated":true}]}}