{"id":83,"date":"2023-02-21T16:15:24","date_gmt":"2023-02-21T15:15:24","guid":{"rendered":"https:\/\/airportsmokinglounge.com\/?page_id=83"},"modified":"2023-05-10T14:10:43","modified_gmt":"2023-05-10T12:10:43","slug":"smoking-in-belgiums-airports","status":"publish","type":"page","link":"https:\/\/airportsmokinglounge.com\/pt\/fumar-nos-aeroportos-da-belgica\/","title":{"rendered":"Fumar nos aeroportos da B\u00e9lgica"},"content":{"rendered":"<p>A B\u00e9lgica tem v\u00e1rios aeroportos, desde pequenos aeroportos regionais at\u00e9 grandes centros internacionais.<\/p>\n<p>Neste site voc\u00ea pode encontrar todas as \u00e1reas para fumantes nos aeroportos, incluindo \u00e1reas designadas para fumantes e instala\u00e7\u00f5es dispon\u00edveis. Entendemos a frustra\u00e7\u00e3o de passar pela seguran\u00e7a apenas para descobrir que n\u00e3o h\u00e1 \u00e1reas para fumantes em nenhum lugar e, em alguns casos, os cigarros eletr\u00f4nicos podem n\u00e3o ser permitidos.<\/p>\n<p>Este servi\u00e7o destina-se a todos os fumadores que queiram fumar um cigarro antes ou depois de voos longos.<\/p>\n<h2>Aeroportos Belgas<\/h2>\n<ul style=\"list-style-type: circle;\">\n<li><a href=\"https:\/\/airportsmokinglounge.com\/pt\/areas-para-fumadores-no-aeroporto-de-bruxelas-bru\/\">AEROPORTO DE BRUXELAS (BRU)<\/a><\/li>\n<li><a href=\"https:\/\/airportsmokinglounge.com\/pt\/areas-para-fumantes-em-bruxelas-sul-charleroi-aeroporto-crl\/\">AEROPORTO SUL DE BRUXELAS CHARLEROI (CRL)<\/a><\/li>\n<li><a href=\"https:\/\/airportsmokinglounge.com\/pt\/areas-para-fumantes-no-aeroporto-de-liege-lgg\/\">AEROPORTO DE LI\u00c8GE (LGG)<\/a><\/li>\n<li><a href=\"https:\/\/airportsmokinglounge.com\/pt\/areas-para-fumantes-no-aeroporto-internacional-de-antuerpia-anr\/\">AEROPORTO INTERNACIONAL DE ANTU\u00c9RPIA (ANR)<\/a><\/li>\n<li><a href=\"https:\/\/airportsmokinglounge.com\/pt\/areas-para-fumantes-em-ostende-bruges-aeroporto-internacional-ost\/\">AEROPORTO INTERNACIONAL DE OSTEND-BRUGES (OST)<\/a><\/li>\n<\/ul>\n<h2>Lei de fumo da B\u00e9lgica<\/h2>\n<p>As leis antitabagismo na B\u00e9lgica pro\u00edbem fumar em todos os espa\u00e7os p\u00fablicos fechados, incluindo bares, restaurantes e locais de trabalho. Esta proibi\u00e7\u00e3o tamb\u00e9m se estende a \u00e1reas exteriores onde \u00e9 prov\u00e1vel que as pessoas se re\u00fanam, como parques infantis e instala\u00e7\u00f5es desportivas. N\u00e3o s\u00e3o permitidas salas designadas para fumantes.<\/p>\n<p>Al\u00e9m da proibi\u00e7\u00e3o de fumar em espa\u00e7os p\u00fablicos, existem tamb\u00e9m restri\u00e7\u00f5es \u00e0 publicidade e promo\u00e7\u00e3o dos produtos do tabaco. \u00c9 ilegal vender produtos de tabaco a menores de 18 anos e fumar tamb\u00e9m \u00e9 proibido em ve\u00edculos particulares se o passageiro tiver menos de 18 anos.<\/p>\n<p>Existem algumas exce\u00e7\u00f5es \u00e0 proibi\u00e7\u00e3o de fumar na B\u00e9lgica. Por exemplo, em algumas institui\u00e7\u00f5es psiqui\u00e1tricas, podem ser permitidas salas designadas para fumadores, mas apenas sob condi\u00e7\u00f5es estritas.<\/p>\n<p>As leis antitabagismo na B\u00e9lgica s\u00e3o bastante rigorosas e aplicadas com rigor.<\/p>\n<p>&nbsp;<\/p>\n<p><strong>Mais \u00e1reas para fumantes no aeroporto\u00a0<\/strong><\/p>\n<ul>\n<li><a href=\"https:\/\/airportsmokinglounge.com\/pt\/fumar-nos-aeroportos-da-america-do-norte\/\">Am\u00e9rica do Norte<\/a><\/li>\n<li><a href=\"https:\/\/airportsmokinglounge.com\/pt\/fumando-nos-aeroportos-da-america-do-sul\/\">Am\u00e9rica do Sul<\/a><\/li>\n<li><a href=\"https:\/\/airportsmokinglounge.com\/pt\/areas-para-fumantes-nos-aeroportos-europeus\/\">Europa<\/a><\/li>\n<li><a href=\"https:\/\/airportsmokinglounge.com\/pt\/fumar-em-aeroportos-na-asia\/\">\u00c1sia<\/a><\/li>\n<li><a href=\"https:\/\/airportsmokinglounge.com\/pt\/fumar-em-aeroportos-na-oceania\/\">Oce\u00e2nia<\/a><\/li>\n<li><a href=\"https:\/\/airportsmokinglounge.com\/pt\/fumar-em-aeroportos-na-africa\/\">\u00c1frica<\/a><\/li>\n<\/ul>","protected":false},"excerpt":{"rendered":"<p>A B\u00e9lgica possui diversos aeroportos, desde pequenos aeroportos regionais at\u00e9 grandes hubs internacionais. Neste site, voc\u00ea encontra todas as \u00e1reas para fumantes nos aeroportos, incluindo \u00e1reas designadas para fumantes e instala\u00e7\u00f5es dispon\u00edveis. Entendemos a frustra\u00e7\u00e3o de passar pela seguran\u00e7a e descobrir que n\u00e3o h\u00e1 \u00e1reas para fumantes em nenhum lugar e, em alguns casos, os cigarros eletr\u00f4nicos podem...&nbsp;<a href=\"https:\/\/airportsmokinglounge.com\/pt\/fumar-nos-aeroportos-da-belgica\/\" rel=\"bookmark\">Ler mais \u00bb<span class=\"screen-reader-text\">Fumar nos aeroportos da B\u00e9lgica<\/span><\/a><\/p>","protected":false},"author":1,"featured_media":1199,"parent":0,"menu_order":0,"comment_status":"closed","ping_status":"closed","template":"","meta":{"neve_meta_sidebar":"","neve_meta_container":"","neve_meta_enable_content_width":"off","neve_meta_content_width":100,"neve_meta_title_alignment":"","neve_meta_author_avatar":"","neve_post_elements_order":"","neve_meta_disable_header":"","neve_meta_disable_footer":"","neve_meta_disable_title":"","neve_meta_reading_time":"","footnotes":""},"class_list":["post-83","page","type-page","status-publish","has-post-thumbnail","hentry"],"yoast_head":"<!-- This site is optimized with the Yoast SEO plugin v26.6 - https:\/\/yoast.com\/wordpress\/plugins\/seo\/ -->\n<title>Smoking in Belgium&#039;s airports - airportsmokinglounge.com<\/title>\n<meta name=\"description\" content=\"Smoking Areas in Belgium Airports - Find Your Next Smoke Break Spot - Your Ultimate Guide to Finding a Place to Smoke \u2714\ufe0e\" \/>\n<meta name=\"robots\" content=\"index, follow, max-snippet:-1, max-image-preview:large, max-video-preview:-1\" \/>\n<link rel=\"canonical\" href=\"https:\/\/airportsmokinglounge.com\/pt\/fumar-nos-aeroportos-da-belgica\/\" \/>\n<meta property=\"og:locale\" content=\"pt_BR\" \/>\n<meta property=\"og:type\" content=\"article\" \/>\n<meta property=\"og:title\" content=\"Smoking in Belgium&#039;s airports - airportsmokinglounge.com\" \/>\n<meta property=\"og:description\" content=\"Smoking Areas in Belgium Airports - Find Your Next Smoke Break Spot - Your Ultimate Guide to Finding a Place to Smoke \u2714\ufe0e\" \/>\n<meta property=\"og:url\" content=\"https:\/\/airportsmokinglounge.com\/pt\/fumar-nos-aeroportos-da-belgica\/\" \/>\n<meta property=\"og:site_name\" content=\"airportsmokinglounge.com\" \/>\n<meta property=\"article:modified_time\" content=\"2023-05-10T12:10:43+00:00\" \/>\n<meta property=\"og:image\" content=\"https:\/\/airportsmokinglounge.com\/wp-content\/uploads\/2023\/03\/airport-smoking-lounge-4.jpg\" \/>\n\t<meta property=\"og:image:width\" content=\"2048\" \/>\n\t<meta property=\"og:image:height\" content=\"1152\" \/>\n\t<meta property=\"og:image:type\" content=\"image\/jpeg\" \/>\n<meta name=\"twitter:card\" content=\"summary_large_image\" \/>\n<meta name=\"twitter:label1\" content=\"Est. tempo de leitura\" \/>\n\t<meta name=\"twitter:data1\" content=\"2 minutos\" \/>\n<script type=\"application\/ld+json\" class=\"yoast-schema-graph\">{\"@context\":\"https:\/\/schema.org\",\"@graph\":[{\"@type\":\"WebPage\",\"@id\":\"https:\/\/airportsmokinglounge.com\/smoking-in-belgiums-airports\/\",\"url\":\"https:\/\/airportsmokinglounge.com\/smoking-in-belgiums-airports\/\",\"name\":\"Smoking in Belgium's airports - airportsmokinglounge.com\",\"isPartOf\":{\"@id\":\"https:\/\/airportsmokinglounge.com\/#website\"},\"primaryImageOfPage\":{\"@id\":\"https:\/\/airportsmokinglounge.com\/smoking-in-belgiums-airports\/#primaryimage\"},\"image\":{\"@id\":\"https:\/\/airportsmokinglounge.com\/smoking-in-belgiums-airports\/#primaryimage\"},\"thumbnailUrl\":\"https:\/\/airportsmokinglounge.com\/wp-content\/uploads\/2023\/03\/airport-smoking-lounge-4.jpg\",\"datePublished\":\"2023-02-21T15:15:24+00:00\",\"dateModified\":\"2023-05-10T12:10:43+00:00\",\"description\":\"Smoking Areas in Belgium Airports - Find Your Next Smoke Break Spot - Your Ultimate Guide to Finding a Place to Smoke \u2714\ufe0e\",\"breadcrumb\":{\"@id\":\"https:\/\/airportsmokinglounge.com\/smoking-in-belgiums-airports\/#breadcrumb\"},\"inLanguage\":\"pt-BR\",\"potentialAction\":[{\"@type\":\"ReadAction\",\"target\":[\"https:\/\/airportsmokinglounge.com\/smoking-in-belgiums-airports\/\"]}]},{\"@type\":\"ImageObject\",\"inLanguage\":\"pt-BR\",\"@id\":\"https:\/\/airportsmokinglounge.com\/smoking-in-belgiums-airports\/#primaryimage\",\"url\":\"https:\/\/airportsmokinglounge.com\/wp-content\/uploads\/2023\/03\/airport-smoking-lounge-4.jpg\",\"contentUrl\":\"https:\/\/airportsmokinglounge.com\/wp-content\/uploads\/2023\/03\/airport-smoking-lounge-4.jpg\",\"width\":2048,\"height\":1152,\"caption\":\"Airport Smoking\"},{\"@type\":\"BreadcrumbList\",\"@id\":\"https:\/\/airportsmokinglounge.com\/smoking-in-belgiums-airports\/#breadcrumb\",\"itemListElement\":[{\"@type\":\"ListItem\",\"position\":1,\"name\":\"Home\",\"item\":\"https:\/\/airportsmokinglounge.com\/\"},{\"@type\":\"ListItem\",\"position\":2,\"name\":\"Smoking in Belgium&#8217;s airports\"}]},{\"@type\":\"WebSite\",\"@id\":\"https:\/\/airportsmokinglounge.com\/#website\",\"url\":\"https:\/\/airportsmokinglounge.com\/\",\"name\":\"airportsmokinglounge.com\",\"description\":\"\",\"potentialAction\":[{\"@type\":\"SearchAction\",\"target\":{\"@type\":\"EntryPoint\",\"urlTemplate\":\"https:\/\/airportsmokinglounge.com\/?s={search_term_string}\"},\"query-input\":{\"@type\":\"PropertyValueSpecification\",\"valueRequired\":true,\"valueName\":\"search_term_string\"}}],\"inLanguage\":\"pt-BR\"}]}<\/script>\n<!-- \/ Yoast SEO plugin. -->","yoast_head_json":{"title":"Fumar nos aeroportos da B\u00e9lgica - airportsmokinglounge.com","description":"\u00c1reas para fumantes nos aeroportos da B\u00e9lgica - Encontre seu pr\u00f3ximo local para fumar - Seu guia definitivo para encontrar um lugar para fumar \u2714\ufe0e","robots":{"index":"index","follow":"follow","max-snippet":"max-snippet:-1","max-image-preview":"max-image-preview:large","max-video-preview":"max-video-preview:-1"},"canonical":"https:\/\/airportsmokinglounge.com\/pt\/fumar-nos-aeroportos-da-belgica\/","og_locale":"pt_BR","og_type":"article","og_title":"Smoking in Belgium's airports - airportsmokinglounge.com","og_description":"Smoking Areas in Belgium Airports - Find Your Next Smoke Break Spot - Your Ultimate Guide to Finding a Place to Smoke \u2714\ufe0e","og_url":"https:\/\/airportsmokinglounge.com\/pt\/fumar-nos-aeroportos-da-belgica\/","og_site_name":"airportsmokinglounge.com","article_modified_time":"2023-05-10T12:10:43+00:00","og_image":[{"width":2048,"height":1152,"url":"https:\/\/airportsmokinglounge.com\/wp-content\/uploads\/2023\/03\/airport-smoking-lounge-4.jpg","type":"image\/jpeg"}],"twitter_card":"summary_large_image","twitter_misc":{"Est. tempo de leitura":"2 minutos"},"schema":{"@context":"https:\/\/schema.org","@graph":[{"@type":"WebPage","@id":"https:\/\/airportsmokinglounge.com\/smoking-in-belgiums-airports\/","url":"https:\/\/airportsmokinglounge.com\/smoking-in-belgiums-airports\/","name":"Fumar nos aeroportos da B\u00e9lgica - airportsmokinglounge.com","isPartOf":{"@id":"https:\/\/airportsmokinglounge.com\/#website"},"primaryImageOfPage":{"@id":"https:\/\/airportsmokinglounge.com\/smoking-in-belgiums-airports\/#primaryimage"},"image":{"@id":"https:\/\/airportsmokinglounge.com\/smoking-in-belgiums-airports\/#primaryimage"},"thumbnailUrl":"https:\/\/airportsmokinglounge.com\/wp-content\/uploads\/2023\/03\/airport-smoking-lounge-4.jpg","datePublished":"2023-02-21T15:15:24+00:00","dateModified":"2023-05-10T12:10:43+00:00","description":"\u00c1reas para fumantes nos aeroportos da B\u00e9lgica - Encontre seu pr\u00f3ximo local para fumar - Seu guia definitivo para encontrar um lugar para fumar \u2714\ufe0e","breadcrumb":{"@id":"https:\/\/airportsmokinglounge.com\/smoking-in-belgiums-airports\/#breadcrumb"},"inLanguage":"pt-BR","potentialAction":[{"@type":"ReadAction","target":["https:\/\/airportsmokinglounge.com\/smoking-in-belgiums-airports\/"]}]},{"@type":"ImageObject","inLanguage":"pt-BR","@id":"https:\/\/airportsmokinglounge.com\/smoking-in-belgiums-airports\/#primaryimage","url":"https:\/\/airportsmokinglounge.com\/wp-content\/uploads\/2023\/03\/airport-smoking-lounge-4.jpg","contentUrl":"https:\/\/airportsmokinglounge.com\/wp-content\/uploads\/2023\/03\/airport-smoking-lounge-4.jpg","width":2048,"height":1152,"caption":"Airport Smoking"},{"@type":"BreadcrumbList","@id":"https:\/\/airportsmokinglounge.com\/smoking-in-belgiums-airports\/#breadcrumb","itemListElement":[{"@type":"ListItem","position":1,"name":"Home","item":"https:\/\/airportsmokinglounge.com\/"},{"@type":"ListItem","position":2,"name":"Smoking in Belgium&#8217;s airports"}]},{"@type":"WebSite","@id":"https:\/\/airportsmokinglounge.com\/#website","url":"https:\/\/airportsmokinglounge.com\/","name":"www.airport Smokinglounge.com","description":"","potentialAction":[{"@type":"SearchAction","target":{"@type":"EntryPoint","urlTemplate":"https:\/\/airportsmokinglounge.com\/?s={search_term_string}"},"query-input":{"@type":"PropertyValueSpecification","valueRequired":true,"valueName":"search_term_string"}}],"inLanguage":"pt-BR"}]}},"_links":{"self":[{"href":"https:\/\/airportsmokinglounge.com\/pt\/wp-json\/wp\/v2\/pages\/83","targetHints":{"allow":["GET"]}}],"collection":[{"href":"https:\/\/airportsmokinglounge.com\/pt\/wp-json\/wp\/v2\/pages"}],"about":[{"href":"https:\/\/airportsmokinglounge.com\/pt\/wp-json\/wp\/v2\/types\/page"}],"author":[{"embeddable":true,"href":"https:\/\/airportsmokinglounge.com\/pt\/wp-json\/wp\/v2\/users\/1"}],"replies":[{"embeddable":true,"href":"https:\/\/airportsmokinglounge.com\/pt\/wp-json\/wp\/v2\/comments?post=83"}],"version-history":[{"count":10,"href":"https:\/\/airportsmokinglounge.com\/pt\/wp-json\/wp\/v2\/pages\/83\/revisions"}],"predecessor-version":[{"id":4756,"href":"https:\/\/airportsmokinglounge.com\/pt\/wp-json\/wp\/v2\/pages\/83\/revisions\/4756"}],"wp:featuredmedia":[{"embeddable":true,"href":"https:\/\/airportsmokinglounge.com\/pt\/wp-json\/wp\/v2\/media\/1199"}],"wp:attachment":[{"href":"https:\/\/airportsmokinglounge.com\/pt\/wp-json\/wp\/v2\/media?parent=83"}],"curies":[{"name":"wp","href":"https:\/\/api.w.org\/{rel}","templated":true}]}}