{"id":1077,"date":"2023-03-22T12:06:49","date_gmt":"2023-03-22T11:06:49","guid":{"rendered":"https:\/\/airportsmokinglounge.com\/?page_id=1077"},"modified":"2024-08-05T20:44:35","modified_gmt":"2024-08-05T18:44:35","slug":"smoking-areas-at-palma-de-mallorca-airport-pmi","status":"publish","type":"page","link":"https:\/\/airportsmokinglounge.com\/tr\/palma-de-mallorca-havalimani-pmide-sigara-icme-alanlari\/","title":{"rendered":"Palma de Mallorca Havaliman\u0131&#039;ndaki (PMI) sigara i\u00e7ilebilen alanlar"},"content":{"rendered":"<p>Palma Havaalan\u0131 veya Son Sant Joan Havaalan\u0131 olarak da bilinen Palma de Mallorca Havaalan\u0131, \u0130spanya&#039;n\u0131n \u00fc\u00e7\u00fcnc\u00fc b\u00fcy\u00fck havaalan\u0131d\u0131r ve pop\u00fcler turistik destinasyon Mallorca&#039;n\u0131n ana kap\u0131s\u0131d\u0131r.<\/p>\n<h2>G\u00fcvenlik Kontrol\u00fc \u00f6ncesi sigara i\u00e7ilen alanlar<\/h2>\n<ul>\n<li>Terminal d\u0131\u015f\u0131nda sadece belirlenmi\u015f alanlarda sigara i\u00e7ilmesine izin verilmektedir.<\/li>\n<\/ul>\n<h2>G\u00fcvenlik Kontrol\u00fcnden Sonra Sigara \u0130\u00e7ilen Alanlar<\/h2>\n<ul>\n<li>A Kap\u0131s\u0131ndaki sigara i\u00e7me alan\u0131 yenileme \u00e7al\u0131\u015fmalar\u0131 nedeniyle kapal\u0131d\u0131r<\/li>\n<li>C42 Kap\u0131s\u0131nda bir sigara i\u00e7me alan\u0131 bulunmaktad\u0131r<\/li>\n<\/ul>\n<figure id=\"attachment_7313\" aria-describedby=\"caption-attachment-7313\" style=\"width: 900px\" class=\"wp-caption aligncenter\"><img decoding=\"async\" class=\"size-full wp-image-7313\" src=\"https:\/\/airportsmokinglounge.com\/wp-content\/uploads\/2024\/08\/IMG_7529-scaled-e1722883458464.jpeg\" alt=\"Palma de Mallorca Havaalan\u0131&#039;nda (PMI) sigara i\u00e7me odas\u0131\" width=\"900\" height=\"675\" \/><figcaption id=\"caption-attachment-7313\" class=\"wp-caption-text\">\u00a9 aanwijzing ve giri\u015f<\/figcaption><\/figure>\n<figure id=\"attachment_7314\" aria-describedby=\"caption-attachment-7314\" style=\"width: 900px\" class=\"wp-caption aligncenter\"><img decoding=\"async\" class=\"size-full wp-image-7314\" src=\"https:\/\/airportsmokinglounge.com\/wp-content\/uploads\/2024\/08\/IMG_7530-scaled-e1722883445250.jpeg\" alt=\"Palma de Mallorca Havaliman\u0131&#039;ndaki (PMI) sigara i\u00e7ilebilen alanlar\" width=\"900\" height=\"1658\" \/><figcaption id=\"caption-attachment-7314\" class=\"wp-caption-text\">\u00a9 aanwijzing ve giri\u015f<\/figcaption><\/figure>\n<p><span style=\"font-size: 12pt;\">Resmi Web Sitesinde Daha Fazla Bilgi<\/span><\/p>\n<ul>\n<li><span style=\"font-size: 12pt;\"><a href=\"https:\/\/www.aena.es\/es\/palma-mallorca.html?\/utm_source=Google&amp;utm_medium=GMB_PMI\" target=\"_blank\" rel=\"noopener\">www.aena.es<\/a><\/span><\/li>\n<\/ul>\n<p><span style=\"font-size: 12pt;\"><strong>Bize geri bildirim g\u00f6nderin<\/strong><\/span><\/p>\n<p><span style=\"font-size: 12pt;\">Havaalan\u0131ndaysan\u0131z, sigara i\u00e7ilen alanlar\u0131n resimlerini bize g\u00f6nderebilirsiniz. Bu, veritaban\u0131m\u0131z\u0131 daha h\u0131zl\u0131 doldurmam\u0131za yard\u0131mc\u0131 olacakt\u0131r. Bunu yapabilirsiniz <strong><a href=\"https:\/\/airportsmokinglounge.com\/tr\/temas-etmek\/\">Burada<\/a>.<\/strong> G\u00f6rseller, g\u00f6rsel kayna\u011f\u0131 (isim) belirtilerek sitemizde yay\u0131nlanmaktad\u0131r. Bu resimleri bizimle ve t\u00fcm Airport Smokinglounge.com ziyaret\u00e7ileriyle payla\u015fmaktan \u00e7ekinmeyin.<\/span><\/p>\n<h2>\u0130spanyol havaalanlar\u0131nda sigara i\u00e7mek<\/h2>\n<p>\u0130spanya havaalanlar\u0131nda kapal\u0131 alanlarda sigara i\u00e7mek genellikle yasakt\u0131r. Buna terminal binalar\u0131, bekleme salonlar\u0131 ve halk\u0131n eri\u015febilece\u011fi di\u011fer kapal\u0131 alanlar dahildir. Bununla birlikte, \u00e7o\u011fu havaalan\u0131, terminal binalar\u0131n\u0131n d\u0131\u015f\u0131nda bulunan belirlenmi\u015f a\u00e7\u0131k hava sigara i\u00e7me alanlar\u0131 veya sigara i\u00e7me alanlar\u0131 sa\u011flar. Bu alanlar tipik olarak k\u00fcl tablalar\u0131 ve belirlenmi\u015f sigara i\u00e7me i\u015faretleri ile donat\u0131lm\u0131\u015ft\u0131r.<\/p>\n<p>Dumans\u0131z yasaya uymak i\u00e7in \u0130spanyol havalimanlar\u0131ndaki terminal binalar\u0131 genellikle dumans\u0131zd\u0131r. Genel alanlar, koridorlar ve bekleme alanlar\u0131 dahil olmak \u00fczere terminallerin i\u00e7inde sigara i\u00e7ilmesine genellikle izin verilmez.<\/p>\n<p>Elektronik sigaralar\u0131n (e-sigaralar) havaalanlar\u0131nda i\u00e7 mekanlarda kullan\u0131m\u0131, geleneksel sigara i\u00e7imi ile ayn\u0131 k\u0131s\u0131tlamalar\u0131 takip eder. \u00c7o\u011fu havaalan\u0131, e-sigaralar\u0131 normal sigaralara benzer \u015fekilde ele al\u0131r ve bunlar\u0131n kapal\u0131 alanlarda kullan\u0131lmas\u0131 yasakt\u0131r. Yolcular\u0131n e-sigara kullanmak istemeleri halinde genellikle belirlenmi\u015f a\u00e7\u0131k hava sigara i\u00e7me alanlar\u0131n\u0131 veya sigara i\u00e7me b\u00f6lgelerini kullanmalar\u0131 gerekmektedir.<\/p>\n<p>\u0130spanya havalimanlar\u0131, terminallerde i\u00e7 mekanlarda sigara i\u00e7ilmesine izin verilmedi\u011fini belirten belirgin \u201cSigara \u0130\u00e7ilmez\u201d i\u015faretleri sergiliyor. Bu i\u015faretler, uluslararas\u0131 gezginlerin rahatl\u0131\u011f\u0131 i\u00e7in genellikle birden \u00e7ok dilde g\u00f6r\u00fcnt\u00fclenir.<\/p>\n<h3>S\u0131k\u00e7a Sorulan Sorular<\/h3>\n<h4>Havaliman\u0131 sigara i\u00e7me alanlar\u0131 7\/24 a\u00e7\u0131k m\u0131?<\/h4>\n<p>Havaliman\u0131 sigara i\u00e7me alanlar\u0131n\u0131n mevcudiyeti, havaliman\u0131na ve konuma g\u00f6re de\u011fi\u015fiklik g\u00f6sterebilir. Baz\u0131 sigara i\u00e7me alanlar\u0131 24 saat a\u00e7\u0131kken, baz\u0131lar\u0131nda k\u0131s\u0131tl\u0131 saatler olabilir veya belirli saatlerde kapal\u0131 olabilir. Sigara i\u00e7me alan\u0131n\u0131n \u00e7al\u0131\u015fma saatleri hakk\u0131nda \u00f6zel bilgi i\u00e7in havaalan\u0131na dan\u0131\u015fmak veya web sitelerini ziyaret etmek en iyisidir.<\/p>\n<h4>Sigara i\u00e7me alan\u0131na kendi yiyecek ve i\u00e7eceklerimi getirmeme izin verilir mi?<\/h4>\n<p>Bu, belirli sigara i\u00e7me alan\u0131na ve havaalan\u0131na ba\u011fl\u0131 olabilir. Baz\u0131 sigara i\u00e7me alanlar\u0131 d\u0131\u015far\u0131dan yiyecek ve i\u00e7eceklere izin verirken, baz\u0131lar\u0131nda k\u0131s\u0131tlamalar olabilir veya tamamen yasak olabilir. Belirli kurallar ve y\u00f6netmelikler i\u00e7in havaalan\u0131na veya sigara i\u00e7ilen alan tabelas\u0131na bakmak en iyisidir.<\/p>\n<h4>Havaliman\u0131ndaki t\u00fcm sigara i\u00e7ilen alanlarda sigara i\u00e7ilebilir mi?<\/h4>\n<p>Havaalan\u0131 sigara i\u00e7ilen alanlar\u0131n t\u00fcm\u00fc sigara i\u00e7ilmesine izin vermeyebilir. Baz\u0131 havalimanlar\u0131nda, geleneksel sigara i\u00e7me alanlar\u0131ndan ayr\u0131 elektronik sigara veya elektronik sigara i\u00e7in belirlenmi\u015f alanlar olabilir. Kullanmay\u0131 planlad\u0131\u011f\u0131n\u0131z sigara i\u00e7me alan\u0131 i\u00e7in \u00f6zel kural ve d\u00fczenlemeleri kontrol etti\u011finizden emin olun.<\/p>\n<h4>Sigara i\u00e7ilen alanlar klimal\u0131 m\u0131 yoksa \u0131s\u0131tmal\u0131 m\u0131?<\/h4>\n<p>Havaalan\u0131 sigara i\u00e7me alanlar\u0131n\u0131n s\u0131cakl\u0131\u011f\u0131 ve havaland\u0131rmas\u0131 b\u00fcy\u00fck \u00f6l\u00e7\u00fcde de\u011fi\u015febilir. Baz\u0131lar\u0131 klimal\u0131 veya \u0131s\u0131tmal\u0131 olabilirken, di\u011ferleri d\u0131\u015f etkenlerden s\u0131n\u0131rl\u0131 korumaya sahip a\u00e7\u0131k hava alanlar\u0131 olabilir. Ko\u015fullar\u0131 belirlemek ve buna g\u00f6re haz\u0131rlanmak i\u00e7in \u00f6nceden havaalan\u0131na dan\u0131\u015ft\u0131\u011f\u0131n\u0131zdan veya sigara i\u00e7me alan\u0131n\u0131 ziyaret etti\u011finizden emin olun.<\/p>\n<h4>Sigara i\u00e7ilen alanlar engelli yolcular i\u00e7in eri\u015filebilir mi?<\/h4>\n<p>Bir\u00e7ok havaalan\u0131, sigara i\u00e7me alanlar\u0131n\u0131 engelli yolcular\u0131n eri\u015fimine uygun hale getirmek i\u00e7in \u00e7aba sarf etmi\u015ftir. Ancak, belirli sigara i\u00e7me alanlar\u0131n\u0131n eri\u015filebilirli\u011fi b\u00fcy\u00fck \u00f6l\u00e7\u00fcde de\u011fi\u015febilir. Eri\u015filebilir olup olmad\u0131\u011f\u0131n\u0131 ve ihtiya\u00e7lar\u0131n\u0131z\u0131 kar\u015f\u0131lay\u0131p kar\u015f\u0131lamad\u0131\u011f\u0131n\u0131 belirlemek i\u00e7in havaalan\u0131na dan\u0131\u015ft\u0131\u011f\u0131n\u0131zdan veya sigara i\u00e7me alan\u0131n\u0131 \u00f6nceden ziyaret etti\u011finizden emin olun.<\/p>\n<p><span style=\"font-size: 12pt;\"><strong>\u0130spanya konumundaki di\u011fer havaalanlar\u0131:<\/strong> <\/span><\/p>\n<ul>\n<li><span style=\"font-size: 12pt;\"><a href=\"https:\/\/airportsmokinglounge.com\/tr\/ispanyol-havalimanlarindaki-sigara-icme-alanlari\/\">\u0130spanya havaalanlar\u0131<\/a><\/span><\/li>\n<\/ul>\n<p><span style=\"font-size: 12pt;\"><strong>Sigara i\u00e7ilen alanlar:<\/strong><\/span><\/p>\n<ul>\n<li><span style=\"font-size: 12pt;\"><a href=\"https:\/\/airportsmokinglounge.com\/tr\/avrupa-havalimanlarindaki-sigara-icme-alanlari\/\">Avrupa havaalanlar\u0131<\/a><\/span><\/li>\n<\/ul>","protected":false},"excerpt":{"rendered":"<p>Palma de Mallorca Airport, also known as Palma Airport or Son Sant Joan Airport, is the third-largest airport in Spain and the main gateway to the popular tourist destination of Mallorca. Smoking areas before the Security Check Smoking is only permitted outside the terminal in the designated areas Smoking areas after Security Check Smoking area&hellip;&nbsp;<a href=\"https:\/\/airportsmokinglounge.com\/tr\/palma-de-mallorca-havalimani-pmide-sigara-icme-alanlari\/\" rel=\"bookmark\">Devam\u0131n\u0131 oku &quot;<span class=\"screen-reader-text\">Palma de Mallorca Havaliman\u0131&#039;ndaki (PMI) sigara i\u00e7ilebilen alanlar<\/span><\/a><\/p>","protected":false},"author":1,"featured_media":1199,"parent":0,"menu_order":0,"comment_status":"closed","ping_status":"closed","template":"","meta":{"neve_meta_sidebar":"","neve_meta_container":"","neve_meta_enable_content_width":"off","neve_meta_content_width":100,"neve_meta_title_alignment":"","neve_meta_author_avatar":"","neve_post_elements_order":"","neve_meta_disable_header":"","neve_meta_disable_footer":"","neve_meta_disable_title":"","neve_meta_reading_time":"","footnotes":""},"class_list":["post-1077","page","type-page","status-publish","has-post-thumbnail","hentry"],"yoast_head":"<!-- This site is optimized with the Yoast SEO plugin v26.6 - https:\/\/yoast.com\/wordpress\/plugins\/seo\/ -->\n<title>Smoking areas at Palma de Mallorca Airport (PMI)<\/title>\n<meta name=\"description\" content=\"Smoking areas Palma de Mallorca Airport - Find a smoking area in the airport \u2714\ufe0e Smoking Guide in Airports for Travelers \u2714\ufe0e\" \/>\n<meta name=\"robots\" content=\"index, follow, max-snippet:-1, max-image-preview:large, max-video-preview:-1\" \/>\n<link rel=\"canonical\" href=\"https:\/\/airportsmokinglounge.com\/tr\/palma-de-mallorca-havalimani-pmide-sigara-icme-alanlari\/\" \/>\n<meta property=\"og:locale\" content=\"tr_TR\" \/>\n<meta property=\"og:type\" content=\"article\" \/>\n<meta property=\"og:title\" content=\"Smoking areas at Palma de Mallorca Airport (PMI)\" \/>\n<meta property=\"og:description\" content=\"Smoking areas Palma de Mallorca Airport - Find a smoking area in the airport \u2714\ufe0e Smoking Guide in Airports for Travelers \u2714\ufe0e\" \/>\n<meta property=\"og:url\" content=\"https:\/\/airportsmokinglounge.com\/tr\/palma-de-mallorca-havalimani-pmide-sigara-icme-alanlari\/\" \/>\n<meta property=\"og:site_name\" content=\"airportsmokinglounge.com\" \/>\n<meta property=\"article:modified_time\" content=\"2024-08-05T18:44:35+00:00\" \/>\n<meta property=\"og:image\" content=\"https:\/\/airportsmokinglounge.com\/wp-content\/uploads\/2023\/03\/airport-smoking-lounge-4.jpg\" \/>\n\t<meta property=\"og:image:width\" content=\"2048\" \/>\n\t<meta property=\"og:image:height\" content=\"1152\" \/>\n\t<meta property=\"og:image:type\" content=\"image\/jpeg\" \/>\n<meta name=\"twitter:card\" content=\"summary_large_image\" \/>\n<meta name=\"twitter:label1\" content=\"Tahmini okuma s\u00fcresi\" \/>\n\t<meta name=\"twitter:data1\" content=\"4 dakika\" \/>\n<script type=\"application\/ld+json\" class=\"yoast-schema-graph\">{\"@context\":\"https:\/\/schema.org\",\"@graph\":[{\"@type\":\"WebPage\",\"@id\":\"https:\/\/airportsmokinglounge.com\/smoking-areas-at-palma-de-mallorca-airport-pmi\/\",\"url\":\"https:\/\/airportsmokinglounge.com\/smoking-areas-at-palma-de-mallorca-airport-pmi\/\",\"name\":\"Smoking areas at Palma de Mallorca Airport (PMI)\",\"isPartOf\":{\"@id\":\"https:\/\/airportsmokinglounge.com\/#website\"},\"primaryImageOfPage\":{\"@id\":\"https:\/\/airportsmokinglounge.com\/smoking-areas-at-palma-de-mallorca-airport-pmi\/#primaryimage\"},\"image\":{\"@id\":\"https:\/\/airportsmokinglounge.com\/smoking-areas-at-palma-de-mallorca-airport-pmi\/#primaryimage\"},\"thumbnailUrl\":\"https:\/\/airportsmokinglounge.com\/wp-content\/uploads\/2023\/03\/airport-smoking-lounge-4.jpg\",\"datePublished\":\"2023-03-22T11:06:49+00:00\",\"dateModified\":\"2024-08-05T18:44:35+00:00\",\"description\":\"Smoking areas Palma de Mallorca Airport - Find a smoking area in the airport \u2714\ufe0e Smoking Guide in Airports for Travelers \u2714\ufe0e\",\"breadcrumb\":{\"@id\":\"https:\/\/airportsmokinglounge.com\/smoking-areas-at-palma-de-mallorca-airport-pmi\/#breadcrumb\"},\"inLanguage\":\"tr\",\"potentialAction\":[{\"@type\":\"ReadAction\",\"target\":[\"https:\/\/airportsmokinglounge.com\/smoking-areas-at-palma-de-mallorca-airport-pmi\/\"]}]},{\"@type\":\"ImageObject\",\"inLanguage\":\"tr\",\"@id\":\"https:\/\/airportsmokinglounge.com\/smoking-areas-at-palma-de-mallorca-airport-pmi\/#primaryimage\",\"url\":\"https:\/\/airportsmokinglounge.com\/wp-content\/uploads\/2023\/03\/airport-smoking-lounge-4.jpg\",\"contentUrl\":\"https:\/\/airportsmokinglounge.com\/wp-content\/uploads\/2023\/03\/airport-smoking-lounge-4.jpg\",\"width\":2048,\"height\":1152,\"caption\":\"Airport Smoking\"},{\"@type\":\"BreadcrumbList\",\"@id\":\"https:\/\/airportsmokinglounge.com\/smoking-areas-at-palma-de-mallorca-airport-pmi\/#breadcrumb\",\"itemListElement\":[{\"@type\":\"ListItem\",\"position\":1,\"name\":\"Home\",\"item\":\"https:\/\/airportsmokinglounge.com\/\"},{\"@type\":\"ListItem\",\"position\":2,\"name\":\"Smoking areas at Palma de Mallorca Airport (PMI)\"}]},{\"@type\":\"WebSite\",\"@id\":\"https:\/\/airportsmokinglounge.com\/#website\",\"url\":\"https:\/\/airportsmokinglounge.com\/\",\"name\":\"airportsmokinglounge.com\",\"description\":\"\",\"potentialAction\":[{\"@type\":\"SearchAction\",\"target\":{\"@type\":\"EntryPoint\",\"urlTemplate\":\"https:\/\/airportsmokinglounge.com\/?s={search_term_string}\"},\"query-input\":{\"@type\":\"PropertyValueSpecification\",\"valueRequired\":true,\"valueName\":\"search_term_string\"}}],\"inLanguage\":\"tr\"}]}<\/script>\n<!-- \/ Yoast SEO plugin. -->","yoast_head_json":{"title":"Palma de Mallorca Havaliman\u0131&#039;ndaki (PMI) sigara i\u00e7ilebilen alanlar","description":"Sigara i\u00e7me alanlar\u0131 Palma de Mallorca Havaalan\u0131 - Havaalan\u0131nda sigara i\u00e7ilebilen bir alan bulun \u2714\ufe0e Gezginler i\u00e7in Havalimanlar\u0131nda Sigara \u0130\u00e7me Rehberi \u2714\ufe0e","robots":{"index":"index","follow":"follow","max-snippet":"max-snippet:-1","max-image-preview":"max-image-preview:large","max-video-preview":"max-video-preview:-1"},"canonical":"https:\/\/airportsmokinglounge.com\/tr\/palma-de-mallorca-havalimani-pmide-sigara-icme-alanlari\/","og_locale":"tr_TR","og_type":"article","og_title":"Smoking areas at Palma de Mallorca Airport (PMI)","og_description":"Smoking areas Palma de Mallorca Airport - Find a smoking area in the airport \u2714\ufe0e Smoking Guide in Airports for Travelers \u2714\ufe0e","og_url":"https:\/\/airportsmokinglounge.com\/tr\/palma-de-mallorca-havalimani-pmide-sigara-icme-alanlari\/","og_site_name":"airportsmokinglounge.com","article_modified_time":"2024-08-05T18:44:35+00:00","og_image":[{"width":2048,"height":1152,"url":"https:\/\/airportsmokinglounge.com\/wp-content\/uploads\/2023\/03\/airport-smoking-lounge-4.jpg","type":"image\/jpeg"}],"twitter_card":"summary_large_image","twitter_misc":{"Tahmini okuma s\u00fcresi":"4 dakika"},"schema":{"@context":"https:\/\/schema.org","@graph":[{"@type":"WebPage","@id":"https:\/\/airportsmokinglounge.com\/smoking-areas-at-palma-de-mallorca-airport-pmi\/","url":"https:\/\/airportsmokinglounge.com\/smoking-areas-at-palma-de-mallorca-airport-pmi\/","name":"Palma de Mallorca Havaliman\u0131&#039;ndaki (PMI) sigara i\u00e7ilebilen alanlar","isPartOf":{"@id":"https:\/\/airportsmokinglounge.com\/#website"},"primaryImageOfPage":{"@id":"https:\/\/airportsmokinglounge.com\/smoking-areas-at-palma-de-mallorca-airport-pmi\/#primaryimage"},"image":{"@id":"https:\/\/airportsmokinglounge.com\/smoking-areas-at-palma-de-mallorca-airport-pmi\/#primaryimage"},"thumbnailUrl":"https:\/\/airportsmokinglounge.com\/wp-content\/uploads\/2023\/03\/airport-smoking-lounge-4.jpg","datePublished":"2023-03-22T11:06:49+00:00","dateModified":"2024-08-05T18:44:35+00:00","description":"Sigara i\u00e7me alanlar\u0131 Palma de Mallorca Havaalan\u0131 - Havaalan\u0131nda sigara i\u00e7ilebilen bir alan bulun \u2714\ufe0e Gezginler i\u00e7in Havalimanlar\u0131nda Sigara \u0130\u00e7me Rehberi \u2714\ufe0e","breadcrumb":{"@id":"https:\/\/airportsmokinglounge.com\/smoking-areas-at-palma-de-mallorca-airport-pmi\/#breadcrumb"},"inLanguage":"tr","potentialAction":[{"@type":"ReadAction","target":["https:\/\/airportsmokinglounge.com\/smoking-areas-at-palma-de-mallorca-airport-pmi\/"]}]},{"@type":"ImageObject","inLanguage":"tr","@id":"https:\/\/airportsmokinglounge.com\/smoking-areas-at-palma-de-mallorca-airport-pmi\/#primaryimage","url":"https:\/\/airportsmokinglounge.com\/wp-content\/uploads\/2023\/03\/airport-smoking-lounge-4.jpg","contentUrl":"https:\/\/airportsmokinglounge.com\/wp-content\/uploads\/2023\/03\/airport-smoking-lounge-4.jpg","width":2048,"height":1152,"caption":"Airport Smoking"},{"@type":"BreadcrumbList","@id":"https:\/\/airportsmokinglounge.com\/smoking-areas-at-palma-de-mallorca-airport-pmi\/#breadcrumb","itemListElement":[{"@type":"ListItem","position":1,"name":"Home","item":"https:\/\/airportsmokinglounge.com\/"},{"@type":"ListItem","position":2,"name":"Smoking areas at Palma de Mallorca Airport (PMI)"}]},{"@type":"WebSite","@id":"https:\/\/airportsmokinglounge.com\/#website","url":"https:\/\/airportsmokinglounge.com\/","name":"havaalan\u0131sigara salonu.com","description":"","potentialAction":[{"@type":"SearchAction","target":{"@type":"EntryPoint","urlTemplate":"https:\/\/airportsmokinglounge.com\/?s={search_term_string}"},"query-input":{"@type":"PropertyValueSpecification","valueRequired":true,"valueName":"search_term_string"}}],"inLanguage":"tr"}]}},"_links":{"self":[{"href":"https:\/\/airportsmokinglounge.com\/tr\/wp-json\/wp\/v2\/pages\/1077","targetHints":{"allow":["GET"]}}],"collection":[{"href":"https:\/\/airportsmokinglounge.com\/tr\/wp-json\/wp\/v2\/pages"}],"about":[{"href":"https:\/\/airportsmokinglounge.com\/tr\/wp-json\/wp\/v2\/types\/page"}],"author":[{"embeddable":true,"href":"https:\/\/airportsmokinglounge.com\/tr\/wp-json\/wp\/v2\/users\/1"}],"replies":[{"embeddable":true,"href":"https:\/\/airportsmokinglounge.com\/tr\/wp-json\/wp\/v2\/comments?post=1077"}],"version-history":[{"count":8,"href":"https:\/\/airportsmokinglounge.com\/tr\/wp-json\/wp\/v2\/pages\/1077\/revisions"}],"predecessor-version":[{"id":7315,"href":"https:\/\/airportsmokinglounge.com\/tr\/wp-json\/wp\/v2\/pages\/1077\/revisions\/7315"}],"wp:featuredmedia":[{"embeddable":true,"href":"https:\/\/airportsmokinglounge.com\/tr\/wp-json\/wp\/v2\/media\/1199"}],"wp:attachment":[{"href":"https:\/\/airportsmokinglounge.com\/tr\/wp-json\/wp\/v2\/media?parent=1077"}],"curies":[{"name":"wp","href":"https:\/\/api.w.org\/{rel}","templated":true}]}}