{"id":110,"date":"2023-02-21T21:12:05","date_gmt":"2023-02-21T20:12:05","guid":{"rendered":"https:\/\/airportsmokinglounge.com\/?page_id=110"},"modified":"2023-05-23T18:02:55","modified_gmt":"2023-05-23T16:02:55","slug":"smoking-areas-in-swiss-airports","status":"publish","type":"page","link":"https:\/\/airportsmokinglounge.com\/tr\/isvicre-havalimanlarindaki-sigara-icme-alanlari\/","title":{"rendered":"\u0130svi\u00e7re havaalanlar\u0131nda sigara i\u00e7ilen alanlar"},"content":{"rendered":"<p>\u0130svi\u00e7re&#039;de k\u00fc\u00e7\u00fck b\u00f6lgesel havalimanlar\u0131ndan daha b\u00fcy\u00fck uluslararas\u0131 merkezlere kadar \u00e7e\u015fitli havaalanlar\u0131 vard\u0131r.<\/p>\n<p>Bu web sitesinde, belirlenmi\u015f sigara i\u00e7me alanlar\u0131 ve mevcut tesisler dahil olmak \u00fczere havalimanlar\u0131ndaki t\u00fcm sigara i\u00e7me alanlar\u0131n\u0131 bulabilirsiniz. G\u00fcvenlikten ge\u00e7ip hi\u00e7bir yerde sigara i\u00e7ilen alanlar\u0131n olmad\u0131\u011f\u0131n\u0131 ve baz\u0131 durumlarda e-sigara i\u00e7ilmesine izin verilmeyebilece\u011fini g\u00f6rmenin hayal k\u0131r\u0131kl\u0131\u011f\u0131n\u0131 anl\u0131yoruz.<\/p>\n<p>Bu hizmet, uzun u\u00e7u\u015flardan \u00f6nce veya sonra sigara keyfi yapmak isteyen t\u00fcm sigara i\u00e7enler i\u00e7indir.<\/p>\n<h2>\u0130svi\u00e7re&#039;deki havalimanlar\u0131<\/h2>\n<ul style=\"list-style-type: circle;\">\n<li><a href=\"https:\/\/airportsmokinglounge.com\/tr\/zurih-havaalaninda-sigara-icme-alanlari-zrh\/\">Z\u00dcR\u0130H ULUSLARARASI HAVAL\u0130MANI (ZRH)<\/a><\/li>\n<li><a href=\"https:\/\/airportsmokinglounge.com\/tr\/cenevre-havaalaninda-gva-sigara-icme-alanlari\/\">CENEVRE COINTRIN ULUSLARARASI HAVAL\u0130MANI (GVA)<\/a><\/li>\n<li><a href=\"https:\/\/airportsmokinglounge.com\/tr\/basel-mulhouse-freiburg-havaalani-bslde-sigara-icme-alanlari\/\">EUROAIRPORT BASEL MULHOUSE FREIBURG (BSL)<\/a><\/li>\n<\/ul>\n<h2>\u0130svi\u00e7re Sigara Yasas\u0131<\/h2>\n<p>\u0130svi\u00e7re&#039;de \u00fclke \u00e7ap\u0131nda sigara yasa\u011f\u0131 yoktur. Bunun yerine, \u0130svi\u00e7re&#039;de sigara i\u00e7me d\u00fczenlemeleri \u00f6ncelikle kanton (eyalet) d\u00fczeyinde belirlenmektedir ve bu da sigara i\u00e7me yasalar\u0131n\u0131n \u00fclkenin farkl\u0131 b\u00f6lgelerinde farkl\u0131l\u0131k g\u00f6stermesine neden olmaktad\u0131r. Sigara i\u00e7me yasalar\u0131n\u0131n zaman i\u00e7inde de\u011fi\u015febilece\u011fini unutmamak \u00f6nemlidir, bu nedenle \u0130svi\u00e7re&#039;nin sigara i\u00e7me yasalar\u0131na ili\u015fkin en g\u00fcncel bilgiler i\u00e7in en son yasalara ba\u015fvurman\u0131z veya yerel yetkililere dan\u0131\u015fman\u0131z \u00f6nerilir.<\/p>\n<p>Baz\u0131 kantonlarda restoranlar\u0131n, barlar\u0131n, kafelerin ve toplu ta\u015f\u0131ma ara\u00e7lar\u0131n\u0131n kapal\u0131 alanlar\u0131 da dahil olmak \u00fczere halka a\u00e7\u0131k kapal\u0131 alanlarda sigara i\u00e7mek yasakt\u0131r. Bununla birlikte, di\u011fer kantonlarda, belirlenmi\u015f sigara i\u00e7me alanlar\u0131na veya belirli kurumlarda sigara i\u00e7ilmesine izin veren daha esnek d\u00fczenlemeler olabilir. Baz\u0131 kantonlarda giri\u015flerin yak\u0131n\u0131 veya oyun alanlar\u0131 gibi halka a\u00e7\u0131k a\u00e7\u0131k alanlarda da sigara i\u00e7ilmesine ili\u015fkin k\u0131s\u0131tlamalar bulunmaktad\u0131r.<\/p>\n<p>T\u00fct\u00fcn \u00fcr\u00fcnlerinin 18 ya\u015f\u0131n alt\u0131ndaki \u00e7ocuklara sat\u0131\u015f\u0131 \u0130svi\u00e7re genelinde kesinlikle yasakt\u0131r.<\/p>\n<p>\u0130svi\u00e7re&#039;de ziyaret etti\u011finiz veya ikamet etti\u011finiz kanton veya b\u00f6lgedeki \u00f6zel sigara i\u00e7me d\u00fczenlemelerini bilmeniz ve bunlara uyman\u0131z \u00f6nemlidir. Yerel tabelalar ve bilgiler, halka a\u00e7\u0131k alanlarda ve kurulu\u015flarda sigara i\u00e7me izinleri ve k\u0131s\u0131tlamalar\u0131 konusunda size yol g\u00f6sterecektir.<\/p>\n<p><strong>Daha fazla Havaalan\u0131 Sigara i\u00e7ilen alan<\/strong><\/p>\n<ul>\n<li><a href=\"https:\/\/airportsmokinglounge.com\/tr\/afrikada-havaalanlarinda-sigara-icmek\/\" data-wpel-link=\"internal\">Afrika<\/a><\/li>\n<li><a href=\"https:\/\/airportsmokinglounge.com\/tr\/kuzey-amerikanin-havaalanlarinda-sigara-icmek\/\" data-wpel-link=\"internal\">Kuzey Amerika<\/a><\/li>\n<li><a href=\"https:\/\/airportsmokinglounge.com\/tr\/avrupa-havalimanlarindaki-sigara-icme-alanlari\/\" data-wpel-link=\"internal\">Avrupa<\/a><\/li>\n<li><a href=\"https:\/\/airportsmokinglounge.com\/tr\/guney-amerika-havaalanlarinda-sigara-icilmesi\/\" data-wpel-link=\"internal\">G\u00fcney Amerika<\/a><\/li>\n<li><a href=\"https:\/\/airportsmokinglounge.com\/tr\/asyadaki-havaalanlarinda-sigara-icmek\/\" data-wpel-link=\"internal\">Asya<\/a><\/li>\n<\/ul>","protected":false},"excerpt":{"rendered":"<p>Switzerland has several airports, ranging from small regional airports to larger international hubs. On this website you can find all smoking areas in airports, including designated smoking areas and available facilities. We understand the frustration of going through security only to find that there are no smoking areas anywhere and in some cases e-cigarettes may&hellip;&nbsp;<a href=\"https:\/\/airportsmokinglounge.com\/tr\/isvicre-havalimanlarindaki-sigara-icme-alanlari\/\" rel=\"bookmark\">Devam\u0131n\u0131 oku &quot;<span class=\"screen-reader-text\">\u0130svi\u00e7re havaalanlar\u0131nda sigara i\u00e7ilen alanlar<\/span><\/a><\/p>","protected":false},"author":1,"featured_media":1199,"parent":0,"menu_order":0,"comment_status":"closed","ping_status":"closed","template":"","meta":{"neve_meta_sidebar":"","neve_meta_container":"","neve_meta_enable_content_width":"off","neve_meta_content_width":100,"neve_meta_title_alignment":"","neve_meta_author_avatar":"","neve_post_elements_order":"","neve_meta_disable_header":"","neve_meta_disable_footer":"","neve_meta_disable_title":"","neve_meta_reading_time":"","footnotes":""},"class_list":["post-110","page","type-page","status-publish","has-post-thumbnail","hentry"],"yoast_head":"<!-- This site is optimized with the Yoast SEO plugin v26.6 - https:\/\/yoast.com\/wordpress\/plugins\/seo\/ -->\n<title>Smoking areas in Swiss airports - airportsmokinglounge.com<\/title>\n<meta name=\"description\" content=\"Smoking Areas in Swiss Airports - Your Ultimate Guide to Finding a Place to Smoke \u2714\ufe0e Find Your Next Smoke Break Spot \u2714\ufe0e\" \/>\n<meta name=\"robots\" content=\"index, follow, max-snippet:-1, max-image-preview:large, max-video-preview:-1\" \/>\n<link rel=\"canonical\" href=\"https:\/\/airportsmokinglounge.com\/tr\/isvicre-havalimanlarindaki-sigara-icme-alanlari\/\" \/>\n<meta property=\"og:locale\" content=\"tr_TR\" \/>\n<meta property=\"og:type\" content=\"article\" \/>\n<meta property=\"og:title\" content=\"Smoking areas in Swiss airports - airportsmokinglounge.com\" \/>\n<meta property=\"og:description\" content=\"Smoking Areas in Swiss Airports - Your Ultimate Guide to Finding a Place to Smoke \u2714\ufe0e Find Your Next Smoke Break Spot \u2714\ufe0e\" \/>\n<meta property=\"og:url\" content=\"https:\/\/airportsmokinglounge.com\/tr\/isvicre-havalimanlarindaki-sigara-icme-alanlari\/\" \/>\n<meta property=\"og:site_name\" content=\"airportsmokinglounge.com\" \/>\n<meta property=\"article:modified_time\" content=\"2023-05-23T16:02:55+00:00\" \/>\n<meta property=\"og:image\" content=\"https:\/\/airportsmokinglounge.com\/wp-content\/uploads\/2023\/03\/airport-smoking-lounge-4.jpg\" \/>\n\t<meta property=\"og:image:width\" content=\"2048\" \/>\n\t<meta property=\"og:image:height\" content=\"1152\" \/>\n\t<meta property=\"og:image:type\" content=\"image\/jpeg\" \/>\n<meta name=\"twitter:card\" content=\"summary_large_image\" \/>\n<meta name=\"twitter:label1\" content=\"Tahmini okuma s\u00fcresi\" \/>\n\t<meta name=\"twitter:data1\" content=\"2 dakika\" \/>\n<script type=\"application\/ld+json\" class=\"yoast-schema-graph\">{\"@context\":\"https:\/\/schema.org\",\"@graph\":[{\"@type\":\"WebPage\",\"@id\":\"https:\/\/airportsmokinglounge.com\/smoking-areas-in-swiss-airports\/\",\"url\":\"https:\/\/airportsmokinglounge.com\/smoking-areas-in-swiss-airports\/\",\"name\":\"Smoking areas in Swiss airports - airportsmokinglounge.com\",\"isPartOf\":{\"@id\":\"https:\/\/airportsmokinglounge.com\/#website\"},\"primaryImageOfPage\":{\"@id\":\"https:\/\/airportsmokinglounge.com\/smoking-areas-in-swiss-airports\/#primaryimage\"},\"image\":{\"@id\":\"https:\/\/airportsmokinglounge.com\/smoking-areas-in-swiss-airports\/#primaryimage\"},\"thumbnailUrl\":\"https:\/\/airportsmokinglounge.com\/wp-content\/uploads\/2023\/03\/airport-smoking-lounge-4.jpg\",\"datePublished\":\"2023-02-21T20:12:05+00:00\",\"dateModified\":\"2023-05-23T16:02:55+00:00\",\"description\":\"Smoking Areas in Swiss Airports - Your Ultimate Guide to Finding a Place to Smoke \u2714\ufe0e Find Your Next Smoke Break Spot \u2714\ufe0e\",\"breadcrumb\":{\"@id\":\"https:\/\/airportsmokinglounge.com\/smoking-areas-in-swiss-airports\/#breadcrumb\"},\"inLanguage\":\"tr\",\"potentialAction\":[{\"@type\":\"ReadAction\",\"target\":[\"https:\/\/airportsmokinglounge.com\/smoking-areas-in-swiss-airports\/\"]}]},{\"@type\":\"ImageObject\",\"inLanguage\":\"tr\",\"@id\":\"https:\/\/airportsmokinglounge.com\/smoking-areas-in-swiss-airports\/#primaryimage\",\"url\":\"https:\/\/airportsmokinglounge.com\/wp-content\/uploads\/2023\/03\/airport-smoking-lounge-4.jpg\",\"contentUrl\":\"https:\/\/airportsmokinglounge.com\/wp-content\/uploads\/2023\/03\/airport-smoking-lounge-4.jpg\",\"width\":2048,\"height\":1152,\"caption\":\"Airport Smoking\"},{\"@type\":\"BreadcrumbList\",\"@id\":\"https:\/\/airportsmokinglounge.com\/smoking-areas-in-swiss-airports\/#breadcrumb\",\"itemListElement\":[{\"@type\":\"ListItem\",\"position\":1,\"name\":\"Home\",\"item\":\"https:\/\/airportsmokinglounge.com\/\"},{\"@type\":\"ListItem\",\"position\":2,\"name\":\"Smoking areas in Swiss airports\"}]},{\"@type\":\"WebSite\",\"@id\":\"https:\/\/airportsmokinglounge.com\/#website\",\"url\":\"https:\/\/airportsmokinglounge.com\/\",\"name\":\"airportsmokinglounge.com\",\"description\":\"\",\"potentialAction\":[{\"@type\":\"SearchAction\",\"target\":{\"@type\":\"EntryPoint\",\"urlTemplate\":\"https:\/\/airportsmokinglounge.com\/?s={search_term_string}\"},\"query-input\":{\"@type\":\"PropertyValueSpecification\",\"valueRequired\":true,\"valueName\":\"search_term_string\"}}],\"inLanguage\":\"tr\"}]}<\/script>\n<!-- \/ Yoast SEO plugin. -->","yoast_head_json":{"title":"\u0130svi\u00e7re havalimanlar\u0131ndaki sigara i\u00e7ilen alanlar - Airport Smokinglounge.com","description":"\u0130svi\u00e7re Havalimanlar\u0131ndaki Sigara \u0130\u00e7ilen Alanlar - Sigara \u0130\u00e7ilecek Bir Yer Bulmak \u0130\u00e7in En \u0130yi Rehberiniz \u2714\ufe0e Bir Sonraki Sigara \u0130\u00e7me Noktan\u0131z\u0131 Bulun \u2714\ufe0e","robots":{"index":"index","follow":"follow","max-snippet":"max-snippet:-1","max-image-preview":"max-image-preview:large","max-video-preview":"max-video-preview:-1"},"canonical":"https:\/\/airportsmokinglounge.com\/tr\/isvicre-havalimanlarindaki-sigara-icme-alanlari\/","og_locale":"tr_TR","og_type":"article","og_title":"Smoking areas in Swiss airports - airportsmokinglounge.com","og_description":"Smoking Areas in Swiss Airports - Your Ultimate Guide to Finding a Place to Smoke \u2714\ufe0e Find Your Next Smoke Break Spot \u2714\ufe0e","og_url":"https:\/\/airportsmokinglounge.com\/tr\/isvicre-havalimanlarindaki-sigara-icme-alanlari\/","og_site_name":"airportsmokinglounge.com","article_modified_time":"2023-05-23T16:02:55+00:00","og_image":[{"width":2048,"height":1152,"url":"https:\/\/airportsmokinglounge.com\/wp-content\/uploads\/2023\/03\/airport-smoking-lounge-4.jpg","type":"image\/jpeg"}],"twitter_card":"summary_large_image","twitter_misc":{"Tahmini okuma s\u00fcresi":"2 dakika"},"schema":{"@context":"https:\/\/schema.org","@graph":[{"@type":"WebPage","@id":"https:\/\/airportsmokinglounge.com\/smoking-areas-in-swiss-airports\/","url":"https:\/\/airportsmokinglounge.com\/smoking-areas-in-swiss-airports\/","name":"\u0130svi\u00e7re havalimanlar\u0131ndaki sigara i\u00e7ilen alanlar - Airport Smokinglounge.com","isPartOf":{"@id":"https:\/\/airportsmokinglounge.com\/#website"},"primaryImageOfPage":{"@id":"https:\/\/airportsmokinglounge.com\/smoking-areas-in-swiss-airports\/#primaryimage"},"image":{"@id":"https:\/\/airportsmokinglounge.com\/smoking-areas-in-swiss-airports\/#primaryimage"},"thumbnailUrl":"https:\/\/airportsmokinglounge.com\/wp-content\/uploads\/2023\/03\/airport-smoking-lounge-4.jpg","datePublished":"2023-02-21T20:12:05+00:00","dateModified":"2023-05-23T16:02:55+00:00","description":"\u0130svi\u00e7re Havalimanlar\u0131ndaki Sigara \u0130\u00e7ilen Alanlar - Sigara \u0130\u00e7ilecek Bir Yer Bulmak \u0130\u00e7in En \u0130yi Rehberiniz \u2714\ufe0e Bir Sonraki Sigara \u0130\u00e7me Noktan\u0131z\u0131 Bulun \u2714\ufe0e","breadcrumb":{"@id":"https:\/\/airportsmokinglounge.com\/smoking-areas-in-swiss-airports\/#breadcrumb"},"inLanguage":"tr","potentialAction":[{"@type":"ReadAction","target":["https:\/\/airportsmokinglounge.com\/smoking-areas-in-swiss-airports\/"]}]},{"@type":"ImageObject","inLanguage":"tr","@id":"https:\/\/airportsmokinglounge.com\/smoking-areas-in-swiss-airports\/#primaryimage","url":"https:\/\/airportsmokinglounge.com\/wp-content\/uploads\/2023\/03\/airport-smoking-lounge-4.jpg","contentUrl":"https:\/\/airportsmokinglounge.com\/wp-content\/uploads\/2023\/03\/airport-smoking-lounge-4.jpg","width":2048,"height":1152,"caption":"Airport Smoking"},{"@type":"BreadcrumbList","@id":"https:\/\/airportsmokinglounge.com\/smoking-areas-in-swiss-airports\/#breadcrumb","itemListElement":[{"@type":"ListItem","position":1,"name":"Home","item":"https:\/\/airportsmokinglounge.com\/"},{"@type":"ListItem","position":2,"name":"Smoking areas in Swiss airports"}]},{"@type":"WebSite","@id":"https:\/\/airportsmokinglounge.com\/#website","url":"https:\/\/airportsmokinglounge.com\/","name":"havaalan\u0131sigara salonu.com","description":"","potentialAction":[{"@type":"SearchAction","target":{"@type":"EntryPoint","urlTemplate":"https:\/\/airportsmokinglounge.com\/?s={search_term_string}"},"query-input":{"@type":"PropertyValueSpecification","valueRequired":true,"valueName":"search_term_string"}}],"inLanguage":"tr"}]}},"_links":{"self":[{"href":"https:\/\/airportsmokinglounge.com\/tr\/wp-json\/wp\/v2\/pages\/110","targetHints":{"allow":["GET"]}}],"collection":[{"href":"https:\/\/airportsmokinglounge.com\/tr\/wp-json\/wp\/v2\/pages"}],"about":[{"href":"https:\/\/airportsmokinglounge.com\/tr\/wp-json\/wp\/v2\/types\/page"}],"author":[{"embeddable":true,"href":"https:\/\/airportsmokinglounge.com\/tr\/wp-json\/wp\/v2\/users\/1"}],"replies":[{"embeddable":true,"href":"https:\/\/airportsmokinglounge.com\/tr\/wp-json\/wp\/v2\/comments?post=110"}],"version-history":[{"count":7,"href":"https:\/\/airportsmokinglounge.com\/tr\/wp-json\/wp\/v2\/pages\/110\/revisions"}],"predecessor-version":[{"id":6007,"href":"https:\/\/airportsmokinglounge.com\/tr\/wp-json\/wp\/v2\/pages\/110\/revisions\/6007"}],"wp:featuredmedia":[{"embeddable":true,"href":"https:\/\/airportsmokinglounge.com\/tr\/wp-json\/wp\/v2\/media\/1199"}],"wp:attachment":[{"href":"https:\/\/airportsmokinglounge.com\/tr\/wp-json\/wp\/v2\/media?parent=110"}],"curies":[{"name":"wp","href":"https:\/\/api.w.org\/{rel}","templated":true}]}}