{"id":1120,"date":"2023-03-22T12:35:48","date_gmt":"2023-03-22T11:35:48","guid":{"rendered":"https:\/\/airportsmokinglounge.com\/?page_id=1120"},"modified":"2023-05-23T17:48:19","modified_gmt":"2023-05-23T15:48:19","slug":"smoking-areas-at-zurich-airport-zrh","status":"publish","type":"page","link":"https:\/\/airportsmokinglounge.com\/tr\/zurih-havaalaninda-sigara-icme-alanlari-zrh\/","title":{"rendered":"Z\u00fcrih Havaliman\u0131&#039;ndaki (ZRH) sigara i\u00e7me alanlar\u0131"},"content":{"rendered":"<p>Z\u00fcrih Havaalan\u0131 (ZRH), \u0130svi\u00e7re&#039;nin en b\u00fcy\u00fck uluslararas\u0131 havaalan\u0131d\u0131r ve hem yurt i\u00e7i hem de yurt d\u0131\u015f\u0131 hava yolculu\u011fu i\u00e7in \u00f6nemli bir merkezdir. Z\u00fcrih&#039;te bulunan havaliman\u0131, her y\u0131l milyonlarca yolcuya hizmet vererek \u00fclkeye a\u00e7\u0131lan ana kap\u0131 g\u00f6revi g\u00f6r\u00fcyor.<\/p>\n<p>Z\u00fcrih Havaalan\u0131, d\u00fcnya \u00e7ap\u0131ndaki destinasyonlara geni\u015f bir u\u00e7u\u015f yelpazesi sunarak yolcular\u0131 hem b\u00fcy\u00fck \u015fehirlere hem de k\u00fc\u00e7\u00fck kasabalara ba\u011flar. Avrupa ve k\u0131talararas\u0131 destinasyonlara \u00e7ok say\u0131da ba\u011flant\u0131 sunan \u0130svi\u00e7re Uluslararas\u0131 Hava Yollar\u0131 i\u00e7in bir merkez g\u00f6revi g\u00f6rmektedir. Di\u011fer bir\u00e7ok havayolu \u015firketi de Z\u00fcrih&#039;e gidi\u015f-d\u00f6n\u00fc\u015f u\u00e7u\u015flar ger\u00e7ekle\u015ftirerek kapsaml\u0131 bir hava yolculu\u011fu se\u00e7enekleri a\u011f\u0131 sa\u011fl\u0131yor.<\/p>\n<h2>G\u00fcvenlik Kontrol\u00fc \u00f6ncesi sigara i\u00e7ilen alanlar<\/h2>\n<ul>\n<li><span style=\"font-size: 14pt;\">Sadece terminalin d\u0131\u015f\u0131nda sigara i\u00e7ilebilir<\/span><\/li>\n<\/ul>\n<h2>G\u00fcvenlik Kontrol\u00fcnden Sonra Sigara \u0130\u00e7ilen Alanlar<\/h2>\n<ul>\n<li><span style=\"font-size: 14pt;\">G\u00fcvenlikten sonra Terminal i\u00e7erisinde sigara i\u00e7me salonu bulunmaktad\u0131r.<\/span><\/li>\n<li><span style=\"font-size: 14pt;\">Bulundu\u011fu Yer: B35 Kap\u0131s\u0131<\/span><\/li>\n<li><span style=\"font-size: 14pt;\">Bulundu\u011fu Yer: E23 Kap\u0131s\u0131<\/span><\/li>\n<\/ul>\n<p><span style=\"font-size: 14pt;\">Resmi Web Sitesinde Daha Fazla Bilgi<\/span><\/p>\n<ul>\n<li><a href=\"https:\/\/www.flughafen-zuerich.ch\/de\/passagiere\" target=\"_blank\" rel=\"noopener\">www.flughafen-zuerich.ch<\/a><\/li>\n<\/ul>\n<p><strong><span style=\"font-size: 14pt;\">Bize geri bildirim g\u00f6nderin<\/span><\/strong><\/p>\n<p><span style=\"font-size: 14pt;\">Havaalan\u0131ndaysan\u0131z, sigara i\u00e7ilen alanlar\u0131n resimlerini bize g\u00f6nderebilirsiniz. Bu, veritaban\u0131m\u0131z\u0131 daha h\u0131zl\u0131 doldurmam\u0131za yard\u0131mc\u0131 olacakt\u0131r. Bunu yapabilirsiniz <strong><a href=\"https:\/\/airportsmokinglounge.com\/tr\/temas-etmek\/\">Burada<\/a>.<\/strong> G\u00f6rseller, g\u00f6rsel kayna\u011f\u0131 (isim) belirtilerek sitemizde yay\u0131nlanmaktad\u0131r. Bu resimleri bizimle ve t\u00fcm Airport Smokinglounge.com ziyaret\u00e7ileriyle payla\u015fmaktan \u00e7ekinmeyin.<\/span>.<\/p>\n<h2>\u0130svi\u00e7re Sigara Yasas\u0131<\/h2>\n<p>\u0130svi\u00e7re&#039;de \u00fclke \u00e7ap\u0131nda sigara yasa\u011f\u0131 yoktur. Bunun yerine, \u0130svi\u00e7re&#039;de sigara i\u00e7me d\u00fczenlemeleri \u00f6ncelikle kanton (eyalet) d\u00fczeyinde belirlenmektedir ve bu da sigara i\u00e7me yasalar\u0131n\u0131n \u00fclkenin farkl\u0131 b\u00f6lgelerinde farkl\u0131l\u0131k g\u00f6stermesine neden olmaktad\u0131r. Sigara i\u00e7me yasalar\u0131n\u0131n zaman i\u00e7inde de\u011fi\u015febilece\u011fini unutmamak \u00f6nemlidir, bu nedenle \u0130svi\u00e7re&#039;nin sigara i\u00e7me yasalar\u0131na ili\u015fkin en g\u00fcncel bilgiler i\u00e7in en son yasalara ba\u015fvurman\u0131z veya yerel yetkililere dan\u0131\u015fman\u0131z \u00f6nerilir.<\/p>\n<p>Baz\u0131 kantonlarda restoranlar\u0131n, barlar\u0131n, kafelerin ve toplu ta\u015f\u0131ma ara\u00e7lar\u0131n\u0131n kapal\u0131 alanlar\u0131 da dahil olmak \u00fczere halka a\u00e7\u0131k kapal\u0131 alanlarda sigara i\u00e7mek yasakt\u0131r. Bununla birlikte, di\u011fer kantonlarda, belirlenmi\u015f sigara i\u00e7me alanlar\u0131na veya belirli kurumlarda sigara i\u00e7ilmesine izin veren daha esnek d\u00fczenlemeler olabilir. Baz\u0131 kantonlarda giri\u015flerin yak\u0131n\u0131 veya oyun alanlar\u0131 gibi halka a\u00e7\u0131k a\u00e7\u0131k alanlarda da sigara i\u00e7ilmesine ili\u015fkin k\u0131s\u0131tlamalar bulunmaktad\u0131r.<\/p>\n<p>T\u00fct\u00fcn \u00fcr\u00fcnlerinin 18 ya\u015f\u0131n alt\u0131ndaki \u00e7ocuklara sat\u0131\u015f\u0131 \u0130svi\u00e7re genelinde kesinlikle yasakt\u0131r.<\/p>\n<p>\u0130svi\u00e7re&#039;de ziyaret etti\u011finiz veya ikamet etti\u011finiz kanton veya b\u00f6lgedeki \u00f6zel sigara i\u00e7me d\u00fczenlemelerini bilmeniz ve bunlara uyman\u0131z \u00f6nemlidir. Yerel tabelalar ve bilgiler, halka a\u00e7\u0131k alanlarda ve kurulu\u015flarda sigara i\u00e7me izinleri ve k\u0131s\u0131tlamalar\u0131 konusunda size yol g\u00f6sterecektir.<\/p>\n<h3>S\u0131k\u00e7a Sorulan Sorular<\/h3>\n<h4>Havaliman\u0131 sigara i\u00e7me alanlar\u0131 7\/24 a\u00e7\u0131k m\u0131?<\/h4>\n<p>Havaliman\u0131 sigara i\u00e7me alanlar\u0131n\u0131n mevcudiyeti, havaliman\u0131na ve konuma g\u00f6re de\u011fi\u015fiklik g\u00f6sterebilir. Baz\u0131 sigara i\u00e7me alanlar\u0131 24 saat a\u00e7\u0131kken, baz\u0131lar\u0131nda k\u0131s\u0131tl\u0131 saatler olabilir veya belirli saatlerde kapal\u0131 olabilir. Sigara i\u00e7me alan\u0131n\u0131n \u00e7al\u0131\u015fma saatleri hakk\u0131nda \u00f6zel bilgi i\u00e7in havaalan\u0131na dan\u0131\u015fmak veya web sitelerini ziyaret etmek en iyisidir.<\/p>\n<h4>Sigara i\u00e7me alan\u0131na kendi yiyecek ve i\u00e7eceklerimi getirmeme izin verilir mi?<\/h4>\n<p>Bu, belirli sigara i\u00e7me alan\u0131na ve havaalan\u0131na ba\u011fl\u0131 olabilir. Baz\u0131 sigara i\u00e7me alanlar\u0131 d\u0131\u015far\u0131dan yiyecek ve i\u00e7eceklere izin verirken, baz\u0131lar\u0131nda k\u0131s\u0131tlamalar olabilir veya tamamen yasak olabilir. Belirli kurallar ve y\u00f6netmelikler i\u00e7in havaalan\u0131na veya sigara i\u00e7ilen alan tabelas\u0131na bakmak en iyisidir.<\/p>\n<h4>Havaliman\u0131ndaki t\u00fcm sigara i\u00e7ilen alanlarda sigara i\u00e7ilebilir mi?<\/h4>\n<p>Havaalan\u0131 sigara i\u00e7ilen alanlar\u0131n t\u00fcm\u00fc sigara i\u00e7ilmesine izin vermeyebilir. Baz\u0131 havalimanlar\u0131nda, geleneksel sigara i\u00e7me alanlar\u0131ndan ayr\u0131 elektronik sigara veya elektronik sigara i\u00e7in belirlenmi\u015f alanlar olabilir. Kullanmay\u0131 planlad\u0131\u011f\u0131n\u0131z sigara i\u00e7me alan\u0131 i\u00e7in \u00f6zel kural ve d\u00fczenlemeleri kontrol etti\u011finizden emin olun.<\/p>\n<h4>Sigara i\u00e7ilen alanlar klimal\u0131 m\u0131 yoksa \u0131s\u0131tmal\u0131 m\u0131?<\/h4>\n<p>Havaalan\u0131 sigara i\u00e7me alanlar\u0131n\u0131n s\u0131cakl\u0131\u011f\u0131 ve havaland\u0131rmas\u0131 b\u00fcy\u00fck \u00f6l\u00e7\u00fcde de\u011fi\u015febilir. Baz\u0131lar\u0131 klimal\u0131 veya \u0131s\u0131tmal\u0131 olabilirken, di\u011ferleri d\u0131\u015f etkenlerden s\u0131n\u0131rl\u0131 korumaya sahip a\u00e7\u0131k hava alanlar\u0131 olabilir. Ko\u015fullar\u0131 belirlemek ve buna g\u00f6re haz\u0131rlanmak i\u00e7in \u00f6nceden havaalan\u0131na dan\u0131\u015ft\u0131\u011f\u0131n\u0131zdan veya sigara i\u00e7me alan\u0131n\u0131 ziyaret etti\u011finizden emin olun.<\/p>\n<h4>Sigara i\u00e7ilen alanlar engelli yolcular i\u00e7in eri\u015filebilir mi?<\/h4>\n<p>Bir\u00e7ok havaalan\u0131, sigara i\u00e7me alanlar\u0131n\u0131 engelli yolcular\u0131n eri\u015fimine uygun hale getirmek i\u00e7in \u00e7aba sarf etmi\u015ftir. Ancak, belirli sigara i\u00e7me alanlar\u0131n\u0131n eri\u015filebilirli\u011fi b\u00fcy\u00fck \u00f6l\u00e7\u00fcde de\u011fi\u015febilir. Eri\u015filebilir olup olmad\u0131\u011f\u0131n\u0131 ve ihtiya\u00e7lar\u0131n\u0131z\u0131 kar\u015f\u0131lay\u0131p kar\u015f\u0131lamad\u0131\u011f\u0131n\u0131 belirlemek i\u00e7in havaalan\u0131na dan\u0131\u015ft\u0131\u011f\u0131n\u0131zdan veya sigara i\u00e7me alan\u0131n\u0131 \u00f6nceden ziyaret etti\u011finizden emin olun.<\/p>\n<p><span style=\"font-size: 14pt;\"><strong>\u0130svi\u00e7re konumunda di\u011fer Havaalan\u0131:<\/strong> <\/span><\/p>\n<ul>\n<li><a href=\"https:\/\/airportsmokinglounge.com\/tr\/isvicre-havalimanlarindaki-sigara-icme-alanlari\/\"><span style=\"font-size: 14pt;\">\u0130svi\u00e7re&#039;deki havalimanlar\u0131<\/span><\/a><\/li>\n<\/ul>\n<p><span style=\"font-size: 14pt;\"><strong>Avrupa&#039;da sigara i\u00e7ilen alanlar<\/strong><\/span><\/p>\n<ul>\n<li><span style=\"font-size: 14pt;\"><a href=\"https:\/\/airportsmokinglounge.com\/tr\/avrupa-havalimanlarindaki-sigara-icme-alanlari\/\">Avrupa havaalanlar\u0131<\/a><\/span><\/li>\n<\/ul>","protected":false},"excerpt":{"rendered":"<p>Z\u00fcrih Havaliman\u0131 (ZRH), \u0130svi\u00e7re&#039;nin en b\u00fcy\u00fck uluslararas\u0131 havaliman\u0131 ve hem yurt i\u00e7i hem de yurt d\u0131\u015f\u0131 hava yolculu\u011fu i\u00e7in \u00f6nemli bir merkezdir. Z\u00fcrih&#039;te bulunan havaliman\u0131, \u00fclkeye ana giri\u015f kap\u0131s\u0131 olarak hizmet vermekte ve her y\u0131l milyonlarca yolcuya hizmet vermektedir. Z\u00fcrih Havaliman\u0131, d\u00fcnyan\u0131n d\u00f6rt bir yan\u0131ndaki destinasyonlara geni\u015f bir u\u00e7u\u015f yelpazesi sunarak yolcular\u0131 birbirine ba\u011flamaktad\u0131r\u2026&nbsp;<a href=\"https:\/\/airportsmokinglounge.com\/tr\/zurih-havaalaninda-sigara-icme-alanlari-zrh\/\" rel=\"bookmark\">Devam\u0131n\u0131 oku &quot;<span class=\"screen-reader-text\">Z\u00fcrih Havaliman\u0131&#039;ndaki (ZRH) sigara i\u00e7me alanlar\u0131<\/span><\/a><\/p>","protected":false},"author":1,"featured_media":1199,"parent":0,"menu_order":0,"comment_status":"closed","ping_status":"closed","template":"","meta":{"neve_meta_sidebar":"","neve_meta_container":"","neve_meta_enable_content_width":"off","neve_meta_content_width":100,"neve_meta_title_alignment":"","neve_meta_author_avatar":"","neve_post_elements_order":"","neve_meta_disable_header":"","neve_meta_disable_footer":"","neve_meta_disable_title":"","neve_meta_reading_time":"","footnotes":""},"class_list":["post-1120","page","type-page","status-publish","has-post-thumbnail","hentry"],"yoast_head":"<!-- This site is optimized with the Yoast SEO plugin v26.6 - https:\/\/yoast.com\/wordpress\/plugins\/seo\/ -->\n<title>Smoking areas at Z\u00fcrich Airport (ZRH) - airportsmokinglounge.com<\/title>\n<meta name=\"description\" content=\"Smoking areas Z\u00fcrich Airport - Find a smoking area in the airport from Z\u00fcrich \u2714\ufe0e Smoking Guide in Airports: Information for Travelers \u2714\ufe0e\" \/>\n<meta name=\"robots\" content=\"index, follow, max-snippet:-1, max-image-preview:large, max-video-preview:-1\" \/>\n<link rel=\"canonical\" href=\"https:\/\/airportsmokinglounge.com\/tr\/zurih-havaalaninda-sigara-icme-alanlari-zrh\/\" \/>\n<meta property=\"og:locale\" content=\"tr_TR\" \/>\n<meta property=\"og:type\" content=\"article\" \/>\n<meta property=\"og:title\" content=\"Smoking areas at Z\u00fcrich Airport (ZRH) - airportsmokinglounge.com\" \/>\n<meta property=\"og:description\" content=\"Smoking areas Z\u00fcrich Airport - Find a smoking area in the airport from Z\u00fcrich \u2714\ufe0e Smoking Guide in Airports: Information for Travelers \u2714\ufe0e\" \/>\n<meta property=\"og:url\" content=\"https:\/\/airportsmokinglounge.com\/tr\/zurih-havaalaninda-sigara-icme-alanlari-zrh\/\" \/>\n<meta property=\"og:site_name\" content=\"airportsmokinglounge.com\" \/>\n<meta property=\"article:modified_time\" content=\"2023-05-23T15:48:19+00:00\" \/>\n<meta property=\"og:image\" content=\"https:\/\/airportsmokinglounge.com\/wp-content\/uploads\/2023\/03\/airport-smoking-lounge-4.jpg\" \/>\n\t<meta property=\"og:image:width\" content=\"2048\" \/>\n\t<meta property=\"og:image:height\" content=\"1152\" \/>\n\t<meta property=\"og:image:type\" content=\"image\/jpeg\" \/>\n<meta name=\"twitter:card\" content=\"summary_large_image\" \/>\n<meta name=\"twitter:label1\" content=\"Tahmini okuma s\u00fcresi\" \/>\n\t<meta name=\"twitter:data1\" content=\"4 dakika\" \/>\n<script type=\"application\/ld+json\" class=\"yoast-schema-graph\">{\"@context\":\"https:\/\/schema.org\",\"@graph\":[{\"@type\":\"WebPage\",\"@id\":\"https:\/\/airportsmokinglounge.com\/smoking-areas-at-zurich-airport-zrh\/\",\"url\":\"https:\/\/airportsmokinglounge.com\/smoking-areas-at-zurich-airport-zrh\/\",\"name\":\"Smoking areas at Z\u00fcrich Airport (ZRH) - airportsmokinglounge.com\",\"isPartOf\":{\"@id\":\"https:\/\/airportsmokinglounge.com\/#website\"},\"primaryImageOfPage\":{\"@id\":\"https:\/\/airportsmokinglounge.com\/smoking-areas-at-zurich-airport-zrh\/#primaryimage\"},\"image\":{\"@id\":\"https:\/\/airportsmokinglounge.com\/smoking-areas-at-zurich-airport-zrh\/#primaryimage\"},\"thumbnailUrl\":\"https:\/\/airportsmokinglounge.com\/wp-content\/uploads\/2023\/03\/airport-smoking-lounge-4.jpg\",\"datePublished\":\"2023-03-22T11:35:48+00:00\",\"dateModified\":\"2023-05-23T15:48:19+00:00\",\"description\":\"Smoking areas Z\u00fcrich Airport - Find a smoking area in the airport from Z\u00fcrich \u2714\ufe0e Smoking Guide in Airports: Information for Travelers \u2714\ufe0e\",\"breadcrumb\":{\"@id\":\"https:\/\/airportsmokinglounge.com\/smoking-areas-at-zurich-airport-zrh\/#breadcrumb\"},\"inLanguage\":\"tr\",\"potentialAction\":[{\"@type\":\"ReadAction\",\"target\":[\"https:\/\/airportsmokinglounge.com\/smoking-areas-at-zurich-airport-zrh\/\"]}]},{\"@type\":\"ImageObject\",\"inLanguage\":\"tr\",\"@id\":\"https:\/\/airportsmokinglounge.com\/smoking-areas-at-zurich-airport-zrh\/#primaryimage\",\"url\":\"https:\/\/airportsmokinglounge.com\/wp-content\/uploads\/2023\/03\/airport-smoking-lounge-4.jpg\",\"contentUrl\":\"https:\/\/airportsmokinglounge.com\/wp-content\/uploads\/2023\/03\/airport-smoking-lounge-4.jpg\",\"width\":2048,\"height\":1152,\"caption\":\"Airport Smoking\"},{\"@type\":\"BreadcrumbList\",\"@id\":\"https:\/\/airportsmokinglounge.com\/smoking-areas-at-zurich-airport-zrh\/#breadcrumb\",\"itemListElement\":[{\"@type\":\"ListItem\",\"position\":1,\"name\":\"Home\",\"item\":\"https:\/\/airportsmokinglounge.com\/\"},{\"@type\":\"ListItem\",\"position\":2,\"name\":\"Smoking areas at Z\u00fcrich Airport (ZRH)\"}]},{\"@type\":\"WebSite\",\"@id\":\"https:\/\/airportsmokinglounge.com\/#website\",\"url\":\"https:\/\/airportsmokinglounge.com\/\",\"name\":\"airportsmokinglounge.com\",\"description\":\"\",\"potentialAction\":[{\"@type\":\"SearchAction\",\"target\":{\"@type\":\"EntryPoint\",\"urlTemplate\":\"https:\/\/airportsmokinglounge.com\/?s={search_term_string}\"},\"query-input\":{\"@type\":\"PropertyValueSpecification\",\"valueRequired\":true,\"valueName\":\"search_term_string\"}}],\"inLanguage\":\"tr\"}]}<\/script>\n<!-- \/ Yoast SEO plugin. -->","yoast_head_json":{"title":"Z\u00fcrih Havaliman\u0131&#039;ndaki (ZRH) sigara i\u00e7ilebilen alanlar - Airport Smokinglounge.com","description":"Sigara i\u00e7me alanlar\u0131 Z\u00fcrih Havaalan\u0131 - Z\u00fcrih&#039;ten havaalan\u0131nda sigara i\u00e7ilebilen bir alan bulun \u2714\ufe0e Havalimanlar\u0131nda Sigara \u0130\u00e7me Rehberi: Gezginler i\u00e7in Bilgiler \u2714\ufe0e","robots":{"index":"index","follow":"follow","max-snippet":"max-snippet:-1","max-image-preview":"max-image-preview:large","max-video-preview":"max-video-preview:-1"},"canonical":"https:\/\/airportsmokinglounge.com\/tr\/zurih-havaalaninda-sigara-icme-alanlari-zrh\/","og_locale":"tr_TR","og_type":"article","og_title":"Smoking areas at Z\u00fcrich Airport (ZRH) - airportsmokinglounge.com","og_description":"Smoking areas Z\u00fcrich Airport - Find a smoking area in the airport from Z\u00fcrich \u2714\ufe0e Smoking Guide in Airports: Information for Travelers \u2714\ufe0e","og_url":"https:\/\/airportsmokinglounge.com\/tr\/zurih-havaalaninda-sigara-icme-alanlari-zrh\/","og_site_name":"airportsmokinglounge.com","article_modified_time":"2023-05-23T15:48:19+00:00","og_image":[{"width":2048,"height":1152,"url":"https:\/\/airportsmokinglounge.com\/wp-content\/uploads\/2023\/03\/airport-smoking-lounge-4.jpg","type":"image\/jpeg"}],"twitter_card":"summary_large_image","twitter_misc":{"Tahmini okuma s\u00fcresi":"4 dakika"},"schema":{"@context":"https:\/\/schema.org","@graph":[{"@type":"WebPage","@id":"https:\/\/airportsmokinglounge.com\/smoking-areas-at-zurich-airport-zrh\/","url":"https:\/\/airportsmokinglounge.com\/smoking-areas-at-zurich-airport-zrh\/","name":"Z\u00fcrih Havaliman\u0131&#039;ndaki (ZRH) sigara i\u00e7ilebilen alanlar - Airport Smokinglounge.com","isPartOf":{"@id":"https:\/\/airportsmokinglounge.com\/#website"},"primaryImageOfPage":{"@id":"https:\/\/airportsmokinglounge.com\/smoking-areas-at-zurich-airport-zrh\/#primaryimage"},"image":{"@id":"https:\/\/airportsmokinglounge.com\/smoking-areas-at-zurich-airport-zrh\/#primaryimage"},"thumbnailUrl":"https:\/\/airportsmokinglounge.com\/wp-content\/uploads\/2023\/03\/airport-smoking-lounge-4.jpg","datePublished":"2023-03-22T11:35:48+00:00","dateModified":"2023-05-23T15:48:19+00:00","description":"Sigara i\u00e7me alanlar\u0131 Z\u00fcrih Havaalan\u0131 - Z\u00fcrih&#039;ten havaalan\u0131nda sigara i\u00e7ilebilen bir alan bulun \u2714\ufe0e Havalimanlar\u0131nda Sigara \u0130\u00e7me Rehberi: Gezginler i\u00e7in Bilgiler \u2714\ufe0e","breadcrumb":{"@id":"https:\/\/airportsmokinglounge.com\/smoking-areas-at-zurich-airport-zrh\/#breadcrumb"},"inLanguage":"tr","potentialAction":[{"@type":"ReadAction","target":["https:\/\/airportsmokinglounge.com\/smoking-areas-at-zurich-airport-zrh\/"]}]},{"@type":"ImageObject","inLanguage":"tr","@id":"https:\/\/airportsmokinglounge.com\/smoking-areas-at-zurich-airport-zrh\/#primaryimage","url":"https:\/\/airportsmokinglounge.com\/wp-content\/uploads\/2023\/03\/airport-smoking-lounge-4.jpg","contentUrl":"https:\/\/airportsmokinglounge.com\/wp-content\/uploads\/2023\/03\/airport-smoking-lounge-4.jpg","width":2048,"height":1152,"caption":"Airport Smoking"},{"@type":"BreadcrumbList","@id":"https:\/\/airportsmokinglounge.com\/smoking-areas-at-zurich-airport-zrh\/#breadcrumb","itemListElement":[{"@type":"ListItem","position":1,"name":"Home","item":"https:\/\/airportsmokinglounge.com\/"},{"@type":"ListItem","position":2,"name":"Smoking areas at Z\u00fcrich Airport (ZRH)"}]},{"@type":"WebSite","@id":"https:\/\/airportsmokinglounge.com\/#website","url":"https:\/\/airportsmokinglounge.com\/","name":"havaalan\u0131sigara salonu.com","description":"","potentialAction":[{"@type":"SearchAction","target":{"@type":"EntryPoint","urlTemplate":"https:\/\/airportsmokinglounge.com\/?s={search_term_string}"},"query-input":{"@type":"PropertyValueSpecification","valueRequired":true,"valueName":"search_term_string"}}],"inLanguage":"tr"}]}},"_links":{"self":[{"href":"https:\/\/airportsmokinglounge.com\/tr\/wp-json\/wp\/v2\/pages\/1120","targetHints":{"allow":["GET"]}}],"collection":[{"href":"https:\/\/airportsmokinglounge.com\/tr\/wp-json\/wp\/v2\/pages"}],"about":[{"href":"https:\/\/airportsmokinglounge.com\/tr\/wp-json\/wp\/v2\/types\/page"}],"author":[{"embeddable":true,"href":"https:\/\/airportsmokinglounge.com\/tr\/wp-json\/wp\/v2\/users\/1"}],"replies":[{"embeddable":true,"href":"https:\/\/airportsmokinglounge.com\/tr\/wp-json\/wp\/v2\/comments?post=1120"}],"version-history":[{"count":6,"href":"https:\/\/airportsmokinglounge.com\/tr\/wp-json\/wp\/v2\/pages\/1120\/revisions"}],"predecessor-version":[{"id":6012,"href":"https:\/\/airportsmokinglounge.com\/tr\/wp-json\/wp\/v2\/pages\/1120\/revisions\/6012"}],"wp:featuredmedia":[{"embeddable":true,"href":"https:\/\/airportsmokinglounge.com\/tr\/wp-json\/wp\/v2\/media\/1199"}],"wp:attachment":[{"href":"https:\/\/airportsmokinglounge.com\/tr\/wp-json\/wp\/v2\/media?parent=1120"}],"curies":[{"name":"wp","href":"https:\/\/api.w.org\/{rel}","templated":true}]}}