{"id":1153,"date":"2023-03-22T14:19:36","date_gmt":"2023-03-22T13:19:36","guid":{"rendered":"https:\/\/airportsmokinglounge.com\/?page_id=1153"},"modified":"2023-05-23T17:22:36","modified_gmt":"2023-05-23T15:22:36","slug":"smoking-areas-at-ankara-esenboga-airport-esb","status":"publish","type":"page","link":"https:\/\/airportsmokinglounge.com\/tr\/ankara-esenboga-havaalani-esb-at-sigara-alanlari\/","title":{"rendered":"Ankara Esenbo\u011fa Havaliman\u0131&#039;nda (ESB) sigara i\u00e7ilen alanlar"},"content":{"rendered":"<p>Ankara Esenbo\u011fa Havaliman\u0131 (ESB), T\u00fcrkiye&#039;nin ba\u015fkenti Ankara&#039;ya hizmet veren ana uluslararas\u0131 havaliman\u0131d\u0131r. \u015eehir merkezinin yakla\u015f\u0131k 28 kilometre (17 mil) kuzeydo\u011fusunda yer almaktad\u0131r. Ad\u0131n\u0131 yak\u0131ndaki Esenbo\u011fa k\u00f6y\u00fcnden alan havaliman\u0131, hem i\u00e7 hem de d\u0131\u015f hat u\u00e7u\u015flar\u0131 i\u00e7in \u00f6nemli bir ula\u015f\u0131m merkezi olarak hizmet veriyor.<\/p>\n<p>Ankara Esenbo\u011fa Havaliman\u0131&#039;nda i\u00e7 hat u\u00e7u\u015flar\u0131 i\u00e7in Terminal 1 ve d\u0131\u015f hat u\u00e7u\u015flar\u0131 i\u00e7in Terminal 2 olmak \u00fczere iki yolcu terminali bulunmaktad\u0131r. Havaliman\u0131, g\u00fcmr\u00fcks\u00fcz sat\u0131\u015f ma\u011fazalar\u0131, restoranlar, kafeler, d\u00f6viz b\u00fcrolar\u0131, ara\u00e7 kiralama hizmetleri ve dinlenme salonlar\u0131 dahil olmak \u00fczere yolcular\u0131 a\u011f\u0131rlamak i\u00e7in \u00e7ok \u00e7e\u015fitli olanaklar ve hizmetler sunmaktad\u0131r.<\/p>\n<h2>G\u00fcvenlik Kontrol\u00fc \u00f6ncesi sigara i\u00e7ilen alanlar<\/h2>\n<ul>\n<li><span style=\"font-size: 14pt;\">Sadece terminalin d\u0131\u015f\u0131nda sigara i\u00e7ilebilir<\/span><\/li>\n<\/ul>\n<h2>G\u00fcvenlik Kontrol\u00fcnden Sonra Sigara \u0130\u00e7ilen Alanlar<\/h2>\n<ul>\n<li><span style=\"font-size: 14pt;\">G\u00fcvenlikten sonra Terminal i\u00e7erisinde \u00e7ok say\u0131da sigara i\u00e7me alan\u0131 \u201cTeras\u201d bulunmaktad\u0131r.<\/span><\/li>\n<\/ul>\n<p><strong><span style=\"font-size: 14pt;\">Bize geri bildirim g\u00f6nderin<\/span><\/strong><\/p>\n<p><span style=\"font-size: 14pt;\">Havaalan\u0131ndaysan\u0131z, sigara i\u00e7ilen alanlar\u0131n resimlerini bize g\u00f6nderebilirsiniz. Bu, veritaban\u0131m\u0131z\u0131 daha h\u0131zl\u0131 doldurmam\u0131za yard\u0131mc\u0131 olacakt\u0131r. Bunu yapabilirsiniz <strong><a href=\"https:\/\/airportsmokinglounge.com\/tr\/temas-etmek\/\">Burada<\/a>.<\/strong> G\u00f6rseller, g\u00f6rsel kayna\u011f\u0131 (isim) belirtilerek sitemizde yay\u0131nlanmaktad\u0131r. Bu resimleri bizimle ve t\u00fcm Airport Smokinglounge.com ziyaret\u00e7ileriyle payla\u015fmaktan \u00e7ekinmeyin.<\/span>.<\/p>\n<h2>t\u00fcrkiye sigara kanunu<\/h2>\n<ul>\n<li>Restoranlar, barlar, kafeler, al\u0131\u015fveri\u015f merkezleri, havaalanlar\u0131 ve toplu ta\u015f\u0131ma ara\u00e7lar\u0131 da dahil olmak \u00fczere halka a\u00e7\u0131k t\u00fcm kapal\u0131 alanlarda sigara i\u00e7mek yasakt\u0131r. Bu alanlar sigara i\u00e7ilmez olarak belirlenmi\u015f olup, i\u00e7eride sigara i\u00e7ilmesine izin verilmemektedir.<\/li>\n<li>T\u00fcrkiye ayr\u0131ca stadyumlar, oyun alanlar\u0131 ve halka a\u00e7\u0131k parklar gibi halka a\u00e7\u0131k a\u00e7\u0131k alanlarda sigara i\u00e7ilmesine k\u0131s\u0131tlamalar getirmi\u015ftir. Okullar ve sa\u011fl\u0131k tesisleri gibi belirli alanlarda belirli mesafelerde sigara i\u00e7mek yasak olabilir.<\/li>\n<li>T\u00fcrkiye&#039;de 18 ya\u015f\u0131n\u0131n alt\u0131ndaki ki\u015filere t\u00fct\u00fcn \u00fcr\u00fcnleri satmak yasa d\u0131\u015f\u0131d\u0131r.<\/li>\n<li>T\u00fcrkiye, sigarayla ili\u015fkili sa\u011fl\u0131k riskleri konusunda fark\u0131ndal\u0131\u011f\u0131 art\u0131rmak i\u00e7in sigara paketlerinin \u00fczerine grafik sa\u011fl\u0131k uyar\u0131lar\u0131 koydu.<\/li>\n<li>T\u00fcrkiye&#039;de t\u00fct\u00fcn reklam\u0131 ve tan\u0131t\u0131m\u0131na, t\u00fct\u00fcn kullan\u0131m\u0131n\u0131 cayd\u0131rmak ve halk\u0131 t\u00fct\u00fcnle ilgili pazarlamaya maruz kalmaktan korumak i\u00e7in k\u0131s\u0131tlamalar vard\u0131r.<\/li>\n<li>Yasa ayr\u0131ca yolcular\u0131n 18 ya\u015f\u0131n alt\u0131ndaki ki\u015fileri de i\u00e7erdi\u011fi \u00f6zel ara\u00e7larda sigara i\u00e7ilmesini yasaklamaktad\u0131r.<\/li>\n<\/ul>\n<h3>S\u0131k\u00e7a Sorulan Sorular<\/h3>\n<h4>Havaliman\u0131 sigara i\u00e7me alanlar\u0131 7\/24 a\u00e7\u0131k m\u0131?<\/h4>\n<p>Havaliman\u0131 sigara i\u00e7me alanlar\u0131n\u0131n mevcudiyeti, havaliman\u0131na ve konuma g\u00f6re de\u011fi\u015fiklik g\u00f6sterebilir. Baz\u0131 sigara i\u00e7me alanlar\u0131 24 saat a\u00e7\u0131kken, baz\u0131lar\u0131nda k\u0131s\u0131tl\u0131 saatler olabilir veya belirli saatlerde kapal\u0131 olabilir. Sigara i\u00e7me alan\u0131n\u0131n \u00e7al\u0131\u015fma saatleri hakk\u0131nda \u00f6zel bilgi i\u00e7in havaalan\u0131na dan\u0131\u015fmak veya web sitelerini ziyaret etmek en iyisidir.<\/p>\n<h4>Sigara i\u00e7me alan\u0131na kendi yiyecek ve i\u00e7eceklerimi getirmeme izin verilir mi?<\/h4>\n<p>Bu, belirli sigara i\u00e7me alan\u0131na ve havaalan\u0131na ba\u011fl\u0131 olabilir. Baz\u0131 sigara i\u00e7me alanlar\u0131 d\u0131\u015far\u0131dan yiyecek ve i\u00e7eceklere izin verirken, baz\u0131lar\u0131nda k\u0131s\u0131tlamalar olabilir veya tamamen yasak olabilir. Belirli kurallar ve y\u00f6netmelikler i\u00e7in havaalan\u0131na veya sigara i\u00e7ilen alan tabelas\u0131na bakmak en iyisidir.<\/p>\n<h4>Havaliman\u0131ndaki t\u00fcm sigara i\u00e7ilen alanlarda sigara i\u00e7ilebilir mi?<\/h4>\n<p>Havaalan\u0131 sigara i\u00e7ilen alanlar\u0131n t\u00fcm\u00fc sigara i\u00e7ilmesine izin vermeyebilir. Baz\u0131 havalimanlar\u0131nda, geleneksel sigara i\u00e7me alanlar\u0131ndan ayr\u0131 elektronik sigara veya elektronik sigara i\u00e7in belirlenmi\u015f alanlar olabilir. Kullanmay\u0131 planlad\u0131\u011f\u0131n\u0131z sigara i\u00e7me alan\u0131 i\u00e7in \u00f6zel kural ve d\u00fczenlemeleri kontrol etti\u011finizden emin olun.<\/p>\n<h4>Sigara i\u00e7ilen alanlar klimal\u0131 m\u0131 yoksa \u0131s\u0131tmal\u0131 m\u0131?<\/h4>\n<p>Havaalan\u0131 sigara i\u00e7me alanlar\u0131n\u0131n s\u0131cakl\u0131\u011f\u0131 ve havaland\u0131rmas\u0131 b\u00fcy\u00fck \u00f6l\u00e7\u00fcde de\u011fi\u015febilir. Baz\u0131lar\u0131 klimal\u0131 veya \u0131s\u0131tmal\u0131 olabilirken, di\u011ferleri d\u0131\u015f etkenlerden s\u0131n\u0131rl\u0131 korumaya sahip a\u00e7\u0131k hava alanlar\u0131 olabilir. Ko\u015fullar\u0131 belirlemek ve buna g\u00f6re haz\u0131rlanmak i\u00e7in \u00f6nceden havaalan\u0131na dan\u0131\u015ft\u0131\u011f\u0131n\u0131zdan veya sigara i\u00e7me alan\u0131n\u0131 ziyaret etti\u011finizden emin olun.<\/p>\n<h4>Sigara i\u00e7ilen alanlar engelli yolcular i\u00e7in eri\u015filebilir mi?<\/h4>\n<p>Bir\u00e7ok havaalan\u0131, sigara i\u00e7me alanlar\u0131n\u0131 engelli yolcular\u0131n eri\u015fimine uygun hale getirmek i\u00e7in \u00e7aba sarf etmi\u015ftir. Ancak, belirli sigara i\u00e7me alanlar\u0131n\u0131n eri\u015filebilirli\u011fi b\u00fcy\u00fck \u00f6l\u00e7\u00fcde de\u011fi\u015febilir. Eri\u015filebilir olup olmad\u0131\u011f\u0131n\u0131 ve ihtiya\u00e7lar\u0131n\u0131z\u0131 kar\u015f\u0131lay\u0131p kar\u015f\u0131lamad\u0131\u011f\u0131n\u0131 belirlemek i\u00e7in havaalan\u0131na dan\u0131\u015ft\u0131\u011f\u0131n\u0131zdan veya sigara i\u00e7me alan\u0131n\u0131 \u00f6nceden ziyaret etti\u011finizden emin olun.<\/p>\n<p><strong>T\u00fcrkiye&#039;deki di\u011fer havalimanlar\u0131:<\/strong><\/p>\n<ul>\n<li><a href=\"https:\/\/airportsmokinglounge.com\/tr\/turkiyedeki-sigara-icilen-alanlar-havaalanlari\/\" data-wpel-link=\"internal\">T\u00fcrkiye Havalimanlar\u0131<\/a><\/li>\n<\/ul>\n<p><span style=\"font-size: 14pt;\"><strong>Avrupa&#039;da sigara i\u00e7ilen alanlar<\/strong><\/span><\/p>\n<ul>\n<li><span style=\"font-size: 14pt;\"><a href=\"https:\/\/airportsmokinglounge.com\/tr\/avrupa-havalimanlarindaki-sigara-icme-alanlari\/\">Avrupa havaalanlar\u0131<\/a><\/span><\/li>\n<\/ul>","protected":false},"excerpt":{"rendered":"<p>Ankara Esenbo\u011fa Havaliman\u0131 (ESB), T\u00fcrkiye&#039;nin ba\u015fkenti Ankara&#039;ya hizmet veren ana uluslararas\u0131 havaliman\u0131d\u0131r. \u015eehir merkezinin yakla\u015f\u0131k 28 kilometre (17 mil) kuzeydo\u011fusunda yer almaktad\u0131r. Yak\u0131ndaki Esenbo\u011fa k\u00f6y\u00fcn\u00fcn ad\u0131n\u0131 ta\u015f\u0131yan havaliman\u0131, hem i\u00e7 hem de uluslararas\u0131 u\u00e7u\u015flar i\u00e7in \u00f6nemli bir ula\u015f\u0131m merkezi g\u00f6revi g\u00f6rmektedir. Ankara Esenbo\u011fa Havaliman\u0131&#039;n\u0131n iki terminali bulunmaktad\u0131r\u2026&nbsp;<a href=\"https:\/\/airportsmokinglounge.com\/tr\/ankara-esenboga-havaalani-esb-at-sigara-alanlari\/\" rel=\"bookmark\">Devam\u0131n\u0131 oku &quot;<span class=\"screen-reader-text\">Ankara Esenbo\u011fa Havaliman\u0131&#039;nda (ESB) sigara i\u00e7ilen alanlar<\/span><\/a><\/p>","protected":false},"author":1,"featured_media":1199,"parent":0,"menu_order":0,"comment_status":"closed","ping_status":"closed","template":"","meta":{"neve_meta_sidebar":"","neve_meta_container":"","neve_meta_enable_content_width":"off","neve_meta_content_width":100,"neve_meta_title_alignment":"","neve_meta_author_avatar":"","neve_post_elements_order":"","neve_meta_disable_header":"","neve_meta_disable_footer":"","neve_meta_disable_title":"","neve_meta_reading_time":"","footnotes":""},"class_list":["post-1153","page","type-page","status-publish","has-post-thumbnail","hentry"],"yoast_head":"<!-- This site is optimized with the Yoast SEO plugin v26.6 - https:\/\/yoast.com\/wordpress\/plugins\/seo\/ -->\n<title>Smoking areas at Ankara Esenboga Airport (ESB)<\/title>\n<meta name=\"description\" content=\"Smoking areas Ankara Esenboga Airport - Find a smoking area in the airport \u2714\ufe0e Smoking Guide in Airports: Information for Travelers \u2714\ufe0e\" \/>\n<meta name=\"robots\" content=\"index, follow, max-snippet:-1, max-image-preview:large, max-video-preview:-1\" \/>\n<link rel=\"canonical\" href=\"https:\/\/airportsmokinglounge.com\/tr\/ankara-esenboga-havaalani-esb-at-sigara-alanlari\/\" \/>\n<meta property=\"og:locale\" content=\"tr_TR\" \/>\n<meta property=\"og:type\" content=\"article\" \/>\n<meta property=\"og:title\" content=\"Smoking areas at Ankara Esenboga Airport (ESB)\" \/>\n<meta property=\"og:description\" content=\"Smoking areas Ankara Esenboga Airport - Find a smoking area in the airport \u2714\ufe0e Smoking Guide in Airports: Information for Travelers \u2714\ufe0e\" \/>\n<meta property=\"og:url\" content=\"https:\/\/airportsmokinglounge.com\/tr\/ankara-esenboga-havaalani-esb-at-sigara-alanlari\/\" \/>\n<meta property=\"og:site_name\" content=\"airportsmokinglounge.com\" \/>\n<meta property=\"article:modified_time\" content=\"2023-05-23T15:22:36+00:00\" \/>\n<meta property=\"og:image\" content=\"https:\/\/airportsmokinglounge.com\/wp-content\/uploads\/2023\/03\/airport-smoking-lounge-4.jpg\" \/>\n\t<meta property=\"og:image:width\" content=\"2048\" \/>\n\t<meta property=\"og:image:height\" content=\"1152\" \/>\n\t<meta property=\"og:image:type\" content=\"image\/jpeg\" \/>\n<meta name=\"twitter:card\" content=\"summary_large_image\" \/>\n<meta name=\"twitter:label1\" content=\"Tahmini okuma s\u00fcresi\" \/>\n\t<meta name=\"twitter:data1\" content=\"3 dakika\" \/>\n<script type=\"application\/ld+json\" class=\"yoast-schema-graph\">{\"@context\":\"https:\/\/schema.org\",\"@graph\":[{\"@type\":\"WebPage\",\"@id\":\"https:\/\/airportsmokinglounge.com\/smoking-areas-at-ankara-esenboga-airport-esb\/\",\"url\":\"https:\/\/airportsmokinglounge.com\/smoking-areas-at-ankara-esenboga-airport-esb\/\",\"name\":\"Smoking areas at Ankara Esenboga Airport (ESB)\",\"isPartOf\":{\"@id\":\"https:\/\/airportsmokinglounge.com\/#website\"},\"primaryImageOfPage\":{\"@id\":\"https:\/\/airportsmokinglounge.com\/smoking-areas-at-ankara-esenboga-airport-esb\/#primaryimage\"},\"image\":{\"@id\":\"https:\/\/airportsmokinglounge.com\/smoking-areas-at-ankara-esenboga-airport-esb\/#primaryimage\"},\"thumbnailUrl\":\"https:\/\/airportsmokinglounge.com\/wp-content\/uploads\/2023\/03\/airport-smoking-lounge-4.jpg\",\"datePublished\":\"2023-03-22T13:19:36+00:00\",\"dateModified\":\"2023-05-23T15:22:36+00:00\",\"description\":\"Smoking areas Ankara Esenboga Airport - Find a smoking area in the airport \u2714\ufe0e Smoking Guide in Airports: Information for Travelers \u2714\ufe0e\",\"breadcrumb\":{\"@id\":\"https:\/\/airportsmokinglounge.com\/smoking-areas-at-ankara-esenboga-airport-esb\/#breadcrumb\"},\"inLanguage\":\"tr\",\"potentialAction\":[{\"@type\":\"ReadAction\",\"target\":[\"https:\/\/airportsmokinglounge.com\/smoking-areas-at-ankara-esenboga-airport-esb\/\"]}]},{\"@type\":\"ImageObject\",\"inLanguage\":\"tr\",\"@id\":\"https:\/\/airportsmokinglounge.com\/smoking-areas-at-ankara-esenboga-airport-esb\/#primaryimage\",\"url\":\"https:\/\/airportsmokinglounge.com\/wp-content\/uploads\/2023\/03\/airport-smoking-lounge-4.jpg\",\"contentUrl\":\"https:\/\/airportsmokinglounge.com\/wp-content\/uploads\/2023\/03\/airport-smoking-lounge-4.jpg\",\"width\":2048,\"height\":1152,\"caption\":\"Airport Smoking\"},{\"@type\":\"BreadcrumbList\",\"@id\":\"https:\/\/airportsmokinglounge.com\/smoking-areas-at-ankara-esenboga-airport-esb\/#breadcrumb\",\"itemListElement\":[{\"@type\":\"ListItem\",\"position\":1,\"name\":\"Home\",\"item\":\"https:\/\/airportsmokinglounge.com\/\"},{\"@type\":\"ListItem\",\"position\":2,\"name\":\"Smoking areas at Ankara Esenboga Airport (ESB)\"}]},{\"@type\":\"WebSite\",\"@id\":\"https:\/\/airportsmokinglounge.com\/#website\",\"url\":\"https:\/\/airportsmokinglounge.com\/\",\"name\":\"airportsmokinglounge.com\",\"description\":\"\",\"potentialAction\":[{\"@type\":\"SearchAction\",\"target\":{\"@type\":\"EntryPoint\",\"urlTemplate\":\"https:\/\/airportsmokinglounge.com\/?s={search_term_string}\"},\"query-input\":{\"@type\":\"PropertyValueSpecification\",\"valueRequired\":true,\"valueName\":\"search_term_string\"}}],\"inLanguage\":\"tr\"}]}<\/script>\n<!-- \/ Yoast SEO plugin. -->","yoast_head_json":{"title":"Ankara Esenbo\u011fa Havaliman\u0131&#039;nda (ESB) sigara i\u00e7ilen alanlar","description":"Sigara i\u00e7ilen alanlar Ankara Esenbo\u011fa Havaliman\u0131 - Havaliman\u0131nda sigara i\u00e7me alan\u0131 bulun \u2714\ufe0e Havaalanlar\u0131nda Sigara \u0130\u00e7me Rehberi: Gezginler \u0130\u00e7in Bilgi \u2714\ufe0e","robots":{"index":"index","follow":"follow","max-snippet":"max-snippet:-1","max-image-preview":"max-image-preview:large","max-video-preview":"max-video-preview:-1"},"canonical":"https:\/\/airportsmokinglounge.com\/tr\/ankara-esenboga-havaalani-esb-at-sigara-alanlari\/","og_locale":"tr_TR","og_type":"article","og_title":"Smoking areas at Ankara Esenboga Airport (ESB)","og_description":"Smoking areas Ankara Esenboga Airport - Find a smoking area in the airport \u2714\ufe0e Smoking Guide in Airports: Information for Travelers \u2714\ufe0e","og_url":"https:\/\/airportsmokinglounge.com\/tr\/ankara-esenboga-havaalani-esb-at-sigara-alanlari\/","og_site_name":"airportsmokinglounge.com","article_modified_time":"2023-05-23T15:22:36+00:00","og_image":[{"width":2048,"height":1152,"url":"https:\/\/airportsmokinglounge.com\/wp-content\/uploads\/2023\/03\/airport-smoking-lounge-4.jpg","type":"image\/jpeg"}],"twitter_card":"summary_large_image","twitter_misc":{"Tahmini okuma s\u00fcresi":"3 dakika"},"schema":{"@context":"https:\/\/schema.org","@graph":[{"@type":"WebPage","@id":"https:\/\/airportsmokinglounge.com\/smoking-areas-at-ankara-esenboga-airport-esb\/","url":"https:\/\/airportsmokinglounge.com\/smoking-areas-at-ankara-esenboga-airport-esb\/","name":"Ankara Esenbo\u011fa Havaliman\u0131&#039;nda (ESB) sigara i\u00e7ilen alanlar","isPartOf":{"@id":"https:\/\/airportsmokinglounge.com\/#website"},"primaryImageOfPage":{"@id":"https:\/\/airportsmokinglounge.com\/smoking-areas-at-ankara-esenboga-airport-esb\/#primaryimage"},"image":{"@id":"https:\/\/airportsmokinglounge.com\/smoking-areas-at-ankara-esenboga-airport-esb\/#primaryimage"},"thumbnailUrl":"https:\/\/airportsmokinglounge.com\/wp-content\/uploads\/2023\/03\/airport-smoking-lounge-4.jpg","datePublished":"2023-03-22T13:19:36+00:00","dateModified":"2023-05-23T15:22:36+00:00","description":"Sigara i\u00e7ilen alanlar Ankara Esenbo\u011fa Havaliman\u0131 - Havaliman\u0131nda sigara i\u00e7me alan\u0131 bulun \u2714\ufe0e Havaalanlar\u0131nda Sigara \u0130\u00e7me Rehberi: Gezginler \u0130\u00e7in Bilgi \u2714\ufe0e","breadcrumb":{"@id":"https:\/\/airportsmokinglounge.com\/smoking-areas-at-ankara-esenboga-airport-esb\/#breadcrumb"},"inLanguage":"tr","potentialAction":[{"@type":"ReadAction","target":["https:\/\/airportsmokinglounge.com\/smoking-areas-at-ankara-esenboga-airport-esb\/"]}]},{"@type":"ImageObject","inLanguage":"tr","@id":"https:\/\/airportsmokinglounge.com\/smoking-areas-at-ankara-esenboga-airport-esb\/#primaryimage","url":"https:\/\/airportsmokinglounge.com\/wp-content\/uploads\/2023\/03\/airport-smoking-lounge-4.jpg","contentUrl":"https:\/\/airportsmokinglounge.com\/wp-content\/uploads\/2023\/03\/airport-smoking-lounge-4.jpg","width":2048,"height":1152,"caption":"Airport Smoking"},{"@type":"BreadcrumbList","@id":"https:\/\/airportsmokinglounge.com\/smoking-areas-at-ankara-esenboga-airport-esb\/#breadcrumb","itemListElement":[{"@type":"ListItem","position":1,"name":"Home","item":"https:\/\/airportsmokinglounge.com\/"},{"@type":"ListItem","position":2,"name":"Smoking areas at Ankara Esenboga Airport (ESB)"}]},{"@type":"WebSite","@id":"https:\/\/airportsmokinglounge.com\/#website","url":"https:\/\/airportsmokinglounge.com\/","name":"havaalan\u0131sigara salonu.com","description":"","potentialAction":[{"@type":"SearchAction","target":{"@type":"EntryPoint","urlTemplate":"https:\/\/airportsmokinglounge.com\/?s={search_term_string}"},"query-input":{"@type":"PropertyValueSpecification","valueRequired":true,"valueName":"search_term_string"}}],"inLanguage":"tr"}]}},"_links":{"self":[{"href":"https:\/\/airportsmokinglounge.com\/tr\/wp-json\/wp\/v2\/pages\/1153","targetHints":{"allow":["GET"]}}],"collection":[{"href":"https:\/\/airportsmokinglounge.com\/tr\/wp-json\/wp\/v2\/pages"}],"about":[{"href":"https:\/\/airportsmokinglounge.com\/tr\/wp-json\/wp\/v2\/types\/page"}],"author":[{"embeddable":true,"href":"https:\/\/airportsmokinglounge.com\/tr\/wp-json\/wp\/v2\/users\/1"}],"replies":[{"embeddable":true,"href":"https:\/\/airportsmokinglounge.com\/tr\/wp-json\/wp\/v2\/comments?post=1153"}],"version-history":[{"count":5,"href":"https:\/\/airportsmokinglounge.com\/tr\/wp-json\/wp\/v2\/pages\/1153\/revisions"}],"predecessor-version":[{"id":5983,"href":"https:\/\/airportsmokinglounge.com\/tr\/wp-json\/wp\/v2\/pages\/1153\/revisions\/5983"}],"wp:featuredmedia":[{"embeddable":true,"href":"https:\/\/airportsmokinglounge.com\/tr\/wp-json\/wp\/v2\/media\/1199"}],"wp:attachment":[{"href":"https:\/\/airportsmokinglounge.com\/tr\/wp-json\/wp\/v2\/media?parent=1153"}],"curies":[{"name":"wp","href":"https:\/\/api.w.org\/{rel}","templated":true}]}}