{"id":1216,"date":"2023-03-23T11:01:12","date_gmt":"2023-03-23T10:01:12","guid":{"rendered":"https:\/\/airportsmokinglounge.com\/?page_id=1216"},"modified":"2023-05-17T15:20:35","modified_gmt":"2023-05-17T13:20:35","slug":"smoking-areas-at-gold-coast-airport-ool","status":"publish","type":"page","link":"https:\/\/airportsmokinglounge.com\/tr\/goldcoast-havaalani-oolda-sigara-icme-alanlari\/","title":{"rendered":"Gold Coast Havaliman\u0131&#039;ndaki (OOL) sigara i\u00e7me alanlar\u0131"},"content":{"rendered":"<p>Eski ad\u0131yla Coolangatta Havaalan\u0131 olarak bilinen Gold Coast Havaalan\u0131 (OOL), Avustralya&#039;n\u0131n Queensland kentindeki Gold Coast b\u00f6lgesine hizmet veren uluslararas\u0131 ve yurt i\u00e7i bir havaalan\u0131d\u0131r. Gold Coast&#039;un g\u00fcney ucunda, Yeni G\u00fcney Galler s\u0131n\u0131r\u0131 yak\u0131n\u0131nda yer alan bu b\u00f6lge, b\u00f6lgenin el de\u011fmemi\u015f plajlar\u0131n\u0131n, tema parklar\u0131n\u0131n ve canl\u0131 e\u011flence se\u00e7eneklerinin tad\u0131n\u0131 \u00e7\u0131karmak i\u00e7in gelen ziyaret\u00e7iler i\u00e7in \u00f6nemli bir ula\u015f\u0131m merkezidir.<\/p>\n<p>Gold Coast Havaalan\u0131, hem uluslararas\u0131 hem de yurt i\u00e7i u\u00e7u\u015flara hizmet veren tek bir terminale sahiptir. Terminal, yolculara konforlu bir seyahat deneyimi sa\u011flamak i\u00e7in modern olanaklar ve olanaklarla donat\u0131lm\u0131\u015ft\u0131r.<\/p>\n<h2>G\u00fcvenlik Kontrol\u00fc \u00f6ncesi sigara i\u00e7ilen alanlar<\/h2>\n<ul>\n<li><span style=\"font-size: 14pt;\">Sadece terminalin d\u0131\u015f\u0131nda sigara i\u00e7ilebilir<\/span><\/li>\n<\/ul>\n<h2>G\u00fcvenlik Kontrol\u00fcnden Sonra Sigara \u0130\u00e7ilen Alanlar<\/h2>\n<ul>\n<li><span style=\"font-size: 14pt;\">G\u00fcvenlikten sonra terminal i\u00e7erisinde sigara i\u00e7ilen alan bulunmamaktad\u0131r.<\/span><\/li>\n<\/ul>\n<p><span style=\"font-size: 14pt;\">Resmi Web Sitesinde Daha Fazla Bilgi<\/span><\/p>\n<ul>\n<li><a href=\"https:\/\/www.goldcoastairport.com.au\/\" target=\"_blank\" rel=\"noopener\">www.goldcoastairport.com.au<\/a><\/li>\n<\/ul>\n<p><strong><span style=\"font-size: 14pt;\">Bize geri bildirim g\u00f6nderin<\/span><\/strong><\/p>\n<p><span style=\"font-size: 14pt;\">Havaalan\u0131ndaysan\u0131z, sigara i\u00e7ilen alanlar\u0131n resimlerini bize g\u00f6nderebilirsiniz. Bu, veritaban\u0131m\u0131z\u0131 daha h\u0131zl\u0131 doldurmam\u0131za yard\u0131mc\u0131 olacakt\u0131r. Bunu yapabilirsiniz <strong><a href=\"https:\/\/airportsmokinglounge.com\/tr\/temas-etmek\/\">Burada<\/a>.<\/strong> G\u00f6rseller, g\u00f6rsel kayna\u011f\u0131 (isim) belirtilerek sitemizde yay\u0131nlanmaktad\u0131r. Bu resimleri bizimle ve t\u00fcm Airport Smokinglounge.com ziyaret\u00e7ileriyle payla\u015fmaktan \u00e7ekinmeyin.<\/span>.<\/p>\n<h2>Avustralya Sigara Yasas\u0131<\/h2>\n<p>Avustralya, d\u00fcnyadaki en kapsaml\u0131 ve kat\u0131 sigara yasalar\u0131ndan baz\u0131lar\u0131na sahiptir. \u00dclke, sigaray\u0131 cayd\u0131rmak, halk sa\u011fl\u0131\u011f\u0131n\u0131 korumak ve dumans\u0131z ortamlar yaratmak i\u00e7in \u00e7e\u015fitli \u00f6nlemler ald\u0131. Bu yasalar hem i\u00e7 hem de d\u0131\u015f mekanlar i\u00e7in ge\u00e7erlidir.<\/p>\n<p>Avustralya&#039;da restoranlar, barlar, al\u0131\u015fveri\u015f merkezleri ve toplu ta\u015f\u0131ma ara\u00e7lar\u0131 gibi halka a\u00e7\u0131k kapal\u0131 alanlarda sigara i\u00e7mek genellikle yasakt\u0131r. Ofisler ve konutlar\u0131n ortak kullan\u0131m alanlar\u0131 dahil olmak \u00fczere kapal\u0131 \u00e7al\u0131\u015fma alanlar\u0131nda da izin verilmez. Baz\u0131 eyaletler ve b\u00f6lgeler bu k\u0131s\u0131tlamalar\u0131 a\u00e7\u0131k hava yemek alanlar\u0131n\u0131, halka a\u00e7\u0131k parklar\u0131 ve plajlar\u0131 i\u00e7erecek \u015fekilde geni\u015fletti.<\/p>\n<p>Avustralya&#039;da 18 ya\u015f\u0131ndan k\u00fc\u00e7\u00fcklere t\u00fct\u00fcn \u00fcr\u00fcnleri sat\u0131\u015f\u0131 kesinlikle yasakt\u0131r. \u00dclke, sigara paketlerinin \u00fczerine resimli sa\u011fl\u0131k uyar\u0131lar\u0131 uygulam\u0131\u015ft\u0131r ve t\u00fct\u00fcn reklam\u0131 ve promosyonu b\u00fcy\u00fck \u00f6l\u00e7\u00fcde d\u00fczenlenmi\u015ftir.<\/p>\n<p>Genel sigara i\u00e7me yasalar\u0131na ek olarak, Avustralya&#039;daki bir\u00e7ok eyalet ve b\u00f6lge, havaalanlar\u0131nda dumans\u0131z ortamlar yaratmak i\u00e7in \u00f6zel \u00f6nlemler alm\u0131\u015ft\u0131r. Buna, havaalan\u0131 terminallerinin d\u0131\u015f\u0131nda, ana giri\u015flerden ve ortak alanlardan uzakta bulunan belirlenmi\u015f sigara i\u00e7me alanlar\u0131 dahildir.<\/p>\n<p>Avustralya&#039;da sigara i\u00e7me yasalar\u0131n\u0131n uygulanmas\u0131 \u00e7e\u015fitli makamlar taraf\u0131ndan y\u00fcr\u00fct\u00fcl\u00fcr ve uyumsuzluk cezalar\u0131, para cezalar\u0131n\u0131 veya di\u011fer yasal sonu\u00e7lar\u0131 i\u00e7erebilir.<\/p>\n<p>Avustralya&#039;daki farkl\u0131 eyaletler ve b\u00f6lgeler aras\u0131nda sigara i\u00e7me yasalar\u0131n\u0131n biraz farkl\u0131l\u0131k g\u00f6sterebilece\u011fini unutmamak \u00f6nemlidir. Bu nedenle, en do\u011fru ve g\u00fcncel bilgiler i\u00e7in havaliman\u0131n\u0131n bulundu\u011fu ilgili eyalet veya b\u00f6lgedeki \u00f6zel sigara i\u00e7me y\u00f6netmeliklerini kontrol etmeniz \u00f6nerilir.<\/p>\n<p>Genel olarak, Avustralya, hem sigara i\u00e7enleri hem de i\u00e7meyenleri t\u00fct\u00fcn duman\u0131n\u0131n zararl\u0131 etkilerinden korumak i\u00e7in halk sa\u011fl\u0131\u011f\u0131na ve dumans\u0131z ortamlar olu\u015fturmaya g\u00fc\u00e7l\u00fc bir ba\u011fl\u0131l\u0131\u011fa sahiptir.<\/p>\n<h3>S\u0131k\u00e7a Sorulan Sorular<\/h3>\n<h4>Havaliman\u0131 sigara i\u00e7me alanlar\u0131 7\/24 a\u00e7\u0131k m\u0131?<\/h4>\n<p>Havaliman\u0131 sigara i\u00e7me alanlar\u0131n\u0131n mevcudiyeti, havaliman\u0131na ve konuma g\u00f6re de\u011fi\u015fiklik g\u00f6sterebilir. Baz\u0131 sigara i\u00e7me alanlar\u0131 24 saat a\u00e7\u0131kken, baz\u0131lar\u0131nda k\u0131s\u0131tl\u0131 saatler olabilir veya belirli saatlerde kapal\u0131 olabilir. Sigara i\u00e7me alan\u0131n\u0131n \u00e7al\u0131\u015fma saatleri hakk\u0131nda \u00f6zel bilgi i\u00e7in havaalan\u0131na dan\u0131\u015fmak veya web sitelerini ziyaret etmek en iyisidir.<\/p>\n<h4>Sigara i\u00e7me alan\u0131na kendi yiyecek ve i\u00e7eceklerimi getirmeme izin verilir mi?<\/h4>\n<p>Bu, belirli sigara i\u00e7me alan\u0131na ve havaalan\u0131na ba\u011fl\u0131 olabilir. Baz\u0131 sigara i\u00e7me alanlar\u0131 d\u0131\u015far\u0131dan yiyecek ve i\u00e7eceklere izin verirken, baz\u0131lar\u0131nda k\u0131s\u0131tlamalar olabilir veya tamamen yasak olabilir. Belirli kurallar ve y\u00f6netmelikler i\u00e7in havaalan\u0131na veya sigara i\u00e7ilen alan tabelas\u0131na bakmak en iyisidir.<\/p>\n<h4>Havaliman\u0131ndaki t\u00fcm sigara i\u00e7ilen alanlarda sigara i\u00e7ilebilir mi?<\/h4>\n<p>Havaalan\u0131 sigara i\u00e7ilen alanlar\u0131n t\u00fcm\u00fc sigara i\u00e7ilmesine izin vermeyebilir. Baz\u0131 havalimanlar\u0131nda, geleneksel sigara i\u00e7me alanlar\u0131ndan ayr\u0131 elektronik sigara veya elektronik sigara i\u00e7in belirlenmi\u015f alanlar olabilir. Kullanmay\u0131 planlad\u0131\u011f\u0131n\u0131z sigara i\u00e7me alan\u0131 i\u00e7in \u00f6zel kural ve d\u00fczenlemeleri kontrol etti\u011finizden emin olun.<\/p>\n<h4>Sigara i\u00e7ilen alanlar klimal\u0131 m\u0131 yoksa \u0131s\u0131tmal\u0131 m\u0131?<\/h4>\n<p>Havaalan\u0131 sigara i\u00e7me alanlar\u0131n\u0131n s\u0131cakl\u0131\u011f\u0131 ve havaland\u0131rmas\u0131 b\u00fcy\u00fck \u00f6l\u00e7\u00fcde de\u011fi\u015febilir. Baz\u0131lar\u0131 klimal\u0131 veya \u0131s\u0131tmal\u0131 olabilirken, di\u011ferleri d\u0131\u015f etkenlerden s\u0131n\u0131rl\u0131 korumaya sahip a\u00e7\u0131k hava alanlar\u0131 olabilir. Ko\u015fullar\u0131 belirlemek ve buna g\u00f6re haz\u0131rlanmak i\u00e7in \u00f6nceden havaalan\u0131na dan\u0131\u015ft\u0131\u011f\u0131n\u0131zdan veya sigara i\u00e7me alan\u0131n\u0131 ziyaret etti\u011finizden emin olun.<\/p>\n<h4>Sigara i\u00e7ilen alanlar engelli yolcular i\u00e7in eri\u015filebilir mi?<\/h4>\n<p>Bir\u00e7ok havaalan\u0131, sigara i\u00e7me alanlar\u0131n\u0131 engelli yolcular\u0131n eri\u015fimine uygun hale getirmek i\u00e7in \u00e7aba sarf etmi\u015ftir. Ancak, belirli sigara i\u00e7me alanlar\u0131n\u0131n eri\u015filebilirli\u011fi b\u00fcy\u00fck \u00f6l\u00e7\u00fcde de\u011fi\u015febilir. Eri\u015filebilir olup olmad\u0131\u011f\u0131n\u0131 ve ihtiya\u00e7lar\u0131n\u0131z\u0131 kar\u015f\u0131lay\u0131p kar\u015f\u0131lamad\u0131\u011f\u0131n\u0131 belirlemek i\u00e7in havaalan\u0131na dan\u0131\u015ft\u0131\u011f\u0131n\u0131zdan veya sigara i\u00e7me alan\u0131n\u0131 \u00f6nceden ziyaret etti\u011finizden emin olun.<\/p>\n<p><span style=\"font-size: 14pt;\"><strong>Avustralya konumundaki di\u011fer havaalanlar\u0131:<\/strong> <\/span><\/p>\n<ul>\n<li><a href=\"https:\/\/airportsmokinglounge.com\/tr\/avustralya-havalimanlarindaki-sigara-icme-alanlari\/\"><span style=\"font-size: 14pt;\">Avustralya havaalanlar\u0131<\/span><\/a><\/li>\n<\/ul>\n<p><span style=\"font-size: 14pt;\"><strong>Okyanusya&#039;da sigara i\u00e7ilen alanlar<\/strong><\/span><\/p>\n<ul>\n<li><a href=\"https:\/\/airportsmokinglounge.com\/tr\/okyanusya-havalimanlarinda-sigara-icmek\/\"><span style=\"font-size: 14pt;\">Okyanusya havaalanlar\u0131<\/span><\/a><\/li>\n<\/ul>","protected":false},"excerpt":{"rendered":"<p>Eskiden Coolangatta Havaliman\u0131 olarak bilinen Gold Coast Havaliman\u0131 (OOL), Avustralya&#039;n\u0131n Queensland eyaletindeki Gold Coast b\u00f6lgesine hizmet veren uluslararas\u0131 ve yerel bir havaliman\u0131d\u0131r. Gold Coast&#039;un g\u00fcney ucunda, Yeni G\u00fcney Galler s\u0131n\u0131r\u0131na yak\u0131n bir konumda yer alan havaliman\u0131, bozulmam\u0131\u015f plajlar\u0131n, tema parklar\u0131n\u0131n ve daha fazlas\u0131n\u0131n tad\u0131n\u0131 \u00e7\u0131karmaya gelen ziyaret\u00e7iler i\u00e7in \u00f6nemli bir ula\u015f\u0131m merkezidir.&nbsp;<a href=\"https:\/\/airportsmokinglounge.com\/tr\/goldcoast-havaalani-oolda-sigara-icme-alanlari\/\" rel=\"bookmark\">Devam\u0131n\u0131 oku &quot;<span class=\"screen-reader-text\">Gold Coast Havaliman\u0131&#039;ndaki (OOL) sigara i\u00e7me alanlar\u0131<\/span><\/a><\/p>","protected":false},"author":1,"featured_media":1199,"parent":0,"menu_order":0,"comment_status":"closed","ping_status":"closed","template":"","meta":{"neve_meta_sidebar":"","neve_meta_container":"","neve_meta_enable_content_width":"off","neve_meta_content_width":100,"neve_meta_title_alignment":"","neve_meta_author_avatar":"","neve_post_elements_order":"","neve_meta_disable_header":"","neve_meta_disable_footer":"","neve_meta_disable_title":"","neve_meta_reading_time":"","footnotes":""},"class_list":["post-1216","page","type-page","status-publish","has-post-thumbnail","hentry"],"yoast_head":"<!-- This site is optimized with the Yoast SEO plugin v26.6 - https:\/\/yoast.com\/wordpress\/plugins\/seo\/ -->\n<title>Smoking areas at Gold Coast Airport (OOL)<\/title>\n<meta name=\"description\" content=\"Smoking areas Gold Coast Airport - Find a smoking area in the airport \u2714\ufe0e Smoking Guide in Airports: Information for Travelers \u2714\ufe0e\" \/>\n<meta name=\"robots\" content=\"index, follow, max-snippet:-1, max-image-preview:large, max-video-preview:-1\" \/>\n<link rel=\"canonical\" href=\"https:\/\/airportsmokinglounge.com\/tr\/goldcoast-havaalani-oolda-sigara-icme-alanlari\/\" \/>\n<meta property=\"og:locale\" content=\"tr_TR\" \/>\n<meta property=\"og:type\" content=\"article\" \/>\n<meta property=\"og:title\" content=\"Smoking areas at Gold Coast Airport (OOL)\" \/>\n<meta property=\"og:description\" content=\"Smoking areas Gold Coast Airport - Find a smoking area in the airport \u2714\ufe0e Smoking Guide in Airports: Information for Travelers \u2714\ufe0e\" \/>\n<meta property=\"og:url\" content=\"https:\/\/airportsmokinglounge.com\/tr\/goldcoast-havaalani-oolda-sigara-icme-alanlari\/\" \/>\n<meta property=\"og:site_name\" content=\"airportsmokinglounge.com\" \/>\n<meta property=\"article:modified_time\" content=\"2023-05-17T13:20:35+00:00\" \/>\n<meta property=\"og:image\" content=\"https:\/\/airportsmokinglounge.com\/wp-content\/uploads\/2023\/03\/airport-smoking-lounge-4.jpg\" \/>\n\t<meta property=\"og:image:width\" content=\"2048\" \/>\n\t<meta property=\"og:image:height\" content=\"1152\" \/>\n\t<meta property=\"og:image:type\" content=\"image\/jpeg\" \/>\n<meta name=\"twitter:card\" content=\"summary_large_image\" \/>\n<meta name=\"twitter:label1\" content=\"Tahmini okuma s\u00fcresi\" \/>\n\t<meta name=\"twitter:data1\" content=\"4 dakika\" \/>\n<script type=\"application\/ld+json\" class=\"yoast-schema-graph\">{\"@context\":\"https:\/\/schema.org\",\"@graph\":[{\"@type\":\"WebPage\",\"@id\":\"https:\/\/airportsmokinglounge.com\/smoking-areas-at-gold-coast-airport-ool\/\",\"url\":\"https:\/\/airportsmokinglounge.com\/smoking-areas-at-gold-coast-airport-ool\/\",\"name\":\"Smoking areas at Gold Coast Airport (OOL)\",\"isPartOf\":{\"@id\":\"https:\/\/airportsmokinglounge.com\/#website\"},\"primaryImageOfPage\":{\"@id\":\"https:\/\/airportsmokinglounge.com\/smoking-areas-at-gold-coast-airport-ool\/#primaryimage\"},\"image\":{\"@id\":\"https:\/\/airportsmokinglounge.com\/smoking-areas-at-gold-coast-airport-ool\/#primaryimage\"},\"thumbnailUrl\":\"https:\/\/airportsmokinglounge.com\/wp-content\/uploads\/2023\/03\/airport-smoking-lounge-4.jpg\",\"datePublished\":\"2023-03-23T10:01:12+00:00\",\"dateModified\":\"2023-05-17T13:20:35+00:00\",\"description\":\"Smoking areas Gold Coast Airport - Find a smoking area in the airport \u2714\ufe0e Smoking Guide in Airports: Information for Travelers \u2714\ufe0e\",\"breadcrumb\":{\"@id\":\"https:\/\/airportsmokinglounge.com\/smoking-areas-at-gold-coast-airport-ool\/#breadcrumb\"},\"inLanguage\":\"tr\",\"potentialAction\":[{\"@type\":\"ReadAction\",\"target\":[\"https:\/\/airportsmokinglounge.com\/smoking-areas-at-gold-coast-airport-ool\/\"]}]},{\"@type\":\"ImageObject\",\"inLanguage\":\"tr\",\"@id\":\"https:\/\/airportsmokinglounge.com\/smoking-areas-at-gold-coast-airport-ool\/#primaryimage\",\"url\":\"https:\/\/airportsmokinglounge.com\/wp-content\/uploads\/2023\/03\/airport-smoking-lounge-4.jpg\",\"contentUrl\":\"https:\/\/airportsmokinglounge.com\/wp-content\/uploads\/2023\/03\/airport-smoking-lounge-4.jpg\",\"width\":2048,\"height\":1152,\"caption\":\"Airport Smoking\"},{\"@type\":\"BreadcrumbList\",\"@id\":\"https:\/\/airportsmokinglounge.com\/smoking-areas-at-gold-coast-airport-ool\/#breadcrumb\",\"itemListElement\":[{\"@type\":\"ListItem\",\"position\":1,\"name\":\"Home\",\"item\":\"https:\/\/airportsmokinglounge.com\/\"},{\"@type\":\"ListItem\",\"position\":2,\"name\":\"Smoking areas at Gold Coast Airport (OOL)\"}]},{\"@type\":\"WebSite\",\"@id\":\"https:\/\/airportsmokinglounge.com\/#website\",\"url\":\"https:\/\/airportsmokinglounge.com\/\",\"name\":\"airportsmokinglounge.com\",\"description\":\"\",\"potentialAction\":[{\"@type\":\"SearchAction\",\"target\":{\"@type\":\"EntryPoint\",\"urlTemplate\":\"https:\/\/airportsmokinglounge.com\/?s={search_term_string}\"},\"query-input\":{\"@type\":\"PropertyValueSpecification\",\"valueRequired\":true,\"valueName\":\"search_term_string\"}}],\"inLanguage\":\"tr\"}]}<\/script>\n<!-- \/ Yoast SEO plugin. -->","yoast_head_json":{"title":"Gold Coast Havaliman\u0131&#039;ndaki (OOL) sigara i\u00e7me alanlar\u0131","description":"Sigara i\u00e7me alanlar\u0131 Gold Coast Havaalan\u0131 - Havaalan\u0131nda sigara i\u00e7ilebilen bir alan bulun \u2714\ufe0e Havalimanlar\u0131nda Sigara \u0130\u00e7me Rehberi: Gezginler i\u00e7in Bilgiler \u2714\ufe0e","robots":{"index":"index","follow":"follow","max-snippet":"max-snippet:-1","max-image-preview":"max-image-preview:large","max-video-preview":"max-video-preview:-1"},"canonical":"https:\/\/airportsmokinglounge.com\/tr\/goldcoast-havaalani-oolda-sigara-icme-alanlari\/","og_locale":"tr_TR","og_type":"article","og_title":"Smoking areas at Gold Coast Airport (OOL)","og_description":"Smoking areas Gold Coast Airport - Find a smoking area in the airport \u2714\ufe0e Smoking Guide in Airports: Information for Travelers \u2714\ufe0e","og_url":"https:\/\/airportsmokinglounge.com\/tr\/goldcoast-havaalani-oolda-sigara-icme-alanlari\/","og_site_name":"airportsmokinglounge.com","article_modified_time":"2023-05-17T13:20:35+00:00","og_image":[{"width":2048,"height":1152,"url":"https:\/\/airportsmokinglounge.com\/wp-content\/uploads\/2023\/03\/airport-smoking-lounge-4.jpg","type":"image\/jpeg"}],"twitter_card":"summary_large_image","twitter_misc":{"Tahmini okuma s\u00fcresi":"4 dakika"},"schema":{"@context":"https:\/\/schema.org","@graph":[{"@type":"WebPage","@id":"https:\/\/airportsmokinglounge.com\/smoking-areas-at-gold-coast-airport-ool\/","url":"https:\/\/airportsmokinglounge.com\/smoking-areas-at-gold-coast-airport-ool\/","name":"Gold Coast Havaliman\u0131&#039;ndaki (OOL) sigara i\u00e7me alanlar\u0131","isPartOf":{"@id":"https:\/\/airportsmokinglounge.com\/#website"},"primaryImageOfPage":{"@id":"https:\/\/airportsmokinglounge.com\/smoking-areas-at-gold-coast-airport-ool\/#primaryimage"},"image":{"@id":"https:\/\/airportsmokinglounge.com\/smoking-areas-at-gold-coast-airport-ool\/#primaryimage"},"thumbnailUrl":"https:\/\/airportsmokinglounge.com\/wp-content\/uploads\/2023\/03\/airport-smoking-lounge-4.jpg","datePublished":"2023-03-23T10:01:12+00:00","dateModified":"2023-05-17T13:20:35+00:00","description":"Sigara i\u00e7me alanlar\u0131 Gold Coast Havaalan\u0131 - Havaalan\u0131nda sigara i\u00e7ilebilen bir alan bulun \u2714\ufe0e Havalimanlar\u0131nda Sigara \u0130\u00e7me Rehberi: Gezginler i\u00e7in Bilgiler \u2714\ufe0e","breadcrumb":{"@id":"https:\/\/airportsmokinglounge.com\/smoking-areas-at-gold-coast-airport-ool\/#breadcrumb"},"inLanguage":"tr","potentialAction":[{"@type":"ReadAction","target":["https:\/\/airportsmokinglounge.com\/smoking-areas-at-gold-coast-airport-ool\/"]}]},{"@type":"ImageObject","inLanguage":"tr","@id":"https:\/\/airportsmokinglounge.com\/smoking-areas-at-gold-coast-airport-ool\/#primaryimage","url":"https:\/\/airportsmokinglounge.com\/wp-content\/uploads\/2023\/03\/airport-smoking-lounge-4.jpg","contentUrl":"https:\/\/airportsmokinglounge.com\/wp-content\/uploads\/2023\/03\/airport-smoking-lounge-4.jpg","width":2048,"height":1152,"caption":"Airport Smoking"},{"@type":"BreadcrumbList","@id":"https:\/\/airportsmokinglounge.com\/smoking-areas-at-gold-coast-airport-ool\/#breadcrumb","itemListElement":[{"@type":"ListItem","position":1,"name":"Home","item":"https:\/\/airportsmokinglounge.com\/"},{"@type":"ListItem","position":2,"name":"Smoking areas at Gold Coast Airport (OOL)"}]},{"@type":"WebSite","@id":"https:\/\/airportsmokinglounge.com\/#website","url":"https:\/\/airportsmokinglounge.com\/","name":"havaalan\u0131sigara salonu.com","description":"","potentialAction":[{"@type":"SearchAction","target":{"@type":"EntryPoint","urlTemplate":"https:\/\/airportsmokinglounge.com\/?s={search_term_string}"},"query-input":{"@type":"PropertyValueSpecification","valueRequired":true,"valueName":"search_term_string"}}],"inLanguage":"tr"}]}},"_links":{"self":[{"href":"https:\/\/airportsmokinglounge.com\/tr\/wp-json\/wp\/v2\/pages\/1216","targetHints":{"allow":["GET"]}}],"collection":[{"href":"https:\/\/airportsmokinglounge.com\/tr\/wp-json\/wp\/v2\/pages"}],"about":[{"href":"https:\/\/airportsmokinglounge.com\/tr\/wp-json\/wp\/v2\/types\/page"}],"author":[{"embeddable":true,"href":"https:\/\/airportsmokinglounge.com\/tr\/wp-json\/wp\/v2\/users\/1"}],"replies":[{"embeddable":true,"href":"https:\/\/airportsmokinglounge.com\/tr\/wp-json\/wp\/v2\/comments?post=1216"}],"version-history":[{"count":5,"href":"https:\/\/airportsmokinglounge.com\/tr\/wp-json\/wp\/v2\/pages\/1216\/revisions"}],"predecessor-version":[{"id":5341,"href":"https:\/\/airportsmokinglounge.com\/tr\/wp-json\/wp\/v2\/pages\/1216\/revisions\/5341"}],"wp:featuredmedia":[{"embeddable":true,"href":"https:\/\/airportsmokinglounge.com\/tr\/wp-json\/wp\/v2\/media\/1199"}],"wp:attachment":[{"href":"https:\/\/airportsmokinglounge.com\/tr\/wp-json\/wp\/v2\/media?parent=1216"}],"curies":[{"name":"wp","href":"https:\/\/api.w.org\/{rel}","templated":true}]}}