{"id":125,"date":"2023-02-21T21:39:05","date_gmt":"2023-02-21T20:39:05","guid":{"rendered":"https:\/\/airportsmokinglounge.com\/?page_id=125"},"modified":"2023-05-30T10:35:32","modified_gmt":"2023-05-30T08:35:32","slug":"smoking-areas-in-norwegian-airports","status":"publish","type":"page","link":"https:\/\/airportsmokinglounge.com\/tr\/norvec-havalimanlarindaki-sigara-icme-alanlari\/","title":{"rendered":"Norve\u00e7 havaalanlar\u0131nda sigara i\u00e7ilen alanlar"},"content":{"rendered":"<p>Norve\u00e7, \u00fclkeyi d\u00fcnya \u00e7ap\u0131ndaki \u00e7e\u015fitli destinasyonlara ba\u011flayan i\u00e7 ve d\u0131\u015f hat u\u00e7u\u015flar\u0131na hizmet veren bir\u00e7ok havaalan\u0131na ev sahipli\u011fi yapmaktad\u0131r.<\/p>\n<p>Bu web sitesinde, belirlenmi\u015f sigara i\u00e7me alanlar\u0131 ve mevcut tesisler dahil olmak \u00fczere havalimanlar\u0131ndaki t\u00fcm sigara i\u00e7me alanlar\u0131n\u0131 bulabilirsiniz. G\u00fcvenlikten ge\u00e7ip hi\u00e7bir yerde sigara i\u00e7ilen alanlar\u0131n olmad\u0131\u011f\u0131n\u0131 ve baz\u0131 durumlarda e-sigara i\u00e7ilmesine izin verilmeyebilece\u011fini g\u00f6rmenin hayal k\u0131r\u0131kl\u0131\u011f\u0131n\u0131 anl\u0131yoruz.<\/p>\n<p>Bu hizmet, uzun u\u00e7u\u015flardan \u00f6nce veya sonra sigara keyfi yapmak isteyen t\u00fcm sigara i\u00e7enler i\u00e7indir.<\/p>\n<h2>Norve\u00e7 Havalimanlar\u0131<\/h2>\n<ul style=\"list-style-type: circle;\">\n<li><a href=\"https:\/\/airportsmokinglounge.com\/tr\/oslo-havaalani-gardermoen-oslda-sigara-icme-alanlari\/\">OSLO GARDERMOEN HAVAL\u0130MANI (OSL)<\/a><\/li>\n<li><a href=\"https:\/\/airportsmokinglounge.com\/tr\/stavanger-havaalaninda-sigara-icilen-alanlar-svg\/\">STAVANGER HAVAL\u0130MANI (SVG)<\/a><\/li>\n<li><a href=\"https:\/\/airportsmokinglounge.com\/tr\/bergen-havaalaninda-bgo-sigara-icme-alanlari\/\">BERGEN HAVAL\u0130MANI FLESLAND (BGO)<\/a><\/li>\n<li><a href=\"https:\/\/airportsmokinglounge.com\/tr\/sigara-icilebilen-alanlar-trondheim-havaalani-trd\/\">TRONDHEIM HAVAL\u0130MANI VAERNES (TRD)<\/a><\/li>\n<li><a href=\"https:\/\/airportsmokinglounge.com\/tr\/tromso-havaalaninda-tos-sigara-icme-alanlari\/\">TROMS\u00d8 HAVAL\u0130MANI (TOS)<\/a><\/li>\n<li><a href=\"https:\/\/airportsmokinglounge.com\/tr\/bodo-airport-booda-sigara-icilen-alanlar\/\">BOD\u00d8 HAVAL\u0130MANI (BOO)<\/a><\/li>\n<li><a href=\"https:\/\/airportsmokinglounge.com\/tr\/sandefjord-havaalani-torp-trfde-sigara-icme-alanlari\/\">SANDEFJORD HAVAL\u0130MANI, TORP (TRF)<\/a><\/li>\n<li><a href=\"https:\/\/airportsmokinglounge.com\/tr\/alesund-havaalaninda-aes-sigara-icme-alanlari\/\">\u00c5LESUND HAVAL\u0130MANI (AES)<\/a><\/li>\n<li><a href=\"https:\/\/airportsmokinglounge.com\/tr\/kristiansand-havaalaninda-sigara-icilen-alanlar-krs\/\">KRISTIANSAND HAVAL\u0130MANI (KRS)<\/a><\/li>\n<li><a href=\"https:\/\/airportsmokinglounge.com\/tr\/haugesund-havaalani-hauda-sigara-icme-alanlari\/\">HAUGESUND HAVAL\u0130MANI (HAU)<\/a><\/li>\n<li><a href=\"https:\/\/airportsmokinglounge.com\/tr\/sigara-alanlari-at-harstad-narvik-havaalani-eve\/\">HARSTAD\/NARVIK HAVAL\u0130MANI, EVENES (EVE)<\/a><\/li>\n<li><a href=\"https:\/\/airportsmokinglounge.com\/tr\/molde-havaalaninda-molde-sigara-icme-alanlari\/\">MOLDE HAVAL\u0130MANI (MOL)<\/a><\/li>\n<li><a href=\"https:\/\/airportsmokinglounge.com\/tr\/kristiansund-kvernberget-havaalani-ksuda-sigara-icme-alanlari\/\">KRISTIANSUND HAVAL\u0130MANI \u2013 KVERNBERGET (KSU)<\/a><\/li>\n<li><a href=\"https:\/\/airportsmokinglounge.com\/tr\/kirkenes-havaalaninda-sigara-icme-alanlari-kkn\/\">K\u0130RKENES HAVAL\u0130MANI (KKN)<\/a><\/li>\n<li><a href=\"https:\/\/airportsmokinglounge.com\/tr\/alta-havaalaninda-sigara-icilen-alanlar-alf\/\">ALTA HAVAL\u0130MANI (ALF)<\/a><\/li>\n<li><a href=\"https:\/\/airportsmokinglounge.com\/tr\/floro-havaalaninda-sigara-icme-alanlari\/\">FLOR\u00d8 HAVAL\u0130MANI (FRO)<\/a><\/li>\n<\/ul>\n<h2>Norve\u00e7 Sigara Yasas\u0131<\/h2>\n<p>Norve\u00e7&#039;te halk sa\u011fl\u0131\u011f\u0131n\u0131 geli\u015ftirmek ve dumans\u0131z ortamlar yaratmak i\u00e7in sigara i\u00e7me d\u00fczenlemeleri mevcuttur. Norve\u00e7 sigara i\u00e7me yasas\u0131 kapsaml\u0131d\u0131r ve \u00e7e\u015fitli ortamlarda sigara i\u00e7meye k\u0131s\u0131tlamalar getirmektedir. Havaalanlar\u0131, restoranlar, barlar, ofisler, al\u0131\u015fveri\u015f merkezleri ve toplu ta\u015f\u0131ma ara\u00e7lar\u0131 dahil t\u00fcm kapal\u0131 kamusal alanlarda sigara i\u00e7mek genel olarak yasakt\u0131r.<\/p>\n<p>Baz\u0131 durumlarda kurulu\u015flar, fiziksel olarak ayr\u0131lm\u0131\u015f ve uygun \u015fekilde havaland\u0131r\u0131lan, belirlenmi\u015f a\u00e7\u0131k hava sigara i\u00e7me alanlar\u0131 sa\u011flayabilir. Bu alanlar sigara i\u00e7mek isteyen ki\u015filerin sigara i\u00e7mesine olanak tan\u0131rken, sigara i\u00e7meyenler \u00fczerindeki etkiyi en aza indiriyor. Ancak, bu sigara i\u00e7ilebilen alanlar\u0131n mevcudiyeti ve konumunun, tesise ve politikalar\u0131na ba\u011fl\u0131 olarak de\u011fi\u015febilece\u011fini unutmamak \u00f6nemlidir.<\/p>\n<p>Norve\u00e7&#039;teki t\u00fcm halka a\u00e7\u0131k yerler ve tesislerin, ziyaret\u00e7ileri sigara yasa\u011f\u0131 konusunda bilgilendirmek ve yasalara uygunlu\u011fu sa\u011flamak i\u00e7in a\u00e7\u0131k ve belirgin &quot;Sigara \u0130\u00e7ilmez&quot; tabelalar\u0131 sergilemesi gerekmektedir. Bu i\u015faretler belirlenen alanlarda sigara i\u00e7menin yasak oldu\u011funu g\u00f6rsel olarak hat\u0131rlatma g\u00f6revi g\u00f6rmektedir.<\/p>\n<p>Elektronik sigaralar\u0131n (e-sigaralar) kullan\u0131m\u0131 da Norve\u00e7&#039;te geleneksel sigaralarla ayn\u0131 sigara i\u00e7me d\u00fczenlemelerine tabidir. Bu, sigara i\u00e7me k\u0131s\u0131tlamalar\u0131n\u0131n genellikle e-sigaralar i\u00e7in de ge\u00e7erli oldu\u011fu anlam\u0131na gelir.<\/p>\n<p><strong>Daha fazla Havaalan\u0131 Sigara i\u00e7ilen alan\u00a0<\/strong><\/p>\n<ul>\n<li><a href=\"https:\/\/airportsmokinglounge.com\/tr\/kuzey-amerikanin-havaalanlarinda-sigara-icmek\/\">Kuzey Amerika<\/a><\/li>\n<li><a href=\"https:\/\/airportsmokinglounge.com\/tr\/guney-amerika-havaalanlarinda-sigara-icilmesi\/\">G\u00fcney Amerika<\/a><\/li>\n<li><a href=\"https:\/\/airportsmokinglounge.com\/tr\/avrupa-havalimanlarindaki-sigara-icme-alanlari\/\">Avrupa<\/a><\/li>\n<li><a href=\"https:\/\/airportsmokinglounge.com\/tr\/asyadaki-havaalanlarinda-sigara-icmek\/\">Asya<\/a><\/li>\n<li><a href=\"https:\/\/airportsmokinglounge.com\/tr\/okyanusya-havalimanlarinda-sigara-icmek\/\">Okyanusya<\/a><\/li>\n<li><a href=\"https:\/\/airportsmokinglounge.com\/tr\/afrikada-havaalanlarinda-sigara-icmek\/\">Afrika<\/a><\/li>\n<\/ul>","protected":false},"excerpt":{"rendered":"<p>Norway is home to several airports that serve domestic and international flights, connecting the country with various destinations around the world. On this website you can find all smoking areas in airports, including designated smoking areas and available facilities. We understand the frustration of going through security only to find that there are no smoking&hellip;&nbsp;<a href=\"https:\/\/airportsmokinglounge.com\/tr\/norvec-havalimanlarindaki-sigara-icme-alanlari\/\" rel=\"bookmark\">Devam\u0131n\u0131 oku &quot;<span class=\"screen-reader-text\">Norve\u00e7 havaalanlar\u0131nda sigara i\u00e7ilen alanlar<\/span><\/a><\/p>","protected":false},"author":1,"featured_media":1199,"parent":0,"menu_order":0,"comment_status":"closed","ping_status":"closed","template":"","meta":{"neve_meta_sidebar":"","neve_meta_container":"","neve_meta_enable_content_width":"off","neve_meta_content_width":100,"neve_meta_title_alignment":"","neve_meta_author_avatar":"","neve_post_elements_order":"","neve_meta_disable_header":"","neve_meta_disable_footer":"","neve_meta_disable_title":"","neve_meta_reading_time":"","footnotes":""},"class_list":["post-125","page","type-page","status-publish","has-post-thumbnail","hentry"],"yoast_head":"<!-- This site is optimized with the Yoast SEO plugin v26.6 - https:\/\/yoast.com\/wordpress\/plugins\/seo\/ -->\n<title>Smoking areas in Norwegian airports - airportsmokinglounge.com<\/title>\n<meta name=\"description\" content=\"Smoking Areas in Norwegian Airports - Your Ultimate Guide to Finding a Place to Smoke \u2714\ufe0e Find Your Next Smoke Break Spot \u2714\ufe0e\" \/>\n<meta name=\"robots\" content=\"index, follow, max-snippet:-1, max-image-preview:large, max-video-preview:-1\" \/>\n<link rel=\"canonical\" href=\"https:\/\/airportsmokinglounge.com\/tr\/norvec-havalimanlarindaki-sigara-icme-alanlari\/\" \/>\n<meta property=\"og:locale\" content=\"tr_TR\" \/>\n<meta property=\"og:type\" content=\"article\" \/>\n<meta property=\"og:title\" content=\"Smoking areas in Norwegian airports - airportsmokinglounge.com\" \/>\n<meta property=\"og:description\" content=\"Smoking Areas in Norwegian Airports - Your Ultimate Guide to Finding a Place to Smoke \u2714\ufe0e Find Your Next Smoke Break Spot \u2714\ufe0e\" \/>\n<meta property=\"og:url\" content=\"https:\/\/airportsmokinglounge.com\/tr\/norvec-havalimanlarindaki-sigara-icme-alanlari\/\" \/>\n<meta property=\"og:site_name\" content=\"airportsmokinglounge.com\" \/>\n<meta property=\"article:modified_time\" content=\"2023-05-30T08:35:32+00:00\" \/>\n<meta property=\"og:image\" content=\"https:\/\/airportsmokinglounge.com\/wp-content\/uploads\/2023\/03\/airport-smoking-lounge-4.jpg\" \/>\n\t<meta property=\"og:image:width\" content=\"2048\" \/>\n\t<meta property=\"og:image:height\" content=\"1152\" \/>\n\t<meta property=\"og:image:type\" content=\"image\/jpeg\" \/>\n<meta name=\"twitter:card\" content=\"summary_large_image\" \/>\n<meta name=\"twitter:label1\" content=\"Tahmini okuma s\u00fcresi\" \/>\n\t<meta name=\"twitter:data1\" content=\"2 dakika\" \/>\n<script type=\"application\/ld+json\" class=\"yoast-schema-graph\">{\"@context\":\"https:\/\/schema.org\",\"@graph\":[{\"@type\":\"WebPage\",\"@id\":\"https:\/\/airportsmokinglounge.com\/smoking-areas-in-norwegian-airports\/\",\"url\":\"https:\/\/airportsmokinglounge.com\/smoking-areas-in-norwegian-airports\/\",\"name\":\"Smoking areas in Norwegian airports - airportsmokinglounge.com\",\"isPartOf\":{\"@id\":\"https:\/\/airportsmokinglounge.com\/#website\"},\"primaryImageOfPage\":{\"@id\":\"https:\/\/airportsmokinglounge.com\/smoking-areas-in-norwegian-airports\/#primaryimage\"},\"image\":{\"@id\":\"https:\/\/airportsmokinglounge.com\/smoking-areas-in-norwegian-airports\/#primaryimage\"},\"thumbnailUrl\":\"https:\/\/airportsmokinglounge.com\/wp-content\/uploads\/2023\/03\/airport-smoking-lounge-4.jpg\",\"datePublished\":\"2023-02-21T20:39:05+00:00\",\"dateModified\":\"2023-05-30T08:35:32+00:00\",\"description\":\"Smoking Areas in Norwegian Airports - Your Ultimate Guide to Finding a Place to Smoke \u2714\ufe0e Find Your Next Smoke Break Spot \u2714\ufe0e\",\"breadcrumb\":{\"@id\":\"https:\/\/airportsmokinglounge.com\/smoking-areas-in-norwegian-airports\/#breadcrumb\"},\"inLanguage\":\"tr\",\"potentialAction\":[{\"@type\":\"ReadAction\",\"target\":[\"https:\/\/airportsmokinglounge.com\/smoking-areas-in-norwegian-airports\/\"]}]},{\"@type\":\"ImageObject\",\"inLanguage\":\"tr\",\"@id\":\"https:\/\/airportsmokinglounge.com\/smoking-areas-in-norwegian-airports\/#primaryimage\",\"url\":\"https:\/\/airportsmokinglounge.com\/wp-content\/uploads\/2023\/03\/airport-smoking-lounge-4.jpg\",\"contentUrl\":\"https:\/\/airportsmokinglounge.com\/wp-content\/uploads\/2023\/03\/airport-smoking-lounge-4.jpg\",\"width\":2048,\"height\":1152,\"caption\":\"Airport Smoking\"},{\"@type\":\"BreadcrumbList\",\"@id\":\"https:\/\/airportsmokinglounge.com\/smoking-areas-in-norwegian-airports\/#breadcrumb\",\"itemListElement\":[{\"@type\":\"ListItem\",\"position\":1,\"name\":\"Home\",\"item\":\"https:\/\/airportsmokinglounge.com\/\"},{\"@type\":\"ListItem\",\"position\":2,\"name\":\"Smoking areas in Norwegian airports\"}]},{\"@type\":\"WebSite\",\"@id\":\"https:\/\/airportsmokinglounge.com\/#website\",\"url\":\"https:\/\/airportsmokinglounge.com\/\",\"name\":\"airportsmokinglounge.com\",\"description\":\"\",\"potentialAction\":[{\"@type\":\"SearchAction\",\"target\":{\"@type\":\"EntryPoint\",\"urlTemplate\":\"https:\/\/airportsmokinglounge.com\/?s={search_term_string}\"},\"query-input\":{\"@type\":\"PropertyValueSpecification\",\"valueRequired\":true,\"valueName\":\"search_term_string\"}}],\"inLanguage\":\"tr\"}]}<\/script>\n<!-- \/ Yoast SEO plugin. -->","yoast_head_json":{"title":"Norve\u00e7 havalimanlar\u0131ndaki sigara i\u00e7ilen alanlar - Airport Smokinglounge.com","description":"Norve\u00e7 Havalimanlar\u0131ndaki Sigara \u0130\u00e7ilen Alanlar - Sigara \u0130\u00e7ilecek Bir Yer Bulmak \u0130\u00e7in En \u0130yi Rehberiniz \u2714\ufe0e Bir Sonraki Sigara \u0130\u00e7me Noktan\u0131z\u0131 Bulun \u2714\ufe0e","robots":{"index":"index","follow":"follow","max-snippet":"max-snippet:-1","max-image-preview":"max-image-preview:large","max-video-preview":"max-video-preview:-1"},"canonical":"https:\/\/airportsmokinglounge.com\/tr\/norvec-havalimanlarindaki-sigara-icme-alanlari\/","og_locale":"tr_TR","og_type":"article","og_title":"Smoking areas in Norwegian airports - airportsmokinglounge.com","og_description":"Smoking Areas in Norwegian Airports - Your Ultimate Guide to Finding a Place to Smoke \u2714\ufe0e Find Your Next Smoke Break Spot \u2714\ufe0e","og_url":"https:\/\/airportsmokinglounge.com\/tr\/norvec-havalimanlarindaki-sigara-icme-alanlari\/","og_site_name":"airportsmokinglounge.com","article_modified_time":"2023-05-30T08:35:32+00:00","og_image":[{"width":2048,"height":1152,"url":"https:\/\/airportsmokinglounge.com\/wp-content\/uploads\/2023\/03\/airport-smoking-lounge-4.jpg","type":"image\/jpeg"}],"twitter_card":"summary_large_image","twitter_misc":{"Tahmini okuma s\u00fcresi":"2 dakika"},"schema":{"@context":"https:\/\/schema.org","@graph":[{"@type":"WebPage","@id":"https:\/\/airportsmokinglounge.com\/smoking-areas-in-norwegian-airports\/","url":"https:\/\/airportsmokinglounge.com\/smoking-areas-in-norwegian-airports\/","name":"Norve\u00e7 havalimanlar\u0131ndaki sigara i\u00e7ilen alanlar - Airport Smokinglounge.com","isPartOf":{"@id":"https:\/\/airportsmokinglounge.com\/#website"},"primaryImageOfPage":{"@id":"https:\/\/airportsmokinglounge.com\/smoking-areas-in-norwegian-airports\/#primaryimage"},"image":{"@id":"https:\/\/airportsmokinglounge.com\/smoking-areas-in-norwegian-airports\/#primaryimage"},"thumbnailUrl":"https:\/\/airportsmokinglounge.com\/wp-content\/uploads\/2023\/03\/airport-smoking-lounge-4.jpg","datePublished":"2023-02-21T20:39:05+00:00","dateModified":"2023-05-30T08:35:32+00:00","description":"Norve\u00e7 Havalimanlar\u0131ndaki Sigara \u0130\u00e7ilen Alanlar - Sigara \u0130\u00e7ilecek Bir Yer Bulmak \u0130\u00e7in En \u0130yi Rehberiniz \u2714\ufe0e Bir Sonraki Sigara \u0130\u00e7me Noktan\u0131z\u0131 Bulun \u2714\ufe0e","breadcrumb":{"@id":"https:\/\/airportsmokinglounge.com\/smoking-areas-in-norwegian-airports\/#breadcrumb"},"inLanguage":"tr","potentialAction":[{"@type":"ReadAction","target":["https:\/\/airportsmokinglounge.com\/smoking-areas-in-norwegian-airports\/"]}]},{"@type":"ImageObject","inLanguage":"tr","@id":"https:\/\/airportsmokinglounge.com\/smoking-areas-in-norwegian-airports\/#primaryimage","url":"https:\/\/airportsmokinglounge.com\/wp-content\/uploads\/2023\/03\/airport-smoking-lounge-4.jpg","contentUrl":"https:\/\/airportsmokinglounge.com\/wp-content\/uploads\/2023\/03\/airport-smoking-lounge-4.jpg","width":2048,"height":1152,"caption":"Airport Smoking"},{"@type":"BreadcrumbList","@id":"https:\/\/airportsmokinglounge.com\/smoking-areas-in-norwegian-airports\/#breadcrumb","itemListElement":[{"@type":"ListItem","position":1,"name":"Home","item":"https:\/\/airportsmokinglounge.com\/"},{"@type":"ListItem","position":2,"name":"Smoking areas in Norwegian airports"}]},{"@type":"WebSite","@id":"https:\/\/airportsmokinglounge.com\/#website","url":"https:\/\/airportsmokinglounge.com\/","name":"havaalan\u0131sigara salonu.com","description":"","potentialAction":[{"@type":"SearchAction","target":{"@type":"EntryPoint","urlTemplate":"https:\/\/airportsmokinglounge.com\/?s={search_term_string}"},"query-input":{"@type":"PropertyValueSpecification","valueRequired":true,"valueName":"search_term_string"}}],"inLanguage":"tr"}]}},"_links":{"self":[{"href":"https:\/\/airportsmokinglounge.com\/tr\/wp-json\/wp\/v2\/pages\/125","targetHints":{"allow":["GET"]}}],"collection":[{"href":"https:\/\/airportsmokinglounge.com\/tr\/wp-json\/wp\/v2\/pages"}],"about":[{"href":"https:\/\/airportsmokinglounge.com\/tr\/wp-json\/wp\/v2\/types\/page"}],"author":[{"embeddable":true,"href":"https:\/\/airportsmokinglounge.com\/tr\/wp-json\/wp\/v2\/users\/1"}],"replies":[{"embeddable":true,"href":"https:\/\/airportsmokinglounge.com\/tr\/wp-json\/wp\/v2\/comments?post=125"}],"version-history":[{"count":10,"href":"https:\/\/airportsmokinglounge.com\/tr\/wp-json\/wp\/v2\/pages\/125\/revisions"}],"predecessor-version":[{"id":6300,"href":"https:\/\/airportsmokinglounge.com\/tr\/wp-json\/wp\/v2\/pages\/125\/revisions\/6300"}],"wp:featuredmedia":[{"embeddable":true,"href":"https:\/\/airportsmokinglounge.com\/tr\/wp-json\/wp\/v2\/media\/1199"}],"wp:attachment":[{"href":"https:\/\/airportsmokinglounge.com\/tr\/wp-json\/wp\/v2\/media?parent=125"}],"curies":[{"name":"wp","href":"https:\/\/api.w.org\/{rel}","templated":true}]}}