{"id":141,"date":"2023-02-23T17:33:07","date_gmt":"2023-02-23T16:33:07","guid":{"rendered":"https:\/\/airportsmokinglounge.com\/?page_id=141"},"modified":"2023-05-26T18:35:43","modified_gmt":"2023-05-26T16:35:43","slug":"smoking-areas-in-french-airports","status":"publish","type":"page","link":"https:\/\/airportsmokinglounge.com\/tr\/fransiz-havalimanlarindaki-sigara-icilen-alanlar\/","title":{"rendered":"Frans\u0131z havaalanlar\u0131nda sigara i\u00e7ilen alanlar"},"content":{"rendered":"<p>Fransa&#039;da hem i\u00e7 hem de d\u0131\u015f hat u\u00e7u\u015flar\u0131na hizmet veren \u00e7ok say\u0131da havaalan\u0131 bulunmaktad\u0131r.<\/p>\n<p>Bu web sitesinde, belirlenmi\u015f sigara i\u00e7me alanlar\u0131 ve mevcut tesisler dahil olmak \u00fczere havalimanlar\u0131ndaki t\u00fcm sigara i\u00e7me alanlar\u0131n\u0131 bulabilirsiniz. G\u00fcvenlikten ge\u00e7ip hi\u00e7bir yerde sigara i\u00e7ilen alanlar\u0131n olmad\u0131\u011f\u0131n\u0131 ve baz\u0131 durumlarda e-sigara i\u00e7ilmesine izin verilmeyebilece\u011fini g\u00f6rmenin hayal k\u0131r\u0131kl\u0131\u011f\u0131n\u0131 anl\u0131yoruz.<\/p>\n<p>Bu hizmet, uzun u\u00e7u\u015flardan \u00f6nce veya sonra sigara keyfi yapmak isteyen t\u00fcm sigara i\u00e7enler i\u00e7indir.<\/p>\n<h2>Fransa&#039;daki havalimanlar\u0131<\/h2>\n<ul style=\"list-style-type: circle;\">\n<li><a href=\"https:\/\/airportsmokinglounge.com\/tr\/paris-charles-de-gaulle-havaalani-cdgde-sigara-icme-alanlari\/\">PAR\u0130S \u2013 CHARLES DE GAULLE ULUSLARARASI HAVAL\u0130MANI (CDG)<\/a><\/li>\n<li><a href=\"https:\/\/airportsmokinglounge.com\/tr\/nice-havaalanindaki-sigara-icme-alanlari\/\">NICE HAVAL\u0130MANI (NCE)<\/a><\/li>\n<li><a href=\"https:\/\/airportsmokinglounge.com\/tr\/lyon-saint-exupery-havaalani-lysde-sigara-icme-alanlari\/\">LYON SAINT-EXUP\u00c9RY HAVAL\u0130MANI (LYS)<\/a><\/li>\n<li><a href=\"https:\/\/airportsmokinglounge.com\/tr\/marsilya-havaalaninda-sigara-icme-alanlari-bayan\/\">MARS\u0130LYA HAVAL\u0130MANI (MRS)<\/a><\/li>\n<li><a href=\"https:\/\/airportsmokinglounge.com\/tr\/toulouse-blagnac-havaalaninda-tls-sigara-icme-alanlari\/\">TOULOUSE-BLAGNAC HAVAL\u0130MANI (TLS)<\/a><\/li>\n<li><a href=\"https:\/\/airportsmokinglounge.com\/tr\/paris-orly-havalimaninda-sigara-icme-alanlari\/\">PARIS-ORLY HAVAL\u0130MANI (ORY)<\/a><\/li>\n<li><a href=\"https:\/\/airportsmokinglounge.com\/tr\/euroairport-basel-mulhouse-freiburg-eap-mlh-bsl-sigara-icme-alanlari\/\">EUROAIRPORT BASEL-MULHOUSE-FREIBURG HAVAL\u0130MANI (BSL)<\/a><\/li>\n<li><a href=\"https:\/\/airportsmokinglounge.com\/tr\/bordeaux-havaalani-bodda-sigara-icme-alanlari\/\">BORDEAUX-M\u00c9RIGNAC HAVAL\u0130MANI (BOD)<\/a><\/li>\n<li><a href=\"https:\/\/airportsmokinglounge.com\/tr\/nantes-havaalaninda-nte-sigara-icme-alanlari\/\">NANTES HAVAL\u0130MANI (NTE)<\/a><\/li>\n<li><a href=\"https:\/\/airportsmokinglounge.com\/tr\/strazburg-havaalaninda-sxb-sigara-icme-alanlari\/\">STRAZBURG HAVAL\u0130MANI (SXB)<\/a><\/li>\n<li><a href=\"https:\/\/airportsmokinglounge.com\/tr\/lille-havaalaninda-lil-sigara-icme-alanlari\/\">LILLE-LESQUIN HAVAL\u0130MANI (LIL)<\/a><\/li>\n<li><a href=\"https:\/\/airportsmokinglounge.com\/tr\/ajaccio-havaalani-ajada-sigara-icme-alanlari\/\">AJACCIO-NAPOLEON BONAPARTE HAVAL\u0130MANI (AJA)<\/a><\/li>\n<li><a href=\"https:\/\/airportsmokinglounge.com\/tr\/brest-bretagne-havaalani-beste-sigara-icme-alanlari\/\">BREST BRETAGNE HAVAL\u0130MANI (BES)<\/a><\/li>\n<li><a href=\"https:\/\/airportsmokinglounge.com\/tr\/bastia-havaalani-biadaki-sigara-icme-alanlari\/\">BASTIA-PORETTA HAVAL\u0130MANI (BIA)<\/a><\/li>\n<li><a href=\"https:\/\/airportsmokinglounge.com\/tr\/montpellier-havaalaninda-sigara-icme-alanlari-mpl\/\">MONTPELLIER-M\u00c9DITERRAN\u00c9E HAVAL\u0130MANI (MPL)<\/a><\/li>\n<li><a href=\"https:\/\/airportsmokinglounge.com\/tr\/calvi-havaalani-clyde-sigara-icme-alanlari\/\">CALVI-SAINTE-CATHERINE HAVAL\u0130MANI (CLY)<\/a><\/li>\n<li><a href=\"https:\/\/airportsmokinglounge.com\/tr\/figari-havaalaninda-sigara-icme-alanlari-fsc\/\">FIGARI SUD-CORSE HAVAL\u0130MANI (FSC)<\/a><\/li>\n<li><a href=\"https:\/\/airportsmokinglounge.com\/tr\/rennes-havaalaninda-rns-sigara-icme-alanlari\/\">RENNES-SAINT-JACQUES HAVAL\u0130MANI (RNS)<\/a><\/li>\n<li><a href=\"https:\/\/airportsmokinglounge.com\/tr\/sigara-icme-alanlari-biarritz-havaalani-biq\/\">BIARRITZ-ANGLET-NAYONNE HAVAL\u0130MANI (BIQ)<\/a><\/li>\n<li><a href=\"https:\/\/airportsmokinglounge.com\/tr\/bergerac-havaalaninda-sigara-icme-alanlari-egc\/\">BERGERAC-ROUMANIERE HAVAL\u0130MANI (EGC)<\/a><\/li>\n<li><a href=\"https:\/\/airportsmokinglounge.com\/tr\/sigara-alanlarinda-at-limoges-havaalani-lig\/\">LIMOGES HAVAL\u0130MANI (LIG)<\/a><\/li>\n<li><a href=\"https:\/\/airportsmokinglounge.com\/tr\/clermont-ferrand-havaalaninda-sigara-icilen-alanlar-cfe\/\">CLERMONT-FERRAND AUVERGNE HAVAL\u0130MANI (CFE)<\/a><\/li>\n<li><a href=\"https:\/\/airportsmokinglounge.com\/tr\/la-rochelle-airport-lrhde-sigara-icilen-alanlar\/\">LA ROCHELLE-\u00ceLE DE R\u00c9 HAVAL\u0130MANI (LRH)<\/a><\/li>\n<li><a href=\"https:\/\/airportsmokinglounge.com\/tr\/sigara-icme-alanlari-pau-pyrenees-havaalani-puf\/\">PAU PYR\u00c9N\u00c9ES HAVAL\u0130MANI (PUF)<\/a><\/li>\n<li><a href=\"https:\/\/airportsmokinglounge.com\/tr\/tarbes-lourdes-havaalani-ldede-sigara-icme-alanlari\/\">TARBES-LOURDES-PYR\u00c9N\u00c9ES HAVAL\u0130MANI (LDE)<\/a><\/li>\n<li><a href=\"https:\/\/airportsmokinglounge.com\/tr\/sigara-icme-alanlari-brive-souillac-havaalani-bve\/\">BRIVE SOUILLAC HAVAL\u0130MANI (BVE)<\/a><\/li>\n<li><a href=\"https:\/\/airportsmokinglounge.com\/tr\/saint-etienne-boutheon-havaalaninda-sigara-icilen-alanlar-ebu\/\">SAINT-\u00c9TIENNE-BOUTH\u00c9ON HAVAL\u0130MANI (EBU)<\/a><\/li>\n<li><a href=\"https:\/\/airportsmokinglounge.com\/tr\/perpignan-havaalaninda-sigara-icme-alanlari-pgf\/\">PERPIGNAN-RIVESALTES HAVAL\u0130MANI (PGF)<\/a><\/li>\n<li><a href=\"https:\/\/airportsmokinglounge.com\/tr\/paris-beauvais-tille-havaalani-bvada-sigara-icme-alanlari\/\">PARIS BEAUVAIS TILL\u00c9 HAVAL\u0130MANI (BVA)<\/a><\/li>\n<li><a href=\"https:\/\/airportsmokinglounge.com\/tr\/poitiers-biard-havaalaninda-sigara-icilen-alanlar-pis\/\">POITIERS-BIARD-HAVAL\u0130MANI (PIS)<\/a><\/li>\n<\/ul>\n<h2>Fransa&#039;n\u0131n sigara i\u00e7me yasalar\u0131<\/h2>\n<p>Fransa&#039;da sigara kar\u015f\u0131t\u0131 kat\u0131 yasalar vard\u0131r ve havalimanlar\u0131 da dahil olmak \u00fczere halka a\u00e7\u0131k yerlerde sigara i\u00e7ilmesine izin verilmemektedir. Havayolu veya var\u0131\u015f noktas\u0131 ne olursa olsun, Fransa&#039;dan kalkan veya Fransa&#039;ya varan t\u00fcm u\u00e7u\u015flarda sigara i\u00e7mek de yasakt\u0131r. Ancak Fransa&#039;daki \u00e7o\u011fu havaalan\u0131nda, terminal binas\u0131n\u0131n d\u0131\u015f\u0131nda, yolcular\u0131n u\u00e7u\u015f \u00f6ncesinde veya sonras\u0131nda sigara i\u00e7ebilecekleri belirlenmi\u015f sigara i\u00e7me alanlar\u0131 bulunmaktad\u0131r.<\/p>\n<p>Bu sigara i\u00e7me alanlar\u0131 genellikle terminal binas\u0131n\u0131n d\u0131\u015f\u0131nda belirlenmi\u015f alanlarda bulunur ve k\u00fcl tablalar\u0131 ve oturma alanlar\u0131yla donat\u0131lm\u0131\u015ft\u0131r. Belirlenmemi\u015f alanlarda sigara i\u00e7ilmesinin para cezas\u0131na neden olabilece\u011fini unutmamak \u00f6nemlidir.<\/p>\n<p>&nbsp;<\/p>\n<div class=\"container single-page-container\">\n<div class=\"row\">\n<div class=\"nv-single-page-wrap col\">\n<div class=\"nv-content-wrap entry-content\">\n<p><strong>Daha fazla Havaalan\u0131 Sigara i\u00e7ilen alan\u00a0<\/strong><\/p>\n<ul>\n<li><a href=\"https:\/\/airportsmokinglounge.com\/tr\/kuzey-amerikanin-havaalanlarinda-sigara-icmek\/\">Kuzey Amerika<\/a><\/li>\n<li><a href=\"https:\/\/airportsmokinglounge.com\/tr\/guney-amerika-havaalanlarinda-sigara-icilmesi\/\">G\u00fcney Amerika<\/a><\/li>\n<li><a href=\"https:\/\/airportsmokinglounge.com\/tr\/avrupa-havalimanlarindaki-sigara-icme-alanlari\/\">Avrupa<\/a><\/li>\n<li><a href=\"https:\/\/airportsmokinglounge.com\/tr\/asyadaki-havaalanlarinda-sigara-icmek\/\">Asya<\/a><\/li>\n<li><a href=\"https:\/\/airportsmokinglounge.com\/tr\/okyanusya-havalimanlarinda-sigara-icmek\/\">Okyanusya<\/a><\/li>\n<li><a href=\"https:\/\/airportsmokinglounge.com\/tr\/afrikada-havaalanlarinda-sigara-icmek\/\">Afrika<\/a><\/li>\n<\/ul>\n<\/div>\n<\/div>\n<\/div>\n<\/div>\n<p>&nbsp;<\/p>\n<footer id=\"site-footer\" class=\"site-footer\">\n<div class=\"hfg_footer\">\n<div id=\"cb-row--footer-top\" class=\"footer--row footer-top layout-full-contained\" data-row-id=\"top\" data-show-on=\"desktop\">\n<div class=\"footer--row-inner footer-top-inner footer-content-wrap\">\n<div class=\"container\">\n<div class=\"hfg-grid nv-footer-content hfg-grid-top row--wrapper row\" data-section=\"hfg_footer_layout_top\">\n<div class=\"hfg-slot left\">\n<div class=\"builder-item desktop-left tablet-left mobile-left\">\n<div class=\"item--inner builder-item--footer-one-widgets\" data-section=\"neve_sidebar-widgets-footer-one-widgets\" data-item-id=\"footer-one-widgets\">\n<div class=\"widget-area\">\n<div id=\"text-2\" class=\"widget widget_text\">\n<div class=\"textwidget\"><\/div>\n<\/div>\n<\/div>\n<\/div>\n<\/div>\n<\/div>\n<\/div>\n<\/div>\n<\/div>\n<\/div>\n<\/div>\n<\/footer>","protected":false},"excerpt":{"rendered":"<p>France has numerous airports that serve both domestic and international flights. On this website you can find all smoking areas in airports, including designated smoking areas and available facilities. We understand the frustration of going through security only to find that there are no smoking areas anywhere and in some cases e-cigarettes may not be&hellip;&nbsp;<a href=\"https:\/\/airportsmokinglounge.com\/tr\/fransiz-havalimanlarindaki-sigara-icilen-alanlar\/\" rel=\"bookmark\">Devam\u0131n\u0131 oku &quot;<span class=\"screen-reader-text\">Frans\u0131z havaalanlar\u0131nda sigara i\u00e7ilen alanlar<\/span><\/a><\/p>","protected":false},"author":1,"featured_media":1199,"parent":0,"menu_order":0,"comment_status":"closed","ping_status":"closed","template":"","meta":{"neve_meta_sidebar":"","neve_meta_container":"","neve_meta_enable_content_width":"off","neve_meta_content_width":100,"neve_meta_title_alignment":"","neve_meta_author_avatar":"","neve_post_elements_order":"","neve_meta_disable_header":"","neve_meta_disable_footer":"","neve_meta_disable_title":"","neve_meta_reading_time":"","footnotes":""},"class_list":["post-141","page","type-page","status-publish","has-post-thumbnail","hentry"],"yoast_head":"<!-- This site is optimized with the Yoast SEO plugin v26.6 - https:\/\/yoast.com\/wordpress\/plugins\/seo\/ -->\n<title>Smoking areas in French airports - airportsmokinglounge.com<\/title>\n<meta name=\"description\" content=\"Smoking Areas in French Airports - Your Ultimate Guide to Finding a Place to Smoke \u2714\ufe0e Find Your Next Smoke Break Spot \u2714\ufe0e\" \/>\n<meta name=\"robots\" content=\"index, follow, max-snippet:-1, max-image-preview:large, max-video-preview:-1\" \/>\n<link rel=\"canonical\" href=\"https:\/\/airportsmokinglounge.com\/tr\/fransiz-havalimanlarindaki-sigara-icilen-alanlar\/\" \/>\n<meta property=\"og:locale\" content=\"tr_TR\" \/>\n<meta property=\"og:type\" content=\"article\" \/>\n<meta property=\"og:title\" content=\"Smoking areas in French airports - airportsmokinglounge.com\" \/>\n<meta property=\"og:description\" content=\"Smoking Areas in French Airports - Your Ultimate Guide to Finding a Place to Smoke \u2714\ufe0e Find Your Next Smoke Break Spot \u2714\ufe0e\" \/>\n<meta property=\"og:url\" content=\"https:\/\/airportsmokinglounge.com\/tr\/fransiz-havalimanlarindaki-sigara-icilen-alanlar\/\" \/>\n<meta property=\"og:site_name\" content=\"airportsmokinglounge.com\" \/>\n<meta property=\"article:modified_time\" content=\"2023-05-26T16:35:43+00:00\" \/>\n<meta property=\"og:image\" content=\"https:\/\/airportsmokinglounge.com\/wp-content\/uploads\/2023\/03\/airport-smoking-lounge-4.jpg\" \/>\n\t<meta property=\"og:image:width\" content=\"2048\" \/>\n\t<meta property=\"og:image:height\" content=\"1152\" \/>\n\t<meta property=\"og:image:type\" content=\"image\/jpeg\" \/>\n<meta name=\"twitter:card\" content=\"summary_large_image\" \/>\n<meta name=\"twitter:label1\" content=\"Tahmini okuma s\u00fcresi\" \/>\n\t<meta name=\"twitter:data1\" content=\"2 dakika\" \/>\n<script type=\"application\/ld+json\" class=\"yoast-schema-graph\">{\"@context\":\"https:\/\/schema.org\",\"@graph\":[{\"@type\":\"WebPage\",\"@id\":\"https:\/\/airportsmokinglounge.com\/smoking-areas-in-french-airports\/\",\"url\":\"https:\/\/airportsmokinglounge.com\/smoking-areas-in-french-airports\/\",\"name\":\"Smoking areas in French airports - airportsmokinglounge.com\",\"isPartOf\":{\"@id\":\"https:\/\/airportsmokinglounge.com\/#website\"},\"primaryImageOfPage\":{\"@id\":\"https:\/\/airportsmokinglounge.com\/smoking-areas-in-french-airports\/#primaryimage\"},\"image\":{\"@id\":\"https:\/\/airportsmokinglounge.com\/smoking-areas-in-french-airports\/#primaryimage\"},\"thumbnailUrl\":\"https:\/\/airportsmokinglounge.com\/wp-content\/uploads\/2023\/03\/airport-smoking-lounge-4.jpg\",\"datePublished\":\"2023-02-23T16:33:07+00:00\",\"dateModified\":\"2023-05-26T16:35:43+00:00\",\"description\":\"Smoking Areas in French Airports - Your Ultimate Guide to Finding a Place to Smoke \u2714\ufe0e Find Your Next Smoke Break Spot \u2714\ufe0e\",\"breadcrumb\":{\"@id\":\"https:\/\/airportsmokinglounge.com\/smoking-areas-in-french-airports\/#breadcrumb\"},\"inLanguage\":\"tr\",\"potentialAction\":[{\"@type\":\"ReadAction\",\"target\":[\"https:\/\/airportsmokinglounge.com\/smoking-areas-in-french-airports\/\"]}]},{\"@type\":\"ImageObject\",\"inLanguage\":\"tr\",\"@id\":\"https:\/\/airportsmokinglounge.com\/smoking-areas-in-french-airports\/#primaryimage\",\"url\":\"https:\/\/airportsmokinglounge.com\/wp-content\/uploads\/2023\/03\/airport-smoking-lounge-4.jpg\",\"contentUrl\":\"https:\/\/airportsmokinglounge.com\/wp-content\/uploads\/2023\/03\/airport-smoking-lounge-4.jpg\",\"width\":2048,\"height\":1152,\"caption\":\"Airport Smoking\"},{\"@type\":\"BreadcrumbList\",\"@id\":\"https:\/\/airportsmokinglounge.com\/smoking-areas-in-french-airports\/#breadcrumb\",\"itemListElement\":[{\"@type\":\"ListItem\",\"position\":1,\"name\":\"Home\",\"item\":\"https:\/\/airportsmokinglounge.com\/\"},{\"@type\":\"ListItem\",\"position\":2,\"name\":\"Smoking areas in French airports\"}]},{\"@type\":\"WebSite\",\"@id\":\"https:\/\/airportsmokinglounge.com\/#website\",\"url\":\"https:\/\/airportsmokinglounge.com\/\",\"name\":\"airportsmokinglounge.com\",\"description\":\"\",\"potentialAction\":[{\"@type\":\"SearchAction\",\"target\":{\"@type\":\"EntryPoint\",\"urlTemplate\":\"https:\/\/airportsmokinglounge.com\/?s={search_term_string}\"},\"query-input\":{\"@type\":\"PropertyValueSpecification\",\"valueRequired\":true,\"valueName\":\"search_term_string\"}}],\"inLanguage\":\"tr\"}]}<\/script>\n<!-- \/ Yoast SEO plugin. -->","yoast_head_json":{"title":"Frans\u0131z havalimanlar\u0131ndaki sigara i\u00e7ilen alanlar - Airport Smokinglounge.com","description":"Fransa Havalimanlar\u0131ndaki Sigara \u0130\u00e7ilebilen Alanlar - Sigara \u0130\u00e7ilecek Bir Yer Bulmak \u0130\u00e7in En \u0130yi Rehberiniz \u2714\ufe0e Bir Sonraki Sigara \u0130\u00e7me Noktan\u0131z\u0131 Bulun \u2714\ufe0e","robots":{"index":"index","follow":"follow","max-snippet":"max-snippet:-1","max-image-preview":"max-image-preview:large","max-video-preview":"max-video-preview:-1"},"canonical":"https:\/\/airportsmokinglounge.com\/tr\/fransiz-havalimanlarindaki-sigara-icilen-alanlar\/","og_locale":"tr_TR","og_type":"article","og_title":"Smoking areas in French airports - airportsmokinglounge.com","og_description":"Smoking Areas in French Airports - Your Ultimate Guide to Finding a Place to Smoke \u2714\ufe0e Find Your Next Smoke Break Spot \u2714\ufe0e","og_url":"https:\/\/airportsmokinglounge.com\/tr\/fransiz-havalimanlarindaki-sigara-icilen-alanlar\/","og_site_name":"airportsmokinglounge.com","article_modified_time":"2023-05-26T16:35:43+00:00","og_image":[{"width":2048,"height":1152,"url":"https:\/\/airportsmokinglounge.com\/wp-content\/uploads\/2023\/03\/airport-smoking-lounge-4.jpg","type":"image\/jpeg"}],"twitter_card":"summary_large_image","twitter_misc":{"Tahmini okuma s\u00fcresi":"2 dakika"},"schema":{"@context":"https:\/\/schema.org","@graph":[{"@type":"WebPage","@id":"https:\/\/airportsmokinglounge.com\/smoking-areas-in-french-airports\/","url":"https:\/\/airportsmokinglounge.com\/smoking-areas-in-french-airports\/","name":"Frans\u0131z havalimanlar\u0131ndaki sigara i\u00e7ilen alanlar - Airport Smokinglounge.com","isPartOf":{"@id":"https:\/\/airportsmokinglounge.com\/#website"},"primaryImageOfPage":{"@id":"https:\/\/airportsmokinglounge.com\/smoking-areas-in-french-airports\/#primaryimage"},"image":{"@id":"https:\/\/airportsmokinglounge.com\/smoking-areas-in-french-airports\/#primaryimage"},"thumbnailUrl":"https:\/\/airportsmokinglounge.com\/wp-content\/uploads\/2023\/03\/airport-smoking-lounge-4.jpg","datePublished":"2023-02-23T16:33:07+00:00","dateModified":"2023-05-26T16:35:43+00:00","description":"Fransa Havalimanlar\u0131ndaki Sigara \u0130\u00e7ilebilen Alanlar - Sigara \u0130\u00e7ilecek Bir Yer Bulmak \u0130\u00e7in En \u0130yi Rehberiniz \u2714\ufe0e Bir Sonraki Sigara \u0130\u00e7me Noktan\u0131z\u0131 Bulun \u2714\ufe0e","breadcrumb":{"@id":"https:\/\/airportsmokinglounge.com\/smoking-areas-in-french-airports\/#breadcrumb"},"inLanguage":"tr","potentialAction":[{"@type":"ReadAction","target":["https:\/\/airportsmokinglounge.com\/smoking-areas-in-french-airports\/"]}]},{"@type":"ImageObject","inLanguage":"tr","@id":"https:\/\/airportsmokinglounge.com\/smoking-areas-in-french-airports\/#primaryimage","url":"https:\/\/airportsmokinglounge.com\/wp-content\/uploads\/2023\/03\/airport-smoking-lounge-4.jpg","contentUrl":"https:\/\/airportsmokinglounge.com\/wp-content\/uploads\/2023\/03\/airport-smoking-lounge-4.jpg","width":2048,"height":1152,"caption":"Airport Smoking"},{"@type":"BreadcrumbList","@id":"https:\/\/airportsmokinglounge.com\/smoking-areas-in-french-airports\/#breadcrumb","itemListElement":[{"@type":"ListItem","position":1,"name":"Home","item":"https:\/\/airportsmokinglounge.com\/"},{"@type":"ListItem","position":2,"name":"Smoking areas in French airports"}]},{"@type":"WebSite","@id":"https:\/\/airportsmokinglounge.com\/#website","url":"https:\/\/airportsmokinglounge.com\/","name":"havaalan\u0131sigara salonu.com","description":"","potentialAction":[{"@type":"SearchAction","target":{"@type":"EntryPoint","urlTemplate":"https:\/\/airportsmokinglounge.com\/?s={search_term_string}"},"query-input":{"@type":"PropertyValueSpecification","valueRequired":true,"valueName":"search_term_string"}}],"inLanguage":"tr"}]}},"_links":{"self":[{"href":"https:\/\/airportsmokinglounge.com\/tr\/wp-json\/wp\/v2\/pages\/141","targetHints":{"allow":["GET"]}}],"collection":[{"href":"https:\/\/airportsmokinglounge.com\/tr\/wp-json\/wp\/v2\/pages"}],"about":[{"href":"https:\/\/airportsmokinglounge.com\/tr\/wp-json\/wp\/v2\/types\/page"}],"author":[{"embeddable":true,"href":"https:\/\/airportsmokinglounge.com\/tr\/wp-json\/wp\/v2\/users\/1"}],"replies":[{"embeddable":true,"href":"https:\/\/airportsmokinglounge.com\/tr\/wp-json\/wp\/v2\/comments?post=141"}],"version-history":[{"count":10,"href":"https:\/\/airportsmokinglounge.com\/tr\/wp-json\/wp\/v2\/pages\/141\/revisions"}],"predecessor-version":[{"id":6207,"href":"https:\/\/airportsmokinglounge.com\/tr\/wp-json\/wp\/v2\/pages\/141\/revisions\/6207"}],"wp:featuredmedia":[{"embeddable":true,"href":"https:\/\/airportsmokinglounge.com\/tr\/wp-json\/wp\/v2\/media\/1199"}],"wp:attachment":[{"href":"https:\/\/airportsmokinglounge.com\/tr\/wp-json\/wp\/v2\/media?parent=141"}],"curies":[{"name":"wp","href":"https:\/\/api.w.org\/{rel}","templated":true}]}}