{"id":1529,"date":"2023-03-30T17:54:20","date_gmt":"2023-03-30T15:54:20","guid":{"rendered":"https:\/\/airportsmokinglounge.com\/?page_id=1529"},"modified":"2023-05-10T15:31:22","modified_gmt":"2023-05-10T13:31:22","slug":"smoking-areas-at-los-angeles-international-airport-lax","status":"publish","type":"page","link":"https:\/\/airportsmokinglounge.com\/tr\/los-angeles-uluslararasi-havaalaninda-gevsek-sigara-icme-alanlari\/","title":{"rendered":"Los Angeles Uluslararas\u0131 Havaliman\u0131&#039;ndaki (LAX) sigara i\u00e7me alanlar\u0131"},"content":{"rendered":"<p>Los Angeles Uluslararas\u0131 Havaalan\u0131 (LAX), Los Angeles, Kaliforniya&#039;da bulunan d\u00fcnyan\u0131n en yo\u011fun havalimanlar\u0131ndan biridir. Amerika Birle\u015fik Devletleri&#039;ne a\u00e7\u0131lan \u00f6nemli bir kap\u0131 g\u00f6revi g\u00f6ren LAX, d\u00fcnyan\u0131n her k\u00f6\u015fesinden gelen yolcular\u0131 d\u00fcnyan\u0131n en hareketli \u015fehirlerinden birine ba\u011flar.<\/p>\n<p>Havaalan\u0131, \u00e7ok \u00e7e\u015fitli olanak ve hizmetlere sahip bir\u00e7ok terminalden olu\u015fan modern ve geni\u015f bir terminal kompleksine sahiptir.<\/p>\n<h2>G\u00fcvenlik Kontrol\u00fc \u00f6ncesi sigara i\u00e7ilen alanlar<\/h2>\n<ul>\n<li><span style=\"font-size: 14pt;\">Sadece terminalin d\u0131\u015f\u0131nda sigara i\u00e7ilebilir<\/span><\/li>\n<\/ul>\n<h2>G\u00fcvenlik Kontrol\u00fcnden Sonra Sigara \u0130\u00e7ilen Alanlar<\/h2>\n<ul>\n<li><span style=\"font-size: 14pt;\">Terminal i\u00e7erisinde sigara i\u00e7me alanlar\u0131 \u201cteras\u201d bulunmaktad\u0131r.<\/span><\/li>\n<\/ul>\n<p><span style=\"font-size: 14pt;\">Resmi Web Sitesinde Daha Fazla Bilgi<\/span><\/p>\n<ul>\n<li><a href=\"https:\/\/www.flylax.com\/\" target=\"_blank\" rel=\"noopener\">www.flylax.com<\/a><\/li>\n<\/ul>\n<p><strong><span style=\"font-size: 14pt;\">Bize geri bildirim g\u00f6nderin\u00a0<\/span><\/strong><\/p>\n<p><span style=\"font-size: 14pt;\">Los Angeles&#039;taki Uluslararas\u0131 Havaalan\u0131ndaysan\u0131z, bize sigara i\u00e7ilen alanlar\u0131n foto\u011fraflar\u0131n\u0131 g\u00f6nderebilirsiniz. Bu, veritaban\u0131m\u0131z\u0131 daha h\u0131zl\u0131 doldurmam\u0131za yard\u0131mc\u0131 olacakt\u0131r. Bunu yapabilirsiniz <strong><a href=\"https:\/\/airportsmokinglounge.com\/tr\/temas-etmek\/\">Burada<\/a>.<\/strong> G\u00f6rseller, g\u00f6rsel kayna\u011f\u0131 (isim) belirtilerek sitemizde yay\u0131nlanmaktad\u0131r. Bu resimleri bizimle ve t\u00fcm Airport Smokinglounge.com ziyaret\u00e7ileriyle payla\u015fmaktan \u00e7ekinmeyin.<\/span>.<\/p>\n<h2>Amerika Birle\u015fik Devletleri Sigara Yasas\u0131<\/h2>\n<p>Amerika Birle\u015fik Devletleri, halk sa\u011fl\u0131\u011f\u0131n\u0131 korumak ve t\u00fct\u00fcn kullan\u0131m\u0131n\u0131 azaltmak i\u00e7in hem federal hem de eyalet d\u00fczeyinde sigara i\u00e7me d\u00fczenlemeleri uygulam\u0131\u015ft\u0131r. Bununla birlikte, sigara i\u00e7me yasalar\u0131n\u0131n ve d\u00fczenlemelerinin Amerika Birle\u015fik Devletleri&#039;ndeki farkl\u0131 eyaletler ve yerel yarg\u0131 b\u00f6lgeleri aras\u0131nda de\u011fi\u015fiklik g\u00f6sterebilece\u011fini l\u00fctfen unutmay\u0131n, bu nedenle en g\u00fcncel bilgiler i\u00e7in ilgilendi\u011finiz eyalet veya b\u00f6lgenin \u00f6zel yasalar\u0131na ba\u015fvurman\u0131z \u00f6nerilir.<\/p>\n<p>Federal d\u00fczeyde, ABD Sa\u011fl\u0131k ve \u0130nsani Hizmetler Departman\u0131&#039;n\u0131n y\u00f6netmelikleri uyar\u0131nca belirli kapal\u0131 halka a\u00e7\u0131k yerlerde sigara i\u00e7mek genellikle yasakt\u0131r. Bunlar, h\u00fck\u00fcmet binalar\u0131n\u0131, sa\u011fl\u0131k tesislerini, federal fon alan e\u011fitim kurumlar\u0131n\u0131 ve federal yarg\u0131 yetkisi alt\u0131ndaki toplu ta\u015f\u0131may\u0131 i\u00e7erir. Ek olarak, federal yasa, ticari havayolu u\u00e7u\u015flar\u0131nda ve belirli federal h\u00fck\u00fcmet ara\u00e7lar\u0131nda sigara i\u00e7ilmesini yasaklamaktad\u0131r.<\/p>\n<p>Bununla birlikte, sigara i\u00e7me d\u00fczenlemeleri Amerika Birle\u015fik Devletleri&#039;ndeki eyaletler ve b\u00f6lgeler aras\u0131nda \u00f6nemli \u00f6l\u00e7\u00fcde farkl\u0131l\u0131k g\u00f6sterebilir. Bir\u00e7ok eyalet, halka a\u00e7\u0131k yerlerde, i\u015fyerlerinde, restoranlarda, barlarda ve di\u011fer mekanlarda sigara i\u00e7meye ili\u015fkin kendi yasa ve y\u00f6netmeliklerini \u00e7\u0131karm\u0131\u015ft\u0131r. Baz\u0131 eyaletler halka a\u00e7\u0131k kapal\u0131 alanlarda sigara i\u00e7ilmesini yasaklayan kapsaml\u0131 dumans\u0131z yasalar uygularken, di\u011ferleri daha s\u0131n\u0131rl\u0131 k\u0131s\u0131tlamalara sahip olabilir veya belirli kurulu\u015flarda belirlenmi\u015f sigara i\u00e7me alanlar\u0131na izin verebilir.<\/p>\n<p>T\u00fct\u00fcn \u00fcr\u00fcnleri sat\u0131n almak ve bulundurmak i\u00e7in asgari yasal ya\u015f da eyalete g\u00f6re de\u011fi\u015fir; \u00e7o\u011fu eyalet bunu 18 olarak belirlerken, baz\u0131lar\u0131 T\u00fct\u00fcn 21 yasas\u0131 olarak bilinen federal mevzuata uygun olarak bunu 21&#039;e y\u00fckseltmi\u015ftir.<\/p>\n<p>Sigara i\u00e7me yasalar\u0131n\u0131n uygulanmas\u0131, genellikle ilgili eyalet veya yerel makamlar taraf\u0131ndan denetlenir ve ihlaller, para cezalar\u0131na veya yarg\u0131 alan\u0131na \u00f6zg\u00fc di\u011fer cezalara neden olabilir.<\/p>\n<p>Amerika Birle\u015fik Devletleri&#039;ndeki sigara i\u00e7me yasalar\u0131 hakk\u0131nda en do\u011fru ve g\u00fcncel bilgiler i\u00e7in, ilgilendi\u011finiz belirli eyalet veya b\u00f6lgenin yasalar\u0131na ba\u015fvurman\u0131z veya yerel yetkililere veya sa\u011fl\u0131k kurulu\u015flar\u0131na ula\u015fman\u0131z \u00f6nerilir.<\/p>\n<h3>S\u0131k\u00e7a Sorulan Sorular<\/h3>\n<h4>Havaliman\u0131 sigara i\u00e7me alanlar\u0131 7\/24 a\u00e7\u0131k m\u0131?<\/h4>\n<p>Havaliman\u0131 sigara i\u00e7me alanlar\u0131n\u0131n mevcudiyeti, havaliman\u0131na ve konuma g\u00f6re de\u011fi\u015fiklik g\u00f6sterebilir. Baz\u0131 sigara i\u00e7me alanlar\u0131 24 saat a\u00e7\u0131kken, baz\u0131lar\u0131nda k\u0131s\u0131tl\u0131 saatler olabilir veya belirli saatlerde kapal\u0131 olabilir. Sigara i\u00e7me alan\u0131n\u0131n \u00e7al\u0131\u015fma saatleri hakk\u0131nda \u00f6zel bilgi i\u00e7in havaalan\u0131na dan\u0131\u015fmak veya web sitelerini ziyaret etmek en iyisidir.<\/p>\n<h4>Sigara i\u00e7me alan\u0131na kendi yiyecek ve i\u00e7eceklerimi getirmeme izin verilir mi?<\/h4>\n<p>Bu, belirli sigara i\u00e7me alan\u0131na ve havaalan\u0131na ba\u011fl\u0131 olabilir. Baz\u0131 sigara i\u00e7me alanlar\u0131 d\u0131\u015far\u0131dan yiyecek ve i\u00e7eceklere izin verirken, baz\u0131lar\u0131nda k\u0131s\u0131tlamalar olabilir veya tamamen yasak olabilir. Belirli kurallar ve y\u00f6netmelikler i\u00e7in havaalan\u0131na veya sigara i\u00e7ilen alan tabelas\u0131na bakmak en iyisidir.<\/p>\n<h4>Havaliman\u0131ndaki t\u00fcm sigara i\u00e7ilen alanlarda sigara i\u00e7ilebilir mi?<\/h4>\n<p>Havaalan\u0131 sigara i\u00e7ilen alanlar\u0131n t\u00fcm\u00fc sigara i\u00e7ilmesine izin vermeyebilir. Baz\u0131 havalimanlar\u0131nda, geleneksel sigara i\u00e7me alanlar\u0131ndan ayr\u0131 elektronik sigara veya elektronik sigara i\u00e7in belirlenmi\u015f alanlar olabilir. Kullanmay\u0131 planlad\u0131\u011f\u0131n\u0131z sigara i\u00e7me alan\u0131 i\u00e7in \u00f6zel kural ve d\u00fczenlemeleri kontrol etti\u011finizden emin olun.<\/p>\n<h4>Sigara i\u00e7ilen alanlar klimal\u0131 m\u0131 yoksa \u0131s\u0131tmal\u0131 m\u0131?<\/h4>\n<p>Havaalan\u0131 sigara i\u00e7me alanlar\u0131n\u0131n s\u0131cakl\u0131\u011f\u0131 ve havaland\u0131rmas\u0131 b\u00fcy\u00fck \u00f6l\u00e7\u00fcde de\u011fi\u015febilir. Baz\u0131lar\u0131 klimal\u0131 veya \u0131s\u0131tmal\u0131 olabilirken, di\u011ferleri d\u0131\u015f etkenlerden s\u0131n\u0131rl\u0131 korumaya sahip a\u00e7\u0131k hava alanlar\u0131 olabilir. Ko\u015fullar\u0131 belirlemek ve buna g\u00f6re haz\u0131rlanmak i\u00e7in \u00f6nceden havaalan\u0131na dan\u0131\u015ft\u0131\u011f\u0131n\u0131zdan veya sigara i\u00e7me alan\u0131n\u0131 ziyaret etti\u011finizden emin olun.<\/p>\n<h4>Sigara i\u00e7ilen alanlar engelli yolcular i\u00e7in eri\u015filebilir mi?<\/h4>\n<p>Bir\u00e7ok havaalan\u0131, sigara i\u00e7me alanlar\u0131n\u0131 engelli yolcular\u0131n eri\u015fimine uygun hale getirmek i\u00e7in \u00e7aba sarf etmi\u015ftir. Ancak, belirli sigara i\u00e7me alanlar\u0131n\u0131n eri\u015filebilirli\u011fi b\u00fcy\u00fck \u00f6l\u00e7\u00fcde de\u011fi\u015febilir. Eri\u015filebilir olup olmad\u0131\u011f\u0131n\u0131 ve ihtiya\u00e7lar\u0131n\u0131z\u0131 kar\u015f\u0131lay\u0131p kar\u015f\u0131lamad\u0131\u011f\u0131n\u0131 belirlemek i\u00e7in havaalan\u0131na dan\u0131\u015ft\u0131\u011f\u0131n\u0131zdan veya sigara i\u00e7me alan\u0131n\u0131 \u00f6nceden ziyaret etti\u011finizden emin olun.<\/p>\n<p><span style=\"font-size: 14pt;\"><strong>Amerika Birle\u015fik Devletleri&#039;ndeki di\u011fer havaalanlar\u0131:<\/strong> <\/span><\/p>\n<ul>\n<li><a href=\"https:\/\/airportsmokinglounge.com\/tr\/amerika-birlesik-devletleri-havalimanlarindaki-sigara-icme-alanlari\/\"><span style=\"font-size: 14pt;\">Amerika Birle\u015fik Devletleri&#039;ndeki havaalanlar\u0131<\/span><\/a><\/li>\n<\/ul>\n<p><span style=\"font-size: 14pt;\"><strong>Kuzey Amerika&#039;da sigara i\u00e7ilen alanlar:<\/strong><\/span><\/p>\n<ul>\n<li><a href=\"https:\/\/airportsmokinglounge.com\/tr\/kuzey-amerikanin-havaalanlarinda-sigara-icmek\/\"><span style=\"font-size: 14pt;\">Kuzey Amerika havaalanlar\u0131<\/span><\/a><\/li>\n<\/ul>","protected":false},"excerpt":{"rendered":"<p>Los Angeles International Airport (LAX) is one of the busiest airports in the world, located in Los Angeles, California. Serving as a major gateway to the United States, LAX connects travelers from all corners of the globe to one of the most vibrant cities in the world. The airport boasts a modern and expansive terminal&hellip;&nbsp;<a href=\"https:\/\/airportsmokinglounge.com\/tr\/los-angeles-uluslararasi-havaalaninda-gevsek-sigara-icme-alanlari\/\" rel=\"bookmark\">Devam\u0131n\u0131 oku &quot;<span class=\"screen-reader-text\">Los Angeles Uluslararas\u0131 Havaliman\u0131&#039;ndaki (LAX) sigara i\u00e7me alanlar\u0131<\/span><\/a><\/p>","protected":false},"author":1,"featured_media":1199,"parent":0,"menu_order":0,"comment_status":"closed","ping_status":"closed","template":"","meta":{"neve_meta_sidebar":"","neve_meta_container":"","neve_meta_enable_content_width":"off","neve_meta_content_width":100,"neve_meta_title_alignment":"","neve_meta_author_avatar":"","neve_post_elements_order":"","neve_meta_disable_header":"","neve_meta_disable_footer":"","neve_meta_disable_title":"","neve_meta_reading_time":"","footnotes":""},"class_list":["post-1529","page","type-page","status-publish","has-post-thumbnail","hentry"],"yoast_head":"<!-- This site is optimized with the Yoast SEO plugin v26.6 - https:\/\/yoast.com\/wordpress\/plugins\/seo\/ -->\n<title>Smoking areas at Los Angeles International Airport (LAX)<\/title>\n<meta name=\"description\" content=\"Smoking areas Los Angeles International Airport - Find a smoking area in the airport \u2714\ufe0e Smoking Guide in Airports for Travelers \u2714\ufe0e\" \/>\n<meta name=\"robots\" content=\"index, follow, max-snippet:-1, max-image-preview:large, max-video-preview:-1\" \/>\n<link rel=\"canonical\" href=\"https:\/\/airportsmokinglounge.com\/tr\/los-angeles-uluslararasi-havaalaninda-gevsek-sigara-icme-alanlari\/\" \/>\n<meta property=\"og:locale\" content=\"tr_TR\" \/>\n<meta property=\"og:type\" content=\"article\" \/>\n<meta property=\"og:title\" content=\"Smoking areas at Los Angeles International Airport (LAX)\" \/>\n<meta property=\"og:description\" content=\"Smoking areas Los Angeles International Airport - Find a smoking area in the airport \u2714\ufe0e Smoking Guide in Airports for Travelers \u2714\ufe0e\" \/>\n<meta property=\"og:url\" content=\"https:\/\/airportsmokinglounge.com\/tr\/los-angeles-uluslararasi-havaalaninda-gevsek-sigara-icme-alanlari\/\" \/>\n<meta property=\"og:site_name\" content=\"airportsmokinglounge.com\" \/>\n<meta property=\"article:modified_time\" content=\"2023-05-10T13:31:22+00:00\" \/>\n<meta property=\"og:image\" content=\"https:\/\/airportsmokinglounge.com\/wp-content\/uploads\/2023\/03\/airport-smoking-lounge-4.jpg\" \/>\n\t<meta property=\"og:image:width\" content=\"2048\" \/>\n\t<meta property=\"og:image:height\" content=\"1152\" \/>\n\t<meta property=\"og:image:type\" content=\"image\/jpeg\" \/>\n<meta name=\"twitter:card\" content=\"summary_large_image\" \/>\n<meta name=\"twitter:label1\" content=\"Tahmini okuma s\u00fcresi\" \/>\n\t<meta name=\"twitter:data1\" content=\"4 dakika\" \/>\n<script type=\"application\/ld+json\" class=\"yoast-schema-graph\">{\"@context\":\"https:\/\/schema.org\",\"@graph\":[{\"@type\":\"WebPage\",\"@id\":\"https:\/\/airportsmokinglounge.com\/smoking-areas-at-los-angeles-international-airport-lax\/\",\"url\":\"https:\/\/airportsmokinglounge.com\/smoking-areas-at-los-angeles-international-airport-lax\/\",\"name\":\"Smoking areas at Los Angeles International Airport (LAX)\",\"isPartOf\":{\"@id\":\"https:\/\/airportsmokinglounge.com\/#website\"},\"primaryImageOfPage\":{\"@id\":\"https:\/\/airportsmokinglounge.com\/smoking-areas-at-los-angeles-international-airport-lax\/#primaryimage\"},\"image\":{\"@id\":\"https:\/\/airportsmokinglounge.com\/smoking-areas-at-los-angeles-international-airport-lax\/#primaryimage\"},\"thumbnailUrl\":\"https:\/\/airportsmokinglounge.com\/wp-content\/uploads\/2023\/03\/airport-smoking-lounge-4.jpg\",\"datePublished\":\"2023-03-30T15:54:20+00:00\",\"dateModified\":\"2023-05-10T13:31:22+00:00\",\"description\":\"Smoking areas Los Angeles International Airport - Find a smoking area in the airport \u2714\ufe0e Smoking Guide in Airports for Travelers \u2714\ufe0e\",\"breadcrumb\":{\"@id\":\"https:\/\/airportsmokinglounge.com\/smoking-areas-at-los-angeles-international-airport-lax\/#breadcrumb\"},\"inLanguage\":\"tr\",\"potentialAction\":[{\"@type\":\"ReadAction\",\"target\":[\"https:\/\/airportsmokinglounge.com\/smoking-areas-at-los-angeles-international-airport-lax\/\"]}]},{\"@type\":\"ImageObject\",\"inLanguage\":\"tr\",\"@id\":\"https:\/\/airportsmokinglounge.com\/smoking-areas-at-los-angeles-international-airport-lax\/#primaryimage\",\"url\":\"https:\/\/airportsmokinglounge.com\/wp-content\/uploads\/2023\/03\/airport-smoking-lounge-4.jpg\",\"contentUrl\":\"https:\/\/airportsmokinglounge.com\/wp-content\/uploads\/2023\/03\/airport-smoking-lounge-4.jpg\",\"width\":2048,\"height\":1152,\"caption\":\"Airport Smoking\"},{\"@type\":\"BreadcrumbList\",\"@id\":\"https:\/\/airportsmokinglounge.com\/smoking-areas-at-los-angeles-international-airport-lax\/#breadcrumb\",\"itemListElement\":[{\"@type\":\"ListItem\",\"position\":1,\"name\":\"Home\",\"item\":\"https:\/\/airportsmokinglounge.com\/\"},{\"@type\":\"ListItem\",\"position\":2,\"name\":\"Smoking areas at Los Angeles International Airport (LAX)\"}]},{\"@type\":\"WebSite\",\"@id\":\"https:\/\/airportsmokinglounge.com\/#website\",\"url\":\"https:\/\/airportsmokinglounge.com\/\",\"name\":\"airportsmokinglounge.com\",\"description\":\"\",\"potentialAction\":[{\"@type\":\"SearchAction\",\"target\":{\"@type\":\"EntryPoint\",\"urlTemplate\":\"https:\/\/airportsmokinglounge.com\/?s={search_term_string}\"},\"query-input\":{\"@type\":\"PropertyValueSpecification\",\"valueRequired\":true,\"valueName\":\"search_term_string\"}}],\"inLanguage\":\"tr\"}]}<\/script>\n<!-- \/ Yoast SEO plugin. -->","yoast_head_json":{"title":"Los Angeles Uluslararas\u0131 Havaliman\u0131&#039;ndaki (LAX) sigara i\u00e7me alanlar\u0131","description":"Sigara i\u00e7ilebilen alanlar Los Angeles Uluslararas\u0131 Havaalan\u0131 - Havaalan\u0131nda sigara i\u00e7ilebilen bir alan bulun \u2714\ufe0e Gezginler i\u00e7in Havalimanlar\u0131nda Sigara \u0130\u00e7me Rehberi \u2714\ufe0e","robots":{"index":"index","follow":"follow","max-snippet":"max-snippet:-1","max-image-preview":"max-image-preview:large","max-video-preview":"max-video-preview:-1"},"canonical":"https:\/\/airportsmokinglounge.com\/tr\/los-angeles-uluslararasi-havaalaninda-gevsek-sigara-icme-alanlari\/","og_locale":"tr_TR","og_type":"article","og_title":"Smoking areas at Los Angeles International Airport (LAX)","og_description":"Smoking areas Los Angeles International Airport - Find a smoking area in the airport \u2714\ufe0e Smoking Guide in Airports for Travelers \u2714\ufe0e","og_url":"https:\/\/airportsmokinglounge.com\/tr\/los-angeles-uluslararasi-havaalaninda-gevsek-sigara-icme-alanlari\/","og_site_name":"airportsmokinglounge.com","article_modified_time":"2023-05-10T13:31:22+00:00","og_image":[{"width":2048,"height":1152,"url":"https:\/\/airportsmokinglounge.com\/wp-content\/uploads\/2023\/03\/airport-smoking-lounge-4.jpg","type":"image\/jpeg"}],"twitter_card":"summary_large_image","twitter_misc":{"Tahmini okuma s\u00fcresi":"4 dakika"},"schema":{"@context":"https:\/\/schema.org","@graph":[{"@type":"WebPage","@id":"https:\/\/airportsmokinglounge.com\/smoking-areas-at-los-angeles-international-airport-lax\/","url":"https:\/\/airportsmokinglounge.com\/smoking-areas-at-los-angeles-international-airport-lax\/","name":"Los Angeles Uluslararas\u0131 Havaliman\u0131&#039;ndaki (LAX) sigara i\u00e7me alanlar\u0131","isPartOf":{"@id":"https:\/\/airportsmokinglounge.com\/#website"},"primaryImageOfPage":{"@id":"https:\/\/airportsmokinglounge.com\/smoking-areas-at-los-angeles-international-airport-lax\/#primaryimage"},"image":{"@id":"https:\/\/airportsmokinglounge.com\/smoking-areas-at-los-angeles-international-airport-lax\/#primaryimage"},"thumbnailUrl":"https:\/\/airportsmokinglounge.com\/wp-content\/uploads\/2023\/03\/airport-smoking-lounge-4.jpg","datePublished":"2023-03-30T15:54:20+00:00","dateModified":"2023-05-10T13:31:22+00:00","description":"Sigara i\u00e7ilebilen alanlar Los Angeles Uluslararas\u0131 Havaalan\u0131 - Havaalan\u0131nda sigara i\u00e7ilebilen bir alan bulun \u2714\ufe0e Gezginler i\u00e7in Havalimanlar\u0131nda Sigara \u0130\u00e7me Rehberi \u2714\ufe0e","breadcrumb":{"@id":"https:\/\/airportsmokinglounge.com\/smoking-areas-at-los-angeles-international-airport-lax\/#breadcrumb"},"inLanguage":"tr","potentialAction":[{"@type":"ReadAction","target":["https:\/\/airportsmokinglounge.com\/smoking-areas-at-los-angeles-international-airport-lax\/"]}]},{"@type":"ImageObject","inLanguage":"tr","@id":"https:\/\/airportsmokinglounge.com\/smoking-areas-at-los-angeles-international-airport-lax\/#primaryimage","url":"https:\/\/airportsmokinglounge.com\/wp-content\/uploads\/2023\/03\/airport-smoking-lounge-4.jpg","contentUrl":"https:\/\/airportsmokinglounge.com\/wp-content\/uploads\/2023\/03\/airport-smoking-lounge-4.jpg","width":2048,"height":1152,"caption":"Airport Smoking"},{"@type":"BreadcrumbList","@id":"https:\/\/airportsmokinglounge.com\/smoking-areas-at-los-angeles-international-airport-lax\/#breadcrumb","itemListElement":[{"@type":"ListItem","position":1,"name":"Home","item":"https:\/\/airportsmokinglounge.com\/"},{"@type":"ListItem","position":2,"name":"Smoking areas at Los Angeles International Airport (LAX)"}]},{"@type":"WebSite","@id":"https:\/\/airportsmokinglounge.com\/#website","url":"https:\/\/airportsmokinglounge.com\/","name":"havaalan\u0131sigara salonu.com","description":"","potentialAction":[{"@type":"SearchAction","target":{"@type":"EntryPoint","urlTemplate":"https:\/\/airportsmokinglounge.com\/?s={search_term_string}"},"query-input":{"@type":"PropertyValueSpecification","valueRequired":true,"valueName":"search_term_string"}}],"inLanguage":"tr"}]}},"_links":{"self":[{"href":"https:\/\/airportsmokinglounge.com\/tr\/wp-json\/wp\/v2\/pages\/1529","targetHints":{"allow":["GET"]}}],"collection":[{"href":"https:\/\/airportsmokinglounge.com\/tr\/wp-json\/wp\/v2\/pages"}],"about":[{"href":"https:\/\/airportsmokinglounge.com\/tr\/wp-json\/wp\/v2\/types\/page"}],"author":[{"embeddable":true,"href":"https:\/\/airportsmokinglounge.com\/tr\/wp-json\/wp\/v2\/users\/1"}],"replies":[{"embeddable":true,"href":"https:\/\/airportsmokinglounge.com\/tr\/wp-json\/wp\/v2\/comments?post=1529"}],"version-history":[{"count":5,"href":"https:\/\/airportsmokinglounge.com\/tr\/wp-json\/wp\/v2\/pages\/1529\/revisions"}],"predecessor-version":[{"id":4772,"href":"https:\/\/airportsmokinglounge.com\/tr\/wp-json\/wp\/v2\/pages\/1529\/revisions\/4772"}],"wp:featuredmedia":[{"embeddable":true,"href":"https:\/\/airportsmokinglounge.com\/tr\/wp-json\/wp\/v2\/media\/1199"}],"wp:attachment":[{"href":"https:\/\/airportsmokinglounge.com\/tr\/wp-json\/wp\/v2\/media?parent=1529"}],"curies":[{"name":"wp","href":"https:\/\/api.w.org\/{rel}","templated":true}]}}