{"id":159,"date":"2023-02-23T18:57:12","date_gmt":"2023-02-23T17:57:12","guid":{"rendered":"https:\/\/airportsmokinglounge.com\/?page_id=159"},"modified":"2023-05-26T12:32:38","modified_gmt":"2023-05-26T10:32:38","slug":"smoking-areas-in-finlands-airports","status":"publish","type":"page","link":"https:\/\/airportsmokinglounge.com\/tr\/finlandiya-havalimanlarindaki-sigara-icme-alanlari\/","title":{"rendered":"Finlandiya havalimanlar\u0131ndaki sigara i\u00e7me alanlar\u0131"},"content":{"rendered":"<p>Finlandiya&#039;da yerli ve yabanc\u0131 yolculara hizmet veren \u00e7ok say\u0131da havaalan\u0131 bulunmaktad\u0131r. \u00dclke, verimli ve modern havaalan\u0131 tesisleriyle tan\u0131n\u0131yor.<\/p>\n<p>Bu havalimanlar\u0131n\u0131n t\u00fcm\u00fc, restoranlar, ma\u011fazalar ve di\u011fer olanaklar dahil olmak \u00fczere gezginlerin ihtiya\u00e7lar\u0131n\u0131 kar\u015f\u0131layacak modern olanaklarla iyi bir \u015fekilde donat\u0131lm\u0131\u015ft\u0131r. Ayr\u0131ca hepsinde Finlandiya&#039;n\u0131n sigara i\u00e7me yasalar\u0131na uygun olarak sigara i\u00e7me alanlar\u0131 belirlenmi\u015ftir.<\/p>\n<p>Bu web sitesinde, belirlenmi\u015f sigara i\u00e7me alanlar\u0131 ve mevcut tesisler dahil olmak \u00fczere havalimanlar\u0131ndaki t\u00fcm sigara i\u00e7me alanlar\u0131n\u0131 bulabilirsiniz. G\u00fcvenlikten ge\u00e7ip hi\u00e7bir yerde sigara i\u00e7ilen alanlar\u0131n olmad\u0131\u011f\u0131n\u0131 ve baz\u0131 durumlarda e-sigara i\u00e7ilmesine izin verilmeyebilece\u011fini g\u00f6rmenin hayal k\u0131r\u0131kl\u0131\u011f\u0131n\u0131 anl\u0131yoruz.<\/p>\n<p>Bu hizmet, uzun u\u00e7u\u015flardan \u00f6nce veya sonra sigara keyfi yapmak isteyen t\u00fcm sigara i\u00e7enler i\u00e7indir.<\/p>\n<h2>Finlandiya&#039;daki havalimanlar\u0131<\/h2>\n<ul style=\"list-style-type: circle;\">\n<li><a href=\"https:\/\/airportsmokinglounge.com\/tr\/helsinki-vantaa-havaalani-helde-sigara-icme-alanlari\/\">HELS\u0130NK\u0130 VANTAA HAVAL\u0130MANI (HEL)<\/a><\/li>\n<li><a href=\"https:\/\/airportsmokinglounge.com\/tr\/turku-havalimaninda-tku-sigara-icme-alanlari\/\">T\u00dcRK\u00dc HAVAL\u0130MANI (TKU)<\/a><\/li>\n<li><a href=\"https:\/\/airportsmokinglounge.com\/tr\/sigara-icilebilen-alanlar-tampere-pirkkala-havaalani-tmp\/\">TAMPERE-PIRKKALA HAVAL\u0130MANI (TMP)<\/a><\/li>\n<\/ul>\n<h2>Finlandiya Sigara Yasas\u0131<\/h2>\n<p>Finlandiya Sigara Yasas\u0131, 2016 y\u0131l\u0131nda havalimanlar\u0131 da dahil olmak \u00fczere t\u00fcm kapal\u0131 kamusal alanlarda sigara i\u00e7ilmesini yasaklayacak \u015fekilde de\u011fi\u015ftirildi. Bu, restoranlar, barlar ve di\u011fer belirlenmi\u015f alanlar da dahil olmak \u00fczere havaalan\u0131 binalar\u0131n\u0131n hi\u00e7bir yerinde sigara i\u00e7ilmesine izin verilmedi\u011fi anlam\u0131na gelir. Kanun, havaliman\u0131 s\u0131n\u0131rlar\u0131 i\u00e7erisinde yer alan teras ve park alanlar\u0131 gibi a\u00e7\u0131k alanlar i\u00e7in de ge\u00e7erli.<\/p>\n<p>Yasa, sigara i\u00e7meyenlerin sa\u011fl\u0131\u011f\u0131n\u0131 pasif i\u00e7icili\u011fin zararl\u0131 etkilerinden korumak ve herkes i\u00e7in dumans\u0131z bir ortam yaratmak amac\u0131yla tasarland\u0131. Yasay\u0131 ihlal edenlere para cezalar\u0131 kesiliyor ve bunlar olduk\u00e7a \u00f6nemli olabiliyor.<\/p>\n<p>Finlandiya&#039;da sigaray\u0131 b\u0131rakma programlar\u0131 ve kaynaklar\u0131 yayg\u0131n olarak mevcuttur ve \u00fclke, Avrupa&#039;daki en d\u00fc\u015f\u00fck sigara i\u00e7me oranlar\u0131ndan birine sahiptir. H\u00fck\u00fcmet sigara i\u00e7meyi cayd\u0131rmak i\u00e7in t\u00fct\u00fcn \u00fcr\u00fcnlerine uygulanan y\u00fcksek vergiler, dumans\u0131z kamusal alanlar ve halk\u0131 e\u011fitme kampanyalar\u0131 dahil olmak \u00fczere \u00e7e\u015fitli politikalar uygulad\u0131.<\/p>\n<p>&nbsp;<\/p>\n<div class=\"container single-page-container\">\n<div class=\"row\">\n<div class=\"nv-single-page-wrap col\">\n<div class=\"nv-content-wrap entry-content\">\n<p><strong>Daha fazla Havaalan\u0131 Sigara i\u00e7ilen alan\u00a0<\/strong><\/p>\n<ul>\n<li><a href=\"https:\/\/airportsmokinglounge.com\/tr\/kuzey-amerikanin-havaalanlarinda-sigara-icmek\/\">Kuzey Amerika<\/a><\/li>\n<li><a href=\"https:\/\/airportsmokinglounge.com\/tr\/guney-amerika-havaalanlarinda-sigara-icilmesi\/\">G\u00fcney Amerika<\/a><\/li>\n<li><a href=\"https:\/\/airportsmokinglounge.com\/tr\/avrupa-havalimanlarindaki-sigara-icme-alanlari\/\">Avrupa<\/a><\/li>\n<li><a href=\"https:\/\/airportsmokinglounge.com\/tr\/asyadaki-havaalanlarinda-sigara-icmek\/\">Asya<\/a><\/li>\n<li><a href=\"https:\/\/airportsmokinglounge.com\/tr\/okyanusya-havalimanlarinda-sigara-icmek\/\">Okyanusya<\/a><\/li>\n<li><a href=\"https:\/\/airportsmokinglounge.com\/tr\/afrikada-havaalanlarinda-sigara-icmek\/\">Afrika<\/a><\/li>\n<\/ul>\n<\/div>\n<\/div>\n<\/div>\n<\/div>\n<p>&nbsp;<\/p>\n<footer id=\"site-footer\" class=\"site-footer\">\n<div class=\"hfg_footer\">\n<div id=\"cb-row--footer-top\" class=\"footer--row footer-top layout-full-contained\" data-row-id=\"top\" data-show-on=\"desktop\">\n<div class=\"footer--row-inner footer-top-inner footer-content-wrap\">\n<div class=\"container\">\n<div class=\"hfg-grid nv-footer-content hfg-grid-top row--wrapper row\" data-section=\"hfg_footer_layout_top\">\n<div class=\"hfg-slot left\">\n<div class=\"builder-item desktop-left tablet-left mobile-left\">\n<div class=\"item--inner builder-item--footer-one-widgets\" data-section=\"neve_sidebar-widgets-footer-one-widgets\" data-item-id=\"footer-one-widgets\">\n<div class=\"widget-area\">\n<div id=\"text-2\" class=\"widget widget_text\">\n<div class=\"textwidget\"><\/div>\n<\/div>\n<\/div>\n<\/div>\n<\/div>\n<\/div>\n<\/div>\n<\/div>\n<\/div>\n<\/div>\n<\/div>\n<\/footer>","protected":false},"excerpt":{"rendered":"<p>Finlandiya&#039;da hem i\u00e7 hem de uluslararas\u0131 yolculara hizmet veren bir\u00e7ok havaalan\u0131 bulunmaktad\u0131r. \u00dclke, verimli ve modern havaalan\u0131 tesisleriyle tan\u0131nmaktad\u0131r. Bu havaalanlar\u0131n\u0131n tamam\u0131, restoranlar, ma\u011fazalar ve di\u011fer olanaklar da dahil olmak \u00fczere yolcular\u0131n ihtiya\u00e7lar\u0131n\u0131 kar\u015f\u0131layacak modern tesislerle donat\u0131lm\u0131\u015ft\u0131r. Ayr\u0131ca, hepsinde ilgili mevzuata uygun olarak belirlenmi\u015f sigara i\u00e7me alanlar\u0131 bulunmaktad\u0131r\u2026&nbsp;<a href=\"https:\/\/airportsmokinglounge.com\/tr\/finlandiya-havalimanlarindaki-sigara-icme-alanlari\/\" rel=\"bookmark\">Devam\u0131n\u0131 oku &quot;<span class=\"screen-reader-text\">Finlandiya havalimanlar\u0131ndaki sigara i\u00e7me alanlar\u0131<\/span><\/a><\/p>","protected":false},"author":1,"featured_media":1199,"parent":0,"menu_order":0,"comment_status":"closed","ping_status":"closed","template":"","meta":{"neve_meta_sidebar":"","neve_meta_container":"","neve_meta_enable_content_width":"off","neve_meta_content_width":100,"neve_meta_title_alignment":"","neve_meta_author_avatar":"","neve_post_elements_order":"","neve_meta_disable_header":"","neve_meta_disable_footer":"","neve_meta_disable_title":"","neve_meta_reading_time":"","footnotes":""},"class_list":["post-159","page","type-page","status-publish","has-post-thumbnail","hentry"],"yoast_head":"<!-- This site is optimized with the Yoast SEO plugin v26.6 - https:\/\/yoast.com\/wordpress\/plugins\/seo\/ -->\n<title>Smoking areas in Finland&#039;s airports - airportsmokinglounge.com<\/title>\n<meta name=\"description\" content=\"Smoking Areas in Finland&#039;s Airports - Your Ultimate Guide to Finding a Place to Smoke \u2714\ufe0e Find Your Next Smoke Break Spot \u2714\ufe0e\" \/>\n<meta name=\"robots\" content=\"index, follow, max-snippet:-1, max-image-preview:large, max-video-preview:-1\" \/>\n<link rel=\"canonical\" href=\"https:\/\/airportsmokinglounge.com\/tr\/finlandiya-havalimanlarindaki-sigara-icme-alanlari\/\" \/>\n<meta property=\"og:locale\" content=\"tr_TR\" \/>\n<meta property=\"og:type\" content=\"article\" \/>\n<meta property=\"og:title\" content=\"Smoking areas in Finland&#039;s airports - airportsmokinglounge.com\" \/>\n<meta property=\"og:description\" content=\"Smoking Areas in Finland&#039;s Airports - Your Ultimate Guide to Finding a Place to Smoke \u2714\ufe0e Find Your Next Smoke Break Spot \u2714\ufe0e\" \/>\n<meta property=\"og:url\" content=\"https:\/\/airportsmokinglounge.com\/tr\/finlandiya-havalimanlarindaki-sigara-icme-alanlari\/\" \/>\n<meta property=\"og:site_name\" content=\"airportsmokinglounge.com\" \/>\n<meta property=\"article:modified_time\" content=\"2023-05-26T10:32:38+00:00\" \/>\n<meta property=\"og:image\" content=\"https:\/\/airportsmokinglounge.com\/wp-content\/uploads\/2023\/03\/airport-smoking-lounge-4.jpg\" \/>\n\t<meta property=\"og:image:width\" content=\"2048\" \/>\n\t<meta property=\"og:image:height\" content=\"1152\" \/>\n\t<meta property=\"og:image:type\" content=\"image\/jpeg\" \/>\n<meta name=\"twitter:card\" content=\"summary_large_image\" \/>\n<meta name=\"twitter:label1\" content=\"Tahmini okuma s\u00fcresi\" \/>\n\t<meta name=\"twitter:data1\" content=\"2 dakika\" \/>\n<script type=\"application\/ld+json\" class=\"yoast-schema-graph\">{\"@context\":\"https:\/\/schema.org\",\"@graph\":[{\"@type\":\"WebPage\",\"@id\":\"https:\/\/airportsmokinglounge.com\/smoking-areas-in-finlands-airports\/\",\"url\":\"https:\/\/airportsmokinglounge.com\/smoking-areas-in-finlands-airports\/\",\"name\":\"Smoking areas in Finland's airports - airportsmokinglounge.com\",\"isPartOf\":{\"@id\":\"https:\/\/airportsmokinglounge.com\/#website\"},\"primaryImageOfPage\":{\"@id\":\"https:\/\/airportsmokinglounge.com\/smoking-areas-in-finlands-airports\/#primaryimage\"},\"image\":{\"@id\":\"https:\/\/airportsmokinglounge.com\/smoking-areas-in-finlands-airports\/#primaryimage\"},\"thumbnailUrl\":\"https:\/\/airportsmokinglounge.com\/wp-content\/uploads\/2023\/03\/airport-smoking-lounge-4.jpg\",\"datePublished\":\"2023-02-23T17:57:12+00:00\",\"dateModified\":\"2023-05-26T10:32:38+00:00\",\"description\":\"Smoking Areas in Finland's Airports - Your Ultimate Guide to Finding a Place to Smoke \u2714\ufe0e Find Your Next Smoke Break Spot \u2714\ufe0e\",\"breadcrumb\":{\"@id\":\"https:\/\/airportsmokinglounge.com\/smoking-areas-in-finlands-airports\/#breadcrumb\"},\"inLanguage\":\"tr\",\"potentialAction\":[{\"@type\":\"ReadAction\",\"target\":[\"https:\/\/airportsmokinglounge.com\/smoking-areas-in-finlands-airports\/\"]}]},{\"@type\":\"ImageObject\",\"inLanguage\":\"tr\",\"@id\":\"https:\/\/airportsmokinglounge.com\/smoking-areas-in-finlands-airports\/#primaryimage\",\"url\":\"https:\/\/airportsmokinglounge.com\/wp-content\/uploads\/2023\/03\/airport-smoking-lounge-4.jpg\",\"contentUrl\":\"https:\/\/airportsmokinglounge.com\/wp-content\/uploads\/2023\/03\/airport-smoking-lounge-4.jpg\",\"width\":2048,\"height\":1152,\"caption\":\"Airport Smoking\"},{\"@type\":\"BreadcrumbList\",\"@id\":\"https:\/\/airportsmokinglounge.com\/smoking-areas-in-finlands-airports\/#breadcrumb\",\"itemListElement\":[{\"@type\":\"ListItem\",\"position\":1,\"name\":\"Home\",\"item\":\"https:\/\/airportsmokinglounge.com\/\"},{\"@type\":\"ListItem\",\"position\":2,\"name\":\"Smoking areas in Finland&#8217;s airports\"}]},{\"@type\":\"WebSite\",\"@id\":\"https:\/\/airportsmokinglounge.com\/#website\",\"url\":\"https:\/\/airportsmokinglounge.com\/\",\"name\":\"airportsmokinglounge.com\",\"description\":\"\",\"potentialAction\":[{\"@type\":\"SearchAction\",\"target\":{\"@type\":\"EntryPoint\",\"urlTemplate\":\"https:\/\/airportsmokinglounge.com\/?s={search_term_string}\"},\"query-input\":{\"@type\":\"PropertyValueSpecification\",\"valueRequired\":true,\"valueName\":\"search_term_string\"}}],\"inLanguage\":\"tr\"}]}<\/script>\n<!-- \/ Yoast SEO plugin. -->","yoast_head_json":{"title":"Finlandiya havalimanlar\u0131ndaki sigara i\u00e7ilen alanlar - Airport Smokinglounge.com","description":"Finlandiya Havalimanlar\u0131ndaki Sigara \u0130\u00e7ilen Alanlar - Sigara \u0130\u00e7ilecek Bir Yer Bulmak \u0130\u00e7in En \u0130yi Rehberiniz \u2714\ufe0e Bir Sonraki Sigara \u0130\u00e7me Noktan\u0131z\u0131 Bulun \u2714\ufe0e","robots":{"index":"index","follow":"follow","max-snippet":"max-snippet:-1","max-image-preview":"max-image-preview:large","max-video-preview":"max-video-preview:-1"},"canonical":"https:\/\/airportsmokinglounge.com\/tr\/finlandiya-havalimanlarindaki-sigara-icme-alanlari\/","og_locale":"tr_TR","og_type":"article","og_title":"Smoking areas in Finland's airports - airportsmokinglounge.com","og_description":"Smoking Areas in Finland's Airports - Your Ultimate Guide to Finding a Place to Smoke \u2714\ufe0e Find Your Next Smoke Break Spot \u2714\ufe0e","og_url":"https:\/\/airportsmokinglounge.com\/tr\/finlandiya-havalimanlarindaki-sigara-icme-alanlari\/","og_site_name":"airportsmokinglounge.com","article_modified_time":"2023-05-26T10:32:38+00:00","og_image":[{"width":2048,"height":1152,"url":"https:\/\/airportsmokinglounge.com\/wp-content\/uploads\/2023\/03\/airport-smoking-lounge-4.jpg","type":"image\/jpeg"}],"twitter_card":"summary_large_image","twitter_misc":{"Tahmini okuma s\u00fcresi":"2 dakika"},"schema":{"@context":"https:\/\/schema.org","@graph":[{"@type":"WebPage","@id":"https:\/\/airportsmokinglounge.com\/smoking-areas-in-finlands-airports\/","url":"https:\/\/airportsmokinglounge.com\/smoking-areas-in-finlands-airports\/","name":"Finlandiya havalimanlar\u0131ndaki sigara i\u00e7ilen alanlar - Airport Smokinglounge.com","isPartOf":{"@id":"https:\/\/airportsmokinglounge.com\/#website"},"primaryImageOfPage":{"@id":"https:\/\/airportsmokinglounge.com\/smoking-areas-in-finlands-airports\/#primaryimage"},"image":{"@id":"https:\/\/airportsmokinglounge.com\/smoking-areas-in-finlands-airports\/#primaryimage"},"thumbnailUrl":"https:\/\/airportsmokinglounge.com\/wp-content\/uploads\/2023\/03\/airport-smoking-lounge-4.jpg","datePublished":"2023-02-23T17:57:12+00:00","dateModified":"2023-05-26T10:32:38+00:00","description":"Finlandiya Havalimanlar\u0131ndaki Sigara \u0130\u00e7ilen Alanlar - Sigara \u0130\u00e7ilecek Bir Yer Bulmak \u0130\u00e7in En \u0130yi Rehberiniz \u2714\ufe0e Bir Sonraki Sigara \u0130\u00e7me Noktan\u0131z\u0131 Bulun \u2714\ufe0e","breadcrumb":{"@id":"https:\/\/airportsmokinglounge.com\/smoking-areas-in-finlands-airports\/#breadcrumb"},"inLanguage":"tr","potentialAction":[{"@type":"ReadAction","target":["https:\/\/airportsmokinglounge.com\/smoking-areas-in-finlands-airports\/"]}]},{"@type":"ImageObject","inLanguage":"tr","@id":"https:\/\/airportsmokinglounge.com\/smoking-areas-in-finlands-airports\/#primaryimage","url":"https:\/\/airportsmokinglounge.com\/wp-content\/uploads\/2023\/03\/airport-smoking-lounge-4.jpg","contentUrl":"https:\/\/airportsmokinglounge.com\/wp-content\/uploads\/2023\/03\/airport-smoking-lounge-4.jpg","width":2048,"height":1152,"caption":"Airport Smoking"},{"@type":"BreadcrumbList","@id":"https:\/\/airportsmokinglounge.com\/smoking-areas-in-finlands-airports\/#breadcrumb","itemListElement":[{"@type":"ListItem","position":1,"name":"Home","item":"https:\/\/airportsmokinglounge.com\/"},{"@type":"ListItem","position":2,"name":"Smoking areas in Finland&#8217;s airports"}]},{"@type":"WebSite","@id":"https:\/\/airportsmokinglounge.com\/#website","url":"https:\/\/airportsmokinglounge.com\/","name":"havaalan\u0131sigara salonu.com","description":"","potentialAction":[{"@type":"SearchAction","target":{"@type":"EntryPoint","urlTemplate":"https:\/\/airportsmokinglounge.com\/?s={search_term_string}"},"query-input":{"@type":"PropertyValueSpecification","valueRequired":true,"valueName":"search_term_string"}}],"inLanguage":"tr"}]}},"_links":{"self":[{"href":"https:\/\/airportsmokinglounge.com\/tr\/wp-json\/wp\/v2\/pages\/159","targetHints":{"allow":["GET"]}}],"collection":[{"href":"https:\/\/airportsmokinglounge.com\/tr\/wp-json\/wp\/v2\/pages"}],"about":[{"href":"https:\/\/airportsmokinglounge.com\/tr\/wp-json\/wp\/v2\/types\/page"}],"author":[{"embeddable":true,"href":"https:\/\/airportsmokinglounge.com\/tr\/wp-json\/wp\/v2\/users\/1"}],"replies":[{"embeddable":true,"href":"https:\/\/airportsmokinglounge.com\/tr\/wp-json\/wp\/v2\/comments?post=159"}],"version-history":[{"count":6,"href":"https:\/\/airportsmokinglounge.com\/tr\/wp-json\/wp\/v2\/pages\/159\/revisions"}],"predecessor-version":[{"id":6153,"href":"https:\/\/airportsmokinglounge.com\/tr\/wp-json\/wp\/v2\/pages\/159\/revisions\/6153"}],"wp:featuredmedia":[{"embeddable":true,"href":"https:\/\/airportsmokinglounge.com\/tr\/wp-json\/wp\/v2\/media\/1199"}],"wp:attachment":[{"href":"https:\/\/airportsmokinglounge.com\/tr\/wp-json\/wp\/v2\/media?parent=159"}],"curies":[{"name":"wp","href":"https:\/\/api.w.org\/{rel}","templated":true}]}}