{"id":168,"date":"2023-02-23T19:29:47","date_gmt":"2023-02-23T18:29:47","guid":{"rendered":"https:\/\/airportsmokinglounge.com\/?page_id=168"},"modified":"2023-05-26T19:49:57","modified_gmt":"2023-05-26T17:49:57","slug":"smoking-areas-in-hungarys-airports","status":"publish","type":"page","link":"https:\/\/airportsmokinglounge.com\/tr\/macaristan-havalimanlarindaki-sigara-icme-alanlari\/","title":{"rendered":"Macaristan havalimanlar\u0131ndaki sigara i\u00e7me alanlar\u0131"},"content":{"rendered":"<p>\u00dclkede \u00e7ok daha fazla uluslararas\u0131 ve yerel grip salg\u0131n\u0131n\u0131 ortadan kald\u0131r\u0131n.<\/p>\n<p>Bu web sitesinde, belirlenmi\u015f sigara i\u00e7me alanlar\u0131 ve mevcut tesisler dahil olmak \u00fczere havalimanlar\u0131ndaki t\u00fcm sigara i\u00e7me alanlar\u0131n\u0131 bulabilirsiniz. G\u00fcvenlikten ge\u00e7ip hi\u00e7bir yerde sigara i\u00e7ilen alanlar\u0131n olmad\u0131\u011f\u0131n\u0131 ve baz\u0131 durumlarda e-sigara i\u00e7ilmesine izin verilmeyebilece\u011fini g\u00f6rmenin hayal k\u0131r\u0131kl\u0131\u011f\u0131n\u0131 anl\u0131yoruz.<\/p>\n<p>Bu hizmet, uzun u\u00e7u\u015flardan \u00f6nce veya sonra sigara keyfi yapmak isteyen t\u00fcm sigara i\u00e7enler i\u00e7indir.<\/p>\n<h2>Macaristan&#039;daki havalimanlar\u0131<\/h2>\n<ul style=\"list-style-type: circle;\">\n<li><a href=\"https:\/\/airportsmokinglounge.com\/tr\/budapeste-ferenc-liszt-havaalani-tomurcugunda-sigara-icme-alanlari\/\">BUDAPE\u015eTE LISZT FERENC HAVAL\u0130MANI (BUD)<\/a><\/li>\n<li><a href=\"https:\/\/airportsmokinglounge.com\/tr\/debrecen-uluslararasi-havalimaninda-sigara-icilen-alanlar-deb\/\">DEBRECEN ULUSLARARASI HAVAL\u0130MANI (DEB)<\/a><\/li>\n<li><a href=\"https:\/\/airportsmokinglounge.com\/tr\/sigara-icme-alanlari-sarmellek-balaton-havaalani-hickirik\/\">S\u00c1RMELL\u00c9K ULUSLARARASI HAVAL\u0130MANI (SOB)<\/a><\/li>\n<\/ul>\n<h2>Macaristan Sigara Yasas\u0131<\/h2>\n<p>Macaristan&#039;da daha sa\u011fl\u0131kl\u0131 bir \u00e7evre sa\u011flamak ve bireyleri pasif i\u00e7icili\u011fin zararl\u0131 etkilerinden korumak i\u00e7in sigara i\u00e7me yasalar\u0131 uygulamaya konmu\u015ftur. Macaristan&#039;\u0131n sigara i\u00e7me yasalar\u0131na ili\u015fkin baz\u0131 \u00f6nemli noktalar \u015funlard\u0131r:<br \/>\nKamuya A\u00e7\u0131k Kapal\u0131 Alanlarda Sigara Yasa\u011f\u0131: \u0130\u015fyerleri, kamu binalar\u0131, e\u011fitim kurumlar\u0131, sa\u011fl\u0131k tesisleri, toplu ta\u015f\u0131ma, restoran, bar, kafe ve al\u0131\u015fveri\u015f merkezleri gibi halka a\u00e7\u0131k \u00e7o\u011fu kapal\u0131 alanda sigara i\u00e7mek yasakt\u0131r. Bu yasak ayn\u0131 zamanda terminal binalar\u0131 ve di\u011fer kapal\u0131 alanlar da dahil olmak \u00fczere havalimanlar\u0131n\u0131 da kapsamaktad\u0131r.<\/p>\n<p>Belirlenmi\u015f Sigara \u0130\u00e7ilebilir Alanlar: Baz\u0131 d\u0131\u015f mekanlarda veya kurulu\u015flarda belirlenmi\u015f sigara i\u00e7me alanlar\u0131 mevcut olabilir. Ancak bu alanlar belirli d\u00fczenlemelere tabidir ve iyi havaland\u0131r\u0131lm\u0131\u015f olmas\u0131 ve sigara i\u00e7ilmeyen alanlardan ayr\u0131lm\u0131\u015f olmas\u0131 gibi belirli kriterlere uymas\u0131 gerekir.<\/p>\n<p>Uyar\u0131 Levhalar\u0131 ve Sigara \u0130\u00e7ilmez Duyurular\u0131: \u0130\u015fletmelerin giri\u015flerinde ziyaret\u00e7ilere sigara i\u00e7menin yasak oldu\u011fu konusunda bilgi veren uyar\u0131 levhalar\u0131 ve sigara i\u00e7ilmez uyar\u0131lar\u0131n\u0131n as\u0131lmas\u0131 zorunludur.<\/p>\n<p><strong>Daha fazla Havaalan\u0131 Sigara i\u00e7ilen alan\u00a0<\/strong><\/p>\n<ul>\n<li><a href=\"https:\/\/airportsmokinglounge.com\/tr\/kuzey-amerikanin-havaalanlarinda-sigara-icmek\/\">Kuzey Amerika<\/a><\/li>\n<li><a href=\"https:\/\/airportsmokinglounge.com\/tr\/guney-amerika-havaalanlarinda-sigara-icilmesi\/\">G\u00fcney Amerika<\/a><\/li>\n<li><a href=\"https:\/\/airportsmokinglounge.com\/tr\/avrupa-havalimanlarindaki-sigara-icme-alanlari\/\">Avrupa<\/a><\/li>\n<li><a href=\"https:\/\/airportsmokinglounge.com\/tr\/asyadaki-havaalanlarinda-sigara-icmek\/\">Asya<\/a><\/li>\n<li><a href=\"https:\/\/airportsmokinglounge.com\/tr\/okyanusya-havalimanlarinda-sigara-icmek\/\">Okyanusya<\/a><\/li>\n<li><a href=\"https:\/\/airportsmokinglounge.com\/tr\/afrikada-havaalanlarinda-sigara-icmek\/\">Afrika<\/a><\/li>\n<\/ul>","protected":false},"excerpt":{"rendered":"<p>\u00dclkede \u00e7ok daha fazla uluslararas\u0131 ve yerel grip salg\u0131n\u0131n\u0131 ortadan kald\u0131r\u0131n. Bu web sitesinde, belirlenmi\u015f sigara i\u00e7me alanlar\u0131 ve mevcut tesisler de dahil olmak \u00fczere havalimanlar\u0131ndaki t\u00fcm sigara i\u00e7me alanlar\u0131n\u0131 bulabilirsiniz. Sadece hi\u00e7bir yerde sigara i\u00e7ilen alan olmad\u0131\u011f\u0131n\u0131 bulmak i\u00e7in g\u00fcvenlikten ge\u00e7menin hayal k\u0131r\u0131kl\u0131\u011f\u0131n\u0131 anl\u0131yoruz ve baz\u0131 durumlarda\u2026&nbsp;<a href=\"https:\/\/airportsmokinglounge.com\/tr\/macaristan-havalimanlarindaki-sigara-icme-alanlari\/\" rel=\"bookmark\">Devam\u0131n\u0131 oku &quot;<span class=\"screen-reader-text\">Macaristan havalimanlar\u0131ndaki sigara i\u00e7me alanlar\u0131<\/span><\/a><\/p>","protected":false},"author":1,"featured_media":1199,"parent":0,"menu_order":0,"comment_status":"closed","ping_status":"closed","template":"","meta":{"neve_meta_sidebar":"","neve_meta_container":"","neve_meta_enable_content_width":"off","neve_meta_content_width":100,"neve_meta_title_alignment":"","neve_meta_author_avatar":"","neve_post_elements_order":"","neve_meta_disable_header":"","neve_meta_disable_footer":"","neve_meta_disable_title":"","neve_meta_reading_time":"","footnotes":""},"class_list":["post-168","page","type-page","status-publish","has-post-thumbnail","hentry"],"yoast_head":"<!-- This site is optimized with the Yoast SEO plugin v26.6 - https:\/\/yoast.com\/wordpress\/plugins\/seo\/ -->\n<title>Smoking areas in Hungary&#039;s airports - airportsmokinglounge.com<\/title>\n<meta name=\"description\" content=\"Smoking Areas in Hungary&#039;s Airports - Your Ultimate Guide to Finding a Place to Smoke \u2714\ufe0e Find Your Next Smoke Break Spot \u2714\ufe0e\" \/>\n<meta name=\"robots\" content=\"index, follow, max-snippet:-1, max-image-preview:large, max-video-preview:-1\" \/>\n<link rel=\"canonical\" href=\"https:\/\/airportsmokinglounge.com\/tr\/macaristan-havalimanlarindaki-sigara-icme-alanlari\/\" \/>\n<meta property=\"og:locale\" content=\"tr_TR\" \/>\n<meta property=\"og:type\" content=\"article\" \/>\n<meta property=\"og:title\" content=\"Smoking areas in Hungary&#039;s airports - airportsmokinglounge.com\" \/>\n<meta property=\"og:description\" content=\"Smoking Areas in Hungary&#039;s Airports - Your Ultimate Guide to Finding a Place to Smoke \u2714\ufe0e Find Your Next Smoke Break Spot \u2714\ufe0e\" \/>\n<meta property=\"og:url\" content=\"https:\/\/airportsmokinglounge.com\/tr\/macaristan-havalimanlarindaki-sigara-icme-alanlari\/\" \/>\n<meta property=\"og:site_name\" content=\"airportsmokinglounge.com\" \/>\n<meta property=\"article:modified_time\" content=\"2023-05-26T17:49:57+00:00\" \/>\n<meta property=\"og:image\" content=\"https:\/\/airportsmokinglounge.com\/wp-content\/uploads\/2023\/03\/airport-smoking-lounge-4.jpg\" \/>\n\t<meta property=\"og:image:width\" content=\"2048\" \/>\n\t<meta property=\"og:image:height\" content=\"1152\" \/>\n\t<meta property=\"og:image:type\" content=\"image\/jpeg\" \/>\n<meta name=\"twitter:card\" content=\"summary_large_image\" \/>\n<meta name=\"twitter:label1\" content=\"Tahmini okuma s\u00fcresi\" \/>\n\t<meta name=\"twitter:data1\" content=\"2 dakika\" \/>\n<script type=\"application\/ld+json\" class=\"yoast-schema-graph\">{\"@context\":\"https:\/\/schema.org\",\"@graph\":[{\"@type\":\"WebPage\",\"@id\":\"https:\/\/airportsmokinglounge.com\/smoking-areas-in-hungarys-airports\/\",\"url\":\"https:\/\/airportsmokinglounge.com\/smoking-areas-in-hungarys-airports\/\",\"name\":\"Smoking areas in Hungary's airports - airportsmokinglounge.com\",\"isPartOf\":{\"@id\":\"https:\/\/airportsmokinglounge.com\/#website\"},\"primaryImageOfPage\":{\"@id\":\"https:\/\/airportsmokinglounge.com\/smoking-areas-in-hungarys-airports\/#primaryimage\"},\"image\":{\"@id\":\"https:\/\/airportsmokinglounge.com\/smoking-areas-in-hungarys-airports\/#primaryimage\"},\"thumbnailUrl\":\"https:\/\/airportsmokinglounge.com\/wp-content\/uploads\/2023\/03\/airport-smoking-lounge-4.jpg\",\"datePublished\":\"2023-02-23T18:29:47+00:00\",\"dateModified\":\"2023-05-26T17:49:57+00:00\",\"description\":\"Smoking Areas in Hungary's Airports - Your Ultimate Guide to Finding a Place to Smoke \u2714\ufe0e Find Your Next Smoke Break Spot \u2714\ufe0e\",\"breadcrumb\":{\"@id\":\"https:\/\/airportsmokinglounge.com\/smoking-areas-in-hungarys-airports\/#breadcrumb\"},\"inLanguage\":\"tr\",\"potentialAction\":[{\"@type\":\"ReadAction\",\"target\":[\"https:\/\/airportsmokinglounge.com\/smoking-areas-in-hungarys-airports\/\"]}]},{\"@type\":\"ImageObject\",\"inLanguage\":\"tr\",\"@id\":\"https:\/\/airportsmokinglounge.com\/smoking-areas-in-hungarys-airports\/#primaryimage\",\"url\":\"https:\/\/airportsmokinglounge.com\/wp-content\/uploads\/2023\/03\/airport-smoking-lounge-4.jpg\",\"contentUrl\":\"https:\/\/airportsmokinglounge.com\/wp-content\/uploads\/2023\/03\/airport-smoking-lounge-4.jpg\",\"width\":2048,\"height\":1152,\"caption\":\"Airport Smoking\"},{\"@type\":\"BreadcrumbList\",\"@id\":\"https:\/\/airportsmokinglounge.com\/smoking-areas-in-hungarys-airports\/#breadcrumb\",\"itemListElement\":[{\"@type\":\"ListItem\",\"position\":1,\"name\":\"Home\",\"item\":\"https:\/\/airportsmokinglounge.com\/\"},{\"@type\":\"ListItem\",\"position\":2,\"name\":\"Smoking areas in Hungary&#8217;s airports\"}]},{\"@type\":\"WebSite\",\"@id\":\"https:\/\/airportsmokinglounge.com\/#website\",\"url\":\"https:\/\/airportsmokinglounge.com\/\",\"name\":\"airportsmokinglounge.com\",\"description\":\"\",\"potentialAction\":[{\"@type\":\"SearchAction\",\"target\":{\"@type\":\"EntryPoint\",\"urlTemplate\":\"https:\/\/airportsmokinglounge.com\/?s={search_term_string}\"},\"query-input\":{\"@type\":\"PropertyValueSpecification\",\"valueRequired\":true,\"valueName\":\"search_term_string\"}}],\"inLanguage\":\"tr\"}]}<\/script>\n<!-- \/ Yoast SEO plugin. -->","yoast_head_json":{"title":"Macaristan&#039;\u0131n havalimanlar\u0131ndaki sigara i\u00e7ilen alanlar - Airport Smokinglounge.com","description":"Macaristan Havalimanlar\u0131ndaki Sigara \u0130\u00e7ilen Alanlar - Sigara \u0130\u00e7ilecek Bir Yer Bulmak \u0130\u00e7in En \u0130yi Rehberiniz \u2714\ufe0e Bir Sonraki Sigara \u0130\u00e7me Noktan\u0131z\u0131 Bulun \u2714\ufe0e","robots":{"index":"index","follow":"follow","max-snippet":"max-snippet:-1","max-image-preview":"max-image-preview:large","max-video-preview":"max-video-preview:-1"},"canonical":"https:\/\/airportsmokinglounge.com\/tr\/macaristan-havalimanlarindaki-sigara-icme-alanlari\/","og_locale":"tr_TR","og_type":"article","og_title":"Smoking areas in Hungary's airports - airportsmokinglounge.com","og_description":"Smoking Areas in Hungary's Airports - Your Ultimate Guide to Finding a Place to Smoke \u2714\ufe0e Find Your Next Smoke Break Spot \u2714\ufe0e","og_url":"https:\/\/airportsmokinglounge.com\/tr\/macaristan-havalimanlarindaki-sigara-icme-alanlari\/","og_site_name":"airportsmokinglounge.com","article_modified_time":"2023-05-26T17:49:57+00:00","og_image":[{"width":2048,"height":1152,"url":"https:\/\/airportsmokinglounge.com\/wp-content\/uploads\/2023\/03\/airport-smoking-lounge-4.jpg","type":"image\/jpeg"}],"twitter_card":"summary_large_image","twitter_misc":{"Tahmini okuma s\u00fcresi":"2 dakika"},"schema":{"@context":"https:\/\/schema.org","@graph":[{"@type":"WebPage","@id":"https:\/\/airportsmokinglounge.com\/smoking-areas-in-hungarys-airports\/","url":"https:\/\/airportsmokinglounge.com\/smoking-areas-in-hungarys-airports\/","name":"Macaristan&#039;\u0131n havalimanlar\u0131ndaki sigara i\u00e7ilen alanlar - Airport Smokinglounge.com","isPartOf":{"@id":"https:\/\/airportsmokinglounge.com\/#website"},"primaryImageOfPage":{"@id":"https:\/\/airportsmokinglounge.com\/smoking-areas-in-hungarys-airports\/#primaryimage"},"image":{"@id":"https:\/\/airportsmokinglounge.com\/smoking-areas-in-hungarys-airports\/#primaryimage"},"thumbnailUrl":"https:\/\/airportsmokinglounge.com\/wp-content\/uploads\/2023\/03\/airport-smoking-lounge-4.jpg","datePublished":"2023-02-23T18:29:47+00:00","dateModified":"2023-05-26T17:49:57+00:00","description":"Macaristan Havalimanlar\u0131ndaki Sigara \u0130\u00e7ilen Alanlar - Sigara \u0130\u00e7ilecek Bir Yer Bulmak \u0130\u00e7in En \u0130yi Rehberiniz \u2714\ufe0e Bir Sonraki Sigara \u0130\u00e7me Noktan\u0131z\u0131 Bulun \u2714\ufe0e","breadcrumb":{"@id":"https:\/\/airportsmokinglounge.com\/smoking-areas-in-hungarys-airports\/#breadcrumb"},"inLanguage":"tr","potentialAction":[{"@type":"ReadAction","target":["https:\/\/airportsmokinglounge.com\/smoking-areas-in-hungarys-airports\/"]}]},{"@type":"ImageObject","inLanguage":"tr","@id":"https:\/\/airportsmokinglounge.com\/smoking-areas-in-hungarys-airports\/#primaryimage","url":"https:\/\/airportsmokinglounge.com\/wp-content\/uploads\/2023\/03\/airport-smoking-lounge-4.jpg","contentUrl":"https:\/\/airportsmokinglounge.com\/wp-content\/uploads\/2023\/03\/airport-smoking-lounge-4.jpg","width":2048,"height":1152,"caption":"Airport Smoking"},{"@type":"BreadcrumbList","@id":"https:\/\/airportsmokinglounge.com\/smoking-areas-in-hungarys-airports\/#breadcrumb","itemListElement":[{"@type":"ListItem","position":1,"name":"Home","item":"https:\/\/airportsmokinglounge.com\/"},{"@type":"ListItem","position":2,"name":"Smoking areas in Hungary&#8217;s airports"}]},{"@type":"WebSite","@id":"https:\/\/airportsmokinglounge.com\/#website","url":"https:\/\/airportsmokinglounge.com\/","name":"havaalan\u0131sigara salonu.com","description":"","potentialAction":[{"@type":"SearchAction","target":{"@type":"EntryPoint","urlTemplate":"https:\/\/airportsmokinglounge.com\/?s={search_term_string}"},"query-input":{"@type":"PropertyValueSpecification","valueRequired":true,"valueName":"search_term_string"}}],"inLanguage":"tr"}]}},"_links":{"self":[{"href":"https:\/\/airportsmokinglounge.com\/tr\/wp-json\/wp\/v2\/pages\/168","targetHints":{"allow":["GET"]}}],"collection":[{"href":"https:\/\/airportsmokinglounge.com\/tr\/wp-json\/wp\/v2\/pages"}],"about":[{"href":"https:\/\/airportsmokinglounge.com\/tr\/wp-json\/wp\/v2\/types\/page"}],"author":[{"embeddable":true,"href":"https:\/\/airportsmokinglounge.com\/tr\/wp-json\/wp\/v2\/users\/1"}],"replies":[{"embeddable":true,"href":"https:\/\/airportsmokinglounge.com\/tr\/wp-json\/wp\/v2\/comments?post=168"}],"version-history":[{"count":9,"href":"https:\/\/airportsmokinglounge.com\/tr\/wp-json\/wp\/v2\/pages\/168\/revisions"}],"predecessor-version":[{"id":6236,"href":"https:\/\/airportsmokinglounge.com\/tr\/wp-json\/wp\/v2\/pages\/168\/revisions\/6236"}],"wp:featuredmedia":[{"embeddable":true,"href":"https:\/\/airportsmokinglounge.com\/tr\/wp-json\/wp\/v2\/media\/1199"}],"wp:attachment":[{"href":"https:\/\/airportsmokinglounge.com\/tr\/wp-json\/wp\/v2\/media?parent=168"}],"curies":[{"name":"wp","href":"https:\/\/api.w.org\/{rel}","templated":true}]}}