{"id":171,"date":"2023-02-23T19:32:57","date_gmt":"2023-02-23T18:32:57","guid":{"rendered":"https:\/\/airportsmokinglounge.com\/?page_id=171"},"modified":"2023-05-18T11:59:16","modified_gmt":"2023-05-18T09:59:16","slug":"smoking-areas-in-icelands-airports","status":"publish","type":"page","link":"https:\/\/airportsmokinglounge.com\/tr\/izlanda-havalimanlarindaki-sigara-icme-alanlari\/","title":{"rendered":"\u0130zlanda havalimanlar\u0131ndaki sigara i\u00e7me alanlar\u0131"},"content":{"rendered":"<p>\u0130zlanda&#039;da yurt i\u00e7i ve yurt d\u0131\u015f\u0131 u\u00e7u\u015flara hizmet veren bir\u00e7ok havaalan\u0131 bulunmaktad\u0131r.<\/p>\n<p>Bu web sitesinde, belirlenmi\u015f sigara i\u00e7me alanlar\u0131 ve mevcut tesisler dahil olmak \u00fczere havalimanlar\u0131ndaki t\u00fcm sigara i\u00e7me alanlar\u0131n\u0131 bulabilirsiniz. G\u00fcvenlikten ge\u00e7ip hi\u00e7bir yerde sigara i\u00e7ilen alanlar\u0131n olmad\u0131\u011f\u0131n\u0131 ve baz\u0131 durumlarda e-sigara i\u00e7ilmesine izin verilmeyebilece\u011fini g\u00f6rmenin hayal k\u0131r\u0131kl\u0131\u011f\u0131n\u0131 anl\u0131yoruz.<\/p>\n<p>Bu hizmet, uzun u\u00e7u\u015flardan \u00f6nce veya sonra sigara keyfi yapmak isteyen t\u00fcm sigara i\u00e7enler i\u00e7indir.<\/p>\n<h2>\u0130zlanda&#039;daki havalimanlar\u0131<\/h2>\n<ul style=\"list-style-type: circle;\">\n<li><a href=\"https:\/\/airportsmokinglounge.com\/tr\/keflavik-uluslararasi-havaalaninda-sigara-icme-alanlari-kef\/\">KEFLAV\u0130K ULUSLARARASI HAVAL\u0130MANI (KEF)<\/a><\/li>\n<li><a href=\"https:\/\/airportsmokinglounge.com\/tr\/reykjavik-havaalaninda-sigara-icilebilen-alanlar-rkv\/\">REYKJAV\u0130K HAVAL\u0130MANI (RKV)<\/a><\/li>\n<\/ul>\n<h2>\u0130zlanda Sigara Yasas\u0131<\/h2>\n<p>Havaalanlar\u0131, h\u00fck\u00fcmet binalar\u0131, restoranlar, barlar, kafeler, al\u0131\u015fveri\u015f merkezleri ve toplu ta\u015f\u0131ma ara\u00e7lar\u0131 dahil t\u00fcm kapal\u0131 kamusal alanlarda sigara i\u00e7mek yasakt\u0131r. Yasak ayn\u0131 zamanda oyun alanlar\u0131, spor stadyumlar\u0131 ve toplu ta\u015f\u0131ma duraklar\u0131 gibi baz\u0131 a\u00e7\u0131k alanlar\u0131 da kaps\u0131yor.<\/p>\n<p>Belirlenmi\u015f Sigara \u0130\u00e7ilebilir Alanlar: Genel sigara i\u00e7me yasa\u011f\u0131na ra\u011fmen, baz\u0131 kurulu\u015flar, genellikle tesisin d\u0131\u015f\u0131nda olmak \u00fczere, belirlenmi\u015f sigara i\u00e7me alanlar\u0131na sahip olabilir. Bu alanlar, sigara i\u00e7enler i\u00e7in \u00f6zel h\u00fck\u00fcmlerin bulundu\u011fu, iyi havaland\u0131r\u0131lan kapal\u0131 alanlard\u0131r.<\/p>\n<p>Sigara i\u00e7meyle ilgili yasa ve d\u00fczenlemelerin zaman i\u00e7inde de\u011fi\u015febilece\u011fini unutmamak \u00f6nemlidir; bu nedenle, \u0130zlanda&#039;daki mevcut d\u00fczenlemelere uyumu sa\u011flamak i\u00e7in resmi kaynaklardan veya yerel makamlardan gelen en son bilgilerle g\u00fcncel kalman\u0131z \u00f6nerilir.<\/p>\n<p>\u0130zlanda&#039;n\u0131n sigara i\u00e7me yasalar\u0131 \u00c7evre Sa\u011fl\u0131\u011f\u0131 Departman\u0131 ve yerel belediyeler de dahil olmak \u00fczere ilgili makamlar taraf\u0131ndan uygulanmaktad\u0131r. Sigara i\u00e7me yasa\u011f\u0131n\u0131n ihlali, su\u00e7un ciddiyetine ve s\u0131kl\u0131\u011f\u0131na ba\u011fl\u0131 olarak para cezas\u0131 veya ba\u015fka cezalarla sonu\u00e7lanabilir.<\/p>\n<p><strong>Daha fazla Havaalan\u0131 Sigara i\u00e7ilen alan\u00a0<\/strong><\/p>\n<ul>\n<li><a href=\"https:\/\/airportsmokinglounge.com\/tr\/kuzey-amerikanin-havaalanlarinda-sigara-icmek\/\">Kuzey Amerika<\/a><\/li>\n<li><a href=\"https:\/\/airportsmokinglounge.com\/tr\/guney-amerika-havaalanlarinda-sigara-icilmesi\/\">G\u00fcney Amerika<\/a><\/li>\n<li><a href=\"https:\/\/airportsmokinglounge.com\/tr\/avrupa-havalimanlarindaki-sigara-icme-alanlari\/\">Avrupa<\/a><\/li>\n<li><a href=\"https:\/\/airportsmokinglounge.com\/tr\/asyadaki-havaalanlarinda-sigara-icmek\/\">Asya<\/a><\/li>\n<li><a href=\"https:\/\/airportsmokinglounge.com\/tr\/okyanusya-havalimanlarinda-sigara-icmek\/\">Okyanusya<\/a><\/li>\n<li><a href=\"https:\/\/airportsmokinglounge.com\/tr\/afrikada-havaalanlarinda-sigara-icmek\/\">Afrika<\/a><\/li>\n<\/ul>","protected":false},"excerpt":{"rendered":"<p>\u0130zlanda&#039;da i\u00e7 ve d\u0131\u015f hat u\u00e7u\u015flar\u0131na hizmet veren bir\u00e7ok havaalan\u0131 vard\u0131r. Bu web sitesinde havaalanlar\u0131ndaki t\u00fcm sigara i\u00e7me alanlar\u0131n\u0131, belirlenmi\u015f sigara i\u00e7me alanlar\u0131 ve mevcut tesisler dahil bulabilirsiniz. G\u00fcvenlikten ge\u00e7tikten sonra hi\u00e7bir yerde sigara i\u00e7me alan\u0131 olmad\u0131\u011f\u0131n\u0131 ve baz\u0131 durumlarda e-sigaraya izin verilmeyebilece\u011fini g\u00f6rmenin yaratt\u0131\u011f\u0131 hayal k\u0131r\u0131kl\u0131\u011f\u0131n\u0131 anl\u0131yoruz.&nbsp;<a href=\"https:\/\/airportsmokinglounge.com\/tr\/izlanda-havalimanlarindaki-sigara-icme-alanlari\/\" rel=\"bookmark\">Devam\u0131n\u0131 oku &quot;<span class=\"screen-reader-text\">\u0130zlanda havalimanlar\u0131ndaki sigara i\u00e7me alanlar\u0131<\/span><\/a><\/p>","protected":false},"author":1,"featured_media":1199,"parent":0,"menu_order":0,"comment_status":"closed","ping_status":"closed","template":"","meta":{"neve_meta_sidebar":"","neve_meta_container":"","neve_meta_enable_content_width":"off","neve_meta_content_width":100,"neve_meta_title_alignment":"","neve_meta_author_avatar":"","neve_post_elements_order":"","neve_meta_disable_header":"","neve_meta_disable_footer":"","neve_meta_disable_title":"","neve_meta_reading_time":"","footnotes":""},"class_list":["post-171","page","type-page","status-publish","has-post-thumbnail","hentry"],"yoast_head":"<!-- This site is optimized with the Yoast SEO plugin v26.6 - https:\/\/yoast.com\/wordpress\/plugins\/seo\/ -->\n<title>Smoking areas in Iceland&#039;s airports - airportsmokinglounge.com<\/title>\n<meta name=\"description\" content=\"Smoking Areas in Iceland&#039;s Airports - Your Ultimate Guide to Finding a Place to Smoke \u2714\ufe0e Find Your Next Smoke Break Spot \u2714\ufe0e\" \/>\n<meta name=\"robots\" content=\"index, follow, max-snippet:-1, max-image-preview:large, max-video-preview:-1\" \/>\n<link rel=\"canonical\" href=\"https:\/\/airportsmokinglounge.com\/tr\/izlanda-havalimanlarindaki-sigara-icme-alanlari\/\" \/>\n<meta property=\"og:locale\" content=\"tr_TR\" \/>\n<meta property=\"og:type\" content=\"article\" \/>\n<meta property=\"og:title\" content=\"Smoking areas in Iceland&#039;s airports - airportsmokinglounge.com\" \/>\n<meta property=\"og:description\" content=\"Smoking Areas in Iceland&#039;s Airports - Your Ultimate Guide to Finding a Place to Smoke \u2714\ufe0e Find Your Next Smoke Break Spot \u2714\ufe0e\" \/>\n<meta property=\"og:url\" content=\"https:\/\/airportsmokinglounge.com\/tr\/izlanda-havalimanlarindaki-sigara-icme-alanlari\/\" \/>\n<meta property=\"og:site_name\" content=\"airportsmokinglounge.com\" \/>\n<meta property=\"article:modified_time\" content=\"2023-05-18T09:59:16+00:00\" \/>\n<meta property=\"og:image\" content=\"https:\/\/airportsmokinglounge.com\/wp-content\/uploads\/2023\/03\/airport-smoking-lounge-4.jpg\" \/>\n\t<meta property=\"og:image:width\" content=\"2048\" \/>\n\t<meta property=\"og:image:height\" content=\"1152\" \/>\n\t<meta property=\"og:image:type\" content=\"image\/jpeg\" \/>\n<meta name=\"twitter:card\" content=\"summary_large_image\" \/>\n<meta name=\"twitter:label1\" content=\"Tahmini okuma s\u00fcresi\" \/>\n\t<meta name=\"twitter:data1\" content=\"2 dakika\" \/>\n<script type=\"application\/ld+json\" class=\"yoast-schema-graph\">{\"@context\":\"https:\/\/schema.org\",\"@graph\":[{\"@type\":\"WebPage\",\"@id\":\"https:\/\/airportsmokinglounge.com\/smoking-areas-in-icelands-airports\/\",\"url\":\"https:\/\/airportsmokinglounge.com\/smoking-areas-in-icelands-airports\/\",\"name\":\"Smoking areas in Iceland's airports - airportsmokinglounge.com\",\"isPartOf\":{\"@id\":\"https:\/\/airportsmokinglounge.com\/#website\"},\"primaryImageOfPage\":{\"@id\":\"https:\/\/airportsmokinglounge.com\/smoking-areas-in-icelands-airports\/#primaryimage\"},\"image\":{\"@id\":\"https:\/\/airportsmokinglounge.com\/smoking-areas-in-icelands-airports\/#primaryimage\"},\"thumbnailUrl\":\"https:\/\/airportsmokinglounge.com\/wp-content\/uploads\/2023\/03\/airport-smoking-lounge-4.jpg\",\"datePublished\":\"2023-02-23T18:32:57+00:00\",\"dateModified\":\"2023-05-18T09:59:16+00:00\",\"description\":\"Smoking Areas in Iceland's Airports - Your Ultimate Guide to Finding a Place to Smoke \u2714\ufe0e Find Your Next Smoke Break Spot \u2714\ufe0e\",\"breadcrumb\":{\"@id\":\"https:\/\/airportsmokinglounge.com\/smoking-areas-in-icelands-airports\/#breadcrumb\"},\"inLanguage\":\"tr\",\"potentialAction\":[{\"@type\":\"ReadAction\",\"target\":[\"https:\/\/airportsmokinglounge.com\/smoking-areas-in-icelands-airports\/\"]}]},{\"@type\":\"ImageObject\",\"inLanguage\":\"tr\",\"@id\":\"https:\/\/airportsmokinglounge.com\/smoking-areas-in-icelands-airports\/#primaryimage\",\"url\":\"https:\/\/airportsmokinglounge.com\/wp-content\/uploads\/2023\/03\/airport-smoking-lounge-4.jpg\",\"contentUrl\":\"https:\/\/airportsmokinglounge.com\/wp-content\/uploads\/2023\/03\/airport-smoking-lounge-4.jpg\",\"width\":2048,\"height\":1152,\"caption\":\"Airport Smoking\"},{\"@type\":\"BreadcrumbList\",\"@id\":\"https:\/\/airportsmokinglounge.com\/smoking-areas-in-icelands-airports\/#breadcrumb\",\"itemListElement\":[{\"@type\":\"ListItem\",\"position\":1,\"name\":\"Home\",\"item\":\"https:\/\/airportsmokinglounge.com\/\"},{\"@type\":\"ListItem\",\"position\":2,\"name\":\"Smoking areas in Iceland&#8217;s airports\"}]},{\"@type\":\"WebSite\",\"@id\":\"https:\/\/airportsmokinglounge.com\/#website\",\"url\":\"https:\/\/airportsmokinglounge.com\/\",\"name\":\"airportsmokinglounge.com\",\"description\":\"\",\"potentialAction\":[{\"@type\":\"SearchAction\",\"target\":{\"@type\":\"EntryPoint\",\"urlTemplate\":\"https:\/\/airportsmokinglounge.com\/?s={search_term_string}\"},\"query-input\":{\"@type\":\"PropertyValueSpecification\",\"valueRequired\":true,\"valueName\":\"search_term_string\"}}],\"inLanguage\":\"tr\"}]}<\/script>\n<!-- \/ Yoast SEO plugin. -->","yoast_head_json":{"title":"\u0130zlanda havalimanlar\u0131ndaki sigara i\u00e7ilen alanlar - Airport Smokinglounge.com","description":"\u0130zlanda Havalimanlar\u0131ndaki Sigara \u0130\u00e7ilen Alanlar - Sigara \u0130\u00e7ilecek Bir Yer Bulmak \u0130\u00e7in En \u0130yi Rehberiniz \u2714\ufe0e Bir Sonraki Sigara \u0130\u00e7me Noktan\u0131z\u0131 Bulun \u2714\ufe0e","robots":{"index":"index","follow":"follow","max-snippet":"max-snippet:-1","max-image-preview":"max-image-preview:large","max-video-preview":"max-video-preview:-1"},"canonical":"https:\/\/airportsmokinglounge.com\/tr\/izlanda-havalimanlarindaki-sigara-icme-alanlari\/","og_locale":"tr_TR","og_type":"article","og_title":"Smoking areas in Iceland's airports - airportsmokinglounge.com","og_description":"Smoking Areas in Iceland's Airports - Your Ultimate Guide to Finding a Place to Smoke \u2714\ufe0e Find Your Next Smoke Break Spot \u2714\ufe0e","og_url":"https:\/\/airportsmokinglounge.com\/tr\/izlanda-havalimanlarindaki-sigara-icme-alanlari\/","og_site_name":"airportsmokinglounge.com","article_modified_time":"2023-05-18T09:59:16+00:00","og_image":[{"width":2048,"height":1152,"url":"https:\/\/airportsmokinglounge.com\/wp-content\/uploads\/2023\/03\/airport-smoking-lounge-4.jpg","type":"image\/jpeg"}],"twitter_card":"summary_large_image","twitter_misc":{"Tahmini okuma s\u00fcresi":"2 dakika"},"schema":{"@context":"https:\/\/schema.org","@graph":[{"@type":"WebPage","@id":"https:\/\/airportsmokinglounge.com\/smoking-areas-in-icelands-airports\/","url":"https:\/\/airportsmokinglounge.com\/smoking-areas-in-icelands-airports\/","name":"\u0130zlanda havalimanlar\u0131ndaki sigara i\u00e7ilen alanlar - Airport Smokinglounge.com","isPartOf":{"@id":"https:\/\/airportsmokinglounge.com\/#website"},"primaryImageOfPage":{"@id":"https:\/\/airportsmokinglounge.com\/smoking-areas-in-icelands-airports\/#primaryimage"},"image":{"@id":"https:\/\/airportsmokinglounge.com\/smoking-areas-in-icelands-airports\/#primaryimage"},"thumbnailUrl":"https:\/\/airportsmokinglounge.com\/wp-content\/uploads\/2023\/03\/airport-smoking-lounge-4.jpg","datePublished":"2023-02-23T18:32:57+00:00","dateModified":"2023-05-18T09:59:16+00:00","description":"\u0130zlanda Havalimanlar\u0131ndaki Sigara \u0130\u00e7ilen Alanlar - Sigara \u0130\u00e7ilecek Bir Yer Bulmak \u0130\u00e7in En \u0130yi Rehberiniz \u2714\ufe0e Bir Sonraki Sigara \u0130\u00e7me Noktan\u0131z\u0131 Bulun \u2714\ufe0e","breadcrumb":{"@id":"https:\/\/airportsmokinglounge.com\/smoking-areas-in-icelands-airports\/#breadcrumb"},"inLanguage":"tr","potentialAction":[{"@type":"ReadAction","target":["https:\/\/airportsmokinglounge.com\/smoking-areas-in-icelands-airports\/"]}]},{"@type":"ImageObject","inLanguage":"tr","@id":"https:\/\/airportsmokinglounge.com\/smoking-areas-in-icelands-airports\/#primaryimage","url":"https:\/\/airportsmokinglounge.com\/wp-content\/uploads\/2023\/03\/airport-smoking-lounge-4.jpg","contentUrl":"https:\/\/airportsmokinglounge.com\/wp-content\/uploads\/2023\/03\/airport-smoking-lounge-4.jpg","width":2048,"height":1152,"caption":"Airport Smoking"},{"@type":"BreadcrumbList","@id":"https:\/\/airportsmokinglounge.com\/smoking-areas-in-icelands-airports\/#breadcrumb","itemListElement":[{"@type":"ListItem","position":1,"name":"Home","item":"https:\/\/airportsmokinglounge.com\/"},{"@type":"ListItem","position":2,"name":"Smoking areas in Iceland&#8217;s airports"}]},{"@type":"WebSite","@id":"https:\/\/airportsmokinglounge.com\/#website","url":"https:\/\/airportsmokinglounge.com\/","name":"havaalan\u0131sigara salonu.com","description":"","potentialAction":[{"@type":"SearchAction","target":{"@type":"EntryPoint","urlTemplate":"https:\/\/airportsmokinglounge.com\/?s={search_term_string}"},"query-input":{"@type":"PropertyValueSpecification","valueRequired":true,"valueName":"search_term_string"}}],"inLanguage":"tr"}]}},"_links":{"self":[{"href":"https:\/\/airportsmokinglounge.com\/tr\/wp-json\/wp\/v2\/pages\/171","targetHints":{"allow":["GET"]}}],"collection":[{"href":"https:\/\/airportsmokinglounge.com\/tr\/wp-json\/wp\/v2\/pages"}],"about":[{"href":"https:\/\/airportsmokinglounge.com\/tr\/wp-json\/wp\/v2\/types\/page"}],"author":[{"embeddable":true,"href":"https:\/\/airportsmokinglounge.com\/tr\/wp-json\/wp\/v2\/users\/1"}],"replies":[{"embeddable":true,"href":"https:\/\/airportsmokinglounge.com\/tr\/wp-json\/wp\/v2\/comments?post=171"}],"version-history":[{"count":5,"href":"https:\/\/airportsmokinglounge.com\/tr\/wp-json\/wp\/v2\/pages\/171\/revisions"}],"predecessor-version":[{"id":5396,"href":"https:\/\/airportsmokinglounge.com\/tr\/wp-json\/wp\/v2\/pages\/171\/revisions\/5396"}],"wp:featuredmedia":[{"embeddable":true,"href":"https:\/\/airportsmokinglounge.com\/tr\/wp-json\/wp\/v2\/media\/1199"}],"wp:attachment":[{"href":"https:\/\/airportsmokinglounge.com\/tr\/wp-json\/wp\/v2\/media?parent=171"}],"curies":[{"name":"wp","href":"https:\/\/api.w.org\/{rel}","templated":true}]}}