{"id":174,"date":"2023-02-23T19:40:13","date_gmt":"2023-02-23T18:40:13","guid":{"rendered":"https:\/\/airportsmokinglounge.com\/?page_id=174"},"modified":"2023-05-30T11:49:54","modified_gmt":"2023-05-30T09:49:54","slug":"smoking-areas-in-polands-airports","status":"publish","type":"page","link":"https:\/\/airportsmokinglounge.com\/tr\/polonya-havaalanlarinda-sigara-icilebilen-alanlar\/","title":{"rendered":"Polonya havaalanlar\u0131nda sigara i\u00e7me alanlar\u0131"},"content":{"rendered":"<p>Polonya, yurti\u00e7i ve yurtd\u0131\u015f\u0131 yolcular i\u00e7in \u00f6nemli ula\u015f\u0131m merkezleri g\u00f6revi g\u00f6ren \u00e7ok say\u0131da havaliman\u0131na ev sahipli\u011fi yapmaktad\u0131r.<\/p>\n<p>Bu web sitesinde, belirlenmi\u015f sigara i\u00e7me alanlar\u0131 ve mevcut tesisler dahil olmak \u00fczere havalimanlar\u0131ndaki t\u00fcm sigara i\u00e7me alanlar\u0131n\u0131 bulabilirsiniz. G\u00fcvenlikten ge\u00e7ip hi\u00e7bir yerde sigara i\u00e7ilen alanlar\u0131n olmad\u0131\u011f\u0131n\u0131 ve baz\u0131 durumlarda e-sigara i\u00e7ilmesine izin verilmeyebilece\u011fini g\u00f6rmenin hayal k\u0131r\u0131kl\u0131\u011f\u0131n\u0131 anl\u0131yoruz.<\/p>\n<p>Bu hizmet, uzun u\u00e7u\u015flardan \u00f6nce veya sonra sigara keyfi yapmak isteyen t\u00fcm sigara i\u00e7enler i\u00e7indir.<\/p>\n<h2>Polonya&#039;daki havaalanlar\u0131<\/h2>\n<ul style=\"list-style-type: circle;\">\n<li><a href=\"https:\/\/airportsmokinglounge.com\/tr\/sigara-icilen-alanlar-at-warsaw-chopin-havaalani-waw\/\">VAR\u015eOVA CHOPIN HAVAALANI (WAW)<\/a><\/li>\n<li><a href=\"https:\/\/airportsmokinglounge.com\/tr\/krakow-uluslararasi-havaalaninda-krk-sigara-icme-alanlari\/\">KRAK\u00d3W ULUSLARARASI HAVAL\u0130MANI (KRK)<\/a><\/li>\n<li><a href=\"https:\/\/airportsmokinglounge.com\/tr\/lech-walesa-havaalaninda-sigara-icilen-alanlar-gdn\/\">LECH WALESA HAVAL\u0130MANI (GDN)<\/a><\/li>\n<li><a href=\"https:\/\/airportsmokinglounge.com\/tr\/copernicus-wroclaw-havaalaninda-wro-sigara-icme-alanlari\/\">COPERNICUS WROCLAW HAVAL\u0130MANI (WRO)<\/a><\/li>\n<li><a href=\"https:\/\/airportsmokinglounge.com\/tr\/katowice-havaalaninda-ktw-sigara-icme-alanlari\/\">KATOWICE ULUSLARARASI HAVAL\u0130MANI (KTW)<\/a><\/li>\n<li><a href=\"https:\/\/airportsmokinglounge.com\/tr\/sigara-icme-alanlari-poznan-lawica-havaalani-poz\/\">POZNA\u0143-LAWICA HAVAL\u0130MANI (POZ)<\/a><\/li>\n<li><a href=\"https:\/\/airportsmokinglounge.com\/tr\/varsova-modlin-havaalaninda-wmi-sigara-icme-alanlari\/\">VAR\u015eOVA \u2013 MODLIN HAVAL\u0130MANI (WMI)<\/a><\/li>\n<li><a href=\"https:\/\/airportsmokinglounge.com\/tr\/rzeszow-jasionka-havaalani-rzede-sigara-icme-alanlari\/\">RZESZ\u00d3W-JASIONKA HAVAL\u0130MANI (RZE)<\/a><\/li>\n<li><a href=\"https:\/\/airportsmokinglounge.com\/tr\/szczecin-goleniow-havaalaninda-szzde-sigara-icilen-alanlar\/\">SZCZECIN-GOLENI\u00d3W HAVAL\u0130MANI (SZZ)<\/a><\/li>\n<li><a href=\"https:\/\/airportsmokinglounge.com\/tr\/lublin-havaalaninda-sigara-icilen-alanlar-luz\/\">LUBLIN HAVAL\u0130MANI (LUZ)<\/a><\/li>\n<\/ul>\n<h2>Polonya&#039;n\u0131n sigara yasas\u0131<\/h2>\n<p>Sigara i\u00e7mek genellikle havaalanlar\u0131, tren istasyonlar\u0131, restoranlar, kafeler, barlar, al\u0131\u015fveri\u015f merkezleri ve di\u011fer kamu binalar\u0131 dahil olmak \u00fczere kapal\u0131 halka a\u00e7\u0131k yerlerde yasakt\u0131r. Bu yasak hem geleneksel sigaralar hem de elektronik sigaralar (e-sigaralar) i\u00e7in ge\u00e7erlidir.<\/p>\n<p>Baz\u0131 kurulu\u015flar, a\u00e7\u0131k\u00e7a i\u015faretlenmi\u015f ve sigara i\u00e7ilmeyen alanlardan ayr\u0131lm\u0131\u015f, a\u00e7\u0131k havada sigara i\u00e7me alanlar\u0131 sa\u011flayabilir. Bu alanlar pasif duman\u0131n sigara i\u00e7meyenler \u00fczerindeki etkisini en aza indirmek i\u00e7in k\u00fcl tablalar\u0131 ve uygun havaland\u0131rma ile donat\u0131lm\u0131\u015ft\u0131r. Ancak, belirlenen sigara i\u00e7me alanlar\u0131n\u0131n mevcudiyetinin de\u011fi\u015fiklik g\u00f6sterebilece\u011fini ve baz\u0131 kurulu\u015flar\u0131n bunlar\u0131 sa\u011flamamay\u0131 tercih edebilece\u011fini unutmamak \u00f6nemlidir.<\/p>\n<p>Polonya&#039;daki havaalanlar\u0131 da dahil olmak \u00fczere kamusal alanlarda sigara yasa\u011f\u0131n\u0131 belirtmek i\u00e7in belirgin &quot;Sigara \u0130\u00e7ilmez&quot; i\u015faretleri bulundurulmas\u0131 zorunludur. Bu i\u015faretler, bireylere tesis i\u00e7inde sigara i\u00e7ilmesine izin verilmedi\u011fini g\u00f6rsel olarak hat\u0131rlat\u0131r.<\/p>\n<p>Sigara i\u00e7me d\u00fczenlemelerinin yerel y\u00f6netmeliklere ve kurulu\u015f politikalar\u0131na ba\u011fl\u0131 olarak de\u011fi\u015fikli\u011fe veya belirli de\u011fi\u015fikliklere tabi olabilece\u011fini belirtmekte fayda var. Sigara i\u00e7me d\u00fczenlemeleri ve y\u00f6nergeleriyle ilgili en g\u00fcncel bilgiler i\u00e7in belirli konum veya kurulu\u015fla g\u00f6r\u00fc\u015fmeniz \u00f6nerilir.<\/p>\n<p><strong>Daha fazla Havaalan\u0131 Sigara i\u00e7ilen alan\u00a0<\/strong><\/p>\n<ul>\n<li><a href=\"https:\/\/airportsmokinglounge.com\/tr\/kuzey-amerikanin-havaalanlarinda-sigara-icmek\/\">Kuzey Amerika<\/a><\/li>\n<li><a href=\"https:\/\/airportsmokinglounge.com\/tr\/guney-amerika-havaalanlarinda-sigara-icilmesi\/\">G\u00fcney Amerika<\/a><\/li>\n<li><a href=\"https:\/\/airportsmokinglounge.com\/tr\/avrupa-havalimanlarindaki-sigara-icme-alanlari\/\">Avrupa<\/a><\/li>\n<li><a href=\"https:\/\/airportsmokinglounge.com\/tr\/asyadaki-havaalanlarinda-sigara-icmek\/\">Asya<\/a><\/li>\n<li><a href=\"https:\/\/airportsmokinglounge.com\/tr\/okyanusya-havalimanlarinda-sigara-icmek\/\">Okyanusya<\/a><\/li>\n<li><a href=\"https:\/\/airportsmokinglounge.com\/tr\/afrikada-havaalanlarinda-sigara-icmek\/\">Afrika<\/a><\/li>\n<\/ul>","protected":false},"excerpt":{"rendered":"<p>Polonya, yurt i\u00e7i ve yurt d\u0131\u015f\u0131 yolcular i\u00e7in \u00f6nemli ula\u015f\u0131m merkezleri olarak hizmet veren bir\u00e7ok havaliman\u0131na ev sahipli\u011fi yapmaktad\u0131r. Bu web sitesinde, havalimanlar\u0131ndaki t\u00fcm sigara i\u00e7me alanlar\u0131n\u0131, belirlenmi\u015f sigara i\u00e7me alanlar\u0131 ve mevcut tesisler dahil olmak \u00fczere bulabilirsiniz. G\u00fcvenlik kontrol\u00fcnden ge\u00e7tikten sonra hi\u00e7bir yerde sigara i\u00e7ilen alan olmad\u0131\u011f\u0131n\u0131 g\u00f6rmenin ne kadar sinir bozucu oldu\u011funu anl\u0131yoruz ve\u2026&nbsp;<a href=\"https:\/\/airportsmokinglounge.com\/tr\/polonya-havaalanlarinda-sigara-icilebilen-alanlar\/\" rel=\"bookmark\">Devam\u0131n\u0131 oku &quot;<span class=\"screen-reader-text\">Polonya havaalanlar\u0131nda sigara i\u00e7me alanlar\u0131<\/span><\/a><\/p>","protected":false},"author":1,"featured_media":1199,"parent":0,"menu_order":0,"comment_status":"closed","ping_status":"closed","template":"","meta":{"neve_meta_sidebar":"","neve_meta_container":"","neve_meta_enable_content_width":"off","neve_meta_content_width":100,"neve_meta_title_alignment":"","neve_meta_author_avatar":"","neve_post_elements_order":"","neve_meta_disable_header":"","neve_meta_disable_footer":"","neve_meta_disable_title":"","neve_meta_reading_time":"","footnotes":""},"class_list":["post-174","page","type-page","status-publish","has-post-thumbnail","hentry"],"yoast_head":"<!-- This site is optimized with the Yoast SEO plugin v26.6 - https:\/\/yoast.com\/wordpress\/plugins\/seo\/ -->\n<title>Smoking areas in Poland&#039;s airports - airportsmokinglounge.com<\/title>\n<meta name=\"description\" content=\"Smoking Areas in Poland&#039;s Airports - Your Ultimate Guide to Finding a Place to Smoke \u2714\ufe0e Find Your Next Smoke Break Spot \u2714\ufe0e\" \/>\n<meta name=\"robots\" content=\"index, follow, max-snippet:-1, max-image-preview:large, max-video-preview:-1\" \/>\n<link rel=\"canonical\" href=\"https:\/\/airportsmokinglounge.com\/tr\/polonya-havaalanlarinda-sigara-icilebilen-alanlar\/\" \/>\n<meta property=\"og:locale\" content=\"tr_TR\" \/>\n<meta property=\"og:type\" content=\"article\" \/>\n<meta property=\"og:title\" content=\"Smoking areas in Poland&#039;s airports - airportsmokinglounge.com\" \/>\n<meta property=\"og:description\" content=\"Smoking Areas in Poland&#039;s Airports - Your Ultimate Guide to Finding a Place to Smoke \u2714\ufe0e Find Your Next Smoke Break Spot \u2714\ufe0e\" \/>\n<meta property=\"og:url\" content=\"https:\/\/airportsmokinglounge.com\/tr\/polonya-havaalanlarinda-sigara-icilebilen-alanlar\/\" \/>\n<meta property=\"og:site_name\" content=\"airportsmokinglounge.com\" \/>\n<meta property=\"article:modified_time\" content=\"2023-05-30T09:49:54+00:00\" \/>\n<meta property=\"og:image\" content=\"https:\/\/airportsmokinglounge.com\/wp-content\/uploads\/2023\/03\/airport-smoking-lounge-4.jpg\" \/>\n\t<meta property=\"og:image:width\" content=\"2048\" \/>\n\t<meta property=\"og:image:height\" content=\"1152\" \/>\n\t<meta property=\"og:image:type\" content=\"image\/jpeg\" \/>\n<meta name=\"twitter:card\" content=\"summary_large_image\" \/>\n<meta name=\"twitter:label1\" content=\"Tahmini okuma s\u00fcresi\" \/>\n\t<meta name=\"twitter:data1\" content=\"2 dakika\" \/>\n<script type=\"application\/ld+json\" class=\"yoast-schema-graph\">{\"@context\":\"https:\/\/schema.org\",\"@graph\":[{\"@type\":\"WebPage\",\"@id\":\"https:\/\/airportsmokinglounge.com\/smoking-areas-in-polands-airports\/\",\"url\":\"https:\/\/airportsmokinglounge.com\/smoking-areas-in-polands-airports\/\",\"name\":\"Smoking areas in Poland's airports - airportsmokinglounge.com\",\"isPartOf\":{\"@id\":\"https:\/\/airportsmokinglounge.com\/#website\"},\"primaryImageOfPage\":{\"@id\":\"https:\/\/airportsmokinglounge.com\/smoking-areas-in-polands-airports\/#primaryimage\"},\"image\":{\"@id\":\"https:\/\/airportsmokinglounge.com\/smoking-areas-in-polands-airports\/#primaryimage\"},\"thumbnailUrl\":\"https:\/\/airportsmokinglounge.com\/wp-content\/uploads\/2023\/03\/airport-smoking-lounge-4.jpg\",\"datePublished\":\"2023-02-23T18:40:13+00:00\",\"dateModified\":\"2023-05-30T09:49:54+00:00\",\"description\":\"Smoking Areas in Poland's Airports - Your Ultimate Guide to Finding a Place to Smoke \u2714\ufe0e Find Your Next Smoke Break Spot \u2714\ufe0e\",\"breadcrumb\":{\"@id\":\"https:\/\/airportsmokinglounge.com\/smoking-areas-in-polands-airports\/#breadcrumb\"},\"inLanguage\":\"tr\",\"potentialAction\":[{\"@type\":\"ReadAction\",\"target\":[\"https:\/\/airportsmokinglounge.com\/smoking-areas-in-polands-airports\/\"]}]},{\"@type\":\"ImageObject\",\"inLanguage\":\"tr\",\"@id\":\"https:\/\/airportsmokinglounge.com\/smoking-areas-in-polands-airports\/#primaryimage\",\"url\":\"https:\/\/airportsmokinglounge.com\/wp-content\/uploads\/2023\/03\/airport-smoking-lounge-4.jpg\",\"contentUrl\":\"https:\/\/airportsmokinglounge.com\/wp-content\/uploads\/2023\/03\/airport-smoking-lounge-4.jpg\",\"width\":2048,\"height\":1152,\"caption\":\"Airport Smoking\"},{\"@type\":\"BreadcrumbList\",\"@id\":\"https:\/\/airportsmokinglounge.com\/smoking-areas-in-polands-airports\/#breadcrumb\",\"itemListElement\":[{\"@type\":\"ListItem\",\"position\":1,\"name\":\"Home\",\"item\":\"https:\/\/airportsmokinglounge.com\/\"},{\"@type\":\"ListItem\",\"position\":2,\"name\":\"Smoking areas in Poland&#8217;s airports\"}]},{\"@type\":\"WebSite\",\"@id\":\"https:\/\/airportsmokinglounge.com\/#website\",\"url\":\"https:\/\/airportsmokinglounge.com\/\",\"name\":\"airportsmokinglounge.com\",\"description\":\"\",\"potentialAction\":[{\"@type\":\"SearchAction\",\"target\":{\"@type\":\"EntryPoint\",\"urlTemplate\":\"https:\/\/airportsmokinglounge.com\/?s={search_term_string}\"},\"query-input\":{\"@type\":\"PropertyValueSpecification\",\"valueRequired\":true,\"valueName\":\"search_term_string\"}}],\"inLanguage\":\"tr\"}]}<\/script>\n<!-- \/ Yoast SEO plugin. -->","yoast_head_json":{"title":"Polonya havaalanlar\u0131ndaki sigara i\u00e7me alanlar\u0131 - airportsmokinglounge.com","description":"Polonya Havaalanlar\u0131ndaki Sigara \u0130\u00e7me Alanlar\u0131 - Sigara \u0130\u00e7mek \u0130\u00e7in Bir Yer Bulmak \u0130\u00e7in Nihai Rehberiniz \u2714\ufe0e Bir Sonraki Sigara Molas\u0131 Noktan\u0131z\u0131 Bulun \u2714\ufe0e","robots":{"index":"index","follow":"follow","max-snippet":"max-snippet:-1","max-image-preview":"max-image-preview:large","max-video-preview":"max-video-preview:-1"},"canonical":"https:\/\/airportsmokinglounge.com\/tr\/polonya-havaalanlarinda-sigara-icilebilen-alanlar\/","og_locale":"tr_TR","og_type":"article","og_title":"Smoking areas in Poland's airports - airportsmokinglounge.com","og_description":"Smoking Areas in Poland's Airports - Your Ultimate Guide to Finding a Place to Smoke \u2714\ufe0e Find Your Next Smoke Break Spot \u2714\ufe0e","og_url":"https:\/\/airportsmokinglounge.com\/tr\/polonya-havaalanlarinda-sigara-icilebilen-alanlar\/","og_site_name":"airportsmokinglounge.com","article_modified_time":"2023-05-30T09:49:54+00:00","og_image":[{"width":2048,"height":1152,"url":"https:\/\/airportsmokinglounge.com\/wp-content\/uploads\/2023\/03\/airport-smoking-lounge-4.jpg","type":"image\/jpeg"}],"twitter_card":"summary_large_image","twitter_misc":{"Tahmini okuma s\u00fcresi":"2 dakika"},"schema":{"@context":"https:\/\/schema.org","@graph":[{"@type":"WebPage","@id":"https:\/\/airportsmokinglounge.com\/smoking-areas-in-polands-airports\/","url":"https:\/\/airportsmokinglounge.com\/smoking-areas-in-polands-airports\/","name":"Polonya havaalanlar\u0131ndaki sigara i\u00e7me alanlar\u0131 - airportsmokinglounge.com","isPartOf":{"@id":"https:\/\/airportsmokinglounge.com\/#website"},"primaryImageOfPage":{"@id":"https:\/\/airportsmokinglounge.com\/smoking-areas-in-polands-airports\/#primaryimage"},"image":{"@id":"https:\/\/airportsmokinglounge.com\/smoking-areas-in-polands-airports\/#primaryimage"},"thumbnailUrl":"https:\/\/airportsmokinglounge.com\/wp-content\/uploads\/2023\/03\/airport-smoking-lounge-4.jpg","datePublished":"2023-02-23T18:40:13+00:00","dateModified":"2023-05-30T09:49:54+00:00","description":"Polonya Havaalanlar\u0131ndaki Sigara \u0130\u00e7me Alanlar\u0131 - Sigara \u0130\u00e7mek \u0130\u00e7in Bir Yer Bulmak \u0130\u00e7in Nihai Rehberiniz \u2714\ufe0e Bir Sonraki Sigara Molas\u0131 Noktan\u0131z\u0131 Bulun \u2714\ufe0e","breadcrumb":{"@id":"https:\/\/airportsmokinglounge.com\/smoking-areas-in-polands-airports\/#breadcrumb"},"inLanguage":"tr","potentialAction":[{"@type":"ReadAction","target":["https:\/\/airportsmokinglounge.com\/smoking-areas-in-polands-airports\/"]}]},{"@type":"ImageObject","inLanguage":"tr","@id":"https:\/\/airportsmokinglounge.com\/smoking-areas-in-polands-airports\/#primaryimage","url":"https:\/\/airportsmokinglounge.com\/wp-content\/uploads\/2023\/03\/airport-smoking-lounge-4.jpg","contentUrl":"https:\/\/airportsmokinglounge.com\/wp-content\/uploads\/2023\/03\/airport-smoking-lounge-4.jpg","width":2048,"height":1152,"caption":"Airport Smoking"},{"@type":"BreadcrumbList","@id":"https:\/\/airportsmokinglounge.com\/smoking-areas-in-polands-airports\/#breadcrumb","itemListElement":[{"@type":"ListItem","position":1,"name":"Home","item":"https:\/\/airportsmokinglounge.com\/"},{"@type":"ListItem","position":2,"name":"Smoking areas in Poland&#8217;s airports"}]},{"@type":"WebSite","@id":"https:\/\/airportsmokinglounge.com\/#website","url":"https:\/\/airportsmokinglounge.com\/","name":"havaalan\u0131sigara salonu.com","description":"","potentialAction":[{"@type":"SearchAction","target":{"@type":"EntryPoint","urlTemplate":"https:\/\/airportsmokinglounge.com\/?s={search_term_string}"},"query-input":{"@type":"PropertyValueSpecification","valueRequired":true,"valueName":"search_term_string"}}],"inLanguage":"tr"}]}},"_links":{"self":[{"href":"https:\/\/airportsmokinglounge.com\/tr\/wp-json\/wp\/v2\/pages\/174","targetHints":{"allow":["GET"]}}],"collection":[{"href":"https:\/\/airportsmokinglounge.com\/tr\/wp-json\/wp\/v2\/pages"}],"about":[{"href":"https:\/\/airportsmokinglounge.com\/tr\/wp-json\/wp\/v2\/types\/page"}],"author":[{"embeddable":true,"href":"https:\/\/airportsmokinglounge.com\/tr\/wp-json\/wp\/v2\/users\/1"}],"replies":[{"embeddable":true,"href":"https:\/\/airportsmokinglounge.com\/tr\/wp-json\/wp\/v2\/comments?post=174"}],"version-history":[{"count":10,"href":"https:\/\/airportsmokinglounge.com\/tr\/wp-json\/wp\/v2\/pages\/174\/revisions"}],"predecessor-version":[{"id":6321,"href":"https:\/\/airportsmokinglounge.com\/tr\/wp-json\/wp\/v2\/pages\/174\/revisions\/6321"}],"wp:featuredmedia":[{"embeddable":true,"href":"https:\/\/airportsmokinglounge.com\/tr\/wp-json\/wp\/v2\/media\/1199"}],"wp:attachment":[{"href":"https:\/\/airportsmokinglounge.com\/tr\/wp-json\/wp\/v2\/media?parent=174"}],"curies":[{"name":"wp","href":"https:\/\/api.w.org\/{rel}","templated":true}]}}