{"id":182,"date":"2023-02-28T12:50:50","date_gmt":"2023-02-28T11:50:50","guid":{"rendered":"https:\/\/airportsmokinglounge.com\/?page_id=182"},"modified":"2023-05-30T12:50:43","modified_gmt":"2023-05-30T10:50:43","slug":"smoking-areas-in-russian-airports","status":"publish","type":"page","link":"https:\/\/airportsmokinglounge.com\/tr\/rus-havalimanlarindaki-sigara-icme-alanlari\/","title":{"rendered":"Rusya havaalanlar\u0131nda sigara i\u00e7ilen alanlar"},"content":{"rendered":"<p>Rusya, geni\u015f \u00fclke \u00e7ap\u0131nda yerli ve yabanc\u0131 yolculara hizmet veren \u00e7ok say\u0131da havaalan\u0131na ev sahipli\u011fi yapmaktad\u0131r.<\/p>\n<p>Bu web sitesinde, belirlenmi\u015f sigara i\u00e7me alanlar\u0131 ve mevcut tesisler dahil olmak \u00fczere havalimanlar\u0131ndaki t\u00fcm sigara i\u00e7me alanlar\u0131n\u0131 bulabilirsiniz. G\u00fcvenlikten ge\u00e7ip hi\u00e7bir yerde sigara i\u00e7ilen alanlar\u0131n olmad\u0131\u011f\u0131n\u0131 ve baz\u0131 durumlarda e-sigara i\u00e7ilmesine izin verilmeyebilece\u011fini g\u00f6rmenin hayal k\u0131r\u0131kl\u0131\u011f\u0131n\u0131 anl\u0131yoruz.<\/p>\n<p>Bu hizmet, uzun u\u00e7u\u015flardan \u00f6nce veya sonra sigara keyfi yapmak isteyen t\u00fcm sigara i\u00e7enler i\u00e7indir.<\/p>\n<h2>Rus havaalanlar\u0131<\/h2>\n<ul style=\"list-style-type: circle;\">\n<li><a href=\"https:\/\/airportsmokinglounge.com\/tr\/moskova-domodedovo-havaalani-dmede-sigara-icme-alanlari\/\">MOSKOVA DOMODEDOVO HAVAL\u0130MANI (DME)<\/a><\/li>\n<li><a href=\"https:\/\/airportsmokinglounge.com\/tr\/st-petersburg-pulkovo-havaalani-ledindeki-sigara-icme-alanlari\/\">ST. PETERSBURG PULKOVO ULUSLARARASI HAVAL\u0130MANI (LED)<\/a><\/li>\n<li><a href=\"https:\/\/airportsmokinglounge.com\/tr\/moskova-sheremetyevo-havaalani-svoda-sigara-icme-alanlari\/\">MOSKOVA \u015eEREMETYEVO ULUSLARARASI HAVAL\u0130MANI (SVO)<\/a><\/li>\n<li><a href=\"https:\/\/airportsmokinglounge.com\/tr\/yekaterinburg-koltsovo-havaalaninda-svx-sigara-icme-alanlari\/\">YEKATER\u0130NBURG KOLTSOVO HAVAL\u0130MANI (SVX)<\/a><\/li>\n<li><a href=\"https:\/\/airportsmokinglounge.com\/tr\/novosibirsk-tolmachevo-havaalani-ovbda-sigara-icme-alanlari\/\">NOVOSIBIRSK TOLMACHEVO HAVAL\u0130MANI (OVB)<\/a><\/li>\n<li><a href=\"https:\/\/airportsmokinglounge.com\/tr\/moskova-vnukovo-havaalani-vkoda-sigara-icme-alanlari\/\">MOSKOVA VNUKOVO ULUSLARARASI HAVAL\u0130MANI (VKO)<\/a><\/li>\n<li><a href=\"https:\/\/airportsmokinglounge.com\/tr\/sigara-alanlari-at-kazan-havalimani-kzn\/\">KAZAN ULUSLARARASI HAVAL\u0130MANI (KZN)<\/a><\/li>\n<li><a href=\"https:\/\/airportsmokinglounge.com\/tr\/samara-kurumoch-havaalani-kufta-sigara-icme-alanlari\/\">SAMARA KURUMOCH ULUSLARARASI HAVAL\u0130MANI (KUF)<\/a><\/li>\n<li><a href=\"https:\/\/airportsmokinglounge.com\/tr\/soci-uluslararasi-havaalaninda-sigara-icme-alanlari\/\">SO\u00c7\u0130 ULUSLARARASI HAVAL\u0130MANI (AER)<\/a><\/li>\n<li><a href=\"https:\/\/airportsmokinglounge.com\/tr\/ufa-uluslararasi-havalimaninda-sigara-icilen-alanlar-ufa\/\">UFA ULUSLARARASI HAVAL\u0130MANI (UFA)<\/a><\/li>\n<li><a href=\"https:\/\/airportsmokinglounge.com\/tr\/sigara-icilebilen-alanlar-kurumoch-havaalani-kuf\/\">SAMARA \u2013 KURUMOCH ULUSLARARASI HAVAL\u0130MANI (KUF)<\/a><\/li>\n<li><a href=\"https:\/\/airportsmokinglounge.com\/tr\/platov-uluslararasi-havalimaninda-sigara-icme-alanlari-rov\/\">PLATOV ULUSLARARASI HAVAL\u0130MANI (ROV)<\/a><\/li>\n<li><a href=\"https:\/\/airportsmokinglounge.com\/tr\/khabarovsk-novy-havaalaninda-khv-sigara-icme-alanlari\/\">KHABAROVSK-NOVY HAVAL\u0130MANI (KHV)<\/a><\/li>\n<li><a href=\"https:\/\/airportsmokinglounge.com\/tr\/grv-grozni-havalimaninda-sigara-icme-alanlari\/\">GROZNY HAVAL\u0130MANI (GRV)<\/a><\/li>\n<li><a href=\"https:\/\/airportsmokinglounge.com\/tr\/krasnodar-uluslararasi-havalimaninda-sigara-icme-alanlari-krr\/\">KRASNODAR ULUSLARARASI HAVAL\u0130MANI (KRR)<\/a><\/li>\n<li><a href=\"https:\/\/airportsmokinglounge.com\/tr\/vladivostok-havaalaninda-sigara-icilen-alanlar-vvo\/\">VLADIVOSTOK ULUSLARARASI HAVAL\u0130MANI (VVO)<\/a><\/li>\n<li><a href=\"https:\/\/airportsmokinglounge.com\/tr\/irkutsk-havaalaninda-sigara-icme-alanlari-ikt\/\">IRKUTSK HAVAL\u0130MANI (IKT)<\/a><\/li>\n<li><a href=\"https:\/\/airportsmokinglounge.com\/tr\/kaliningrad-havaalanindaki-sigara-icilebilir-alanlar-kgd\/\">KALININGRAD \u2013 KHRABROVO HAVAL\u0130MANI (KGD)<\/a><\/li>\n<li><a href=\"https:\/\/airportsmokinglounge.com\/tr\/yakutsk-havaalaninda-sigara-alanlari-yks\/\">YAKUTSK HAVAL\u0130MANI (YKS)<\/a><\/li>\n<li><a href=\"https:\/\/airportsmokinglounge.com\/tr\/sigara-icilebilen-alanlar-strigino-havaalani-goj\/\">NIZHNY NOVGOROD STRIGINO ULUSLARARASI HAVAL\u0130MANI (GOJ)<\/a><\/li>\n<li><a href=\"https:\/\/airportsmokinglounge.com\/tr\/belgorod-havaalaninda-sigara-icilen-alanlar-ego\/\">BELGOROD ULUSLARARASI HAVAL\u0130MANI (EGO)<\/a><\/li>\n<\/ul>\n<h2>Rus Sigara Kanunu<\/h2>\n<p>Rusya sigara i\u00e7me yasalar\u0131 uyar\u0131nca, havalimanlar\u0131, tren istasyonlar\u0131, restoranlar, kafeler, barlar, ofisler ve di\u011fer kapal\u0131 alanlar dahil olmak \u00fczere kapal\u0131 kamusal alanlarda sigara i\u00e7mek genellikle yasakt\u0131r. Ama\u00e7, sigara i\u00e7meyenleri pasif i\u00e7icili\u011fin zararl\u0131 etkilerinden korumak ve daha sa\u011fl\u0131kl\u0131 bir \u00e7evre sa\u011flamakt\u0131r.<\/p>\n<p>Rusya&#039;daki havalimanlar\u0131 genellikle sigara i\u00e7mek isteyen ki\u015filer i\u00e7in a\u00e7\u0131k havada belirlenmi\u015f sigara i\u00e7me alanlar\u0131 sa\u011flamaktad\u0131r. Bu alanlar genellikle terminal binalar\u0131n\u0131n d\u0131\u015f\u0131nda yer al\u0131r ve k\u00fcl tablalar\u0131 ve belirlenmi\u015f sigara i\u00e7me alanlar\u0131 ile donat\u0131lm\u0131\u015ft\u0131r. Bu belirlenmi\u015f alanlar\u0131n d\u0131\u015f\u0131nda sigara i\u00e7ilmesine genellikle izin verilmez.<\/p>\n<p>Rusya&#039;daki havalimanlar\u0131nda sigara i\u00e7menin yasak oldu\u011fu kapal\u0131 alanlarda belirgin \u201cSigara \u0130\u00e7ilmez\u201d tabelalar\u0131 ve i\u015faretleri sergileniyor. Bu i\u015faretlerin yan\u0131nda genellikle uluslararas\u0131 semboller veya sigara yasa\u011f\u0131n\u0131 belirten metinler bulunur. Sigara i\u00e7me y\u00f6netmeliklerine uymak i\u00e7in bu i\u015faretlere sayg\u0131 duymak ve bunlara uymak \u00f6nemlidir.<\/p>\n<p>Rusya&#039;daki farkl\u0131 havalimanlar\u0131nda sigara i\u00e7me d\u00fczenlemeleri ve belirlenen sigara i\u00e7me alanlar\u0131n\u0131n biraz farkl\u0131l\u0131k g\u00f6sterebilece\u011fini unutmamak \u00f6nemlidir. Bu nedenle, en do\u011fru ve g\u00fcncel sigara i\u00e7me d\u00fczenlemeleri ve y\u00f6nergeleri i\u00e7in belirli havaalan\u0131 yetkililerine dan\u0131\u015fman\u0131z veya seyahat etti\u011finiz havaalan\u0131ndaki tabelalara ve bilgilere ba\u015fvurman\u0131z \u00f6nerilir.<\/p>\n<p><strong>Daha fazla Havaalan\u0131 Sigara i\u00e7ilen alan\u00a0<\/strong><\/p>\n<ul>\n<li><a href=\"https:\/\/airportsmokinglounge.com\/tr\/kuzey-amerikanin-havaalanlarinda-sigara-icmek\/\">Kuzey Amerika<\/a><\/li>\n<li><a href=\"https:\/\/airportsmokinglounge.com\/tr\/guney-amerika-havaalanlarinda-sigara-icilmesi\/\">G\u00fcney Amerika<\/a><\/li>\n<li><a href=\"https:\/\/airportsmokinglounge.com\/tr\/avrupa-havalimanlarindaki-sigara-icme-alanlari\/\">Avrupa<\/a><\/li>\n<li><a href=\"https:\/\/airportsmokinglounge.com\/tr\/asyadaki-havaalanlarinda-sigara-icmek\/\">Asya<\/a><\/li>\n<li><a href=\"https:\/\/airportsmokinglounge.com\/tr\/okyanusya-havalimanlarinda-sigara-icmek\/\">Okyanusya<\/a><\/li>\n<li><a href=\"https:\/\/airportsmokinglounge.com\/tr\/afrikada-havaalanlarinda-sigara-icmek\/\">Afrika<\/a><\/li>\n<\/ul>","protected":false},"excerpt":{"rendered":"<p>Russia is home to numerous airports, serving domestic and international travelers across the vast country. On this website you can find all smoking areas in airports, including designated smoking areas and available facilities. We understand the frustration of going through security only to find that there are no smoking areas anywhere and in some cases&hellip;&nbsp;<a href=\"https:\/\/airportsmokinglounge.com\/tr\/rus-havalimanlarindaki-sigara-icme-alanlari\/\" rel=\"bookmark\">Devam\u0131n\u0131 oku &quot;<span class=\"screen-reader-text\">Rusya havaalanlar\u0131nda sigara i\u00e7ilen alanlar<\/span><\/a><\/p>","protected":false},"author":1,"featured_media":1199,"parent":0,"menu_order":0,"comment_status":"closed","ping_status":"closed","template":"","meta":{"neve_meta_sidebar":"","neve_meta_container":"","neve_meta_enable_content_width":"off","neve_meta_content_width":100,"neve_meta_title_alignment":"","neve_meta_author_avatar":"","neve_post_elements_order":"","neve_meta_disable_header":"","neve_meta_disable_footer":"","neve_meta_disable_title":"","neve_meta_reading_time":"","footnotes":""},"class_list":["post-182","page","type-page","status-publish","has-post-thumbnail","hentry"],"yoast_head":"<!-- This site is optimized with the Yoast SEO plugin v26.6 - https:\/\/yoast.com\/wordpress\/plugins\/seo\/ -->\n<title>Smoking areas in Russian airports - airportsmokinglounge.com<\/title>\n<meta name=\"description\" content=\"Smoking Areas in Russian Airports - Your Ultimate Guide to Finding a Place to Smoke \u2714\ufe0e Find Your Next Smoke Break Spot \u2714\ufe0e\" \/>\n<meta name=\"robots\" content=\"index, follow, max-snippet:-1, max-image-preview:large, max-video-preview:-1\" \/>\n<link rel=\"canonical\" href=\"https:\/\/airportsmokinglounge.com\/tr\/rus-havalimanlarindaki-sigara-icme-alanlari\/\" \/>\n<meta property=\"og:locale\" content=\"tr_TR\" \/>\n<meta property=\"og:type\" content=\"article\" \/>\n<meta property=\"og:title\" content=\"Smoking areas in Russian airports - airportsmokinglounge.com\" \/>\n<meta property=\"og:description\" content=\"Smoking Areas in Russian Airports - Your Ultimate Guide to Finding a Place to Smoke \u2714\ufe0e Find Your Next Smoke Break Spot \u2714\ufe0e\" \/>\n<meta property=\"og:url\" content=\"https:\/\/airportsmokinglounge.com\/tr\/rus-havalimanlarindaki-sigara-icme-alanlari\/\" \/>\n<meta property=\"og:site_name\" content=\"airportsmokinglounge.com\" \/>\n<meta property=\"article:modified_time\" content=\"2023-05-30T10:50:43+00:00\" \/>\n<meta property=\"og:image\" content=\"https:\/\/airportsmokinglounge.com\/wp-content\/uploads\/2023\/03\/airport-smoking-lounge-4.jpg\" \/>\n\t<meta property=\"og:image:width\" content=\"2048\" \/>\n\t<meta property=\"og:image:height\" content=\"1152\" \/>\n\t<meta property=\"og:image:type\" content=\"image\/jpeg\" \/>\n<meta name=\"twitter:card\" content=\"summary_large_image\" \/>\n<meta name=\"twitter:label1\" content=\"Tahmini okuma s\u00fcresi\" \/>\n\t<meta name=\"twitter:data1\" content=\"2 dakika\" \/>\n<script type=\"application\/ld+json\" class=\"yoast-schema-graph\">{\"@context\":\"https:\/\/schema.org\",\"@graph\":[{\"@type\":\"WebPage\",\"@id\":\"https:\/\/airportsmokinglounge.com\/smoking-areas-in-russian-airports\/\",\"url\":\"https:\/\/airportsmokinglounge.com\/smoking-areas-in-russian-airports\/\",\"name\":\"Smoking areas in Russian airports - airportsmokinglounge.com\",\"isPartOf\":{\"@id\":\"https:\/\/airportsmokinglounge.com\/#website\"},\"primaryImageOfPage\":{\"@id\":\"https:\/\/airportsmokinglounge.com\/smoking-areas-in-russian-airports\/#primaryimage\"},\"image\":{\"@id\":\"https:\/\/airportsmokinglounge.com\/smoking-areas-in-russian-airports\/#primaryimage\"},\"thumbnailUrl\":\"https:\/\/airportsmokinglounge.com\/wp-content\/uploads\/2023\/03\/airport-smoking-lounge-4.jpg\",\"datePublished\":\"2023-02-28T11:50:50+00:00\",\"dateModified\":\"2023-05-30T10:50:43+00:00\",\"description\":\"Smoking Areas in Russian Airports - Your Ultimate Guide to Finding a Place to Smoke \u2714\ufe0e Find Your Next Smoke Break Spot \u2714\ufe0e\",\"breadcrumb\":{\"@id\":\"https:\/\/airportsmokinglounge.com\/smoking-areas-in-russian-airports\/#breadcrumb\"},\"inLanguage\":\"tr\",\"potentialAction\":[{\"@type\":\"ReadAction\",\"target\":[\"https:\/\/airportsmokinglounge.com\/smoking-areas-in-russian-airports\/\"]}]},{\"@type\":\"ImageObject\",\"inLanguage\":\"tr\",\"@id\":\"https:\/\/airportsmokinglounge.com\/smoking-areas-in-russian-airports\/#primaryimage\",\"url\":\"https:\/\/airportsmokinglounge.com\/wp-content\/uploads\/2023\/03\/airport-smoking-lounge-4.jpg\",\"contentUrl\":\"https:\/\/airportsmokinglounge.com\/wp-content\/uploads\/2023\/03\/airport-smoking-lounge-4.jpg\",\"width\":2048,\"height\":1152,\"caption\":\"Airport Smoking\"},{\"@type\":\"BreadcrumbList\",\"@id\":\"https:\/\/airportsmokinglounge.com\/smoking-areas-in-russian-airports\/#breadcrumb\",\"itemListElement\":[{\"@type\":\"ListItem\",\"position\":1,\"name\":\"Home\",\"item\":\"https:\/\/airportsmokinglounge.com\/\"},{\"@type\":\"ListItem\",\"position\":2,\"name\":\"Smoking areas in Russian airports\"}]},{\"@type\":\"WebSite\",\"@id\":\"https:\/\/airportsmokinglounge.com\/#website\",\"url\":\"https:\/\/airportsmokinglounge.com\/\",\"name\":\"airportsmokinglounge.com\",\"description\":\"\",\"potentialAction\":[{\"@type\":\"SearchAction\",\"target\":{\"@type\":\"EntryPoint\",\"urlTemplate\":\"https:\/\/airportsmokinglounge.com\/?s={search_term_string}\"},\"query-input\":{\"@type\":\"PropertyValueSpecification\",\"valueRequired\":true,\"valueName\":\"search_term_string\"}}],\"inLanguage\":\"tr\"}]}<\/script>\n<!-- \/ Yoast SEO plugin. -->","yoast_head_json":{"title":"Rus havalimanlar\u0131ndaki sigara i\u00e7ilen alanlar - Airport Smokinglounge.com","description":"Rusya Havalimanlar\u0131ndaki Sigara \u0130\u00e7ilen Alanlar - Sigara \u0130\u00e7ilecek Bir Yer Bulmak \u0130\u00e7in En \u0130yi Rehberiniz \u2714\ufe0e Bir Sonraki Sigara \u0130\u00e7me Noktan\u0131z\u0131 Bulun \u2714\ufe0e","robots":{"index":"index","follow":"follow","max-snippet":"max-snippet:-1","max-image-preview":"max-image-preview:large","max-video-preview":"max-video-preview:-1"},"canonical":"https:\/\/airportsmokinglounge.com\/tr\/rus-havalimanlarindaki-sigara-icme-alanlari\/","og_locale":"tr_TR","og_type":"article","og_title":"Smoking areas in Russian airports - airportsmokinglounge.com","og_description":"Smoking Areas in Russian Airports - Your Ultimate Guide to Finding a Place to Smoke \u2714\ufe0e Find Your Next Smoke Break Spot \u2714\ufe0e","og_url":"https:\/\/airportsmokinglounge.com\/tr\/rus-havalimanlarindaki-sigara-icme-alanlari\/","og_site_name":"airportsmokinglounge.com","article_modified_time":"2023-05-30T10:50:43+00:00","og_image":[{"width":2048,"height":1152,"url":"https:\/\/airportsmokinglounge.com\/wp-content\/uploads\/2023\/03\/airport-smoking-lounge-4.jpg","type":"image\/jpeg"}],"twitter_card":"summary_large_image","twitter_misc":{"Tahmini okuma s\u00fcresi":"2 dakika"},"schema":{"@context":"https:\/\/schema.org","@graph":[{"@type":"WebPage","@id":"https:\/\/airportsmokinglounge.com\/smoking-areas-in-russian-airports\/","url":"https:\/\/airportsmokinglounge.com\/smoking-areas-in-russian-airports\/","name":"Rus havalimanlar\u0131ndaki sigara i\u00e7ilen alanlar - Airport Smokinglounge.com","isPartOf":{"@id":"https:\/\/airportsmokinglounge.com\/#website"},"primaryImageOfPage":{"@id":"https:\/\/airportsmokinglounge.com\/smoking-areas-in-russian-airports\/#primaryimage"},"image":{"@id":"https:\/\/airportsmokinglounge.com\/smoking-areas-in-russian-airports\/#primaryimage"},"thumbnailUrl":"https:\/\/airportsmokinglounge.com\/wp-content\/uploads\/2023\/03\/airport-smoking-lounge-4.jpg","datePublished":"2023-02-28T11:50:50+00:00","dateModified":"2023-05-30T10:50:43+00:00","description":"Rusya Havalimanlar\u0131ndaki Sigara \u0130\u00e7ilen Alanlar - Sigara \u0130\u00e7ilecek Bir Yer Bulmak \u0130\u00e7in En \u0130yi Rehberiniz \u2714\ufe0e Bir Sonraki Sigara \u0130\u00e7me Noktan\u0131z\u0131 Bulun \u2714\ufe0e","breadcrumb":{"@id":"https:\/\/airportsmokinglounge.com\/smoking-areas-in-russian-airports\/#breadcrumb"},"inLanguage":"tr","potentialAction":[{"@type":"ReadAction","target":["https:\/\/airportsmokinglounge.com\/smoking-areas-in-russian-airports\/"]}]},{"@type":"ImageObject","inLanguage":"tr","@id":"https:\/\/airportsmokinglounge.com\/smoking-areas-in-russian-airports\/#primaryimage","url":"https:\/\/airportsmokinglounge.com\/wp-content\/uploads\/2023\/03\/airport-smoking-lounge-4.jpg","contentUrl":"https:\/\/airportsmokinglounge.com\/wp-content\/uploads\/2023\/03\/airport-smoking-lounge-4.jpg","width":2048,"height":1152,"caption":"Airport Smoking"},{"@type":"BreadcrumbList","@id":"https:\/\/airportsmokinglounge.com\/smoking-areas-in-russian-airports\/#breadcrumb","itemListElement":[{"@type":"ListItem","position":1,"name":"Home","item":"https:\/\/airportsmokinglounge.com\/"},{"@type":"ListItem","position":2,"name":"Smoking areas in Russian airports"}]},{"@type":"WebSite","@id":"https:\/\/airportsmokinglounge.com\/#website","url":"https:\/\/airportsmokinglounge.com\/","name":"havaalan\u0131sigara salonu.com","description":"","potentialAction":[{"@type":"SearchAction","target":{"@type":"EntryPoint","urlTemplate":"https:\/\/airportsmokinglounge.com\/?s={search_term_string}"},"query-input":{"@type":"PropertyValueSpecification","valueRequired":true,"valueName":"search_term_string"}}],"inLanguage":"tr"}]}},"_links":{"self":[{"href":"https:\/\/airportsmokinglounge.com\/tr\/wp-json\/wp\/v2\/pages\/182","targetHints":{"allow":["GET"]}}],"collection":[{"href":"https:\/\/airportsmokinglounge.com\/tr\/wp-json\/wp\/v2\/pages"}],"about":[{"href":"https:\/\/airportsmokinglounge.com\/tr\/wp-json\/wp\/v2\/types\/page"}],"author":[{"embeddable":true,"href":"https:\/\/airportsmokinglounge.com\/tr\/wp-json\/wp\/v2\/users\/1"}],"replies":[{"embeddable":true,"href":"https:\/\/airportsmokinglounge.com\/tr\/wp-json\/wp\/v2\/comments?post=182"}],"version-history":[{"count":10,"href":"https:\/\/airportsmokinglounge.com\/tr\/wp-json\/wp\/v2\/pages\/182\/revisions"}],"predecessor-version":[{"id":6355,"href":"https:\/\/airportsmokinglounge.com\/tr\/wp-json\/wp\/v2\/pages\/182\/revisions\/6355"}],"wp:featuredmedia":[{"embeddable":true,"href":"https:\/\/airportsmokinglounge.com\/tr\/wp-json\/wp\/v2\/media\/1199"}],"wp:attachment":[{"href":"https:\/\/airportsmokinglounge.com\/tr\/wp-json\/wp\/v2\/media?parent=182"}],"curies":[{"name":"wp","href":"https:\/\/api.w.org\/{rel}","templated":true}]}}