{"id":186,"date":"2023-02-28T12:56:48","date_gmt":"2023-02-28T11:56:48","guid":{"rendered":"https:\/\/airportsmokinglounge.com\/?page_id=186"},"modified":"2023-05-23T17:51:51","modified_gmt":"2023-05-23T15:51:51","slug":"smoking-areas-at-scotlands-airports","status":"publish","type":"page","link":"https:\/\/airportsmokinglounge.com\/tr\/iskocya-havalimanlarindaki-sigara-icme-alanlari\/","title":{"rendered":"\u0130sko\u00e7ya havalimanlar\u0131ndaki sigara i\u00e7me alanlar\u0131"},"content":{"rendered":"<p>\u0130sko\u00e7ya, yurt i\u00e7i ve yurt d\u0131\u015f\u0131 u\u00e7u\u015f ba\u011flant\u0131lar\u0131 sa\u011flayan bir\u00e7ok havaalan\u0131na ev sahipli\u011fi yapmaktad\u0131r.<\/p>\n<p>Bu web sitesinde, belirlenmi\u015f sigara i\u00e7me alanlar\u0131 ve mevcut tesisler dahil olmak \u00fczere havalimanlar\u0131ndaki t\u00fcm sigara i\u00e7me alanlar\u0131n\u0131 bulabilirsiniz. G\u00fcvenlikten ge\u00e7ip hi\u00e7bir yerde sigara i\u00e7ilen alanlar\u0131n olmad\u0131\u011f\u0131n\u0131 ve baz\u0131 durumlarda e-sigara i\u00e7ilmesine izin verilmeyebilece\u011fini g\u00f6rmenin hayal k\u0131r\u0131kl\u0131\u011f\u0131n\u0131 anl\u0131yoruz.<\/p>\n<p>Bu hizmet, uzun u\u00e7u\u015flardan \u00f6nce veya sonra sigara keyfi yapmak isteyen t\u00fcm sigara i\u00e7enler i\u00e7indir.<\/p>\n<h2>\u0130sko\u00e7ya&#039;daki havalimanlar\u0131<\/h2>\n<ul style=\"list-style-type: circle;\">\n<li><a href=\"https:\/\/airportsmokinglounge.com\/tr\/aberdeen-havaalaninda-abz-sigara-icme-alanlari\/\">ABERDEEN ULUSLARARASI HAVAL\u0130MANI (ABZ)<\/a><\/li>\n<li><a href=\"https:\/\/airportsmokinglounge.com\/tr\/edinburgh-havaalaninda-edi-sigara-icme-alanlari\/\">EDINBURGH HAVAL\u0130MANI (EDI)<\/a><\/li>\n<li><a href=\"https:\/\/airportsmokinglounge.com\/tr\/glasgow-uluslararasi-havalimaninda-sigara-alanlari-gla\/\">GLASGOW ULUSLARARASI HAVAL\u0130MANI (GLA)<\/a><\/li>\n<li><a href=\"https:\/\/airportsmokinglounge.com\/tr\/glasgow-prestwick-havaalani-pikte-sigara-icme-alanlari\/\">GLASGOW PRETWICK HAVAL\u0130MANI (PIK)<\/a><\/li>\n<\/ul>\n<h2>\u0130sko\u00e7ya&#039;n\u0131n Sigara Yasas\u0131<\/h2>\n<p>\u0130sko\u00e7ya, halk sa\u011fl\u0131\u011f\u0131n\u0131 korumak ve dumans\u0131z ortamlar yaratmak i\u00e7in kat\u0131 sigara i\u00e7me yasalar\u0131n\u0131 uygulamaya koydu.<\/p>\n<p>\u0130sko\u00e7ya&#039;da neredeyse t\u00fcm kapal\u0131 halka a\u00e7\u0131k yerlerde sigara i\u00e7mek yasakt\u0131r. Buna i\u015fyerleri, toplu ta\u015f\u0131ma, barlar, restoranlar, al\u0131\u015fveri\u015f merkezleri ve halk\u0131n eri\u015febilece\u011fi di\u011fer kapal\u0131 alanlar dahildir. Yasak ayr\u0131ca hastane alanlar\u0131 ve okul alanlar\u0131 gibi belirli a\u00e7\u0131k alanlar\u0131 da kaps\u0131yor.<\/p>\n<p>Baz\u0131 kurulu\u015flar, genellikle giri\u015flerden uzakta bulunan ve iyi havaland\u0131r\u0131lan a\u00e7\u0131k havada sigara i\u00e7me alanlar\u0131 belirleyebilir. Ancak sigara i\u00e7meyenlerin pasif i\u00e7icilikten korunmas\u0131n\u0131 sa\u011flamak i\u00e7in bu alanlar\u0131n mevzuatta belirtilen belirli kriterlere uymas\u0131 gerekmektedir.<\/p>\n<p>Sigara yasa\u011f\u0131na paralel olarak halka a\u00e7\u0131k kapal\u0131 alanlarda elektronik sigara (e-sigara) kullan\u0131m\u0131 da yasakt\u0131r. Mevzuat kapsam\u0131nda e-sigara, geleneksel sigarayla ayn\u0131 muameleye tabi tutuluyor.<\/p>\n<p><main id=\"content\" class=\"neve-main\"><\/p>\n<div class=\"container single-page-container\">\n<div class=\"row\">\n<div class=\"nv-single-page-wrap col\">\n<div class=\"nv-content-wrap entry-content\"><main id=\"content\" class=\"neve-main\"><\/p>\n<div class=\"container single-page-container\">\n<div class=\"row\">\n<div class=\"nv-single-page-wrap col\">\n<div class=\"nv-content-wrap entry-content\">\n<p><strong>Daha fazla Havaalan\u0131 Sigara i\u00e7ilen alan\u00a0<\/strong><\/p>\n<ul>\n<li><a href=\"https:\/\/airportsmokinglounge.com\/tr\/kuzey-amerikanin-havaalanlarinda-sigara-icmek\/\">Kuzey Amerika<\/a><\/li>\n<li><a href=\"https:\/\/airportsmokinglounge.com\/tr\/guney-amerika-havaalanlarinda-sigara-icilmesi\/\">G\u00fcney Amerika<\/a><\/li>\n<li><a href=\"https:\/\/airportsmokinglounge.com\/tr\/avrupa-havalimanlarindaki-sigara-icme-alanlari\/\">Avrupa<\/a><\/li>\n<li><a href=\"https:\/\/airportsmokinglounge.com\/tr\/asyadaki-havaalanlarinda-sigara-icmek\/\">Asya<\/a><\/li>\n<li><a href=\"https:\/\/airportsmokinglounge.com\/tr\/okyanusya-havalimanlarinda-sigara-icmek\/\">Okyanusya<\/a><\/li>\n<li><a href=\"https:\/\/airportsmokinglounge.com\/tr\/afrikada-havaalanlarinda-sigara-icmek\/\">Afrika<\/a><\/li>\n<\/ul>\n<\/div>\n<\/div>\n<\/div>\n<\/div>\n<p>&nbsp;<\/p>\n<p><\/main>&nbsp;<\/p>\n<\/div>\n<\/div>\n<\/div>\n<\/div>\n<p><\/main><\/p>\n<footer id=\"site-footer\" class=\"site-footer\">\n<div class=\"hfg_footer\">\n<div id=\"cb-row--footer-top\" class=\"footer--row footer-top layout-full-contained\" data-row-id=\"top\" data-show-on=\"desktop\">\n<div class=\"footer--row-inner footer-top-inner footer-content-wrap\">\n<div class=\"container\">\n<div class=\"hfg-grid nv-footer-content hfg-grid-top row--wrapper row\" data-section=\"hfg_footer_layout_top\">\n<div class=\"hfg-slot left\">\n<div class=\"builder-item desktop-left tablet-left mobile-left\">\n<div class=\"item--inner builder-item--footer-one-widgets\" data-section=\"neve_sidebar-widgets-footer-one-widgets\" data-item-id=\"footer-one-widgets\">\n<div class=\"widget-area\">\n<div id=\"text-2\" class=\"widget widget_text\">\n<div class=\"textwidget\"><\/div>\n<\/div>\n<\/div>\n<\/div>\n<\/div>\n<\/div>\n<\/div>\n<\/div>\n<\/div>\n<\/div>\n<\/div>\n<\/footer>","protected":false},"excerpt":{"rendered":"<p>Scotland is home to several airports that provide domestic and international flight connections. On this website you can find all smoking areas in airports, including designated smoking areas and available facilities. We understand the frustration of going through security only to find that there are no smoking areas anywhere and in some cases e-cigarettes may&hellip;&nbsp;<a href=\"https:\/\/airportsmokinglounge.com\/tr\/iskocya-havalimanlarindaki-sigara-icme-alanlari\/\" rel=\"bookmark\">Devam\u0131n\u0131 oku &quot;<span class=\"screen-reader-text\">\u0130sko\u00e7ya havalimanlar\u0131ndaki sigara i\u00e7me alanlar\u0131<\/span><\/a><\/p>","protected":false},"author":1,"featured_media":1199,"parent":0,"menu_order":0,"comment_status":"closed","ping_status":"closed","template":"","meta":{"neve_meta_sidebar":"","neve_meta_container":"","neve_meta_enable_content_width":"off","neve_meta_content_width":100,"neve_meta_title_alignment":"","neve_meta_author_avatar":"","neve_post_elements_order":"","neve_meta_disable_header":"","neve_meta_disable_footer":"","neve_meta_disable_title":"","neve_meta_reading_time":"","footnotes":""},"class_list":["post-186","page","type-page","status-publish","has-post-thumbnail","hentry"],"yoast_head":"<!-- This site is optimized with the Yoast SEO plugin v26.6 - https:\/\/yoast.com\/wordpress\/plugins\/seo\/ -->\n<title>Smoking areas at Scotland&#039;s airports - airportsmokinglounge.com<\/title>\n<meta name=\"description\" content=\"Smoking Areas in Scotland&#039;s Airports - Your Ultimate Guide to Finding a Place to Smoke \u2714\ufe0e Find Your Next Smoke Break Spot \u2714\ufe0e\" \/>\n<meta name=\"robots\" content=\"index, follow, max-snippet:-1, max-image-preview:large, max-video-preview:-1\" \/>\n<link rel=\"canonical\" href=\"https:\/\/airportsmokinglounge.com\/tr\/iskocya-havalimanlarindaki-sigara-icme-alanlari\/\" \/>\n<meta property=\"og:locale\" content=\"tr_TR\" \/>\n<meta property=\"og:type\" content=\"article\" \/>\n<meta property=\"og:title\" content=\"Smoking areas at Scotland&#039;s airports - airportsmokinglounge.com\" \/>\n<meta property=\"og:description\" content=\"Smoking Areas in Scotland&#039;s Airports - Your Ultimate Guide to Finding a Place to Smoke \u2714\ufe0e Find Your Next Smoke Break Spot \u2714\ufe0e\" \/>\n<meta property=\"og:url\" content=\"https:\/\/airportsmokinglounge.com\/tr\/iskocya-havalimanlarindaki-sigara-icme-alanlari\/\" \/>\n<meta property=\"og:site_name\" content=\"airportsmokinglounge.com\" \/>\n<meta property=\"article:modified_time\" content=\"2023-05-23T15:51:51+00:00\" \/>\n<meta property=\"og:image\" content=\"https:\/\/airportsmokinglounge.com\/wp-content\/uploads\/2023\/03\/airport-smoking-lounge-4.jpg\" \/>\n\t<meta property=\"og:image:width\" content=\"2048\" \/>\n\t<meta property=\"og:image:height\" content=\"1152\" \/>\n\t<meta property=\"og:image:type\" content=\"image\/jpeg\" \/>\n<meta name=\"twitter:card\" content=\"summary_large_image\" \/>\n<meta name=\"twitter:label1\" content=\"Tahmini okuma s\u00fcresi\" \/>\n\t<meta name=\"twitter:data1\" content=\"1 dakika\" \/>\n<script type=\"application\/ld+json\" class=\"yoast-schema-graph\">{\"@context\":\"https:\/\/schema.org\",\"@graph\":[{\"@type\":\"WebPage\",\"@id\":\"https:\/\/airportsmokinglounge.com\/smoking-areas-at-scotlands-airports\/\",\"url\":\"https:\/\/airportsmokinglounge.com\/smoking-areas-at-scotlands-airports\/\",\"name\":\"Smoking areas at Scotland's airports - airportsmokinglounge.com\",\"isPartOf\":{\"@id\":\"https:\/\/airportsmokinglounge.com\/#website\"},\"primaryImageOfPage\":{\"@id\":\"https:\/\/airportsmokinglounge.com\/smoking-areas-at-scotlands-airports\/#primaryimage\"},\"image\":{\"@id\":\"https:\/\/airportsmokinglounge.com\/smoking-areas-at-scotlands-airports\/#primaryimage\"},\"thumbnailUrl\":\"https:\/\/airportsmokinglounge.com\/wp-content\/uploads\/2023\/03\/airport-smoking-lounge-4.jpg\",\"datePublished\":\"2023-02-28T11:56:48+00:00\",\"dateModified\":\"2023-05-23T15:51:51+00:00\",\"description\":\"Smoking Areas in Scotland's Airports - Your Ultimate Guide to Finding a Place to Smoke \u2714\ufe0e Find Your Next Smoke Break Spot \u2714\ufe0e\",\"breadcrumb\":{\"@id\":\"https:\/\/airportsmokinglounge.com\/smoking-areas-at-scotlands-airports\/#breadcrumb\"},\"inLanguage\":\"tr\",\"potentialAction\":[{\"@type\":\"ReadAction\",\"target\":[\"https:\/\/airportsmokinglounge.com\/smoking-areas-at-scotlands-airports\/\"]}]},{\"@type\":\"ImageObject\",\"inLanguage\":\"tr\",\"@id\":\"https:\/\/airportsmokinglounge.com\/smoking-areas-at-scotlands-airports\/#primaryimage\",\"url\":\"https:\/\/airportsmokinglounge.com\/wp-content\/uploads\/2023\/03\/airport-smoking-lounge-4.jpg\",\"contentUrl\":\"https:\/\/airportsmokinglounge.com\/wp-content\/uploads\/2023\/03\/airport-smoking-lounge-4.jpg\",\"width\":2048,\"height\":1152,\"caption\":\"Airport Smoking\"},{\"@type\":\"BreadcrumbList\",\"@id\":\"https:\/\/airportsmokinglounge.com\/smoking-areas-at-scotlands-airports\/#breadcrumb\",\"itemListElement\":[{\"@type\":\"ListItem\",\"position\":1,\"name\":\"Home\",\"item\":\"https:\/\/airportsmokinglounge.com\/\"},{\"@type\":\"ListItem\",\"position\":2,\"name\":\"Smoking areas at Scotland&#8217;s airports\"}]},{\"@type\":\"WebSite\",\"@id\":\"https:\/\/airportsmokinglounge.com\/#website\",\"url\":\"https:\/\/airportsmokinglounge.com\/\",\"name\":\"airportsmokinglounge.com\",\"description\":\"\",\"potentialAction\":[{\"@type\":\"SearchAction\",\"target\":{\"@type\":\"EntryPoint\",\"urlTemplate\":\"https:\/\/airportsmokinglounge.com\/?s={search_term_string}\"},\"query-input\":{\"@type\":\"PropertyValueSpecification\",\"valueRequired\":true,\"valueName\":\"search_term_string\"}}],\"inLanguage\":\"tr\"}]}<\/script>\n<!-- \/ Yoast SEO plugin. -->","yoast_head_json":{"title":"\u0130sko\u00e7ya havalimanlar\u0131ndaki sigara i\u00e7ilebilen alanlar - Airport Smokinglounge.com","description":"\u0130sko\u00e7ya Havalimanlar\u0131ndaki Sigara \u0130\u00e7ilen Alanlar - Sigara \u0130\u00e7ilecek Bir Yer Bulmak \u0130\u00e7in En \u0130yi Rehberiniz \u2714\ufe0e Bir Sonraki Sigara \u0130\u00e7me Noktan\u0131z\u0131 Bulun \u2714\ufe0e","robots":{"index":"index","follow":"follow","max-snippet":"max-snippet:-1","max-image-preview":"max-image-preview:large","max-video-preview":"max-video-preview:-1"},"canonical":"https:\/\/airportsmokinglounge.com\/tr\/iskocya-havalimanlarindaki-sigara-icme-alanlari\/","og_locale":"tr_TR","og_type":"article","og_title":"Smoking areas at Scotland's airports - airportsmokinglounge.com","og_description":"Smoking Areas in Scotland's Airports - Your Ultimate Guide to Finding a Place to Smoke \u2714\ufe0e Find Your Next Smoke Break Spot \u2714\ufe0e","og_url":"https:\/\/airportsmokinglounge.com\/tr\/iskocya-havalimanlarindaki-sigara-icme-alanlari\/","og_site_name":"airportsmokinglounge.com","article_modified_time":"2023-05-23T15:51:51+00:00","og_image":[{"width":2048,"height":1152,"url":"https:\/\/airportsmokinglounge.com\/wp-content\/uploads\/2023\/03\/airport-smoking-lounge-4.jpg","type":"image\/jpeg"}],"twitter_card":"summary_large_image","twitter_misc":{"Tahmini okuma s\u00fcresi":"1 dakika"},"schema":{"@context":"https:\/\/schema.org","@graph":[{"@type":"WebPage","@id":"https:\/\/airportsmokinglounge.com\/smoking-areas-at-scotlands-airports\/","url":"https:\/\/airportsmokinglounge.com\/smoking-areas-at-scotlands-airports\/","name":"\u0130sko\u00e7ya havalimanlar\u0131ndaki sigara i\u00e7ilebilen alanlar - Airport Smokinglounge.com","isPartOf":{"@id":"https:\/\/airportsmokinglounge.com\/#website"},"primaryImageOfPage":{"@id":"https:\/\/airportsmokinglounge.com\/smoking-areas-at-scotlands-airports\/#primaryimage"},"image":{"@id":"https:\/\/airportsmokinglounge.com\/smoking-areas-at-scotlands-airports\/#primaryimage"},"thumbnailUrl":"https:\/\/airportsmokinglounge.com\/wp-content\/uploads\/2023\/03\/airport-smoking-lounge-4.jpg","datePublished":"2023-02-28T11:56:48+00:00","dateModified":"2023-05-23T15:51:51+00:00","description":"\u0130sko\u00e7ya Havalimanlar\u0131ndaki Sigara \u0130\u00e7ilen Alanlar - Sigara \u0130\u00e7ilecek Bir Yer Bulmak \u0130\u00e7in En \u0130yi Rehberiniz \u2714\ufe0e Bir Sonraki Sigara \u0130\u00e7me Noktan\u0131z\u0131 Bulun \u2714\ufe0e","breadcrumb":{"@id":"https:\/\/airportsmokinglounge.com\/smoking-areas-at-scotlands-airports\/#breadcrumb"},"inLanguage":"tr","potentialAction":[{"@type":"ReadAction","target":["https:\/\/airportsmokinglounge.com\/smoking-areas-at-scotlands-airports\/"]}]},{"@type":"ImageObject","inLanguage":"tr","@id":"https:\/\/airportsmokinglounge.com\/smoking-areas-at-scotlands-airports\/#primaryimage","url":"https:\/\/airportsmokinglounge.com\/wp-content\/uploads\/2023\/03\/airport-smoking-lounge-4.jpg","contentUrl":"https:\/\/airportsmokinglounge.com\/wp-content\/uploads\/2023\/03\/airport-smoking-lounge-4.jpg","width":2048,"height":1152,"caption":"Airport Smoking"},{"@type":"BreadcrumbList","@id":"https:\/\/airportsmokinglounge.com\/smoking-areas-at-scotlands-airports\/#breadcrumb","itemListElement":[{"@type":"ListItem","position":1,"name":"Home","item":"https:\/\/airportsmokinglounge.com\/"},{"@type":"ListItem","position":2,"name":"Smoking areas at Scotland&#8217;s airports"}]},{"@type":"WebSite","@id":"https:\/\/airportsmokinglounge.com\/#website","url":"https:\/\/airportsmokinglounge.com\/","name":"havaalan\u0131sigara salonu.com","description":"","potentialAction":[{"@type":"SearchAction","target":{"@type":"EntryPoint","urlTemplate":"https:\/\/airportsmokinglounge.com\/?s={search_term_string}"},"query-input":{"@type":"PropertyValueSpecification","valueRequired":true,"valueName":"search_term_string"}}],"inLanguage":"tr"}]}},"_links":{"self":[{"href":"https:\/\/airportsmokinglounge.com\/tr\/wp-json\/wp\/v2\/pages\/186","targetHints":{"allow":["GET"]}}],"collection":[{"href":"https:\/\/airportsmokinglounge.com\/tr\/wp-json\/wp\/v2\/pages"}],"about":[{"href":"https:\/\/airportsmokinglounge.com\/tr\/wp-json\/wp\/v2\/types\/page"}],"author":[{"embeddable":true,"href":"https:\/\/airportsmokinglounge.com\/tr\/wp-json\/wp\/v2\/users\/1"}],"replies":[{"embeddable":true,"href":"https:\/\/airportsmokinglounge.com\/tr\/wp-json\/wp\/v2\/comments?post=186"}],"version-history":[{"count":8,"href":"https:\/\/airportsmokinglounge.com\/tr\/wp-json\/wp\/v2\/pages\/186\/revisions"}],"predecessor-version":[{"id":6014,"href":"https:\/\/airportsmokinglounge.com\/tr\/wp-json\/wp\/v2\/pages\/186\/revisions\/6014"}],"wp:featuredmedia":[{"embeddable":true,"href":"https:\/\/airportsmokinglounge.com\/tr\/wp-json\/wp\/v2\/media\/1199"}],"wp:attachment":[{"href":"https:\/\/airportsmokinglounge.com\/tr\/wp-json\/wp\/v2\/media?parent=186"}],"curies":[{"name":"wp","href":"https:\/\/api.w.org\/{rel}","templated":true}]}}