{"id":1963,"date":"2023-04-08T11:25:31","date_gmt":"2023-04-08T09:25:31","guid":{"rendered":"https:\/\/airportsmokinglounge.com\/?page_id=1963"},"modified":"2023-05-16T10:16:28","modified_gmt":"2023-05-16T08:16:28","slug":"smoking-areas-at-yamaguchi-ube-airport-ubj","status":"publish","type":"page","link":"https:\/\/airportsmokinglounge.com\/tr\/yamaguchi-ube-havaalaninda-sigara-icilen-alanlar-ubj\/","title":{"rendered":"Yamaguchi Ube Havaalan\u0131&#039;ndaki (UBJ) sigara i\u00e7me alanlar\u0131"},"content":{"rendered":"<p>Yamaguchi Ube Havaalan\u0131 (UBJ), Japonya&#039;n\u0131n Yamaguchi Eyaletindeki Ube \u015eehri&#039;nde bulunan bir havaalan\u0131d\u0131r. B\u00f6lgenin ana giri\u015f kap\u0131s\u0131 olarak hizmet verir ve Japonya&#039;daki \u00e7e\u015fitli destinasyonlara i\u00e7 hat u\u00e7u\u015flar\u0131 sunar.<\/p>\n<p>Havaalan\u0131nda hem var\u0131\u015f hem de kalk\u0131\u015flar\u0131n yap\u0131ld\u0131\u011f\u0131 tek bir terminal binas\u0131 bulunmaktad\u0131r. Yolculara check-in kontuarlar\u0131, bagaj teslim alan\u0131, ma\u011fazalar, restoranlar ve ara\u00e7 kiralama hizmetleri gibi temel olanaklar ve hizmetler sunmaktad\u0131r.<\/p>\n<h2>G\u00fcvenlik Kontrol\u00fc \u00f6ncesi sigara i\u00e7ilen alanlar<\/h2>\n<ul>\n<li><span style=\"font-size: 14pt;\">Sadece terminalin d\u0131\u015f\u0131nda sigara i\u00e7ilebilir<\/span><\/li>\n<\/ul>\n<h2>G\u00fcvenlik Kontrol\u00fcnden Sonra Sigara \u0130\u00e7ilen Alanlar<\/h2>\n<ul>\n<li><span style=\"font-size: 14pt;\">\u015eu anda, havaliman\u0131 i\u00e7indeki sigara i\u00e7me tesisleri ile ilgili herhangi bir bilgi bulunmamaktad\u0131r.<\/span><\/li>\n<\/ul>\n<p><span style=\"font-size: 14pt;\">Resmi Web Sitesinde Daha Fazla Bilgi<\/span><\/p>\n<ul>\n<li>www.yamaguchiube-havaalan\u0131.jp<\/li>\n<\/ul>\n<p><strong><span style=\"font-size: 14pt;\">Bize geri bildirim g\u00f6nderin<\/span><\/strong><\/p>\n<p><span style=\"font-size: 14pt;\">Havaalan\u0131ndaysan\u0131z, sigara i\u00e7ilen alanlar\u0131n resimlerini bize g\u00f6nderebilirsiniz. Bu, veritaban\u0131m\u0131z\u0131 daha h\u0131zl\u0131 doldurmam\u0131za yard\u0131mc\u0131 olacakt\u0131r. Bunu yapabilirsiniz <strong><a href=\"https:\/\/airportsmokinglounge.com\/tr\/temas-etmek\/\">Burada<\/a>.<\/strong> G\u00f6rseller, g\u00f6rsel kayna\u011f\u0131 (isim) belirtilerek sitemizde yay\u0131nlanmaktad\u0131r. Bu resimleri bizimle ve t\u00fcm Airport Smokinglounge.com ziyaret\u00e7ileriyle payla\u015fmaktan \u00e7ekinmeyin.<\/span>.<\/p>\n<h2>Japonya Sigara Yasas\u0131<\/h2>\n<p>Japonya&#039;da t\u00fct\u00fcn kullan\u0131m\u0131yla ilgili halk sa\u011fl\u0131\u011f\u0131 endi\u015felerini gidermek i\u00e7in sigara i\u00e7me d\u00fczenlemeleri bulunmaktad\u0131r. Ancak, sigara i\u00e7me yasalar\u0131n\u0131n ve d\u00fczenlemelerinin zaman i\u00e7inde de\u011fi\u015febilece\u011fini l\u00fctfen unutmay\u0131n, bu nedenle Japonya&#039;n\u0131n sigara i\u00e7me yasalar\u0131 hakk\u0131nda en g\u00fcncel bilgiler i\u00e7in en son yasalara ba\u015fvurman\u0131z veya yerel yetkililere dan\u0131\u015fman\u0131z \u00f6nerilir.<\/p>\n<p>Japonya&#039;da sigara i\u00e7me d\u00fczenlemeleri, konuma ve kurulu\u015fa g\u00f6re de\u011fi\u015fir. H\u00fck\u00fcmet binalar\u0131, sa\u011fl\u0131k tesisleri ve e\u011fitim kurumlar\u0131 dahil olmak \u00fczere baz\u0131 halka a\u00e7\u0131k yerlerde sigara i\u00e7meye ili\u015fkin k\u0131s\u0131tlamalar olsa da, d\u00fczenlemeler genellikle di\u011fer baz\u0131 \u00fclkelere k\u0131yasla daha az kat\u0131d\u0131r.<\/p>\n<p>Japonya&#039;daki bir\u00e7ok restoran ve barda sigara i\u00e7me alanlar\u0131 belirlenmi\u015fken, di\u011ferleri tesis genelinde sigara i\u00e7ilmesine izin verebilir. Ancak, dumans\u0131z ortamlar yaratmaya y\u00f6nelik artan bir e\u011filim olmu\u015ftur ve baz\u0131 kurulu\u015flar g\u00f6n\u00fcll\u00fc olarak sigara i\u00e7me k\u0131s\u0131tlamalar\u0131 uygulam\u0131\u015f veya dumans\u0131z politikalar benimsemi\u015ftir.<\/p>\n<p>Japonya&#039;da 20 ya\u015f\u0131n alt\u0131ndaki k\u00fc\u00e7\u00fcklere t\u00fct\u00fcn \u00fcr\u00fcnlerinin sat\u0131\u015f\u0131 yasakt\u0131r. Buna ek olarak, \u00fclke t\u00fct\u00fcn reklam\u0131, promosyonu ve sponsorlu\u011funa ili\u015fkin d\u00fczenlemeler uygulam\u0131\u015ft\u0131r.<\/p>\n<p>Japonya&#039;da, sa\u011fl\u0131k kampanyalar\u0131 ve sigara paketleri \u00fczerine uyar\u0131lar da dahil olmak \u00fczere, sigara i\u00e7menin sa\u011fl\u0131k riskleri konusunda kamuoyunu bilin\u00e7lendirmeye y\u00f6nelik \u00e7abalar ger\u00e7ekle\u015ftirildi. \u00dclke, t\u00fct\u00fcn \u00fcr\u00fcn\u00fc paketlerinin \u00fczerine grafik resimli sa\u011fl\u0131k uyar\u0131lar\u0131 uygulam\u0131\u015ft\u0131r.<\/p>\n<p>Sigara i\u00e7me yasalar\u0131n\u0131n uygulanmas\u0131 de\u011fi\u015fiklik g\u00f6sterebilir ve uyum, kurulu\u015fa ve yerel makamlara ba\u011fl\u0131 olabilir. Japonya&#039;daki baz\u0131 yerel belediyelerin daha kat\u0131 sigara i\u00e7me d\u00fczenlemeleri uygulad\u0131klar\u0131n\u0131 ve daha fazla sigara i\u00e7ilmeyen alanlar belirlediklerini belirtmekte fayda var.<\/p>\n<p>Japonya&#039;n\u0131n sigara i\u00e7me yasalar\u0131yla ilgili en do\u011fru ve g\u00fcncel bilgiler i\u00e7in en son yasalara ba\u015fvurman\u0131z veya yerel yetkililere veya sa\u011fl\u0131k kurulu\u015flar\u0131na ba\u015fvurman\u0131z \u00f6nerilir.<\/p>\n<h3>S\u0131k\u00e7a Sorulan Sorular<\/h3>\n<h4>Havaliman\u0131 sigara i\u00e7me alanlar\u0131 7\/24 a\u00e7\u0131k m\u0131?<\/h4>\n<p>Havaliman\u0131 sigara i\u00e7me alanlar\u0131n\u0131n mevcudiyeti, havaliman\u0131na ve konuma g\u00f6re de\u011fi\u015fiklik g\u00f6sterebilir. Baz\u0131 sigara i\u00e7me alanlar\u0131 24 saat a\u00e7\u0131kken, baz\u0131lar\u0131nda k\u0131s\u0131tl\u0131 saatler olabilir veya belirli saatlerde kapal\u0131 olabilir. Sigara i\u00e7me alan\u0131n\u0131n \u00e7al\u0131\u015fma saatleri hakk\u0131nda \u00f6zel bilgi i\u00e7in havaalan\u0131na dan\u0131\u015fmak veya web sitelerini ziyaret etmek en iyisidir.<\/p>\n<h4>Sigara i\u00e7me alan\u0131na kendi yiyecek ve i\u00e7eceklerimi getirmeme izin verilir mi?<\/h4>\n<p>Bu, belirli sigara i\u00e7me alan\u0131na ve havaalan\u0131na ba\u011fl\u0131 olabilir. Baz\u0131 sigara i\u00e7me alanlar\u0131 d\u0131\u015far\u0131dan yiyecek ve i\u00e7eceklere izin verirken, baz\u0131lar\u0131nda k\u0131s\u0131tlamalar olabilir veya tamamen yasak olabilir. Belirli kurallar ve y\u00f6netmelikler i\u00e7in havaalan\u0131na veya sigara i\u00e7ilen alan tabelas\u0131na bakmak en iyisidir.<\/p>\n<h4>Havaliman\u0131ndaki t\u00fcm sigara i\u00e7ilen alanlarda sigara i\u00e7ilebilir mi?<\/h4>\n<p>Havaalan\u0131 sigara i\u00e7ilen alanlar\u0131n t\u00fcm\u00fc sigara i\u00e7ilmesine izin vermeyebilir. Baz\u0131 havalimanlar\u0131nda, geleneksel sigara i\u00e7me alanlar\u0131ndan ayr\u0131 elektronik sigara veya elektronik sigara i\u00e7in belirlenmi\u015f alanlar olabilir. Kullanmay\u0131 planlad\u0131\u011f\u0131n\u0131z sigara i\u00e7me alan\u0131 i\u00e7in \u00f6zel kural ve d\u00fczenlemeleri kontrol etti\u011finizden emin olun.<\/p>\n<h4>Sigara i\u00e7ilen alanlar klimal\u0131 m\u0131 yoksa \u0131s\u0131tmal\u0131 m\u0131?<\/h4>\n<p>Havaalan\u0131 sigara i\u00e7me alanlar\u0131n\u0131n s\u0131cakl\u0131\u011f\u0131 ve havaland\u0131rmas\u0131 b\u00fcy\u00fck \u00f6l\u00e7\u00fcde de\u011fi\u015febilir. Baz\u0131lar\u0131 klimal\u0131 veya \u0131s\u0131tmal\u0131 olabilirken, di\u011ferleri d\u0131\u015f etkenlerden s\u0131n\u0131rl\u0131 korumaya sahip a\u00e7\u0131k hava alanlar\u0131 olabilir. Ko\u015fullar\u0131 belirlemek ve buna g\u00f6re haz\u0131rlanmak i\u00e7in \u00f6nceden havaalan\u0131na dan\u0131\u015ft\u0131\u011f\u0131n\u0131zdan veya sigara i\u00e7me alan\u0131n\u0131 ziyaret etti\u011finizden emin olun.<\/p>\n<h4>Sigara i\u00e7ilen alanlar engelli yolcular i\u00e7in eri\u015filebilir mi?<\/h4>\n<p>Bir\u00e7ok havaalan\u0131, sigara i\u00e7me alanlar\u0131n\u0131 engelli yolcular\u0131n eri\u015fimine uygun hale getirmek i\u00e7in \u00e7aba sarf etmi\u015ftir. Ancak, belirli sigara i\u00e7me alanlar\u0131n\u0131n eri\u015filebilirli\u011fi b\u00fcy\u00fck \u00f6l\u00e7\u00fcde de\u011fi\u015febilir. Eri\u015filebilir olup olmad\u0131\u011f\u0131n\u0131 ve ihtiya\u00e7lar\u0131n\u0131z\u0131 kar\u015f\u0131lay\u0131p kar\u015f\u0131lamad\u0131\u011f\u0131n\u0131 belirlemek i\u00e7in havaalan\u0131na dan\u0131\u015ft\u0131\u011f\u0131n\u0131zdan veya sigara i\u00e7me alan\u0131n\u0131 \u00f6nceden ziyaret etti\u011finizden emin olun.<\/p>\n<p><span style=\"font-size: 14pt;\"><strong>Japonya konumundaki di\u011fer havaalanlar\u0131:<\/strong> <\/span><\/p>\n<ul>\n<li><a href=\"https:\/\/airportsmokinglounge.com\/tr\/japonyadaki-havalimanlarindaki-sigara-icme-alanlari\/\"><span style=\"font-size: 14pt;\">Japonya havaalanlar\u0131<\/span><\/a><\/li>\n<\/ul>\n<p><span style=\"font-size: 14pt;\"><strong>Asya&#039;da sigara i\u00e7ilen alanlar<\/strong><\/span><\/p>\n<ul>\n<li><a href=\"https:\/\/airportsmokinglounge.com\/tr\/asyadaki-havaalanlarinda-sigara-icmek\/\"><span style=\"font-size: 14pt;\">Asya havaalanlar\u0131<\/span><\/a><\/li>\n<\/ul>","protected":false},"excerpt":{"rendered":"<p>Yamaguchi Ube Havaliman\u0131 (UBJ), Japonya&#039;n\u0131n Yamaguchi Eyaleti, Ube \u015fehrinde bulunan bir havaliman\u0131d\u0131r. B\u00f6lgeye ana giri\u015f kap\u0131s\u0131 g\u00f6revi g\u00f6ren havaliman\u0131, Japonya i\u00e7indeki \u00e7e\u015fitli noktalara i\u00e7 hat u\u00e7u\u015flar\u0131 sunmaktad\u0131r. Havaliman\u0131, hem geli\u015f hem de gidi\u015fleri y\u00f6neten tek bir terminal binas\u0131na sahiptir. Yolcular i\u00e7in check-in kontuarlar\u0131 da dahil olmak \u00fczere temel olanaklar ve hizmetler sunmaktad\u0131r\u2026&nbsp;<a href=\"https:\/\/airportsmokinglounge.com\/tr\/yamaguchi-ube-havaalaninda-sigara-icilen-alanlar-ubj\/\" rel=\"bookmark\">Devam\u0131n\u0131 oku &quot;<span class=\"screen-reader-text\">Yamaguchi Ube Havaalan\u0131&#039;ndaki (UBJ) sigara i\u00e7me alanlar\u0131<\/span><\/a><\/p>","protected":false},"author":1,"featured_media":1199,"parent":0,"menu_order":0,"comment_status":"closed","ping_status":"closed","template":"","meta":{"neve_meta_sidebar":"","neve_meta_container":"","neve_meta_enable_content_width":"off","neve_meta_content_width":100,"neve_meta_title_alignment":"","neve_meta_author_avatar":"","neve_post_elements_order":"","neve_meta_disable_header":"","neve_meta_disable_footer":"","neve_meta_disable_title":"","neve_meta_reading_time":"","footnotes":""},"class_list":["post-1963","page","type-page","status-publish","has-post-thumbnail","hentry"],"yoast_head":"<!-- This site is optimized with the Yoast SEO plugin v26.6 - https:\/\/yoast.com\/wordpress\/plugins\/seo\/ -->\n<title>Smoking areas at Yamaguchi Ube Airport (UBJ)<\/title>\n<meta name=\"description\" content=\"Smoking areas Yamaguchi Ube Airport - Find a smoking area in the airport \u2714\ufe0e Smoking Guide in Airports: Information for Travelers \u2714\ufe0e\" \/>\n<meta name=\"robots\" content=\"index, follow, max-snippet:-1, max-image-preview:large, max-video-preview:-1\" \/>\n<link rel=\"canonical\" href=\"https:\/\/airportsmokinglounge.com\/tr\/yamaguchi-ube-havaalaninda-sigara-icilen-alanlar-ubj\/\" \/>\n<meta property=\"og:locale\" content=\"tr_TR\" \/>\n<meta property=\"og:type\" content=\"article\" \/>\n<meta property=\"og:title\" content=\"Smoking areas at Yamaguchi Ube Airport (UBJ)\" \/>\n<meta property=\"og:description\" content=\"Smoking areas Yamaguchi Ube Airport - Find a smoking area in the airport \u2714\ufe0e Smoking Guide in Airports: Information for Travelers \u2714\ufe0e\" \/>\n<meta property=\"og:url\" content=\"https:\/\/airportsmokinglounge.com\/tr\/yamaguchi-ube-havaalaninda-sigara-icilen-alanlar-ubj\/\" \/>\n<meta property=\"og:site_name\" content=\"airportsmokinglounge.com\" \/>\n<meta property=\"article:modified_time\" content=\"2023-05-16T08:16:28+00:00\" \/>\n<meta property=\"og:image\" content=\"https:\/\/airportsmokinglounge.com\/wp-content\/uploads\/2023\/03\/airport-smoking-lounge-4.jpg\" \/>\n\t<meta property=\"og:image:width\" content=\"2048\" \/>\n\t<meta property=\"og:image:height\" content=\"1152\" \/>\n\t<meta property=\"og:image:type\" content=\"image\/jpeg\" \/>\n<meta name=\"twitter:card\" content=\"summary_large_image\" \/>\n<meta name=\"twitter:label1\" content=\"Tahmini okuma s\u00fcresi\" \/>\n\t<meta name=\"twitter:data1\" content=\"3 dakika\" \/>\n<script type=\"application\/ld+json\" class=\"yoast-schema-graph\">{\"@context\":\"https:\/\/schema.org\",\"@graph\":[{\"@type\":\"WebPage\",\"@id\":\"https:\/\/airportsmokinglounge.com\/smoking-areas-at-yamaguchi-ube-airport-ubj\/\",\"url\":\"https:\/\/airportsmokinglounge.com\/smoking-areas-at-yamaguchi-ube-airport-ubj\/\",\"name\":\"Smoking areas at Yamaguchi Ube Airport (UBJ)\",\"isPartOf\":{\"@id\":\"https:\/\/airportsmokinglounge.com\/#website\"},\"primaryImageOfPage\":{\"@id\":\"https:\/\/airportsmokinglounge.com\/smoking-areas-at-yamaguchi-ube-airport-ubj\/#primaryimage\"},\"image\":{\"@id\":\"https:\/\/airportsmokinglounge.com\/smoking-areas-at-yamaguchi-ube-airport-ubj\/#primaryimage\"},\"thumbnailUrl\":\"https:\/\/airportsmokinglounge.com\/wp-content\/uploads\/2023\/03\/airport-smoking-lounge-4.jpg\",\"datePublished\":\"2023-04-08T09:25:31+00:00\",\"dateModified\":\"2023-05-16T08:16:28+00:00\",\"description\":\"Smoking areas Yamaguchi Ube Airport - Find a smoking area in the airport \u2714\ufe0e Smoking Guide in Airports: Information for Travelers \u2714\ufe0e\",\"breadcrumb\":{\"@id\":\"https:\/\/airportsmokinglounge.com\/smoking-areas-at-yamaguchi-ube-airport-ubj\/#breadcrumb\"},\"inLanguage\":\"tr\",\"potentialAction\":[{\"@type\":\"ReadAction\",\"target\":[\"https:\/\/airportsmokinglounge.com\/smoking-areas-at-yamaguchi-ube-airport-ubj\/\"]}]},{\"@type\":\"ImageObject\",\"inLanguage\":\"tr\",\"@id\":\"https:\/\/airportsmokinglounge.com\/smoking-areas-at-yamaguchi-ube-airport-ubj\/#primaryimage\",\"url\":\"https:\/\/airportsmokinglounge.com\/wp-content\/uploads\/2023\/03\/airport-smoking-lounge-4.jpg\",\"contentUrl\":\"https:\/\/airportsmokinglounge.com\/wp-content\/uploads\/2023\/03\/airport-smoking-lounge-4.jpg\",\"width\":2048,\"height\":1152,\"caption\":\"Airport Smoking\"},{\"@type\":\"BreadcrumbList\",\"@id\":\"https:\/\/airportsmokinglounge.com\/smoking-areas-at-yamaguchi-ube-airport-ubj\/#breadcrumb\",\"itemListElement\":[{\"@type\":\"ListItem\",\"position\":1,\"name\":\"Home\",\"item\":\"https:\/\/airportsmokinglounge.com\/\"},{\"@type\":\"ListItem\",\"position\":2,\"name\":\"Smoking areas at Yamaguchi Ube Airport (UBJ)\"}]},{\"@type\":\"WebSite\",\"@id\":\"https:\/\/airportsmokinglounge.com\/#website\",\"url\":\"https:\/\/airportsmokinglounge.com\/\",\"name\":\"airportsmokinglounge.com\",\"description\":\"\",\"potentialAction\":[{\"@type\":\"SearchAction\",\"target\":{\"@type\":\"EntryPoint\",\"urlTemplate\":\"https:\/\/airportsmokinglounge.com\/?s={search_term_string}\"},\"query-input\":{\"@type\":\"PropertyValueSpecification\",\"valueRequired\":true,\"valueName\":\"search_term_string\"}}],\"inLanguage\":\"tr\"}]}<\/script>\n<!-- \/ Yoast SEO plugin. -->","yoast_head_json":{"title":"Yamaguchi Ube Havaalan\u0131&#039;ndaki (UBJ) sigara i\u00e7me alanlar\u0131","description":"Sigara i\u00e7me alanlar\u0131 Yamaguchi Ube Havaalan\u0131 - Havaalan\u0131nda sigara i\u00e7me alan\u0131 bulun \u2714\ufe0e Havaalanlar\u0131nda Sigara \u0130\u00e7me Rehberi: Gezginler \u0130\u00e7in Bilgiler \u2714\ufe0e","robots":{"index":"index","follow":"follow","max-snippet":"max-snippet:-1","max-image-preview":"max-image-preview:large","max-video-preview":"max-video-preview:-1"},"canonical":"https:\/\/airportsmokinglounge.com\/tr\/yamaguchi-ube-havaalaninda-sigara-icilen-alanlar-ubj\/","og_locale":"tr_TR","og_type":"article","og_title":"Smoking areas at Yamaguchi Ube Airport (UBJ)","og_description":"Smoking areas Yamaguchi Ube Airport - Find a smoking area in the airport \u2714\ufe0e Smoking Guide in Airports: Information for Travelers \u2714\ufe0e","og_url":"https:\/\/airportsmokinglounge.com\/tr\/yamaguchi-ube-havaalaninda-sigara-icilen-alanlar-ubj\/","og_site_name":"airportsmokinglounge.com","article_modified_time":"2023-05-16T08:16:28+00:00","og_image":[{"width":2048,"height":1152,"url":"https:\/\/airportsmokinglounge.com\/wp-content\/uploads\/2023\/03\/airport-smoking-lounge-4.jpg","type":"image\/jpeg"}],"twitter_card":"summary_large_image","twitter_misc":{"Tahmini okuma s\u00fcresi":"3 dakika"},"schema":{"@context":"https:\/\/schema.org","@graph":[{"@type":"WebPage","@id":"https:\/\/airportsmokinglounge.com\/smoking-areas-at-yamaguchi-ube-airport-ubj\/","url":"https:\/\/airportsmokinglounge.com\/smoking-areas-at-yamaguchi-ube-airport-ubj\/","name":"Yamaguchi Ube Havaalan\u0131&#039;ndaki (UBJ) sigara i\u00e7me alanlar\u0131","isPartOf":{"@id":"https:\/\/airportsmokinglounge.com\/#website"},"primaryImageOfPage":{"@id":"https:\/\/airportsmokinglounge.com\/smoking-areas-at-yamaguchi-ube-airport-ubj\/#primaryimage"},"image":{"@id":"https:\/\/airportsmokinglounge.com\/smoking-areas-at-yamaguchi-ube-airport-ubj\/#primaryimage"},"thumbnailUrl":"https:\/\/airportsmokinglounge.com\/wp-content\/uploads\/2023\/03\/airport-smoking-lounge-4.jpg","datePublished":"2023-04-08T09:25:31+00:00","dateModified":"2023-05-16T08:16:28+00:00","description":"Sigara i\u00e7me alanlar\u0131 Yamaguchi Ube Havaalan\u0131 - Havaalan\u0131nda sigara i\u00e7me alan\u0131 bulun \u2714\ufe0e Havaalanlar\u0131nda Sigara \u0130\u00e7me Rehberi: Gezginler \u0130\u00e7in Bilgiler \u2714\ufe0e","breadcrumb":{"@id":"https:\/\/airportsmokinglounge.com\/smoking-areas-at-yamaguchi-ube-airport-ubj\/#breadcrumb"},"inLanguage":"tr","potentialAction":[{"@type":"ReadAction","target":["https:\/\/airportsmokinglounge.com\/smoking-areas-at-yamaguchi-ube-airport-ubj\/"]}]},{"@type":"ImageObject","inLanguage":"tr","@id":"https:\/\/airportsmokinglounge.com\/smoking-areas-at-yamaguchi-ube-airport-ubj\/#primaryimage","url":"https:\/\/airportsmokinglounge.com\/wp-content\/uploads\/2023\/03\/airport-smoking-lounge-4.jpg","contentUrl":"https:\/\/airportsmokinglounge.com\/wp-content\/uploads\/2023\/03\/airport-smoking-lounge-4.jpg","width":2048,"height":1152,"caption":"Airport Smoking"},{"@type":"BreadcrumbList","@id":"https:\/\/airportsmokinglounge.com\/smoking-areas-at-yamaguchi-ube-airport-ubj\/#breadcrumb","itemListElement":[{"@type":"ListItem","position":1,"name":"Home","item":"https:\/\/airportsmokinglounge.com\/"},{"@type":"ListItem","position":2,"name":"Smoking areas at Yamaguchi Ube Airport (UBJ)"}]},{"@type":"WebSite","@id":"https:\/\/airportsmokinglounge.com\/#website","url":"https:\/\/airportsmokinglounge.com\/","name":"havaalan\u0131sigara salonu.com","description":"","potentialAction":[{"@type":"SearchAction","target":{"@type":"EntryPoint","urlTemplate":"https:\/\/airportsmokinglounge.com\/?s={search_term_string}"},"query-input":{"@type":"PropertyValueSpecification","valueRequired":true,"valueName":"search_term_string"}}],"inLanguage":"tr"}]}},"_links":{"self":[{"href":"https:\/\/airportsmokinglounge.com\/tr\/wp-json\/wp\/v2\/pages\/1963","targetHints":{"allow":["GET"]}}],"collection":[{"href":"https:\/\/airportsmokinglounge.com\/tr\/wp-json\/wp\/v2\/pages"}],"about":[{"href":"https:\/\/airportsmokinglounge.com\/tr\/wp-json\/wp\/v2\/types\/page"}],"author":[{"embeddable":true,"href":"https:\/\/airportsmokinglounge.com\/tr\/wp-json\/wp\/v2\/users\/1"}],"replies":[{"embeddable":true,"href":"https:\/\/airportsmokinglounge.com\/tr\/wp-json\/wp\/v2\/comments?post=1963"}],"version-history":[{"count":5,"href":"https:\/\/airportsmokinglounge.com\/tr\/wp-json\/wp\/v2\/pages\/1963\/revisions"}],"predecessor-version":[{"id":5178,"href":"https:\/\/airportsmokinglounge.com\/tr\/wp-json\/wp\/v2\/pages\/1963\/revisions\/5178"}],"wp:featuredmedia":[{"embeddable":true,"href":"https:\/\/airportsmokinglounge.com\/tr\/wp-json\/wp\/v2\/media\/1199"}],"wp:attachment":[{"href":"https:\/\/airportsmokinglounge.com\/tr\/wp-json\/wp\/v2\/media?parent=1963"}],"curies":[{"name":"wp","href":"https:\/\/api.w.org\/{rel}","templated":true}]}}