{"id":2132,"date":"2023-04-11T10:17:45","date_gmt":"2023-04-11T08:17:45","guid":{"rendered":"https:\/\/airportsmokinglounge.com\/?page_id=2132"},"modified":"2023-12-12T21:42:35","modified_gmt":"2023-12-12T20:42:35","slug":"smoking-areas-at-colombo-international-airport-cmb","status":"publish","type":"page","link":"https:\/\/airportsmokinglounge.com\/tr\/colombo-uluslararasi-havaalaninda-cmb-sigara-icme-alanlari\/","title":{"rendered":"Colombo Uluslararas\u0131 Havaliman\u0131&#039;nda (CMB) sigara i\u00e7ilebilen alanlar"},"content":{"rendered":"<figure id=\"attachment_7226\" aria-describedby=\"caption-attachment-7226\" style=\"width: 600px\" class=\"wp-caption aligncenter\"><img decoding=\"async\" class=\"size-full wp-image-7226\" src=\"https:\/\/airportsmokinglounge.com\/wp-content\/uploads\/2023\/12\/20231201_031023-scaled-e1702413510370.jpg\" alt=\"Colombo Uluslararas\u0131 Havaliman\u0131&#039;nda (CMB) sigara i\u00e7me odas\u0131\" width=\"600\" height=\"450\" \/><figcaption id=\"caption-attachment-7226\" class=\"wp-caption-text\">\u00a9 Oliver G.<\/figcaption><\/figure>\n<p>Bandaranaike Uluslararas\u0131 Havaalan\u0131 (BIA) olarak da bilinen Colombo Uluslararas\u0131 Havaalan\u0131, Sri Lanka&#039;n\u0131n ba\u015fkenti Colombo&#039;ya hizmet veren ba\u015fl\u0131ca uluslararas\u0131 havaalan\u0131d\u0131r. Colombo&#039;nun yakla\u015f\u0131k 35 kilometre kuzeyindeki Katunayake&#039;de yer almaktad\u0131r.<\/p>\n<p>Colombo Uluslararas\u0131 Havaalan\u0131, Sri Lanka&#039;ya gelen ve Sri Lanka&#039;dan ayr\u0131lan yolcular\u0131n ana kap\u0131s\u0131d\u0131r. \u00c7ok \u00e7e\u015fitli yurt i\u00e7i, b\u00f6lgesel ve uluslararas\u0131 u\u00e7u\u015flar sunmaktad\u0131r. Bir\u00e7ok b\u00fcy\u00fck havayolu \u015firketi bu havaalan\u0131nda faaliyet g\u00f6stererek Asya, Avrupa, Orta Do\u011fu ve d\u00fcnyan\u0131n di\u011fer b\u00f6lgelerine ba\u011flant\u0131 sa\u011fl\u0131yor.<\/p>\n<h2>G\u00fcvenlik Kontrol\u00fc \u00f6ncesi sigara i\u00e7ilen alanlar<\/h2>\n<ul>\n<li><span style=\"font-size: 14pt;\">Sadece terminalin d\u0131\u015f\u0131nda sigara i\u00e7ilebilir<\/span><\/li>\n<\/ul>\n<h2>G\u00fcvenlik Kontrol\u00fcnden Sonra Sigara \u0130\u00e7ilen Alanlar<\/h2>\n<ul>\n<li><span style=\"font-size: 14pt;\">Duty free ma\u011fazas\u0131n\u0131n i\u00e7inde sigara i\u00e7me alan\u0131 bulunmaktad\u0131r.<\/span><\/li>\n<\/ul>\n<figure id=\"attachment_7229\" aria-describedby=\"caption-attachment-7229\" style=\"width: 600px\" class=\"wp-caption aligncenter\"><img decoding=\"async\" class=\"size-full wp-image-7229\" src=\"https:\/\/airportsmokinglounge.com\/wp-content\/uploads\/2023\/12\/20231201_031455-scaled-e1702413739772.jpg\" alt=\"Sigara \u0130\u00e7me Salonu Uluslararas\u0131 Havaliman\u0131 (SPK)\" width=\"600\" height=\"800\" \/><figcaption id=\"caption-attachment-7229\" class=\"wp-caption-text\">\u00a9 Oliver G.<\/figcaption><\/figure>\n<figure id=\"attachment_7227\" aria-describedby=\"caption-attachment-7227\" style=\"width: 600px\" class=\"wp-caption aligncenter\"><img decoding=\"async\" class=\"size-full wp-image-7227\" src=\"https:\/\/airportsmokinglounge.com\/wp-content\/uploads\/2023\/12\/20231201_032400-scaled-e1702413637344.jpg\" alt=\"Sigara i\u00e7me alan\u0131 Uluslararas\u0131 Havaalan\u0131 (CMB)\" width=\"600\" height=\"800\" \/><figcaption id=\"caption-attachment-7227\" class=\"wp-caption-text\">\u00a9 Oliver G.<\/figcaption><\/figure>\n<figure id=\"attachment_7228\" aria-describedby=\"caption-attachment-7228\" style=\"width: 600px\" class=\"wp-caption aligncenter\"><img decoding=\"async\" class=\"size-full wp-image-7228\" src=\"https:\/\/airportsmokinglounge.com\/wp-content\/uploads\/2023\/12\/20231201_032527-scaled-e1702413672326.jpg\" alt=\"\" width=\"600\" height=\"800\" \/><figcaption id=\"caption-attachment-7228\" class=\"wp-caption-text\">\u00a9 Oliver G.<\/figcaption><\/figure>\n<p><span style=\"font-size: 14pt;\">Resmi Web Sitesinde Daha Fazla Bilgi<\/span><\/p>\n<ul>\n<li><a href=\"https:\/\/www.airport.lk\/main\" target=\"_blank\" rel=\"noopener\">www.airport.lk<\/a><\/li>\n<\/ul>\n<p><strong><span style=\"font-size: 14pt;\">Bize geri bildirim g\u00f6nderin<\/span><\/strong><\/p>\n<p><span style=\"font-size: 14pt;\">Colombo Havaalan\u0131ndaysan\u0131z, bize sigara i\u00e7ilen alanlar\u0131n foto\u011fraflar\u0131n\u0131 g\u00f6nderebilirsiniz. Bu, veritaban\u0131m\u0131z\u0131 daha h\u0131zl\u0131 doldurmam\u0131za yard\u0131mc\u0131 olacakt\u0131r. Bunu yapabilirsiniz <strong><a href=\"https:\/\/airportsmokinglounge.com\/tr\/temas-etmek\/\">Burada<\/a>.<\/strong> G\u00f6rseller, g\u00f6rsel kayna\u011f\u0131 (isim) belirtilerek sitemizde yay\u0131nlanmaktad\u0131r. Bu resimleri bizimle ve t\u00fcm Airport Smokinglounge.com ziyaret\u00e7ileriyle payla\u015fmaktan \u00e7ekinmeyin.<\/span>.<\/p>\n<h2>Sri Lanka Sigara Yasas\u0131<\/h2>\n<p>Sri Lanka, halk sa\u011fl\u0131\u011f\u0131n\u0131 geli\u015ftirmek ve t\u00fct\u00fcn kullan\u0131m\u0131n\u0131 azaltmak i\u00e7in s\u0131k\u0131 sigara i\u00e7me d\u00fczenlemeleri uygulad\u0131. Ancak, sigara i\u00e7meyle ilgili yasa ve d\u00fczenlemelerin zaman i\u00e7inde de\u011fi\u015febilece\u011fini l\u00fctfen unutmay\u0131n; bu nedenle, Sri Lanka&#039;n\u0131n sigara i\u00e7me yasalar\u0131na ili\u015fkin en g\u00fcncel bilgiler i\u00e7in en g\u00fcncel yasalara ba\u015fvurman\u0131z veya yerel yetkililere dan\u0131\u015fman\u0131z tavsiye edilir.<\/p>\n<p>Sri Lanka&#039;da, h\u00fck\u00fcmet binalar\u0131, sa\u011fl\u0131k tesisleri, e\u011fitim kurumlar\u0131 ve toplu ta\u015f\u0131ma dahil olmak \u00fczere halka a\u00e7\u0131k \u00e7o\u011fu kapal\u0131 alanda sigara i\u00e7mek genellikle yasakt\u0131r. Kanun ayr\u0131ca restoran, kafe ve al\u0131\u015fveri\u015f merkezi gibi alanlarda, \u00f6zel gereklilikleri kar\u015f\u0131layan belirlenmi\u015f sigara i\u00e7me alanlar\u0131 olmad\u0131\u011f\u0131 s\u00fcrece sigara i\u00e7ilmesini de k\u0131s\u0131tl\u0131yor.<\/p>\n<p>Ayr\u0131ca kamu binalar\u0131n\u0131n giri\u015fleri, otob\u00fcs duraklar\u0131 ve tren istasyonlar\u0131 da dahil olmak \u00fczere baz\u0131 a\u00e7\u0131k alanlarda sigara i\u00e7ilmesine izin verilmemektedir. Kanun ayr\u0131ca \u00e7ocuk parklar\u0131, hastaneler ve spor salonlar\u0131n\u0131n yak\u0131n\u0131nda sigara i\u00e7ilmesini de yasakl\u0131yor.<\/p>\n<p>Sri Lanka&#039;da 21 ya\u015f\u0131n alt\u0131ndakilere t\u00fct\u00fcn \u00fcr\u00fcnlerinin sat\u0131\u015f\u0131 yasakt\u0131r. \u00dclke ayr\u0131ca t\u00fct\u00fcn reklam\u0131, promosyonu ve sponsorlu\u011fu konusunda da kat\u0131 d\u00fczenlemeler uygulamaktad\u0131r.<\/p>\n<p>Sri Lanka, sigara i\u00e7menin sa\u011fl\u0131k riskleri konusunda kamuoyunu bilin\u00e7lendirmek i\u00e7in kapsaml\u0131 \u00f6nlemler ald\u0131. \u00dclke, t\u00fct\u00fcn \u00fcr\u00fcnleri ambalajlar\u0131na grafik resimli sa\u011fl\u0131k uyar\u0131lar\u0131 yerle\u015ftirdi ve halk\u0131 e\u011fitmek i\u00e7in sigara kar\u015f\u0131t\u0131 kampanyalar y\u00fcr\u00fct\u00fcyor.<\/p>\n<p>Sigara i\u00e7me yasalar\u0131n\u0131n uygulanmas\u0131 ilgili makamlar taraf\u0131ndan y\u00fcr\u00fct\u00fcl\u00fcr ve ihlaller para cezalar\u0131 veya di\u011fer cezalarla sonu\u00e7lanabilir.<\/p>\n<p>Sri Lanka&#039;da sigara i\u00e7me d\u00fczenlemelerine uyumun genel olarak y\u00fcksek oldu\u011funu ve yasak alanlarda sigara i\u00e7menin ciddi cezalara yol a\u00e7abilece\u011fini unutmamak \u00f6nemlidir.<\/p>\n<p>Sri Lanka&#039;n\u0131n sigara i\u00e7me yasalar\u0131na ili\u015fkin en do\u011fru ve g\u00fcncel bilgiler i\u00e7in en son mevzuata ba\u015fvurman\u0131z veya Sa\u011fl\u0131k Bakanl\u0131\u011f\u0131 veya di\u011fer ilgili makamlarla ileti\u015fime ge\u00e7meniz \u00f6nerilir.<\/p>\n<h3>S\u0131k\u00e7a Sorulan Sorular<\/h3>\n<h4>Havaliman\u0131 sigara i\u00e7me alanlar\u0131 7\/24 a\u00e7\u0131k m\u0131?<\/h4>\n<p>Havaliman\u0131 sigara i\u00e7me alanlar\u0131n\u0131n mevcudiyeti, havaliman\u0131na ve konuma g\u00f6re de\u011fi\u015fiklik g\u00f6sterebilir. Baz\u0131 sigara i\u00e7me alanlar\u0131 24 saat a\u00e7\u0131kken, baz\u0131lar\u0131nda k\u0131s\u0131tl\u0131 saatler olabilir veya belirli saatlerde kapal\u0131 olabilir. Sigara i\u00e7me alan\u0131n\u0131n \u00e7al\u0131\u015fma saatleri hakk\u0131nda \u00f6zel bilgi i\u00e7in havaalan\u0131na dan\u0131\u015fmak veya web sitelerini ziyaret etmek en iyisidir.<\/p>\n<h4>Sigara i\u00e7me alan\u0131na kendi yiyecek ve i\u00e7eceklerimi getirmeme izin verilir mi?<\/h4>\n<p>Bu, belirli sigara i\u00e7me alan\u0131na ve havaalan\u0131na ba\u011fl\u0131 olabilir. Baz\u0131 sigara i\u00e7me alanlar\u0131 d\u0131\u015far\u0131dan yiyecek ve i\u00e7eceklere izin verirken, baz\u0131lar\u0131nda k\u0131s\u0131tlamalar olabilir veya tamamen yasak olabilir. Belirli kurallar ve y\u00f6netmelikler i\u00e7in havaalan\u0131na veya sigara i\u00e7ilen alan tabelas\u0131na bakmak en iyisidir.<\/p>\n<h4>Havaliman\u0131ndaki t\u00fcm sigara i\u00e7ilen alanlarda sigara i\u00e7ilebilir mi?<\/h4>\n<p>Havaalan\u0131 sigara i\u00e7ilen alanlar\u0131n t\u00fcm\u00fc sigara i\u00e7ilmesine izin vermeyebilir. Baz\u0131 havalimanlar\u0131nda, geleneksel sigara i\u00e7me alanlar\u0131ndan ayr\u0131 elektronik sigara veya elektronik sigara i\u00e7in belirlenmi\u015f alanlar olabilir. Kullanmay\u0131 planlad\u0131\u011f\u0131n\u0131z sigara i\u00e7me alan\u0131 i\u00e7in \u00f6zel kural ve d\u00fczenlemeleri kontrol etti\u011finizden emin olun.<\/p>\n<h4>Sigara i\u00e7ilen alanlar klimal\u0131 m\u0131 yoksa \u0131s\u0131tmal\u0131 m\u0131?<\/h4>\n<p>Havaalan\u0131 sigara i\u00e7me alanlar\u0131n\u0131n s\u0131cakl\u0131\u011f\u0131 ve havaland\u0131rmas\u0131 b\u00fcy\u00fck \u00f6l\u00e7\u00fcde de\u011fi\u015febilir. Baz\u0131lar\u0131 klimal\u0131 veya \u0131s\u0131tmal\u0131 olabilirken, di\u011ferleri d\u0131\u015f etkenlerden s\u0131n\u0131rl\u0131 korumaya sahip a\u00e7\u0131k hava alanlar\u0131 olabilir. Ko\u015fullar\u0131 belirlemek ve buna g\u00f6re haz\u0131rlanmak i\u00e7in \u00f6nceden havaalan\u0131na dan\u0131\u015ft\u0131\u011f\u0131n\u0131zdan veya sigara i\u00e7me alan\u0131n\u0131 ziyaret etti\u011finizden emin olun.<\/p>\n<h4>Sigara i\u00e7ilen alanlar engelli yolcular i\u00e7in eri\u015filebilir mi?<\/h4>\n<p>Bir\u00e7ok havaalan\u0131, sigara i\u00e7me alanlar\u0131n\u0131 engelli yolcular\u0131n eri\u015fimine uygun hale getirmek i\u00e7in \u00e7aba sarf etmi\u015ftir. Ancak, belirli sigara i\u00e7me alanlar\u0131n\u0131n eri\u015filebilirli\u011fi b\u00fcy\u00fck \u00f6l\u00e7\u00fcde de\u011fi\u015febilir. Eri\u015filebilir olup olmad\u0131\u011f\u0131n\u0131 ve ihtiya\u00e7lar\u0131n\u0131z\u0131 kar\u015f\u0131lay\u0131p kar\u015f\u0131lamad\u0131\u011f\u0131n\u0131 belirlemek i\u00e7in havaalan\u0131na dan\u0131\u015ft\u0131\u011f\u0131n\u0131zdan veya sigara i\u00e7me alan\u0131n\u0131 \u00f6nceden ziyaret etti\u011finizden emin olun.<\/p>\n<p><span style=\"font-size: 14pt;\"><strong>Sri Lanka&#039;da di\u011fer Havaalan\u0131:<\/strong> <\/span><\/p>\n<ul>\n<li><a href=\"https:\/\/airportsmokinglounge.com\/tr\/sri-lankas-havalimanlarindaki-sigara-icme-alanlari\/\"><span style=\"font-size: 14pt;\">Sri Lanka&#039;daki havalimanlar\u0131<\/span><\/a><\/li>\n<\/ul>\n<p><span style=\"font-size: 14pt;\"><strong>Asya&#039;da sigara i\u00e7ilen alanlar<\/strong><\/span><\/p>\n<ul>\n<li><a href=\"https:\/\/airportsmokinglounge.com\/tr\/asyadaki-havaalanlarinda-sigara-icmek\/\"><span style=\"font-size: 14pt;\">Asya havaalanlar\u0131<\/span><\/a><\/li>\n<\/ul>","protected":false},"excerpt":{"rendered":"<p>Colombo International Airport, also known as Bandaranaike International Airport (BIA), is the primary international airport serving Colombo, the capital city of Sri Lanka. It is located in Katunayake, approximately 35 kilometers north of Colombo. Colombo International Airport is the main gateway for travelers arriving in and departing from Sri Lanka. It offers a wide range&hellip;&nbsp;<a href=\"https:\/\/airportsmokinglounge.com\/tr\/colombo-uluslararasi-havaalaninda-cmb-sigara-icme-alanlari\/\" rel=\"bookmark\">Devam\u0131n\u0131 oku &quot;<span class=\"screen-reader-text\">Colombo Uluslararas\u0131 Havaliman\u0131&#039;nda (CMB) sigara i\u00e7ilebilen alanlar<\/span><\/a><\/p>","protected":false},"author":1,"featured_media":7226,"parent":0,"menu_order":0,"comment_status":"closed","ping_status":"closed","template":"","meta":{"neve_meta_sidebar":"","neve_meta_container":"","neve_meta_enable_content_width":"off","neve_meta_content_width":100,"neve_meta_title_alignment":"","neve_meta_author_avatar":"","neve_post_elements_order":"","neve_meta_disable_header":"","neve_meta_disable_footer":"","neve_meta_disable_title":"","neve_meta_reading_time":"","footnotes":""},"class_list":["post-2132","page","type-page","status-publish","has-post-thumbnail","hentry"],"yoast_head":"<!-- This site is optimized with the Yoast SEO plugin v26.6 - https:\/\/yoast.com\/wordpress\/plugins\/seo\/ -->\n<title>Smoking areas at Colombo International Airport (CMB)<\/title>\n<meta name=\"description\" content=\"Smoking areas Colombo International Airport - Find a smoking area in the airport \u2714\ufe0e Smoking Guide in Airports for Travelers \u2714\ufe0e\" \/>\n<meta name=\"robots\" content=\"index, follow, max-snippet:-1, max-image-preview:large, max-video-preview:-1\" \/>\n<link rel=\"canonical\" href=\"https:\/\/airportsmokinglounge.com\/tr\/colombo-uluslararasi-havaalaninda-cmb-sigara-icme-alanlari\/\" \/>\n<meta property=\"og:locale\" content=\"tr_TR\" \/>\n<meta property=\"og:type\" content=\"article\" \/>\n<meta property=\"og:title\" content=\"Smoking areas at Colombo International Airport (CMB)\" \/>\n<meta property=\"og:description\" content=\"Smoking areas Colombo International Airport - Find a smoking area in the airport \u2714\ufe0e Smoking Guide in Airports for Travelers \u2714\ufe0e\" \/>\n<meta property=\"og:url\" content=\"https:\/\/airportsmokinglounge.com\/tr\/colombo-uluslararasi-havaalaninda-cmb-sigara-icme-alanlari\/\" \/>\n<meta property=\"og:site_name\" content=\"airportsmokinglounge.com\" \/>\n<meta property=\"article:modified_time\" content=\"2023-12-12T20:42:35+00:00\" \/>\n<meta property=\"og:image\" content=\"https:\/\/airportsmokinglounge.com\/wp-content\/uploads\/2023\/12\/20231201_031023-scaled-e1702413510370.jpg\" \/>\n\t<meta property=\"og:image:width\" content=\"600\" \/>\n\t<meta property=\"og:image:height\" content=\"450\" \/>\n\t<meta property=\"og:image:type\" content=\"image\/jpeg\" \/>\n<meta name=\"twitter:card\" content=\"summary_large_image\" \/>\n<meta name=\"twitter:label1\" content=\"Tahmini okuma s\u00fcresi\" \/>\n\t<meta name=\"twitter:data1\" content=\"5 dakika\" \/>\n<script type=\"application\/ld+json\" class=\"yoast-schema-graph\">{\"@context\":\"https:\/\/schema.org\",\"@graph\":[{\"@type\":\"WebPage\",\"@id\":\"https:\/\/airportsmokinglounge.com\/smoking-areas-at-colombo-international-airport-cmb\/\",\"url\":\"https:\/\/airportsmokinglounge.com\/smoking-areas-at-colombo-international-airport-cmb\/\",\"name\":\"Smoking areas at Colombo International Airport (CMB)\",\"isPartOf\":{\"@id\":\"https:\/\/airportsmokinglounge.com\/#website\"},\"primaryImageOfPage\":{\"@id\":\"https:\/\/airportsmokinglounge.com\/smoking-areas-at-colombo-international-airport-cmb\/#primaryimage\"},\"image\":{\"@id\":\"https:\/\/airportsmokinglounge.com\/smoking-areas-at-colombo-international-airport-cmb\/#primaryimage\"},\"thumbnailUrl\":\"https:\/\/airportsmokinglounge.com\/wp-content\/uploads\/2023\/12\/20231201_031023-scaled-e1702413510370.jpg\",\"datePublished\":\"2023-04-11T08:17:45+00:00\",\"dateModified\":\"2023-12-12T20:42:35+00:00\",\"description\":\"Smoking areas Colombo International Airport - Find a smoking area in the airport \u2714\ufe0e Smoking Guide in Airports for Travelers \u2714\ufe0e\",\"breadcrumb\":{\"@id\":\"https:\/\/airportsmokinglounge.com\/smoking-areas-at-colombo-international-airport-cmb\/#breadcrumb\"},\"inLanguage\":\"tr\",\"potentialAction\":[{\"@type\":\"ReadAction\",\"target\":[\"https:\/\/airportsmokinglounge.com\/smoking-areas-at-colombo-international-airport-cmb\/\"]}]},{\"@type\":\"ImageObject\",\"inLanguage\":\"tr\",\"@id\":\"https:\/\/airportsmokinglounge.com\/smoking-areas-at-colombo-international-airport-cmb\/#primaryimage\",\"url\":\"https:\/\/airportsmokinglounge.com\/wp-content\/uploads\/2023\/12\/20231201_031023-scaled-e1702413510370.jpg\",\"contentUrl\":\"https:\/\/airportsmokinglounge.com\/wp-content\/uploads\/2023\/12\/20231201_031023-scaled-e1702413510370.jpg\",\"width\":600,\"height\":450,\"caption\":\"\u00a9 Oliver G.\"},{\"@type\":\"BreadcrumbList\",\"@id\":\"https:\/\/airportsmokinglounge.com\/smoking-areas-at-colombo-international-airport-cmb\/#breadcrumb\",\"itemListElement\":[{\"@type\":\"ListItem\",\"position\":1,\"name\":\"Home\",\"item\":\"https:\/\/airportsmokinglounge.com\/\"},{\"@type\":\"ListItem\",\"position\":2,\"name\":\"Smoking areas at Colombo International Airport (CMB)\"}]},{\"@type\":\"WebSite\",\"@id\":\"https:\/\/airportsmokinglounge.com\/#website\",\"url\":\"https:\/\/airportsmokinglounge.com\/\",\"name\":\"airportsmokinglounge.com\",\"description\":\"\",\"potentialAction\":[{\"@type\":\"SearchAction\",\"target\":{\"@type\":\"EntryPoint\",\"urlTemplate\":\"https:\/\/airportsmokinglounge.com\/?s={search_term_string}\"},\"query-input\":{\"@type\":\"PropertyValueSpecification\",\"valueRequired\":true,\"valueName\":\"search_term_string\"}}],\"inLanguage\":\"tr\"}]}<\/script>\n<!-- \/ Yoast SEO plugin. -->","yoast_head_json":{"title":"Colombo Uluslararas\u0131 Havaliman\u0131&#039;nda (CMB) sigara i\u00e7ilebilen alanlar","description":"Sigara i\u00e7me alanlar\u0131 Colombo Uluslararas\u0131 Havaalan\u0131 - Havaalan\u0131nda sigara i\u00e7ilebilen bir alan bulun \u2714\ufe0e Gezginler i\u00e7in Havalimanlar\u0131nda Sigara \u0130\u00e7me Rehberi \u2714\ufe0e","robots":{"index":"index","follow":"follow","max-snippet":"max-snippet:-1","max-image-preview":"max-image-preview:large","max-video-preview":"max-video-preview:-1"},"canonical":"https:\/\/airportsmokinglounge.com\/tr\/colombo-uluslararasi-havaalaninda-cmb-sigara-icme-alanlari\/","og_locale":"tr_TR","og_type":"article","og_title":"Smoking areas at Colombo International Airport (CMB)","og_description":"Smoking areas Colombo International Airport - Find a smoking area in the airport \u2714\ufe0e Smoking Guide in Airports for Travelers \u2714\ufe0e","og_url":"https:\/\/airportsmokinglounge.com\/tr\/colombo-uluslararasi-havaalaninda-cmb-sigara-icme-alanlari\/","og_site_name":"airportsmokinglounge.com","article_modified_time":"2023-12-12T20:42:35+00:00","og_image":[{"width":600,"height":450,"url":"https:\/\/airportsmokinglounge.com\/wp-content\/uploads\/2023\/12\/20231201_031023-scaled-e1702413510370.jpg","type":"image\/jpeg"}],"twitter_card":"summary_large_image","twitter_misc":{"Tahmini okuma s\u00fcresi":"5 dakika"},"schema":{"@context":"https:\/\/schema.org","@graph":[{"@type":"WebPage","@id":"https:\/\/airportsmokinglounge.com\/smoking-areas-at-colombo-international-airport-cmb\/","url":"https:\/\/airportsmokinglounge.com\/smoking-areas-at-colombo-international-airport-cmb\/","name":"Colombo Uluslararas\u0131 Havaliman\u0131&#039;nda (CMB) sigara i\u00e7ilebilen alanlar","isPartOf":{"@id":"https:\/\/airportsmokinglounge.com\/#website"},"primaryImageOfPage":{"@id":"https:\/\/airportsmokinglounge.com\/smoking-areas-at-colombo-international-airport-cmb\/#primaryimage"},"image":{"@id":"https:\/\/airportsmokinglounge.com\/smoking-areas-at-colombo-international-airport-cmb\/#primaryimage"},"thumbnailUrl":"https:\/\/airportsmokinglounge.com\/wp-content\/uploads\/2023\/12\/20231201_031023-scaled-e1702413510370.jpg","datePublished":"2023-04-11T08:17:45+00:00","dateModified":"2023-12-12T20:42:35+00:00","description":"Sigara i\u00e7me alanlar\u0131 Colombo Uluslararas\u0131 Havaalan\u0131 - Havaalan\u0131nda sigara i\u00e7ilebilen bir alan bulun \u2714\ufe0e Gezginler i\u00e7in Havalimanlar\u0131nda Sigara \u0130\u00e7me Rehberi \u2714\ufe0e","breadcrumb":{"@id":"https:\/\/airportsmokinglounge.com\/smoking-areas-at-colombo-international-airport-cmb\/#breadcrumb"},"inLanguage":"tr","potentialAction":[{"@type":"ReadAction","target":["https:\/\/airportsmokinglounge.com\/smoking-areas-at-colombo-international-airport-cmb\/"]}]},{"@type":"ImageObject","inLanguage":"tr","@id":"https:\/\/airportsmokinglounge.com\/smoking-areas-at-colombo-international-airport-cmb\/#primaryimage","url":"https:\/\/airportsmokinglounge.com\/wp-content\/uploads\/2023\/12\/20231201_031023-scaled-e1702413510370.jpg","contentUrl":"https:\/\/airportsmokinglounge.com\/wp-content\/uploads\/2023\/12\/20231201_031023-scaled-e1702413510370.jpg","width":600,"height":450,"caption":"\u00a9 Oliver G."},{"@type":"BreadcrumbList","@id":"https:\/\/airportsmokinglounge.com\/smoking-areas-at-colombo-international-airport-cmb\/#breadcrumb","itemListElement":[{"@type":"ListItem","position":1,"name":"Home","item":"https:\/\/airportsmokinglounge.com\/"},{"@type":"ListItem","position":2,"name":"Smoking areas at Colombo International Airport (CMB)"}]},{"@type":"WebSite","@id":"https:\/\/airportsmokinglounge.com\/#website","url":"https:\/\/airportsmokinglounge.com\/","name":"havaalan\u0131sigara salonu.com","description":"","potentialAction":[{"@type":"SearchAction","target":{"@type":"EntryPoint","urlTemplate":"https:\/\/airportsmokinglounge.com\/?s={search_term_string}"},"query-input":{"@type":"PropertyValueSpecification","valueRequired":true,"valueName":"search_term_string"}}],"inLanguage":"tr"}]}},"_links":{"self":[{"href":"https:\/\/airportsmokinglounge.com\/tr\/wp-json\/wp\/v2\/pages\/2132","targetHints":{"allow":["GET"]}}],"collection":[{"href":"https:\/\/airportsmokinglounge.com\/tr\/wp-json\/wp\/v2\/pages"}],"about":[{"href":"https:\/\/airportsmokinglounge.com\/tr\/wp-json\/wp\/v2\/types\/page"}],"author":[{"embeddable":true,"href":"https:\/\/airportsmokinglounge.com\/tr\/wp-json\/wp\/v2\/users\/1"}],"replies":[{"embeddable":true,"href":"https:\/\/airportsmokinglounge.com\/tr\/wp-json\/wp\/v2\/comments?post=2132"}],"version-history":[{"count":6,"href":"https:\/\/airportsmokinglounge.com\/tr\/wp-json\/wp\/v2\/pages\/2132\/revisions"}],"predecessor-version":[{"id":7230,"href":"https:\/\/airportsmokinglounge.com\/tr\/wp-json\/wp\/v2\/pages\/2132\/revisions\/7230"}],"wp:featuredmedia":[{"embeddable":true,"href":"https:\/\/airportsmokinglounge.com\/tr\/wp-json\/wp\/v2\/media\/7226"}],"wp:attachment":[{"href":"https:\/\/airportsmokinglounge.com\/tr\/wp-json\/wp\/v2\/media?parent=2132"}],"curies":[{"name":"wp","href":"https:\/\/api.w.org\/{rel}","templated":true}]}}