{"id":221,"date":"2023-02-28T15:30:48","date_gmt":"2023-02-28T14:30:48","guid":{"rendered":"https:\/\/airportsmokinglounge.com\/?page_id=221"},"modified":"2023-05-22T16:11:36","modified_gmt":"2023-05-22T14:11:36","slug":"smoking-areas-in-canadas-airports","status":"publish","type":"page","link":"https:\/\/airportsmokinglounge.com\/tr\/kanadalar-havalimanlarindaki-sigara-icme-alanlari\/","title":{"rendered":"Kanada havaalanlar\u0131nda sigara i\u00e7ilen alanlar"},"content":{"rendered":"<p>Kanada&#039;da k\u00fc\u00e7\u00fck b\u00f6lgesel havalimanlar\u0131ndan daha b\u00fcy\u00fck uluslararas\u0131 merkezlere kadar \u00e7e\u015fitli havaalanlar\u0131 vard\u0131r.<\/p>\n<p>Bu web sitesinde, belirlenmi\u015f sigara i\u00e7me alanlar\u0131 ve mevcut tesisler dahil olmak \u00fczere havalimanlar\u0131ndaki t\u00fcm sigara i\u00e7me alanlar\u0131n\u0131 bulabilirsiniz. G\u00fcvenlikten ge\u00e7ip hi\u00e7bir yerde sigara i\u00e7ilen alanlar\u0131n olmad\u0131\u011f\u0131n\u0131 ve baz\u0131 durumlarda e-sigara i\u00e7ilmesine izin verilmeyebilece\u011fini g\u00f6rmenin hayal k\u0131r\u0131kl\u0131\u011f\u0131n\u0131 anl\u0131yoruz.<\/p>\n<p>Bu hizmet, uzun u\u00e7u\u015flardan \u00f6nce veya sonra sigara keyfi yapmak isteyen t\u00fcm sigara i\u00e7enler i\u00e7indir.<\/p>\n<h2>Kanada havaalanlar\u0131<\/h2>\n<ul style=\"list-style-type: circle;\">\n<li><a href=\"https:\/\/airportsmokinglounge.com\/tr\/toronto-pearson-uluslararasi-havaalaninda-yyz-sigara-icme-alanlari\/\">TORONTO \u2013 LESTER B. PEARSON ULUSLARARASI HAVAL\u0130MANI (YYZ)<\/a><\/li>\n<li><a href=\"https:\/\/airportsmokinglounge.com\/tr\/montreal-international-airport-yulda-sigara-icilen-alanlar\/\">MONTREAL \/ PIERRE ELLIOTT TRUDEAU ULUSLARARASI HAVAL\u0130MANI (YUL)<\/a><\/li>\n<li><a href=\"https:\/\/airportsmokinglounge.com\/tr\/vancouver-uluslararasi-havaalani-yvrde-sigara-icme-alanlari\/\">VANCOUVER ULUSLARARASI HAVAL\u0130MANI (YVR)<\/a><\/li>\n<li><a href=\"https:\/\/airportsmokinglounge.com\/tr\/calgary-uluslararasi-havaalaninda-yyc-sigara-icme-alanlari\/\">CALGARY ULUSLARARASI HAVAL\u0130MANI (YYC)<\/a><\/li>\n<li><a href=\"https:\/\/airportsmokinglounge.com\/tr\/edmonton-uluslararasi-havaalani-yeg-at-sigara-alanlari\/\">EDMONTON ULUSLARARASI HAVAL\u0130MANI (YEG)<\/a><\/li>\n<li><a href=\"https:\/\/airportsmokinglounge.com\/tr\/halifax-stanfield-uluslararasi-havaalani-yhzde-sigara-icme-alanlari\/\">HALIFAX \/ STANFIELD ULUSLARARASI HAVAL\u0130MANI (YHZ)<\/a><\/li>\n<li><a href=\"https:\/\/airportsmokinglounge.com\/tr\/ottawa-uluslararasi-havaalani-yowda-sigara-icme-alanlari\/\">OTTAWA MACDONALD-CARTIER ULUSLARARASI HAVAL\u0130MANI (YOW)<\/a><\/li>\n<li><a href=\"https:\/\/airportsmokinglounge.com\/tr\/winnipeg-uluslararasi-havalimaninda-sigara-icilen-alanlar-ywg\/\">WINNIPEG \/ JAMES ARMSTRONG RICHARDSON ULUSLARARASI HAVAL\u0130MANI (YWG)<\/a><\/li>\n<li><a href=\"https:\/\/airportsmokinglounge.com\/tr\/st-johns-uluslararasi-havalimaninda-sigara-icilen-alanlar-yyt\/\">ST. JOHN ULUSLARARASI HAVAL\u0130MANI (YYT)<\/a><\/li>\n<li><a href=\"https:\/\/airportsmokinglounge.com\/tr\/victoria-uluslararasi-havalimaninda-sigara-icilen-alanlar-yyj\/\">VICTORIA ULUSLARARASI HAVAL\u0130MANI (YYJ)<\/a><\/li>\n<li><a href=\"https:\/\/airportsmokinglounge.com\/tr\/quebec-uluslararasi-havaalaninda-yqb-sigara-icme-alanlari\/\">QUEBEC JEAN LESAGE ULUSLARARASI HAVAL\u0130MANI (YQB)<\/a><\/li>\n<li><a href=\"https:\/\/airportsmokinglounge.com\/tr\/yellowknife-havaalaninda-sigara-icilen-alanlar-yzf\/\">YELLOWKNIFE HAVAL\u0130MANI (YZF)<\/a><\/li>\n<li><a href=\"https:\/\/airportsmokinglounge.com\/tr\/kelowna-uluslararasi-havaalanindaki-sigara-icilen-alanlar-ylw\/\">KELOWNA ULUSLARARASI HAVAL\u0130MANI (YLW)<\/a><\/li>\n<li><a href=\"https:\/\/airportsmokinglounge.com\/tr\/sept-iles-havaalani-yzvde-sigara-icme-alanlari\/\">SEPT-\u00ceLES HAVAL\u0130MANI (YZV)<\/a><\/li>\n<li><a href=\"https:\/\/airportsmokinglounge.com\/tr\/sigara-icme-alanlari-greather-moncton-uluslararasi-havalimaninda-yqm\/\">B\u00dcY\u00dcK MONCTON ULUSLARARASI HAVAL\u0130MANI (YQM)<\/a><\/li>\n<li><a href=\"https:\/\/airportsmokinglounge.com\/tr\/sigara-icme-alanlari-thunder-bay-havaalani-yqt\/\">THUNDER BAY HAVAL\u0130MANI (YQT)<\/a><\/li>\n<li><a href=\"https:\/\/airportsmokinglounge.com\/tr\/wabush-havaalaninda-sigara-icilen-alanlar-ywk\/\">WABSH HAVAL\u0130MANI (YWK)<\/a><\/li>\n<li><a href=\"https:\/\/airportsmokinglounge.com\/tr\/sigara-icme-alanlari-saskatoon-john-g-diefenbaker-uluslararasi-havalimani-yxe\/\">SASKATOON JOHN G. DIEFENBAKER ULUSLARARASI HAVAL\u0130MANI (YXE)<\/a><\/li>\n<\/ul>\n<h2>Kanada&#039;n\u0131n Sigara Yasas\u0131<\/h2>\n<p>Kanada, halk sa\u011fl\u0131\u011f\u0131n\u0131 korumak ve t\u00fct\u00fcn kullan\u0131m\u0131n\u0131 azaltmak i\u00e7in hem federal hem de il\/b\u00f6lgesel d\u00fczeylerde sigara i\u00e7me y\u00f6netmelikleri uygulam\u0131\u015ft\u0131r. Ancak, sigara i\u00e7me yasalar\u0131n\u0131n ve y\u00f6netmeliklerinin Kanada&#039;daki farkl\u0131 eyalet ve b\u00f6lgelere g\u00f6re de\u011fi\u015fiklik g\u00f6sterebilece\u011fini l\u00fctfen unutmay\u0131n, bu nedenle en g\u00fcncel bilgiler i\u00e7in ilgilendi\u011finiz eyalet veya b\u00f6lgenin \u00f6zel yasalar\u0131na ba\u015fvurman\u0131z \u00f6nerilir.<\/p>\n<p>Kanada, federal d\u00fczeyde, t\u00fct\u00fcn ve elektronik sigara \u00fcr\u00fcnlerinin \u00fcretimini, sat\u0131\u015f\u0131n\u0131, etiketlenmesini ve tan\u0131t\u0131m\u0131n\u0131 d\u00fczenlemek i\u00e7in T\u00fct\u00fcn ve Vaping \u00dcr\u00fcnleri Yasas\u0131n\u0131 (TVPA) uygulam\u0131\u015ft\u0131r. TVPA kapsam\u0131nda, federal yarg\u0131 yetkisi alt\u0131ndaki h\u00fck\u00fcmet binalar\u0131, sa\u011fl\u0131k tesisleri, e\u011fitim kurumlar\u0131 ve toplu ta\u015f\u0131ma ara\u00e7lar\u0131 dahil olmak \u00fczere belirli kapal\u0131 halka a\u00e7\u0131k yerlerde sigara i\u00e7mek genellikle yasakt\u0131r. Yasa ayn\u0131 zamanda federal binalar\u0131n giri\u015f ve \u00e7\u0131k\u0131\u015flar\u0131n\u0131n yan\u0131 s\u0131ra ticari havayolu u\u00e7u\u015flar\u0131nda sigara i\u00e7ilmesini de k\u0131s\u0131tl\u0131yor.<\/p>\n<p>Ancak, sigara i\u00e7me d\u00fczenlemeleri iller ve b\u00f6lgeler aras\u0131nda de\u011fi\u015fiklik g\u00f6sterebilir. Bir\u00e7ok il ve b\u00f6lge, halka a\u00e7\u0131k yerlerde, i\u015fyerlerinde, restoranlarda, barlarda ve di\u011fer mekanlarda sigara i\u00e7meye ili\u015fkin ek k\u0131s\u0131tlamalar i\u00e7erebilen kendi dumans\u0131z yasalar\u0131n\u0131 \u00e7\u0131karm\u0131\u015ft\u0131r. Baz\u0131 yarg\u0131 b\u00f6lgeleri, halka a\u00e7\u0131k kapal\u0131 alanlarda sigara i\u00e7ilmesini yasaklayan kapsaml\u0131 dumans\u0131z yasalar uygularken, di\u011ferleri daha s\u0131n\u0131rl\u0131 k\u0131s\u0131tlamalara sahip olabilir veya belirli kurulu\u015flarda belirlenmi\u015f sigara i\u00e7me alanlar\u0131na izin verebilir.<\/p>\n<p>T\u00fct\u00fcn \u00fcr\u00fcnleri sat\u0131n almak ve bulundurmak i\u00e7in asgari yasal ya\u015f da eyalete veya b\u00f6lgeye g\u00f6re de\u011fi\u015fir ve \u00e7o\u011fu bunu 19 olarak belirler. Ancak baz\u0131 iller bunu 21 y\u0131la \u00e7\u0131kard\u0131.<\/p>\n<p>Sigarayla ilgili yasalar\u0131n uygulanmas\u0131, genellikle ilgili il\/b\u00f6lge makamlar\u0131 taraf\u0131ndan denetlenir ve ihlaller, para cezalar\u0131na veya yarg\u0131 alan\u0131na \u00f6zg\u00fc di\u011fer cezalara neden olabilir.<\/p>\n<p>Kanada&#039;da sigara i\u00e7me yasalar\u0131yla ilgili en do\u011fru ve g\u00fcncel bilgiler i\u00e7in, ilgilendi\u011finiz eyaletin veya b\u00f6lgenin yasalar\u0131na ba\u015fvurman\u0131z veya yerel yetkililere veya sa\u011fl\u0131k kurulu\u015flar\u0131na ba\u015fvurman\u0131z \u00f6nerilir.<\/p>\n<p><strong>Daha fazla Havaalan\u0131 Sigara i\u00e7ilen alan\u00a0<\/strong><\/p>\n<ul>\n<li><a href=\"https:\/\/airportsmokinglounge.com\/tr\/kuzey-amerikanin-havaalanlarinda-sigara-icmek\/\">Kuzey Amerika<\/a><\/li>\n<li><a href=\"https:\/\/airportsmokinglounge.com\/tr\/guney-amerika-havaalanlarinda-sigara-icilmesi\/\">G\u00fcney Amerika<\/a><\/li>\n<li><a href=\"https:\/\/airportsmokinglounge.com\/tr\/avrupa-havalimanlarindaki-sigara-icme-alanlari\/\">Avrupa<\/a><\/li>\n<li><a href=\"https:\/\/airportsmokinglounge.com\/tr\/asyadaki-havaalanlarinda-sigara-icmek\/\">Asya<\/a><\/li>\n<li><a href=\"https:\/\/airportsmokinglounge.com\/tr\/okyanusya-havalimanlarinda-sigara-icmek\/\">Okyanusya<\/a><\/li>\n<\/ul>","protected":false},"excerpt":{"rendered":"<p>Kanada&#039;da, k\u00fc\u00e7\u00fck b\u00f6lgesel havalimanlar\u0131ndan b\u00fcy\u00fck uluslararas\u0131 merkezlere kadar bir\u00e7ok havaliman\u0131 bulunmaktad\u0131r. Bu web sitesinde, havalimanlar\u0131ndaki t\u00fcm sigara i\u00e7me alanlar\u0131n\u0131, belirlenmi\u015f sigara i\u00e7me alanlar\u0131 ve mevcut tesisler dahil olmak \u00fczere bulabilirsiniz. G\u00fcvenlik kontrol\u00fcnden ge\u00e7tikten sonra hi\u00e7bir yerde sigara i\u00e7ilen alan olmad\u0131\u011f\u0131n\u0131 ve baz\u0131 durumlarda elektronik sigaralar\u0131n...&nbsp;<a href=\"https:\/\/airportsmokinglounge.com\/tr\/kanadalar-havalimanlarindaki-sigara-icme-alanlari\/\" rel=\"bookmark\">Devam\u0131n\u0131 oku &quot;<span class=\"screen-reader-text\">Kanada havaalanlar\u0131nda sigara i\u00e7ilen alanlar<\/span><\/a><\/p>","protected":false},"author":1,"featured_media":1199,"parent":0,"menu_order":0,"comment_status":"closed","ping_status":"closed","template":"","meta":{"neve_meta_sidebar":"","neve_meta_container":"","neve_meta_enable_content_width":"off","neve_meta_content_width":100,"neve_meta_title_alignment":"","neve_meta_author_avatar":"","neve_post_elements_order":"","neve_meta_disable_header":"","neve_meta_disable_footer":"","neve_meta_disable_title":"","neve_meta_reading_time":"","footnotes":""},"class_list":["post-221","page","type-page","status-publish","has-post-thumbnail","hentry"],"yoast_head":"<!-- This site is optimized with the Yoast SEO plugin v26.6 - https:\/\/yoast.com\/wordpress\/plugins\/seo\/ -->\n<title>Smoking areas in Canada&#039;s airports - airportsmokinglounge.com<\/title>\n<meta name=\"description\" content=\"Smoking areas at Canada&#039;s airports - Find Your Next Smoke Break Spot \u2714\ufe0e - Your Ultimate Guide to Finding a Place to Smoke at the airport \u2714\ufe0e\" \/>\n<meta name=\"robots\" content=\"index, follow, max-snippet:-1, max-image-preview:large, max-video-preview:-1\" \/>\n<link rel=\"canonical\" href=\"https:\/\/airportsmokinglounge.com\/tr\/kanadalar-havalimanlarindaki-sigara-icme-alanlari\/\" \/>\n<meta property=\"og:locale\" content=\"tr_TR\" \/>\n<meta property=\"og:type\" content=\"article\" \/>\n<meta property=\"og:title\" content=\"Smoking areas in Canada&#039;s airports - airportsmokinglounge.com\" \/>\n<meta property=\"og:description\" content=\"Smoking areas at Canada&#039;s airports - Find Your Next Smoke Break Spot \u2714\ufe0e - Your Ultimate Guide to Finding a Place to Smoke at the airport \u2714\ufe0e\" \/>\n<meta property=\"og:url\" content=\"https:\/\/airportsmokinglounge.com\/tr\/kanadalar-havalimanlarindaki-sigara-icme-alanlari\/\" \/>\n<meta property=\"og:site_name\" content=\"airportsmokinglounge.com\" \/>\n<meta property=\"article:modified_time\" content=\"2023-05-22T14:11:36+00:00\" \/>\n<meta property=\"og:image\" content=\"https:\/\/airportsmokinglounge.com\/wp-content\/uploads\/2023\/03\/airport-smoking-lounge-4.jpg\" \/>\n\t<meta property=\"og:image:width\" content=\"2048\" \/>\n\t<meta property=\"og:image:height\" content=\"1152\" \/>\n\t<meta property=\"og:image:type\" content=\"image\/jpeg\" \/>\n<meta name=\"twitter:card\" content=\"summary_large_image\" \/>\n<meta name=\"twitter:label1\" content=\"Tahmini okuma s\u00fcresi\" \/>\n\t<meta name=\"twitter:data1\" content=\"3 dakika\" \/>\n<script type=\"application\/ld+json\" class=\"yoast-schema-graph\">{\"@context\":\"https:\/\/schema.org\",\"@graph\":[{\"@type\":\"WebPage\",\"@id\":\"https:\/\/airportsmokinglounge.com\/smoking-areas-in-canadas-airports\/\",\"url\":\"https:\/\/airportsmokinglounge.com\/smoking-areas-in-canadas-airports\/\",\"name\":\"Smoking areas in Canada's airports - airportsmokinglounge.com\",\"isPartOf\":{\"@id\":\"https:\/\/airportsmokinglounge.com\/#website\"},\"primaryImageOfPage\":{\"@id\":\"https:\/\/airportsmokinglounge.com\/smoking-areas-in-canadas-airports\/#primaryimage\"},\"image\":{\"@id\":\"https:\/\/airportsmokinglounge.com\/smoking-areas-in-canadas-airports\/#primaryimage\"},\"thumbnailUrl\":\"https:\/\/airportsmokinglounge.com\/wp-content\/uploads\/2023\/03\/airport-smoking-lounge-4.jpg\",\"datePublished\":\"2023-02-28T14:30:48+00:00\",\"dateModified\":\"2023-05-22T14:11:36+00:00\",\"description\":\"Smoking areas at Canada's airports - Find Your Next Smoke Break Spot \u2714\ufe0e - Your Ultimate Guide to Finding a Place to Smoke at the airport \u2714\ufe0e\",\"breadcrumb\":{\"@id\":\"https:\/\/airportsmokinglounge.com\/smoking-areas-in-canadas-airports\/#breadcrumb\"},\"inLanguage\":\"tr\",\"potentialAction\":[{\"@type\":\"ReadAction\",\"target\":[\"https:\/\/airportsmokinglounge.com\/smoking-areas-in-canadas-airports\/\"]}]},{\"@type\":\"ImageObject\",\"inLanguage\":\"tr\",\"@id\":\"https:\/\/airportsmokinglounge.com\/smoking-areas-in-canadas-airports\/#primaryimage\",\"url\":\"https:\/\/airportsmokinglounge.com\/wp-content\/uploads\/2023\/03\/airport-smoking-lounge-4.jpg\",\"contentUrl\":\"https:\/\/airportsmokinglounge.com\/wp-content\/uploads\/2023\/03\/airport-smoking-lounge-4.jpg\",\"width\":2048,\"height\":1152,\"caption\":\"Airport Smoking\"},{\"@type\":\"BreadcrumbList\",\"@id\":\"https:\/\/airportsmokinglounge.com\/smoking-areas-in-canadas-airports\/#breadcrumb\",\"itemListElement\":[{\"@type\":\"ListItem\",\"position\":1,\"name\":\"Home\",\"item\":\"https:\/\/airportsmokinglounge.com\/\"},{\"@type\":\"ListItem\",\"position\":2,\"name\":\"Smoking areas in Canada&#8217;s airports\"}]},{\"@type\":\"WebSite\",\"@id\":\"https:\/\/airportsmokinglounge.com\/#website\",\"url\":\"https:\/\/airportsmokinglounge.com\/\",\"name\":\"airportsmokinglounge.com\",\"description\":\"\",\"potentialAction\":[{\"@type\":\"SearchAction\",\"target\":{\"@type\":\"EntryPoint\",\"urlTemplate\":\"https:\/\/airportsmokinglounge.com\/?s={search_term_string}\"},\"query-input\":{\"@type\":\"PropertyValueSpecification\",\"valueRequired\":true,\"valueName\":\"search_term_string\"}}],\"inLanguage\":\"tr\"}]}<\/script>\n<!-- \/ Yoast SEO plugin. -->","yoast_head_json":{"title":"Kanada havalimanlar\u0131ndaki sigara i\u00e7ilen alanlar - Airport Smokinglounge.com","description":"Kanada havalimanlar\u0131ndaki sigara i\u00e7me alanlar\u0131 - Bir Sonraki Duman Durdurma Noktan\u0131z\u0131 Bulun \u2714\ufe0e - Havaalan\u0131nda Sigara \u0130\u00e7ilecek Bir Yer Bulma Konusunda Temel Rehberiniz \u2714\ufe0e","robots":{"index":"index","follow":"follow","max-snippet":"max-snippet:-1","max-image-preview":"max-image-preview:large","max-video-preview":"max-video-preview:-1"},"canonical":"https:\/\/airportsmokinglounge.com\/tr\/kanadalar-havalimanlarindaki-sigara-icme-alanlari\/","og_locale":"tr_TR","og_type":"article","og_title":"Smoking areas in Canada's airports - airportsmokinglounge.com","og_description":"Smoking areas at Canada's airports - Find Your Next Smoke Break Spot \u2714\ufe0e - Your Ultimate Guide to Finding a Place to Smoke at the airport \u2714\ufe0e","og_url":"https:\/\/airportsmokinglounge.com\/tr\/kanadalar-havalimanlarindaki-sigara-icme-alanlari\/","og_site_name":"airportsmokinglounge.com","article_modified_time":"2023-05-22T14:11:36+00:00","og_image":[{"width":2048,"height":1152,"url":"https:\/\/airportsmokinglounge.com\/wp-content\/uploads\/2023\/03\/airport-smoking-lounge-4.jpg","type":"image\/jpeg"}],"twitter_card":"summary_large_image","twitter_misc":{"Tahmini okuma s\u00fcresi":"3 dakika"},"schema":{"@context":"https:\/\/schema.org","@graph":[{"@type":"WebPage","@id":"https:\/\/airportsmokinglounge.com\/smoking-areas-in-canadas-airports\/","url":"https:\/\/airportsmokinglounge.com\/smoking-areas-in-canadas-airports\/","name":"Kanada havalimanlar\u0131ndaki sigara i\u00e7ilen alanlar - Airport Smokinglounge.com","isPartOf":{"@id":"https:\/\/airportsmokinglounge.com\/#website"},"primaryImageOfPage":{"@id":"https:\/\/airportsmokinglounge.com\/smoking-areas-in-canadas-airports\/#primaryimage"},"image":{"@id":"https:\/\/airportsmokinglounge.com\/smoking-areas-in-canadas-airports\/#primaryimage"},"thumbnailUrl":"https:\/\/airportsmokinglounge.com\/wp-content\/uploads\/2023\/03\/airport-smoking-lounge-4.jpg","datePublished":"2023-02-28T14:30:48+00:00","dateModified":"2023-05-22T14:11:36+00:00","description":"Kanada havalimanlar\u0131ndaki sigara i\u00e7me alanlar\u0131 - Bir Sonraki Duman Durdurma Noktan\u0131z\u0131 Bulun \u2714\ufe0e - Havaalan\u0131nda Sigara \u0130\u00e7ilecek Bir Yer Bulma Konusunda Temel Rehberiniz \u2714\ufe0e","breadcrumb":{"@id":"https:\/\/airportsmokinglounge.com\/smoking-areas-in-canadas-airports\/#breadcrumb"},"inLanguage":"tr","potentialAction":[{"@type":"ReadAction","target":["https:\/\/airportsmokinglounge.com\/smoking-areas-in-canadas-airports\/"]}]},{"@type":"ImageObject","inLanguage":"tr","@id":"https:\/\/airportsmokinglounge.com\/smoking-areas-in-canadas-airports\/#primaryimage","url":"https:\/\/airportsmokinglounge.com\/wp-content\/uploads\/2023\/03\/airport-smoking-lounge-4.jpg","contentUrl":"https:\/\/airportsmokinglounge.com\/wp-content\/uploads\/2023\/03\/airport-smoking-lounge-4.jpg","width":2048,"height":1152,"caption":"Airport Smoking"},{"@type":"BreadcrumbList","@id":"https:\/\/airportsmokinglounge.com\/smoking-areas-in-canadas-airports\/#breadcrumb","itemListElement":[{"@type":"ListItem","position":1,"name":"Home","item":"https:\/\/airportsmokinglounge.com\/"},{"@type":"ListItem","position":2,"name":"Smoking areas in Canada&#8217;s airports"}]},{"@type":"WebSite","@id":"https:\/\/airportsmokinglounge.com\/#website","url":"https:\/\/airportsmokinglounge.com\/","name":"havaalan\u0131sigara salonu.com","description":"","potentialAction":[{"@type":"SearchAction","target":{"@type":"EntryPoint","urlTemplate":"https:\/\/airportsmokinglounge.com\/?s={search_term_string}"},"query-input":{"@type":"PropertyValueSpecification","valueRequired":true,"valueName":"search_term_string"}}],"inLanguage":"tr"}]}},"_links":{"self":[{"href":"https:\/\/airportsmokinglounge.com\/tr\/wp-json\/wp\/v2\/pages\/221","targetHints":{"allow":["GET"]}}],"collection":[{"href":"https:\/\/airportsmokinglounge.com\/tr\/wp-json\/wp\/v2\/pages"}],"about":[{"href":"https:\/\/airportsmokinglounge.com\/tr\/wp-json\/wp\/v2\/types\/page"}],"author":[{"embeddable":true,"href":"https:\/\/airportsmokinglounge.com\/tr\/wp-json\/wp\/v2\/users\/1"}],"replies":[{"embeddable":true,"href":"https:\/\/airportsmokinglounge.com\/tr\/wp-json\/wp\/v2\/comments?post=221"}],"version-history":[{"count":10,"href":"https:\/\/airportsmokinglounge.com\/tr\/wp-json\/wp\/v2\/pages\/221\/revisions"}],"predecessor-version":[{"id":5669,"href":"https:\/\/airportsmokinglounge.com\/tr\/wp-json\/wp\/v2\/pages\/221\/revisions\/5669"}],"wp:featuredmedia":[{"embeddable":true,"href":"https:\/\/airportsmokinglounge.com\/tr\/wp-json\/wp\/v2\/media\/1199"}],"wp:attachment":[{"href":"https:\/\/airportsmokinglounge.com\/tr\/wp-json\/wp\/v2\/media?parent=221"}],"curies":[{"name":"wp","href":"https:\/\/api.w.org\/{rel}","templated":true}]}}