{"id":2232,"date":"2023-04-11T11:53:50","date_gmt":"2023-04-11T09:53:50","guid":{"rendered":"https:\/\/airportsmokinglounge.com\/?page_id=2232"},"modified":"2023-05-17T14:52:43","modified_gmt":"2023-05-17T12:52:43","slug":"smoking-areas-at-vinh-airport-vii","status":"publish","type":"page","link":"https:\/\/airportsmokinglounge.com\/tr\/vinh-havaalaninda-vii-sigara-icme-alanlari\/","title":{"rendered":"Vinh Havaliman\u0131&#039;ndaki (VII) sigara i\u00e7me alanlar\u0131"},"content":{"rendered":"<p>Vinh Havaalan\u0131 (VII), Vietnam&#039;\u0131n kuzeyindeki Nghe An eyaletinin ba\u015fkenti olan Vinh \u015fehrinde bulunan bir i\u00e7 hat havaalan\u0131d\u0131r. Vinh \u015fehir merkezinin yakla\u015f\u0131k 6 kilometre g\u00fcneybat\u0131s\u0131nda yer alan b\u00f6lge, tarihi a\u00e7\u0131dan \u00f6nemli bu b\u00f6lgeyi ziyaret eden gezginler i\u00e7in \u00f6nemli bir ula\u015f\u0131m merkezi g\u00f6revi g\u00f6r\u00fcyor.<\/p>\n<p>Vinh Havaalan\u0131, i\u00e7 hat u\u00e7u\u015flar\u0131n\u0131 idare eden tek bir yolcu terminaline sahiptir. Baz\u0131 uluslararas\u0131 havalimanlar\u0131 kadar b\u00fcy\u00fck olmasa da yolculara konforlu bir seyahat deneyimi sa\u011flamak i\u00e7in gerekli hizmet ve olanaklar\u0131 sa\u011flar.<\/p>\n<h2>G\u00fcvenlik Kontrol\u00fc \u00f6ncesi sigara i\u00e7ilen alanlar<\/h2>\n<ul>\n<li><span style=\"font-size: 14pt;\">Sadece terminalin d\u0131\u015f\u0131nda sigara i\u00e7ilebilir<\/span><\/li>\n<\/ul>\n<h2>G\u00fcvenlik Kontrol\u00fcnden Sonra Sigara \u0130\u00e7ilen Alanlar<\/h2>\n<ul>\n<li><span style=\"font-size: 14pt;\">2 ve 3 numaral\u0131 kap\u0131n\u0131n yak\u0131n\u0131nda sigara i\u00e7me alanlar\u0131 bulunmaktad\u0131r.<\/span><\/li>\n<\/ul>\n<p><span style=\"font-size: 14pt;\">Resmi Web Sitesinde Daha Fazla Bilgi<\/span><\/p>\n<ul>\n<li><a href=\"https:\/\/www.vietnamairport.vn\/vinhairport\/vi\/\" target=\"_blank\" rel=\"noopener\">www.vietnamairport.vn<\/a><\/li>\n<\/ul>\n<p><strong><span style=\"font-size: 14pt;\">Bize geri bildirim g\u00f6nderin<\/span><\/strong><\/p>\n<p><span style=\"font-size: 14pt;\">Havaalan\u0131ndaysan\u0131z, sigara i\u00e7ilen alanlar\u0131n resimlerini bize g\u00f6nderebilirsiniz. Bu, veritaban\u0131m\u0131z\u0131 daha h\u0131zl\u0131 doldurmam\u0131za yard\u0131mc\u0131 olacakt\u0131r. Bunu yapabilirsiniz <strong><a href=\"https:\/\/airportsmokinglounge.com\/tr\/temas-etmek\/\">Burada<\/a>.<\/strong> G\u00f6rseller, g\u00f6rsel kayna\u011f\u0131 (isim) belirtilerek sitemizde yay\u0131nlanmaktad\u0131r. Bu resimleri bizimle ve t\u00fcm Airport Smokinglounge.com ziyaret\u00e7ileriyle payla\u015fmaktan \u00e7ekinmeyin.<\/span>.<\/p>\n<h2>Vietnam Sigara Yasas\u0131<\/h2>\n<p>Vietnam, halk sa\u011fl\u0131\u011f\u0131n\u0131 korumak ve t\u00fct\u00fcn kullan\u0131m\u0131n\u0131 azaltmak i\u00e7in sigara i\u00e7me d\u00fczenlemelerini uygulamaya koydu. Ancak sigara i\u00e7me yasa ve d\u00fczenlemelerinin zaman i\u00e7inde de\u011fi\u015febilece\u011fini l\u00fctfen unutmay\u0131n; bu nedenle Vietnam&#039;\u0131n sigara i\u00e7me yasalar\u0131na ili\u015fkin en g\u00fcncel bilgiler i\u00e7in en g\u00fcncel yasalara ba\u015fvurman\u0131z veya yerel yetkililere dan\u0131\u015fman\u0131z tavsiye edilir.<\/p>\n<p>Vietnam&#039;da h\u00fck\u00fcmet binalar\u0131, sa\u011fl\u0131k tesisleri, e\u011fitim kurumlar\u0131 ve toplu ta\u015f\u0131ma dahil \u00e7o\u011fu kapal\u0131 halka a\u00e7\u0131k alanda sigara i\u00e7mek genellikle yasakt\u0131r. Kanun ayr\u0131ca restoran, kafe ve al\u0131\u015fveri\u015f merkezi gibi alanlarda, \u00f6zel gereklilikleri kar\u015f\u0131layan sigara i\u00e7me alanlar\u0131 belirlenmedik\u00e7e sigara i\u00e7ilmesini de k\u0131s\u0131tl\u0131yor.<\/p>\n<p>Ayr\u0131ca kamu binalar\u0131n\u0131n giri\u015fleri, parklar ve stadyumlar gibi baz\u0131 a\u00e7\u0131k alanlarda sigara i\u00e7ilmesine izin verilmemektedir. Hanoi ve Ho Chi Minh City gibi Vietnam&#039;\u0131n baz\u0131 \u015fehirleri, halka a\u00e7\u0131k alanlarda ek sigara i\u00e7me k\u0131s\u0131tlamalar\u0131 uygulad\u0131 ve belirlenmi\u015f sigara i\u00e7me b\u00f6lgeleri olu\u015fturdu.<\/p>\n<p>Vietnam&#039;da 18 ya\u015f\u0131n alt\u0131ndaki \u00e7ocuklara t\u00fct\u00fcn \u00fcr\u00fcnlerinin sat\u0131\u015f\u0131 yasakt\u0131r. \u00dclke ayr\u0131ca t\u00fct\u00fcn reklam\u0131, tan\u0131t\u0131m\u0131 ve sponsorlu\u011funa ili\u015fkin d\u00fczenlemeler de uygulamaya koydu.<\/p>\n<p>Vietnam, sa\u011fl\u0131k kampanyalar\u0131 ve sigara paketleri \u00fczerindeki uyar\u0131lar yoluyla sigara i\u00e7menin yol a\u00e7t\u0131\u011f\u0131 sa\u011fl\u0131k riskleri konusunda kamuoyunu bilin\u00e7lendirmek i\u00e7in \u00f6nlemler ald\u0131. \u00dclke, t\u00fct\u00fcn \u00fcr\u00fcnleri ambalajlar\u0131na grafik resimli sa\u011fl\u0131k uyar\u0131lar\u0131 uygulad\u0131.<\/p>\n<p>Sigara i\u00e7me yasalar\u0131n\u0131n uygulanmas\u0131 ilgili makamlar taraf\u0131ndan y\u00fcr\u00fct\u00fcl\u00fcr ve ihlaller para cezalar\u0131 veya di\u011fer cezalarla sonu\u00e7lanabilir.<\/p>\n<p>Vietnam&#039;da sigara i\u00e7me d\u00fczenlemelerine uyulmas\u0131n\u0131n genel olarak beklendi\u011fini ve yasak alanlarda sigara i\u00e7menin cezalara yol a\u00e7abilece\u011fini unutmamak \u00f6nemlidir.<\/p>\n<p>Vietnam&#039;\u0131n sigara i\u00e7me yasalar\u0131na ili\u015fkin en do\u011fru ve g\u00fcncel bilgiler i\u00e7in en son mevzuata ba\u015fvurman\u0131z veya yerel yetkililere veya sa\u011fl\u0131k kurulu\u015flar\u0131na ba\u015fvurman\u0131z \u00f6nerilir.<\/p>\n<h3>S\u0131k\u00e7a Sorulan Sorular<\/h3>\n<h4>Havaliman\u0131 sigara i\u00e7me alanlar\u0131 7\/24 a\u00e7\u0131k m\u0131?<\/h4>\n<p>Havaliman\u0131 sigara i\u00e7me alanlar\u0131n\u0131n mevcudiyeti, havaliman\u0131na ve konuma g\u00f6re de\u011fi\u015fiklik g\u00f6sterebilir. Baz\u0131 sigara i\u00e7me alanlar\u0131 24 saat a\u00e7\u0131kken, baz\u0131lar\u0131nda k\u0131s\u0131tl\u0131 saatler olabilir veya belirli saatlerde kapal\u0131 olabilir. Sigara i\u00e7me alan\u0131n\u0131n \u00e7al\u0131\u015fma saatleri hakk\u0131nda \u00f6zel bilgi i\u00e7in havaalan\u0131na dan\u0131\u015fmak veya web sitelerini ziyaret etmek en iyisidir.<\/p>\n<h4>Sigara i\u00e7me alan\u0131na kendi yiyecek ve i\u00e7eceklerimi getirmeme izin verilir mi?<\/h4>\n<p>Bu, belirli sigara i\u00e7me alan\u0131na ve havaalan\u0131na ba\u011fl\u0131 olabilir. Baz\u0131 sigara i\u00e7me alanlar\u0131 d\u0131\u015far\u0131dan yiyecek ve i\u00e7eceklere izin verirken, baz\u0131lar\u0131nda k\u0131s\u0131tlamalar olabilir veya tamamen yasak olabilir. Belirli kurallar ve y\u00f6netmelikler i\u00e7in havaalan\u0131na veya sigara i\u00e7ilen alan tabelas\u0131na bakmak en iyisidir.<\/p>\n<h4>Havaliman\u0131ndaki t\u00fcm sigara i\u00e7ilen alanlarda sigara i\u00e7ilebilir mi?<\/h4>\n<p>Havaalan\u0131 sigara i\u00e7ilen alanlar\u0131n t\u00fcm\u00fc sigara i\u00e7ilmesine izin vermeyebilir. Baz\u0131 havalimanlar\u0131nda, geleneksel sigara i\u00e7me alanlar\u0131ndan ayr\u0131 elektronik sigara veya elektronik sigara i\u00e7in belirlenmi\u015f alanlar olabilir. Kullanmay\u0131 planlad\u0131\u011f\u0131n\u0131z sigara i\u00e7me alan\u0131 i\u00e7in \u00f6zel kural ve d\u00fczenlemeleri kontrol etti\u011finizden emin olun.<\/p>\n<h4>Sigara i\u00e7ilen alanlar klimal\u0131 m\u0131 yoksa \u0131s\u0131tmal\u0131 m\u0131?<\/h4>\n<p>Havaalan\u0131 sigara i\u00e7me alanlar\u0131n\u0131n s\u0131cakl\u0131\u011f\u0131 ve havaland\u0131rmas\u0131 b\u00fcy\u00fck \u00f6l\u00e7\u00fcde de\u011fi\u015febilir. Baz\u0131lar\u0131 klimal\u0131 veya \u0131s\u0131tmal\u0131 olabilirken, di\u011ferleri d\u0131\u015f etkenlerden s\u0131n\u0131rl\u0131 korumaya sahip a\u00e7\u0131k hava alanlar\u0131 olabilir. Ko\u015fullar\u0131 belirlemek ve buna g\u00f6re haz\u0131rlanmak i\u00e7in \u00f6nceden havaalan\u0131na dan\u0131\u015ft\u0131\u011f\u0131n\u0131zdan veya sigara i\u00e7me alan\u0131n\u0131 ziyaret etti\u011finizden emin olun.<\/p>\n<h4>Sigara i\u00e7ilen alanlar engelli yolcular i\u00e7in eri\u015filebilir mi?<\/h4>\n<p>Bir\u00e7ok havaalan\u0131, sigara i\u00e7me alanlar\u0131n\u0131 engelli yolcular\u0131n eri\u015fimine uygun hale getirmek i\u00e7in \u00e7aba sarf etmi\u015ftir. Ancak, belirli sigara i\u00e7me alanlar\u0131n\u0131n eri\u015filebilirli\u011fi b\u00fcy\u00fck \u00f6l\u00e7\u00fcde de\u011fi\u015febilir. Eri\u015filebilir olup olmad\u0131\u011f\u0131n\u0131 ve ihtiya\u00e7lar\u0131n\u0131z\u0131 kar\u015f\u0131lay\u0131p kar\u015f\u0131lamad\u0131\u011f\u0131n\u0131 belirlemek i\u00e7in havaalan\u0131na dan\u0131\u015ft\u0131\u011f\u0131n\u0131zdan veya sigara i\u00e7me alan\u0131n\u0131 \u00f6nceden ziyaret etti\u011finizden emin olun.<\/p>\n<p><span style=\"font-size: 14pt;\"><strong>Vietnam&#039;daki di\u011fer havaalanlar\u0131:<\/strong> <\/span><\/p>\n<ul>\n<li><a href=\"https:\/\/airportsmokinglounge.com\/tr\/vietnamdaki-havalimanlarindaki-sigara-icme-alanlari\/\"><span style=\"font-size: 14pt;\">Vietnam havaalanlar\u0131<\/span><\/a><\/li>\n<\/ul>\n<p><span style=\"font-size: 14pt;\"><strong>Asya&#039;da sigara i\u00e7ilen alanlar<\/strong><\/span><\/p>\n<ul>\n<li><a href=\"https:\/\/airportsmokinglounge.com\/tr\/asyadaki-havaalanlarinda-sigara-icmek\/\"><span style=\"font-size: 14pt;\">Asya havaalanlar\u0131<\/span><\/a><\/li>\n<\/ul>","protected":false},"excerpt":{"rendered":"<p>Vinh Havaalan\u0131 (VII), Vietnam&#039;\u0131n kuzeyindeki Nghe An eyaletinin ba\u015fkenti olan Vinh \u015fehrinde bulunan i\u00e7 hatlara ait bir havaalan\u0131d\u0131r. Vinh \u015fehir merkezinin yakla\u015f\u0131k 6 kilometre g\u00fcneybat\u0131s\u0131nda yer alan b\u00f6lge, tarihi a\u00e7\u0131dan \u00f6nemli bu b\u00f6lgeyi ziyaret eden gezginler i\u00e7in \u00f6nemli bir ula\u015f\u0131m merkezi g\u00f6revi g\u00f6r\u00fcyor. Vinh Havaalan\u0131nda tek bir yolcu terminali bulunmaktad\u0131r\u2026&nbsp;<a href=\"https:\/\/airportsmokinglounge.com\/tr\/vinh-havaalaninda-vii-sigara-icme-alanlari\/\" rel=\"bookmark\">Devam\u0131n\u0131 oku &quot;<span class=\"screen-reader-text\">Vinh Havaliman\u0131&#039;ndaki (VII) sigara i\u00e7me alanlar\u0131<\/span><\/a><\/p>","protected":false},"author":1,"featured_media":1199,"parent":0,"menu_order":0,"comment_status":"closed","ping_status":"closed","template":"","meta":{"neve_meta_sidebar":"","neve_meta_container":"","neve_meta_enable_content_width":"off","neve_meta_content_width":100,"neve_meta_title_alignment":"","neve_meta_author_avatar":"","neve_post_elements_order":"","neve_meta_disable_header":"","neve_meta_disable_footer":"","neve_meta_disable_title":"","neve_meta_reading_time":"","footnotes":""},"class_list":["post-2232","page","type-page","status-publish","has-post-thumbnail","hentry"],"yoast_head":"<!-- This site is optimized with the Yoast SEO plugin v26.6 - https:\/\/yoast.com\/wordpress\/plugins\/seo\/ -->\n<title>Smoking areas at Vinh Airport (VII) - airportsmokinglounge.com<\/title>\n<meta name=\"description\" content=\"Smoking areas Vinh Airport - Find a smoking area in the airport from Vinh \u2714\ufe0e Smoking Guide in Airports: Information for Travelers \u2714\ufe0e\" \/>\n<meta name=\"robots\" content=\"index, follow, max-snippet:-1, max-image-preview:large, max-video-preview:-1\" \/>\n<link rel=\"canonical\" href=\"https:\/\/airportsmokinglounge.com\/tr\/vinh-havaalaninda-vii-sigara-icme-alanlari\/\" \/>\n<meta property=\"og:locale\" content=\"tr_TR\" \/>\n<meta property=\"og:type\" content=\"article\" \/>\n<meta property=\"og:title\" content=\"Smoking areas at Vinh Airport (VII) - airportsmokinglounge.com\" \/>\n<meta property=\"og:description\" content=\"Smoking areas Vinh Airport - Find a smoking area in the airport from Vinh \u2714\ufe0e Smoking Guide in Airports: Information for Travelers \u2714\ufe0e\" \/>\n<meta property=\"og:url\" content=\"https:\/\/airportsmokinglounge.com\/tr\/vinh-havaalaninda-vii-sigara-icme-alanlari\/\" \/>\n<meta property=\"og:site_name\" content=\"airportsmokinglounge.com\" \/>\n<meta property=\"article:modified_time\" content=\"2023-05-17T12:52:43+00:00\" \/>\n<meta property=\"og:image\" content=\"https:\/\/airportsmokinglounge.com\/wp-content\/uploads\/2023\/03\/airport-smoking-lounge-4.jpg\" \/>\n\t<meta property=\"og:image:width\" content=\"2048\" \/>\n\t<meta property=\"og:image:height\" content=\"1152\" \/>\n\t<meta property=\"og:image:type\" content=\"image\/jpeg\" \/>\n<meta name=\"twitter:card\" content=\"summary_large_image\" \/>\n<meta name=\"twitter:label1\" content=\"Tahmini okuma s\u00fcresi\" \/>\n\t<meta name=\"twitter:data1\" content=\"3 dakika\" \/>\n<script type=\"application\/ld+json\" class=\"yoast-schema-graph\">{\"@context\":\"https:\/\/schema.org\",\"@graph\":[{\"@type\":\"WebPage\",\"@id\":\"https:\/\/airportsmokinglounge.com\/smoking-areas-at-vinh-airport-vii\/\",\"url\":\"https:\/\/airportsmokinglounge.com\/smoking-areas-at-vinh-airport-vii\/\",\"name\":\"Smoking areas at Vinh Airport (VII) - airportsmokinglounge.com\",\"isPartOf\":{\"@id\":\"https:\/\/airportsmokinglounge.com\/#website\"},\"primaryImageOfPage\":{\"@id\":\"https:\/\/airportsmokinglounge.com\/smoking-areas-at-vinh-airport-vii\/#primaryimage\"},\"image\":{\"@id\":\"https:\/\/airportsmokinglounge.com\/smoking-areas-at-vinh-airport-vii\/#primaryimage\"},\"thumbnailUrl\":\"https:\/\/airportsmokinglounge.com\/wp-content\/uploads\/2023\/03\/airport-smoking-lounge-4.jpg\",\"datePublished\":\"2023-04-11T09:53:50+00:00\",\"dateModified\":\"2023-05-17T12:52:43+00:00\",\"description\":\"Smoking areas Vinh Airport - Find a smoking area in the airport from Vinh \u2714\ufe0e Smoking Guide in Airports: Information for Travelers \u2714\ufe0e\",\"breadcrumb\":{\"@id\":\"https:\/\/airportsmokinglounge.com\/smoking-areas-at-vinh-airport-vii\/#breadcrumb\"},\"inLanguage\":\"tr\",\"potentialAction\":[{\"@type\":\"ReadAction\",\"target\":[\"https:\/\/airportsmokinglounge.com\/smoking-areas-at-vinh-airport-vii\/\"]}]},{\"@type\":\"ImageObject\",\"inLanguage\":\"tr\",\"@id\":\"https:\/\/airportsmokinglounge.com\/smoking-areas-at-vinh-airport-vii\/#primaryimage\",\"url\":\"https:\/\/airportsmokinglounge.com\/wp-content\/uploads\/2023\/03\/airport-smoking-lounge-4.jpg\",\"contentUrl\":\"https:\/\/airportsmokinglounge.com\/wp-content\/uploads\/2023\/03\/airport-smoking-lounge-4.jpg\",\"width\":2048,\"height\":1152,\"caption\":\"Airport Smoking\"},{\"@type\":\"BreadcrumbList\",\"@id\":\"https:\/\/airportsmokinglounge.com\/smoking-areas-at-vinh-airport-vii\/#breadcrumb\",\"itemListElement\":[{\"@type\":\"ListItem\",\"position\":1,\"name\":\"Home\",\"item\":\"https:\/\/airportsmokinglounge.com\/\"},{\"@type\":\"ListItem\",\"position\":2,\"name\":\"Smoking areas at Vinh Airport (VII)\"}]},{\"@type\":\"WebSite\",\"@id\":\"https:\/\/airportsmokinglounge.com\/#website\",\"url\":\"https:\/\/airportsmokinglounge.com\/\",\"name\":\"airportsmokinglounge.com\",\"description\":\"\",\"potentialAction\":[{\"@type\":\"SearchAction\",\"target\":{\"@type\":\"EntryPoint\",\"urlTemplate\":\"https:\/\/airportsmokinglounge.com\/?s={search_term_string}\"},\"query-input\":{\"@type\":\"PropertyValueSpecification\",\"valueRequired\":true,\"valueName\":\"search_term_string\"}}],\"inLanguage\":\"tr\"}]}<\/script>\n<!-- \/ Yoast SEO plugin. -->","yoast_head_json":{"title":"Vinh Havaalan\u0131&#039;ndaki (VII) sigara i\u00e7me alanlar\u0131 - airportsmokinglounge.com","description":"Sigara i\u00e7me alanlar\u0131 Vinh Havaalan\u0131 - Vinh&#039;den havaalan\u0131nda sigara i\u00e7me alan\u0131 bulun \u2714\ufe0e Havaalanlar\u0131nda Sigara \u0130\u00e7me Rehberi: Gezginler \u0130\u00e7in Bilgiler \u2714\ufe0e","robots":{"index":"index","follow":"follow","max-snippet":"max-snippet:-1","max-image-preview":"max-image-preview:large","max-video-preview":"max-video-preview:-1"},"canonical":"https:\/\/airportsmokinglounge.com\/tr\/vinh-havaalaninda-vii-sigara-icme-alanlari\/","og_locale":"tr_TR","og_type":"article","og_title":"Smoking areas at Vinh Airport (VII) - airportsmokinglounge.com","og_description":"Smoking areas Vinh Airport - Find a smoking area in the airport from Vinh \u2714\ufe0e Smoking Guide in Airports: Information for Travelers \u2714\ufe0e","og_url":"https:\/\/airportsmokinglounge.com\/tr\/vinh-havaalaninda-vii-sigara-icme-alanlari\/","og_site_name":"airportsmokinglounge.com","article_modified_time":"2023-05-17T12:52:43+00:00","og_image":[{"width":2048,"height":1152,"url":"https:\/\/airportsmokinglounge.com\/wp-content\/uploads\/2023\/03\/airport-smoking-lounge-4.jpg","type":"image\/jpeg"}],"twitter_card":"summary_large_image","twitter_misc":{"Tahmini okuma s\u00fcresi":"3 dakika"},"schema":{"@context":"https:\/\/schema.org","@graph":[{"@type":"WebPage","@id":"https:\/\/airportsmokinglounge.com\/smoking-areas-at-vinh-airport-vii\/","url":"https:\/\/airportsmokinglounge.com\/smoking-areas-at-vinh-airport-vii\/","name":"Vinh Havaalan\u0131&#039;ndaki (VII) sigara i\u00e7me alanlar\u0131 - airportsmokinglounge.com","isPartOf":{"@id":"https:\/\/airportsmokinglounge.com\/#website"},"primaryImageOfPage":{"@id":"https:\/\/airportsmokinglounge.com\/smoking-areas-at-vinh-airport-vii\/#primaryimage"},"image":{"@id":"https:\/\/airportsmokinglounge.com\/smoking-areas-at-vinh-airport-vii\/#primaryimage"},"thumbnailUrl":"https:\/\/airportsmokinglounge.com\/wp-content\/uploads\/2023\/03\/airport-smoking-lounge-4.jpg","datePublished":"2023-04-11T09:53:50+00:00","dateModified":"2023-05-17T12:52:43+00:00","description":"Sigara i\u00e7me alanlar\u0131 Vinh Havaalan\u0131 - Vinh&#039;den havaalan\u0131nda sigara i\u00e7me alan\u0131 bulun \u2714\ufe0e Havaalanlar\u0131nda Sigara \u0130\u00e7me Rehberi: Gezginler \u0130\u00e7in Bilgiler \u2714\ufe0e","breadcrumb":{"@id":"https:\/\/airportsmokinglounge.com\/smoking-areas-at-vinh-airport-vii\/#breadcrumb"},"inLanguage":"tr","potentialAction":[{"@type":"ReadAction","target":["https:\/\/airportsmokinglounge.com\/smoking-areas-at-vinh-airport-vii\/"]}]},{"@type":"ImageObject","inLanguage":"tr","@id":"https:\/\/airportsmokinglounge.com\/smoking-areas-at-vinh-airport-vii\/#primaryimage","url":"https:\/\/airportsmokinglounge.com\/wp-content\/uploads\/2023\/03\/airport-smoking-lounge-4.jpg","contentUrl":"https:\/\/airportsmokinglounge.com\/wp-content\/uploads\/2023\/03\/airport-smoking-lounge-4.jpg","width":2048,"height":1152,"caption":"Airport Smoking"},{"@type":"BreadcrumbList","@id":"https:\/\/airportsmokinglounge.com\/smoking-areas-at-vinh-airport-vii\/#breadcrumb","itemListElement":[{"@type":"ListItem","position":1,"name":"Home","item":"https:\/\/airportsmokinglounge.com\/"},{"@type":"ListItem","position":2,"name":"Smoking areas at Vinh Airport (VII)"}]},{"@type":"WebSite","@id":"https:\/\/airportsmokinglounge.com\/#website","url":"https:\/\/airportsmokinglounge.com\/","name":"havaalan\u0131sigara salonu.com","description":"","potentialAction":[{"@type":"SearchAction","target":{"@type":"EntryPoint","urlTemplate":"https:\/\/airportsmokinglounge.com\/?s={search_term_string}"},"query-input":{"@type":"PropertyValueSpecification","valueRequired":true,"valueName":"search_term_string"}}],"inLanguage":"tr"}]}},"_links":{"self":[{"href":"https:\/\/airportsmokinglounge.com\/tr\/wp-json\/wp\/v2\/pages\/2232","targetHints":{"allow":["GET"]}}],"collection":[{"href":"https:\/\/airportsmokinglounge.com\/tr\/wp-json\/wp\/v2\/pages"}],"about":[{"href":"https:\/\/airportsmokinglounge.com\/tr\/wp-json\/wp\/v2\/types\/page"}],"author":[{"embeddable":true,"href":"https:\/\/airportsmokinglounge.com\/tr\/wp-json\/wp\/v2\/users\/1"}],"replies":[{"embeddable":true,"href":"https:\/\/airportsmokinglounge.com\/tr\/wp-json\/wp\/v2\/comments?post=2232"}],"version-history":[{"count":5,"href":"https:\/\/airportsmokinglounge.com\/tr\/wp-json\/wp\/v2\/pages\/2232\/revisions"}],"predecessor-version":[{"id":5332,"href":"https:\/\/airportsmokinglounge.com\/tr\/wp-json\/wp\/v2\/pages\/2232\/revisions\/5332"}],"wp:featuredmedia":[{"embeddable":true,"href":"https:\/\/airportsmokinglounge.com\/tr\/wp-json\/wp\/v2\/media\/1199"}],"wp:attachment":[{"href":"https:\/\/airportsmokinglounge.com\/tr\/wp-json\/wp\/v2\/media?parent=2232"}],"curies":[{"name":"wp","href":"https:\/\/api.w.org\/{rel}","templated":true}]}}