{"id":224,"date":"2023-02-28T15:48:45","date_gmt":"2023-02-28T14:48:45","guid":{"rendered":"https:\/\/airportsmokinglounge.com\/?page_id=224"},"modified":"2023-05-21T21:52:19","modified_gmt":"2023-05-21T19:52:19","slug":"smoking-areas-in-united-states-airports","status":"publish","type":"page","link":"https:\/\/airportsmokinglounge.com\/tr\/amerika-birlesik-devletleri-havalimanlarindaki-sigara-icme-alanlari\/","title":{"rendered":"Amerika Birle\u015fik Devletleri havaalanlar\u0131nda sigara i\u00e7ilen alanlar"},"content":{"rendered":"<p>Amerika Birle\u015fik Devletleri&#039;nde k\u00fc\u00e7\u00fck b\u00f6lgesel havalimanlar\u0131ndan daha b\u00fcy\u00fck uluslararas\u0131 merkezlere kadar \u00e7e\u015fitli havaalanlar\u0131 bulunmaktad\u0131r.<\/p>\n<p>Bu web sitesinde, belirlenmi\u015f sigara i\u00e7me alanlar\u0131 ve mevcut tesisler dahil olmak \u00fczere havalimanlar\u0131ndaki t\u00fcm sigara i\u00e7me alanlar\u0131n\u0131 bulabilirsiniz. G\u00fcvenlikten ge\u00e7ip hi\u00e7bir yerde sigara i\u00e7ilen alanlar\u0131n olmad\u0131\u011f\u0131n\u0131 ve baz\u0131 durumlarda e-sigara i\u00e7ilmesine izin verilmeyebilece\u011fini g\u00f6rmenin hayal k\u0131r\u0131kl\u0131\u011f\u0131n\u0131 anl\u0131yoruz.<\/p>\n<p>Bu hizmet, uzun u\u00e7u\u015flardan \u00f6nce veya sonra sigara keyfi yapmak isteyen t\u00fcm sigara i\u00e7enler i\u00e7indir.<\/p>\n<h2>Amerika Birle\u015fik Devletleri&#039;ndeki havalimanlar\u0131<\/h2>\n<ul style=\"list-style-type: circle;\">\n<li><a href=\"https:\/\/airportsmokinglounge.com\/tr\/new-york-john-f-kennedy-havaalaninda-jfk-sigara-icme-alanlari\/\">NEW YORK \u2013 JOHN F. KENNEDY ULUSLARARASI HAVAL\u0130MANI (JFK)<\/a><\/li>\n<li><a href=\"https:\/\/airportsmokinglounge.com\/tr\/los-angeles-uluslararasi-havaalaninda-gevsek-sigara-icme-alanlari\/\">LOS ANGELES ULUSLARARASI HAVAL\u0130MANI (LAX)<\/a><\/li>\n<li><a href=\"https:\/\/airportsmokinglounge.com\/tr\/sigara-alanlari-at-chicago-ohare-international-airport-ord\/\">CHICAGO O&#039;HARE ULUSLARARASI HAVAL\u0130MANI (ORD)<\/a><\/li>\n<li><a href=\"https:\/\/airportsmokinglounge.com\/tr\/miami-uluslararasi-havaalani-miada-sigara-icme-alanlari\/\">MIAMI ULUSLARARASI HAVAL\u0130MANI (MIA)<\/a><\/li>\n<li><a href=\"https:\/\/airportsmokinglounge.com\/tr\/daytona-plajinda-uluslararasi-havaalaninda-dab-sigara-icme-alanlari\/\">DAYTONA BEACH ULUSLARARASI HAVAL\u0130MANI (DAB)<\/a><\/li>\n<li><a href=\"https:\/\/airportsmokinglounge.com\/tr\/san-francisco-uluslararasi-havaalaninda-sfo-sigara-icme-alanlari\/\">SAN FRANCISCO ULUSLARARASI HAVAL\u0130MANI (SFO)<\/a><\/li>\n<li><a href=\"https:\/\/airportsmokinglounge.com\/tr\/washington-uluslararasi-havaalani-iadda-sigara-icme-alanlari\/\">WASHINGTON DULLES ULUSLARARASI HAVAL\u0130MANI (IAD)<\/a><\/li>\n<li><a href=\"https:\/\/airportsmokinglounge.com\/tr\/atlanta-hartsfield-uluslararasi-havaalani-atlde-sigara-icme-alanlari\/\">HARTSFIELD JACKSON ATLANTA ULUSLARARASI HAVAL\u0130MANI (ATL)<\/a><\/li>\n<li><a href=\"https:\/\/airportsmokinglounge.com\/tr\/newark-liberty-uluslararasi-havaalaninda-ewr-sigara-icme-alanlari\/\">NEWARK LIBERTY ULUSLARARASI HAVAL\u0130MANI (EWR)<\/a><\/li>\n<li><a href=\"https:\/\/airportsmokinglounge.com\/tr\/orlando-uluslararasi-havaalani-mcoda-sigara-icme-alanlari\/\">ORLANDO ULUSLARARASI HAVAL\u0130MANI (MCO)<\/a><\/li>\n<li><a href=\"https:\/\/airportsmokinglounge.com\/tr\/boston-uluslararasi-havaalani-bosta-sigara-icme-alanlari\/\">BOSTON \u2013 GENEL EDWARD LAWRENCE LOGAN ULUSLARARASI HAVAL\u0130MANI (BOS)<\/a><\/li>\n<li><a href=\"https:\/\/airportsmokinglounge.com\/tr\/las-vegas-uluslararasi-havaalani-lasta-sigara-icme-alanlari\/\">LAS VEGAS \u2013 MCCARRAN ULUSLARARASI HAVAL\u0130MANI (LAS)<\/a><\/li>\n<li><a href=\"https:\/\/airportsmokinglounge.com\/tr\/seattle-tacoma-uluslararasi-havaalani-deniz-sigara-icme-alanlari\/\">SEATTLE TACOMA ULUSLARARASI HAVAL\u0130MANI (DEN\u0130Z)<\/a><\/li>\n<li><a href=\"https:\/\/airportsmokinglounge.com\/tr\/new-orleans-louis-armstrong-airport-msy-at-sigara-alanlari\/\">LOUIS ARMSTRONG NEW ORLEANS ULUSLARARASI HAVAL\u0130MANI (MSY)<\/a><\/li>\n<li><a href=\"https:\/\/airportsmokinglounge.com\/tr\/dallas-forth-worth-uluslararasi-havaalaninda-sigara-icme-alanlari-dfw\/\">DALLAS FORT WORTH ULUSLARARASI HAVAL\u0130MANI (DFW)<\/a><\/li>\n<li><a href=\"https:\/\/airportsmokinglounge.com\/tr\/houston-george-bush-havaalaninda-iah-sigara-icme-alanlari\/\">GEORGE BUSH KITALARARASI HOUSTON HAVAL\u0130MANI (IAH)<\/a><\/li>\n<li><a href=\"https:\/\/airportsmokinglounge.com\/tr\/san-diego-uluslararasi-havaalani-sanda-sigara-icme-alanlari\/\">SAN DIEGO ULUSLARARASI HAVAL\u0130MANI (SAN)<\/a><\/li>\n<li><a href=\"https:\/\/airportsmokinglounge.com\/tr\/honolulu-uluslararasi-havaalaninda-hnlde-sigara-icilen-alanlar\/\">HONOLULU \u2013 DANIEL K INOUYE ULUSLARARASI HAVAL\u0130MANI (HNL)<\/a><\/li>\n<li><a href=\"https:\/\/airportsmokinglounge.com\/tr\/fort-lauderdale-uluslararasi-havaalani-fllde-sigara-icme-alanlari\/\">FORT LAUDERDALE HOLLYWOOD ULUSLARARASI HAVAL\u0130MANI (FLL)<\/a><\/li>\n<li><a href=\"https:\/\/airportsmokinglounge.com\/tr\/phoenix-uluslararasi-havalimaninda-sigara-icilen-alanlar-phx\/\">PHOENIX SKY HARBOR ULUSLARARASI HAVAL\u0130MANI (PHX)<\/a><\/li>\n<li><a href=\"https:\/\/airportsmokinglounge.com\/tr\/denver-uluslararasi-havaalaninda-sigara-icme-alanlari\/\">DENVER ULUSLARARASI HAVAL\u0130MANI (DEN)<\/a><\/li>\n<li><a href=\"https:\/\/airportsmokinglounge.com\/tr\/detroit-metropolitan-havaalaninda-dtw-sigara-icme-alanlari\/\">DETROIT B\u00dcY\u00dcK\u015eEH\u0130R WAYNE COUNTRY HAVAL\u0130MANI (DTW)<\/a><\/li>\n<li><a href=\"https:\/\/airportsmokinglounge.com\/tr\/sigara-icilebilen-alanlar-tampa-uluslararasi-havalimani-tpa\/\">TAMPA ULUSLARARASI HAVAL\u0130MANI (TPA)<\/a><\/li>\n<li><a href=\"https:\/\/airportsmokinglounge.com\/tr\/philadelphia-uluslararasi-havalimaninda-sigara-icilen-alanlar-phl\/\">PHILADELPHIA ULUSLARARASI HAVAL\u0130MANI (PHL)<\/a><\/li>\n<li><a href=\"https:\/\/airportsmokinglounge.com\/tr\/austin-bergstrom-uluslararasi-havalimaninda-sigara-icilen-alanlar-aus\/\">AUSTIN BERGSTROM ULUSLARARASI HAVAL\u0130MANI (AUS)<\/a><\/li>\n<li><a href=\"https:\/\/airportsmokinglounge.com\/tr\/raleigh-durham-uluslararasi-havalimaninda-sigara-icilen-alanlar-rdu\/\">RALEIGH DURHAM ULUSLARARASI HAVAL\u0130MANI (RDU)<\/a><\/li>\n<li><a href=\"https:\/\/airportsmokinglounge.com\/tr\/sigara-icme-alanlari-fort-mayers-southwest-florida-uluslararasi-havalimani-rsw\/\">FORT MAYERS \u2013 G\u00dcNEYBATI FLORIDA ULUSLARARASI HAVAL\u0130MANI (RSW)<\/a><\/li>\n<li><a href=\"https:\/\/airportsmokinglounge.com\/tr\/minneapolis-uluslararasi-havaalaninda-sigara-icilen-alanlar-msp\/\">MINNEAPOLIS-ST PAUL ULUSLARARASI\/WOLD-CHAMBERLAIN HAVAL\u0130MANI (MSP)<\/a><\/li>\n<li><a href=\"https:\/\/airportsmokinglounge.com\/tr\/charlotte-uluslararasi-havaalaninda-clt-sigara-icme-alanlari\/\">CHARLOTTE DOUGLAS ULUSLARARASI HAVAL\u0130MANI (CLT)<\/a><\/li>\n<li><a href=\"https:\/\/airportsmokinglounge.com\/tr\/sigara-icilen-alanlar-at-baltimore-washington-international-airport-bwi\/\">BALTIMORE\/WASHINGTON ULUSLARARASI HAVAL\u0130MANI (BWI)<\/a><\/li>\n<li><a href=\"https:\/\/airportsmokinglounge.com\/tr\/st-louis-international-airport-stl-at-sigara-alanlari\/\">ST LOUIS LAMBERT ULUSLARARASI HAVAL\u0130MANI (STL)<\/a><\/li>\n<\/ul>\n<h2>Amerika Birle\u015fik Devletleri Sigara Yasas\u0131<\/h2>\n<p>Amerika Birle\u015fik Devletleri, halk sa\u011fl\u0131\u011f\u0131n\u0131 korumak ve t\u00fct\u00fcn kullan\u0131m\u0131n\u0131 azaltmak i\u00e7in hem federal hem de eyalet d\u00fczeyinde sigara i\u00e7me d\u00fczenlemeleri uygulam\u0131\u015ft\u0131r. Bununla birlikte, sigara i\u00e7me yasalar\u0131n\u0131n ve d\u00fczenlemelerinin Amerika Birle\u015fik Devletleri&#039;ndeki farkl\u0131 eyaletler ve yerel yarg\u0131 b\u00f6lgeleri aras\u0131nda de\u011fi\u015fiklik g\u00f6sterebilece\u011fini l\u00fctfen unutmay\u0131n, bu nedenle en g\u00fcncel bilgiler i\u00e7in ilgilendi\u011finiz eyalet veya b\u00f6lgenin \u00f6zel yasalar\u0131na ba\u015fvurman\u0131z \u00f6nerilir.<\/p>\n<p>Federal d\u00fczeyde, ABD Sa\u011fl\u0131k ve \u0130nsani Hizmetler Departman\u0131&#039;n\u0131n y\u00f6netmelikleri uyar\u0131nca belirli kapal\u0131 halka a\u00e7\u0131k yerlerde sigara i\u00e7mek genellikle yasakt\u0131r. Bunlar, h\u00fck\u00fcmet binalar\u0131n\u0131, sa\u011fl\u0131k tesislerini, federal fon alan e\u011fitim kurumlar\u0131n\u0131 ve federal yarg\u0131 yetkisi alt\u0131ndaki toplu ta\u015f\u0131may\u0131 i\u00e7erir. Ek olarak, federal yasa, ticari havayolu u\u00e7u\u015flar\u0131nda ve belirli federal h\u00fck\u00fcmet ara\u00e7lar\u0131nda sigara i\u00e7ilmesini yasaklamaktad\u0131r.<\/p>\n<p>Bununla birlikte, sigara i\u00e7me d\u00fczenlemeleri Amerika Birle\u015fik Devletleri&#039;ndeki eyaletler ve b\u00f6lgeler aras\u0131nda \u00f6nemli \u00f6l\u00e7\u00fcde farkl\u0131l\u0131k g\u00f6sterebilir. Bir\u00e7ok eyalet, halka a\u00e7\u0131k yerlerde, i\u015fyerlerinde, restoranlarda, barlarda ve di\u011fer mekanlarda sigara i\u00e7meye ili\u015fkin kendi yasa ve y\u00f6netmeliklerini \u00e7\u0131karm\u0131\u015ft\u0131r. Baz\u0131 eyaletler halka a\u00e7\u0131k kapal\u0131 alanlarda sigara i\u00e7ilmesini yasaklayan kapsaml\u0131 dumans\u0131z yasalar uygularken, di\u011ferleri daha s\u0131n\u0131rl\u0131 k\u0131s\u0131tlamalara sahip olabilir veya belirli kurulu\u015flarda belirlenmi\u015f sigara i\u00e7me alanlar\u0131na izin verebilir.<\/p>\n<p>T\u00fct\u00fcn \u00fcr\u00fcnleri sat\u0131n almak ve bulundurmak i\u00e7in asgari yasal ya\u015f da eyalete g\u00f6re de\u011fi\u015fir; \u00e7o\u011fu eyalet bunu 18 olarak belirlerken, baz\u0131lar\u0131 T\u00fct\u00fcn 21 yasas\u0131 olarak bilinen federal mevzuata uygun olarak bunu 21&#039;e y\u00fckseltmi\u015ftir.<\/p>\n<p>Sigara i\u00e7me yasalar\u0131n\u0131n uygulanmas\u0131, genellikle ilgili eyalet veya yerel makamlar taraf\u0131ndan denetlenir ve ihlaller, para cezalar\u0131na veya yarg\u0131 alan\u0131na \u00f6zg\u00fc di\u011fer cezalara neden olabilir.<\/p>\n<p>Amerika Birle\u015fik Devletleri&#039;ndeki sigara i\u00e7me yasalar\u0131 hakk\u0131nda en do\u011fru ve g\u00fcncel bilgiler i\u00e7in, ilgilendi\u011finiz belirli eyalet veya b\u00f6lgenin yasalar\u0131na ba\u015fvurman\u0131z veya yerel yetkililere veya sa\u011fl\u0131k kurulu\u015flar\u0131na ula\u015fman\u0131z \u00f6nerilir.<\/p>\n<p><strong>Daha fazla Havaalan\u0131 Sigara i\u00e7ilen alan\u00a0<\/strong><\/p>\n<ul>\n<li><a href=\"https:\/\/airportsmokinglounge.com\/tr\/kuzey-amerikanin-havaalanlarinda-sigara-icmek\/\">Kuzey Amerika<\/a><\/li>\n<li><a href=\"https:\/\/airportsmokinglounge.com\/tr\/guney-amerika-havaalanlarinda-sigara-icilmesi\/\">G\u00fcney Amerika<\/a><\/li>\n<li><a href=\"https:\/\/airportsmokinglounge.com\/tr\/avrupa-havalimanlarindaki-sigara-icme-alanlari\/\">Avrupa<\/a><\/li>\n<li><a href=\"https:\/\/airportsmokinglounge.com\/tr\/asyadaki-havaalanlarinda-sigara-icmek\/\">Asya<\/a><\/li>\n<li><a href=\"https:\/\/airportsmokinglounge.com\/tr\/okyanusya-havalimanlarinda-sigara-icmek\/\">Okyanusya<\/a><\/li>\n<\/ul>","protected":false},"excerpt":{"rendered":"<p>Amerika Birle\u015fik Devletleri&#039;nde k\u00fc\u00e7\u00fck b\u00f6lgesel havaalanlar\u0131ndan daha b\u00fcy\u00fck uluslararas\u0131 merkezlere kadar \u00e7e\u015fitli havaalanlar\u0131 bulunmaktad\u0131r. Bu web sitesinde, belirlenmi\u015f sigara i\u00e7me alanlar\u0131 ve mevcut tesisler de dahil olmak \u00fczere havaalanlar\u0131ndaki t\u00fcm sigara i\u00e7me alanlar\u0131n\u0131 bulabilirsiniz. G\u00fcvenlik kontrol\u00fcnden ge\u00e7tikten sonra hi\u00e7bir yerde sigara i\u00e7me alan\u0131 bulamaman\u0131n verdi\u011fi hayal k\u0131r\u0131kl\u0131\u011f\u0131n\u0131 anl\u0131yoruz\u2026&nbsp;<a href=\"https:\/\/airportsmokinglounge.com\/tr\/amerika-birlesik-devletleri-havalimanlarindaki-sigara-icme-alanlari\/\" rel=\"bookmark\">Devam\u0131n\u0131 oku &quot;<span class=\"screen-reader-text\">Amerika Birle\u015fik Devletleri havaalanlar\u0131nda sigara i\u00e7ilen alanlar<\/span><\/a><\/p>","protected":false},"author":1,"featured_media":1199,"parent":0,"menu_order":0,"comment_status":"closed","ping_status":"closed","template":"","meta":{"neve_meta_sidebar":"","neve_meta_container":"","neve_meta_enable_content_width":"off","neve_meta_content_width":100,"neve_meta_title_alignment":"","neve_meta_author_avatar":"","neve_post_elements_order":"","neve_meta_disable_header":"","neve_meta_disable_footer":"","neve_meta_disable_title":"","neve_meta_reading_time":"","footnotes":""},"class_list":["post-224","page","type-page","status-publish","has-post-thumbnail","hentry"],"yoast_head":"<!-- This site is optimized with the Yoast SEO plugin v26.6 - https:\/\/yoast.com\/wordpress\/plugins\/seo\/ -->\n<title>Smoking areas in United States airports<\/title>\n<meta name=\"description\" content=\"Smoking areas at United States airports - Where to Smoke at the Airport? - Your Ultimate Guide to Finding a Place to Smoke \u2714\ufe0e\" \/>\n<meta name=\"robots\" content=\"index, follow, max-snippet:-1, max-image-preview:large, max-video-preview:-1\" \/>\n<link rel=\"canonical\" href=\"https:\/\/airportsmokinglounge.com\/tr\/amerika-birlesik-devletleri-havalimanlarindaki-sigara-icme-alanlari\/\" \/>\n<meta property=\"og:locale\" content=\"tr_TR\" \/>\n<meta property=\"og:type\" content=\"article\" \/>\n<meta property=\"og:title\" content=\"Smoking areas in United States airports\" \/>\n<meta property=\"og:description\" content=\"Smoking areas at United States airports - Where to Smoke at the Airport? - Your Ultimate Guide to Finding a Place to Smoke \u2714\ufe0e\" \/>\n<meta property=\"og:url\" content=\"https:\/\/airportsmokinglounge.com\/tr\/amerika-birlesik-devletleri-havalimanlarindaki-sigara-icme-alanlari\/\" \/>\n<meta property=\"og:site_name\" content=\"airportsmokinglounge.com\" \/>\n<meta property=\"article:modified_time\" content=\"2023-05-21T19:52:19+00:00\" \/>\n<meta property=\"og:image\" content=\"https:\/\/airportsmokinglounge.com\/wp-content\/uploads\/2023\/03\/airport-smoking-lounge-4.jpg\" \/>\n\t<meta property=\"og:image:width\" content=\"2048\" \/>\n\t<meta property=\"og:image:height\" content=\"1152\" \/>\n\t<meta property=\"og:image:type\" content=\"image\/jpeg\" \/>\n<meta name=\"twitter:card\" content=\"summary_large_image\" \/>\n<meta name=\"twitter:label1\" content=\"Tahmini okuma s\u00fcresi\" \/>\n\t<meta name=\"twitter:data1\" content=\"3 dakika\" \/>\n<script type=\"application\/ld+json\" class=\"yoast-schema-graph\">{\"@context\":\"https:\/\/schema.org\",\"@graph\":[{\"@type\":\"WebPage\",\"@id\":\"https:\/\/airportsmokinglounge.com\/smoking-areas-in-united-states-airports\/\",\"url\":\"https:\/\/airportsmokinglounge.com\/smoking-areas-in-united-states-airports\/\",\"name\":\"Smoking areas in United States airports\",\"isPartOf\":{\"@id\":\"https:\/\/airportsmokinglounge.com\/#website\"},\"primaryImageOfPage\":{\"@id\":\"https:\/\/airportsmokinglounge.com\/smoking-areas-in-united-states-airports\/#primaryimage\"},\"image\":{\"@id\":\"https:\/\/airportsmokinglounge.com\/smoking-areas-in-united-states-airports\/#primaryimage\"},\"thumbnailUrl\":\"https:\/\/airportsmokinglounge.com\/wp-content\/uploads\/2023\/03\/airport-smoking-lounge-4.jpg\",\"datePublished\":\"2023-02-28T14:48:45+00:00\",\"dateModified\":\"2023-05-21T19:52:19+00:00\",\"description\":\"Smoking areas at United States airports - Where to Smoke at the Airport? - Your Ultimate Guide to Finding a Place to Smoke \u2714\ufe0e\",\"breadcrumb\":{\"@id\":\"https:\/\/airportsmokinglounge.com\/smoking-areas-in-united-states-airports\/#breadcrumb\"},\"inLanguage\":\"tr\",\"potentialAction\":[{\"@type\":\"ReadAction\",\"target\":[\"https:\/\/airportsmokinglounge.com\/smoking-areas-in-united-states-airports\/\"]}]},{\"@type\":\"ImageObject\",\"inLanguage\":\"tr\",\"@id\":\"https:\/\/airportsmokinglounge.com\/smoking-areas-in-united-states-airports\/#primaryimage\",\"url\":\"https:\/\/airportsmokinglounge.com\/wp-content\/uploads\/2023\/03\/airport-smoking-lounge-4.jpg\",\"contentUrl\":\"https:\/\/airportsmokinglounge.com\/wp-content\/uploads\/2023\/03\/airport-smoking-lounge-4.jpg\",\"width\":2048,\"height\":1152,\"caption\":\"Airport Smoking\"},{\"@type\":\"BreadcrumbList\",\"@id\":\"https:\/\/airportsmokinglounge.com\/smoking-areas-in-united-states-airports\/#breadcrumb\",\"itemListElement\":[{\"@type\":\"ListItem\",\"position\":1,\"name\":\"Home\",\"item\":\"https:\/\/airportsmokinglounge.com\/\"},{\"@type\":\"ListItem\",\"position\":2,\"name\":\"Smoking areas in United States airports\"}]},{\"@type\":\"WebSite\",\"@id\":\"https:\/\/airportsmokinglounge.com\/#website\",\"url\":\"https:\/\/airportsmokinglounge.com\/\",\"name\":\"airportsmokinglounge.com\",\"description\":\"\",\"potentialAction\":[{\"@type\":\"SearchAction\",\"target\":{\"@type\":\"EntryPoint\",\"urlTemplate\":\"https:\/\/airportsmokinglounge.com\/?s={search_term_string}\"},\"query-input\":{\"@type\":\"PropertyValueSpecification\",\"valueRequired\":true,\"valueName\":\"search_term_string\"}}],\"inLanguage\":\"tr\"}]}<\/script>\n<!-- \/ Yoast SEO plugin. -->","yoast_head_json":{"title":"Amerika Birle\u015fik Devletleri havaalanlar\u0131nda sigara i\u00e7ilen alanlar","description":"Amerika Birle\u015fik Devletleri havaalanlar\u0131nda sigara i\u00e7ilen alanlar - Havaalan\u0131nda Nerede Sigara \u0130\u00e7ilir? - Sigara \u0130\u00e7ilecek Bir Yer Bulmak \u0130\u00e7in En \u0130yi Rehberiniz \u2714\ufe0e","robots":{"index":"index","follow":"follow","max-snippet":"max-snippet:-1","max-image-preview":"max-image-preview:large","max-video-preview":"max-video-preview:-1"},"canonical":"https:\/\/airportsmokinglounge.com\/tr\/amerika-birlesik-devletleri-havalimanlarindaki-sigara-icme-alanlari\/","og_locale":"tr_TR","og_type":"article","og_title":"Smoking areas in United States airports","og_description":"Smoking areas at United States airports - Where to Smoke at the Airport? - Your Ultimate Guide to Finding a Place to Smoke \u2714\ufe0e","og_url":"https:\/\/airportsmokinglounge.com\/tr\/amerika-birlesik-devletleri-havalimanlarindaki-sigara-icme-alanlari\/","og_site_name":"airportsmokinglounge.com","article_modified_time":"2023-05-21T19:52:19+00:00","og_image":[{"width":2048,"height":1152,"url":"https:\/\/airportsmokinglounge.com\/wp-content\/uploads\/2023\/03\/airport-smoking-lounge-4.jpg","type":"image\/jpeg"}],"twitter_card":"summary_large_image","twitter_misc":{"Tahmini okuma s\u00fcresi":"3 dakika"},"schema":{"@context":"https:\/\/schema.org","@graph":[{"@type":"WebPage","@id":"https:\/\/airportsmokinglounge.com\/smoking-areas-in-united-states-airports\/","url":"https:\/\/airportsmokinglounge.com\/smoking-areas-in-united-states-airports\/","name":"Amerika Birle\u015fik Devletleri havaalanlar\u0131nda sigara i\u00e7ilen alanlar","isPartOf":{"@id":"https:\/\/airportsmokinglounge.com\/#website"},"primaryImageOfPage":{"@id":"https:\/\/airportsmokinglounge.com\/smoking-areas-in-united-states-airports\/#primaryimage"},"image":{"@id":"https:\/\/airportsmokinglounge.com\/smoking-areas-in-united-states-airports\/#primaryimage"},"thumbnailUrl":"https:\/\/airportsmokinglounge.com\/wp-content\/uploads\/2023\/03\/airport-smoking-lounge-4.jpg","datePublished":"2023-02-28T14:48:45+00:00","dateModified":"2023-05-21T19:52:19+00:00","description":"Amerika Birle\u015fik Devletleri havaalanlar\u0131nda sigara i\u00e7ilen alanlar - Havaalan\u0131nda Nerede Sigara \u0130\u00e7ilir? - Sigara \u0130\u00e7ilecek Bir Yer Bulmak \u0130\u00e7in En \u0130yi Rehberiniz \u2714\ufe0e","breadcrumb":{"@id":"https:\/\/airportsmokinglounge.com\/smoking-areas-in-united-states-airports\/#breadcrumb"},"inLanguage":"tr","potentialAction":[{"@type":"ReadAction","target":["https:\/\/airportsmokinglounge.com\/smoking-areas-in-united-states-airports\/"]}]},{"@type":"ImageObject","inLanguage":"tr","@id":"https:\/\/airportsmokinglounge.com\/smoking-areas-in-united-states-airports\/#primaryimage","url":"https:\/\/airportsmokinglounge.com\/wp-content\/uploads\/2023\/03\/airport-smoking-lounge-4.jpg","contentUrl":"https:\/\/airportsmokinglounge.com\/wp-content\/uploads\/2023\/03\/airport-smoking-lounge-4.jpg","width":2048,"height":1152,"caption":"Airport Smoking"},{"@type":"BreadcrumbList","@id":"https:\/\/airportsmokinglounge.com\/smoking-areas-in-united-states-airports\/#breadcrumb","itemListElement":[{"@type":"ListItem","position":1,"name":"Home","item":"https:\/\/airportsmokinglounge.com\/"},{"@type":"ListItem","position":2,"name":"Smoking areas in United States airports"}]},{"@type":"WebSite","@id":"https:\/\/airportsmokinglounge.com\/#website","url":"https:\/\/airportsmokinglounge.com\/","name":"havaalan\u0131sigara salonu.com","description":"","potentialAction":[{"@type":"SearchAction","target":{"@type":"EntryPoint","urlTemplate":"https:\/\/airportsmokinglounge.com\/?s={search_term_string}"},"query-input":{"@type":"PropertyValueSpecification","valueRequired":true,"valueName":"search_term_string"}}],"inLanguage":"tr"}]}},"_links":{"self":[{"href":"https:\/\/airportsmokinglounge.com\/tr\/wp-json\/wp\/v2\/pages\/224","targetHints":{"allow":["GET"]}}],"collection":[{"href":"https:\/\/airportsmokinglounge.com\/tr\/wp-json\/wp\/v2\/pages"}],"about":[{"href":"https:\/\/airportsmokinglounge.com\/tr\/wp-json\/wp\/v2\/types\/page"}],"author":[{"embeddable":true,"href":"https:\/\/airportsmokinglounge.com\/tr\/wp-json\/wp\/v2\/users\/1"}],"replies":[{"embeddable":true,"href":"https:\/\/airportsmokinglounge.com\/tr\/wp-json\/wp\/v2\/comments?post=224"}],"version-history":[{"count":10,"href":"https:\/\/airportsmokinglounge.com\/tr\/wp-json\/wp\/v2\/pages\/224\/revisions"}],"predecessor-version":[{"id":5645,"href":"https:\/\/airportsmokinglounge.com\/tr\/wp-json\/wp\/v2\/pages\/224\/revisions\/5645"}],"wp:featuredmedia":[{"embeddable":true,"href":"https:\/\/airportsmokinglounge.com\/tr\/wp-json\/wp\/v2\/media\/1199"}],"wp:attachment":[{"href":"https:\/\/airportsmokinglounge.com\/tr\/wp-json\/wp\/v2\/media?parent=224"}],"curies":[{"name":"wp","href":"https:\/\/api.w.org\/{rel}","templated":true}]}}