{"id":2400,"date":"2023-04-13T10:47:45","date_gmt":"2023-04-13T08:47:45","guid":{"rendered":"https:\/\/airportsmokinglounge.com\/?page_id=2400"},"modified":"2023-05-16T12:37:42","modified_gmt":"2023-05-16T10:37:42","slug":"smoking-areas-at-doha-hamad-international-airport-doh","status":"publish","type":"page","link":"https:\/\/airportsmokinglounge.com\/tr\/doha-hamad-uluslararasi-havaalaninda-doh-sigara-icme-alanlari\/","title":{"rendered":"Doha Hamad Uluslararas\u0131 Havaliman\u0131&#039;ndaki (DOH) sigara i\u00e7ilebilen alanlar"},"content":{"rendered":"<p>Doha Hamad Uluslararas\u0131 Havaalan\u0131, Katar&#039;\u0131n ba\u015fkenti Doha \u015fehrine hizmet veren ana havaalan\u0131d\u0131r. Doha \u015fehir merkezinin yakla\u015f\u0131k 15 kilometre g\u00fcneydo\u011fusunda yer alan havaliman\u0131, Qatar Airways&#039;in merkezi ve Orta Do\u011fu&#039;ya a\u00e7\u0131lan \u00f6nemli bir kap\u0131 g\u00f6revi g\u00f6r\u00fcyor.<\/p>\n<p>Havaalan\u0131nda birden fazla yemek ve al\u0131\u015fveri\u015f se\u00e7ene\u011fi, dinlenme salonlar\u0131 ve \u00e7e\u015fitli di\u011fer olanaklar dahil olmak \u00fczere son teknoloji olanaklara sahip modern ve ferah bir terminal bulunmaktad\u0131r. Tek bir pisti vard\u0131r ve d\u00fcnyan\u0131n d\u00f6rt bir yan\u0131ndan havayollar\u0131n\u0131n havaliman\u0131na gidi\u015f-d\u00f6n\u00fc\u015f d\u00fczenli seferleri ile \u00e7ok say\u0131da u\u00e7u\u015f ve yolcuyu idare etme kapasitesine sahiptir.<\/p>\n<h2>G\u00fcvenlik Kontrol\u00fc \u00f6ncesi sigara i\u00e7ilen alanlar<\/h2>\n<p><span style=\"font-size: 14pt;\">Sigara i\u00e7ilmesine (elektronik sigara kullan\u0131m\u0131 dahil) yaln\u0131zca terminallerin d\u0131\u015f\u0131ndaki sigara i\u00e7me alanlar\u0131nda izin verilmektedir.<\/span><\/p>\n<h2>G\u00fcvenlik Kontrol\u00fcnden Sonra Sigara \u0130\u00e7ilen Alanlar<\/h2>\n<p><span style=\"font-size: 14pt;\">Terminalin i\u00e7inde sigara i\u00e7me olanaklar\u0131 bulunmaktad\u0131r.<\/span><\/p>\n<ul>\n<li class=\"style8\"><span style=\"font-size: 14pt;\">Yolcu Salonu A: Bulunan Kap\u0131 A 1<\/span><\/li>\n<li class=\"style8\"><span style=\"font-size: 14pt;\">Yolcu Salonu B: Soldaki B 1 Kap\u0131s\u0131&#039;n\u0131n \u00f6n\u00fcnde yer al\u0131r.<\/span><\/li>\n<li class=\"style8\"><span style=\"font-size: 14pt;\">Yolcu Salonu C: C13 Kap\u0131s\u0131ndan \u00f6nce C4 Kap\u0131s\u0131nda yer al\u0131r<\/span><\/li>\n<li class=\"style8\"><span style=\"font-size: 14pt;\">Yolcu Salonu D ve E: D20 Kap\u0131s\u0131n\u0131n Kar\u015f\u0131s\u0131nda, E1 Kap\u0131s\u0131n\u0131n \u00d6ncesinde ve E20 Kap\u0131s\u0131n\u0131n Kar\u015f\u0131s\u0131nda Yer Al\u0131r<\/span><\/li>\n<\/ul>\n<p><img decoding=\"async\" class=\"aligncenter size-full wp-image-4042\" src=\"https:\/\/airportsmokinglounge.com\/wp-content\/uploads\/2023\/04\/Smoking-areas-at-Doha-Hamad-International-Airport-scaled-e1682785109489.jpg\" alt=\"Doha Hamad Uluslararas\u0131 Havaliman\u0131&#039;nda sigara i\u00e7ilebilen alanlar\" width=\"600\" height=\"338\" srcset=\"https:\/\/airportsmokinglounge.com\/wp-content\/uploads\/2023\/04\/Smoking-areas-at-Doha-Hamad-International-Airport-scaled-e1682785109489.jpg 600w, https:\/\/airportsmokinglounge.com\/wp-content\/uploads\/2023\/04\/Smoking-areas-at-Doha-Hamad-International-Airport-scaled-e1682785109489-300x169.jpg 300w\" sizes=\"(max-width: 600px) 100vw, 600px\" \/><\/p>\n<p><img decoding=\"async\" class=\"aligncenter size-full wp-image-4043\" src=\"https:\/\/airportsmokinglounge.com\/wp-content\/uploads\/2023\/04\/IMG_2469-scaled-e1682785156912.jpg\" alt=\"Sigara \u0130\u00e7me Alan\u0131 Doha Havaalan\u0131\" width=\"600\" height=\"338\" srcset=\"https:\/\/airportsmokinglounge.com\/wp-content\/uploads\/2023\/04\/IMG_2469-scaled-e1682785156912.jpg 600w, https:\/\/airportsmokinglounge.com\/wp-content\/uploads\/2023\/04\/IMG_2469-scaled-e1682785156912-300x169.jpg 300w\" sizes=\"(max-width: 600px) 100vw, 600px\" \/><\/p>\n<p><img decoding=\"async\" class=\"aligncenter size-full wp-image-4044\" src=\"https:\/\/airportsmokinglounge.com\/wp-content\/uploads\/2023\/04\/Smoking-Lounge-Doha-Hamad-International-Airport-scaled-e1682785184817.jpg\" alt=\"Sigara \u0130\u00e7me Salonu Doha Hamad Uluslararas\u0131 Havaalan\u0131\" width=\"600\" height=\"338\" srcset=\"https:\/\/airportsmokinglounge.com\/wp-content\/uploads\/2023\/04\/Smoking-Lounge-Doha-Hamad-International-Airport-scaled-e1682785184817.jpg 600w, https:\/\/airportsmokinglounge.com\/wp-content\/uploads\/2023\/04\/Smoking-Lounge-Doha-Hamad-International-Airport-scaled-e1682785184817-300x169.jpg 300w\" sizes=\"(max-width: 600px) 100vw, 600px\" \/><\/p>\n<p><span style=\"font-size: 14pt;\">Resmi Web Sitesinde Daha Fazla Bilgi<\/span><\/p>\n<ul>\n<li><a href=\"https:\/\/dohahamadairport.com\/\" target=\"_blank\" rel=\"noopener\">www.dohahamadairport.com<\/a><\/li>\n<\/ul>\n<p><strong><span style=\"font-size: 14pt;\">Bize geri bildirim g\u00f6nderin<\/span><\/strong><\/p>\n<p><span style=\"font-size: 14pt;\">Doha Havaalan\u0131ndaysan\u0131z, bize sigara i\u00e7ilen alanlar\u0131n foto\u011fraflar\u0131n\u0131 g\u00f6nderebilirsiniz. Bu, veritaban\u0131m\u0131z\u0131 daha h\u0131zl\u0131 doldurmam\u0131za yard\u0131mc\u0131 olacakt\u0131r. Bunu yapabilirsiniz <strong><a href=\"https:\/\/airportsmokinglounge.com\/tr\/temas-etmek\/\">Burada<\/a>.<\/strong> G\u00f6rseller, g\u00f6rsel kayna\u011f\u0131 (isim) belirtilerek sitemizde yay\u0131nlanmaktad\u0131r. Bu resimleri bizimle ve t\u00fcm Airport Smokinglounge.com ziyaret\u00e7ileriyle payla\u015fmaktan \u00e7ekinmeyin.<\/span>.<\/p>\n<h3>Katar Sigara Yasas\u0131<\/h3>\n<p>Katar&#039;da restoranlar, kafeler ve al\u0131\u015fveri\u015f merkezleri de dahil olmak \u00fczere halka a\u00e7\u0131k t\u00fcm kapal\u0131 mekanlarda sigara i\u00e7ilmesini yasaklayan kat\u0131 bir sigara yasas\u0131 bulunmaktad\u0131r. Yasa ayn\u0131 zamanda ofisler, fabrikalar ve ara\u00e7lar da dahil olmak \u00fczere t\u00fcm devlete ait ve devlete ait olmayan i\u015fyerleri i\u00e7in de ge\u00e7erlidir.<\/p>\n<p>Ayr\u0131ca t\u00fct\u00fcn \u00fcr\u00fcnlerinin sat\u0131\u015f\u0131 lisansl\u0131 sat\u0131\u015f noktalar\u0131yla s\u0131n\u0131rl\u0131 olup, 18 ya\u015f alt\u0131 \u00e7ocuklar\u0131n bulundu\u011fu ara\u00e7larda sigara i\u00e7mek de yasakt\u0131r. Kanun ayn\u0131 zamanda Katar&#039;da t\u00fct\u00fcn \u00fcr\u00fcnlerinin reklam ve tan\u0131t\u0131m\u0131n\u0131 da yasakl\u0131yor.<\/p>\n<p>Baz\u0131 yerlerde belirlenmi\u015f a\u00e7\u0131k alanlarda sigara i\u00e7ilmesine, ancak binalar\u0131n giri\u015f ve \u00e7\u0131k\u0131\u015flar\u0131ndan uzak olmak ve yak\u0131ndaki di\u011fer ki\u015filere zarar vermemek gibi belirli kriterleri kar\u015f\u0131lamalar\u0131 ko\u015fuluyla izin veriliyor.<\/p>\n<p>Sigara i\u00e7me yasas\u0131n\u0131 ihlal etmek, tekrarlayan su\u00e7lar i\u00e7in para cezas\u0131 ve hatta hapis cezas\u0131yla sonu\u00e7lanabilir. Katar&#039;\u0131n bir \u0130slam \u00fclkesi oldu\u011funu ve sigaran\u0131n sa\u011fl\u0131\u011fa zararl\u0131 oldu\u011funa inan\u0131ld\u0131\u011f\u0131ndan \u0130slam&#039;da sigaran\u0131n genel olarak tavsiye edilmedi\u011fini de belirtmekte fayda var.<\/p>\n<h3>S\u0131k\u00e7a Sorulan Sorular<\/h3>\n<h4>Havaliman\u0131 sigara i\u00e7me alanlar\u0131 7\/24 a\u00e7\u0131k m\u0131?<\/h4>\n<p>Havaliman\u0131 sigara i\u00e7me alanlar\u0131n\u0131n mevcudiyeti, havaliman\u0131na ve konuma g\u00f6re de\u011fi\u015fiklik g\u00f6sterebilir. Baz\u0131 sigara i\u00e7me alanlar\u0131 24 saat a\u00e7\u0131kken, baz\u0131lar\u0131nda k\u0131s\u0131tl\u0131 saatler olabilir veya belirli saatlerde kapal\u0131 olabilir. Sigara i\u00e7me alan\u0131n\u0131n \u00e7al\u0131\u015fma saatleri hakk\u0131nda \u00f6zel bilgi i\u00e7in havaalan\u0131na dan\u0131\u015fmak veya web sitelerini ziyaret etmek en iyisidir.<\/p>\n<h4>Sigara i\u00e7me alan\u0131na kendi yiyecek ve i\u00e7eceklerimi getirmeme izin verilir mi?<\/h4>\n<p>Bu, belirli sigara i\u00e7me alan\u0131na ve havaalan\u0131na ba\u011fl\u0131 olabilir. Baz\u0131 sigara i\u00e7me alanlar\u0131 d\u0131\u015far\u0131dan yiyecek ve i\u00e7eceklere izin verirken, baz\u0131lar\u0131nda k\u0131s\u0131tlamalar olabilir veya tamamen yasak olabilir. Belirli kurallar ve y\u00f6netmelikler i\u00e7in havaalan\u0131na veya sigara i\u00e7ilen alan tabelas\u0131na bakmak en iyisidir.<\/p>\n<h4>Havaliman\u0131ndaki t\u00fcm sigara i\u00e7ilen alanlarda sigara i\u00e7ilebilir mi?<\/h4>\n<p>Havaalan\u0131 sigara i\u00e7ilen alanlar\u0131n t\u00fcm\u00fc sigara i\u00e7ilmesine izin vermeyebilir. Baz\u0131 havalimanlar\u0131nda, geleneksel sigara i\u00e7me alanlar\u0131ndan ayr\u0131 elektronik sigara veya elektronik sigara i\u00e7in belirlenmi\u015f alanlar olabilir. Kullanmay\u0131 planlad\u0131\u011f\u0131n\u0131z sigara i\u00e7me alan\u0131 i\u00e7in \u00f6zel kural ve d\u00fczenlemeleri kontrol etti\u011finizden emin olun.<\/p>\n<h4>Sigara i\u00e7ilen alanlar klimal\u0131 m\u0131 yoksa \u0131s\u0131tmal\u0131 m\u0131?<\/h4>\n<p>Havaalan\u0131 sigara i\u00e7me alanlar\u0131n\u0131n s\u0131cakl\u0131\u011f\u0131 ve havaland\u0131rmas\u0131 b\u00fcy\u00fck \u00f6l\u00e7\u00fcde de\u011fi\u015febilir. Baz\u0131lar\u0131 klimal\u0131 veya \u0131s\u0131tmal\u0131 olabilirken, di\u011ferleri d\u0131\u015f etkenlerden s\u0131n\u0131rl\u0131 korumaya sahip a\u00e7\u0131k hava alanlar\u0131 olabilir. Ko\u015fullar\u0131 belirlemek ve buna g\u00f6re haz\u0131rlanmak i\u00e7in \u00f6nceden havaalan\u0131na dan\u0131\u015ft\u0131\u011f\u0131n\u0131zdan veya sigara i\u00e7me alan\u0131n\u0131 ziyaret etti\u011finizden emin olun.<\/p>\n<h4>Sigara i\u00e7ilen alanlar engelli yolcular i\u00e7in eri\u015filebilir mi?<\/h4>\n<p>Bir\u00e7ok havaalan\u0131, sigara i\u00e7me alanlar\u0131n\u0131 engelli yolcular\u0131n eri\u015fimine uygun hale getirmek i\u00e7in \u00e7aba sarf etmi\u015ftir. Ancak, belirli sigara i\u00e7me alanlar\u0131n\u0131n eri\u015filebilirli\u011fi b\u00fcy\u00fck \u00f6l\u00e7\u00fcde de\u011fi\u015febilir. Eri\u015filebilir olup olmad\u0131\u011f\u0131n\u0131 ve ihtiya\u00e7lar\u0131n\u0131z\u0131 kar\u015f\u0131lay\u0131p kar\u015f\u0131lamad\u0131\u011f\u0131n\u0131 belirlemek i\u00e7in havaalan\u0131na dan\u0131\u015ft\u0131\u011f\u0131n\u0131zdan veya sigara i\u00e7me alan\u0131n\u0131 \u00f6nceden ziyaret etti\u011finizden emin olun.<\/p>\n<p><span style=\"font-size: 14pt;\"><strong>Sigara i\u00e7ilen alanlar:<\/strong><\/span><\/p>\n<ul>\n<li><a href=\"https:\/\/airportsmokinglounge.com\/tr\/asyadaki-havaalanlarinda-sigara-icmek\/\"><span style=\"font-size: 14pt;\">Asya havaalanlar\u0131<\/span><\/a><\/li>\n<\/ul>","protected":false},"excerpt":{"rendered":"<p>Doha Hamad Uluslararas\u0131 Havaalan\u0131, Katar&#039;\u0131n ba\u015fkenti Doha \u015fehrine hizmet veren ana havaalan\u0131d\u0131r. Doha \u015fehir merkezinin yakla\u015f\u0131k 15 kilometre g\u00fcneydo\u011fusunda bulunan havaalan\u0131, Qatar Airways i\u00e7in bir merkezdir ve Orta Do\u011fu&#039;ya a\u00e7\u0131lan \u00f6nemli bir kap\u0131 g\u00f6revi g\u00f6rmektedir. Havaalan\u0131, son teknoloji olanaklara sahip modern ve geni\u015f bir terminale sahiptir; bunlara\u2026&nbsp;<a href=\"https:\/\/airportsmokinglounge.com\/tr\/doha-hamad-uluslararasi-havaalaninda-doh-sigara-icme-alanlari\/\" rel=\"bookmark\">Devam\u0131n\u0131 oku &quot;<span class=\"screen-reader-text\">Doha Hamad Uluslararas\u0131 Havaliman\u0131&#039;ndaki (DOH) sigara i\u00e7ilebilen alanlar<\/span><\/a><\/p>","protected":false},"author":1,"featured_media":1199,"parent":0,"menu_order":0,"comment_status":"closed","ping_status":"closed","template":"","meta":{"neve_meta_sidebar":"","neve_meta_container":"","neve_meta_enable_content_width":"off","neve_meta_content_width":100,"neve_meta_title_alignment":"","neve_meta_author_avatar":"","neve_post_elements_order":"","neve_meta_disable_header":"","neve_meta_disable_footer":"","neve_meta_disable_title":"","neve_meta_reading_time":"","footnotes":""},"class_list":["post-2400","page","type-page","status-publish","has-post-thumbnail","hentry"],"yoast_head":"<!-- This site is optimized with the Yoast SEO plugin v26.6 - https:\/\/yoast.com\/wordpress\/plugins\/seo\/ -->\n<title>Smoking areas at Doha Hamad International Airport (DOH)<\/title>\n<meta name=\"description\" content=\"Smoking areas Doha Hamad International Airport - Find a smoking area in the airport \u2714\ufe0e Smoking Guide in Airports for Travelers \u2714\ufe0e\" \/>\n<meta name=\"robots\" content=\"index, follow, max-snippet:-1, max-image-preview:large, max-video-preview:-1\" \/>\n<link rel=\"canonical\" href=\"https:\/\/airportsmokinglounge.com\/tr\/doha-hamad-uluslararasi-havaalaninda-doh-sigara-icme-alanlari\/\" \/>\n<meta property=\"og:locale\" content=\"tr_TR\" \/>\n<meta property=\"og:type\" content=\"article\" \/>\n<meta property=\"og:title\" content=\"Smoking areas at Doha Hamad International Airport (DOH)\" \/>\n<meta property=\"og:description\" content=\"Smoking areas Doha Hamad International Airport - Find a smoking area in the airport \u2714\ufe0e Smoking Guide in Airports for Travelers \u2714\ufe0e\" \/>\n<meta property=\"og:url\" content=\"https:\/\/airportsmokinglounge.com\/tr\/doha-hamad-uluslararasi-havaalaninda-doh-sigara-icme-alanlari\/\" \/>\n<meta property=\"og:site_name\" content=\"airportsmokinglounge.com\" \/>\n<meta property=\"article:modified_time\" content=\"2023-05-16T10:37:42+00:00\" \/>\n<meta property=\"og:image\" content=\"https:\/\/airportsmokinglounge.com\/wp-content\/uploads\/2023\/03\/airport-smoking-lounge-4.jpg\" \/>\n\t<meta property=\"og:image:width\" content=\"2048\" \/>\n\t<meta property=\"og:image:height\" content=\"1152\" \/>\n\t<meta property=\"og:image:type\" content=\"image\/jpeg\" \/>\n<meta name=\"twitter:card\" content=\"summary_large_image\" \/>\n<meta name=\"twitter:label1\" content=\"Tahmini okuma s\u00fcresi\" \/>\n\t<meta name=\"twitter:data1\" content=\"4 dakika\" \/>\n<script type=\"application\/ld+json\" class=\"yoast-schema-graph\">{\"@context\":\"https:\/\/schema.org\",\"@graph\":[{\"@type\":\"WebPage\",\"@id\":\"https:\/\/airportsmokinglounge.com\/smoking-areas-at-doha-hamad-international-airport-doh\/\",\"url\":\"https:\/\/airportsmokinglounge.com\/smoking-areas-at-doha-hamad-international-airport-doh\/\",\"name\":\"Smoking areas at Doha Hamad International Airport (DOH)\",\"isPartOf\":{\"@id\":\"https:\/\/airportsmokinglounge.com\/#website\"},\"primaryImageOfPage\":{\"@id\":\"https:\/\/airportsmokinglounge.com\/smoking-areas-at-doha-hamad-international-airport-doh\/#primaryimage\"},\"image\":{\"@id\":\"https:\/\/airportsmokinglounge.com\/smoking-areas-at-doha-hamad-international-airport-doh\/#primaryimage\"},\"thumbnailUrl\":\"https:\/\/airportsmokinglounge.com\/wp-content\/uploads\/2023\/03\/airport-smoking-lounge-4.jpg\",\"datePublished\":\"2023-04-13T08:47:45+00:00\",\"dateModified\":\"2023-05-16T10:37:42+00:00\",\"description\":\"Smoking areas Doha Hamad International Airport - Find a smoking area in the airport \u2714\ufe0e Smoking Guide in Airports for Travelers \u2714\ufe0e\",\"breadcrumb\":{\"@id\":\"https:\/\/airportsmokinglounge.com\/smoking-areas-at-doha-hamad-international-airport-doh\/#breadcrumb\"},\"inLanguage\":\"tr\",\"potentialAction\":[{\"@type\":\"ReadAction\",\"target\":[\"https:\/\/airportsmokinglounge.com\/smoking-areas-at-doha-hamad-international-airport-doh\/\"]}]},{\"@type\":\"ImageObject\",\"inLanguage\":\"tr\",\"@id\":\"https:\/\/airportsmokinglounge.com\/smoking-areas-at-doha-hamad-international-airport-doh\/#primaryimage\",\"url\":\"https:\/\/airportsmokinglounge.com\/wp-content\/uploads\/2023\/03\/airport-smoking-lounge-4.jpg\",\"contentUrl\":\"https:\/\/airportsmokinglounge.com\/wp-content\/uploads\/2023\/03\/airport-smoking-lounge-4.jpg\",\"width\":2048,\"height\":1152,\"caption\":\"Airport Smoking\"},{\"@type\":\"BreadcrumbList\",\"@id\":\"https:\/\/airportsmokinglounge.com\/smoking-areas-at-doha-hamad-international-airport-doh\/#breadcrumb\",\"itemListElement\":[{\"@type\":\"ListItem\",\"position\":1,\"name\":\"Home\",\"item\":\"https:\/\/airportsmokinglounge.com\/\"},{\"@type\":\"ListItem\",\"position\":2,\"name\":\"Smoking areas at Doha Hamad International Airport (DOH)\"}]},{\"@type\":\"WebSite\",\"@id\":\"https:\/\/airportsmokinglounge.com\/#website\",\"url\":\"https:\/\/airportsmokinglounge.com\/\",\"name\":\"airportsmokinglounge.com\",\"description\":\"\",\"potentialAction\":[{\"@type\":\"SearchAction\",\"target\":{\"@type\":\"EntryPoint\",\"urlTemplate\":\"https:\/\/airportsmokinglounge.com\/?s={search_term_string}\"},\"query-input\":{\"@type\":\"PropertyValueSpecification\",\"valueRequired\":true,\"valueName\":\"search_term_string\"}}],\"inLanguage\":\"tr\"}]}<\/script>\n<!-- \/ Yoast SEO plugin. -->","yoast_head_json":{"title":"Doha Hamad Uluslararas\u0131 Havaliman\u0131&#039;ndaki (DOH) sigara i\u00e7ilebilen alanlar","description":"Sigara i\u00e7ilen alanlar Doha Hamad Uluslararas\u0131 Havaalan\u0131 - Havaalan\u0131nda sigara i\u00e7ilebilen bir alan bulun \u2714\ufe0e Gezginler i\u00e7in Havalimanlar\u0131nda Sigara \u0130\u00e7me Rehberi \u2714\ufe0e","robots":{"index":"index","follow":"follow","max-snippet":"max-snippet:-1","max-image-preview":"max-image-preview:large","max-video-preview":"max-video-preview:-1"},"canonical":"https:\/\/airportsmokinglounge.com\/tr\/doha-hamad-uluslararasi-havaalaninda-doh-sigara-icme-alanlari\/","og_locale":"tr_TR","og_type":"article","og_title":"Smoking areas at Doha Hamad International Airport (DOH)","og_description":"Smoking areas Doha Hamad International Airport - Find a smoking area in the airport \u2714\ufe0e Smoking Guide in Airports for Travelers \u2714\ufe0e","og_url":"https:\/\/airportsmokinglounge.com\/tr\/doha-hamad-uluslararasi-havaalaninda-doh-sigara-icme-alanlari\/","og_site_name":"airportsmokinglounge.com","article_modified_time":"2023-05-16T10:37:42+00:00","og_image":[{"width":2048,"height":1152,"url":"https:\/\/airportsmokinglounge.com\/wp-content\/uploads\/2023\/03\/airport-smoking-lounge-4.jpg","type":"image\/jpeg"}],"twitter_card":"summary_large_image","twitter_misc":{"Tahmini okuma s\u00fcresi":"4 dakika"},"schema":{"@context":"https:\/\/schema.org","@graph":[{"@type":"WebPage","@id":"https:\/\/airportsmokinglounge.com\/smoking-areas-at-doha-hamad-international-airport-doh\/","url":"https:\/\/airportsmokinglounge.com\/smoking-areas-at-doha-hamad-international-airport-doh\/","name":"Doha Hamad Uluslararas\u0131 Havaliman\u0131&#039;ndaki (DOH) sigara i\u00e7ilebilen alanlar","isPartOf":{"@id":"https:\/\/airportsmokinglounge.com\/#website"},"primaryImageOfPage":{"@id":"https:\/\/airportsmokinglounge.com\/smoking-areas-at-doha-hamad-international-airport-doh\/#primaryimage"},"image":{"@id":"https:\/\/airportsmokinglounge.com\/smoking-areas-at-doha-hamad-international-airport-doh\/#primaryimage"},"thumbnailUrl":"https:\/\/airportsmokinglounge.com\/wp-content\/uploads\/2023\/03\/airport-smoking-lounge-4.jpg","datePublished":"2023-04-13T08:47:45+00:00","dateModified":"2023-05-16T10:37:42+00:00","description":"Sigara i\u00e7ilen alanlar Doha Hamad Uluslararas\u0131 Havaalan\u0131 - Havaalan\u0131nda sigara i\u00e7ilebilen bir alan bulun \u2714\ufe0e Gezginler i\u00e7in Havalimanlar\u0131nda Sigara \u0130\u00e7me Rehberi \u2714\ufe0e","breadcrumb":{"@id":"https:\/\/airportsmokinglounge.com\/smoking-areas-at-doha-hamad-international-airport-doh\/#breadcrumb"},"inLanguage":"tr","potentialAction":[{"@type":"ReadAction","target":["https:\/\/airportsmokinglounge.com\/smoking-areas-at-doha-hamad-international-airport-doh\/"]}]},{"@type":"ImageObject","inLanguage":"tr","@id":"https:\/\/airportsmokinglounge.com\/smoking-areas-at-doha-hamad-international-airport-doh\/#primaryimage","url":"https:\/\/airportsmokinglounge.com\/wp-content\/uploads\/2023\/03\/airport-smoking-lounge-4.jpg","contentUrl":"https:\/\/airportsmokinglounge.com\/wp-content\/uploads\/2023\/03\/airport-smoking-lounge-4.jpg","width":2048,"height":1152,"caption":"Airport Smoking"},{"@type":"BreadcrumbList","@id":"https:\/\/airportsmokinglounge.com\/smoking-areas-at-doha-hamad-international-airport-doh\/#breadcrumb","itemListElement":[{"@type":"ListItem","position":1,"name":"Home","item":"https:\/\/airportsmokinglounge.com\/"},{"@type":"ListItem","position":2,"name":"Smoking areas at Doha Hamad International Airport (DOH)"}]},{"@type":"WebSite","@id":"https:\/\/airportsmokinglounge.com\/#website","url":"https:\/\/airportsmokinglounge.com\/","name":"havaalan\u0131sigara salonu.com","description":"","potentialAction":[{"@type":"SearchAction","target":{"@type":"EntryPoint","urlTemplate":"https:\/\/airportsmokinglounge.com\/?s={search_term_string}"},"query-input":{"@type":"PropertyValueSpecification","valueRequired":true,"valueName":"search_term_string"}}],"inLanguage":"tr"}]}},"_links":{"self":[{"href":"https:\/\/airportsmokinglounge.com\/tr\/wp-json\/wp\/v2\/pages\/2400","targetHints":{"allow":["GET"]}}],"collection":[{"href":"https:\/\/airportsmokinglounge.com\/tr\/wp-json\/wp\/v2\/pages"}],"about":[{"href":"https:\/\/airportsmokinglounge.com\/tr\/wp-json\/wp\/v2\/types\/page"}],"author":[{"embeddable":true,"href":"https:\/\/airportsmokinglounge.com\/tr\/wp-json\/wp\/v2\/users\/1"}],"replies":[{"embeddable":true,"href":"https:\/\/airportsmokinglounge.com\/tr\/wp-json\/wp\/v2\/comments?post=2400"}],"version-history":[{"count":9,"href":"https:\/\/airportsmokinglounge.com\/tr\/wp-json\/wp\/v2\/pages\/2400\/revisions"}],"predecessor-version":[{"id":5240,"href":"https:\/\/airportsmokinglounge.com\/tr\/wp-json\/wp\/v2\/pages\/2400\/revisions\/5240"}],"wp:featuredmedia":[{"embeddable":true,"href":"https:\/\/airportsmokinglounge.com\/tr\/wp-json\/wp\/v2\/media\/1199"}],"wp:attachment":[{"href":"https:\/\/airportsmokinglounge.com\/tr\/wp-json\/wp\/v2\/media?parent=2400"}],"curies":[{"name":"wp","href":"https:\/\/api.w.org\/{rel}","templated":true}]}}