{"id":25,"date":"2023-02-12T19:36:00","date_gmt":"2023-02-12T18:36:00","guid":{"rendered":"https:\/\/airportsmokinglounge.com\/?page_id=25"},"modified":"2023-05-21T21:41:35","modified_gmt":"2023-05-21T19:41:35","slug":"smoking-at-airports-in-africa","status":"publish","type":"page","link":"https:\/\/airportsmokinglounge.com\/tr\/afrikada-havaalanlarinda-sigara-icmek\/","title":{"rendered":"Afrika&#039;daki havalimanlar\u0131nda sigara i\u00e7mek"},"content":{"rendered":"<p><span style=\"font-size: 14pt;\">Bu web sitesinde, belirlenmi\u015f sigara i\u00e7me alanlar\u0131 ve mevcut tesisler de dahil olmak \u00fczere Afrika havalimanlar\u0131ndaki t\u00fcm sigara i\u00e7me alanlar\u0131n\u0131 bulabilirsiniz. G\u00fcvenlikten ge\u00e7erken hi\u00e7bir yerde sigara i\u00e7ilen alan olmad\u0131\u011f\u0131n\u0131 ve baz\u0131 durumlarda e-sigaraya izin verilemeyece\u011fini \u00f6\u011frenmenin yaratt\u0131\u011f\u0131 hayal k\u0131r\u0131kl\u0131\u011f\u0131n\u0131 anl\u0131yoruz. <\/span><\/p>\n<p><span style=\"font-size: 14pt;\">Bu hizmet, uzun u\u00e7u\u015flardan \u00f6nce veya sonra sigara keyfi yapmak isteyen t\u00fcm sigara i\u00e7enler i\u00e7indir.<\/span><\/p>\n<h2>Afrika havaalanlar\u0131nda sigara i\u00e7ilen alanlar<\/h2>\n<p><strong><span style=\"font-size: 14pt;\">\u00dclkenizi se\u00e7in:<\/span><\/strong><\/p>\n<ul style=\"list-style-type: circle;\">\n<li><a href=\"https:\/\/airportsmokinglounge.com\/tr\/cezayir-in-havaalanlarinda-sigara-icmek\/\">CEZAY\u0130R<\/a><\/li>\n<li><a href=\"https:\/\/airportsmokinglounge.com\/tr\/angola-havaalanlarindaki-sigara-icilebilen-alanlar\/\">ANGOLA<\/a><\/li>\n<li><a href=\"https:\/\/airportsmokinglounge.com\/tr\/botsvana-havaalanlarindaki-sigara-icilebilen-alanlar\/\">BOTSVANA<\/a><\/li>\n<li><a href=\"https:\/\/airportsmokinglounge.com\/tr\/kamerun-havalimanlarinda-sigara-icilen-alanlar\/\">KAMERUN<\/a><em>\u00a0<\/em><\/li>\n<li><a href=\"https:\/\/airportsmokinglounge.com\/tr\/cape-verde-havalimanlarindaki-sigara-icme-alanlari\/\">Ye\u015fil Burun Adalar\u0131<\/a><\/li>\n<li><a href=\"https:\/\/airportsmokinglounge.com\/tr\/sigara-icme-alanlari-bangui-mpoko-uluslararasi-havalimani-bgf\/\">ORTA AFR\u0130KA CUMHUR\u0130YET\u0130<\/a><\/li>\n<li><a href=\"https:\/\/airportsmokinglounge.com\/tr\/kinshasa-ndjili-uluslararasi-havaalaninda-fih-sigara-icme-alanlari\/\">KONGO DEMOKRAT\u0130K CUMHUR\u0130YET\u0130<\/a><\/li>\n<li><a href=\"https:\/\/airportsmokinglounge.com\/tr\/cibuti-ambouli-havaalani-jibde-sigara-icme-alanlari\/\">Cibuti<\/a><em>\u00a0<\/em><\/li>\n<li><a href=\"https:\/\/airportsmokinglounge.com\/tr\/misir-havalimanlarindaki-sigara-icme-alanlari\/\">MISIR<\/a><\/li>\n<li><a href=\"https:\/\/airportsmokinglounge.com\/tr\/etiyopya-havalimanlarindaki-sigara-icme-alanlari\/\">ET\u0130YOPYA<\/a><\/li>\n<li><a href=\"https:\/\/airportsmokinglounge.com\/tr\/libreville-uluslararasi-havaalaninda-lbvde-sigara-icilen-alanlar\/\">GABON<\/a><\/li>\n<li><a href=\"https:\/\/airportsmokinglounge.com\/tr\/banjul-uluslararasi-havaalaninda-bjl-sigara-icme-alanlari\/\">GAMB\u0130YA<\/a><\/li>\n<li><a href=\"https:\/\/airportsmokinglounge.com\/tr\/accra-kotoka-uluslararasi-havaalani-accda-sigara-icme-alanlari\/\">GANA<\/a><\/li>\n<li><a href=\"https:\/\/airportsmokinglounge.com\/tr\/abidjan-port-bouet-havaalaninda-sigara-icilen-alanlar-abj\/\">F\u0130LD\u0130\u015e\u0130 SAH\u0130L\u0130<\/a><em>\u00a0<\/em><\/li>\n<li><a href=\"https:\/\/airportsmokinglounge.com\/tr\/kenyas-havalimanlarindaki-sigara-icme-alanlari\/\">KENYA<\/a><em>\u00a0<\/em><\/li>\n<li><a href=\"https:\/\/airportsmokinglounge.com\/tr\/madagaskardaki-sigara-icilebilen-alanlar-havaalanlari\/\">MADAGASKAR<\/a><\/li>\n<li><a href=\"https:\/\/airportsmokinglounge.com\/tr\/mali-havalimanlarindaki-sigara-icme-alanlari\/\">MAL\u0130<\/a><\/li>\n<li><a href=\"https:\/\/airportsmokinglounge.com\/tr\/port-louis-uluslararasi-havaalani-mruda-sigara-icme-alanlari\/\">Mauritius<\/a><em>\u00a0<\/em><\/li>\n<li><a href=\"https:\/\/airportsmokinglounge.com\/tr\/fas-havalimanlarinda-sigara-icilen-alanlar\/\">FAS<\/a><\/li>\n<li><a href=\"https:\/\/airportsmokinglounge.com\/tr\/mozambikteki-sigara-icilebilen-alanlar-havaalanlari\/\">MOZAMB\u0130K<\/a><\/li>\n<li><a href=\"https:\/\/airportsmokinglounge.com\/tr\/nijeryadaki-havalimanlarindaki-sigara-icme-alanlari\/\">N\u0130JERYA<\/a><\/li>\n<li><a href=\"https:\/\/airportsmokinglounge.com\/tr\/namibya-havaalanlarinda-sigara-alanlari\/\">NAM\u0130BYA<\/a><\/li>\n<li><a href=\"https:\/\/airportsmokinglounge.com\/tr\/ruandadaki-havaalanlarindaki-sigara-icme-alanlari\/\">RUANDA<\/a><\/li>\n<li><a href=\"https:\/\/airportsmokinglounge.com\/tr\/freetown-uluslararasi-havalimaninda-fna-sigara-icme-alanlari\/\">SIERRA LEONE<\/a><\/li>\n<li><a href=\"https:\/\/airportsmokinglounge.com\/tr\/liberya-havalimanlarindaki-sigara-icme-alanlari\/\">L\u0130BERYA<\/a><\/li>\n<li><a href=\"https:\/\/airportsmokinglounge.com\/tr\/senegal-havalimanlarinda-sigara-icilen-alanlar\/\">SENEGAL<\/a><\/li>\n<li><a href=\"https:\/\/airportsmokinglounge.com\/tr\/somalilerde-sigara-icilen-alanlar-havaalanlari\/\"><span class=\"auto-style3\">SOMAL\u0130<\/span><\/a><\/li>\n<li><a href=\"https:\/\/airportsmokinglounge.com\/tr\/guney-afrika-havalimanlarindaki-sigara-icme-alanlari\/\">G\u00dcNEY AFR\u0130KA<\/a><\/li>\n<li><a href=\"https:\/\/airportsmokinglounge.com\/tr\/sudanda-sigara-icilen-alanlar\/\">SUDAN<\/a><\/li>\n<li><a href=\"https:\/\/airportsmokinglounge.com\/tr\/tanzanya-havalimanlarindaki-sigara-icme-alanlari\/\">TANZANYA<\/a><\/li>\n<li><a href=\"https:\/\/airportsmokinglounge.com\/tr\/tunus-havaalanlarinda-sigara-icilen-alanlar\/\">TUNUS<\/a><\/li>\n<li><a href=\"https:\/\/airportsmokinglounge.com\/tr\/uganda-havalimanlarindaki-sigara-icme-alanlari\/\">UGANDA<\/a><\/li>\n<li><a href=\"https:\/\/airportsmokinglounge.com\/tr\/zambiya-havaalanlarinda-sigara-icilebilen-alanlar\/\">ZAMB\u0130YA<\/a><\/li>\n<li><a href=\"https:\/\/airportsmokinglounge.com\/tr\/zimbabwes-havalimanlarindaki-sigara-icme-alanlari\/\">Z\u0130MBABVE<\/a><\/li>\n<\/ul>\n<h2>Afrika Havaliman\u0131 Sigara \u0130\u00e7enler Servisi<\/h2>\n<p><span style=\"font-size: 14pt;\">Afrika havalimanlar\u0131nda sigara i\u00e7mek, \u00e7e\u015fitli sigara yasa\u011f\u0131 d\u00fczenlemelerinden, k\u00fclt\u00fcrel normlardan ve sa\u011fl\u0131k sorunlar\u0131ndan etkilenen bir konudur. Farkl\u0131 \u00fclke ve b\u00f6lgelerin yer ald\u0131\u011f\u0131 \u00e7ok \u00e7e\u015fitli bir k\u0131ta olan Afrika, havaalan\u0131nda sigara i\u00e7me konusunda e\u015fsiz bir manzara sunuyor.<\/span><\/p>\n<p><span style=\"font-size: 14pt;\">Baz\u0131 Afrika \u00fclkelerinde sigara i\u00e7mek hala yayg\u0131n olarak kabul edilmektedir ve bir\u00e7ok havaalan\u0131nda belirlenmi\u015f sigara i\u00e7me alanlar\u0131 bulunmaktad\u0131r. Bu sigara i\u00e7me alanlar\u0131, ana terminal binas\u0131ndan uzakta, a\u00e7\u0131k alanlarda konumland\u0131r\u0131labilir ve sigara i\u00e7enler i\u00e7in k\u00fcl tablalar\u0131, koltuklar ve s\u0131\u011f\u0131naklar ile donat\u0131labilir. <\/span><\/p>\n<p><span style=\"font-size: 14pt;\">Ancak, belirlenmi\u015f bu sigara i\u00e7me alanlar\u0131n\u0131n mevcudiyeti ve kalitesinin havaalan\u0131ndan havaalan\u0131na \u00f6nemli \u00f6l\u00e7\u00fcde de\u011fi\u015febilece\u011fini ve sigara i\u00e7en seyahat edenlerin beklentilerini her zaman kar\u015f\u0131lamayabilece\u011fini unutmamak \u00f6nemlidir.<\/span><\/p>\n<p><span style=\"font-size: 14pt;\">\u00d6te yandan havalimanlar\u0131nda sigara i\u00e7menin s\u0131k\u0131 bir \u015fekilde d\u00fczenlendi\u011fi ve t\u00fcm kapal\u0131 ve a\u00e7\u0131k alanlarda sigara i\u00e7menin yasak oldu\u011fu Afrika \u00fclkeleri de var. Bu, sigara i\u00e7en yolcular\u0131n havaalan\u0131 tesislerinde sigara i\u00e7mek i\u00e7in uygun yerler bulmakta zorluk \u00e7ekebilece\u011fi ve yerel yasalar\u0131n izin vermesi halinde sigara i\u00e7mek i\u00e7in havaalan\u0131 tesislerini terk etmeleri gerekebilece\u011fi anlam\u0131na gelir.<\/span><\/p>\n<p><span style=\"font-size: 14pt;\">Afrika&#039;daki bir havaalan\u0131nda sigara i\u00e7me alan\u0131 bulmak i\u00e7in ihtiyac\u0131n\u0131z olan t\u00fcm bilgileri burada bulabilirsiniz.<\/span><\/p>\n<h3><span style=\"font-size: 14pt;\">Bize geri bildirim g\u00f6nderin<\/span><\/h3>\n<p><span style=\"font-size: 14pt;\">Afrika&#039;daki herhangi bir Havaalan\u0131ndaysan\u0131z, bize sigara i\u00e7ilen alanlar\u0131n foto\u011fraflar\u0131n\u0131 g\u00f6nderebilirsiniz. Bu, veritaban\u0131m\u0131z\u0131 daha h\u0131zl\u0131 doldurmam\u0131za yard\u0131mc\u0131 olacakt\u0131r. Bunu yapabilirsiniz <strong><a href=\"https:\/\/airportsmokinglounge.com\/tr\/temas-etmek\/\">Burada<\/a>.<\/strong>\u00a0G\u00f6rseller, g\u00f6rsel kayna\u011f\u0131 (isim) belirtilerek sitemizde yay\u0131nlanmaktad\u0131r. Bu resimleri bizimle ve t\u00fcm Airport Smokinglounge.com ziyaret\u00e7ileriyle payla\u015fmaktan \u00e7ekinmeyin.<\/span><\/p>\n<p><strong><span style=\"font-size: 14pt;\">Daha fazla Havaalan\u0131 Sigara i\u00e7ilen alan\u00a0<\/span><\/strong><\/p>\n<ul style=\"list-style-type: circle;\">\n<li><a href=\"https:\/\/airportsmokinglounge.com\/tr\/kuzey-amerikanin-havaalanlarinda-sigara-icmek\/\">Kuzey Amerika<\/a><\/li>\n<li><a href=\"https:\/\/airportsmokinglounge.com\/tr\/guney-amerika-havaalanlarinda-sigara-icilmesi\/\">G\u00fcney Amerika<\/a><\/li>\n<li><a href=\"https:\/\/airportsmokinglounge.com\/tr\/avrupa-havalimanlarindaki-sigara-icme-alanlari\/\">Avrupa<\/a><\/li>\n<li><a href=\"https:\/\/airportsmokinglounge.com\/tr\/asyadaki-havaalanlarinda-sigara-icmek\/\">Asya<\/a><\/li>\n<li><a href=\"https:\/\/airportsmokinglounge.com\/tr\/okyanusya-havalimanlarinda-sigara-icmek\/\">Okyanusya<\/a><\/li>\n<\/ul>","protected":false},"excerpt":{"rendered":"<p>Bu web sitesinde, belirlenmi\u015f sigara i\u00e7me alanlar\u0131 ve mevcut tesisler de dahil olmak \u00fczere, Afrika havalimanlar\u0131ndaki t\u00fcm sigara i\u00e7me alanlar\u0131n\u0131 bulabilirsiniz. G\u00fcvenlikten ge\u00e7erken hi\u00e7bir yerde sigara i\u00e7ilen alan olmad\u0131\u011f\u0131n\u0131 ve baz\u0131 durumlarda e-sigaraya izin verilemeyece\u011fini \u00f6\u011frenmenin yaratt\u0131\u011f\u0131 hayal k\u0131r\u0131kl\u0131\u011f\u0131n\u0131 anl\u0131yoruz. Bu hizmet t\u00fcm sigara i\u00e7enler i\u00e7indir\u2026&nbsp;<a href=\"https:\/\/airportsmokinglounge.com\/tr\/afrikada-havaalanlarinda-sigara-icmek\/\" rel=\"bookmark\">Devam\u0131n\u0131 oku &quot;<span class=\"screen-reader-text\">Afrika&#039;daki havalimanlar\u0131nda sigara i\u00e7mek<\/span><\/a><\/p>","protected":false},"author":1,"featured_media":1202,"parent":0,"menu_order":0,"comment_status":"closed","ping_status":"closed","template":"","meta":{"neve_meta_sidebar":"","neve_meta_container":"","neve_meta_enable_content_width":"off","neve_meta_content_width":100,"neve_meta_title_alignment":"","neve_meta_author_avatar":"","neve_post_elements_order":"","neve_meta_disable_header":"","neve_meta_disable_footer":"","neve_meta_disable_title":"","neve_meta_reading_time":"","footnotes":""},"class_list":["post-25","page","type-page","status-publish","has-post-thumbnail","hentry"],"yoast_head":"<!-- This site is optimized with the Yoast SEO plugin v26.6 - https:\/\/yoast.com\/wordpress\/plugins\/seo\/ -->\n<title>Smoking at airports in Africa - airportsmokinglounge.com<\/title>\n<meta name=\"description\" content=\"Smoking at airports in Africa \u2714\ufe0e A Comprehensive Guide to Smoking Areas and Smoking Policies in Major African Airports \u2714\ufe0e\" \/>\n<meta name=\"robots\" content=\"index, follow, max-snippet:-1, max-image-preview:large, max-video-preview:-1\" \/>\n<link rel=\"canonical\" href=\"https:\/\/airportsmokinglounge.com\/tr\/afrikada-havaalanlarinda-sigara-icmek\/\" \/>\n<meta property=\"og:locale\" content=\"tr_TR\" \/>\n<meta property=\"og:type\" content=\"article\" \/>\n<meta property=\"og:title\" content=\"Smoking at airports in Africa - airportsmokinglounge.com\" \/>\n<meta property=\"og:description\" content=\"Smoking at airports in Africa \u2714\ufe0e A Comprehensive Guide to Smoking Areas and Smoking Policies in Major African Airports \u2714\ufe0e\" \/>\n<meta property=\"og:url\" content=\"https:\/\/airportsmokinglounge.com\/tr\/afrikada-havaalanlarinda-sigara-icmek\/\" \/>\n<meta property=\"og:site_name\" content=\"airportsmokinglounge.com\" \/>\n<meta property=\"article:modified_time\" content=\"2023-05-21T19:41:35+00:00\" \/>\n<meta property=\"og:image\" content=\"https:\/\/airportsmokinglounge.com\/wp-content\/uploads\/2023\/03\/airport-smoking-lounge-7.jpg\" \/>\n\t<meta property=\"og:image:width\" content=\"2048\" \/>\n\t<meta property=\"og:image:height\" content=\"1152\" \/>\n\t<meta property=\"og:image:type\" content=\"image\/jpeg\" \/>\n<meta name=\"twitter:card\" content=\"summary_large_image\" \/>\n<meta name=\"twitter:label1\" content=\"Tahmini okuma s\u00fcresi\" \/>\n\t<meta name=\"twitter:data1\" content=\"2 dakika\" \/>\n<script type=\"application\/ld+json\" class=\"yoast-schema-graph\">{\"@context\":\"https:\/\/schema.org\",\"@graph\":[{\"@type\":\"WebPage\",\"@id\":\"https:\/\/airportsmokinglounge.com\/smoking-at-airports-in-africa\/\",\"url\":\"https:\/\/airportsmokinglounge.com\/smoking-at-airports-in-africa\/\",\"name\":\"Smoking at airports in Africa - airportsmokinglounge.com\",\"isPartOf\":{\"@id\":\"https:\/\/airportsmokinglounge.com\/#website\"},\"primaryImageOfPage\":{\"@id\":\"https:\/\/airportsmokinglounge.com\/smoking-at-airports-in-africa\/#primaryimage\"},\"image\":{\"@id\":\"https:\/\/airportsmokinglounge.com\/smoking-at-airports-in-africa\/#primaryimage\"},\"thumbnailUrl\":\"https:\/\/airportsmokinglounge.com\/wp-content\/uploads\/2023\/03\/airport-smoking-lounge-7.jpg\",\"datePublished\":\"2023-02-12T18:36:00+00:00\",\"dateModified\":\"2023-05-21T19:41:35+00:00\",\"description\":\"Smoking at airports in Africa \u2714\ufe0e A Comprehensive Guide to Smoking Areas and Smoking Policies in Major African Airports \u2714\ufe0e\",\"breadcrumb\":{\"@id\":\"https:\/\/airportsmokinglounge.com\/smoking-at-airports-in-africa\/#breadcrumb\"},\"inLanguage\":\"tr\",\"potentialAction\":[{\"@type\":\"ReadAction\",\"target\":[\"https:\/\/airportsmokinglounge.com\/smoking-at-airports-in-africa\/\"]}]},{\"@type\":\"ImageObject\",\"inLanguage\":\"tr\",\"@id\":\"https:\/\/airportsmokinglounge.com\/smoking-at-airports-in-africa\/#primaryimage\",\"url\":\"https:\/\/airportsmokinglounge.com\/wp-content\/uploads\/2023\/03\/airport-smoking-lounge-7.jpg\",\"contentUrl\":\"https:\/\/airportsmokinglounge.com\/wp-content\/uploads\/2023\/03\/airport-smoking-lounge-7.jpg\",\"width\":2048,\"height\":1152,\"caption\":\"Airport Smoking areas\"},{\"@type\":\"BreadcrumbList\",\"@id\":\"https:\/\/airportsmokinglounge.com\/smoking-at-airports-in-africa\/#breadcrumb\",\"itemListElement\":[{\"@type\":\"ListItem\",\"position\":1,\"name\":\"Home\",\"item\":\"https:\/\/airportsmokinglounge.com\/\"},{\"@type\":\"ListItem\",\"position\":2,\"name\":\"Smoking at airports in Africa\"}]},{\"@type\":\"WebSite\",\"@id\":\"https:\/\/airportsmokinglounge.com\/#website\",\"url\":\"https:\/\/airportsmokinglounge.com\/\",\"name\":\"airportsmokinglounge.com\",\"description\":\"\",\"potentialAction\":[{\"@type\":\"SearchAction\",\"target\":{\"@type\":\"EntryPoint\",\"urlTemplate\":\"https:\/\/airportsmokinglounge.com\/?s={search_term_string}\"},\"query-input\":{\"@type\":\"PropertyValueSpecification\",\"valueRequired\":true,\"valueName\":\"search_term_string\"}}],\"inLanguage\":\"tr\"}]}<\/script>\n<!-- \/ Yoast SEO plugin. -->","yoast_head_json":{"title":"Afrika&#039;daki havalimanlar\u0131nda sigara i\u00e7mek - Airport Smokinglounge.com","description":"Afrika&#039;daki havalimanlar\u0131nda sigara i\u00e7mek \u2714\ufe0e Afrika&#039;daki B\u00fcy\u00fck Havalimanlar\u0131ndaki Sigara \u0130\u00e7ilen Alanlar ve Sigara \u0130\u00e7me Politikalar\u0131 \u0130\u00e7in Kapsaml\u0131 Bir K\u0131lavuz \u2714\ufe0e","robots":{"index":"index","follow":"follow","max-snippet":"max-snippet:-1","max-image-preview":"max-image-preview:large","max-video-preview":"max-video-preview:-1"},"canonical":"https:\/\/airportsmokinglounge.com\/tr\/afrikada-havaalanlarinda-sigara-icmek\/","og_locale":"tr_TR","og_type":"article","og_title":"Smoking at airports in Africa - airportsmokinglounge.com","og_description":"Smoking at airports in Africa \u2714\ufe0e A Comprehensive Guide to Smoking Areas and Smoking Policies in Major African Airports \u2714\ufe0e","og_url":"https:\/\/airportsmokinglounge.com\/tr\/afrikada-havaalanlarinda-sigara-icmek\/","og_site_name":"airportsmokinglounge.com","article_modified_time":"2023-05-21T19:41:35+00:00","og_image":[{"width":2048,"height":1152,"url":"https:\/\/airportsmokinglounge.com\/wp-content\/uploads\/2023\/03\/airport-smoking-lounge-7.jpg","type":"image\/jpeg"}],"twitter_card":"summary_large_image","twitter_misc":{"Tahmini okuma s\u00fcresi":"2 dakika"},"schema":{"@context":"https:\/\/schema.org","@graph":[{"@type":"WebPage","@id":"https:\/\/airportsmokinglounge.com\/smoking-at-airports-in-africa\/","url":"https:\/\/airportsmokinglounge.com\/smoking-at-airports-in-africa\/","name":"Afrika&#039;daki havalimanlar\u0131nda sigara i\u00e7mek - Airport Smokinglounge.com","isPartOf":{"@id":"https:\/\/airportsmokinglounge.com\/#website"},"primaryImageOfPage":{"@id":"https:\/\/airportsmokinglounge.com\/smoking-at-airports-in-africa\/#primaryimage"},"image":{"@id":"https:\/\/airportsmokinglounge.com\/smoking-at-airports-in-africa\/#primaryimage"},"thumbnailUrl":"https:\/\/airportsmokinglounge.com\/wp-content\/uploads\/2023\/03\/airport-smoking-lounge-7.jpg","datePublished":"2023-02-12T18:36:00+00:00","dateModified":"2023-05-21T19:41:35+00:00","description":"Afrika&#039;daki havalimanlar\u0131nda sigara i\u00e7mek \u2714\ufe0e Afrika&#039;daki B\u00fcy\u00fck Havalimanlar\u0131ndaki Sigara \u0130\u00e7ilen Alanlar ve Sigara \u0130\u00e7me Politikalar\u0131 \u0130\u00e7in Kapsaml\u0131 Bir K\u0131lavuz \u2714\ufe0e","breadcrumb":{"@id":"https:\/\/airportsmokinglounge.com\/smoking-at-airports-in-africa\/#breadcrumb"},"inLanguage":"tr","potentialAction":[{"@type":"ReadAction","target":["https:\/\/airportsmokinglounge.com\/smoking-at-airports-in-africa\/"]}]},{"@type":"ImageObject","inLanguage":"tr","@id":"https:\/\/airportsmokinglounge.com\/smoking-at-airports-in-africa\/#primaryimage","url":"https:\/\/airportsmokinglounge.com\/wp-content\/uploads\/2023\/03\/airport-smoking-lounge-7.jpg","contentUrl":"https:\/\/airportsmokinglounge.com\/wp-content\/uploads\/2023\/03\/airport-smoking-lounge-7.jpg","width":2048,"height":1152,"caption":"Airport Smoking areas"},{"@type":"BreadcrumbList","@id":"https:\/\/airportsmokinglounge.com\/smoking-at-airports-in-africa\/#breadcrumb","itemListElement":[{"@type":"ListItem","position":1,"name":"Home","item":"https:\/\/airportsmokinglounge.com\/"},{"@type":"ListItem","position":2,"name":"Smoking at airports in Africa"}]},{"@type":"WebSite","@id":"https:\/\/airportsmokinglounge.com\/#website","url":"https:\/\/airportsmokinglounge.com\/","name":"havaalan\u0131sigara salonu.com","description":"","potentialAction":[{"@type":"SearchAction","target":{"@type":"EntryPoint","urlTemplate":"https:\/\/airportsmokinglounge.com\/?s={search_term_string}"},"query-input":{"@type":"PropertyValueSpecification","valueRequired":true,"valueName":"search_term_string"}}],"inLanguage":"tr"}]}},"_links":{"self":[{"href":"https:\/\/airportsmokinglounge.com\/tr\/wp-json\/wp\/v2\/pages\/25","targetHints":{"allow":["GET"]}}],"collection":[{"href":"https:\/\/airportsmokinglounge.com\/tr\/wp-json\/wp\/v2\/pages"}],"about":[{"href":"https:\/\/airportsmokinglounge.com\/tr\/wp-json\/wp\/v2\/types\/page"}],"author":[{"embeddable":true,"href":"https:\/\/airportsmokinglounge.com\/tr\/wp-json\/wp\/v2\/users\/1"}],"replies":[{"embeddable":true,"href":"https:\/\/airportsmokinglounge.com\/tr\/wp-json\/wp\/v2\/comments?post=25"}],"version-history":[{"count":10,"href":"https:\/\/airportsmokinglounge.com\/tr\/wp-json\/wp\/v2\/pages\/25\/revisions"}],"predecessor-version":[{"id":5631,"href":"https:\/\/airportsmokinglounge.com\/tr\/wp-json\/wp\/v2\/pages\/25\/revisions\/5631"}],"wp:featuredmedia":[{"embeddable":true,"href":"https:\/\/airportsmokinglounge.com\/tr\/wp-json\/wp\/v2\/media\/1202"}],"wp:attachment":[{"href":"https:\/\/airportsmokinglounge.com\/tr\/wp-json\/wp\/v2\/media?parent=25"}],"curies":[{"name":"wp","href":"https:\/\/api.w.org\/{rel}","templated":true}]}}