{"id":307,"date":"2023-03-01T17:53:20","date_gmt":"2023-03-01T16:53:20","guid":{"rendered":"https:\/\/airportsmokinglounge.com\/?page_id=307"},"modified":"2023-05-23T12:30:50","modified_gmt":"2023-05-23T10:30:50","slug":"smoking-areas-in-australias-airports","status":"publish","type":"page","link":"https:\/\/airportsmokinglounge.com\/tr\/avustralya-havalimanlarindaki-sigara-icme-alanlari\/","title":{"rendered":"Avustralya havaalanlar\u0131nda sigara i\u00e7ilen alanlar"},"content":{"rendered":"<p>Avustralya&#039;da k\u00fc\u00e7\u00fck b\u00f6lgesel havalimanlar\u0131ndan daha b\u00fcy\u00fck uluslararas\u0131 merkezlere kadar \u00e7e\u015fitli havaalanlar\u0131 vard\u0131r.<\/p>\n<p>Bu web sitesinde, belirlenmi\u015f sigara i\u00e7me alanlar\u0131 ve mevcut tesisler dahil olmak \u00fczere havalimanlar\u0131ndaki t\u00fcm sigara i\u00e7me alanlar\u0131n\u0131 bulabilirsiniz. G\u00fcvenlikten ge\u00e7ip hi\u00e7bir yerde sigara i\u00e7ilen alanlar\u0131n olmad\u0131\u011f\u0131n\u0131 ve baz\u0131 durumlarda e-sigara i\u00e7ilmesine izin verilmeyebilece\u011fini g\u00f6rmenin hayal k\u0131r\u0131kl\u0131\u011f\u0131n\u0131 anl\u0131yoruz.<\/p>\n<p>Bu hizmet, uzun u\u00e7u\u015flardan \u00f6nce veya sonra sigara keyfi yapmak isteyen t\u00fcm sigara i\u00e7enler i\u00e7indir.<\/p>\n<h2>Avustralya havaalanlar\u0131<\/h2>\n<ul style=\"list-style-type: circle;\">\n<li><a href=\"https:\/\/airportsmokinglounge.com\/tr\/sydney-havalimani-sydde-sigara-icme-alanlari\/\">S\u0130DNEY ULUSLARARASI HAVAL\u0130MANI (SYD)<\/a><\/li>\n<li><a href=\"https:\/\/airportsmokinglounge.com\/tr\/brisbane-havaalaninda-bne-sigara-icme-alanlari\/\">BRISBANE ULUSLARARASI HAVAL\u0130MANI (BNE)<\/a><\/li>\n<li><a href=\"https:\/\/airportsmokinglounge.com\/tr\/melbourne-havaalani-melde-sigara-icme-alanlari\/\">MELBOURNE ULUSLARARASI HAVAL\u0130MANI (MEL)<\/a><\/li>\n<li><a href=\"https:\/\/airportsmokinglounge.com\/tr\/perth-havaalaninda-sigara-icme-alanlari\/\">PERTH ULUSLARARASI HAVAL\u0130MANI (PER)<\/a><\/li>\n<li><a href=\"https:\/\/airportsmokinglounge.com\/tr\/adelaide-havaalaninda-adl-sigara-icme-alanlari\/\">ADELAIDE ULUSLARARASI HAVAL\u0130MANI (ADL)<\/a><\/li>\n<li><a href=\"https:\/\/airportsmokinglounge.com\/tr\/canberra-havalimaninda-sigara-icme-alanlari-cbr\/\">CANBERRA ULUSLARARASI HAVAL\u0130MANI (CBR)<\/a><\/li>\n<li><a href=\"https:\/\/airportsmokinglounge.com\/tr\/cairns-uluslararasi-havalimaninda-sigara-icilen-alanlar-cns\/\">CAIRNS ULUSLARARASI HAVAL\u0130MANI (CNS)<\/a><\/li>\n<li><a href=\"https:\/\/airportsmokinglounge.com\/tr\/darwin-havaalaninda-drw-sigara-icme-alanlari\/\">DARWIN ULUSLARARASI HAVAL\u0130MANI (DRW)<\/a><\/li>\n<li><a href=\"https:\/\/airportsmokinglounge.com\/tr\/goldcoast-havaalani-oolda-sigara-icme-alanlari\/\">GOLD COAST HAVAL\u0130MANI (OOL)<\/a><\/li>\n<li><a href=\"https:\/\/airportsmokinglounge.com\/tr\/townsville-havaalaninda-tsv-at-sigara-alanlari\/\">TOWNSVILLE HAVAL\u0130MANI (TSV)<\/a><\/li>\n<li><a href=\"https:\/\/airportsmokinglounge.com\/tr\/isa-mount-isa-havaalaninda-sigara-icme-alanlari\/\">MOUNT ISA HAVAL\u0130MANI (ISA)<\/a><\/li>\n<li><a href=\"https:\/\/airportsmokinglounge.com\/tr\/newcastle-havaalaninda-ntl-sigara-icme-alanlari\/\">NEWCASTLE HAVAL\u0130MANI (NTL)<\/a><\/li>\n<li><a href=\"https:\/\/airportsmokinglounge.com\/tr\/sigara-icilebilen-alanlar-mackay-havaalani-mky\/\">MACKAY HAVAL\u0130MANI (MKY)<\/a><\/li>\n<li><a href=\"https:\/\/airportsmokinglounge.com\/tr\/launceston-havalimaninda-lst-sigara-icme-alanlari\/\">LAUNCESTON HAVAL\u0130MANI (LST)<\/a><\/li>\n<\/ul>\n<h2>Avustralya Sigara Yasas\u0131<\/h2>\n<p>Avustralya, d\u00fcnyadaki en kapsaml\u0131 ve kat\u0131 sigara yasalar\u0131ndan baz\u0131lar\u0131na sahiptir. \u00dclke, sigaray\u0131 cayd\u0131rmak, halk sa\u011fl\u0131\u011f\u0131n\u0131 korumak ve dumans\u0131z ortamlar yaratmak i\u00e7in \u00e7e\u015fitli \u00f6nlemler ald\u0131. Bu yasalar hem i\u00e7 hem de d\u0131\u015f mekanlar i\u00e7in ge\u00e7erlidir.<\/p>\n<p>Avustralya&#039;da restoranlar, barlar, al\u0131\u015fveri\u015f merkezleri ve toplu ta\u015f\u0131ma ara\u00e7lar\u0131 gibi halka a\u00e7\u0131k kapal\u0131 alanlarda sigara i\u00e7mek genellikle yasakt\u0131r. Ofisler ve konutlar\u0131n ortak kullan\u0131m alanlar\u0131 dahil olmak \u00fczere kapal\u0131 \u00e7al\u0131\u015fma alanlar\u0131nda da izin verilmez. Baz\u0131 eyaletler ve b\u00f6lgeler bu k\u0131s\u0131tlamalar\u0131 a\u00e7\u0131k hava yemek alanlar\u0131n\u0131, halka a\u00e7\u0131k parklar\u0131 ve plajlar\u0131 i\u00e7erecek \u015fekilde geni\u015fletti.<\/p>\n<p>Avustralya&#039;da 18 ya\u015f\u0131ndan k\u00fc\u00e7\u00fcklere t\u00fct\u00fcn \u00fcr\u00fcnleri sat\u0131\u015f\u0131 kesinlikle yasakt\u0131r. \u00dclke, sigara paketlerinin \u00fczerine resimli sa\u011fl\u0131k uyar\u0131lar\u0131 uygulam\u0131\u015ft\u0131r ve t\u00fct\u00fcn reklam\u0131 ve promosyonu b\u00fcy\u00fck \u00f6l\u00e7\u00fcde d\u00fczenlenmi\u015ftir.<\/p>\n<p>Genel sigara i\u00e7me yasalar\u0131na ek olarak, Avustralya&#039;daki bir\u00e7ok eyalet ve b\u00f6lge, havaalanlar\u0131nda dumans\u0131z ortamlar yaratmak i\u00e7in \u00f6zel \u00f6nlemler alm\u0131\u015ft\u0131r. Buna, havaalan\u0131 terminallerinin d\u0131\u015f\u0131nda, ana giri\u015flerden ve ortak alanlardan uzakta bulunan belirlenmi\u015f sigara i\u00e7me alanlar\u0131 dahildir.<\/p>\n<p>Avustralya&#039;da sigara i\u00e7me yasalar\u0131n\u0131n uygulanmas\u0131 \u00e7e\u015fitli makamlar taraf\u0131ndan y\u00fcr\u00fct\u00fcl\u00fcr ve uyumsuzluk cezalar\u0131, para cezalar\u0131n\u0131 veya di\u011fer yasal sonu\u00e7lar\u0131 i\u00e7erebilir.<\/p>\n<p>Avustralya&#039;daki farkl\u0131 eyaletler ve b\u00f6lgeler aras\u0131nda sigara i\u00e7me yasalar\u0131n\u0131n biraz farkl\u0131l\u0131k g\u00f6sterebilece\u011fini unutmamak \u00f6nemlidir. Bu nedenle, en do\u011fru ve g\u00fcncel bilgiler i\u00e7in havaliman\u0131n\u0131n bulundu\u011fu ilgili eyalet veya b\u00f6lgedeki \u00f6zel sigara i\u00e7me y\u00f6netmeliklerini kontrol etmeniz \u00f6nerilir.<\/p>\n<p>Genel olarak, Avustralya, hem sigara i\u00e7enleri hem de i\u00e7meyenleri t\u00fct\u00fcn duman\u0131n\u0131n zararl\u0131 etkilerinden korumak i\u00e7in halk sa\u011fl\u0131\u011f\u0131na ve dumans\u0131z ortamlar olu\u015fturmaya g\u00fc\u00e7l\u00fc bir ba\u011fl\u0131l\u0131\u011fa sahiptir.<\/p>\n<h3>Bize geri bildirim g\u00f6nderin<\/h3>\n<p>Herhangi bir Havaalan\u0131ndaysan\u0131z, bize sigara i\u00e7ilen alanlar\u0131n foto\u011fraflar\u0131n\u0131 g\u00f6nderebilirsiniz. Bu, veritaban\u0131m\u0131z\u0131 daha h\u0131zl\u0131 doldurmam\u0131za yard\u0131mc\u0131 olacakt\u0131r. Bunu yapabilirsiniz <strong><a href=\"https:\/\/airportsmokinglounge.com\/tr\/temas-etmek\/\">Burada<\/a>.<\/strong>\u00a0G\u00f6rseller, g\u00f6rsel kayna\u011f\u0131 (isim) belirtilerek sitemizde yay\u0131nlanmaktad\u0131r. Bu resimleri bizimle ve t\u00fcm Airport Smokinglounge.com ziyaret\u00e7ileriyle payla\u015fmaktan \u00e7ekinmeyin.<\/p>\n<p><strong>Daha fazla Havaalan\u0131 Sigara i\u00e7ilen alan\u00a0<\/strong><\/p>\n<ul>\n<li><a href=\"https:\/\/airportsmokinglounge.com\/tr\/kuzey-amerikanin-havaalanlarinda-sigara-icmek\/\">Kuzey Amerika<\/a><\/li>\n<li><a href=\"https:\/\/airportsmokinglounge.com\/tr\/guney-amerika-havaalanlarinda-sigara-icilmesi\/\">G\u00fcney Amerika<\/a><\/li>\n<li><a href=\"https:\/\/airportsmokinglounge.com\/tr\/avrupa-havalimanlarindaki-sigara-icme-alanlari\/\">Avrupa<\/a><\/li>\n<li><a href=\"https:\/\/airportsmokinglounge.com\/tr\/asyadaki-havaalanlarinda-sigara-icmek\/\">Asya<\/a><\/li>\n<li><a href=\"https:\/\/airportsmokinglounge.com\/tr\/okyanusya-havalimanlarinda-sigara-icmek\/\">Okyanusya<\/a><\/li>\n<\/ul>","protected":false},"excerpt":{"rendered":"<p>Avustralya&#039;da, k\u00fc\u00e7\u00fck b\u00f6lgesel havalimanlar\u0131ndan b\u00fcy\u00fck uluslararas\u0131 merkezlere kadar bir\u00e7ok havaliman\u0131 bulunmaktad\u0131r. Bu web sitesinde, havalimanlar\u0131ndaki t\u00fcm sigara i\u00e7me alanlar\u0131n\u0131, belirlenmi\u015f sigara i\u00e7me alanlar\u0131 ve mevcut tesisler dahil olmak \u00fczere bulabilirsiniz. G\u00fcvenlik kontrol\u00fcnden ge\u00e7tikten sonra hi\u00e7bir yerde sigara i\u00e7ilen alan olmad\u0131\u011f\u0131n\u0131 ve baz\u0131 durumlarda elektronik sigaralar\u0131n...&nbsp;<a href=\"https:\/\/airportsmokinglounge.com\/tr\/avustralya-havalimanlarindaki-sigara-icme-alanlari\/\" rel=\"bookmark\">Devam\u0131n\u0131 oku &quot;<span class=\"screen-reader-text\">Avustralya havaalanlar\u0131nda sigara i\u00e7ilen alanlar<\/span><\/a><\/p>","protected":false},"author":1,"featured_media":1199,"parent":0,"menu_order":0,"comment_status":"closed","ping_status":"closed","template":"","meta":{"neve_meta_sidebar":"","neve_meta_container":"","neve_meta_enable_content_width":"off","neve_meta_content_width":100,"neve_meta_title_alignment":"","neve_meta_author_avatar":"","neve_post_elements_order":"","neve_meta_disable_header":"","neve_meta_disable_footer":"","neve_meta_disable_title":"","neve_meta_reading_time":"","footnotes":""},"class_list":["post-307","page","type-page","status-publish","has-post-thumbnail","hentry"],"yoast_head":"<!-- This site is optimized with the Yoast SEO plugin v26.6 - https:\/\/yoast.com\/wordpress\/plugins\/seo\/ -->\n<title>Smoking areas in Australia&#039;s airports - airportsmokinglounge.com<\/title>\n<meta name=\"description\" content=\"Smoking Areas in Australia&#039;s Airports - Your Ultimate Guide to Finding a Place to Smoke \u2714\ufe0e Find Your Next Smoke Break Spot \u2714\ufe0e\" \/>\n<meta name=\"robots\" content=\"index, follow, max-snippet:-1, max-image-preview:large, max-video-preview:-1\" \/>\n<link rel=\"canonical\" href=\"https:\/\/airportsmokinglounge.com\/tr\/avustralya-havalimanlarindaki-sigara-icme-alanlari\/\" \/>\n<meta property=\"og:locale\" content=\"tr_TR\" \/>\n<meta property=\"og:type\" content=\"article\" \/>\n<meta property=\"og:title\" content=\"Smoking areas in Australia&#039;s airports - airportsmokinglounge.com\" \/>\n<meta property=\"og:description\" content=\"Smoking Areas in Australia&#039;s Airports - Your Ultimate Guide to Finding a Place to Smoke \u2714\ufe0e Find Your Next Smoke Break Spot \u2714\ufe0e\" \/>\n<meta property=\"og:url\" content=\"https:\/\/airportsmokinglounge.com\/tr\/avustralya-havalimanlarindaki-sigara-icme-alanlari\/\" \/>\n<meta property=\"og:site_name\" content=\"airportsmokinglounge.com\" \/>\n<meta property=\"article:modified_time\" content=\"2023-05-23T10:30:50+00:00\" \/>\n<meta property=\"og:image\" content=\"https:\/\/airportsmokinglounge.com\/wp-content\/uploads\/2023\/03\/airport-smoking-lounge-4.jpg\" \/>\n\t<meta property=\"og:image:width\" content=\"2048\" \/>\n\t<meta property=\"og:image:height\" content=\"1152\" \/>\n\t<meta property=\"og:image:type\" content=\"image\/jpeg\" \/>\n<meta name=\"twitter:card\" content=\"summary_large_image\" \/>\n<meta name=\"twitter:label1\" content=\"Tahmini okuma s\u00fcresi\" \/>\n\t<meta name=\"twitter:data1\" content=\"3 dakika\" \/>\n<script type=\"application\/ld+json\" class=\"yoast-schema-graph\">{\"@context\":\"https:\/\/schema.org\",\"@graph\":[{\"@type\":\"WebPage\",\"@id\":\"https:\/\/airportsmokinglounge.com\/smoking-areas-in-australias-airports\/\",\"url\":\"https:\/\/airportsmokinglounge.com\/smoking-areas-in-australias-airports\/\",\"name\":\"Smoking areas in Australia's airports - airportsmokinglounge.com\",\"isPartOf\":{\"@id\":\"https:\/\/airportsmokinglounge.com\/#website\"},\"primaryImageOfPage\":{\"@id\":\"https:\/\/airportsmokinglounge.com\/smoking-areas-in-australias-airports\/#primaryimage\"},\"image\":{\"@id\":\"https:\/\/airportsmokinglounge.com\/smoking-areas-in-australias-airports\/#primaryimage\"},\"thumbnailUrl\":\"https:\/\/airportsmokinglounge.com\/wp-content\/uploads\/2023\/03\/airport-smoking-lounge-4.jpg\",\"datePublished\":\"2023-03-01T16:53:20+00:00\",\"dateModified\":\"2023-05-23T10:30:50+00:00\",\"description\":\"Smoking Areas in Australia's Airports - Your Ultimate Guide to Finding a Place to Smoke \u2714\ufe0e Find Your Next Smoke Break Spot \u2714\ufe0e\",\"breadcrumb\":{\"@id\":\"https:\/\/airportsmokinglounge.com\/smoking-areas-in-australias-airports\/#breadcrumb\"},\"inLanguage\":\"tr\",\"potentialAction\":[{\"@type\":\"ReadAction\",\"target\":[\"https:\/\/airportsmokinglounge.com\/smoking-areas-in-australias-airports\/\"]}]},{\"@type\":\"ImageObject\",\"inLanguage\":\"tr\",\"@id\":\"https:\/\/airportsmokinglounge.com\/smoking-areas-in-australias-airports\/#primaryimage\",\"url\":\"https:\/\/airportsmokinglounge.com\/wp-content\/uploads\/2023\/03\/airport-smoking-lounge-4.jpg\",\"contentUrl\":\"https:\/\/airportsmokinglounge.com\/wp-content\/uploads\/2023\/03\/airport-smoking-lounge-4.jpg\",\"width\":2048,\"height\":1152,\"caption\":\"Airport Smoking\"},{\"@type\":\"BreadcrumbList\",\"@id\":\"https:\/\/airportsmokinglounge.com\/smoking-areas-in-australias-airports\/#breadcrumb\",\"itemListElement\":[{\"@type\":\"ListItem\",\"position\":1,\"name\":\"Home\",\"item\":\"https:\/\/airportsmokinglounge.com\/\"},{\"@type\":\"ListItem\",\"position\":2,\"name\":\"Smoking areas in Australia&#8217;s airports\"}]},{\"@type\":\"WebSite\",\"@id\":\"https:\/\/airportsmokinglounge.com\/#website\",\"url\":\"https:\/\/airportsmokinglounge.com\/\",\"name\":\"airportsmokinglounge.com\",\"description\":\"\",\"potentialAction\":[{\"@type\":\"SearchAction\",\"target\":{\"@type\":\"EntryPoint\",\"urlTemplate\":\"https:\/\/airportsmokinglounge.com\/?s={search_term_string}\"},\"query-input\":{\"@type\":\"PropertyValueSpecification\",\"valueRequired\":true,\"valueName\":\"search_term_string\"}}],\"inLanguage\":\"tr\"}]}<\/script>\n<!-- \/ Yoast SEO plugin. -->","yoast_head_json":{"title":"Avustralya havalimanlar\u0131ndaki sigara i\u00e7ilen alanlar - Airport Smokinglounge.com","description":"Avustralya Havalimanlar\u0131ndaki Sigara \u0130\u00e7ilebilen Alanlar - Sigara \u0130\u00e7ilecek Bir Yer Bulmak \u0130\u00e7in En \u0130yi Rehberiniz \u2714\ufe0e Bir Sonraki Sigara \u0130\u00e7me Noktan\u0131z\u0131 Bulun \u2714\ufe0e","robots":{"index":"index","follow":"follow","max-snippet":"max-snippet:-1","max-image-preview":"max-image-preview:large","max-video-preview":"max-video-preview:-1"},"canonical":"https:\/\/airportsmokinglounge.com\/tr\/avustralya-havalimanlarindaki-sigara-icme-alanlari\/","og_locale":"tr_TR","og_type":"article","og_title":"Smoking areas in Australia's airports - airportsmokinglounge.com","og_description":"Smoking Areas in Australia's Airports - Your Ultimate Guide to Finding a Place to Smoke \u2714\ufe0e Find Your Next Smoke Break Spot \u2714\ufe0e","og_url":"https:\/\/airportsmokinglounge.com\/tr\/avustralya-havalimanlarindaki-sigara-icme-alanlari\/","og_site_name":"airportsmokinglounge.com","article_modified_time":"2023-05-23T10:30:50+00:00","og_image":[{"width":2048,"height":1152,"url":"https:\/\/airportsmokinglounge.com\/wp-content\/uploads\/2023\/03\/airport-smoking-lounge-4.jpg","type":"image\/jpeg"}],"twitter_card":"summary_large_image","twitter_misc":{"Tahmini okuma s\u00fcresi":"3 dakika"},"schema":{"@context":"https:\/\/schema.org","@graph":[{"@type":"WebPage","@id":"https:\/\/airportsmokinglounge.com\/smoking-areas-in-australias-airports\/","url":"https:\/\/airportsmokinglounge.com\/smoking-areas-in-australias-airports\/","name":"Avustralya havalimanlar\u0131ndaki sigara i\u00e7ilen alanlar - Airport Smokinglounge.com","isPartOf":{"@id":"https:\/\/airportsmokinglounge.com\/#website"},"primaryImageOfPage":{"@id":"https:\/\/airportsmokinglounge.com\/smoking-areas-in-australias-airports\/#primaryimage"},"image":{"@id":"https:\/\/airportsmokinglounge.com\/smoking-areas-in-australias-airports\/#primaryimage"},"thumbnailUrl":"https:\/\/airportsmokinglounge.com\/wp-content\/uploads\/2023\/03\/airport-smoking-lounge-4.jpg","datePublished":"2023-03-01T16:53:20+00:00","dateModified":"2023-05-23T10:30:50+00:00","description":"Avustralya Havalimanlar\u0131ndaki Sigara \u0130\u00e7ilebilen Alanlar - Sigara \u0130\u00e7ilecek Bir Yer Bulmak \u0130\u00e7in En \u0130yi Rehberiniz \u2714\ufe0e Bir Sonraki Sigara \u0130\u00e7me Noktan\u0131z\u0131 Bulun \u2714\ufe0e","breadcrumb":{"@id":"https:\/\/airportsmokinglounge.com\/smoking-areas-in-australias-airports\/#breadcrumb"},"inLanguage":"tr","potentialAction":[{"@type":"ReadAction","target":["https:\/\/airportsmokinglounge.com\/smoking-areas-in-australias-airports\/"]}]},{"@type":"ImageObject","inLanguage":"tr","@id":"https:\/\/airportsmokinglounge.com\/smoking-areas-in-australias-airports\/#primaryimage","url":"https:\/\/airportsmokinglounge.com\/wp-content\/uploads\/2023\/03\/airport-smoking-lounge-4.jpg","contentUrl":"https:\/\/airportsmokinglounge.com\/wp-content\/uploads\/2023\/03\/airport-smoking-lounge-4.jpg","width":2048,"height":1152,"caption":"Airport Smoking"},{"@type":"BreadcrumbList","@id":"https:\/\/airportsmokinglounge.com\/smoking-areas-in-australias-airports\/#breadcrumb","itemListElement":[{"@type":"ListItem","position":1,"name":"Home","item":"https:\/\/airportsmokinglounge.com\/"},{"@type":"ListItem","position":2,"name":"Smoking areas in Australia&#8217;s airports"}]},{"@type":"WebSite","@id":"https:\/\/airportsmokinglounge.com\/#website","url":"https:\/\/airportsmokinglounge.com\/","name":"havaalan\u0131sigara salonu.com","description":"","potentialAction":[{"@type":"SearchAction","target":{"@type":"EntryPoint","urlTemplate":"https:\/\/airportsmokinglounge.com\/?s={search_term_string}"},"query-input":{"@type":"PropertyValueSpecification","valueRequired":true,"valueName":"search_term_string"}}],"inLanguage":"tr"}]}},"_links":{"self":[{"href":"https:\/\/airportsmokinglounge.com\/tr\/wp-json\/wp\/v2\/pages\/307","targetHints":{"allow":["GET"]}}],"collection":[{"href":"https:\/\/airportsmokinglounge.com\/tr\/wp-json\/wp\/v2\/pages"}],"about":[{"href":"https:\/\/airportsmokinglounge.com\/tr\/wp-json\/wp\/v2\/types\/page"}],"author":[{"embeddable":true,"href":"https:\/\/airportsmokinglounge.com\/tr\/wp-json\/wp\/v2\/users\/1"}],"replies":[{"embeddable":true,"href":"https:\/\/airportsmokinglounge.com\/tr\/wp-json\/wp\/v2\/comments?post=307"}],"version-history":[{"count":10,"href":"https:\/\/airportsmokinglounge.com\/tr\/wp-json\/wp\/v2\/pages\/307\/revisions"}],"predecessor-version":[{"id":5887,"href":"https:\/\/airportsmokinglounge.com\/tr\/wp-json\/wp\/v2\/pages\/307\/revisions\/5887"}],"wp:featuredmedia":[{"embeddable":true,"href":"https:\/\/airportsmokinglounge.com\/tr\/wp-json\/wp\/v2\/media\/1199"}],"wp:attachment":[{"href":"https:\/\/airportsmokinglounge.com\/tr\/wp-json\/wp\/v2\/media?parent=307"}],"curies":[{"name":"wp","href":"https:\/\/api.w.org\/{rel}","templated":true}]}}