{"id":336,"date":"2023-03-02T20:34:27","date_gmt":"2023-03-02T19:34:27","guid":{"rendered":"https:\/\/airportsmokinglounge.com\/?page_id=336"},"modified":"2023-05-21T19:09:15","modified_gmt":"2023-05-21T17:09:15","slug":"smoking-areas-in-botswanas-airports","status":"publish","type":"page","link":"https:\/\/airportsmokinglounge.com\/tr\/botsvana-havaalanlarindaki-sigara-icilebilen-alanlar\/","title":{"rendered":"Botsvana havaalanlar\u0131ndaki sigara i\u00e7me alanlar\u0131"},"content":{"rendered":"<p>Bu web sitesinde, belirlenmi\u015f sigara i\u00e7me alanlar\u0131 ve mevcut tesisler dahil olmak \u00fczere havalimanlar\u0131ndaki t\u00fcm sigara i\u00e7me alanlar\u0131n\u0131 bulabilirsiniz. G\u00fcvenlikten ge\u00e7ip hi\u00e7bir yerde sigara i\u00e7ilen alanlar\u0131n olmad\u0131\u011f\u0131n\u0131 ve baz\u0131 durumlarda e-sigara i\u00e7ilmesine izin verilmeyebilece\u011fini g\u00f6rmenin hayal k\u0131r\u0131kl\u0131\u011f\u0131n\u0131 anl\u0131yoruz.<\/p>\n<p>Bu hizmet, uzun u\u00e7u\u015flardan \u00f6nce veya sonra sigara keyfi yapmak isteyen t\u00fcm sigara i\u00e7enler i\u00e7indir.<\/p>\n<p>Botsvana&#039;da k\u00fc\u00e7\u00fck b\u00f6lgesel havalimanlar\u0131ndan b\u00fcy\u00fck uluslararas\u0131 merkezlere kadar \u00e7ok say\u0131da havaalan\u0131 bulunmaktad\u0131r.<\/p>\n<h2>Botsvana&#039;daki Havaalanlar\u0131<\/h2>\n<ul style=\"list-style-type: circle;\">\n<li><a href=\"https:\/\/airportsmokinglounge.com\/tr\/gaborone-havaalaninda-sigara-icilen-alanlar-gb\/\">GABORONE \u2013 SIR SERETSE KHAMA ULUSLARARASI HAVAL\u0130MANI (GBE)<\/a><\/li>\n<li><a href=\"https:\/\/airportsmokinglounge.com\/tr\/maun-havaalanindaki-sigara-icme-alanlari\/\">MAUN HAVAALANI (MUB)<\/a><\/li>\n<\/ul>\n<h2>Botsvana&#039;n\u0131n Sigara Yasas\u0131<\/h2>\n<p>Botsvana, halk sa\u011fl\u0131\u011f\u0131n\u0131 korumak ve sigara i\u00e7me yayg\u0131nl\u0131\u011f\u0131n\u0131 azaltmak i\u00e7in s\u0131k\u0131 sigara i\u00e7me yasalar\u0131 uygulad\u0131. Botsvana&#039;daki sigara i\u00e7me kanunu, belirli halka a\u00e7\u0131k yerlerde sigara i\u00e7ilmesini yasaklamakta ve t\u00fct\u00fcn \u00fcr\u00fcnlerinin sat\u0131\u015f\u0131n\u0131 ve reklam\u0131n\u0131 k\u0131s\u0131tlamaktad\u0131r.<\/p>\n<p>Botsvana yasalar\u0131na g\u00f6re restoranlar, barlar, al\u0131\u015fveri\u015f merkezleri ve toplu ta\u015f\u0131ma ara\u00e7lar\u0131 da dahil olmak \u00fczere halka a\u00e7\u0131k kapal\u0131 alanlarda sigara i\u00e7ilmesine izin verilmiyor. Stadyum, oyun alanlar\u0131 gibi insanlar\u0131n topland\u0131\u011f\u0131 a\u00e7\u0131k alanlarda ve kamu binalar\u0131n\u0131n giri\u015f ve \u00e7\u0131k\u0131\u015flar\u0131na belirli mesafelerde de yasak var.<\/p>\n<p>T\u00fct\u00fcn \u00fcr\u00fcnlerinin sat\u0131\u015f\u0131 d\u00fczenlemeye tabidir ve yasa, t\u00fct\u00fcn \u00fcr\u00fcnlerinin 18 ya\u015f\u0131n alt\u0131ndaki ki\u015filere sat\u0131\u015f\u0131n\u0131 yasaklamaktad\u0131r. Ayr\u0131ca Botswana&#039;da t\u00fct\u00fcn reklam\u0131 ve tan\u0131t\u0131m\u0131 da k\u0131s\u0131tlanm\u0131\u015ft\u0131r.<\/p>\n<p>Sigara yasas\u0131n\u0131n uygulanmas\u0131 ilgili makamlar taraf\u0131ndan denetlenir ve ihlaller para cezas\u0131 veya di\u011fer yapt\u0131r\u0131mlarla sonu\u00e7lanabilir. Sigara yasalar\u0131n\u0131n ve d\u00fczenlemelerinin zaman i\u00e7inde de\u011fi\u015febilece\u011fini unutmamak \u00f6nemlidir, bu nedenle en son mevzuata ba\u015fvurman\u0131z veya Botsvana&#039;n\u0131n sigara yasalar\u0131 hakk\u0131nda en g\u00fcncel bilgiler i\u00e7in yerel makamlara dan\u0131\u015fman\u0131z \u00f6nerilir.<\/p>\n<p><strong>Daha fazla Havaalan\u0131 Sigara i\u00e7ilen alan\u00a0<\/strong><\/p>\n<ul>\n<li><a href=\"https:\/\/airportsmokinglounge.com\/tr\/kuzey-amerikanin-havaalanlarinda-sigara-icmek\/\">Kuzey Amerika<\/a><\/li>\n<li><a href=\"https:\/\/airportsmokinglounge.com\/tr\/guney-amerika-havaalanlarinda-sigara-icilmesi\/\">G\u00fcney Amerika<\/a><\/li>\n<li><a href=\"https:\/\/airportsmokinglounge.com\/tr\/avrupa-havalimanlarindaki-sigara-icme-alanlari\/\">Avrupa<\/a><\/li>\n<li><a href=\"https:\/\/airportsmokinglounge.com\/tr\/asyadaki-havaalanlarinda-sigara-icmek\/\">Asya<\/a><\/li>\n<li><a href=\"https:\/\/airportsmokinglounge.com\/tr\/okyanusya-havalimanlarinda-sigara-icmek\/\">Okyanusya<\/a><\/li>\n<\/ul>","protected":false},"excerpt":{"rendered":"<p>Bu web sitesinde havaalanlar\u0131ndaki t\u00fcm sigara i\u00e7me alanlar\u0131n\u0131, belirlenmi\u015f sigara i\u00e7me alanlar\u0131 ve mevcut tesisler dahil bulabilirsiniz. G\u00fcvenlikten ge\u00e7tikten sonra hi\u00e7bir yerde sigara i\u00e7me alan\u0131 olmad\u0131\u011f\u0131n\u0131 ve baz\u0131 durumlarda e-sigaraya izin verilmeyebilece\u011fini g\u00f6rmenin yaratt\u0131\u011f\u0131 hayal k\u0131r\u0131kl\u0131\u011f\u0131n\u0131 anl\u0131yoruz. Bu hizmet,\u2026&nbsp;<a href=\"https:\/\/airportsmokinglounge.com\/tr\/botsvana-havaalanlarindaki-sigara-icilebilen-alanlar\/\" rel=\"bookmark\">Devam\u0131n\u0131 oku &quot;<span class=\"screen-reader-text\">Botsvana havaalanlar\u0131ndaki sigara i\u00e7me alanlar\u0131<\/span><\/a><\/p>","protected":false},"author":1,"featured_media":1199,"parent":0,"menu_order":0,"comment_status":"closed","ping_status":"closed","template":"","meta":{"neve_meta_sidebar":"","neve_meta_container":"","neve_meta_enable_content_width":"off","neve_meta_content_width":100,"neve_meta_title_alignment":"","neve_meta_author_avatar":"","neve_post_elements_order":"","neve_meta_disable_header":"","neve_meta_disable_footer":"","neve_meta_disable_title":"","neve_meta_reading_time":"","footnotes":""},"class_list":["post-336","page","type-page","status-publish","has-post-thumbnail","hentry"],"yoast_head":"<!-- This site is optimized with the Yoast SEO plugin v26.6 - https:\/\/yoast.com\/wordpress\/plugins\/seo\/ -->\n<title>Smoking areas in Botswana&#039;s airports - airportsmokinglounge.com<\/title>\n<meta name=\"description\" content=\"Smoking Areas in Botswana&#039;s Airports - Your Ultimate Guide to Finding a Place to Smoke \u2714\ufe0e Find Your Next Smoke Break Spot \u2714\ufe0e\" \/>\n<meta name=\"robots\" content=\"index, follow, max-snippet:-1, max-image-preview:large, max-video-preview:-1\" \/>\n<link rel=\"canonical\" href=\"https:\/\/airportsmokinglounge.com\/tr\/botsvana-havaalanlarindaki-sigara-icilebilen-alanlar\/\" \/>\n<meta property=\"og:locale\" content=\"tr_TR\" \/>\n<meta property=\"og:type\" content=\"article\" \/>\n<meta property=\"og:title\" content=\"Smoking areas in Botswana&#039;s airports - airportsmokinglounge.com\" \/>\n<meta property=\"og:description\" content=\"Smoking Areas in Botswana&#039;s Airports - Your Ultimate Guide to Finding a Place to Smoke \u2714\ufe0e Find Your Next Smoke Break Spot \u2714\ufe0e\" \/>\n<meta property=\"og:url\" content=\"https:\/\/airportsmokinglounge.com\/tr\/botsvana-havaalanlarindaki-sigara-icilebilen-alanlar\/\" \/>\n<meta property=\"og:site_name\" content=\"airportsmokinglounge.com\" \/>\n<meta property=\"article:modified_time\" content=\"2023-05-21T17:09:15+00:00\" \/>\n<meta property=\"og:image\" content=\"https:\/\/airportsmokinglounge.com\/wp-content\/uploads\/2023\/03\/airport-smoking-lounge-4.jpg\" \/>\n\t<meta property=\"og:image:width\" content=\"2048\" \/>\n\t<meta property=\"og:image:height\" content=\"1152\" \/>\n\t<meta property=\"og:image:type\" content=\"image\/jpeg\" \/>\n<meta name=\"twitter:card\" content=\"summary_large_image\" \/>\n<meta name=\"twitter:label1\" content=\"Tahmini okuma s\u00fcresi\" \/>\n\t<meta name=\"twitter:data1\" content=\"2 dakika\" \/>\n<script type=\"application\/ld+json\" class=\"yoast-schema-graph\">{\"@context\":\"https:\/\/schema.org\",\"@graph\":[{\"@type\":\"WebPage\",\"@id\":\"https:\/\/airportsmokinglounge.com\/smoking-areas-in-botswanas-airports\/\",\"url\":\"https:\/\/airportsmokinglounge.com\/smoking-areas-in-botswanas-airports\/\",\"name\":\"Smoking areas in Botswana's airports - airportsmokinglounge.com\",\"isPartOf\":{\"@id\":\"https:\/\/airportsmokinglounge.com\/#website\"},\"primaryImageOfPage\":{\"@id\":\"https:\/\/airportsmokinglounge.com\/smoking-areas-in-botswanas-airports\/#primaryimage\"},\"image\":{\"@id\":\"https:\/\/airportsmokinglounge.com\/smoking-areas-in-botswanas-airports\/#primaryimage\"},\"thumbnailUrl\":\"https:\/\/airportsmokinglounge.com\/wp-content\/uploads\/2023\/03\/airport-smoking-lounge-4.jpg\",\"datePublished\":\"2023-03-02T19:34:27+00:00\",\"dateModified\":\"2023-05-21T17:09:15+00:00\",\"description\":\"Smoking Areas in Botswana's Airports - Your Ultimate Guide to Finding a Place to Smoke \u2714\ufe0e Find Your Next Smoke Break Spot \u2714\ufe0e\",\"breadcrumb\":{\"@id\":\"https:\/\/airportsmokinglounge.com\/smoking-areas-in-botswanas-airports\/#breadcrumb\"},\"inLanguage\":\"tr\",\"potentialAction\":[{\"@type\":\"ReadAction\",\"target\":[\"https:\/\/airportsmokinglounge.com\/smoking-areas-in-botswanas-airports\/\"]}]},{\"@type\":\"ImageObject\",\"inLanguage\":\"tr\",\"@id\":\"https:\/\/airportsmokinglounge.com\/smoking-areas-in-botswanas-airports\/#primaryimage\",\"url\":\"https:\/\/airportsmokinglounge.com\/wp-content\/uploads\/2023\/03\/airport-smoking-lounge-4.jpg\",\"contentUrl\":\"https:\/\/airportsmokinglounge.com\/wp-content\/uploads\/2023\/03\/airport-smoking-lounge-4.jpg\",\"width\":2048,\"height\":1152,\"caption\":\"Airport Smoking\"},{\"@type\":\"BreadcrumbList\",\"@id\":\"https:\/\/airportsmokinglounge.com\/smoking-areas-in-botswanas-airports\/#breadcrumb\",\"itemListElement\":[{\"@type\":\"ListItem\",\"position\":1,\"name\":\"Home\",\"item\":\"https:\/\/airportsmokinglounge.com\/\"},{\"@type\":\"ListItem\",\"position\":2,\"name\":\"Smoking areas in Botswana&#8217;s airports\"}]},{\"@type\":\"WebSite\",\"@id\":\"https:\/\/airportsmokinglounge.com\/#website\",\"url\":\"https:\/\/airportsmokinglounge.com\/\",\"name\":\"airportsmokinglounge.com\",\"description\":\"\",\"potentialAction\":[{\"@type\":\"SearchAction\",\"target\":{\"@type\":\"EntryPoint\",\"urlTemplate\":\"https:\/\/airportsmokinglounge.com\/?s={search_term_string}\"},\"query-input\":{\"@type\":\"PropertyValueSpecification\",\"valueRequired\":true,\"valueName\":\"search_term_string\"}}],\"inLanguage\":\"tr\"}]}<\/script>\n<!-- \/ Yoast SEO plugin. -->","yoast_head_json":{"title":"Botsvana havaalanlar\u0131ndaki sigara i\u00e7me alanlar\u0131 - airportsmokinglounge.com","description":"Botsvana Havaalanlar\u0131ndaki Sigara \u0130\u00e7me Alanlar\u0131 - Sigara \u0130\u00e7mek \u0130\u00e7in Bir Yer Bulmak \u0130\u00e7in Nihai Rehberiniz \u2714\ufe0e Bir Sonraki Sigara Molas\u0131 Noktan\u0131z\u0131 Bulun \u2714\ufe0e","robots":{"index":"index","follow":"follow","max-snippet":"max-snippet:-1","max-image-preview":"max-image-preview:large","max-video-preview":"max-video-preview:-1"},"canonical":"https:\/\/airportsmokinglounge.com\/tr\/botsvana-havaalanlarindaki-sigara-icilebilen-alanlar\/","og_locale":"tr_TR","og_type":"article","og_title":"Smoking areas in Botswana's airports - airportsmokinglounge.com","og_description":"Smoking Areas in Botswana's Airports - Your Ultimate Guide to Finding a Place to Smoke \u2714\ufe0e Find Your Next Smoke Break Spot \u2714\ufe0e","og_url":"https:\/\/airportsmokinglounge.com\/tr\/botsvana-havaalanlarindaki-sigara-icilebilen-alanlar\/","og_site_name":"airportsmokinglounge.com","article_modified_time":"2023-05-21T17:09:15+00:00","og_image":[{"width":2048,"height":1152,"url":"https:\/\/airportsmokinglounge.com\/wp-content\/uploads\/2023\/03\/airport-smoking-lounge-4.jpg","type":"image\/jpeg"}],"twitter_card":"summary_large_image","twitter_misc":{"Tahmini okuma s\u00fcresi":"2 dakika"},"schema":{"@context":"https:\/\/schema.org","@graph":[{"@type":"WebPage","@id":"https:\/\/airportsmokinglounge.com\/smoking-areas-in-botswanas-airports\/","url":"https:\/\/airportsmokinglounge.com\/smoking-areas-in-botswanas-airports\/","name":"Botsvana havaalanlar\u0131ndaki sigara i\u00e7me alanlar\u0131 - airportsmokinglounge.com","isPartOf":{"@id":"https:\/\/airportsmokinglounge.com\/#website"},"primaryImageOfPage":{"@id":"https:\/\/airportsmokinglounge.com\/smoking-areas-in-botswanas-airports\/#primaryimage"},"image":{"@id":"https:\/\/airportsmokinglounge.com\/smoking-areas-in-botswanas-airports\/#primaryimage"},"thumbnailUrl":"https:\/\/airportsmokinglounge.com\/wp-content\/uploads\/2023\/03\/airport-smoking-lounge-4.jpg","datePublished":"2023-03-02T19:34:27+00:00","dateModified":"2023-05-21T17:09:15+00:00","description":"Botsvana Havaalanlar\u0131ndaki Sigara \u0130\u00e7me Alanlar\u0131 - Sigara \u0130\u00e7mek \u0130\u00e7in Bir Yer Bulmak \u0130\u00e7in Nihai Rehberiniz \u2714\ufe0e Bir Sonraki Sigara Molas\u0131 Noktan\u0131z\u0131 Bulun \u2714\ufe0e","breadcrumb":{"@id":"https:\/\/airportsmokinglounge.com\/smoking-areas-in-botswanas-airports\/#breadcrumb"},"inLanguage":"tr","potentialAction":[{"@type":"ReadAction","target":["https:\/\/airportsmokinglounge.com\/smoking-areas-in-botswanas-airports\/"]}]},{"@type":"ImageObject","inLanguage":"tr","@id":"https:\/\/airportsmokinglounge.com\/smoking-areas-in-botswanas-airports\/#primaryimage","url":"https:\/\/airportsmokinglounge.com\/wp-content\/uploads\/2023\/03\/airport-smoking-lounge-4.jpg","contentUrl":"https:\/\/airportsmokinglounge.com\/wp-content\/uploads\/2023\/03\/airport-smoking-lounge-4.jpg","width":2048,"height":1152,"caption":"Airport Smoking"},{"@type":"BreadcrumbList","@id":"https:\/\/airportsmokinglounge.com\/smoking-areas-in-botswanas-airports\/#breadcrumb","itemListElement":[{"@type":"ListItem","position":1,"name":"Home","item":"https:\/\/airportsmokinglounge.com\/"},{"@type":"ListItem","position":2,"name":"Smoking areas in Botswana&#8217;s airports"}]},{"@type":"WebSite","@id":"https:\/\/airportsmokinglounge.com\/#website","url":"https:\/\/airportsmokinglounge.com\/","name":"havaalan\u0131sigara salonu.com","description":"","potentialAction":[{"@type":"SearchAction","target":{"@type":"EntryPoint","urlTemplate":"https:\/\/airportsmokinglounge.com\/?s={search_term_string}"},"query-input":{"@type":"PropertyValueSpecification","valueRequired":true,"valueName":"search_term_string"}}],"inLanguage":"tr"}]}},"_links":{"self":[{"href":"https:\/\/airportsmokinglounge.com\/tr\/wp-json\/wp\/v2\/pages\/336","targetHints":{"allow":["GET"]}}],"collection":[{"href":"https:\/\/airportsmokinglounge.com\/tr\/wp-json\/wp\/v2\/pages"}],"about":[{"href":"https:\/\/airportsmokinglounge.com\/tr\/wp-json\/wp\/v2\/types\/page"}],"author":[{"embeddable":true,"href":"https:\/\/airportsmokinglounge.com\/tr\/wp-json\/wp\/v2\/users\/1"}],"replies":[{"embeddable":true,"href":"https:\/\/airportsmokinglounge.com\/tr\/wp-json\/wp\/v2\/comments?post=336"}],"version-history":[{"count":5,"href":"https:\/\/airportsmokinglounge.com\/tr\/wp-json\/wp\/v2\/pages\/336\/revisions"}],"predecessor-version":[{"id":5522,"href":"https:\/\/airportsmokinglounge.com\/tr\/wp-json\/wp\/v2\/pages\/336\/revisions\/5522"}],"wp:featuredmedia":[{"embeddable":true,"href":"https:\/\/airportsmokinglounge.com\/tr\/wp-json\/wp\/v2\/media\/1199"}],"wp:attachment":[{"href":"https:\/\/airportsmokinglounge.com\/tr\/wp-json\/wp\/v2\/media?parent=336"}],"curies":[{"name":"wp","href":"https:\/\/api.w.org\/{rel}","templated":true}]}}