{"id":339,"date":"2023-03-02T20:37:24","date_gmt":"2023-03-02T19:37:24","guid":{"rendered":"https:\/\/airportsmokinglounge.com\/?page_id=339"},"modified":"2023-05-08T13:02:29","modified_gmt":"2023-05-08T11:02:29","slug":"smoking-areas-in-cameroon-airports","status":"publish","type":"page","link":"https:\/\/airportsmokinglounge.com\/tr\/kamerun-havalimanlarinda-sigara-icilen-alanlar\/","title":{"rendered":"Kamerun havalimanlar\u0131nda sigara i\u00e7ilen alanlar"},"content":{"rendered":"<p>Bu web sitesinde, belirlenmi\u015f sigara i\u00e7me alanlar\u0131 ve mevcut tesisler dahil olmak \u00fczere havalimanlar\u0131ndaki t\u00fcm sigara i\u00e7me alanlar\u0131n\u0131 bulabilirsiniz. G\u00fcvenlikten ge\u00e7ip hi\u00e7bir yerde sigara i\u00e7ilen alanlar\u0131n olmad\u0131\u011f\u0131n\u0131 ve baz\u0131 durumlarda e-sigara i\u00e7ilmesine izin verilmeyebilece\u011fini g\u00f6rmenin hayal k\u0131r\u0131kl\u0131\u011f\u0131n\u0131 anl\u0131yoruz.<\/p>\n<p>Bu hizmet, uzun u\u00e7u\u015flardan \u00f6nce veya sonra sigara keyfi yapmak isteyen t\u00fcm sigara i\u00e7enler i\u00e7indir.<\/p>\n<p>Kamerun, k\u00fc\u00e7\u00fck b\u00f6lgesel havalimanlar\u0131ndan daha b\u00fcy\u00fck uluslararas\u0131 merkezlere kadar \u00e7e\u015fitli havaalanlar\u0131na sahiptir.<\/p>\n<h2>Kamerun havaalanlar\u0131<\/h2>\n<ul style=\"list-style-type: circle;\">\n<li><a href=\"https:\/\/airportsmokinglounge.com\/tr\/sigara-alanlari-at-douala-havaalani-dla\/\">DOUALA ULUSLARARASI HAVAL\u0130MANI (DLA)<\/a><\/li>\n<li><a href=\"https:\/\/airportsmokinglounge.com\/tr\/yaounde-nsimalen-airport-nsi-at-sigara-alanlari\/\">YAOUND\u00c9 NSIMALEN ULUSLARARASI HAVAL\u0130MANI (NSI)<\/a><\/li>\n<\/ul>\n<h2>Kamerun Sigara Yasas\u0131<\/h2>\n<p>Kamerun&#039;da halka a\u00e7\u0131k alanlarda sigara i\u00e7ilmesini d\u00fczenlemek ve kontrol etmek i\u00e7in y\u00fcr\u00fcrl\u00fckte olan sigara i\u00e7me yasalar\u0131 vard\u0131r. Bu yasalar, halk sa\u011fl\u0131\u011f\u0131n\u0131 korumay\u0131, ikinci el dumana maruz kalmay\u0131 azaltmay\u0131 ve t\u00fct\u00fcn kullan\u0131m\u0131n\u0131 cayd\u0131rmay\u0131 ama\u00e7lamaktad\u0131r.<\/p>\n<p>Kamerun&#039;da h\u00fck\u00fcmet binalar\u0131, sa\u011fl\u0131k tesisleri, e\u011fitim kurumlar\u0131 ve toplu ta\u015f\u0131ma ara\u00e7lar\u0131 dahil olmak \u00fczere baz\u0131 halka a\u00e7\u0131k kapal\u0131 alanlarda sigara i\u00e7mek yasakt\u0131r. Kanun ayr\u0131ca kapal\u0131 kamusal alanlar ve kamu binalar\u0131n\u0131n giri\u015f ve \u00e7\u0131k\u0131\u015flar\u0131na yak\u0131n alanlar gibi \u00f6zel olarak sigara i\u00e7ilmeyen alanlar olarak belirlenmi\u015f alanlarda sigara i\u00e7ilmesini yasaklamaktad\u0131r.<\/p>\n<p>Kamerun&#039;da 18 ya\u015f\u0131ndan k\u00fc\u00e7\u00fcklere t\u00fct\u00fcn \u00fcr\u00fcnlerinin sat\u0131\u015f\u0131 da yasakt\u0131r. T\u00fct\u00fcn reklam\u0131 ve promosyonu, belirli medya ve halka a\u00e7\u0131k yerlerde reklam k\u0131s\u0131tlamalar\u0131 ile d\u00fczenlenmi\u015ftir.<\/p>\n<p>Kamerun&#039;da sigara i\u00e7me yasalar\u0131n\u0131n uygulanmas\u0131 ilgili makamlar taraf\u0131ndan y\u00fcr\u00fct\u00fcl\u00fcr ve ihlaller para cezalar\u0131na veya di\u011fer cezalara yol a\u00e7abilir.<\/p>\n<p>Sigara i\u00e7me yasalar\u0131n\u0131n ve d\u00fczenlemelerinin zaman i\u00e7inde de\u011fi\u015febilece\u011fini unutmamak \u00f6nemlidir, bu nedenle Kamerun&#039;un sigara i\u00e7me yasalar\u0131 hakk\u0131nda en g\u00fcncel bilgiler i\u00e7in en son yasalara ba\u015fvurman\u0131z veya yerel yetkililere dan\u0131\u015fman\u0131z \u00f6nerilir.<\/p>\n<p><strong>Daha fazla Havaalan\u0131 Sigara i\u00e7ilen alan\u00a0<\/strong><\/p>\n<ul>\n<li><a href=\"https:\/\/airportsmokinglounge.com\/tr\/kuzey-amerikanin-havaalanlarinda-sigara-icmek\/\">Kuzey Amerika<\/a><\/li>\n<li><a href=\"https:\/\/airportsmokinglounge.com\/tr\/guney-amerika-havaalanlarinda-sigara-icilmesi\/\">G\u00fcney Amerika<\/a><\/li>\n<li><a href=\"https:\/\/airportsmokinglounge.com\/tr\/avrupa-havalimanlarindaki-sigara-icme-alanlari\/\">Avrupa<\/a><\/li>\n<li><a href=\"https:\/\/airportsmokinglounge.com\/tr\/asyadaki-havaalanlarinda-sigara-icmek\/\">Asya<\/a><\/li>\n<li><a href=\"https:\/\/airportsmokinglounge.com\/tr\/okyanusya-havalimanlarinda-sigara-icmek\/\">Okyanusya<\/a><\/li>\n<\/ul>","protected":false},"excerpt":{"rendered":"<p>Bu web sitesinde havaalanlar\u0131ndaki t\u00fcm sigara i\u00e7me alanlar\u0131n\u0131, belirlenmi\u015f sigara i\u00e7me alanlar\u0131 ve mevcut tesisler dahil bulabilirsiniz. G\u00fcvenlikten ge\u00e7tikten sonra hi\u00e7bir yerde sigara i\u00e7me alan\u0131 olmad\u0131\u011f\u0131n\u0131 ve baz\u0131 durumlarda e-sigaraya izin verilmeyebilece\u011fini g\u00f6rmenin yaratt\u0131\u011f\u0131 hayal k\u0131r\u0131kl\u0131\u011f\u0131n\u0131 anl\u0131yoruz. Bu hizmet,\u2026&nbsp;<a href=\"https:\/\/airportsmokinglounge.com\/tr\/kamerun-havalimanlarinda-sigara-icilen-alanlar\/\" rel=\"bookmark\">Devam\u0131n\u0131 oku &quot;<span class=\"screen-reader-text\">Kamerun havalimanlar\u0131nda sigara i\u00e7ilen alanlar<\/span><\/a><\/p>","protected":false},"author":1,"featured_media":1199,"parent":0,"menu_order":0,"comment_status":"closed","ping_status":"closed","template":"","meta":{"neve_meta_sidebar":"","neve_meta_container":"","neve_meta_enable_content_width":"off","neve_meta_content_width":100,"neve_meta_title_alignment":"","neve_meta_author_avatar":"","neve_post_elements_order":"","neve_meta_disable_header":"","neve_meta_disable_footer":"","neve_meta_disable_title":"","neve_meta_reading_time":"","footnotes":""},"class_list":["post-339","page","type-page","status-publish","has-post-thumbnail","hentry"],"yoast_head":"<!-- This site is optimized with the Yoast SEO plugin v26.6 - https:\/\/yoast.com\/wordpress\/plugins\/seo\/ -->\n<title>Smoking areas in Cameroon airports - airportsmokinglounge.com<\/title>\n<meta name=\"description\" content=\"Smoking Areas in Cameroon Airports - Your Ultimate Guide to Finding a Place to Smoke \u2714\ufe0e Find Your Next Smoke Break Spot \u2714\ufe0e\" \/>\n<meta name=\"robots\" content=\"index, follow, max-snippet:-1, max-image-preview:large, max-video-preview:-1\" \/>\n<link rel=\"canonical\" href=\"https:\/\/airportsmokinglounge.com\/tr\/kamerun-havalimanlarinda-sigara-icilen-alanlar\/\" \/>\n<meta property=\"og:locale\" content=\"tr_TR\" \/>\n<meta property=\"og:type\" content=\"article\" \/>\n<meta property=\"og:title\" content=\"Smoking areas in Cameroon airports - airportsmokinglounge.com\" \/>\n<meta property=\"og:description\" content=\"Smoking Areas in Cameroon Airports - Your Ultimate Guide to Finding a Place to Smoke \u2714\ufe0e Find Your Next Smoke Break Spot \u2714\ufe0e\" \/>\n<meta property=\"og:url\" content=\"https:\/\/airportsmokinglounge.com\/tr\/kamerun-havalimanlarinda-sigara-icilen-alanlar\/\" \/>\n<meta property=\"og:site_name\" content=\"airportsmokinglounge.com\" \/>\n<meta property=\"article:modified_time\" content=\"2023-05-08T11:02:29+00:00\" \/>\n<meta property=\"og:image\" content=\"https:\/\/airportsmokinglounge.com\/wp-content\/uploads\/2023\/03\/airport-smoking-lounge-4.jpg\" \/>\n\t<meta property=\"og:image:width\" content=\"2048\" \/>\n\t<meta property=\"og:image:height\" content=\"1152\" \/>\n\t<meta property=\"og:image:type\" content=\"image\/jpeg\" \/>\n<meta name=\"twitter:card\" content=\"summary_large_image\" \/>\n<meta name=\"twitter:label1\" content=\"Tahmini okuma s\u00fcresi\" \/>\n\t<meta name=\"twitter:data1\" content=\"2 dakika\" \/>\n<script type=\"application\/ld+json\" class=\"yoast-schema-graph\">{\"@context\":\"https:\/\/schema.org\",\"@graph\":[{\"@type\":\"WebPage\",\"@id\":\"https:\/\/airportsmokinglounge.com\/smoking-areas-in-cameroon-airports\/\",\"url\":\"https:\/\/airportsmokinglounge.com\/smoking-areas-in-cameroon-airports\/\",\"name\":\"Smoking areas in Cameroon airports - airportsmokinglounge.com\",\"isPartOf\":{\"@id\":\"https:\/\/airportsmokinglounge.com\/#website\"},\"primaryImageOfPage\":{\"@id\":\"https:\/\/airportsmokinglounge.com\/smoking-areas-in-cameroon-airports\/#primaryimage\"},\"image\":{\"@id\":\"https:\/\/airportsmokinglounge.com\/smoking-areas-in-cameroon-airports\/#primaryimage\"},\"thumbnailUrl\":\"https:\/\/airportsmokinglounge.com\/wp-content\/uploads\/2023\/03\/airport-smoking-lounge-4.jpg\",\"datePublished\":\"2023-03-02T19:37:24+00:00\",\"dateModified\":\"2023-05-08T11:02:29+00:00\",\"description\":\"Smoking Areas in Cameroon Airports - Your Ultimate Guide to Finding a Place to Smoke \u2714\ufe0e Find Your Next Smoke Break Spot \u2714\ufe0e\",\"breadcrumb\":{\"@id\":\"https:\/\/airportsmokinglounge.com\/smoking-areas-in-cameroon-airports\/#breadcrumb\"},\"inLanguage\":\"tr\",\"potentialAction\":[{\"@type\":\"ReadAction\",\"target\":[\"https:\/\/airportsmokinglounge.com\/smoking-areas-in-cameroon-airports\/\"]}]},{\"@type\":\"ImageObject\",\"inLanguage\":\"tr\",\"@id\":\"https:\/\/airportsmokinglounge.com\/smoking-areas-in-cameroon-airports\/#primaryimage\",\"url\":\"https:\/\/airportsmokinglounge.com\/wp-content\/uploads\/2023\/03\/airport-smoking-lounge-4.jpg\",\"contentUrl\":\"https:\/\/airportsmokinglounge.com\/wp-content\/uploads\/2023\/03\/airport-smoking-lounge-4.jpg\",\"width\":2048,\"height\":1152,\"caption\":\"Airport Smoking\"},{\"@type\":\"BreadcrumbList\",\"@id\":\"https:\/\/airportsmokinglounge.com\/smoking-areas-in-cameroon-airports\/#breadcrumb\",\"itemListElement\":[{\"@type\":\"ListItem\",\"position\":1,\"name\":\"Home\",\"item\":\"https:\/\/airportsmokinglounge.com\/\"},{\"@type\":\"ListItem\",\"position\":2,\"name\":\"Smoking areas in Cameroon airports\"}]},{\"@type\":\"WebSite\",\"@id\":\"https:\/\/airportsmokinglounge.com\/#website\",\"url\":\"https:\/\/airportsmokinglounge.com\/\",\"name\":\"airportsmokinglounge.com\",\"description\":\"\",\"potentialAction\":[{\"@type\":\"SearchAction\",\"target\":{\"@type\":\"EntryPoint\",\"urlTemplate\":\"https:\/\/airportsmokinglounge.com\/?s={search_term_string}\"},\"query-input\":{\"@type\":\"PropertyValueSpecification\",\"valueRequired\":true,\"valueName\":\"search_term_string\"}}],\"inLanguage\":\"tr\"}]}<\/script>\n<!-- \/ Yoast SEO plugin. -->","yoast_head_json":{"title":"Kamerun havalimanlar\u0131nda sigara i\u00e7ilen alanlar - Airport Smokinglounge.com","description":"Kamerun Havalimanlar\u0131nda Sigara \u0130\u00e7ilen Alanlar - Sigara \u0130\u00e7ilecek Bir Yer Bulmak \u0130\u00e7in En \u0130yi Rehberiniz \u2714\ufe0e Bir Sonraki Sigara Mola Noktan\u0131z\u0131 Bulun \u2714\ufe0e","robots":{"index":"index","follow":"follow","max-snippet":"max-snippet:-1","max-image-preview":"max-image-preview:large","max-video-preview":"max-video-preview:-1"},"canonical":"https:\/\/airportsmokinglounge.com\/tr\/kamerun-havalimanlarinda-sigara-icilen-alanlar\/","og_locale":"tr_TR","og_type":"article","og_title":"Smoking areas in Cameroon airports - airportsmokinglounge.com","og_description":"Smoking Areas in Cameroon Airports - Your Ultimate Guide to Finding a Place to Smoke \u2714\ufe0e Find Your Next Smoke Break Spot \u2714\ufe0e","og_url":"https:\/\/airportsmokinglounge.com\/tr\/kamerun-havalimanlarinda-sigara-icilen-alanlar\/","og_site_name":"airportsmokinglounge.com","article_modified_time":"2023-05-08T11:02:29+00:00","og_image":[{"width":2048,"height":1152,"url":"https:\/\/airportsmokinglounge.com\/wp-content\/uploads\/2023\/03\/airport-smoking-lounge-4.jpg","type":"image\/jpeg"}],"twitter_card":"summary_large_image","twitter_misc":{"Tahmini okuma s\u00fcresi":"2 dakika"},"schema":{"@context":"https:\/\/schema.org","@graph":[{"@type":"WebPage","@id":"https:\/\/airportsmokinglounge.com\/smoking-areas-in-cameroon-airports\/","url":"https:\/\/airportsmokinglounge.com\/smoking-areas-in-cameroon-airports\/","name":"Kamerun havalimanlar\u0131nda sigara i\u00e7ilen alanlar - Airport Smokinglounge.com","isPartOf":{"@id":"https:\/\/airportsmokinglounge.com\/#website"},"primaryImageOfPage":{"@id":"https:\/\/airportsmokinglounge.com\/smoking-areas-in-cameroon-airports\/#primaryimage"},"image":{"@id":"https:\/\/airportsmokinglounge.com\/smoking-areas-in-cameroon-airports\/#primaryimage"},"thumbnailUrl":"https:\/\/airportsmokinglounge.com\/wp-content\/uploads\/2023\/03\/airport-smoking-lounge-4.jpg","datePublished":"2023-03-02T19:37:24+00:00","dateModified":"2023-05-08T11:02:29+00:00","description":"Kamerun Havalimanlar\u0131nda Sigara \u0130\u00e7ilen Alanlar - Sigara \u0130\u00e7ilecek Bir Yer Bulmak \u0130\u00e7in En \u0130yi Rehberiniz \u2714\ufe0e Bir Sonraki Sigara Mola Noktan\u0131z\u0131 Bulun \u2714\ufe0e","breadcrumb":{"@id":"https:\/\/airportsmokinglounge.com\/smoking-areas-in-cameroon-airports\/#breadcrumb"},"inLanguage":"tr","potentialAction":[{"@type":"ReadAction","target":["https:\/\/airportsmokinglounge.com\/smoking-areas-in-cameroon-airports\/"]}]},{"@type":"ImageObject","inLanguage":"tr","@id":"https:\/\/airportsmokinglounge.com\/smoking-areas-in-cameroon-airports\/#primaryimage","url":"https:\/\/airportsmokinglounge.com\/wp-content\/uploads\/2023\/03\/airport-smoking-lounge-4.jpg","contentUrl":"https:\/\/airportsmokinglounge.com\/wp-content\/uploads\/2023\/03\/airport-smoking-lounge-4.jpg","width":2048,"height":1152,"caption":"Airport Smoking"},{"@type":"BreadcrumbList","@id":"https:\/\/airportsmokinglounge.com\/smoking-areas-in-cameroon-airports\/#breadcrumb","itemListElement":[{"@type":"ListItem","position":1,"name":"Home","item":"https:\/\/airportsmokinglounge.com\/"},{"@type":"ListItem","position":2,"name":"Smoking areas in Cameroon airports"}]},{"@type":"WebSite","@id":"https:\/\/airportsmokinglounge.com\/#website","url":"https:\/\/airportsmokinglounge.com\/","name":"havaalan\u0131sigara salonu.com","description":"","potentialAction":[{"@type":"SearchAction","target":{"@type":"EntryPoint","urlTemplate":"https:\/\/airportsmokinglounge.com\/?s={search_term_string}"},"query-input":{"@type":"PropertyValueSpecification","valueRequired":true,"valueName":"search_term_string"}}],"inLanguage":"tr"}]}},"_links":{"self":[{"href":"https:\/\/airportsmokinglounge.com\/tr\/wp-json\/wp\/v2\/pages\/339","targetHints":{"allow":["GET"]}}],"collection":[{"href":"https:\/\/airportsmokinglounge.com\/tr\/wp-json\/wp\/v2\/pages"}],"about":[{"href":"https:\/\/airportsmokinglounge.com\/tr\/wp-json\/wp\/v2\/types\/page"}],"author":[{"embeddable":true,"href":"https:\/\/airportsmokinglounge.com\/tr\/wp-json\/wp\/v2\/users\/1"}],"replies":[{"embeddable":true,"href":"https:\/\/airportsmokinglounge.com\/tr\/wp-json\/wp\/v2\/comments?post=339"}],"version-history":[{"count":6,"href":"https:\/\/airportsmokinglounge.com\/tr\/wp-json\/wp\/v2\/pages\/339\/revisions"}],"predecessor-version":[{"id":4645,"href":"https:\/\/airportsmokinglounge.com\/tr\/wp-json\/wp\/v2\/pages\/339\/revisions\/4645"}],"wp:featuredmedia":[{"embeddable":true,"href":"https:\/\/airportsmokinglounge.com\/tr\/wp-json\/wp\/v2\/media\/1199"}],"wp:attachment":[{"href":"https:\/\/airportsmokinglounge.com\/tr\/wp-json\/wp\/v2\/media?parent=339"}],"curies":[{"name":"wp","href":"https:\/\/api.w.org\/{rel}","templated":true}]}}