{"id":379,"date":"2023-03-02T22:51:51","date_gmt":"2023-03-02T21:51:51","guid":{"rendered":"https:\/\/airportsmokinglounge.com\/?page_id=379"},"modified":"2023-05-22T23:00:56","modified_gmt":"2023-05-22T21:00:56","slug":"smoking-areas-in-indias-airports","status":"publish","type":"page","link":"https:\/\/airportsmokinglounge.com\/tr\/hindistan-havalimanlarindaki-sigara-icme-alanlari\/","title":{"rendered":"Hindistan havaalanlar\u0131nda sigara i\u00e7ilen alanlar"},"content":{"rendered":"<p>Hindistan&#039;da k\u00fc\u00e7\u00fck b\u00f6lgesel havalimanlar\u0131ndan daha b\u00fcy\u00fck uluslararas\u0131 merkezlere kadar \u00e7e\u015fitli havaalanlar\u0131 bulunmaktad\u0131r.<\/p>\n<p>Bu web sitesinde, belirlenmi\u015f sigara i\u00e7me alanlar\u0131 ve mevcut tesisler dahil olmak \u00fczere havalimanlar\u0131ndaki t\u00fcm sigara i\u00e7me alanlar\u0131n\u0131 bulabilirsiniz. G\u00fcvenlikten ge\u00e7ip hi\u00e7bir yerde sigara i\u00e7ilen alanlar\u0131n olmad\u0131\u011f\u0131n\u0131 ve baz\u0131 durumlarda e-sigara i\u00e7ilmesine izin verilmeyebilece\u011fini g\u00f6rmenin hayal k\u0131r\u0131kl\u0131\u011f\u0131n\u0131 anl\u0131yoruz.<\/p>\n<p>Bu hizmet, uzun u\u00e7u\u015flardan \u00f6nce veya sonra sigara keyfi yapmak isteyen t\u00fcm sigara i\u00e7enler i\u00e7indir.<\/p>\n<h2>Hindistan havaalanlar\u0131<\/h2>\n<ul style=\"list-style-type: circle;\">\n<li><a href=\"https:\/\/airportsmokinglounge.com\/tr\/yeni-delhi-uluslararasi-havaalani-delde-sigara-icme-alanlari\/\">YEN\u0130 DEHL\u0130 \u2013 INDIRA GANDHI ULUSLARARASI HAVAL\u0130MANI (DEL)<\/a><\/li>\n<li><a href=\"https:\/\/airportsmokinglounge.com\/tr\/mumbai-uluslararasi-havaalaninda-sigara-icme-alanlari\/\">MUMBAI \u2013 CHHATRAPATI SHIVAJI ULUSLARARASI HAVAL\u0130MANI (BOM)<\/a><\/li>\n<li><a href=\"https:\/\/airportsmokinglounge.com\/tr\/chennai-uluslararasi-havaalaninda-maa-sigara-icme-alanlari\/\">CHENNAI ULUSLARARASI HAVAL\u0130MANI (MAA)<\/a><\/li>\n<li><a href=\"https:\/\/airportsmokinglounge.com\/tr\/bangalore-uluslararasi-havaalaninda-blr-sigara-icme-alanlari\/\">BANGALORE KEMPEGOWDA ULUSLARARASI HAVAL\u0130MANI (BLR)<\/a><\/li>\n<li><a href=\"https:\/\/airportsmokinglounge.com\/tr\/kochi-cochin-uluslararasi-havaalani-cokta-sigara-icme-alanlari\/\">KOCHI \u2013 COCHIN ULUSLARARASI HAVAL\u0130MANI (COK)<\/a><\/li>\n<li><a href=\"https:\/\/airportsmokinglounge.com\/tr\/chandigarh-airport-ixcde-sigara-icilen-alanlar\/\">\u00c7AND\u0130GARH HAVAL\u0130MANI (IXC)<\/a><\/li>\n<li><a href=\"https:\/\/airportsmokinglounge.com\/tr\/sigara-icme-alanlari-haydarabad-uluslararasi-havaalani-hyd\/\">HYDERABAD \u2013 RAJIV GANDHI ULUSLARARASI HAVAL\u0130MANI (HYD)<\/a><\/li>\n<li><a href=\"https:\/\/airportsmokinglounge.com\/tr\/trivandrum-uluslararasi-havaalani-trvde-sigara-icme-alanlari\/\">TRIVANDRUM ULUSLARARASI HAVAL\u0130MANI (TRV)<\/a><\/li>\n<li><a href=\"https:\/\/airportsmokinglounge.com\/tr\/sigara-icme-alanlari-kalkuta-uluslararasi-havaalani-ccu\/\">KOLKATA \u2013 NETAJI SUBHASH CHANDRA BOSE ULUSLARARASI HAVAL\u0130MANI (CCU)<\/a><\/li>\n<li><a href=\"https:\/\/airportsmokinglounge.com\/tr\/calicut-uluslararasi-havaalaninda-ccj-sigara-icme-alanlari\/\">CALICUT ULUSLARARASI HAVAL\u0130MANI (CCJ)<\/a><\/li>\n<li><a href=\"https:\/\/airportsmokinglounge.com\/tr\/goa-dabolim-havaalani-goide-sigara-icme-alanlari\/\">GOA DABOL\u0130M HAVAL\u0130MANI (GOI)<\/a><\/li>\n<li><a href=\"https:\/\/airportsmokinglounge.com\/tr\/amritsar-dri-guru-ram-dass-jee-uluslararasi-havaalani-atqda-sigara-icme-alanlari\/\">AMRITSAR \u2013 DRI GURU RAM DASS JEE ULUSLARARASI HAVAL\u0130MANI (ATQ)<\/a><\/li>\n<li><a href=\"https:\/\/airportsmokinglounge.com\/tr\/mangalore-uluslararasi-havaalaninda-ixe-sigara-icme-alanlari\/\">MANGALORE ULUSLARARASI HAVAL\u0130MANI (IXE)<\/a><\/li>\n<li><a href=\"https:\/\/airportsmokinglounge.com\/tr\/ahmedabad-uluslararasi-havalimani-amdde-sigara-icme-alanlari\/\">AHMEDABAD ULUSLARARASI HAVAL\u0130MANI (AMD)<\/a><\/li>\n<li><a href=\"https:\/\/airportsmokinglounge.com\/tr\/jaipur-uluslararasi-havaalani-jaide-sigara-icme-alanlari\/\">JAPUR ULUSLARARASI HAVAL\u0130MANI (JAI)<\/a><\/li>\n<li><a href=\"https:\/\/airportsmokinglounge.com\/tr\/pune-havaalaninda-sigara-icme-alanlari-pnq\/\">PUNE HAVAL\u0130MANI (PNQ)<\/a><\/li>\n<li><a href=\"https:\/\/airportsmokinglounge.com\/tr\/lucknow-uluslararasi-havaalaninda-sigara-icilen-alanlar-lko\/\">LUCKNOW CHAUDHARY CHARAN SINGH ULUSLARARASI HAVAL\u0130MANI (LKO)<\/a><\/li>\n<li><a href=\"https:\/\/airportsmokinglounge.com\/tr\/coimbatore-uluslararasi-havalimaninda-sigara-icilen-alanlar-cjb\/\">COIMBATORE ULUSLARARASI HAVAL\u0130MANI (CJB)<\/a><\/li>\n<li><a href=\"https:\/\/airportsmokinglounge.com\/tr\/tiruchirapally-sivil-havalimaninda-trz-sigara-icme-alanlari\/\">TIRUCHIRPALLY S\u0130V\u0130L HAVAL\u0130MANI (TRZ)<\/a><\/li>\n<li><a href=\"https:\/\/airportsmokinglounge.com\/tr\/siliguri-bagdogra-havaalaninda-sigara-icilen-alanlar-ixb\/\">S\u0130L\u0130GUR\u0130 BAGDO\u011eRA HAVAL\u0130MANI (IXB)<\/a><\/li>\n<li><a href=\"https:\/\/airportsmokinglounge.com\/tr\/guwahati-uluslararasi-havalimaninda-sigara-icilen-alanlar-gau\/\">GUWAHATI \u2013 LOKPRIYA GOPINATH BORDOLOI ULUSLARARASI HAVAL\u0130MANI (GAU)<\/a><\/li>\n<\/ul>\n<h2>Hindistan Sigara Yasas\u0131<\/h2>\n<p>Hindistan, halk sa\u011fl\u0131\u011f\u0131n\u0131 korumak ve t\u00fct\u00fcn kullan\u0131m\u0131n\u0131 azaltmak i\u00e7in kapsaml\u0131 sigara d\u00fczenlemeleri uygulamaya koydu. Ancak, sigara i\u00e7meyle ilgili yasa ve d\u00fczenlemelerin zaman i\u00e7inde de\u011fi\u015febilece\u011fini l\u00fctfen unutmay\u0131n; bu nedenle, Hindistan&#039;\u0131n sigara i\u00e7me yasalar\u0131na ili\u015fkin en g\u00fcncel bilgiler i\u00e7in en g\u00fcncel yasalara ba\u015fvurman\u0131z veya yerel yetkililere dan\u0131\u015fman\u0131z tavsiye edilir.<\/p>\n<p>Hindistan&#039;da h\u00fck\u00fcmet binalar\u0131, sa\u011fl\u0131k tesisleri, e\u011fitim kurumlar\u0131, toplu ta\u015f\u0131ma, restoranlar, barlar ve i\u015fyerleri dahil olmak \u00fczere t\u00fcm kapal\u0131 halka a\u00e7\u0131k yerlerde sigara i\u00e7mek genellikle yasakt\u0131r. Yasa ayn\u0131 zamanda park, stadyum gibi a\u00e7\u0131k alanlarda ve e\u011fitim kurumlar\u0131n\u0131n yak\u0131n\u0131nda sigara i\u00e7ilmesini de yasakl\u0131yor. Hindistan, vatanda\u015flar\u0131na daha sa\u011fl\u0131kl\u0131 bir ortam sa\u011flamak i\u00e7in bir\u00e7ok kamu alan\u0131n\u0131 dumans\u0131z b\u00f6lge olarak belirledi.<\/p>\n<p>Hindistan&#039;da 18 ya\u015f\u0131n alt\u0131ndaki \u00e7ocuklara t\u00fct\u00fcn \u00fcr\u00fcnlerinin sat\u0131\u015f\u0131 yasakt\u0131r. Ayr\u0131ca \u00fclke t\u00fct\u00fcn reklam\u0131, promosyonu ve sponsorlu\u011fu konusunda kat\u0131 d\u00fczenlemeler uygulamaktad\u0131r.<\/p>\n<p>Hindistan, sa\u011fl\u0131k kampanyalar\u0131, e\u011fitim programlar\u0131 ve sigara paketleri \u00fczerindeki uyar\u0131lar yoluyla sigara i\u00e7menin yol a\u00e7t\u0131\u011f\u0131 sa\u011fl\u0131k riskleri konusunda kamuoyunu bilin\u00e7lendirmek i\u00e7in kapsaml\u0131 \u00f6nlemler ald\u0131. \u00dclke, t\u00fct\u00fcn \u00fcr\u00fcnleri ambalajlar\u0131na grafik resimli sa\u011fl\u0131k uyar\u0131lar\u0131 uygulad\u0131.<\/p>\n<p>Sigara i\u00e7me yasalar\u0131n\u0131n uygulanmas\u0131 ilgili makamlar taraf\u0131ndan y\u00fcr\u00fct\u00fcl\u00fcr ve ihlaller para cezalar\u0131 veya di\u011fer cezalarla sonu\u00e7lanabilir.<\/p>\n<p>Baz\u0131 Hint eyaletleri ve birlik b\u00f6lgelerinin, ulusal yasalar\u0131n \u00f6tesinde ek sigara i\u00e7me k\u0131s\u0131tlamalar\u0131 ve d\u00fczenlemeleri olabilece\u011fini belirtmekte fayda var. Bu nedenle, daha ayr\u0131nt\u0131l\u0131 bilgi i\u00e7in ilgili eyalet veya birlik b\u00f6lgesinin \u00f6zel mevzuat\u0131na ve d\u00fczenlemelerine ba\u015fvurmak \u00f6nemlidir.<\/p>\n<p>Hindistan&#039;\u0131n sigara i\u00e7me yasalar\u0131na ili\u015fkin en do\u011fru ve g\u00fcncel bilgiler i\u00e7in en son yasalara ba\u015fvurman\u0131z veya yerel yetkililere veya sa\u011fl\u0131k kurulu\u015flar\u0131na ba\u015fvurman\u0131z \u00f6nerilir.<\/p>\n<p><strong>Daha fazla Havaalan\u0131 Sigara i\u00e7ilen alan\u00a0<\/strong><\/p>\n<ul>\n<li><a href=\"https:\/\/airportsmokinglounge.com\/tr\/kuzey-amerikanin-havaalanlarinda-sigara-icmek\/\">Kuzey Amerika<\/a><\/li>\n<li><a href=\"https:\/\/airportsmokinglounge.com\/tr\/guney-amerika-havaalanlarinda-sigara-icilmesi\/\">G\u00fcney Amerika<\/a><\/li>\n<li><a href=\"https:\/\/airportsmokinglounge.com\/tr\/avrupa-havalimanlarindaki-sigara-icme-alanlari\/\">Avrupa<\/a><\/li>\n<li><a href=\"https:\/\/airportsmokinglounge.com\/tr\/asyadaki-havaalanlarinda-sigara-icmek\/\">Asya<\/a><\/li>\n<li><a href=\"https:\/\/airportsmokinglounge.com\/tr\/okyanusya-havalimanlarinda-sigara-icmek\/\">Okyanusya<\/a><\/li>\n<\/ul>","protected":false},"excerpt":{"rendered":"<p>India has several airports, ranging from small regional airports to larger international hubs. On this website you can find all smoking areas in airports, including designated smoking areas and available facilities. We understand the frustration of going through security only to find that there are no smoking areas anywhere and in some cases e-cigarettes may&hellip;&nbsp;<a href=\"https:\/\/airportsmokinglounge.com\/tr\/hindistan-havalimanlarindaki-sigara-icme-alanlari\/\" rel=\"bookmark\">Devam\u0131n\u0131 oku &quot;<span class=\"screen-reader-text\">Hindistan havaalanlar\u0131nda sigara i\u00e7ilen alanlar<\/span><\/a><\/p>","protected":false},"author":1,"featured_media":1199,"parent":0,"menu_order":0,"comment_status":"closed","ping_status":"closed","template":"","meta":{"neve_meta_sidebar":"","neve_meta_container":"","neve_meta_enable_content_width":"off","neve_meta_content_width":100,"neve_meta_title_alignment":"","neve_meta_author_avatar":"","neve_post_elements_order":"","neve_meta_disable_header":"","neve_meta_disable_footer":"","neve_meta_disable_title":"","neve_meta_reading_time":"","footnotes":""},"class_list":["post-379","page","type-page","status-publish","has-post-thumbnail","hentry"],"yoast_head":"<!-- This site is optimized with the Yoast SEO plugin v26.6 - https:\/\/yoast.com\/wordpress\/plugins\/seo\/ -->\n<title>Smoking areas in India&#039;s airports - airportsmokinglounge.com<\/title>\n<meta name=\"description\" content=\"Smoking Areas in India&#039;s Airports - Your Ultimate Guide to Finding a Place to Smoke \u2714\ufe0e Find Your Next Smoke Break Spot \u2714\ufe0e\" \/>\n<meta name=\"robots\" content=\"index, follow, max-snippet:-1, max-image-preview:large, max-video-preview:-1\" \/>\n<link rel=\"canonical\" href=\"https:\/\/airportsmokinglounge.com\/tr\/hindistan-havalimanlarindaki-sigara-icme-alanlari\/\" \/>\n<meta property=\"og:locale\" content=\"tr_TR\" \/>\n<meta property=\"og:type\" content=\"article\" \/>\n<meta property=\"og:title\" content=\"Smoking areas in India&#039;s airports - airportsmokinglounge.com\" \/>\n<meta property=\"og:description\" content=\"Smoking Areas in India&#039;s Airports - Your Ultimate Guide to Finding a Place to Smoke \u2714\ufe0e Find Your Next Smoke Break Spot \u2714\ufe0e\" \/>\n<meta property=\"og:url\" content=\"https:\/\/airportsmokinglounge.com\/tr\/hindistan-havalimanlarindaki-sigara-icme-alanlari\/\" \/>\n<meta property=\"og:site_name\" content=\"airportsmokinglounge.com\" \/>\n<meta property=\"article:modified_time\" content=\"2023-05-22T21:00:56+00:00\" \/>\n<meta property=\"og:image\" content=\"https:\/\/airportsmokinglounge.com\/wp-content\/uploads\/2023\/03\/airport-smoking-lounge-4.jpg\" \/>\n\t<meta property=\"og:image:width\" content=\"2048\" \/>\n\t<meta property=\"og:image:height\" content=\"1152\" \/>\n\t<meta property=\"og:image:type\" content=\"image\/jpeg\" \/>\n<meta name=\"twitter:card\" content=\"summary_large_image\" \/>\n<meta name=\"twitter:label1\" content=\"Tahmini okuma s\u00fcresi\" \/>\n\t<meta name=\"twitter:data1\" content=\"3 dakika\" \/>\n<script type=\"application\/ld+json\" class=\"yoast-schema-graph\">{\"@context\":\"https:\/\/schema.org\",\"@graph\":[{\"@type\":\"WebPage\",\"@id\":\"https:\/\/airportsmokinglounge.com\/smoking-areas-in-indias-airports\/\",\"url\":\"https:\/\/airportsmokinglounge.com\/smoking-areas-in-indias-airports\/\",\"name\":\"Smoking areas in India's airports - airportsmokinglounge.com\",\"isPartOf\":{\"@id\":\"https:\/\/airportsmokinglounge.com\/#website\"},\"primaryImageOfPage\":{\"@id\":\"https:\/\/airportsmokinglounge.com\/smoking-areas-in-indias-airports\/#primaryimage\"},\"image\":{\"@id\":\"https:\/\/airportsmokinglounge.com\/smoking-areas-in-indias-airports\/#primaryimage\"},\"thumbnailUrl\":\"https:\/\/airportsmokinglounge.com\/wp-content\/uploads\/2023\/03\/airport-smoking-lounge-4.jpg\",\"datePublished\":\"2023-03-02T21:51:51+00:00\",\"dateModified\":\"2023-05-22T21:00:56+00:00\",\"description\":\"Smoking Areas in India's Airports - Your Ultimate Guide to Finding a Place to Smoke \u2714\ufe0e Find Your Next Smoke Break Spot \u2714\ufe0e\",\"breadcrumb\":{\"@id\":\"https:\/\/airportsmokinglounge.com\/smoking-areas-in-indias-airports\/#breadcrumb\"},\"inLanguage\":\"tr\",\"potentialAction\":[{\"@type\":\"ReadAction\",\"target\":[\"https:\/\/airportsmokinglounge.com\/smoking-areas-in-indias-airports\/\"]}]},{\"@type\":\"ImageObject\",\"inLanguage\":\"tr\",\"@id\":\"https:\/\/airportsmokinglounge.com\/smoking-areas-in-indias-airports\/#primaryimage\",\"url\":\"https:\/\/airportsmokinglounge.com\/wp-content\/uploads\/2023\/03\/airport-smoking-lounge-4.jpg\",\"contentUrl\":\"https:\/\/airportsmokinglounge.com\/wp-content\/uploads\/2023\/03\/airport-smoking-lounge-4.jpg\",\"width\":2048,\"height\":1152,\"caption\":\"Airport Smoking\"},{\"@type\":\"BreadcrumbList\",\"@id\":\"https:\/\/airportsmokinglounge.com\/smoking-areas-in-indias-airports\/#breadcrumb\",\"itemListElement\":[{\"@type\":\"ListItem\",\"position\":1,\"name\":\"Home\",\"item\":\"https:\/\/airportsmokinglounge.com\/\"},{\"@type\":\"ListItem\",\"position\":2,\"name\":\"Smoking areas in India&#8217;s airports\"}]},{\"@type\":\"WebSite\",\"@id\":\"https:\/\/airportsmokinglounge.com\/#website\",\"url\":\"https:\/\/airportsmokinglounge.com\/\",\"name\":\"airportsmokinglounge.com\",\"description\":\"\",\"potentialAction\":[{\"@type\":\"SearchAction\",\"target\":{\"@type\":\"EntryPoint\",\"urlTemplate\":\"https:\/\/airportsmokinglounge.com\/?s={search_term_string}\"},\"query-input\":{\"@type\":\"PropertyValueSpecification\",\"valueRequired\":true,\"valueName\":\"search_term_string\"}}],\"inLanguage\":\"tr\"}]}<\/script>\n<!-- \/ Yoast SEO plugin. -->","yoast_head_json":{"title":"Hindistan&#039;\u0131n havalimanlar\u0131ndaki sigara i\u00e7ilen alanlar - Airport Smokinglounge.com","description":"Hindistan Havalimanlar\u0131ndaki Sigara \u0130\u00e7ilen Alanlar - Sigara \u0130\u00e7ilecek Bir Yer Bulmak \u0130\u00e7in En \u0130yi Rehberiniz \u2714\ufe0e Bir Sonraki Sigara \u0130\u00e7me Noktan\u0131z\u0131 Bulun \u2714\ufe0e","robots":{"index":"index","follow":"follow","max-snippet":"max-snippet:-1","max-image-preview":"max-image-preview:large","max-video-preview":"max-video-preview:-1"},"canonical":"https:\/\/airportsmokinglounge.com\/tr\/hindistan-havalimanlarindaki-sigara-icme-alanlari\/","og_locale":"tr_TR","og_type":"article","og_title":"Smoking areas in India's airports - airportsmokinglounge.com","og_description":"Smoking Areas in India's Airports - Your Ultimate Guide to Finding a Place to Smoke \u2714\ufe0e Find Your Next Smoke Break Spot \u2714\ufe0e","og_url":"https:\/\/airportsmokinglounge.com\/tr\/hindistan-havalimanlarindaki-sigara-icme-alanlari\/","og_site_name":"airportsmokinglounge.com","article_modified_time":"2023-05-22T21:00:56+00:00","og_image":[{"width":2048,"height":1152,"url":"https:\/\/airportsmokinglounge.com\/wp-content\/uploads\/2023\/03\/airport-smoking-lounge-4.jpg","type":"image\/jpeg"}],"twitter_card":"summary_large_image","twitter_misc":{"Tahmini okuma s\u00fcresi":"3 dakika"},"schema":{"@context":"https:\/\/schema.org","@graph":[{"@type":"WebPage","@id":"https:\/\/airportsmokinglounge.com\/smoking-areas-in-indias-airports\/","url":"https:\/\/airportsmokinglounge.com\/smoking-areas-in-indias-airports\/","name":"Hindistan&#039;\u0131n havalimanlar\u0131ndaki sigara i\u00e7ilen alanlar - Airport Smokinglounge.com","isPartOf":{"@id":"https:\/\/airportsmokinglounge.com\/#website"},"primaryImageOfPage":{"@id":"https:\/\/airportsmokinglounge.com\/smoking-areas-in-indias-airports\/#primaryimage"},"image":{"@id":"https:\/\/airportsmokinglounge.com\/smoking-areas-in-indias-airports\/#primaryimage"},"thumbnailUrl":"https:\/\/airportsmokinglounge.com\/wp-content\/uploads\/2023\/03\/airport-smoking-lounge-4.jpg","datePublished":"2023-03-02T21:51:51+00:00","dateModified":"2023-05-22T21:00:56+00:00","description":"Hindistan Havalimanlar\u0131ndaki Sigara \u0130\u00e7ilen Alanlar - Sigara \u0130\u00e7ilecek Bir Yer Bulmak \u0130\u00e7in En \u0130yi Rehberiniz \u2714\ufe0e Bir Sonraki Sigara \u0130\u00e7me Noktan\u0131z\u0131 Bulun \u2714\ufe0e","breadcrumb":{"@id":"https:\/\/airportsmokinglounge.com\/smoking-areas-in-indias-airports\/#breadcrumb"},"inLanguage":"tr","potentialAction":[{"@type":"ReadAction","target":["https:\/\/airportsmokinglounge.com\/smoking-areas-in-indias-airports\/"]}]},{"@type":"ImageObject","inLanguage":"tr","@id":"https:\/\/airportsmokinglounge.com\/smoking-areas-in-indias-airports\/#primaryimage","url":"https:\/\/airportsmokinglounge.com\/wp-content\/uploads\/2023\/03\/airport-smoking-lounge-4.jpg","contentUrl":"https:\/\/airportsmokinglounge.com\/wp-content\/uploads\/2023\/03\/airport-smoking-lounge-4.jpg","width":2048,"height":1152,"caption":"Airport Smoking"},{"@type":"BreadcrumbList","@id":"https:\/\/airportsmokinglounge.com\/smoking-areas-in-indias-airports\/#breadcrumb","itemListElement":[{"@type":"ListItem","position":1,"name":"Home","item":"https:\/\/airportsmokinglounge.com\/"},{"@type":"ListItem","position":2,"name":"Smoking areas in India&#8217;s airports"}]},{"@type":"WebSite","@id":"https:\/\/airportsmokinglounge.com\/#website","url":"https:\/\/airportsmokinglounge.com\/","name":"havaalan\u0131sigara salonu.com","description":"","potentialAction":[{"@type":"SearchAction","target":{"@type":"EntryPoint","urlTemplate":"https:\/\/airportsmokinglounge.com\/?s={search_term_string}"},"query-input":{"@type":"PropertyValueSpecification","valueRequired":true,"valueName":"search_term_string"}}],"inLanguage":"tr"}]}},"_links":{"self":[{"href":"https:\/\/airportsmokinglounge.com\/tr\/wp-json\/wp\/v2\/pages\/379","targetHints":{"allow":["GET"]}}],"collection":[{"href":"https:\/\/airportsmokinglounge.com\/tr\/wp-json\/wp\/v2\/pages"}],"about":[{"href":"https:\/\/airportsmokinglounge.com\/tr\/wp-json\/wp\/v2\/types\/page"}],"author":[{"embeddable":true,"href":"https:\/\/airportsmokinglounge.com\/tr\/wp-json\/wp\/v2\/users\/1"}],"replies":[{"embeddable":true,"href":"https:\/\/airportsmokinglounge.com\/tr\/wp-json\/wp\/v2\/comments?post=379"}],"version-history":[{"count":10,"href":"https:\/\/airportsmokinglounge.com\/tr\/wp-json\/wp\/v2\/pages\/379\/revisions"}],"predecessor-version":[{"id":5822,"href":"https:\/\/airportsmokinglounge.com\/tr\/wp-json\/wp\/v2\/pages\/379\/revisions\/5822"}],"wp:featuredmedia":[{"embeddable":true,"href":"https:\/\/airportsmokinglounge.com\/tr\/wp-json\/wp\/v2\/media\/1199"}],"wp:attachment":[{"href":"https:\/\/airportsmokinglounge.com\/tr\/wp-json\/wp\/v2\/media?parent=379"}],"curies":[{"name":"wp","href":"https:\/\/api.w.org\/{rel}","templated":true}]}}