{"id":3871,"date":"2023-04-27T12:05:59","date_gmt":"2023-04-27T10:05:59","guid":{"rendered":"https:\/\/airportsmokinglounge.com\/?page_id=3871"},"modified":"2023-05-16T13:52:26","modified_gmt":"2023-05-16T11:52:26","slug":"smoking-areas-at-buriram-airport-bfv","status":"publish","type":"page","link":"https:\/\/airportsmokinglounge.com\/tr\/buriram-havaalaninda-sigara-icme-alanlari-bfv\/","title":{"rendered":"Buriram Havaliman\u0131&#039;ndaki (BFV) sigara i\u00e7me alanlar\u0131"},"content":{"rendered":"<p>Buriram Yeni Merkez Havaalan\u0131 olarak da bilinen Buriram Havaalan\u0131 (BFV), Tayland&#039;\u0131n Buriram Eyaleti&#039;nde bulunan i\u00e7 hatlar bir havaalan\u0131d\u0131r. Tayland&#039;\u0131n Isan olarak da bilinen kuzeydo\u011fu b\u00f6lgesini ziyaret eden gezginler i\u00e7in \u00f6nemli bir kap\u0131 g\u00f6revi g\u00f6r\u00fcyor.<\/p>\n<p>Buriram Havaliman\u0131, Buriram \u015fehir merkezinin yakla\u015f\u0131k 30 kilometre bat\u0131s\u0131nda yer al\u0131yor. Bangkok&#039;un Don Mueang Havaliman\u0131&#039;na (DMK) d\u00fc\u015f\u00fck maliyetli ta\u015f\u0131y\u0131c\u0131lar taraf\u0131ndan i\u015fletilen d\u00fczenli u\u00e7u\u015flar sunmaktad\u0131r. Havaalan\u0131 tek bir terminal binas\u0131na sahiptir ve hem geli\u015f hem de gidi\u015f i\u015flemlerini ger\u00e7ekle\u015ftirmektedir.<\/p>\n<h2>G\u00fcvenlik Kontrol\u00fc \u00f6ncesi sigara i\u00e7ilen alanlar<\/h2>\n<p><img decoding=\"async\" class=\"aligncenter size-full wp-image-3875\" src=\"https:\/\/airportsmokinglounge.com\/wp-content\/uploads\/2023\/04\/Smoking-areas-at-Buriram-Airport-scaled-e1682589792332.jpg\" alt=\"Buriram Havaliman\u0131&#039;nda sigara i\u00e7me alan\u0131\" width=\"600\" height=\"338\" srcset=\"https:\/\/airportsmokinglounge.com\/wp-content\/uploads\/2023\/04\/Smoking-areas-at-Buriram-Airport-scaled-e1682589792332.jpg 600w, https:\/\/airportsmokinglounge.com\/wp-content\/uploads\/2023\/04\/Smoking-areas-at-Buriram-Airport-scaled-e1682589792332-300x169.jpg 300w\" sizes=\"(max-width: 600px) 100vw, 600px\" \/><\/p>\n<p><img decoding=\"async\" class=\"aligncenter size-full wp-image-3876\" src=\"https:\/\/airportsmokinglounge.com\/wp-content\/uploads\/2023\/04\/Smoking-Area-Bruriram-Airport-scaled-e1682589854988.jpg\" alt=\"Sigara \u0130\u00e7me Alan\u0131 Bruriram Havaalan\u0131\" width=\"600\" height=\"338\" srcset=\"https:\/\/airportsmokinglounge.com\/wp-content\/uploads\/2023\/04\/Smoking-Area-Bruriram-Airport-scaled-e1682589854988.jpg 600w, https:\/\/airportsmokinglounge.com\/wp-content\/uploads\/2023\/04\/Smoking-Area-Bruriram-Airport-scaled-e1682589854988-300x169.jpg 300w\" sizes=\"(max-width: 600px) 100vw, 600px\" \/><\/p>\n<ul>\n<li><span style=\"font-size: 14pt;\">Sigara i\u00e7ilmesine yaln\u0131zca terminalin d\u0131\u015f\u0131nda izin verilmektedir.<\/span><\/li>\n<\/ul>\n<h2>G\u00fcvenlik Kontrol\u00fcnden Sonra Sigara \u0130\u00e7ilen Alanlar<\/h2>\n<ul>\n<li><span style=\"font-size: 14pt;\">Havaliman\u0131 i\u00e7inde sigara i\u00e7ilen alan bulunmamaktad\u0131r.<\/span><\/li>\n<\/ul>\n<p><span style=\"font-size: 14pt;\">Resmi Web Sitesinde Daha Fazla Bilgi<\/span><\/p>\n<ul>\n<li><a href=\"https:\/\/minisite.airports.go.th\/buriram\/home\">https:\/\/minisite.airports.go.th\/buriram\/home<\/a><\/li>\n<\/ul>\n<p><strong><span style=\"font-size: 14pt;\">Bize geri bildirim g\u00f6nderin<\/span><\/strong><\/p>\n<p><span style=\"font-size: 14pt;\">Buriram Havaalan\u0131ndaysan\u0131z, bize sigara i\u00e7ilen alanlar\u0131n foto\u011fraflar\u0131n\u0131 g\u00f6nderebilirsiniz. Bu, veritaban\u0131m\u0131z\u0131 daha h\u0131zl\u0131 doldurmam\u0131za yard\u0131mc\u0131 olacakt\u0131r. Bunu yapabilirsiniz <strong><a href=\"https:\/\/airportsmokinglounge.com\/tr\/temas-etmek\/\">Burada<\/a>.<\/strong> G\u00f6rseller, g\u00f6rsel kayna\u011f\u0131 (isim) belirtilerek sitemizde yay\u0131nlanmaktad\u0131r. Bu resimleri bizimle ve t\u00fcm Airport Smokinglounge.com ziyaret\u00e7ileriyle payla\u015fmaktan \u00e7ekinmeyin.<\/span>.<\/p>\n<h2>Tayland Sigara Yasas\u0131<\/h2>\n<p>Tayland havalimanlar\u0131ndaki t\u00fcm sigara i\u00e7me odalar\u0131, sigara i\u00e7me y\u00f6netmeli\u011fine uygun olarak kapat\u0131lm\u0131\u015ft\u0131r. Sonu\u00e7 olarak, sigara i\u00e7mek istiyorsan\u0131z, G\u00f6\u00e7menlik b\u00f6l\u00fcm\u00fcnden ilerlemeniz ve havaalan\u0131 terminallerinin d\u0131\u015f\u0131nda bulunan belirlenmi\u015f sigara i\u00e7me alanlar\u0131n\u0131 kullanman\u0131z gerekecektir. Suvarnabhumi Havaliman\u0131&#039;nda terminalin hem hava taraf\u0131 hem de kara taraf\u0131 b\u00f6l\u00fcmlerinde sigara i\u00e7me alan\u0131 bulunmamaktad\u0131r. Bu nedenle, belirlenmi\u015f sigara i\u00e7me alanlar\u0131na eri\u015fmek i\u00e7in terminal binas\u0131ndan \u00e7\u0131kman\u0131z gerekece\u011fini l\u00fctfen unutmay\u0131n.<\/p>\n<h3>S\u0131k\u00e7a Sorulan Sorular<\/h3>\n<h4>Havaliman\u0131 sigara i\u00e7me alanlar\u0131 7\/24 a\u00e7\u0131k m\u0131?<\/h4>\n<p>Havaliman\u0131 sigara i\u00e7me alanlar\u0131n\u0131n mevcudiyeti, havaliman\u0131na ve konuma g\u00f6re de\u011fi\u015fiklik g\u00f6sterebilir. Baz\u0131 sigara i\u00e7me alanlar\u0131 24 saat a\u00e7\u0131kken, baz\u0131lar\u0131nda k\u0131s\u0131tl\u0131 saatler olabilir veya belirli saatlerde kapal\u0131 olabilir. Sigara i\u00e7me alan\u0131n\u0131n \u00e7al\u0131\u015fma saatleri hakk\u0131nda \u00f6zel bilgi i\u00e7in havaalan\u0131na dan\u0131\u015fmak veya web sitelerini ziyaret etmek en iyisidir.<\/p>\n<h4>Sigara i\u00e7me alan\u0131na kendi yiyecek ve i\u00e7eceklerimi getirmeme izin verilir mi?<\/h4>\n<p>Bu, belirli sigara i\u00e7me alan\u0131na ve havaalan\u0131na ba\u011fl\u0131 olabilir. Baz\u0131 sigara i\u00e7me alanlar\u0131 d\u0131\u015far\u0131dan yiyecek ve i\u00e7eceklere izin verirken, baz\u0131lar\u0131nda k\u0131s\u0131tlamalar olabilir veya tamamen yasak olabilir. Belirli kurallar ve y\u00f6netmelikler i\u00e7in havaalan\u0131na veya sigara i\u00e7ilen alan tabelas\u0131na bakmak en iyisidir.<\/p>\n<h4>Havaliman\u0131ndaki t\u00fcm sigara i\u00e7ilen alanlarda sigara i\u00e7ilebilir mi?<\/h4>\n<p>Havaalan\u0131 sigara i\u00e7ilen alanlar\u0131n t\u00fcm\u00fc sigara i\u00e7ilmesine izin vermeyebilir. Baz\u0131 havalimanlar\u0131nda, geleneksel sigara i\u00e7me alanlar\u0131ndan ayr\u0131 elektronik sigara veya elektronik sigara i\u00e7in belirlenmi\u015f alanlar olabilir. Kullanmay\u0131 planlad\u0131\u011f\u0131n\u0131z sigara i\u00e7me alan\u0131 i\u00e7in \u00f6zel kural ve d\u00fczenlemeleri kontrol etti\u011finizden emin olun.<\/p>\n<h4>Sigara i\u00e7ilen alanlar klimal\u0131 m\u0131 yoksa \u0131s\u0131tmal\u0131 m\u0131?<\/h4>\n<p>Havaalan\u0131 sigara i\u00e7me alanlar\u0131n\u0131n s\u0131cakl\u0131\u011f\u0131 ve havaland\u0131rmas\u0131 b\u00fcy\u00fck \u00f6l\u00e7\u00fcde de\u011fi\u015febilir. Baz\u0131lar\u0131 klimal\u0131 veya \u0131s\u0131tmal\u0131 olabilirken, di\u011ferleri d\u0131\u015f etkenlerden s\u0131n\u0131rl\u0131 korumaya sahip a\u00e7\u0131k hava alanlar\u0131 olabilir. Ko\u015fullar\u0131 belirlemek ve buna g\u00f6re haz\u0131rlanmak i\u00e7in \u00f6nceden havaalan\u0131na dan\u0131\u015ft\u0131\u011f\u0131n\u0131zdan veya sigara i\u00e7me alan\u0131n\u0131 ziyaret etti\u011finizden emin olun.<\/p>\n<h4>Sigara i\u00e7ilen alanlar engelli yolcular i\u00e7in eri\u015filebilir mi?<\/h4>\n<p>Bir\u00e7ok havaalan\u0131, sigara i\u00e7me alanlar\u0131n\u0131 engelli yolcular\u0131n eri\u015fimine uygun hale getirmek i\u00e7in \u00e7aba sarf etmi\u015ftir. Ancak, belirli sigara i\u00e7me alanlar\u0131n\u0131n eri\u015filebilirli\u011fi b\u00fcy\u00fck \u00f6l\u00e7\u00fcde de\u011fi\u015febilir. Eri\u015filebilir olup olmad\u0131\u011f\u0131n\u0131 ve ihtiya\u00e7lar\u0131n\u0131z\u0131 kar\u015f\u0131lay\u0131p kar\u015f\u0131lamad\u0131\u011f\u0131n\u0131 belirlemek i\u00e7in havaalan\u0131na dan\u0131\u015ft\u0131\u011f\u0131n\u0131zdan veya sigara i\u00e7me alan\u0131n\u0131 \u00f6nceden ziyaret etti\u011finizden emin olun.<\/p>\n<p><span style=\"font-size: 14pt;\"><strong>Tayland konumundaki di\u011fer havaalanlar\u0131:<\/strong> <\/span><\/p>\n<ul>\n<li><a href=\"https:\/\/airportsmokinglounge.com\/tr\/tayland-havalimanlarindaki-sigara-icme-alanlari\/\"><span style=\"font-size: 14pt;\">Tayland havaalanlar\u0131<\/span><\/a><\/li>\n<\/ul>\n<p><span style=\"font-size: 14pt;\"><strong>Asya&#039;da sigara i\u00e7ilen alanlar<\/strong><\/span><\/p>\n<ul>\n<li><a href=\"https:\/\/airportsmokinglounge.com\/tr\/asyadaki-havaalanlarinda-sigara-icmek\/\"><span style=\"font-size: 14pt;\">Asya havaalanlar\u0131<\/span><\/a><\/li>\n<\/ul>","protected":false},"excerpt":{"rendered":"<p>Buriram Yeni Merkez Havaliman\u0131 olarak da bilinen Buriram Havaliman\u0131 (BFV), Tayland&#039;\u0131n Buriram Eyaleti&#039;nde bulunan bir i\u00e7 hat havaliman\u0131d\u0131r. Tayland&#039;\u0131n kuzeydo\u011fu b\u00f6lgesi olan Isan&#039;\u0131 ziyaret eden gezginler i\u00e7in \u00f6nemli bir ge\u00e7i\u015f noktas\u0131 g\u00f6revi g\u00f6rmektedir. Buriram Havaliman\u0131, Buriram \u015fehir merkezinin yakla\u015f\u0131k 30 kilometre bat\u0131s\u0131nda yer almaktad\u0131r. D\u00fczenli u\u00e7u\u015flar sunmaktad\u0131r.&nbsp;<a href=\"https:\/\/airportsmokinglounge.com\/tr\/buriram-havaalaninda-sigara-icme-alanlari-bfv\/\" rel=\"bookmark\">Devam\u0131n\u0131 oku &quot;<span class=\"screen-reader-text\">Buriram Havaliman\u0131&#039;ndaki (BFV) sigara i\u00e7me alanlar\u0131<\/span><\/a><\/p>","protected":false},"author":1,"featured_media":3876,"parent":0,"menu_order":0,"comment_status":"closed","ping_status":"closed","template":"","meta":{"neve_meta_sidebar":"","neve_meta_container":"","neve_meta_enable_content_width":"off","neve_meta_content_width":100,"neve_meta_title_alignment":"","neve_meta_author_avatar":"","neve_post_elements_order":"","neve_meta_disable_header":"","neve_meta_disable_footer":"","neve_meta_disable_title":"","neve_meta_reading_time":"","footnotes":""},"class_list":["post-3871","page","type-page","status-publish","has-post-thumbnail","hentry"],"yoast_head":"<!-- This site is optimized with the Yoast SEO plugin v26.6 - https:\/\/yoast.com\/wordpress\/plugins\/seo\/ -->\n<title>Smoking areas at Buriram Airport (BFV)<\/title>\n<meta name=\"description\" content=\"Smoking areas Buriram Airport - Find a smoking area in the airport \u2714\ufe0e Smoking Guide in Airports: Information for Travelers \u2714\ufe0e\" \/>\n<meta name=\"robots\" content=\"index, follow, max-snippet:-1, max-image-preview:large, max-video-preview:-1\" \/>\n<link rel=\"canonical\" href=\"https:\/\/airportsmokinglounge.com\/tr\/buriram-havaalaninda-sigara-icme-alanlari-bfv\/\" \/>\n<meta property=\"og:locale\" content=\"tr_TR\" \/>\n<meta property=\"og:type\" content=\"article\" \/>\n<meta property=\"og:title\" content=\"Smoking areas at Buriram Airport (BFV)\" \/>\n<meta property=\"og:description\" content=\"Smoking areas Buriram Airport - Find a smoking area in the airport \u2714\ufe0e Smoking Guide in Airports: Information for Travelers \u2714\ufe0e\" \/>\n<meta property=\"og:url\" content=\"https:\/\/airportsmokinglounge.com\/tr\/buriram-havaalaninda-sigara-icme-alanlari-bfv\/\" \/>\n<meta property=\"og:site_name\" content=\"airportsmokinglounge.com\" \/>\n<meta property=\"article:modified_time\" content=\"2023-05-16T11:52:26+00:00\" \/>\n<meta property=\"og:image\" content=\"https:\/\/airportsmokinglounge.com\/wp-content\/uploads\/2023\/04\/Smoking-Area-Bruriram-Airport-scaled-e1682589854988.jpg\" \/>\n\t<meta property=\"og:image:width\" content=\"600\" \/>\n\t<meta property=\"og:image:height\" content=\"338\" \/>\n\t<meta property=\"og:image:type\" content=\"image\/jpeg\" \/>\n<meta name=\"twitter:card\" content=\"summary_large_image\" \/>\n<meta name=\"twitter:label1\" content=\"Tahmini okuma s\u00fcresi\" \/>\n\t<meta name=\"twitter:data1\" content=\"3 dakika\" \/>\n<script type=\"application\/ld+json\" class=\"yoast-schema-graph\">{\"@context\":\"https:\/\/schema.org\",\"@graph\":[{\"@type\":\"WebPage\",\"@id\":\"https:\/\/airportsmokinglounge.com\/smoking-areas-at-buriram-airport-bfv\/\",\"url\":\"https:\/\/airportsmokinglounge.com\/smoking-areas-at-buriram-airport-bfv\/\",\"name\":\"Smoking areas at Buriram Airport (BFV)\",\"isPartOf\":{\"@id\":\"https:\/\/airportsmokinglounge.com\/#website\"},\"primaryImageOfPage\":{\"@id\":\"https:\/\/airportsmokinglounge.com\/smoking-areas-at-buriram-airport-bfv\/#primaryimage\"},\"image\":{\"@id\":\"https:\/\/airportsmokinglounge.com\/smoking-areas-at-buriram-airport-bfv\/#primaryimage\"},\"thumbnailUrl\":\"https:\/\/airportsmokinglounge.com\/wp-content\/uploads\/2023\/04\/Smoking-Area-Bruriram-Airport-scaled-e1682589854988.jpg\",\"datePublished\":\"2023-04-27T10:05:59+00:00\",\"dateModified\":\"2023-05-16T11:52:26+00:00\",\"description\":\"Smoking areas Buriram Airport - Find a smoking area in the airport \u2714\ufe0e Smoking Guide in Airports: Information for Travelers \u2714\ufe0e\",\"breadcrumb\":{\"@id\":\"https:\/\/airportsmokinglounge.com\/smoking-areas-at-buriram-airport-bfv\/#breadcrumb\"},\"inLanguage\":\"tr\",\"potentialAction\":[{\"@type\":\"ReadAction\",\"target\":[\"https:\/\/airportsmokinglounge.com\/smoking-areas-at-buriram-airport-bfv\/\"]}]},{\"@type\":\"ImageObject\",\"inLanguage\":\"tr\",\"@id\":\"https:\/\/airportsmokinglounge.com\/smoking-areas-at-buriram-airport-bfv\/#primaryimage\",\"url\":\"https:\/\/airportsmokinglounge.com\/wp-content\/uploads\/2023\/04\/Smoking-Area-Bruriram-Airport-scaled-e1682589854988.jpg\",\"contentUrl\":\"https:\/\/airportsmokinglounge.com\/wp-content\/uploads\/2023\/04\/Smoking-Area-Bruriram-Airport-scaled-e1682589854988.jpg\",\"width\":600,\"height\":338,\"caption\":\"Smoking Area Bruriram Airport\"},{\"@type\":\"BreadcrumbList\",\"@id\":\"https:\/\/airportsmokinglounge.com\/smoking-areas-at-buriram-airport-bfv\/#breadcrumb\",\"itemListElement\":[{\"@type\":\"ListItem\",\"position\":1,\"name\":\"Home\",\"item\":\"https:\/\/airportsmokinglounge.com\/\"},{\"@type\":\"ListItem\",\"position\":2,\"name\":\"Smoking areas at Buriram Airport (BFV)\"}]},{\"@type\":\"WebSite\",\"@id\":\"https:\/\/airportsmokinglounge.com\/#website\",\"url\":\"https:\/\/airportsmokinglounge.com\/\",\"name\":\"airportsmokinglounge.com\",\"description\":\"\",\"potentialAction\":[{\"@type\":\"SearchAction\",\"target\":{\"@type\":\"EntryPoint\",\"urlTemplate\":\"https:\/\/airportsmokinglounge.com\/?s={search_term_string}\"},\"query-input\":{\"@type\":\"PropertyValueSpecification\",\"valueRequired\":true,\"valueName\":\"search_term_string\"}}],\"inLanguage\":\"tr\"}]}<\/script>\n<!-- \/ Yoast SEO plugin. -->","yoast_head_json":{"title":"Buriram Havaliman\u0131&#039;ndaki (BFV) sigara i\u00e7me alanlar\u0131","description":"Sigara i\u00e7ilebilen alanlar Buriram Havaalan\u0131 - Havaalan\u0131nda sigara i\u00e7ilebilen bir alan bulun \u2714\ufe0e Havalimanlar\u0131nda Sigara \u0130\u00e7me Rehberi: Gezginler i\u00e7in Bilgiler \u2714\ufe0e","robots":{"index":"index","follow":"follow","max-snippet":"max-snippet:-1","max-image-preview":"max-image-preview:large","max-video-preview":"max-video-preview:-1"},"canonical":"https:\/\/airportsmokinglounge.com\/tr\/buriram-havaalaninda-sigara-icme-alanlari-bfv\/","og_locale":"tr_TR","og_type":"article","og_title":"Smoking areas at Buriram Airport (BFV)","og_description":"Smoking areas Buriram Airport - Find a smoking area in the airport \u2714\ufe0e Smoking Guide in Airports: Information for Travelers \u2714\ufe0e","og_url":"https:\/\/airportsmokinglounge.com\/tr\/buriram-havaalaninda-sigara-icme-alanlari-bfv\/","og_site_name":"airportsmokinglounge.com","article_modified_time":"2023-05-16T11:52:26+00:00","og_image":[{"width":600,"height":338,"url":"https:\/\/airportsmokinglounge.com\/wp-content\/uploads\/2023\/04\/Smoking-Area-Bruriram-Airport-scaled-e1682589854988.jpg","type":"image\/jpeg"}],"twitter_card":"summary_large_image","twitter_misc":{"Tahmini okuma s\u00fcresi":"3 dakika"},"schema":{"@context":"https:\/\/schema.org","@graph":[{"@type":"WebPage","@id":"https:\/\/airportsmokinglounge.com\/smoking-areas-at-buriram-airport-bfv\/","url":"https:\/\/airportsmokinglounge.com\/smoking-areas-at-buriram-airport-bfv\/","name":"Buriram Havaliman\u0131&#039;ndaki (BFV) sigara i\u00e7me alanlar\u0131","isPartOf":{"@id":"https:\/\/airportsmokinglounge.com\/#website"},"primaryImageOfPage":{"@id":"https:\/\/airportsmokinglounge.com\/smoking-areas-at-buriram-airport-bfv\/#primaryimage"},"image":{"@id":"https:\/\/airportsmokinglounge.com\/smoking-areas-at-buriram-airport-bfv\/#primaryimage"},"thumbnailUrl":"https:\/\/airportsmokinglounge.com\/wp-content\/uploads\/2023\/04\/Smoking-Area-Bruriram-Airport-scaled-e1682589854988.jpg","datePublished":"2023-04-27T10:05:59+00:00","dateModified":"2023-05-16T11:52:26+00:00","description":"Sigara i\u00e7ilebilen alanlar Buriram Havaalan\u0131 - Havaalan\u0131nda sigara i\u00e7ilebilen bir alan bulun \u2714\ufe0e Havalimanlar\u0131nda Sigara \u0130\u00e7me Rehberi: Gezginler i\u00e7in Bilgiler \u2714\ufe0e","breadcrumb":{"@id":"https:\/\/airportsmokinglounge.com\/smoking-areas-at-buriram-airport-bfv\/#breadcrumb"},"inLanguage":"tr","potentialAction":[{"@type":"ReadAction","target":["https:\/\/airportsmokinglounge.com\/smoking-areas-at-buriram-airport-bfv\/"]}]},{"@type":"ImageObject","inLanguage":"tr","@id":"https:\/\/airportsmokinglounge.com\/smoking-areas-at-buriram-airport-bfv\/#primaryimage","url":"https:\/\/airportsmokinglounge.com\/wp-content\/uploads\/2023\/04\/Smoking-Area-Bruriram-Airport-scaled-e1682589854988.jpg","contentUrl":"https:\/\/airportsmokinglounge.com\/wp-content\/uploads\/2023\/04\/Smoking-Area-Bruriram-Airport-scaled-e1682589854988.jpg","width":600,"height":338,"caption":"Smoking Area Bruriram Airport"},{"@type":"BreadcrumbList","@id":"https:\/\/airportsmokinglounge.com\/smoking-areas-at-buriram-airport-bfv\/#breadcrumb","itemListElement":[{"@type":"ListItem","position":1,"name":"Home","item":"https:\/\/airportsmokinglounge.com\/"},{"@type":"ListItem","position":2,"name":"Smoking areas at Buriram Airport (BFV)"}]},{"@type":"WebSite","@id":"https:\/\/airportsmokinglounge.com\/#website","url":"https:\/\/airportsmokinglounge.com\/","name":"havaalan\u0131sigara salonu.com","description":"","potentialAction":[{"@type":"SearchAction","target":{"@type":"EntryPoint","urlTemplate":"https:\/\/airportsmokinglounge.com\/?s={search_term_string}"},"query-input":{"@type":"PropertyValueSpecification","valueRequired":true,"valueName":"search_term_string"}}],"inLanguage":"tr"}]}},"_links":{"self":[{"href":"https:\/\/airportsmokinglounge.com\/tr\/wp-json\/wp\/v2\/pages\/3871","targetHints":{"allow":["GET"]}}],"collection":[{"href":"https:\/\/airportsmokinglounge.com\/tr\/wp-json\/wp\/v2\/pages"}],"about":[{"href":"https:\/\/airportsmokinglounge.com\/tr\/wp-json\/wp\/v2\/types\/page"}],"author":[{"embeddable":true,"href":"https:\/\/airportsmokinglounge.com\/tr\/wp-json\/wp\/v2\/users\/1"}],"replies":[{"embeddable":true,"href":"https:\/\/airportsmokinglounge.com\/tr\/wp-json\/wp\/v2\/comments?post=3871"}],"version-history":[{"count":4,"href":"https:\/\/airportsmokinglounge.com\/tr\/wp-json\/wp\/v2\/pages\/3871\/revisions"}],"predecessor-version":[{"id":5269,"href":"https:\/\/airportsmokinglounge.com\/tr\/wp-json\/wp\/v2\/pages\/3871\/revisions\/5269"}],"wp:featuredmedia":[{"embeddable":true,"href":"https:\/\/airportsmokinglounge.com\/tr\/wp-json\/wp\/v2\/media\/3876"}],"wp:attachment":[{"href":"https:\/\/airportsmokinglounge.com\/tr\/wp-json\/wp\/v2\/media?parent=3871"}],"curies":[{"name":"wp","href":"https:\/\/api.w.org\/{rel}","templated":true}]}}