{"id":398,"date":"2023-03-05T17:12:24","date_gmt":"2023-03-05T16:12:24","guid":{"rendered":"https:\/\/airportsmokinglounge.com\/?page_id=398"},"modified":"2023-05-15T18:41:28","modified_gmt":"2023-05-15T16:41:28","slug":"smoking-areas-in-chinas-airports","status":"publish","type":"page","link":"https:\/\/airportsmokinglounge.com\/tr\/cindeki-havalimanlarindaki-sigara-icme-alanlari\/","title":{"rendered":"\u00c7in&#039;deki havaalanlar\u0131nda sigara i\u00e7ilen alanlar"},"content":{"rendered":"<p>\u00c7in&#039;de k\u00fc\u00e7\u00fck b\u00f6lgesel havalimanlar\u0131ndan daha b\u00fcy\u00fck uluslararas\u0131 merkezlere kadar \u00e7e\u015fitli havaalanlar\u0131 bulunmaktad\u0131r.<\/p>\n<p>Bu web sitesinde, belirlenmi\u015f sigara i\u00e7me alanlar\u0131 ve mevcut tesisler dahil olmak \u00fczere havalimanlar\u0131ndaki t\u00fcm sigara i\u00e7me alanlar\u0131n\u0131 bulabilirsiniz. G\u00fcvenlikten ge\u00e7ip hi\u00e7bir yerde sigara i\u00e7ilen alanlar\u0131n olmad\u0131\u011f\u0131n\u0131 ve baz\u0131 durumlarda e-sigara i\u00e7ilmesine izin verilmeyebilece\u011fini g\u00f6rmenin hayal k\u0131r\u0131kl\u0131\u011f\u0131n\u0131 anl\u0131yoruz.<\/p>\n<p>Bu hizmet, uzun u\u00e7u\u015flardan \u00f6nce veya sonra sigara keyfi yapmak isteyen t\u00fcm sigara i\u00e7enler i\u00e7indir.<\/p>\n<h2>\u00c7in havaalanlar\u0131<\/h2>\n<ul style=\"list-style-type: circle;\">\n<li><a href=\"https:\/\/airportsmokinglounge.com\/tr\/pekin-baskent-uluslararasi-havaalani-pekte-sigara-icme-alanlari\/\">PEK\u0130N BA\u015eKENT ULUSLARARASI HAVAL\u0130MANI (PEK)<\/a><\/li>\n<li><a href=\"https:\/\/airportsmokinglounge.com\/tr\/sangay-pudong-havaalaninda-pvg-sigara-icme-alanlari\/\">\u015eANGAY PUDONG ULUSLARARASI HAVAL\u0130MANI (PVG)<\/a><\/li>\n<li><a href=\"https:\/\/airportsmokinglounge.com\/tr\/guangzhou-uluslararasi-havaalaninda-sigara-icme-alanlari-can\/\">GUANGZHOU BAIYUN ULUSLARARASI HAVAL\u0130MANI (CAN)<\/a><\/li>\n<li><a href=\"https:\/\/airportsmokinglounge.com\/tr\/xiamen-uluslararasi-havalimaninda-sigara-icilen-alanlar-xmn\/\">XIAMEN GAOQI ULUSLARARASI HAVAL\u0130MANI (XMN)<\/a><\/li>\n<li><a href=\"https:\/\/airportsmokinglounge.com\/tr\/hangzhou-uluslararasi-havaalaninda-hghde-sigara-icme-alanlari\/\">HANGZHOU XIAOSHAN ULUSLARARASI HAVAL\u0130MANI (HGH)<\/a><\/li>\n<li><a href=\"https:\/\/airportsmokinglounge.com\/tr\/chongqing-uluslararasi-havaalaninda-ckg-sigara-icme-alanlari\/\">CHONGQING JIANGBEI ULUSLARARASI HAVAL\u0130MANI (CKG)<\/a><\/li>\n<li><a href=\"https:\/\/airportsmokinglounge.com\/tr\/chengdu-uluslararasi-havaalani-ctuda-sigara-icme-alanlari\/\">CHENGDU SHUANGLIU ULUSLARARASI HAVAL\u0130MANI (CTU)<\/a><\/li>\n<li><a href=\"https:\/\/airportsmokinglounge.com\/tr\/kunming-uluslararasi-havaalani-kmgde-sigara-icilen-alanlar\/\">KUNMING CHANGSHUI ULUSLARARASI HAVAL\u0130MANI (KMG)<\/a><\/li>\n<li><a href=\"https:\/\/airportsmokinglounge.com\/tr\/nanjing-lukou-havaalani-nkgda-sigara-icme-alanlari\/\">NANJING LUKOU HAVAL\u0130MANI (NKG)<\/a><\/li>\n<li><a href=\"https:\/\/airportsmokinglounge.com\/tr\/changsha-uluslararasi-havaalani-csxte-sigara-icme-alanlari\/\">CHANGSHA HUANGHUA ULUSLARARASI HAVAL\u0130MANI (CSX)<\/a><\/li>\n<li><a href=\"https:\/\/airportsmokinglounge.com\/tr\/xian-xianyang-uluslararasi-havalimaninda-sigara-icme-alanlari-xiy\/\">XI&#039;AN XIANYANG ULUSLARARASI HAVAL\u0130MANI (XIY)<\/a><\/li>\n<li><a href=\"https:\/\/airportsmokinglounge.com\/tr\/shenzhen-uluslararasi-havaalaninda-szx-sigara-icme-alanlari\/\">SHENZHEN BAO&#039;AN ULUSLARARASI HAVAL\u0130MANI (SZX)<\/a><\/li>\n<li><a href=\"https:\/\/airportsmokinglounge.com\/tr\/wuhan-havaalaninda-sigara-icme-alanlari-wuh\/\">WUHAN TIANHE ULUSLARARASI HAVAL\u0130MANI (WUH)<\/a><\/li>\n<li><a href=\"https:\/\/airportsmokinglounge.com\/tr\/shenyang-taoxian-havaalaninda-sigara-icme-alanlari-o\/\">SHENYANG TAOXIAN HAVAL\u0130MANI (SHE)<\/a><\/li>\n<li><a href=\"https:\/\/airportsmokinglounge.com\/tr\/sigara-icme-alanlari-ningbo-lishe-uluslararasi-havalimaninda-ngb\/\">NINGBO LISHE ULUSLARARASI HAVAL\u0130MANI (NGB)<\/a><\/li>\n<li><a href=\"https:\/\/airportsmokinglounge.com\/tr\/harbin-taiping-havaalaninda-hrb-sigara-icme-alanlari\/\">HARB\u0130N TAIPING HAVAL\u0130MANI (HRB)<\/a><\/li>\n<li><a href=\"https:\/\/airportsmokinglounge.com\/tr\/tianjin-uluslararasi-havaalani-tsnde-sigara-icme-alanlari\/\">TIANJIN ULUSLARARASI HAVAL\u0130MANI (TSN)<\/a><\/li>\n<li><a href=\"https:\/\/airportsmokinglounge.com\/tr\/guilin-liangjiang-uluslararasi-havalimaninda-sigara-alanlari-kwl\/\">GUILIN LIANGJIANG ULUSLARARASI HAVAL\u0130MANI (KWL)<\/a><\/li>\n<li><a href=\"https:\/\/airportsmokinglounge.com\/tr\/fuzhou-changle-uluslararasi-havaalaninda-odaktaki-sigara-icme-alanlari\/\">FUZHOU DE\u011e\u0130\u015eT\u0130RME ULUSLARARASI HAVAL\u0130MANI (FOC)<\/a><\/li>\n<li><a href=\"https:\/\/airportsmokinglounge.com\/tr\/sanghay-hongqiao-uluslararasi-havaalani-shada-sigara-icme-alanlari\/\">\u015eANGAY HONGQIAO ULUSLARARASI HAVAL\u0130MANI (SHA)<\/a><\/li>\n<li><a href=\"https:\/\/airportsmokinglounge.com\/tr\/urumqi-diwopu-uluslararasi-havalimaninda-sigara-icilen-alanlar-urc\/\">\u00dcR\u00dcMQI DIWOPU ULUSLARARASI HAVAL\u0130MANI (URC)<\/a><\/li>\n<li><a href=\"https:\/\/airportsmokinglounge.com\/tr\/dalian-zhoushuizi-uluslararasi-havaalani-dlcde-sigara-icme-alanlari\/\">DALIAN ZHOUSHUIZI HAVAL\u0130MANI (DLC)<\/a><\/li>\n<li><a href=\"https:\/\/airportsmokinglounge.com\/tr\/nanning-wuxu-airport-nngde-sigara-icme-alanlari\/\">NANNING WUXU HAVAL\u0130MANI (NNG)<\/a><\/li>\n<li><a href=\"https:\/\/airportsmokinglounge.com\/tr\/sanya-phoenix-uluslararasi-havaalani-syxte-sigara-icme-alanlari\/\">SANYA PHOENIX ULUSLARARASI HAVAL\u0130MANI (SYX)<\/a><\/li>\n<li><a href=\"https:\/\/airportsmokinglounge.com\/tr\/guiyang-havalimaninda-kwe-sigara-icme-alanlari\/\">GUIYANG LONGONGBAO HAVAL\u0130MANI (KWE)<\/a><\/li>\n<li><a href=\"https:\/\/airportsmokinglounge.com\/tr\/zhengzhou-uluslararasi-havaalaninda-cgo-sigara-icme-alanlari\/\">ZHENGZHOU XINZHENG ULUSLARARASI HAVAL\u0130MANI (CGO)<\/a><\/li>\n<li><a href=\"https:\/\/airportsmokinglounge.com\/tr\/sigara-icme-alanlari-haikou-meilan-uluslararasi-havalimani-hak\/\">HAIKOU MEILAN ULUSLARARASI HAVAL\u0130MANI (HAK)<\/a><\/li>\n<li><a href=\"https:\/\/airportsmokinglounge.com\/tr\/jinan-yaoqiang-havaalaninda-tna-sigara-icme-alanlari\/\">JINAN YAOQIANG HAVAL\u0130MANI (TNA)<\/a><\/li>\n<li><a href=\"https:\/\/airportsmokinglounge.com\/tr\/taiyuan-wusu-havaalaninda-sigara-icme-alanlari-tyn\/\">TAIYUAN WUSU HAVAL\u0130MANI (TYN)<\/a><\/li>\n<li><a href=\"https:\/\/airportsmokinglounge.com\/tr\/wenzhou-uluslararasi-havaalaninda-wnz-sigara-icme-alanlari\/\">WENZHOU LONGWAN ULUSLARARASI HAVAL\u0130MANI (WNZ)<\/a><\/li>\n<\/ul>\n<h2>\u00c7in Sigara yasas\u0131<\/h2>\n<p>\u00c7in, halk sa\u011fl\u0131\u011f\u0131n\u0131 korumak ve t\u00fct\u00fcn kullan\u0131m\u0131n\u0131 azaltmak i\u00e7in sigara i\u00e7me y\u00f6netmeliklerini uygulamaya koydu. Ancak, \u00c7in&#039;de sigara i\u00e7me yasa ve d\u00fczenlemelerinin farkl\u0131 b\u00f6lge ve \u015fehirlere g\u00f6re de\u011fi\u015fiklik g\u00f6sterebilece\u011fini ve yapt\u0131r\u0131mlar\u0131n da de\u011fi\u015febilece\u011fini unutmamak \u00f6nemlidir.<\/p>\n<p>\u00c7in&#039;de, h\u00fck\u00fcmet binalar\u0131, sa\u011fl\u0131k tesisleri, e\u011fitim kurumlar\u0131 ve toplu ta\u015f\u0131ma ara\u00e7lar\u0131 gibi belirli kapal\u0131 halka a\u00e7\u0131k yerlerde sigara i\u00e7mek genellikle yasakt\u0131r. Baz\u0131 \u015fehirler ve b\u00f6lgeler, restoranlar, barlar ve di\u011fer kapal\u0131 kamusal alanlardaki yasaklar da dahil olmak \u00fczere daha kapsaml\u0131 sigara i\u00e7me yasaklar\u0131 uygulam\u0131\u015ft\u0131r. Bununla birlikte, sigara i\u00e7me k\u0131s\u0131tlamalar\u0131 \u00fclkenin her yerinde ayn\u0131 \u015fekilde uygulanmayabilir.<\/p>\n<p>\u00c7in&#039;de 18 ya\u015f\u0131ndan k\u00fc\u00e7\u00fcklere t\u00fct\u00fcn \u00fcr\u00fcnlerinin sat\u0131\u015f\u0131 yasakt\u0131r. Ek olarak, \u00fclke t\u00fct\u00fcn reklam\u0131, promosyonu ve sponsorlu\u011funa ili\u015fkin d\u00fczenlemeler uygulam\u0131\u015ft\u0131r, ancak bu d\u00fczenlemelerin uygulanmas\u0131 de\u011fi\u015fiklik g\u00f6sterebilir.<\/p>\n<p>\u00c7in, sa\u011fl\u0131k kampanyalar\u0131 ve sigara paketleri \u00fczerindeki uyar\u0131lar yoluyla sigarayla ili\u015fkili sa\u011fl\u0131k riskleri konusunda kamuoyunu bilin\u00e7lendirmek i\u00e7in ad\u0131mlar att\u0131. \u00dclke ayr\u0131ca t\u00fct\u00fcn \u00fcr\u00fcn\u00fc paketlerinde grafik resimli sa\u011fl\u0131k uyar\u0131lar\u0131 uygulam\u0131\u015ft\u0131r.<\/p>\n<p>Yerinde sigara i\u00e7me d\u00fczenlemeleri olsa da, \u00c7in&#039;in belirli b\u00f6lgelerindeki b\u00fcy\u00fck n\u00fcfus ve sigara i\u00e7meyi \u00e7evreleyen k\u00fclt\u00fcrel normlar nedeniyle uygulama ve uyum zor olabilir.<\/p>\n<p>\u00c7in&#039;deki belirli \u015fehir veya b\u00f6lgelerdeki sigara i\u00e7me yasalar\u0131na ili\u015fkin en do\u011fru ve g\u00fcncel bilgiler i\u00e7in yerel d\u00fczenlemelere ba\u015fvurman\u0131z veya yerel yetkililere veya sa\u011fl\u0131k kurulu\u015flar\u0131na ba\u015fvurman\u0131z \u00f6nerilir.<\/p>\n<p><strong>Daha fazla Havaalan\u0131 Sigara i\u00e7ilen alan\u00a0<\/strong><\/p>\n<ul>\n<li><a href=\"https:\/\/airportsmokinglounge.com\/tr\/kuzey-amerikanin-havaalanlarinda-sigara-icmek\/\">Kuzey Amerika<\/a><\/li>\n<li><a href=\"https:\/\/airportsmokinglounge.com\/tr\/guney-amerika-havaalanlarinda-sigara-icilmesi\/\">G\u00fcney Amerika<\/a><\/li>\n<li><a href=\"https:\/\/airportsmokinglounge.com\/tr\/avrupa-havalimanlarindaki-sigara-icme-alanlari\/\">Avrupa<\/a><\/li>\n<li><a href=\"https:\/\/airportsmokinglounge.com\/tr\/asyadaki-havaalanlarinda-sigara-icmek\/\">Asya<\/a><\/li>\n<li><a href=\"https:\/\/airportsmokinglounge.com\/tr\/okyanusya-havalimanlarinda-sigara-icmek\/\">Okyanusya<\/a><\/li>\n<\/ul>","protected":false},"excerpt":{"rendered":"<p>\u00c7in&#039;de k\u00fc\u00e7\u00fck b\u00f6lgesel havalimanlar\u0131ndan b\u00fcy\u00fck uluslararas\u0131 merkezlere kadar \u00e7e\u015fitli havalimanlar\u0131 vard\u0131r. Bu web sitesinde havalimanlar\u0131ndaki t\u00fcm sigara i\u00e7me alanlar\u0131n\u0131, belirlenmi\u015f sigara i\u00e7me alanlar\u0131 ve mevcut tesisler dahil bulabilirsiniz. G\u00fcvenlikten ge\u00e7ip hi\u00e7bir yerde sigara i\u00e7me alan\u0131 olmad\u0131\u011f\u0131n\u0131 ve baz\u0131 durumlarda e-sigaralar\u0131n\u2026&nbsp;<a href=\"https:\/\/airportsmokinglounge.com\/tr\/cindeki-havalimanlarindaki-sigara-icme-alanlari\/\" rel=\"bookmark\">Devam\u0131n\u0131 oku &quot;<span class=\"screen-reader-text\">\u00c7in&#039;deki havaalanlar\u0131nda sigara i\u00e7ilen alanlar<\/span><\/a><\/p>","protected":false},"author":1,"featured_media":1199,"parent":0,"menu_order":0,"comment_status":"closed","ping_status":"closed","template":"","meta":{"neve_meta_sidebar":"","neve_meta_container":"","neve_meta_enable_content_width":"off","neve_meta_content_width":100,"neve_meta_title_alignment":"","neve_meta_author_avatar":"","neve_post_elements_order":"","neve_meta_disable_header":"","neve_meta_disable_footer":"","neve_meta_disable_title":"","neve_meta_reading_time":"","footnotes":""},"class_list":["post-398","page","type-page","status-publish","has-post-thumbnail","hentry"],"yoast_head":"<!-- This site is optimized with the Yoast SEO plugin v26.6 - https:\/\/yoast.com\/wordpress\/plugins\/seo\/ -->\n<title>Smoking areas in China&#039;s airports - airportsmokinglounge.com<\/title>\n<meta name=\"description\" content=\"Smoking Areas in China&#039;s Airports - Your Ultimate Guide to Finding a Place to Smoke \u2714\ufe0e Find Your Next Smoke Break Spot \u2714\ufe0e\" \/>\n<meta name=\"robots\" content=\"index, follow, max-snippet:-1, max-image-preview:large, max-video-preview:-1\" \/>\n<link rel=\"canonical\" href=\"https:\/\/airportsmokinglounge.com\/tr\/cindeki-havalimanlarindaki-sigara-icme-alanlari\/\" \/>\n<meta property=\"og:locale\" content=\"tr_TR\" \/>\n<meta property=\"og:type\" content=\"article\" \/>\n<meta property=\"og:title\" content=\"Smoking areas in China&#039;s airports - airportsmokinglounge.com\" \/>\n<meta property=\"og:description\" content=\"Smoking Areas in China&#039;s Airports - Your Ultimate Guide to Finding a Place to Smoke \u2714\ufe0e Find Your Next Smoke Break Spot \u2714\ufe0e\" \/>\n<meta property=\"og:url\" content=\"https:\/\/airportsmokinglounge.com\/tr\/cindeki-havalimanlarindaki-sigara-icme-alanlari\/\" \/>\n<meta property=\"og:site_name\" content=\"airportsmokinglounge.com\" \/>\n<meta property=\"article:modified_time\" content=\"2023-05-15T16:41:28+00:00\" \/>\n<meta property=\"og:image\" content=\"https:\/\/airportsmokinglounge.com\/wp-content\/uploads\/2023\/03\/airport-smoking-lounge-4.jpg\" \/>\n\t<meta property=\"og:image:width\" content=\"2048\" \/>\n\t<meta property=\"og:image:height\" content=\"1152\" \/>\n\t<meta property=\"og:image:type\" content=\"image\/jpeg\" \/>\n<meta name=\"twitter:card\" content=\"summary_large_image\" \/>\n<meta name=\"twitter:label1\" content=\"Tahmini okuma s\u00fcresi\" \/>\n\t<meta name=\"twitter:data1\" content=\"3 dakika\" \/>\n<script type=\"application\/ld+json\" class=\"yoast-schema-graph\">{\"@context\":\"https:\/\/schema.org\",\"@graph\":[{\"@type\":\"WebPage\",\"@id\":\"https:\/\/airportsmokinglounge.com\/smoking-areas-in-chinas-airports\/\",\"url\":\"https:\/\/airportsmokinglounge.com\/smoking-areas-in-chinas-airports\/\",\"name\":\"Smoking areas in China's airports - airportsmokinglounge.com\",\"isPartOf\":{\"@id\":\"https:\/\/airportsmokinglounge.com\/#website\"},\"primaryImageOfPage\":{\"@id\":\"https:\/\/airportsmokinglounge.com\/smoking-areas-in-chinas-airports\/#primaryimage\"},\"image\":{\"@id\":\"https:\/\/airportsmokinglounge.com\/smoking-areas-in-chinas-airports\/#primaryimage\"},\"thumbnailUrl\":\"https:\/\/airportsmokinglounge.com\/wp-content\/uploads\/2023\/03\/airport-smoking-lounge-4.jpg\",\"datePublished\":\"2023-03-05T16:12:24+00:00\",\"dateModified\":\"2023-05-15T16:41:28+00:00\",\"description\":\"Smoking Areas in China's Airports - Your Ultimate Guide to Finding a Place to Smoke \u2714\ufe0e Find Your Next Smoke Break Spot \u2714\ufe0e\",\"breadcrumb\":{\"@id\":\"https:\/\/airportsmokinglounge.com\/smoking-areas-in-chinas-airports\/#breadcrumb\"},\"inLanguage\":\"tr\",\"potentialAction\":[{\"@type\":\"ReadAction\",\"target\":[\"https:\/\/airportsmokinglounge.com\/smoking-areas-in-chinas-airports\/\"]}]},{\"@type\":\"ImageObject\",\"inLanguage\":\"tr\",\"@id\":\"https:\/\/airportsmokinglounge.com\/smoking-areas-in-chinas-airports\/#primaryimage\",\"url\":\"https:\/\/airportsmokinglounge.com\/wp-content\/uploads\/2023\/03\/airport-smoking-lounge-4.jpg\",\"contentUrl\":\"https:\/\/airportsmokinglounge.com\/wp-content\/uploads\/2023\/03\/airport-smoking-lounge-4.jpg\",\"width\":2048,\"height\":1152,\"caption\":\"Airport Smoking\"},{\"@type\":\"BreadcrumbList\",\"@id\":\"https:\/\/airportsmokinglounge.com\/smoking-areas-in-chinas-airports\/#breadcrumb\",\"itemListElement\":[{\"@type\":\"ListItem\",\"position\":1,\"name\":\"Home\",\"item\":\"https:\/\/airportsmokinglounge.com\/\"},{\"@type\":\"ListItem\",\"position\":2,\"name\":\"Smoking areas in China&#8217;s airports\"}]},{\"@type\":\"WebSite\",\"@id\":\"https:\/\/airportsmokinglounge.com\/#website\",\"url\":\"https:\/\/airportsmokinglounge.com\/\",\"name\":\"airportsmokinglounge.com\",\"description\":\"\",\"potentialAction\":[{\"@type\":\"SearchAction\",\"target\":{\"@type\":\"EntryPoint\",\"urlTemplate\":\"https:\/\/airportsmokinglounge.com\/?s={search_term_string}\"},\"query-input\":{\"@type\":\"PropertyValueSpecification\",\"valueRequired\":true,\"valueName\":\"search_term_string\"}}],\"inLanguage\":\"tr\"}]}<\/script>\n<!-- \/ Yoast SEO plugin. -->","yoast_head_json":{"title":"\u00c7in&#039;in havalimanlar\u0131ndaki sigara i\u00e7ilen alanlar - Airport Smokinglounge.com","description":"\u00c7in Havalimanlar\u0131ndaki Sigara \u0130\u00e7ilen Alanlar - Sigara \u0130\u00e7ilecek Bir Yer Bulmak \u0130\u00e7in En \u0130yi Rehberiniz \u2714\ufe0e Bir Sonraki Sigara \u0130\u00e7me Noktan\u0131z\u0131 Bulun \u2714\ufe0e","robots":{"index":"index","follow":"follow","max-snippet":"max-snippet:-1","max-image-preview":"max-image-preview:large","max-video-preview":"max-video-preview:-1"},"canonical":"https:\/\/airportsmokinglounge.com\/tr\/cindeki-havalimanlarindaki-sigara-icme-alanlari\/","og_locale":"tr_TR","og_type":"article","og_title":"Smoking areas in China's airports - airportsmokinglounge.com","og_description":"Smoking Areas in China's Airports - Your Ultimate Guide to Finding a Place to Smoke \u2714\ufe0e Find Your Next Smoke Break Spot \u2714\ufe0e","og_url":"https:\/\/airportsmokinglounge.com\/tr\/cindeki-havalimanlarindaki-sigara-icme-alanlari\/","og_site_name":"airportsmokinglounge.com","article_modified_time":"2023-05-15T16:41:28+00:00","og_image":[{"width":2048,"height":1152,"url":"https:\/\/airportsmokinglounge.com\/wp-content\/uploads\/2023\/03\/airport-smoking-lounge-4.jpg","type":"image\/jpeg"}],"twitter_card":"summary_large_image","twitter_misc":{"Tahmini okuma s\u00fcresi":"3 dakika"},"schema":{"@context":"https:\/\/schema.org","@graph":[{"@type":"WebPage","@id":"https:\/\/airportsmokinglounge.com\/smoking-areas-in-chinas-airports\/","url":"https:\/\/airportsmokinglounge.com\/smoking-areas-in-chinas-airports\/","name":"\u00c7in&#039;in havalimanlar\u0131ndaki sigara i\u00e7ilen alanlar - Airport Smokinglounge.com","isPartOf":{"@id":"https:\/\/airportsmokinglounge.com\/#website"},"primaryImageOfPage":{"@id":"https:\/\/airportsmokinglounge.com\/smoking-areas-in-chinas-airports\/#primaryimage"},"image":{"@id":"https:\/\/airportsmokinglounge.com\/smoking-areas-in-chinas-airports\/#primaryimage"},"thumbnailUrl":"https:\/\/airportsmokinglounge.com\/wp-content\/uploads\/2023\/03\/airport-smoking-lounge-4.jpg","datePublished":"2023-03-05T16:12:24+00:00","dateModified":"2023-05-15T16:41:28+00:00","description":"\u00c7in Havalimanlar\u0131ndaki Sigara \u0130\u00e7ilen Alanlar - Sigara \u0130\u00e7ilecek Bir Yer Bulmak \u0130\u00e7in En \u0130yi Rehberiniz \u2714\ufe0e Bir Sonraki Sigara \u0130\u00e7me Noktan\u0131z\u0131 Bulun \u2714\ufe0e","breadcrumb":{"@id":"https:\/\/airportsmokinglounge.com\/smoking-areas-in-chinas-airports\/#breadcrumb"},"inLanguage":"tr","potentialAction":[{"@type":"ReadAction","target":["https:\/\/airportsmokinglounge.com\/smoking-areas-in-chinas-airports\/"]}]},{"@type":"ImageObject","inLanguage":"tr","@id":"https:\/\/airportsmokinglounge.com\/smoking-areas-in-chinas-airports\/#primaryimage","url":"https:\/\/airportsmokinglounge.com\/wp-content\/uploads\/2023\/03\/airport-smoking-lounge-4.jpg","contentUrl":"https:\/\/airportsmokinglounge.com\/wp-content\/uploads\/2023\/03\/airport-smoking-lounge-4.jpg","width":2048,"height":1152,"caption":"Airport Smoking"},{"@type":"BreadcrumbList","@id":"https:\/\/airportsmokinglounge.com\/smoking-areas-in-chinas-airports\/#breadcrumb","itemListElement":[{"@type":"ListItem","position":1,"name":"Home","item":"https:\/\/airportsmokinglounge.com\/"},{"@type":"ListItem","position":2,"name":"Smoking areas in China&#8217;s airports"}]},{"@type":"WebSite","@id":"https:\/\/airportsmokinglounge.com\/#website","url":"https:\/\/airportsmokinglounge.com\/","name":"havaalan\u0131sigara salonu.com","description":"","potentialAction":[{"@type":"SearchAction","target":{"@type":"EntryPoint","urlTemplate":"https:\/\/airportsmokinglounge.com\/?s={search_term_string}"},"query-input":{"@type":"PropertyValueSpecification","valueRequired":true,"valueName":"search_term_string"}}],"inLanguage":"tr"}]}},"_links":{"self":[{"href":"https:\/\/airportsmokinglounge.com\/tr\/wp-json\/wp\/v2\/pages\/398","targetHints":{"allow":["GET"]}}],"collection":[{"href":"https:\/\/airportsmokinglounge.com\/tr\/wp-json\/wp\/v2\/pages"}],"about":[{"href":"https:\/\/airportsmokinglounge.com\/tr\/wp-json\/wp\/v2\/types\/page"}],"author":[{"embeddable":true,"href":"https:\/\/airportsmokinglounge.com\/tr\/wp-json\/wp\/v2\/users\/1"}],"replies":[{"embeddable":true,"href":"https:\/\/airportsmokinglounge.com\/tr\/wp-json\/wp\/v2\/comments?post=398"}],"version-history":[{"count":10,"href":"https:\/\/airportsmokinglounge.com\/tr\/wp-json\/wp\/v2\/pages\/398\/revisions"}],"predecessor-version":[{"id":5093,"href":"https:\/\/airportsmokinglounge.com\/tr\/wp-json\/wp\/v2\/pages\/398\/revisions\/5093"}],"wp:featuredmedia":[{"embeddable":true,"href":"https:\/\/airportsmokinglounge.com\/tr\/wp-json\/wp\/v2\/media\/1199"}],"wp:attachment":[{"href":"https:\/\/airportsmokinglounge.com\/tr\/wp-json\/wp\/v2\/media?parent=398"}],"curies":[{"name":"wp","href":"https:\/\/api.w.org\/{rel}","templated":true}]}}