{"id":401,"date":"2023-03-07T09:51:48","date_gmt":"2023-03-07T08:51:48","guid":{"rendered":"https:\/\/airportsmokinglounge.com\/?page_id=401"},"modified":"2023-05-16T10:43:57","modified_gmt":"2023-05-16T08:43:57","slug":"smoking-areas-in-japans-airports","status":"publish","type":"page","link":"https:\/\/airportsmokinglounge.com\/tr\/japonyadaki-havalimanlarindaki-sigara-icme-alanlari\/","title":{"rendered":"Japonya&#039;daki havaalanlar\u0131nda sigara i\u00e7ilen alanlar"},"content":{"rendered":"<p>Japonya&#039;da k\u00fc\u00e7\u00fck b\u00f6lgesel havalimanlar\u0131ndan daha b\u00fcy\u00fck uluslararas\u0131 merkezlere kadar \u00e7e\u015fitli havaalanlar\u0131 vard\u0131r.<\/p>\n<p>Bu web sitesinde, belirlenmi\u015f sigara i\u00e7me alanlar\u0131 ve mevcut tesisler dahil olmak \u00fczere havalimanlar\u0131ndaki t\u00fcm sigara i\u00e7me alanlar\u0131n\u0131 bulabilirsiniz. G\u00fcvenlikten ge\u00e7ip hi\u00e7bir yerde sigara i\u00e7ilen alanlar\u0131n olmad\u0131\u011f\u0131n\u0131 ve baz\u0131 durumlarda e-sigara i\u00e7ilmesine izin verilmeyebilece\u011fini g\u00f6rmenin hayal k\u0131r\u0131kl\u0131\u011f\u0131n\u0131 anl\u0131yoruz.<\/p>\n<p>Bu hizmet, uzun u\u00e7u\u015flardan \u00f6nce veya sonra sigara keyfi yapmak isteyen t\u00fcm sigara i\u00e7enler i\u00e7indir.<\/p>\n<h2>Japonya havaalanlar\u0131<\/h2>\n<ul style=\"list-style-type: circle;\">\n<li><a href=\"https:\/\/airportsmokinglounge.com\/tr\/tokyo-narita-uluslararasi-havaalaninda-nrt-sigara-icme-alanlari\/\">TOKYO \u2013 NARITA ULUSLARARASI HAVAL\u0130MANI (NRT)<\/a><\/li>\n<li><a href=\"https:\/\/airportsmokinglounge.com\/tr\/tokyo-haneda-uluslararasi-havaalaninda-hnd-sigara-icme-alanlari\/\">TOKYO \u2013 HANEDA ULUSLARARASI HAVAL\u0130MANI (HND)<\/a><\/li>\n<li><a href=\"https:\/\/airportsmokinglounge.com\/tr\/osaka-kansai-uluslararasi-havaalani-kixte-sigara-icme-alanlari\/\">OSAKA \u2013 KANSAI ULUSLARARASI HAVAL\u0130MANI (KIX)<\/a><\/li>\n<li><a href=\"https:\/\/airportsmokinglounge.com\/tr\/fukuoka-havaalani-fukta-sigara-icme-alanlari\/\">FUKUOKA HAVAL\u0130MANI (FUK)<\/a><\/li>\n<li><a href=\"https:\/\/airportsmokinglounge.com\/tr\/chubu-uluslararasi-havalimaninda-sigara-alanlari-ngo\/\">TOKONAME \u2013 CHUBU CENTRAIR ULUSLARARASI HAVAL\u0130MANI (STK)<\/a><\/li>\n<li><a href=\"https:\/\/airportsmokinglounge.com\/tr\/yeni-chitose-havaalaninda-cts-sigara-icme-alanlari\/\">YEN\u0130 \u00c7\u0130TOSE HAVAL\u0130MANI (CTS)<\/a><\/li>\n<li><a href=\"https:\/\/airportsmokinglounge.com\/tr\/naha-havaalaninda-oka-sigara-icme-alanlari\/\">NAHA HAVAL\u0130MANI (OKA)<\/a><\/li>\n<li><a href=\"https:\/\/airportsmokinglounge.com\/tr\/yamaguchi-ube-havaalaninda-sigara-icilen-alanlar-ubj\/\">YAMAGUCHI UBE HAVAL\u0130MANI (UBJ)<\/a><\/li>\n<li><a href=\"https:\/\/airportsmokinglounge.com\/tr\/kagoshima-havaalanindaki-sigara-icilebilen-alanlar-koj\/\">KAGOSHIMA HAVAL\u0130MANI (KOJ)<\/a><\/li>\n<li><a href=\"https:\/\/airportsmokinglounge.com\/tr\/osaka-uluslararasi-havaalaninda-sigara-icme-alanlari\/\">OSAKA ULUSLARARASI HAVAL\u0130MANI (ITM)<\/a><\/li>\n<li><a href=\"https:\/\/airportsmokinglounge.com\/tr\/sigara-alanlari-at-sendai-havaalani-sdj\/\">SENDAI HAVAL\u0130MANI (SDJ)<\/a><\/li>\n<li><a href=\"https:\/\/airportsmokinglounge.com\/tr\/okj-okayama-havaalaninda-sigara-icme-alanlari\/\">OKAYAMA HAVAL\u0130MANI (OKJ)<\/a><\/li>\n<li><a href=\"https:\/\/airportsmokinglounge.com\/tr\/kanazawa-komatsu-havaalaninda-sigara-icilen-alanlar-kmq\/\">KANAZAWA \u2013 KOMATSU HAVAL\u0130MANI (KMQ)<\/a><\/li>\n<li><a href=\"https:\/\/airportsmokinglounge.com\/tr\/hirosima-havaalanindaki-sigara-icme-alanlari-hij\/\">HIROSHIMA HAVAL\u0130MANI (HIJ)<\/a><\/li>\n<li><a href=\"https:\/\/airportsmokinglounge.com\/tr\/nagasaki-havaalaninda-sigara-icilebilen-alanlar-ngs\/\">NAGASAKI HAVAL\u0130MANI (NGS)<\/a><\/li>\n<li><a href=\"https:\/\/airportsmokinglounge.com\/tr\/niigata-havaalani-kijde-sigara-icme-alanlari\/\">NIIGATA HAVAL\u0130MANI (KIJ)<\/a><\/li>\n<li><a href=\"https:\/\/airportsmokinglounge.com\/tr\/matsuyama-havaalaninda-sigara-icilen-alanlar-myj\/\">MATSUYAMA HAVAL\u0130MANI (MYJ)<\/a><\/li>\n<li><a href=\"https:\/\/airportsmokinglounge.com\/tr\/miyako-havaalaninda-sigara-icilen-alanlar-mmy\/\">MIYAKO HAVAL\u0130MANI (MMY)<\/a><\/li>\n<li><a href=\"https:\/\/airportsmokinglounge.com\/tr\/takamatsu-havaalaninda-sigara-alanlari-tak\/\">TAKAMATSU HAVAL\u0130MANI (TAK)<\/a><\/li>\n<li><a href=\"https:\/\/airportsmokinglounge.com\/tr\/hakodate-havaalani-hkdde-sigara-icme-alanlari\/\">HAKODATE HAVAL\u0130MANI (HKD)<\/a><\/li>\n<li><a href=\"https:\/\/airportsmokinglounge.com\/tr\/hokkaido-asahikawa-havaalani-akjda-sigara-icme-alanlari\/\">HOKKAIDO \u2013 ASAHIKAWA HAVAL\u0130MANI (AKJ)<\/a><\/li>\n<li><a href=\"https:\/\/airportsmokinglounge.com\/tr\/miyazaki-havaalaninda-kmi-sigara-icme-alanlari\/\">MIYAZAKI HAVAL\u0130MANI (KMI)<\/a><\/li>\n<li><a href=\"https:\/\/airportsmokinglounge.com\/tr\/oita-havaalaninda-sigara-icilen-alanlar-oit\/\">OITA HAVAL\u0130MANI (OIT)<\/a><\/li>\n<li><a href=\"https:\/\/airportsmokinglounge.com\/tr\/kumamoto-havaalaninda-kmj-sigara-icme-alanlari\/\">KUMAMOTO HAVAL\u0130MANI (KMJ)<\/a><\/li>\n<li><a href=\"https:\/\/airportsmokinglounge.com\/tr\/kobe-havaalani-ukbde-sigara-icilebilen-alanlar\/\">KOBE HAVAL\u0130MANI (UKB)<\/a><\/li>\n<\/ul>\n<h2>Japonya Sigara Yasas\u0131<\/h2>\n<p>Japonya&#039;da t\u00fct\u00fcn kullan\u0131m\u0131yla ilgili halk sa\u011fl\u0131\u011f\u0131 endi\u015felerini gidermek i\u00e7in sigara i\u00e7me d\u00fczenlemeleri bulunmaktad\u0131r. Ancak, sigara i\u00e7me yasalar\u0131n\u0131n ve d\u00fczenlemelerinin zaman i\u00e7inde de\u011fi\u015febilece\u011fini l\u00fctfen unutmay\u0131n, bu nedenle Japonya&#039;n\u0131n sigara i\u00e7me yasalar\u0131 hakk\u0131nda en g\u00fcncel bilgiler i\u00e7in en son yasalara ba\u015fvurman\u0131z veya yerel yetkililere dan\u0131\u015fman\u0131z \u00f6nerilir.<\/p>\n<p>Japonya&#039;da sigara i\u00e7me d\u00fczenlemeleri, konuma ve kurulu\u015fa g\u00f6re de\u011fi\u015fir. H\u00fck\u00fcmet binalar\u0131, sa\u011fl\u0131k tesisleri ve e\u011fitim kurumlar\u0131 dahil olmak \u00fczere baz\u0131 halka a\u00e7\u0131k yerlerde sigara i\u00e7meye ili\u015fkin k\u0131s\u0131tlamalar olsa da, d\u00fczenlemeler genellikle di\u011fer baz\u0131 \u00fclkelere k\u0131yasla daha az kat\u0131d\u0131r.<\/p>\n<p>Japonya&#039;daki bir\u00e7ok restoran ve barda sigara i\u00e7me alanlar\u0131 belirlenmi\u015fken, di\u011ferleri tesis genelinde sigara i\u00e7ilmesine izin verebilir. Ancak, dumans\u0131z ortamlar yaratmaya y\u00f6nelik artan bir e\u011filim olmu\u015ftur ve baz\u0131 kurulu\u015flar g\u00f6n\u00fcll\u00fc olarak sigara i\u00e7me k\u0131s\u0131tlamalar\u0131 uygulam\u0131\u015f veya dumans\u0131z politikalar benimsemi\u015ftir.<\/p>\n<p>Japonya&#039;da 20 ya\u015f\u0131n alt\u0131ndaki k\u00fc\u00e7\u00fcklere t\u00fct\u00fcn \u00fcr\u00fcnlerinin sat\u0131\u015f\u0131 yasakt\u0131r. Buna ek olarak, \u00fclke t\u00fct\u00fcn reklam\u0131, promosyonu ve sponsorlu\u011funa ili\u015fkin d\u00fczenlemeler uygulam\u0131\u015ft\u0131r.<\/p>\n<p>Japonya&#039;da, sa\u011fl\u0131k kampanyalar\u0131 ve sigara paketleri \u00fczerine uyar\u0131lar da dahil olmak \u00fczere, sigara i\u00e7menin sa\u011fl\u0131k riskleri konusunda kamuoyunu bilin\u00e7lendirmeye y\u00f6nelik \u00e7abalar ger\u00e7ekle\u015ftirildi. \u00dclke, t\u00fct\u00fcn \u00fcr\u00fcn\u00fc paketlerinin \u00fczerine grafik resimli sa\u011fl\u0131k uyar\u0131lar\u0131 uygulam\u0131\u015ft\u0131r.<\/p>\n<p>Sigara i\u00e7me yasalar\u0131n\u0131n uygulanmas\u0131 de\u011fi\u015fiklik g\u00f6sterebilir ve uyum, kurulu\u015fa ve yerel makamlara ba\u011fl\u0131 olabilir. Japonya&#039;daki baz\u0131 yerel belediyelerin daha kat\u0131 sigara i\u00e7me d\u00fczenlemeleri uygulad\u0131klar\u0131n\u0131 ve daha fazla sigara i\u00e7ilmeyen alanlar belirlediklerini belirtmekte fayda var.<\/p>\n<p>Japonya&#039;n\u0131n sigara i\u00e7me yasalar\u0131yla ilgili en do\u011fru ve g\u00fcncel bilgiler i\u00e7in en son yasalara ba\u015fvurman\u0131z veya yerel yetkililere veya sa\u011fl\u0131k kurulu\u015flar\u0131na ba\u015fvurman\u0131z \u00f6nerilir.<\/p>\n<p><strong>Daha fazla Havaalan\u0131 Sigara i\u00e7ilen alan\u00a0<\/strong><\/p>\n<ul>\n<li><a href=\"https:\/\/airportsmokinglounge.com\/tr\/kuzey-amerikanin-havaalanlarinda-sigara-icmek\/\">Kuzey Amerika<\/a><\/li>\n<li><a href=\"https:\/\/airportsmokinglounge.com\/tr\/guney-amerika-havaalanlarinda-sigara-icilmesi\/\">G\u00fcney Amerika<\/a><\/li>\n<li><a href=\"https:\/\/airportsmokinglounge.com\/tr\/avrupa-havalimanlarindaki-sigara-icme-alanlari\/\">Avrupa<\/a><\/li>\n<li><a href=\"https:\/\/airportsmokinglounge.com\/tr\/asyadaki-havaalanlarinda-sigara-icmek\/\">Asya<\/a><\/li>\n<li><a href=\"https:\/\/airportsmokinglounge.com\/tr\/okyanusya-havalimanlarinda-sigara-icmek\/\">Okyanusya<\/a><\/li>\n<\/ul>","protected":false},"excerpt":{"rendered":"<p>Japan has several airports, ranging from small regional airports to larger international hubs. On this website you can find all smoking areas in airports, including designated smoking areas and available facilities. We understand the frustration of going through security only to find that there are no smoking areas anywhere and in some cases e-cigarettes may&hellip;&nbsp;<a href=\"https:\/\/airportsmokinglounge.com\/tr\/japonyadaki-havalimanlarindaki-sigara-icme-alanlari\/\" rel=\"bookmark\">Devam\u0131n\u0131 oku &quot;<span class=\"screen-reader-text\">Japonya&#039;daki havaalanlar\u0131nda sigara i\u00e7ilen alanlar<\/span><\/a><\/p>","protected":false},"author":1,"featured_media":1199,"parent":0,"menu_order":0,"comment_status":"closed","ping_status":"closed","template":"","meta":{"neve_meta_sidebar":"","neve_meta_container":"","neve_meta_enable_content_width":"off","neve_meta_content_width":100,"neve_meta_title_alignment":"","neve_meta_author_avatar":"","neve_post_elements_order":"","neve_meta_disable_header":"","neve_meta_disable_footer":"","neve_meta_disable_title":"","neve_meta_reading_time":"","footnotes":""},"class_list":["post-401","page","type-page","status-publish","has-post-thumbnail","hentry"],"yoast_head":"<!-- This site is optimized with the Yoast SEO plugin v26.6 - https:\/\/yoast.com\/wordpress\/plugins\/seo\/ -->\n<title>Smoking areas in Japan&#039;s airports - airportsmokinglounge.com<\/title>\n<meta name=\"description\" content=\"Smoking Areas in Japan&#039;s Airports - Your Ultimate Guide to Finding a Place to Smoke \u2714\ufe0e Find Your Next Smoke Break Spot \u2714\ufe0e\" \/>\n<meta name=\"robots\" content=\"index, follow, max-snippet:-1, max-image-preview:large, max-video-preview:-1\" \/>\n<link rel=\"canonical\" href=\"https:\/\/airportsmokinglounge.com\/tr\/japonyadaki-havalimanlarindaki-sigara-icme-alanlari\/\" \/>\n<meta property=\"og:locale\" content=\"tr_TR\" \/>\n<meta property=\"og:type\" content=\"article\" \/>\n<meta property=\"og:title\" content=\"Smoking areas in Japan&#039;s airports - airportsmokinglounge.com\" \/>\n<meta property=\"og:description\" content=\"Smoking Areas in Japan&#039;s Airports - Your Ultimate Guide to Finding a Place to Smoke \u2714\ufe0e Find Your Next Smoke Break Spot \u2714\ufe0e\" \/>\n<meta property=\"og:url\" content=\"https:\/\/airportsmokinglounge.com\/tr\/japonyadaki-havalimanlarindaki-sigara-icme-alanlari\/\" \/>\n<meta property=\"og:site_name\" content=\"airportsmokinglounge.com\" \/>\n<meta property=\"article:modified_time\" content=\"2023-05-16T08:43:57+00:00\" \/>\n<meta property=\"og:image\" content=\"https:\/\/airportsmokinglounge.com\/wp-content\/uploads\/2023\/03\/airport-smoking-lounge-4.jpg\" \/>\n\t<meta property=\"og:image:width\" content=\"2048\" \/>\n\t<meta property=\"og:image:height\" content=\"1152\" \/>\n\t<meta property=\"og:image:type\" content=\"image\/jpeg\" \/>\n<meta name=\"twitter:card\" content=\"summary_large_image\" \/>\n<meta name=\"twitter:label1\" content=\"Tahmini okuma s\u00fcresi\" \/>\n\t<meta name=\"twitter:data1\" content=\"2 dakika\" \/>\n<script type=\"application\/ld+json\" class=\"yoast-schema-graph\">{\"@context\":\"https:\/\/schema.org\",\"@graph\":[{\"@type\":\"WebPage\",\"@id\":\"https:\/\/airportsmokinglounge.com\/smoking-areas-in-japans-airports\/\",\"url\":\"https:\/\/airportsmokinglounge.com\/smoking-areas-in-japans-airports\/\",\"name\":\"Smoking areas in Japan's airports - airportsmokinglounge.com\",\"isPartOf\":{\"@id\":\"https:\/\/airportsmokinglounge.com\/#website\"},\"primaryImageOfPage\":{\"@id\":\"https:\/\/airportsmokinglounge.com\/smoking-areas-in-japans-airports\/#primaryimage\"},\"image\":{\"@id\":\"https:\/\/airportsmokinglounge.com\/smoking-areas-in-japans-airports\/#primaryimage\"},\"thumbnailUrl\":\"https:\/\/airportsmokinglounge.com\/wp-content\/uploads\/2023\/03\/airport-smoking-lounge-4.jpg\",\"datePublished\":\"2023-03-07T08:51:48+00:00\",\"dateModified\":\"2023-05-16T08:43:57+00:00\",\"description\":\"Smoking Areas in Japan's Airports - Your Ultimate Guide to Finding a Place to Smoke \u2714\ufe0e Find Your Next Smoke Break Spot \u2714\ufe0e\",\"breadcrumb\":{\"@id\":\"https:\/\/airportsmokinglounge.com\/smoking-areas-in-japans-airports\/#breadcrumb\"},\"inLanguage\":\"tr\",\"potentialAction\":[{\"@type\":\"ReadAction\",\"target\":[\"https:\/\/airportsmokinglounge.com\/smoking-areas-in-japans-airports\/\"]}]},{\"@type\":\"ImageObject\",\"inLanguage\":\"tr\",\"@id\":\"https:\/\/airportsmokinglounge.com\/smoking-areas-in-japans-airports\/#primaryimage\",\"url\":\"https:\/\/airportsmokinglounge.com\/wp-content\/uploads\/2023\/03\/airport-smoking-lounge-4.jpg\",\"contentUrl\":\"https:\/\/airportsmokinglounge.com\/wp-content\/uploads\/2023\/03\/airport-smoking-lounge-4.jpg\",\"width\":2048,\"height\":1152,\"caption\":\"Airport Smoking\"},{\"@type\":\"BreadcrumbList\",\"@id\":\"https:\/\/airportsmokinglounge.com\/smoking-areas-in-japans-airports\/#breadcrumb\",\"itemListElement\":[{\"@type\":\"ListItem\",\"position\":1,\"name\":\"Home\",\"item\":\"https:\/\/airportsmokinglounge.com\/\"},{\"@type\":\"ListItem\",\"position\":2,\"name\":\"Smoking areas in Japan&#8217;s airports\"}]},{\"@type\":\"WebSite\",\"@id\":\"https:\/\/airportsmokinglounge.com\/#website\",\"url\":\"https:\/\/airportsmokinglounge.com\/\",\"name\":\"airportsmokinglounge.com\",\"description\":\"\",\"potentialAction\":[{\"@type\":\"SearchAction\",\"target\":{\"@type\":\"EntryPoint\",\"urlTemplate\":\"https:\/\/airportsmokinglounge.com\/?s={search_term_string}\"},\"query-input\":{\"@type\":\"PropertyValueSpecification\",\"valueRequired\":true,\"valueName\":\"search_term_string\"}}],\"inLanguage\":\"tr\"}]}<\/script>\n<!-- \/ Yoast SEO plugin. -->","yoast_head_json":{"title":"Japonya&#039;n\u0131n havalimanlar\u0131ndaki sigara i\u00e7ilen alanlar - Airport Smokinglounge.com","description":"Japonya Havalimanlar\u0131ndaki Sigara \u0130\u00e7ilen Alanlar - Sigara \u0130\u00e7ilecek Bir Yer Bulmak \u0130\u00e7in En \u0130yi Rehberiniz \u2714\ufe0e Bir Sonraki Sigara \u0130\u00e7me Noktan\u0131z\u0131 Bulun \u2714\ufe0e","robots":{"index":"index","follow":"follow","max-snippet":"max-snippet:-1","max-image-preview":"max-image-preview:large","max-video-preview":"max-video-preview:-1"},"canonical":"https:\/\/airportsmokinglounge.com\/tr\/japonyadaki-havalimanlarindaki-sigara-icme-alanlari\/","og_locale":"tr_TR","og_type":"article","og_title":"Smoking areas in Japan's airports - airportsmokinglounge.com","og_description":"Smoking Areas in Japan's Airports - Your Ultimate Guide to Finding a Place to Smoke \u2714\ufe0e Find Your Next Smoke Break Spot \u2714\ufe0e","og_url":"https:\/\/airportsmokinglounge.com\/tr\/japonyadaki-havalimanlarindaki-sigara-icme-alanlari\/","og_site_name":"airportsmokinglounge.com","article_modified_time":"2023-05-16T08:43:57+00:00","og_image":[{"width":2048,"height":1152,"url":"https:\/\/airportsmokinglounge.com\/wp-content\/uploads\/2023\/03\/airport-smoking-lounge-4.jpg","type":"image\/jpeg"}],"twitter_card":"summary_large_image","twitter_misc":{"Tahmini okuma s\u00fcresi":"2 dakika"},"schema":{"@context":"https:\/\/schema.org","@graph":[{"@type":"WebPage","@id":"https:\/\/airportsmokinglounge.com\/smoking-areas-in-japans-airports\/","url":"https:\/\/airportsmokinglounge.com\/smoking-areas-in-japans-airports\/","name":"Japonya&#039;n\u0131n havalimanlar\u0131ndaki sigara i\u00e7ilen alanlar - Airport Smokinglounge.com","isPartOf":{"@id":"https:\/\/airportsmokinglounge.com\/#website"},"primaryImageOfPage":{"@id":"https:\/\/airportsmokinglounge.com\/smoking-areas-in-japans-airports\/#primaryimage"},"image":{"@id":"https:\/\/airportsmokinglounge.com\/smoking-areas-in-japans-airports\/#primaryimage"},"thumbnailUrl":"https:\/\/airportsmokinglounge.com\/wp-content\/uploads\/2023\/03\/airport-smoking-lounge-4.jpg","datePublished":"2023-03-07T08:51:48+00:00","dateModified":"2023-05-16T08:43:57+00:00","description":"Japonya Havalimanlar\u0131ndaki Sigara \u0130\u00e7ilen Alanlar - Sigara \u0130\u00e7ilecek Bir Yer Bulmak \u0130\u00e7in En \u0130yi Rehberiniz \u2714\ufe0e Bir Sonraki Sigara \u0130\u00e7me Noktan\u0131z\u0131 Bulun \u2714\ufe0e","breadcrumb":{"@id":"https:\/\/airportsmokinglounge.com\/smoking-areas-in-japans-airports\/#breadcrumb"},"inLanguage":"tr","potentialAction":[{"@type":"ReadAction","target":["https:\/\/airportsmokinglounge.com\/smoking-areas-in-japans-airports\/"]}]},{"@type":"ImageObject","inLanguage":"tr","@id":"https:\/\/airportsmokinglounge.com\/smoking-areas-in-japans-airports\/#primaryimage","url":"https:\/\/airportsmokinglounge.com\/wp-content\/uploads\/2023\/03\/airport-smoking-lounge-4.jpg","contentUrl":"https:\/\/airportsmokinglounge.com\/wp-content\/uploads\/2023\/03\/airport-smoking-lounge-4.jpg","width":2048,"height":1152,"caption":"Airport Smoking"},{"@type":"BreadcrumbList","@id":"https:\/\/airportsmokinglounge.com\/smoking-areas-in-japans-airports\/#breadcrumb","itemListElement":[{"@type":"ListItem","position":1,"name":"Home","item":"https:\/\/airportsmokinglounge.com\/"},{"@type":"ListItem","position":2,"name":"Smoking areas in Japan&#8217;s airports"}]},{"@type":"WebSite","@id":"https:\/\/airportsmokinglounge.com\/#website","url":"https:\/\/airportsmokinglounge.com\/","name":"havaalan\u0131sigara salonu.com","description":"","potentialAction":[{"@type":"SearchAction","target":{"@type":"EntryPoint","urlTemplate":"https:\/\/airportsmokinglounge.com\/?s={search_term_string}"},"query-input":{"@type":"PropertyValueSpecification","valueRequired":true,"valueName":"search_term_string"}}],"inLanguage":"tr"}]}},"_links":{"self":[{"href":"https:\/\/airportsmokinglounge.com\/tr\/wp-json\/wp\/v2\/pages\/401","targetHints":{"allow":["GET"]}}],"collection":[{"href":"https:\/\/airportsmokinglounge.com\/tr\/wp-json\/wp\/v2\/pages"}],"about":[{"href":"https:\/\/airportsmokinglounge.com\/tr\/wp-json\/wp\/v2\/types\/page"}],"author":[{"embeddable":true,"href":"https:\/\/airportsmokinglounge.com\/tr\/wp-json\/wp\/v2\/users\/1"}],"replies":[{"embeddable":true,"href":"https:\/\/airportsmokinglounge.com\/tr\/wp-json\/wp\/v2\/comments?post=401"}],"version-history":[{"count":10,"href":"https:\/\/airportsmokinglounge.com\/tr\/wp-json\/wp\/v2\/pages\/401\/revisions"}],"predecessor-version":[{"id":5170,"href":"https:\/\/airportsmokinglounge.com\/tr\/wp-json\/wp\/v2\/pages\/401\/revisions\/5170"}],"wp:featuredmedia":[{"embeddable":true,"href":"https:\/\/airportsmokinglounge.com\/tr\/wp-json\/wp\/v2\/media\/1199"}],"wp:attachment":[{"href":"https:\/\/airportsmokinglounge.com\/tr\/wp-json\/wp\/v2\/media?parent=401"}],"curies":[{"name":"wp","href":"https:\/\/api.w.org\/{rel}","templated":true}]}}