{"id":404,"date":"2023-03-07T09:59:29","date_gmt":"2023-03-07T08:59:29","guid":{"rendered":"https:\/\/airportsmokinglounge.com\/?page_id=404"},"modified":"2023-05-22T23:03:43","modified_gmt":"2023-05-22T21:03:43","slug":"smoking-areas-in-indonesias-airports","status":"publish","type":"page","link":"https:\/\/airportsmokinglounge.com\/tr\/endonezyadaki-havaalanlarinda-sigara-icilebilen-alanlar\/","title":{"rendered":"Endonezya havaalanlar\u0131nda sigara i\u00e7me alanlar\u0131"},"content":{"rendered":"<p>Endonezya&#039;da k\u00fc\u00e7\u00fck b\u00f6lgesel havalimanlar\u0131ndan b\u00fcy\u00fck uluslararas\u0131 merkezlere kadar \u00e7ok say\u0131da havaliman\u0131 bulunmaktad\u0131r.<\/p>\n<p>Bu web sitesinde, belirlenmi\u015f sigara i\u00e7me alanlar\u0131 ve mevcut tesisler dahil olmak \u00fczere havalimanlar\u0131ndaki t\u00fcm sigara i\u00e7me alanlar\u0131n\u0131 bulabilirsiniz. G\u00fcvenlikten ge\u00e7ip hi\u00e7bir yerde sigara i\u00e7ilen alanlar\u0131n olmad\u0131\u011f\u0131n\u0131 ve baz\u0131 durumlarda e-sigara i\u00e7ilmesine izin verilmeyebilece\u011fini g\u00f6rmenin hayal k\u0131r\u0131kl\u0131\u011f\u0131n\u0131 anl\u0131yoruz.<\/p>\n<p>Bu hizmet, uzun u\u00e7u\u015flardan \u00f6nce veya sonra sigara keyfi yapmak isteyen t\u00fcm sigara i\u00e7enler i\u00e7indir.<\/p>\n<h2>Endonezya&#039;daki havalimanlar\u0131<\/h2>\n<ul style=\"list-style-type: circle;\">\n<li><a href=\"https:\/\/airportsmokinglounge.com\/tr\/jakarta-uluslararasi-havaalaninda-cgk-sigara-icme-alanlari\/\">CAKARTA \u2013 SOEKARNO-HATTA ULUSLARARASI HAVAL\u0130MANI (CGK)<\/a><\/li>\n<li><a href=\"https:\/\/airportsmokinglounge.com\/tr\/bali-denpasar-uluslararasi-havaalaninda-dps-sigara-icme-alanlari\/\">DENPASAR-BALI \u2013 NGURAH RAI ULUSLARARASI HAVAL\u0130MANI (DPS)<\/a><\/li>\n<li><a href=\"https:\/\/airportsmokinglounge.com\/tr\/sigara-icme-alanlari-surabaya-uluslararasi-havalimaninda-alt\/\">SURABAYA \u2013 JUANDA ULUSLARARASI HAVAL\u0130MANI (ALT)<\/a><\/li>\n<li><a href=\"https:\/\/airportsmokinglounge.com\/tr\/makassar-uluslararasi-havaalaninda-upg-sigara-icme-alanlari\/\">MAKASSAR HASANUDD\u0130N ULUSLARARASI HAVAL\u0130MANI (UPG)<\/a><\/li>\n<li><a href=\"https:\/\/airportsmokinglounge.com\/tr\/lombok-uluslararasi-havaalaninda-sigara-alanlari-lop\/\">LOMBOK ULUSLARARASI HAVAL\u0130MANI (LOP)<\/a><\/li>\n<li><a href=\"https:\/\/airportsmokinglounge.com\/tr\/manado-uluslararasi-havalimaninda-sigara-icilen-alanlar-mdc\/\">MANADO \u2013 SAM RATULANGI HAVAL\u0130MANI (MDC)<\/a><\/li>\n<li><a href=\"https:\/\/airportsmokinglounge.com\/tr\/batam-adasi-hang-nadim-uluslararasi-havalimaninda-bth-sigara-icme-alanlari\/\">BATAM ADASI \u2013 HANG NADIM ULUSLARARASI HAVAL\u0130MANI (BTH)<\/a><\/li>\n<\/ul>\n<h2>Endonezya Sigara Yasas\u0131<\/h2>\n<p>Endonezya&#039;da t\u00fct\u00fcn kullan\u0131m\u0131na ili\u015fkin halk sa\u011fl\u0131\u011f\u0131 endi\u015felerini gidermek i\u00e7in sigara i\u00e7me d\u00fczenlemeleri bulunmaktad\u0131r. Ancak Endonezya&#039;da sigara i\u00e7meyle ilgili yasa ve d\u00fczenlemelerin farkl\u0131 b\u00f6lgelere g\u00f6re de\u011fi\u015febilece\u011fini ve yapt\u0131r\u0131mlar\u0131n da de\u011fi\u015febilece\u011fini unutmamak \u00f6nemlidir.<\/p>\n<p>Endonezya&#039;da sigara i\u00e7me k\u0131s\u0131tlamalar\u0131 genellikle h\u00fck\u00fcmet binalar\u0131, sa\u011fl\u0131k tesisleri, e\u011fitim kurumlar\u0131 ve toplu ta\u015f\u0131ma gibi belirli kapal\u0131 halka a\u00e7\u0131k alanlara odaklanmaktad\u0131r. Ancak bu s\u0131n\u0131rlamalar\u0131n uygulanmas\u0131nda ve icras\u0131nda farkl\u0131l\u0131klar olabilir.<\/p>\n<p>Endonezya&#039;da 18 ya\u015f\u0131n alt\u0131ndaki ki\u015filere t\u00fct\u00fcn \u00fcr\u00fcnlerinin sat\u0131\u015f\u0131 yasakt\u0131r, ancak bu yasa\u011f\u0131n uygulanmas\u0131 \u00e7e\u015fitli fakt\u00f6rler nedeniyle zorlay\u0131c\u0131 olabilir.<\/p>\n<p>Endonezya t\u00fct\u00fcn reklam\u0131, tan\u0131t\u0131m\u0131 ve sponsorlu\u011funa ili\u015fkin baz\u0131 d\u00fczenlemeleri uygulamaya koymu\u015ftur ancak bu d\u00fczenlemeler di\u011fer baz\u0131 \u00fclkelerdeki kadar kapsaml\u0131 olmayabilir.<\/p>\n<p>Endonezya&#039;da, sa\u011fl\u0131k kampanyalar\u0131 ve sigara ambalajlar\u0131 \u00fczerindeki uyar\u0131 etiketleri de dahil olmak \u00fczere, sigara i\u00e7menin sa\u011fl\u0131k riskleri konusunda halk\u0131n bilin\u00e7lendirilmesine y\u00f6nelik \u00e7abalar sarf edilmektedir. Ancak \u00fclkede t\u00fct\u00fcn \u00fcr\u00fcnleri \u00fczerinde \u015fu anda grafik resimli sa\u011fl\u0131k uyar\u0131lar\u0131 bulunmuyor.<\/p>\n<p>Endonezya&#039;da sigara i\u00e7menin nispeten yayg\u0131n oldu\u011funu ve sigara i\u00e7me d\u00fczenlemelerinin t\u00fcm alanlarda tam olarak uygulanmas\u0131n\u0131n \u00f6nemli bir zorluk oldu\u011funu belirtmekte fayda var.<\/p>\n<p>Endonezya&#039;daki belirli \u015fehir veya b\u00f6lgelerdeki sigara i\u00e7me yasalar\u0131na ili\u015fkin en do\u011fru ve g\u00fcncel bilgi i\u00e7in yerel d\u00fczenlemelere ba\u015fvurman\u0131z veya yerel yetkililere veya sa\u011fl\u0131k kurulu\u015flar\u0131na ba\u015fvurman\u0131z \u00f6nerilir.<\/p>\n<p><strong>Daha fazla Havaalan\u0131 Sigara i\u00e7ilen alan\u00a0<\/strong><\/p>\n<ul>\n<li><a href=\"https:\/\/airportsmokinglounge.com\/tr\/kuzey-amerikanin-havaalanlarinda-sigara-icmek\/\">Kuzey Amerika<\/a><\/li>\n<li><a href=\"https:\/\/airportsmokinglounge.com\/tr\/guney-amerika-havaalanlarinda-sigara-icilmesi\/\">G\u00fcney Amerika<\/a><\/li>\n<li><a href=\"https:\/\/airportsmokinglounge.com\/tr\/avrupa-havalimanlarindaki-sigara-icme-alanlari\/\">Avrupa<\/a><\/li>\n<li><a href=\"https:\/\/airportsmokinglounge.com\/tr\/asyadaki-havaalanlarinda-sigara-icmek\/\">Asya<\/a><\/li>\n<li><a href=\"https:\/\/airportsmokinglounge.com\/tr\/okyanusya-havalimanlarinda-sigara-icmek\/\">Okyanusya<\/a><\/li>\n<\/ul>","protected":false},"excerpt":{"rendered":"<p>Indonesia has several airports, ranging from small regional airports to larger international hubs. On this website you can find all smoking areas in airports, including designated smoking areas and available facilities. We understand the frustration of going through security only to find that there are no smoking areas anywhere and in some cases e-cigarettes may&hellip;&nbsp;<a href=\"https:\/\/airportsmokinglounge.com\/tr\/endonezyadaki-havaalanlarinda-sigara-icilebilen-alanlar\/\" rel=\"bookmark\">Devam\u0131n\u0131 oku &quot;<span class=\"screen-reader-text\">Endonezya havaalanlar\u0131nda sigara i\u00e7me alanlar\u0131<\/span><\/a><\/p>","protected":false},"author":1,"featured_media":1199,"parent":0,"menu_order":0,"comment_status":"closed","ping_status":"closed","template":"","meta":{"neve_meta_sidebar":"","neve_meta_container":"","neve_meta_enable_content_width":"off","neve_meta_content_width":100,"neve_meta_title_alignment":"","neve_meta_author_avatar":"","neve_post_elements_order":"","neve_meta_disable_header":"","neve_meta_disable_footer":"","neve_meta_disable_title":"","neve_meta_reading_time":"","footnotes":""},"class_list":["post-404","page","type-page","status-publish","has-post-thumbnail","hentry"],"yoast_head":"<!-- This site is optimized with the Yoast SEO plugin v26.6 - https:\/\/yoast.com\/wordpress\/plugins\/seo\/ -->\n<title>Smoking areas in Indonesia&#039;s airports - airportsmokinglounge.com<\/title>\n<meta name=\"description\" content=\"Smoking Areas in Indonesia&#039;s Airports - Your Ultimate Guide to Finding a Place to Smoke \u2714\ufe0e Find Your Next Smoke Break Spot \u2714\ufe0e\" \/>\n<meta name=\"robots\" content=\"index, follow, max-snippet:-1, max-image-preview:large, max-video-preview:-1\" \/>\n<link rel=\"canonical\" href=\"https:\/\/airportsmokinglounge.com\/tr\/endonezyadaki-havaalanlarinda-sigara-icilebilen-alanlar\/\" \/>\n<meta property=\"og:locale\" content=\"tr_TR\" \/>\n<meta property=\"og:type\" content=\"article\" \/>\n<meta property=\"og:title\" content=\"Smoking areas in Indonesia&#039;s airports - airportsmokinglounge.com\" \/>\n<meta property=\"og:description\" content=\"Smoking Areas in Indonesia&#039;s Airports - Your Ultimate Guide to Finding a Place to Smoke \u2714\ufe0e Find Your Next Smoke Break Spot \u2714\ufe0e\" \/>\n<meta property=\"og:url\" content=\"https:\/\/airportsmokinglounge.com\/tr\/endonezyadaki-havaalanlarinda-sigara-icilebilen-alanlar\/\" \/>\n<meta property=\"og:site_name\" content=\"airportsmokinglounge.com\" \/>\n<meta property=\"article:modified_time\" content=\"2023-05-22T21:03:43+00:00\" \/>\n<meta property=\"og:image\" content=\"https:\/\/airportsmokinglounge.com\/wp-content\/uploads\/2023\/03\/airport-smoking-lounge-4.jpg\" \/>\n\t<meta property=\"og:image:width\" content=\"2048\" \/>\n\t<meta property=\"og:image:height\" content=\"1152\" \/>\n\t<meta property=\"og:image:type\" content=\"image\/jpeg\" \/>\n<meta name=\"twitter:card\" content=\"summary_large_image\" \/>\n<meta name=\"twitter:label1\" content=\"Tahmini okuma s\u00fcresi\" \/>\n\t<meta name=\"twitter:data1\" content=\"2 dakika\" \/>\n<script type=\"application\/ld+json\" class=\"yoast-schema-graph\">{\"@context\":\"https:\/\/schema.org\",\"@graph\":[{\"@type\":\"WebPage\",\"@id\":\"https:\/\/airportsmokinglounge.com\/smoking-areas-in-indonesias-airports\/\",\"url\":\"https:\/\/airportsmokinglounge.com\/smoking-areas-in-indonesias-airports\/\",\"name\":\"Smoking areas in Indonesia's airports - airportsmokinglounge.com\",\"isPartOf\":{\"@id\":\"https:\/\/airportsmokinglounge.com\/#website\"},\"primaryImageOfPage\":{\"@id\":\"https:\/\/airportsmokinglounge.com\/smoking-areas-in-indonesias-airports\/#primaryimage\"},\"image\":{\"@id\":\"https:\/\/airportsmokinglounge.com\/smoking-areas-in-indonesias-airports\/#primaryimage\"},\"thumbnailUrl\":\"https:\/\/airportsmokinglounge.com\/wp-content\/uploads\/2023\/03\/airport-smoking-lounge-4.jpg\",\"datePublished\":\"2023-03-07T08:59:29+00:00\",\"dateModified\":\"2023-05-22T21:03:43+00:00\",\"description\":\"Smoking Areas in Indonesia's Airports - Your Ultimate Guide to Finding a Place to Smoke \u2714\ufe0e Find Your Next Smoke Break Spot \u2714\ufe0e\",\"breadcrumb\":{\"@id\":\"https:\/\/airportsmokinglounge.com\/smoking-areas-in-indonesias-airports\/#breadcrumb\"},\"inLanguage\":\"tr\",\"potentialAction\":[{\"@type\":\"ReadAction\",\"target\":[\"https:\/\/airportsmokinglounge.com\/smoking-areas-in-indonesias-airports\/\"]}]},{\"@type\":\"ImageObject\",\"inLanguage\":\"tr\",\"@id\":\"https:\/\/airportsmokinglounge.com\/smoking-areas-in-indonesias-airports\/#primaryimage\",\"url\":\"https:\/\/airportsmokinglounge.com\/wp-content\/uploads\/2023\/03\/airport-smoking-lounge-4.jpg\",\"contentUrl\":\"https:\/\/airportsmokinglounge.com\/wp-content\/uploads\/2023\/03\/airport-smoking-lounge-4.jpg\",\"width\":2048,\"height\":1152,\"caption\":\"Airport Smoking\"},{\"@type\":\"BreadcrumbList\",\"@id\":\"https:\/\/airportsmokinglounge.com\/smoking-areas-in-indonesias-airports\/#breadcrumb\",\"itemListElement\":[{\"@type\":\"ListItem\",\"position\":1,\"name\":\"Home\",\"item\":\"https:\/\/airportsmokinglounge.com\/\"},{\"@type\":\"ListItem\",\"position\":2,\"name\":\"Smoking areas in Indonesia&#8217;s airports\"}]},{\"@type\":\"WebSite\",\"@id\":\"https:\/\/airportsmokinglounge.com\/#website\",\"url\":\"https:\/\/airportsmokinglounge.com\/\",\"name\":\"airportsmokinglounge.com\",\"description\":\"\",\"potentialAction\":[{\"@type\":\"SearchAction\",\"target\":{\"@type\":\"EntryPoint\",\"urlTemplate\":\"https:\/\/airportsmokinglounge.com\/?s={search_term_string}\"},\"query-input\":{\"@type\":\"PropertyValueSpecification\",\"valueRequired\":true,\"valueName\":\"search_term_string\"}}],\"inLanguage\":\"tr\"}]}<\/script>\n<!-- \/ Yoast SEO plugin. -->","yoast_head_json":{"title":"Endonezya havaalanlar\u0131ndaki sigara i\u00e7me alanlar\u0131 - airportsmokinglounge.com","description":"Endonezya Havaalanlar\u0131ndaki Sigara \u0130\u00e7me Alanlar\u0131 - Sigara \u0130\u00e7mek \u0130\u00e7in Bir Yer Bulmak \u0130\u00e7in Nihai Rehberiniz \u2714\ufe0e Bir Sonraki Sigara Molas\u0131 Noktan\u0131z\u0131 Bulun \u2714\ufe0e","robots":{"index":"index","follow":"follow","max-snippet":"max-snippet:-1","max-image-preview":"max-image-preview:large","max-video-preview":"max-video-preview:-1"},"canonical":"https:\/\/airportsmokinglounge.com\/tr\/endonezyadaki-havaalanlarinda-sigara-icilebilen-alanlar\/","og_locale":"tr_TR","og_type":"article","og_title":"Smoking areas in Indonesia's airports - airportsmokinglounge.com","og_description":"Smoking Areas in Indonesia's Airports - Your Ultimate Guide to Finding a Place to Smoke \u2714\ufe0e Find Your Next Smoke Break Spot \u2714\ufe0e","og_url":"https:\/\/airportsmokinglounge.com\/tr\/endonezyadaki-havaalanlarinda-sigara-icilebilen-alanlar\/","og_site_name":"airportsmokinglounge.com","article_modified_time":"2023-05-22T21:03:43+00:00","og_image":[{"width":2048,"height":1152,"url":"https:\/\/airportsmokinglounge.com\/wp-content\/uploads\/2023\/03\/airport-smoking-lounge-4.jpg","type":"image\/jpeg"}],"twitter_card":"summary_large_image","twitter_misc":{"Tahmini okuma s\u00fcresi":"2 dakika"},"schema":{"@context":"https:\/\/schema.org","@graph":[{"@type":"WebPage","@id":"https:\/\/airportsmokinglounge.com\/smoking-areas-in-indonesias-airports\/","url":"https:\/\/airportsmokinglounge.com\/smoking-areas-in-indonesias-airports\/","name":"Endonezya havaalanlar\u0131ndaki sigara i\u00e7me alanlar\u0131 - airportsmokinglounge.com","isPartOf":{"@id":"https:\/\/airportsmokinglounge.com\/#website"},"primaryImageOfPage":{"@id":"https:\/\/airportsmokinglounge.com\/smoking-areas-in-indonesias-airports\/#primaryimage"},"image":{"@id":"https:\/\/airportsmokinglounge.com\/smoking-areas-in-indonesias-airports\/#primaryimage"},"thumbnailUrl":"https:\/\/airportsmokinglounge.com\/wp-content\/uploads\/2023\/03\/airport-smoking-lounge-4.jpg","datePublished":"2023-03-07T08:59:29+00:00","dateModified":"2023-05-22T21:03:43+00:00","description":"Endonezya Havaalanlar\u0131ndaki Sigara \u0130\u00e7me Alanlar\u0131 - Sigara \u0130\u00e7mek \u0130\u00e7in Bir Yer Bulmak \u0130\u00e7in Nihai Rehberiniz \u2714\ufe0e Bir Sonraki Sigara Molas\u0131 Noktan\u0131z\u0131 Bulun \u2714\ufe0e","breadcrumb":{"@id":"https:\/\/airportsmokinglounge.com\/smoking-areas-in-indonesias-airports\/#breadcrumb"},"inLanguage":"tr","potentialAction":[{"@type":"ReadAction","target":["https:\/\/airportsmokinglounge.com\/smoking-areas-in-indonesias-airports\/"]}]},{"@type":"ImageObject","inLanguage":"tr","@id":"https:\/\/airportsmokinglounge.com\/smoking-areas-in-indonesias-airports\/#primaryimage","url":"https:\/\/airportsmokinglounge.com\/wp-content\/uploads\/2023\/03\/airport-smoking-lounge-4.jpg","contentUrl":"https:\/\/airportsmokinglounge.com\/wp-content\/uploads\/2023\/03\/airport-smoking-lounge-4.jpg","width":2048,"height":1152,"caption":"Airport Smoking"},{"@type":"BreadcrumbList","@id":"https:\/\/airportsmokinglounge.com\/smoking-areas-in-indonesias-airports\/#breadcrumb","itemListElement":[{"@type":"ListItem","position":1,"name":"Home","item":"https:\/\/airportsmokinglounge.com\/"},{"@type":"ListItem","position":2,"name":"Smoking areas in Indonesia&#8217;s airports"}]},{"@type":"WebSite","@id":"https:\/\/airportsmokinglounge.com\/#website","url":"https:\/\/airportsmokinglounge.com\/","name":"havaalan\u0131sigara salonu.com","description":"","potentialAction":[{"@type":"SearchAction","target":{"@type":"EntryPoint","urlTemplate":"https:\/\/airportsmokinglounge.com\/?s={search_term_string}"},"query-input":{"@type":"PropertyValueSpecification","valueRequired":true,"valueName":"search_term_string"}}],"inLanguage":"tr"}]}},"_links":{"self":[{"href":"https:\/\/airportsmokinglounge.com\/tr\/wp-json\/wp\/v2\/pages\/404","targetHints":{"allow":["GET"]}}],"collection":[{"href":"https:\/\/airportsmokinglounge.com\/tr\/wp-json\/wp\/v2\/pages"}],"about":[{"href":"https:\/\/airportsmokinglounge.com\/tr\/wp-json\/wp\/v2\/types\/page"}],"author":[{"embeddable":true,"href":"https:\/\/airportsmokinglounge.com\/tr\/wp-json\/wp\/v2\/users\/1"}],"replies":[{"embeddable":true,"href":"https:\/\/airportsmokinglounge.com\/tr\/wp-json\/wp\/v2\/comments?post=404"}],"version-history":[{"count":10,"href":"https:\/\/airportsmokinglounge.com\/tr\/wp-json\/wp\/v2\/pages\/404\/revisions"}],"predecessor-version":[{"id":5828,"href":"https:\/\/airportsmokinglounge.com\/tr\/wp-json\/wp\/v2\/pages\/404\/revisions\/5828"}],"wp:featuredmedia":[{"embeddable":true,"href":"https:\/\/airportsmokinglounge.com\/tr\/wp-json\/wp\/v2\/media\/1199"}],"wp:attachment":[{"href":"https:\/\/airportsmokinglounge.com\/tr\/wp-json\/wp\/v2\/media?parent=404"}],"curies":[{"name":"wp","href":"https:\/\/api.w.org\/{rel}","templated":true}]}}