{"id":416,"date":"2023-03-07T10:21:37","date_gmt":"2023-03-07T09:21:37","guid":{"rendered":"https:\/\/airportsmokinglounge.com\/?page_id=416"},"modified":"2023-05-22T23:42:59","modified_gmt":"2023-05-22T21:42:59","slug":"smoking-areas-in-yemens-airports","status":"publish","type":"page","link":"https:\/\/airportsmokinglounge.com\/tr\/yemens-havalimanlarinda-sigara-icilen-alanlar\/","title":{"rendered":"Yemen&#039;deki havaalanlar\u0131nda sigara i\u00e7me alanlar\u0131"},"content":{"rendered":"<p>Yemen&#039;de k\u00fc\u00e7\u00fck b\u00f6lgesel havalimanlar\u0131ndan b\u00fcy\u00fck uluslararas\u0131 merkezlere kadar \u00e7ok say\u0131da havaalan\u0131 bulunmaktad\u0131r.<\/p>\n<p>Bu web sitesinde, belirlenmi\u015f sigara i\u00e7me alanlar\u0131 ve mevcut tesisler dahil olmak \u00fczere havalimanlar\u0131ndaki t\u00fcm sigara i\u00e7me alanlar\u0131n\u0131 bulabilirsiniz. G\u00fcvenlikten ge\u00e7ip hi\u00e7bir yerde sigara i\u00e7ilen alanlar\u0131n olmad\u0131\u011f\u0131n\u0131 ve baz\u0131 durumlarda e-sigara i\u00e7ilmesine izin verilmeyebilece\u011fini g\u00f6rmenin hayal k\u0131r\u0131kl\u0131\u011f\u0131n\u0131 anl\u0131yoruz.<\/p>\n<p>Bu hizmet, uzun u\u00e7u\u015flardan \u00f6nce veya sonra sigara keyfi yapmak isteyen t\u00fcm sigara i\u00e7enler i\u00e7indir.<\/p>\n<h2>Yemen&#039;deki Havaalanlar\u0131<\/h2>\n<ul style=\"list-style-type: circle;\">\n<li><a href=\"https:\/\/airportsmokinglounge.com\/tr\/sanas-uluslararasi-havalimaninda-sigara-alanlari-sah\/\">SANA ULUSLARARASI HAVAL\u0130MANI (SAH)<\/a><\/li>\n<li><a href=\"https:\/\/airportsmokinglounge.com\/tr\/aden-uluslararasi-havalimaninda-sigara-icilen-alanlar-ade\/\">ADEN ULUSLARARASI HAVAL\u0130MANI (ADE)<\/a><\/li>\n<\/ul>\n<h2>Yemen Sigara Yasas\u0131<\/h2>\n<p>Yemen&#039;de \u00fclke \u00e7ap\u0131nda belirli sigara i\u00e7me yasalar\u0131 veya d\u00fczenlemeleri yoktur. Restoranlar, kafeler ve al\u0131\u015fveri\u015f merkezleri gibi kapal\u0131 alanlar dahil olmak \u00fczere halka a\u00e7\u0131k yerlerde sigara i\u00e7ilmesine genellikle izin verilir. Ancak sigara i\u00e7me d\u00fczenlemelerinin ve sigara i\u00e7meye y\u00f6nelik tutumlar\u0131n b\u00f6lgeye veya kurulu\u015fa ba\u011fl\u0131 olarak de\u011fi\u015febilece\u011fini belirtmekte fayda var.<\/p>\n<p>Yemen&#039;de kapsaml\u0131 sigara yasa\u011f\u0131 veya k\u0131s\u0131tlamas\u0131 olmasa da, yerel toplumun tercihlerine ve k\u00fclt\u00fcrel normlar\u0131na sayg\u0131 g\u00f6stermek \u00f6nemlidir. Baz\u0131 i\u015fletmeler veya kamusal alanlar sigara i\u00e7me konusunda kendi politikalar\u0131na sahip olabilir ve gerekirse belirli y\u00f6nergeler veya belirlenmi\u015f sigara i\u00e7me alanlar\u0131 hakk\u0131nda bilgi almak tavsiye edilir.<\/p>\n<p>Yemen&#039;in, di\u011fer bir\u00e7ok \u00fclke gibi, t\u00fct\u00fcn kullan\u0131m\u0131na ba\u011fl\u0131 \u00f6nemli sa\u011fl\u0131k sorunlar\u0131yla kar\u015f\u0131 kar\u015f\u0131ya oldu\u011funu belirtmekte fayda var. Sigara i\u00e7mek \u00e7e\u015fitli sa\u011fl\u0131k riskleriyle ili\u015fkilendirilir ve bireyler olumsuz sa\u011fl\u0131k etkilerini g\u00f6z \u00f6n\u00fcnde bulundurmaya ve bilin\u00e7li se\u00e7imler yapmaya te\u015fvik edilir.<\/p>\n<p>Sigara yasalar\u0131 ve d\u00fczenlemeleri zamanla de\u011fi\u015febilece\u011finden, Yemen&#039;deki sigara yasalar\u0131 ve d\u00fczenlemeleri hakk\u0131nda en g\u00fcncel bilgileri edinmek i\u00e7in en son mevzuata ba\u015fvurman\u0131z veya yerel yetkililere ula\u015fman\u0131z \u00f6nerilir.<\/p>\n<p><strong>Daha fazla Havaalan\u0131 Sigara i\u00e7ilen alan\u00a0<\/strong><\/p>\n<ul>\n<li><a href=\"https:\/\/airportsmokinglounge.com\/tr\/kuzey-amerikanin-havaalanlarinda-sigara-icmek\/\">Kuzey Amerika<\/a><\/li>\n<li><a href=\"https:\/\/airportsmokinglounge.com\/tr\/guney-amerika-havaalanlarinda-sigara-icilmesi\/\">G\u00fcney Amerika<\/a><\/li>\n<li><a href=\"https:\/\/airportsmokinglounge.com\/tr\/avrupa-havalimanlarindaki-sigara-icme-alanlari\/\">Avrupa<\/a><\/li>\n<li><a href=\"https:\/\/airportsmokinglounge.com\/tr\/asyadaki-havaalanlarinda-sigara-icmek\/\">Asya<\/a><\/li>\n<li><a href=\"https:\/\/airportsmokinglounge.com\/tr\/okyanusya-havalimanlarinda-sigara-icmek\/\">Okyanusya<\/a><\/li>\n<\/ul>","protected":false},"excerpt":{"rendered":"<p>Yemen&#039;de k\u00fc\u00e7\u00fck b\u00f6lgesel havalimanlar\u0131ndan b\u00fcy\u00fck uluslararas\u0131 merkezlere kadar \u00e7e\u015fitli havalimanlar\u0131 vard\u0131r. Bu web sitesinde havalimanlar\u0131ndaki t\u00fcm sigara i\u00e7me alanlar\u0131n\u0131, belirlenmi\u015f sigara i\u00e7me alanlar\u0131 ve mevcut tesisler dahil bulabilirsiniz. G\u00fcvenlikten ge\u00e7ip hi\u00e7bir yerde sigara i\u00e7me alan\u0131 olmad\u0131\u011f\u0131n\u0131 ve baz\u0131 durumlarda e-sigaralar\u0131n\u2026&nbsp;<a href=\"https:\/\/airportsmokinglounge.com\/tr\/yemens-havalimanlarinda-sigara-icilen-alanlar\/\" rel=\"bookmark\">Devam\u0131n\u0131 oku &quot;<span class=\"screen-reader-text\">Yemen&#039;deki havaalanlar\u0131nda sigara i\u00e7me alanlar\u0131<\/span><\/a><\/p>","protected":false},"author":1,"featured_media":1199,"parent":0,"menu_order":0,"comment_status":"closed","ping_status":"closed","template":"","meta":{"neve_meta_sidebar":"","neve_meta_container":"","neve_meta_enable_content_width":"off","neve_meta_content_width":100,"neve_meta_title_alignment":"","neve_meta_author_avatar":"","neve_post_elements_order":"","neve_meta_disable_header":"","neve_meta_disable_footer":"","neve_meta_disable_title":"","neve_meta_reading_time":"","footnotes":""},"class_list":["post-416","page","type-page","status-publish","has-post-thumbnail","hentry"],"yoast_head":"<!-- This site is optimized with the Yoast SEO plugin v26.6 - https:\/\/yoast.com\/wordpress\/plugins\/seo\/ -->\n<title>Smoking areas in Yemen&#039;s airports - airportsmokinglounge.com<\/title>\n<meta name=\"description\" content=\"Smoking Areas in Yemen&#039;s Airports - Your Ultimate Guide to Finding a Place to Smoke \u2714\ufe0e Find Your Next Smoke Break Spot \u2714\ufe0e\" \/>\n<meta name=\"robots\" content=\"index, follow, max-snippet:-1, max-image-preview:large, max-video-preview:-1\" \/>\n<link rel=\"canonical\" href=\"https:\/\/airportsmokinglounge.com\/tr\/yemens-havalimanlarinda-sigara-icilen-alanlar\/\" \/>\n<meta property=\"og:locale\" content=\"tr_TR\" \/>\n<meta property=\"og:type\" content=\"article\" \/>\n<meta property=\"og:title\" content=\"Smoking areas in Yemen&#039;s airports - airportsmokinglounge.com\" \/>\n<meta property=\"og:description\" content=\"Smoking Areas in Yemen&#039;s Airports - Your Ultimate Guide to Finding a Place to Smoke \u2714\ufe0e Find Your Next Smoke Break Spot \u2714\ufe0e\" \/>\n<meta property=\"og:url\" content=\"https:\/\/airportsmokinglounge.com\/tr\/yemens-havalimanlarinda-sigara-icilen-alanlar\/\" \/>\n<meta property=\"og:site_name\" content=\"airportsmokinglounge.com\" \/>\n<meta property=\"article:modified_time\" content=\"2023-05-22T21:42:59+00:00\" \/>\n<meta property=\"og:image\" content=\"https:\/\/airportsmokinglounge.com\/wp-content\/uploads\/2023\/03\/airport-smoking-lounge-4.jpg\" \/>\n\t<meta property=\"og:image:width\" content=\"2048\" \/>\n\t<meta property=\"og:image:height\" content=\"1152\" \/>\n\t<meta property=\"og:image:type\" content=\"image\/jpeg\" \/>\n<meta name=\"twitter:card\" content=\"summary_large_image\" \/>\n<meta name=\"twitter:label1\" content=\"Tahmini okuma s\u00fcresi\" \/>\n\t<meta name=\"twitter:data1\" content=\"2 dakika\" \/>\n<script type=\"application\/ld+json\" class=\"yoast-schema-graph\">{\"@context\":\"https:\/\/schema.org\",\"@graph\":[{\"@type\":\"WebPage\",\"@id\":\"https:\/\/airportsmokinglounge.com\/smoking-areas-in-yemens-airports\/\",\"url\":\"https:\/\/airportsmokinglounge.com\/smoking-areas-in-yemens-airports\/\",\"name\":\"Smoking areas in Yemen's airports - airportsmokinglounge.com\",\"isPartOf\":{\"@id\":\"https:\/\/airportsmokinglounge.com\/#website\"},\"primaryImageOfPage\":{\"@id\":\"https:\/\/airportsmokinglounge.com\/smoking-areas-in-yemens-airports\/#primaryimage\"},\"image\":{\"@id\":\"https:\/\/airportsmokinglounge.com\/smoking-areas-in-yemens-airports\/#primaryimage\"},\"thumbnailUrl\":\"https:\/\/airportsmokinglounge.com\/wp-content\/uploads\/2023\/03\/airport-smoking-lounge-4.jpg\",\"datePublished\":\"2023-03-07T09:21:37+00:00\",\"dateModified\":\"2023-05-22T21:42:59+00:00\",\"description\":\"Smoking Areas in Yemen's Airports - Your Ultimate Guide to Finding a Place to Smoke \u2714\ufe0e Find Your Next Smoke Break Spot \u2714\ufe0e\",\"breadcrumb\":{\"@id\":\"https:\/\/airportsmokinglounge.com\/smoking-areas-in-yemens-airports\/#breadcrumb\"},\"inLanguage\":\"tr\",\"potentialAction\":[{\"@type\":\"ReadAction\",\"target\":[\"https:\/\/airportsmokinglounge.com\/smoking-areas-in-yemens-airports\/\"]}]},{\"@type\":\"ImageObject\",\"inLanguage\":\"tr\",\"@id\":\"https:\/\/airportsmokinglounge.com\/smoking-areas-in-yemens-airports\/#primaryimage\",\"url\":\"https:\/\/airportsmokinglounge.com\/wp-content\/uploads\/2023\/03\/airport-smoking-lounge-4.jpg\",\"contentUrl\":\"https:\/\/airportsmokinglounge.com\/wp-content\/uploads\/2023\/03\/airport-smoking-lounge-4.jpg\",\"width\":2048,\"height\":1152,\"caption\":\"Airport Smoking\"},{\"@type\":\"BreadcrumbList\",\"@id\":\"https:\/\/airportsmokinglounge.com\/smoking-areas-in-yemens-airports\/#breadcrumb\",\"itemListElement\":[{\"@type\":\"ListItem\",\"position\":1,\"name\":\"Home\",\"item\":\"https:\/\/airportsmokinglounge.com\/\"},{\"@type\":\"ListItem\",\"position\":2,\"name\":\"Smoking areas in Yemen&#8217;s airports\"}]},{\"@type\":\"WebSite\",\"@id\":\"https:\/\/airportsmokinglounge.com\/#website\",\"url\":\"https:\/\/airportsmokinglounge.com\/\",\"name\":\"airportsmokinglounge.com\",\"description\":\"\",\"potentialAction\":[{\"@type\":\"SearchAction\",\"target\":{\"@type\":\"EntryPoint\",\"urlTemplate\":\"https:\/\/airportsmokinglounge.com\/?s={search_term_string}\"},\"query-input\":{\"@type\":\"PropertyValueSpecification\",\"valueRequired\":true,\"valueName\":\"search_term_string\"}}],\"inLanguage\":\"tr\"}]}<\/script>\n<!-- \/ Yoast SEO plugin. -->","yoast_head_json":{"title":"Yemen havaalanlar\u0131ndaki sigara i\u00e7me alanlar\u0131 - airportsmokinglounge.com","description":"Yemen Havaalanlar\u0131ndaki Sigara \u0130\u00e7me Alanlar\u0131 - Sigara \u0130\u00e7mek \u0130\u00e7in Bir Yer Bulmak \u0130\u00e7in Nihai Rehberiniz \u2714\ufe0e Bir Sonraki Sigara Molas\u0131 Noktan\u0131z\u0131 Bulun \u2714\ufe0e","robots":{"index":"index","follow":"follow","max-snippet":"max-snippet:-1","max-image-preview":"max-image-preview:large","max-video-preview":"max-video-preview:-1"},"canonical":"https:\/\/airportsmokinglounge.com\/tr\/yemens-havalimanlarinda-sigara-icilen-alanlar\/","og_locale":"tr_TR","og_type":"article","og_title":"Smoking areas in Yemen's airports - airportsmokinglounge.com","og_description":"Smoking Areas in Yemen's Airports - Your Ultimate Guide to Finding a Place to Smoke \u2714\ufe0e Find Your Next Smoke Break Spot \u2714\ufe0e","og_url":"https:\/\/airportsmokinglounge.com\/tr\/yemens-havalimanlarinda-sigara-icilen-alanlar\/","og_site_name":"airportsmokinglounge.com","article_modified_time":"2023-05-22T21:42:59+00:00","og_image":[{"width":2048,"height":1152,"url":"https:\/\/airportsmokinglounge.com\/wp-content\/uploads\/2023\/03\/airport-smoking-lounge-4.jpg","type":"image\/jpeg"}],"twitter_card":"summary_large_image","twitter_misc":{"Tahmini okuma s\u00fcresi":"2 dakika"},"schema":{"@context":"https:\/\/schema.org","@graph":[{"@type":"WebPage","@id":"https:\/\/airportsmokinglounge.com\/smoking-areas-in-yemens-airports\/","url":"https:\/\/airportsmokinglounge.com\/smoking-areas-in-yemens-airports\/","name":"Yemen havaalanlar\u0131ndaki sigara i\u00e7me alanlar\u0131 - airportsmokinglounge.com","isPartOf":{"@id":"https:\/\/airportsmokinglounge.com\/#website"},"primaryImageOfPage":{"@id":"https:\/\/airportsmokinglounge.com\/smoking-areas-in-yemens-airports\/#primaryimage"},"image":{"@id":"https:\/\/airportsmokinglounge.com\/smoking-areas-in-yemens-airports\/#primaryimage"},"thumbnailUrl":"https:\/\/airportsmokinglounge.com\/wp-content\/uploads\/2023\/03\/airport-smoking-lounge-4.jpg","datePublished":"2023-03-07T09:21:37+00:00","dateModified":"2023-05-22T21:42:59+00:00","description":"Yemen Havaalanlar\u0131ndaki Sigara \u0130\u00e7me Alanlar\u0131 - Sigara \u0130\u00e7mek \u0130\u00e7in Bir Yer Bulmak \u0130\u00e7in Nihai Rehberiniz \u2714\ufe0e Bir Sonraki Sigara Molas\u0131 Noktan\u0131z\u0131 Bulun \u2714\ufe0e","breadcrumb":{"@id":"https:\/\/airportsmokinglounge.com\/smoking-areas-in-yemens-airports\/#breadcrumb"},"inLanguage":"tr","potentialAction":[{"@type":"ReadAction","target":["https:\/\/airportsmokinglounge.com\/smoking-areas-in-yemens-airports\/"]}]},{"@type":"ImageObject","inLanguage":"tr","@id":"https:\/\/airportsmokinglounge.com\/smoking-areas-in-yemens-airports\/#primaryimage","url":"https:\/\/airportsmokinglounge.com\/wp-content\/uploads\/2023\/03\/airport-smoking-lounge-4.jpg","contentUrl":"https:\/\/airportsmokinglounge.com\/wp-content\/uploads\/2023\/03\/airport-smoking-lounge-4.jpg","width":2048,"height":1152,"caption":"Airport Smoking"},{"@type":"BreadcrumbList","@id":"https:\/\/airportsmokinglounge.com\/smoking-areas-in-yemens-airports\/#breadcrumb","itemListElement":[{"@type":"ListItem","position":1,"name":"Home","item":"https:\/\/airportsmokinglounge.com\/"},{"@type":"ListItem","position":2,"name":"Smoking areas in Yemen&#8217;s airports"}]},{"@type":"WebSite","@id":"https:\/\/airportsmokinglounge.com\/#website","url":"https:\/\/airportsmokinglounge.com\/","name":"havaalan\u0131sigara salonu.com","description":"","potentialAction":[{"@type":"SearchAction","target":{"@type":"EntryPoint","urlTemplate":"https:\/\/airportsmokinglounge.com\/?s={search_term_string}"},"query-input":{"@type":"PropertyValueSpecification","valueRequired":true,"valueName":"search_term_string"}}],"inLanguage":"tr"}]}},"_links":{"self":[{"href":"https:\/\/airportsmokinglounge.com\/tr\/wp-json\/wp\/v2\/pages\/416","targetHints":{"allow":["GET"]}}],"collection":[{"href":"https:\/\/airportsmokinglounge.com\/tr\/wp-json\/wp\/v2\/pages"}],"about":[{"href":"https:\/\/airportsmokinglounge.com\/tr\/wp-json\/wp\/v2\/types\/page"}],"author":[{"embeddable":true,"href":"https:\/\/airportsmokinglounge.com\/tr\/wp-json\/wp\/v2\/users\/1"}],"replies":[{"embeddable":true,"href":"https:\/\/airportsmokinglounge.com\/tr\/wp-json\/wp\/v2\/comments?post=416"}],"version-history":[{"count":4,"href":"https:\/\/airportsmokinglounge.com\/tr\/wp-json\/wp\/v2\/pages\/416\/revisions"}],"predecessor-version":[{"id":5862,"href":"https:\/\/airportsmokinglounge.com\/tr\/wp-json\/wp\/v2\/pages\/416\/revisions\/5862"}],"wp:featuredmedia":[{"embeddable":true,"href":"https:\/\/airportsmokinglounge.com\/tr\/wp-json\/wp\/v2\/media\/1199"}],"wp:attachment":[{"href":"https:\/\/airportsmokinglounge.com\/tr\/wp-json\/wp\/v2\/media?parent=416"}],"curies":[{"name":"wp","href":"https:\/\/api.w.org\/{rel}","templated":true}]}}