{"id":425,"date":"2023-03-07T11:00:34","date_gmt":"2023-03-07T10:00:34","guid":{"rendered":"https:\/\/airportsmokinglounge.com\/?page_id=425"},"modified":"2023-05-16T12:52:16","modified_gmt":"2023-05-16T10:52:16","slug":"smoking-areas-in-saudi-arabias-airports","status":"publish","type":"page","link":"https:\/\/airportsmokinglounge.com\/tr\/suudi-arabistandaki-havalimanlarindaki-sigara-icme-alanlari\/","title":{"rendered":"Suudi Arabistan&#039;daki havaalanlar\u0131nda sigara i\u00e7ilen alanlar"},"content":{"rendered":"<p>Suudi Arabistan&#039;da k\u00fc\u00e7\u00fck b\u00f6lgesel havalimanlar\u0131ndan daha b\u00fcy\u00fck uluslararas\u0131 merkezlere kadar bir\u00e7ok havaalan\u0131 bulunmaktad\u0131r.<\/p>\n<p>Bu web sitesinde, belirlenmi\u015f sigara i\u00e7me alanlar\u0131 ve mevcut tesisler dahil olmak \u00fczere havalimanlar\u0131ndaki t\u00fcm sigara i\u00e7me alanlar\u0131n\u0131 bulabilirsiniz. G\u00fcvenlikten ge\u00e7ip hi\u00e7bir yerde sigara i\u00e7ilen alanlar\u0131n olmad\u0131\u011f\u0131n\u0131 ve baz\u0131 durumlarda e-sigara i\u00e7ilmesine izin verilmeyebilece\u011fini g\u00f6rmenin hayal k\u0131r\u0131kl\u0131\u011f\u0131n\u0131 anl\u0131yoruz.<\/p>\n<p>Bu hizmet, uzun u\u00e7u\u015flardan \u00f6nce veya sonra sigara keyfi yapmak isteyen t\u00fcm sigara i\u00e7enler i\u00e7indir.<\/p>\n<h2>Suudi Arabistan Havaalanlar\u0131<\/h2>\n<ul style=\"list-style-type: circle;\">\n<li><a href=\"https:\/\/airportsmokinglounge.com\/tr\/cidde-kral-abdulaziz-havaalani-jedde-sigara-icme-alanlari\/\">C\u0130DDE \u2013 KRAL ABDULAZ\u0130Z ULUSLARARASI HAVAL\u0130MANI (JED)<\/a><\/li>\n<li><a href=\"https:\/\/airportsmokinglounge.com\/tr\/sigara-alanlari-at-riyad-uluslararasi-havaalani-ruh\/\">R\u0130YAD \u2013 KRAL KHALED ULUSLARARASI HAVAL\u0130MANI (RUH)<\/a><\/li>\n<li><a href=\"https:\/\/airportsmokinglounge.com\/tr\/ad-dammam-kral-fahd-havaalaninda-dmm-sigara-icme-alanlari\/\">AD DAMMAM \u2013 KRAL FAHD ULUSLARARASI HAVAL\u0130MANI (DMM)<\/a><\/li>\n<li><a href=\"https:\/\/airportsmokinglounge.com\/tr\/medine-havalimaninda-sigara-icme-alanlari\/\">MED\u0130NE \u2013 \u015eEH\u0130R MUHAMMED B\u0130N ABD\u00dcLAZ\u0130Z HAVAL\u0130MANI (MED)<\/a><\/li>\n<\/ul>\n<h2>Suudi Arabistan Duman Yasas\u0131<\/h2>\n<p>Suudi Arabistan, t\u00fct\u00fcn kullan\u0131m\u0131yla ilgili halk sa\u011fl\u0131\u011f\u0131 endi\u015felerini gidermek i\u00e7in sigara i\u00e7me y\u00f6netmeliklerini uygulamaya koydu. Bununla birlikte, sigara i\u00e7me yasa ve d\u00fczenlemelerinin zaman i\u00e7inde de\u011fi\u015febilece\u011fini l\u00fctfen unutmay\u0131n, bu nedenle Suudi Arabistan&#039;\u0131n sigara i\u00e7me yasalar\u0131 hakk\u0131nda en g\u00fcncel bilgiler i\u00e7in en son yasalara ba\u015fvurman\u0131z veya yerel yetkililere dan\u0131\u015fman\u0131z \u00f6nerilir.<\/p>\n<p>Suudi Arabistan&#039;da h\u00fck\u00fcmet binalar\u0131, sa\u011fl\u0131k tesisleri, e\u011fitim kurumlar\u0131 ve toplu ta\u015f\u0131ma ara\u00e7lar\u0131 dahil olmak \u00fczere belirli kapal\u0131 halka a\u00e7\u0131k yerlerde sigara i\u00e7mek genellikle yasakt\u0131r. Kanun ayr\u0131ca restoran, kafe ve al\u0131\u015fveri\u015f merkezi gibi alanlarda, sigara i\u00e7me alanlar\u0131 belirlenmemi\u015fse sigara i\u00e7ilmesini de yasaklamaktad\u0131r.<\/p>\n<p>Suudi Arabistan&#039;da 18 ya\u015f\u0131ndan k\u00fc\u00e7\u00fcklere t\u00fct\u00fcn \u00fcr\u00fcnlerinin sat\u0131\u015f\u0131 yasakt\u0131r. Buna ek olarak, \u00fclke t\u00fct\u00fcn reklam\u0131, promosyonu ve sponsorlu\u011funa ili\u015fkin d\u00fczenlemeler uygulam\u0131\u015ft\u0131r.<\/p>\n<p>Suudi Arabistan, sa\u011fl\u0131k kampanyalar\u0131 ve sigara paketleri \u00fczerindeki uyar\u0131lar yoluyla, sigarayla ili\u015fkili sa\u011fl\u0131k riskleri hakk\u0131nda halk\u0131 bilin\u00e7lendirmek i\u00e7in \u00f6nlemler ald\u0131. \u00dclke, t\u00fct\u00fcn \u00fcr\u00fcn\u00fc paketlerinin \u00fczerine grafik resimli sa\u011fl\u0131k uyar\u0131lar\u0131 uygulam\u0131\u015ft\u0131r.<\/p>\n<p>Sigara i\u00e7me yasalar\u0131n\u0131n uygulanmas\u0131 ilgili makamlar taraf\u0131ndan y\u00fcr\u00fct\u00fcl\u00fcr ve ihlaller para cezalar\u0131 veya di\u011fer cezalarla sonu\u00e7lanabilir.<\/p>\n<p>Sigara i\u00e7me y\u00f6netmeliklerine uygunlu\u011fun de\u011fi\u015fiklik g\u00f6sterebilece\u011fini ve baz\u0131 i\u015fletmelerin sigara i\u00e7me alanlar\u0131 tahsis etmi\u015f olabilece\u011fini, baz\u0131lar\u0131n\u0131n ise tamamen sigara i\u00e7ilmeyen olabilece\u011fini belirtmekte fayda var.<\/p>\n<p>Suudi Arabistan&#039;\u0131n sigara i\u00e7me yasalar\u0131yla ilgili en do\u011fru ve g\u00fcncel bilgiler i\u00e7in en son yasalara ba\u015fvurman\u0131z veya yerel yetkililere veya sa\u011fl\u0131k kurulu\u015flar\u0131na ba\u015fvurman\u0131z \u00f6nerilir.<\/p>\n<p><strong>Daha fazla Havaalan\u0131 Sigara i\u00e7ilen alan\u00a0<\/strong><\/p>\n<ul>\n<li><a href=\"https:\/\/airportsmokinglounge.com\/tr\/kuzey-amerikanin-havaalanlarinda-sigara-icmek\/\">Kuzey Amerika<\/a><\/li>\n<li><a href=\"https:\/\/airportsmokinglounge.com\/tr\/guney-amerika-havaalanlarinda-sigara-icilmesi\/\">G\u00fcney Amerika<\/a><\/li>\n<li><a href=\"https:\/\/airportsmokinglounge.com\/tr\/avrupa-havalimanlarindaki-sigara-icme-alanlari\/\">Avrupa<\/a><\/li>\n<li><a href=\"https:\/\/airportsmokinglounge.com\/tr\/asyadaki-havaalanlarinda-sigara-icmek\/\">Asya<\/a><\/li>\n<li><a href=\"https:\/\/airportsmokinglounge.com\/tr\/okyanusya-havalimanlarinda-sigara-icmek\/\">Okyanusya<\/a><\/li>\n<\/ul>","protected":false},"excerpt":{"rendered":"<p>Suudi Arabistan&#039;da k\u00fc\u00e7\u00fck b\u00f6lgesel havalimanlar\u0131ndan b\u00fcy\u00fck uluslararas\u0131 merkezlere kadar \u00e7e\u015fitli havalimanlar\u0131 vard\u0131r. Bu web sitesinde havalimanlar\u0131ndaki t\u00fcm sigara i\u00e7me alanlar\u0131n\u0131, belirlenmi\u015f sigara i\u00e7me alanlar\u0131 ve mevcut tesisler dahil bulabilirsiniz. G\u00fcvenlikten ge\u00e7ip hi\u00e7bir yerde sigara i\u00e7me alan\u0131 olmad\u0131\u011f\u0131n\u0131 ve baz\u0131 durumlarda e-sigaralar\u0131n\u2026&nbsp;<a href=\"https:\/\/airportsmokinglounge.com\/tr\/suudi-arabistandaki-havalimanlarindaki-sigara-icme-alanlari\/\" rel=\"bookmark\">Devam\u0131n\u0131 oku &quot;<span class=\"screen-reader-text\">Suudi Arabistan&#039;daki havaalanlar\u0131nda sigara i\u00e7ilen alanlar<\/span><\/a><\/p>","protected":false},"author":1,"featured_media":1199,"parent":0,"menu_order":0,"comment_status":"closed","ping_status":"closed","template":"","meta":{"neve_meta_sidebar":"","neve_meta_container":"","neve_meta_enable_content_width":"off","neve_meta_content_width":100,"neve_meta_title_alignment":"","neve_meta_author_avatar":"","neve_post_elements_order":"","neve_meta_disable_header":"","neve_meta_disable_footer":"","neve_meta_disable_title":"","neve_meta_reading_time":"","footnotes":""},"class_list":["post-425","page","type-page","status-publish","has-post-thumbnail","hentry"],"yoast_head":"<!-- This site is optimized with the Yoast SEO plugin v26.6 - https:\/\/yoast.com\/wordpress\/plugins\/seo\/ -->\n<title>Smoking areas in Saudi Arabia&#039;s airports<\/title>\n<meta name=\"description\" content=\"Smoking Areas in Saudi Arabia&#039;s Airports - Your Ultimate Guide to Finding a Place to Smoke \u2714\ufe0e Find Your Next Smoke Break Spot \u2714\ufe0e\" \/>\n<meta name=\"robots\" content=\"index, follow, max-snippet:-1, max-image-preview:large, max-video-preview:-1\" \/>\n<link rel=\"canonical\" href=\"https:\/\/airportsmokinglounge.com\/tr\/suudi-arabistandaki-havalimanlarindaki-sigara-icme-alanlari\/\" \/>\n<meta property=\"og:locale\" content=\"tr_TR\" \/>\n<meta property=\"og:type\" content=\"article\" \/>\n<meta property=\"og:title\" content=\"Smoking areas in Saudi Arabia&#039;s airports\" \/>\n<meta property=\"og:description\" content=\"Smoking Areas in Saudi Arabia&#039;s Airports - Your Ultimate Guide to Finding a Place to Smoke \u2714\ufe0e Find Your Next Smoke Break Spot \u2714\ufe0e\" \/>\n<meta property=\"og:url\" content=\"https:\/\/airportsmokinglounge.com\/tr\/suudi-arabistandaki-havalimanlarindaki-sigara-icme-alanlari\/\" \/>\n<meta property=\"og:site_name\" content=\"airportsmokinglounge.com\" \/>\n<meta property=\"article:modified_time\" content=\"2023-05-16T10:52:16+00:00\" \/>\n<meta property=\"og:image\" content=\"https:\/\/airportsmokinglounge.com\/wp-content\/uploads\/2023\/03\/airport-smoking-lounge-4.jpg\" \/>\n\t<meta property=\"og:image:width\" content=\"2048\" \/>\n\t<meta property=\"og:image:height\" content=\"1152\" \/>\n\t<meta property=\"og:image:type\" content=\"image\/jpeg\" \/>\n<meta name=\"twitter:card\" content=\"summary_large_image\" \/>\n<meta name=\"twitter:label1\" content=\"Tahmini okuma s\u00fcresi\" \/>\n\t<meta name=\"twitter:data1\" content=\"2 dakika\" \/>\n<script type=\"application\/ld+json\" class=\"yoast-schema-graph\">{\"@context\":\"https:\/\/schema.org\",\"@graph\":[{\"@type\":\"WebPage\",\"@id\":\"https:\/\/airportsmokinglounge.com\/smoking-areas-in-saudi-arabias-airports\/\",\"url\":\"https:\/\/airportsmokinglounge.com\/smoking-areas-in-saudi-arabias-airports\/\",\"name\":\"Smoking areas in Saudi Arabia's airports\",\"isPartOf\":{\"@id\":\"https:\/\/airportsmokinglounge.com\/#website\"},\"primaryImageOfPage\":{\"@id\":\"https:\/\/airportsmokinglounge.com\/smoking-areas-in-saudi-arabias-airports\/#primaryimage\"},\"image\":{\"@id\":\"https:\/\/airportsmokinglounge.com\/smoking-areas-in-saudi-arabias-airports\/#primaryimage\"},\"thumbnailUrl\":\"https:\/\/airportsmokinglounge.com\/wp-content\/uploads\/2023\/03\/airport-smoking-lounge-4.jpg\",\"datePublished\":\"2023-03-07T10:00:34+00:00\",\"dateModified\":\"2023-05-16T10:52:16+00:00\",\"description\":\"Smoking Areas in Saudi Arabia's Airports - Your Ultimate Guide to Finding a Place to Smoke \u2714\ufe0e Find Your Next Smoke Break Spot \u2714\ufe0e\",\"breadcrumb\":{\"@id\":\"https:\/\/airportsmokinglounge.com\/smoking-areas-in-saudi-arabias-airports\/#breadcrumb\"},\"inLanguage\":\"tr\",\"potentialAction\":[{\"@type\":\"ReadAction\",\"target\":[\"https:\/\/airportsmokinglounge.com\/smoking-areas-in-saudi-arabias-airports\/\"]}]},{\"@type\":\"ImageObject\",\"inLanguage\":\"tr\",\"@id\":\"https:\/\/airportsmokinglounge.com\/smoking-areas-in-saudi-arabias-airports\/#primaryimage\",\"url\":\"https:\/\/airportsmokinglounge.com\/wp-content\/uploads\/2023\/03\/airport-smoking-lounge-4.jpg\",\"contentUrl\":\"https:\/\/airportsmokinglounge.com\/wp-content\/uploads\/2023\/03\/airport-smoking-lounge-4.jpg\",\"width\":2048,\"height\":1152,\"caption\":\"Airport Smoking\"},{\"@type\":\"BreadcrumbList\",\"@id\":\"https:\/\/airportsmokinglounge.com\/smoking-areas-in-saudi-arabias-airports\/#breadcrumb\",\"itemListElement\":[{\"@type\":\"ListItem\",\"position\":1,\"name\":\"Home\",\"item\":\"https:\/\/airportsmokinglounge.com\/\"},{\"@type\":\"ListItem\",\"position\":2,\"name\":\"Smoking areas in Saudi Arabia&#8217;s airports\"}]},{\"@type\":\"WebSite\",\"@id\":\"https:\/\/airportsmokinglounge.com\/#website\",\"url\":\"https:\/\/airportsmokinglounge.com\/\",\"name\":\"airportsmokinglounge.com\",\"description\":\"\",\"potentialAction\":[{\"@type\":\"SearchAction\",\"target\":{\"@type\":\"EntryPoint\",\"urlTemplate\":\"https:\/\/airportsmokinglounge.com\/?s={search_term_string}\"},\"query-input\":{\"@type\":\"PropertyValueSpecification\",\"valueRequired\":true,\"valueName\":\"search_term_string\"}}],\"inLanguage\":\"tr\"}]}<\/script>\n<!-- \/ Yoast SEO plugin. -->","yoast_head_json":{"title":"Suudi Arabistan havaalanlar\u0131nda sigara i\u00e7ilen alanlar","description":"Suudi Arabistan Havalimanlar\u0131ndaki Sigara \u0130\u00e7ilebilen Alanlar - Sigara \u0130\u00e7ilecek Bir Yer Bulmak \u0130\u00e7in En \u0130yi Rehberiniz \u2714\ufe0e Bir Sonraki Sigara \u0130\u00e7me Noktan\u0131z\u0131 Bulun \u2714\ufe0e","robots":{"index":"index","follow":"follow","max-snippet":"max-snippet:-1","max-image-preview":"max-image-preview:large","max-video-preview":"max-video-preview:-1"},"canonical":"https:\/\/airportsmokinglounge.com\/tr\/suudi-arabistandaki-havalimanlarindaki-sigara-icme-alanlari\/","og_locale":"tr_TR","og_type":"article","og_title":"Smoking areas in Saudi Arabia's airports","og_description":"Smoking Areas in Saudi Arabia's Airports - Your Ultimate Guide to Finding a Place to Smoke \u2714\ufe0e Find Your Next Smoke Break Spot \u2714\ufe0e","og_url":"https:\/\/airportsmokinglounge.com\/tr\/suudi-arabistandaki-havalimanlarindaki-sigara-icme-alanlari\/","og_site_name":"airportsmokinglounge.com","article_modified_time":"2023-05-16T10:52:16+00:00","og_image":[{"width":2048,"height":1152,"url":"https:\/\/airportsmokinglounge.com\/wp-content\/uploads\/2023\/03\/airport-smoking-lounge-4.jpg","type":"image\/jpeg"}],"twitter_card":"summary_large_image","twitter_misc":{"Tahmini okuma s\u00fcresi":"2 dakika"},"schema":{"@context":"https:\/\/schema.org","@graph":[{"@type":"WebPage","@id":"https:\/\/airportsmokinglounge.com\/smoking-areas-in-saudi-arabias-airports\/","url":"https:\/\/airportsmokinglounge.com\/smoking-areas-in-saudi-arabias-airports\/","name":"Suudi Arabistan havaalanlar\u0131nda sigara i\u00e7ilen alanlar","isPartOf":{"@id":"https:\/\/airportsmokinglounge.com\/#website"},"primaryImageOfPage":{"@id":"https:\/\/airportsmokinglounge.com\/smoking-areas-in-saudi-arabias-airports\/#primaryimage"},"image":{"@id":"https:\/\/airportsmokinglounge.com\/smoking-areas-in-saudi-arabias-airports\/#primaryimage"},"thumbnailUrl":"https:\/\/airportsmokinglounge.com\/wp-content\/uploads\/2023\/03\/airport-smoking-lounge-4.jpg","datePublished":"2023-03-07T10:00:34+00:00","dateModified":"2023-05-16T10:52:16+00:00","description":"Suudi Arabistan Havalimanlar\u0131ndaki Sigara \u0130\u00e7ilebilen Alanlar - Sigara \u0130\u00e7ilecek Bir Yer Bulmak \u0130\u00e7in En \u0130yi Rehberiniz \u2714\ufe0e Bir Sonraki Sigara \u0130\u00e7me Noktan\u0131z\u0131 Bulun \u2714\ufe0e","breadcrumb":{"@id":"https:\/\/airportsmokinglounge.com\/smoking-areas-in-saudi-arabias-airports\/#breadcrumb"},"inLanguage":"tr","potentialAction":[{"@type":"ReadAction","target":["https:\/\/airportsmokinglounge.com\/smoking-areas-in-saudi-arabias-airports\/"]}]},{"@type":"ImageObject","inLanguage":"tr","@id":"https:\/\/airportsmokinglounge.com\/smoking-areas-in-saudi-arabias-airports\/#primaryimage","url":"https:\/\/airportsmokinglounge.com\/wp-content\/uploads\/2023\/03\/airport-smoking-lounge-4.jpg","contentUrl":"https:\/\/airportsmokinglounge.com\/wp-content\/uploads\/2023\/03\/airport-smoking-lounge-4.jpg","width":2048,"height":1152,"caption":"Airport Smoking"},{"@type":"BreadcrumbList","@id":"https:\/\/airportsmokinglounge.com\/smoking-areas-in-saudi-arabias-airports\/#breadcrumb","itemListElement":[{"@type":"ListItem","position":1,"name":"Home","item":"https:\/\/airportsmokinglounge.com\/"},{"@type":"ListItem","position":2,"name":"Smoking areas in Saudi Arabia&#8217;s airports"}]},{"@type":"WebSite","@id":"https:\/\/airportsmokinglounge.com\/#website","url":"https:\/\/airportsmokinglounge.com\/","name":"havaalan\u0131sigara salonu.com","description":"","potentialAction":[{"@type":"SearchAction","target":{"@type":"EntryPoint","urlTemplate":"https:\/\/airportsmokinglounge.com\/?s={search_term_string}"},"query-input":{"@type":"PropertyValueSpecification","valueRequired":true,"valueName":"search_term_string"}}],"inLanguage":"tr"}]}},"_links":{"self":[{"href":"https:\/\/airportsmokinglounge.com\/tr\/wp-json\/wp\/v2\/pages\/425","targetHints":{"allow":["GET"]}}],"collection":[{"href":"https:\/\/airportsmokinglounge.com\/tr\/wp-json\/wp\/v2\/pages"}],"about":[{"href":"https:\/\/airportsmokinglounge.com\/tr\/wp-json\/wp\/v2\/types\/page"}],"author":[{"embeddable":true,"href":"https:\/\/airportsmokinglounge.com\/tr\/wp-json\/wp\/v2\/users\/1"}],"replies":[{"embeddable":true,"href":"https:\/\/airportsmokinglounge.com\/tr\/wp-json\/wp\/v2\/comments?post=425"}],"version-history":[{"count":9,"href":"https:\/\/airportsmokinglounge.com\/tr\/wp-json\/wp\/v2\/pages\/425\/revisions"}],"predecessor-version":[{"id":5241,"href":"https:\/\/airportsmokinglounge.com\/tr\/wp-json\/wp\/v2\/pages\/425\/revisions\/5241"}],"wp:featuredmedia":[{"embeddable":true,"href":"https:\/\/airportsmokinglounge.com\/tr\/wp-json\/wp\/v2\/media\/1199"}],"wp:attachment":[{"href":"https:\/\/airportsmokinglounge.com\/tr\/wp-json\/wp\/v2\/media?parent=425"}],"curies":[{"name":"wp","href":"https:\/\/api.w.org\/{rel}","templated":true}]}}