{"id":487,"date":"2023-03-15T18:42:36","date_gmt":"2023-03-15T17:42:36","guid":{"rendered":"https:\/\/airportsmokinglounge.com\/?page_id=487"},"modified":"2023-05-13T14:44:01","modified_gmt":"2023-05-13T12:44:01","slug":"smoking-areas-at-brussels-airport-bru","status":"publish","type":"page","link":"https:\/\/airportsmokinglounge.com\/tr\/bruksel-havaalaninda-sigara-icme-alanlari\/","title":{"rendered":"Br\u00fcksel Havaliman\u0131&#039;ndaki (BRU) sigara i\u00e7ilebilen alanlar"},"content":{"rendered":"<p>Br\u00fcksel Havaliman\u0131-Zaventem olarak da bilinen Br\u00fcksel Havaliman\u0131, Bel\u00e7ika&#039;n\u0131n en b\u00fcy\u00fck havaliman\u0131d\u0131r ve Br\u00fcksel \u015fehir merkezinin yakla\u015f\u0131k 12 km kuzeydo\u011fusunda yer almaktad\u0131r. Havaalan\u0131 bir\u00e7ok havayolu \u015firketi i\u00e7in \u00f6nemli bir merkez g\u00f6revi g\u00f6r\u00fcyor ve d\u00fcnyan\u0131n her yerindeki destinasyonlara ba\u011flant\u0131 sa\u011fl\u0131yor.<\/p>\n<p>Havaalan\u0131nda ayr\u0131ca i\u015f seyahatinde olanlar i\u00e7in VIP salonu, i\u015f merkezi ve konferans salonlar\u0131 bulunmaktad\u0131r. Br\u00fcksel Havaliman\u0131, modern altyap\u0131s\u0131 ve elveri\u015fli konumuyla konforlu ve verimli bir seyahat deneyimi sunuyor.<\/p>\n<h2>G\u00fcvenlik kontrol\u00fcnden \u00f6nce Br\u00fcksel&#039;de sigara i\u00e7ilen alanlar<\/h2>\n<ul>\n<li>Terminal d\u0131\u015f\u0131nda sadece belirlenmi\u015f alanlarda sigara i\u00e7ilmesine izin verilmektedir.<\/li>\n<\/ul>\n<h2>G\u00fcvenlik Kontrol\u00fcnden Sonra Sigara \u0130\u00e7ilen Alanlar<\/h2>\n<p><strong>Terminal A<\/strong><\/p>\n<ul>\n<li>A30 Kap\u0131s\u0131 yak\u0131n\u0131nda h\u00e2l\u00e2 iki adet sigara i\u00e7ilebilen kabin mevcuttur<\/li>\n<li>Am Gate A67, yeni bir k\u00fc\u00e7\u00fck arabad\u0131r<\/li>\n<li>Terminal A&#039;da 65 ve 67 numaral\u0131 kap\u0131lar aras\u0131nda sigara i\u00e7me alan\u0131 bulunmaktad\u0131r.<\/li>\n<\/ul>\n<p><strong>Terminal B<\/strong><\/p>\n<ul>\n<li>B iskelesinde, 39 numaral\u0131 kap\u0131n\u0131n yak\u0131n\u0131nda<\/li>\n<\/ul>\n<p><span style=\"font-size: 12pt;\">Resmi Web Sitesinde Daha Fazla Bilgi<\/span><\/p>\n<ul>\n<li><span style=\"font-size: 12pt;\"><a href=\"https:\/\/www.brusselsairport.be\/en\/passengers\" target=\"_blank\" rel=\"noopener\">br\u00fckselsairport.de<\/a><\/span><\/li>\n<\/ul>\n<p><span style=\"font-size: 12pt;\"><strong>Bize geri bildirim g\u00f6nderin<\/strong><\/span><\/p>\n<p><span style=\"font-size: 12pt;\">Br\u00fcksel Havaalan\u0131ndaysan\u0131z, bize sigara i\u00e7ilen alanlar\u0131n foto\u011fraflar\u0131n\u0131 g\u00f6nderebilirsiniz. Bu, veritaban\u0131m\u0131z\u0131 daha h\u0131zl\u0131 doldurmam\u0131za yard\u0131mc\u0131 olacakt\u0131r. Bunu yapabilirsiniz <strong><a href=\"https:\/\/airportsmokinglounge.com\/tr\/temas-etmek\/\">Burada<\/a>.<\/strong> G\u00f6rseller, g\u00f6rsel kayna\u011f\u0131 (isim) belirtilerek sitemizde yay\u0131nlanmaktad\u0131r. Bu resimleri bizimle ve t\u00fcm Airport Smokinglounge.com ziyaret\u00e7ileriyle payla\u015fmaktan \u00e7ekinmeyin.<\/span><\/p>\n<h2>Bel\u00e7ika Havalimanlar\u0131nda Sigara \u0130\u00e7ilebilen Alanlar<\/h2>\n<p>Bel\u00e7ika&#039;n\u0131n havalimanlar\u0131nda sigara i\u00e7mek, ulusal yasalara ve Avrupa Birli\u011fi d\u00fczenlemelerine uygun olarak s\u0131k\u0131 bir \u015fekilde d\u00fczenlenmektedir. Hem sigara i\u00e7enlerin hem de i\u00e7meyenlerin sa\u011fl\u0131\u011f\u0131n\u0131 korumak amac\u0131yla, havalimanlar\u0131 da dahil olmak \u00fczere halka a\u00e7\u0131k kapal\u0131 alanlar\u0131n \u00e7o\u011funda sigara i\u00e7mek yasakt\u0131r.<\/p>\n<p>Bel\u00e7ika&#039;daki baz\u0131 havalimanlar\u0131nda u\u00e7u\u015f \u00f6ncesinde veya sonras\u0131nda sigara i\u00e7mek isteyenler i\u00e7in sigara i\u00e7me alanlar\u0131 ayr\u0131lm\u0131\u015ft\u0131r. Bu sigara i\u00e7me alanlar\u0131 genellikle teraslar veya havaalan\u0131 giri\u015flerine yak\u0131n belirlenmi\u015f alanlar gibi d\u0131\u015f mekanlarda bulunur.<\/p>\n<p>Bu sigara i\u00e7me alanlar\u0131n\u0131n s\u0131k\u0131 d\u00fczenlemelere tabi oldu\u011funu unutmamak \u00f6nemlidir. \u00d6rne\u011fin, havaalan\u0131n\u0131n yaln\u0131zca belirlenmi\u015f alanlar\u0131nda sigara i\u00e7ilmesine izin verilmektedir ve di\u011fer t\u00fcm alanlarda yasakt\u0131r. Ek olarak, bu sigara i\u00e7me alanlar\u0131 genellikle ana terminalden uzakta bulunmaktad\u0131r ve giri\u015ften \u00f6nce ek g\u00fcvenlik taramas\u0131 gerektirebilir.<\/p>\n<p>Genel olarak, Bel\u00e7ika&#039;n\u0131n havalimanlar\u0131nda sigara i\u00e7mek b\u00fcy\u00fck \u00f6l\u00e7\u00fcde k\u0131s\u0131tlanm\u0131\u015f olsa da, u\u00e7u\u015f \u00f6ncesinde veya sonras\u0131nda sigara i\u00e7mek isteyenler i\u00e7in belirlenmi\u015f sigara i\u00e7me alanlar\u0131 mevcuttur. Ancak t\u00fcm yolculara g\u00fcvenli ve konforlu bir seyahat deneyimi sa\u011flamak i\u00e7in t\u00fcm d\u00fczenleme ve politikalara uymak \u00f6nemlidir.<\/p>\n<h3>S\u0131k\u00e7a Sorulan Sorular<\/h3>\n<h4>Havaliman\u0131 sigara i\u00e7me alanlar\u0131 7\/24 a\u00e7\u0131k m\u0131?<\/h4>\n<p>Havaliman\u0131 sigara i\u00e7me alanlar\u0131n\u0131n mevcudiyeti, havaliman\u0131na ve konuma g\u00f6re de\u011fi\u015fiklik g\u00f6sterebilir. Baz\u0131 sigara i\u00e7me alanlar\u0131 24 saat a\u00e7\u0131kken, baz\u0131lar\u0131nda k\u0131s\u0131tl\u0131 saatler olabilir veya belirli saatlerde kapal\u0131 olabilir. Sigara i\u00e7me alan\u0131n\u0131n \u00e7al\u0131\u015fma saatleri hakk\u0131nda \u00f6zel bilgi i\u00e7in havaalan\u0131na dan\u0131\u015fmak veya web sitelerini ziyaret etmek en iyisidir.<\/p>\n<h4>Sigara i\u00e7me alan\u0131na kendi yiyecek ve i\u00e7eceklerimi getirmeme izin verilir mi?<\/h4>\n<p>Bu, belirli sigara i\u00e7me alan\u0131na ve havaalan\u0131na ba\u011fl\u0131 olabilir. Baz\u0131 sigara i\u00e7me alanlar\u0131 d\u0131\u015far\u0131dan yiyecek ve i\u00e7eceklere izin verirken, baz\u0131lar\u0131nda k\u0131s\u0131tlamalar olabilir veya tamamen yasak olabilir. Belirli kurallar ve y\u00f6netmelikler i\u00e7in havaalan\u0131na veya sigara i\u00e7ilen alan tabelas\u0131na bakmak en iyisidir.<\/p>\n<h4>Havaliman\u0131ndaki t\u00fcm sigara i\u00e7ilen alanlarda sigara i\u00e7ilebilir mi?<\/h4>\n<p>Havaalan\u0131 sigara i\u00e7ilen alanlar\u0131n t\u00fcm\u00fc sigara i\u00e7ilmesine izin vermeyebilir. Baz\u0131 havalimanlar\u0131nda, geleneksel sigara i\u00e7me alanlar\u0131ndan ayr\u0131 elektronik sigara veya elektronik sigara i\u00e7in belirlenmi\u015f alanlar olabilir. Kullanmay\u0131 planlad\u0131\u011f\u0131n\u0131z sigara i\u00e7me alan\u0131 i\u00e7in \u00f6zel kural ve d\u00fczenlemeleri kontrol etti\u011finizden emin olun.<\/p>\n<h4>Sigara i\u00e7ilen alanlar klimal\u0131 m\u0131 yoksa \u0131s\u0131tmal\u0131 m\u0131?<\/h4>\n<p>Havaalan\u0131 sigara i\u00e7me alanlar\u0131n\u0131n s\u0131cakl\u0131\u011f\u0131 ve havaland\u0131rmas\u0131 b\u00fcy\u00fck \u00f6l\u00e7\u00fcde de\u011fi\u015febilir. Baz\u0131lar\u0131 klimal\u0131 veya \u0131s\u0131tmal\u0131 olabilirken, di\u011ferleri d\u0131\u015f etkenlerden s\u0131n\u0131rl\u0131 korumaya sahip a\u00e7\u0131k hava alanlar\u0131 olabilir. Ko\u015fullar\u0131 belirlemek ve buna g\u00f6re haz\u0131rlanmak i\u00e7in \u00f6nceden havaalan\u0131na dan\u0131\u015ft\u0131\u011f\u0131n\u0131zdan veya sigara i\u00e7me alan\u0131n\u0131 ziyaret etti\u011finizden emin olun.<\/p>\n<h4>Sigara i\u00e7ilen alanlar engelli yolcular i\u00e7in eri\u015filebilir mi?<\/h4>\n<p>Bir\u00e7ok havaalan\u0131, sigara i\u00e7me alanlar\u0131n\u0131 engelli yolcular\u0131n eri\u015fimine uygun hale getirmek i\u00e7in \u00e7aba sarf etmi\u015ftir. Ancak, belirli sigara i\u00e7me alanlar\u0131n\u0131n eri\u015filebilirli\u011fi b\u00fcy\u00fck \u00f6l\u00e7\u00fcde de\u011fi\u015febilir. Eri\u015filebilir olup olmad\u0131\u011f\u0131n\u0131 ve ihtiya\u00e7lar\u0131n\u0131z\u0131 kar\u015f\u0131lay\u0131p kar\u015f\u0131lamad\u0131\u011f\u0131n\u0131 belirlemek i\u00e7in havaalan\u0131na dan\u0131\u015ft\u0131\u011f\u0131n\u0131zdan veya sigara i\u00e7me alan\u0131n\u0131 \u00f6nceden ziyaret etti\u011finizden emin olun.<\/p>\n<p><span style=\"font-size: 12pt;\"><strong>Bel\u00e7ika konumunda di\u011fer Havaalan\u0131:<\/strong><\/span><\/p>\n<ul>\n<li><span style=\"font-size: 12pt;\"><a href=\"https:\/\/airportsmokinglounge.com\/tr\/bruksel-guney-charleroi-havaalani-crlde-sigara-icme-alanlari\/\">Br\u00fcksel Charleroi Havaalan\u0131 <\/a><\/span><\/li>\n<li><span style=\"font-size: 12pt;\"><a href=\"https:\/\/airportsmokinglounge.com\/tr\/liege-havaalaninda-sigara-icilebilen-alanlar-lgg\/\">Li\u00e8ge Havaalan\u0131<\/a><\/span><\/li>\n<li><span style=\"font-size: 12pt;\"><a href=\"https:\/\/airportsmokinglounge.com\/tr\/antwerp-uluslararasi-havalimaninda-sigara-icilen-alanlar-anr\/\">Anvers Havaalan\u0131<\/a><\/span><\/li>\n<li><span style=\"font-size: 12pt;\"><a href=\"https:\/\/airportsmokinglounge.com\/tr\/ostend-bruges-uluslararasi-havaalani-ostta-sigara-icme-alanlari\/\">Oostende-Bruges Havaalan\u0131<\/a><\/span><\/li>\n<\/ul>\n<p><span style=\"font-size: 12pt;\"><strong>Sigara i\u00e7ilen alanlar:<\/strong><\/span><\/p>\n<ul>\n<li><span style=\"font-size: 12pt;\"><a href=\"https:\/\/airportsmokinglounge.com\/tr\/avrupa-havalimanlarindaki-sigara-icme-alanlari\/\">Avrupa havaalanlar\u0131<\/a><\/span><\/li>\n<\/ul>","protected":false},"excerpt":{"rendered":"<p>Brussels Airport, also known as Brussels Airport-Zaventem, is the largest airport in Belgium and is located approximately 12 km northeast of Brussels&#8217; city center. The airport serves as a major hub for many airlines and provides connections to destinations all over the world. The airport also features a VIP lounge, business center, and conference rooms&hellip;&nbsp;<a href=\"https:\/\/airportsmokinglounge.com\/tr\/bruksel-havaalaninda-sigara-icme-alanlari\/\" rel=\"bookmark\">Devam\u0131n\u0131 oku &quot;<span class=\"screen-reader-text\">Br\u00fcksel Havaliman\u0131&#039;ndaki (BRU) sigara i\u00e7ilebilen alanlar<\/span><\/a><\/p>","protected":false},"author":1,"featured_media":1199,"parent":0,"menu_order":0,"comment_status":"closed","ping_status":"closed","template":"","meta":{"neve_meta_sidebar":"","neve_meta_container":"","neve_meta_enable_content_width":"off","neve_meta_content_width":100,"neve_meta_title_alignment":"","neve_meta_author_avatar":"","neve_post_elements_order":"","neve_meta_disable_header":"","neve_meta_disable_footer":"","neve_meta_disable_title":"","neve_meta_reading_time":"","footnotes":""},"class_list":["post-487","page","type-page","status-publish","has-post-thumbnail","hentry"],"yoast_head":"<!-- This site is optimized with the Yoast SEO plugin v26.6 - https:\/\/yoast.com\/wordpress\/plugins\/seo\/ -->\n<title>Smoking areas at Brussels Airport (BRU)<\/title>\n<meta name=\"description\" content=\"Smoking areas Brussels Airport - Find a smoking area in the airport from Brussel \u2714\ufe0e Smoking Guide in Airports: Information for Travelers \u2714\ufe0e\" \/>\n<meta name=\"robots\" content=\"index, follow, max-snippet:-1, max-image-preview:large, max-video-preview:-1\" \/>\n<link rel=\"canonical\" href=\"https:\/\/airportsmokinglounge.com\/tr\/bruksel-havaalaninda-sigara-icme-alanlari\/\" \/>\n<meta property=\"og:locale\" content=\"tr_TR\" \/>\n<meta property=\"og:type\" content=\"article\" \/>\n<meta property=\"og:title\" content=\"Smoking areas at Brussels Airport (BRU)\" \/>\n<meta property=\"og:description\" content=\"Smoking areas Brussels Airport - Find a smoking area in the airport from Brussel \u2714\ufe0e Smoking Guide in Airports: Information for Travelers \u2714\ufe0e\" \/>\n<meta property=\"og:url\" content=\"https:\/\/airportsmokinglounge.com\/tr\/bruksel-havaalaninda-sigara-icme-alanlari\/\" \/>\n<meta property=\"og:site_name\" content=\"airportsmokinglounge.com\" \/>\n<meta property=\"article:modified_time\" content=\"2023-05-13T12:44:01+00:00\" \/>\n<meta property=\"og:image\" content=\"https:\/\/airportsmokinglounge.com\/wp-content\/uploads\/2023\/03\/airport-smoking-lounge-4.jpg\" \/>\n\t<meta property=\"og:image:width\" content=\"2048\" \/>\n\t<meta property=\"og:image:height\" content=\"1152\" \/>\n\t<meta property=\"og:image:type\" content=\"image\/jpeg\" \/>\n<meta name=\"twitter:card\" content=\"summary_large_image\" \/>\n<meta name=\"twitter:label1\" content=\"Tahmini okuma s\u00fcresi\" \/>\n\t<meta name=\"twitter:data1\" content=\"4 dakika\" \/>\n<script type=\"application\/ld+json\" class=\"yoast-schema-graph\">{\"@context\":\"https:\/\/schema.org\",\"@graph\":[{\"@type\":\"WebPage\",\"@id\":\"https:\/\/airportsmokinglounge.com\/smoking-areas-at-brussels-airport-bru\/\",\"url\":\"https:\/\/airportsmokinglounge.com\/smoking-areas-at-brussels-airport-bru\/\",\"name\":\"Smoking areas at Brussels Airport (BRU)\",\"isPartOf\":{\"@id\":\"https:\/\/airportsmokinglounge.com\/#website\"},\"primaryImageOfPage\":{\"@id\":\"https:\/\/airportsmokinglounge.com\/smoking-areas-at-brussels-airport-bru\/#primaryimage\"},\"image\":{\"@id\":\"https:\/\/airportsmokinglounge.com\/smoking-areas-at-brussels-airport-bru\/#primaryimage\"},\"thumbnailUrl\":\"https:\/\/airportsmokinglounge.com\/wp-content\/uploads\/2023\/03\/airport-smoking-lounge-4.jpg\",\"datePublished\":\"2023-03-15T17:42:36+00:00\",\"dateModified\":\"2023-05-13T12:44:01+00:00\",\"description\":\"Smoking areas Brussels Airport - Find a smoking area in the airport from Brussel \u2714\ufe0e Smoking Guide in Airports: Information for Travelers \u2714\ufe0e\",\"breadcrumb\":{\"@id\":\"https:\/\/airportsmokinglounge.com\/smoking-areas-at-brussels-airport-bru\/#breadcrumb\"},\"inLanguage\":\"tr\",\"potentialAction\":[{\"@type\":\"ReadAction\",\"target\":[\"https:\/\/airportsmokinglounge.com\/smoking-areas-at-brussels-airport-bru\/\"]}]},{\"@type\":\"ImageObject\",\"inLanguage\":\"tr\",\"@id\":\"https:\/\/airportsmokinglounge.com\/smoking-areas-at-brussels-airport-bru\/#primaryimage\",\"url\":\"https:\/\/airportsmokinglounge.com\/wp-content\/uploads\/2023\/03\/airport-smoking-lounge-4.jpg\",\"contentUrl\":\"https:\/\/airportsmokinglounge.com\/wp-content\/uploads\/2023\/03\/airport-smoking-lounge-4.jpg\",\"width\":2048,\"height\":1152,\"caption\":\"Airport Smoking\"},{\"@type\":\"BreadcrumbList\",\"@id\":\"https:\/\/airportsmokinglounge.com\/smoking-areas-at-brussels-airport-bru\/#breadcrumb\",\"itemListElement\":[{\"@type\":\"ListItem\",\"position\":1,\"name\":\"Home\",\"item\":\"https:\/\/airportsmokinglounge.com\/\"},{\"@type\":\"ListItem\",\"position\":2,\"name\":\"Smoking areas at Brussels Airport (BRU)\"}]},{\"@type\":\"WebSite\",\"@id\":\"https:\/\/airportsmokinglounge.com\/#website\",\"url\":\"https:\/\/airportsmokinglounge.com\/\",\"name\":\"airportsmokinglounge.com\",\"description\":\"\",\"potentialAction\":[{\"@type\":\"SearchAction\",\"target\":{\"@type\":\"EntryPoint\",\"urlTemplate\":\"https:\/\/airportsmokinglounge.com\/?s={search_term_string}\"},\"query-input\":{\"@type\":\"PropertyValueSpecification\",\"valueRequired\":true,\"valueName\":\"search_term_string\"}}],\"inLanguage\":\"tr\"}]}<\/script>\n<!-- \/ Yoast SEO plugin. -->","yoast_head_json":{"title":"Br\u00fcksel Havaliman\u0131&#039;ndaki (BRU) sigara i\u00e7ilebilen alanlar","description":"Sigara i\u00e7me alanlar\u0131 Br\u00fcksel Havaalan\u0131 - Br\u00fcksel&#039;den havaalan\u0131nda sigara i\u00e7ilebilen bir alan bulun \u2714\ufe0e Havalimanlar\u0131nda Sigara \u0130\u00e7me Rehberi: Gezginler i\u00e7in Bilgiler \u2714\ufe0e","robots":{"index":"index","follow":"follow","max-snippet":"max-snippet:-1","max-image-preview":"max-image-preview:large","max-video-preview":"max-video-preview:-1"},"canonical":"https:\/\/airportsmokinglounge.com\/tr\/bruksel-havaalaninda-sigara-icme-alanlari\/","og_locale":"tr_TR","og_type":"article","og_title":"Smoking areas at Brussels Airport (BRU)","og_description":"Smoking areas Brussels Airport - Find a smoking area in the airport from Brussel \u2714\ufe0e Smoking Guide in Airports: Information for Travelers \u2714\ufe0e","og_url":"https:\/\/airportsmokinglounge.com\/tr\/bruksel-havaalaninda-sigara-icme-alanlari\/","og_site_name":"airportsmokinglounge.com","article_modified_time":"2023-05-13T12:44:01+00:00","og_image":[{"width":2048,"height":1152,"url":"https:\/\/airportsmokinglounge.com\/wp-content\/uploads\/2023\/03\/airport-smoking-lounge-4.jpg","type":"image\/jpeg"}],"twitter_card":"summary_large_image","twitter_misc":{"Tahmini okuma s\u00fcresi":"4 dakika"},"schema":{"@context":"https:\/\/schema.org","@graph":[{"@type":"WebPage","@id":"https:\/\/airportsmokinglounge.com\/smoking-areas-at-brussels-airport-bru\/","url":"https:\/\/airportsmokinglounge.com\/smoking-areas-at-brussels-airport-bru\/","name":"Br\u00fcksel Havaliman\u0131&#039;ndaki (BRU) sigara i\u00e7ilebilen alanlar","isPartOf":{"@id":"https:\/\/airportsmokinglounge.com\/#website"},"primaryImageOfPage":{"@id":"https:\/\/airportsmokinglounge.com\/smoking-areas-at-brussels-airport-bru\/#primaryimage"},"image":{"@id":"https:\/\/airportsmokinglounge.com\/smoking-areas-at-brussels-airport-bru\/#primaryimage"},"thumbnailUrl":"https:\/\/airportsmokinglounge.com\/wp-content\/uploads\/2023\/03\/airport-smoking-lounge-4.jpg","datePublished":"2023-03-15T17:42:36+00:00","dateModified":"2023-05-13T12:44:01+00:00","description":"Sigara i\u00e7me alanlar\u0131 Br\u00fcksel Havaalan\u0131 - Br\u00fcksel&#039;den havaalan\u0131nda sigara i\u00e7ilebilen bir alan bulun \u2714\ufe0e Havalimanlar\u0131nda Sigara \u0130\u00e7me Rehberi: Gezginler i\u00e7in Bilgiler \u2714\ufe0e","breadcrumb":{"@id":"https:\/\/airportsmokinglounge.com\/smoking-areas-at-brussels-airport-bru\/#breadcrumb"},"inLanguage":"tr","potentialAction":[{"@type":"ReadAction","target":["https:\/\/airportsmokinglounge.com\/smoking-areas-at-brussels-airport-bru\/"]}]},{"@type":"ImageObject","inLanguage":"tr","@id":"https:\/\/airportsmokinglounge.com\/smoking-areas-at-brussels-airport-bru\/#primaryimage","url":"https:\/\/airportsmokinglounge.com\/wp-content\/uploads\/2023\/03\/airport-smoking-lounge-4.jpg","contentUrl":"https:\/\/airportsmokinglounge.com\/wp-content\/uploads\/2023\/03\/airport-smoking-lounge-4.jpg","width":2048,"height":1152,"caption":"Airport Smoking"},{"@type":"BreadcrumbList","@id":"https:\/\/airportsmokinglounge.com\/smoking-areas-at-brussels-airport-bru\/#breadcrumb","itemListElement":[{"@type":"ListItem","position":1,"name":"Home","item":"https:\/\/airportsmokinglounge.com\/"},{"@type":"ListItem","position":2,"name":"Smoking areas at Brussels Airport (BRU)"}]},{"@type":"WebSite","@id":"https:\/\/airportsmokinglounge.com\/#website","url":"https:\/\/airportsmokinglounge.com\/","name":"havaalan\u0131sigara salonu.com","description":"","potentialAction":[{"@type":"SearchAction","target":{"@type":"EntryPoint","urlTemplate":"https:\/\/airportsmokinglounge.com\/?s={search_term_string}"},"query-input":{"@type":"PropertyValueSpecification","valueRequired":true,"valueName":"search_term_string"}}],"inLanguage":"tr"}]}},"_links":{"self":[{"href":"https:\/\/airportsmokinglounge.com\/tr\/wp-json\/wp\/v2\/pages\/487","targetHints":{"allow":["GET"]}}],"collection":[{"href":"https:\/\/airportsmokinglounge.com\/tr\/wp-json\/wp\/v2\/pages"}],"about":[{"href":"https:\/\/airportsmokinglounge.com\/tr\/wp-json\/wp\/v2\/types\/page"}],"author":[{"embeddable":true,"href":"https:\/\/airportsmokinglounge.com\/tr\/wp-json\/wp\/v2\/users\/1"}],"replies":[{"embeddable":true,"href":"https:\/\/airportsmokinglounge.com\/tr\/wp-json\/wp\/v2\/comments?post=487"}],"version-history":[{"count":10,"href":"https:\/\/airportsmokinglounge.com\/tr\/wp-json\/wp\/v2\/pages\/487\/revisions"}],"predecessor-version":[{"id":4962,"href":"https:\/\/airportsmokinglounge.com\/tr\/wp-json\/wp\/v2\/pages\/487\/revisions\/4962"}],"wp:featuredmedia":[{"embeddable":true,"href":"https:\/\/airportsmokinglounge.com\/tr\/wp-json\/wp\/v2\/media\/1199"}],"wp:attachment":[{"href":"https:\/\/airportsmokinglounge.com\/tr\/wp-json\/wp\/v2\/media?parent=487"}],"curies":[{"name":"wp","href":"https:\/\/api.w.org\/{rel}","templated":true}]}}