{"id":506,"date":"2023-03-15T18:57:43","date_gmt":"2023-03-15T17:57:43","guid":{"rendered":"https:\/\/airportsmokinglounge.com\/?page_id=506"},"modified":"2023-05-13T15:13:30","modified_gmt":"2023-05-13T13:13:30","slug":"smoking-areas-at-sofia-airport-sof","status":"publish","type":"page","link":"https:\/\/airportsmokinglounge.com\/tr\/sofya-havaalanindaki-sof-sigara-icme-alanlari\/","title":{"rendered":"Sofya Havaliman\u0131&#039;ndaki (SOF) sigara i\u00e7me alanlar\u0131"},"content":{"rendered":"<p>Sofya Uluslararas\u0131 Havaliman\u0131 olarak da bilinen Sofya Havaliman\u0131, Bulgaristan&#039;\u0131n en b\u00fcy\u00fck ve en yo\u011fun havaliman\u0131d\u0131r. Ba\u015fkent Sofya&#039;da bulunan havaliman\u0131, Bulgaristan&#039;\u0131n ulusal havayolu \u015firketi Bulgaria Air&#039;in yan\u0131 s\u0131ra Ryanair, Wizz Air ve Lufthansa gibi di\u011fer bir\u00e7ok havayolunun ana merkezi olarak hizmet veriyor.<\/p>\n<p>Havaalan\u0131n\u0131n iki terminali vard\u0131r: Terminal 1 ve Terminal 2. Terminal 1, iki terminalden daha eski olan\u0131d\u0131r ve \u00e7o\u011funlukla d\u00fc\u015f\u00fck maliyetli havayollar\u0131 ve charter u\u00e7u\u015flar\u0131 i\u00e7in kullan\u0131l\u0131r. Terminal 2, 2006 y\u0131l\u0131nda hizmete a\u00e7\u0131lan, hem i\u00e7 hem de d\u0131\u015f hat u\u00e7u\u015flar\u0131na hizmet veren modern bir tesistir.<\/p>\n<h2>G\u00fcvenlik Kontrol\u00fc \u00f6ncesi sigara i\u00e7ilen alanlar<\/h2>\n<ul>\n<li>Terminal d\u0131\u015f\u0131nda sadece belirlenmi\u015f alanlarda sigara i\u00e7ilmesine izin verilmektedir.<\/li>\n<\/ul>\n<h2>G\u00fcvenlik Kontrol\u00fcnden Sonra Sigara \u0130\u00e7ilen Alanlar<\/h2>\n<ul>\n<li>Preslav Lounge (T2) i\u00e7erisinde sigara i\u00e7me salonu bulunmaktad\u0131r, giri\u015f \u00fccreti 18 EUR&#039;dur.<\/li>\n<\/ul>\n<p><span style=\"font-size: 12pt;\">Resmi Web Sitesinde Daha Fazla Bilgi<\/span><\/p>\n<ul>\n<li><span style=\"font-size: 12pt;\"><a href=\"https:\/\/sofia-airport.eu\/en\/\" target=\"_blank\" rel=\"noopener\">sofia-airport.eu<\/a><\/span><\/li>\n<\/ul>\n<p><span style=\"font-size: 12pt;\"><strong>Bize geri bildirim g\u00f6nderin<\/strong><\/span><\/p>\n<p><span style=\"font-size: 12pt;\">Sofya Havaalan\u0131ndaysan\u0131z, bize sigara i\u00e7ilen alanlar\u0131n foto\u011fraflar\u0131n\u0131 g\u00f6nderebilirsiniz. Bu, veritaban\u0131m\u0131z\u0131 daha h\u0131zl\u0131 doldurmam\u0131za yard\u0131mc\u0131 olacakt\u0131r. Bunu yapabilirsiniz <strong><a href=\"https:\/\/airportsmokinglounge.com\/tr\/temas-etmek\/\">Burada<\/a>.<\/strong> G\u00f6rseller, g\u00f6rsel kayna\u011f\u0131 (isim) belirtilerek sitemizde yay\u0131nlanmaktad\u0131r. Bu resimleri bizimle ve t\u00fcm Airport Smokinglounge.com ziyaret\u00e7ileriyle payla\u015fmaktan \u00e7ekinmeyin.<\/span><\/p>\n<h2>Bulgaristan&#039;da Sigara Yasas\u0131<\/h2>\n<p>Bulgaristan&#039;daki sigara i\u00e7me yasalar\u0131 Avrupa&#039;daki en kat\u0131 yasalardan baz\u0131lar\u0131d\u0131r ve bu yasalara uyulmamas\u0131 para cezalar\u0131 ve di\u011fer cezalarla sonu\u00e7lanabilir.<\/p>\n<p>Bulgaristan&#039;da sigara i\u00e7meyi d\u00fczenleyen ana yasa, 2012 y\u0131l\u0131nda y\u00fcr\u00fcrl\u00fc\u011fe giren Halk\u0131n T\u00fct\u00fcn\u00fcn Zararl\u0131 Etkilerinden Korunmas\u0131 Hakk\u0131nda Kanun&#039;dur. Bu kanuna g\u00f6re restoranlar, kafeler, barlar ve benzeri t\u00fcm kapal\u0131 kamusal alanlarda sigara i\u00e7mek yasakt\u0131r. gece kul\u00fcpleri. Bu i\u015fletmelerde belirlenmi\u015f sigara i\u00e7me alanlar\u0131 bulunmamaktad\u0131r ve sigara i\u00e7ilmesine yaln\u0131zca giri\u015ften en az \u00fc\u00e7 metre uzaktaki a\u00e7\u0131k alanlarda izin verilmektedir.<\/p>\n<p>Bulgaristan&#039;da sigara i\u00e7me yasalar\u0131 kat\u0131d\u0131r ve s\u0131k\u0131 bir \u015fekilde uygulanmaktad\u0131r. H\u00fck\u00fcmet, t\u00fct\u00fcn kullan\u0131m\u0131yla ili\u015fkili olumsuz sa\u011fl\u0131k etkilerini azaltmaya kararl\u0131 oldu\u011funu ve bu yasalara uymayan ki\u015fi ve i\u015fletmelerin \u00f6nemli cezalarla kar\u015f\u0131 kar\u015f\u0131ya kalabilece\u011fini a\u00e7\u0131k\u00e7a belirtti.<\/p>\n<h3>S\u0131k\u00e7a Sorulan Sorular<\/h3>\n<h4>Havaliman\u0131 sigara i\u00e7me alanlar\u0131 7\/24 a\u00e7\u0131k m\u0131?<\/h4>\n<p>Havaliman\u0131 sigara i\u00e7me alanlar\u0131n\u0131n mevcudiyeti, havaliman\u0131na ve konuma g\u00f6re de\u011fi\u015fiklik g\u00f6sterebilir. Baz\u0131 sigara i\u00e7me alanlar\u0131 24 saat a\u00e7\u0131kken, baz\u0131lar\u0131nda k\u0131s\u0131tl\u0131 saatler olabilir veya belirli saatlerde kapal\u0131 olabilir. Sigara i\u00e7me alan\u0131n\u0131n \u00e7al\u0131\u015fma saatleri hakk\u0131nda \u00f6zel bilgi i\u00e7in havaalan\u0131na dan\u0131\u015fmak veya web sitelerini ziyaret etmek en iyisidir.<\/p>\n<h4>Sigara i\u00e7me alan\u0131na kendi yiyecek ve i\u00e7eceklerimi getirmeme izin verilir mi?<\/h4>\n<p>Bu, belirli sigara i\u00e7me alan\u0131na ve havaalan\u0131na ba\u011fl\u0131 olabilir. Baz\u0131 sigara i\u00e7me alanlar\u0131 d\u0131\u015far\u0131dan yiyecek ve i\u00e7eceklere izin verirken, baz\u0131lar\u0131nda k\u0131s\u0131tlamalar olabilir veya tamamen yasak olabilir. Belirli kurallar ve y\u00f6netmelikler i\u00e7in havaalan\u0131na veya sigara i\u00e7ilen alan tabelas\u0131na bakmak en iyisidir.<\/p>\n<h4>Havaliman\u0131ndaki t\u00fcm sigara i\u00e7ilen alanlarda sigara i\u00e7ilebilir mi?<\/h4>\n<p>Havaalan\u0131 sigara i\u00e7ilen alanlar\u0131n t\u00fcm\u00fc sigara i\u00e7ilmesine izin vermeyebilir. Baz\u0131 havalimanlar\u0131nda, geleneksel sigara i\u00e7me alanlar\u0131ndan ayr\u0131 elektronik sigara veya elektronik sigara i\u00e7in belirlenmi\u015f alanlar olabilir. Kullanmay\u0131 planlad\u0131\u011f\u0131n\u0131z sigara i\u00e7me alan\u0131 i\u00e7in \u00f6zel kural ve d\u00fczenlemeleri kontrol etti\u011finizden emin olun.<\/p>\n<h4>Sigara i\u00e7ilen alanlar klimal\u0131 m\u0131 yoksa \u0131s\u0131tmal\u0131 m\u0131?<\/h4>\n<p>Havaalan\u0131 sigara i\u00e7me alanlar\u0131n\u0131n s\u0131cakl\u0131\u011f\u0131 ve havaland\u0131rmas\u0131 b\u00fcy\u00fck \u00f6l\u00e7\u00fcde de\u011fi\u015febilir. Baz\u0131lar\u0131 klimal\u0131 veya \u0131s\u0131tmal\u0131 olabilirken, di\u011ferleri d\u0131\u015f etkenlerden s\u0131n\u0131rl\u0131 korumaya sahip a\u00e7\u0131k hava alanlar\u0131 olabilir. Ko\u015fullar\u0131 belirlemek ve buna g\u00f6re haz\u0131rlanmak i\u00e7in \u00f6nceden havaalan\u0131na dan\u0131\u015ft\u0131\u011f\u0131n\u0131zdan veya sigara i\u00e7me alan\u0131n\u0131 ziyaret etti\u011finizden emin olun.<\/p>\n<h4>Sigara i\u00e7ilen alanlar engelli yolcular i\u00e7in eri\u015filebilir mi?<\/h4>\n<p>Bir\u00e7ok havaalan\u0131, sigara i\u00e7me alanlar\u0131n\u0131 engelli yolcular\u0131n eri\u015fimine uygun hale getirmek i\u00e7in \u00e7aba sarf etmi\u015ftir. Ancak, belirli sigara i\u00e7me alanlar\u0131n\u0131n eri\u015filebilirli\u011fi b\u00fcy\u00fck \u00f6l\u00e7\u00fcde de\u011fi\u015febilir. Eri\u015filebilir olup olmad\u0131\u011f\u0131n\u0131 ve ihtiya\u00e7lar\u0131n\u0131z\u0131 kar\u015f\u0131lay\u0131p kar\u015f\u0131lamad\u0131\u011f\u0131n\u0131 belirlemek i\u00e7in havaalan\u0131na dan\u0131\u015ft\u0131\u011f\u0131n\u0131zdan veya sigara i\u00e7me alan\u0131n\u0131 \u00f6nceden ziyaret etti\u011finizden emin olun.<\/p>\n<p>&nbsp;<\/p>\n<p><span style=\"font-size: 12pt;\"><strong>Bulgaristan konumunda di\u011fer Havaalan\u0131:<\/strong> <\/span><\/p>\n<ul>\n<li><span style=\"font-size: 12pt;\"><a href=\"https:\/\/airportsmokinglounge.com\/tr\/bulgaristan-havalimanlarindaki-sigara-icme-alanlari\/\">Havaalanlar\u0131 Bulgaristan<\/a><\/span><\/li>\n<\/ul>\n<p><span style=\"font-size: 12pt;\"><strong>Sigara i\u00e7ilen alanlar:<\/strong><\/span><\/p>\n<ul>\n<li><span style=\"font-size: 12pt;\"><a href=\"https:\/\/airportsmokinglounge.com\/tr\/avrupa-havalimanlarindaki-sigara-icme-alanlari\/\">Avrupa havaalanlar\u0131<\/a><\/span><\/li>\n<\/ul>","protected":false},"excerpt":{"rendered":"<p>Sofia Airport, also known as Sofia International Airport, is the largest and busiest airport in Bulgaria. Located in the capital city of Sofia, the airport serves as the primary hub for Bulgaria Air, the national carrier of Bulgaria, as well as several other airlines including Ryanair, Wizz Air, and Lufthansa. The airport has two terminals:&hellip;&nbsp;<a href=\"https:\/\/airportsmokinglounge.com\/tr\/sofya-havaalanindaki-sof-sigara-icme-alanlari\/\" rel=\"bookmark\">Devam\u0131n\u0131 oku &quot;<span class=\"screen-reader-text\">Sofya Havaliman\u0131&#039;ndaki (SOF) sigara i\u00e7me alanlar\u0131<\/span><\/a><\/p>","protected":false},"author":1,"featured_media":1199,"parent":0,"menu_order":0,"comment_status":"closed","ping_status":"closed","template":"","meta":{"neve_meta_sidebar":"","neve_meta_container":"","neve_meta_enable_content_width":"off","neve_meta_content_width":100,"neve_meta_title_alignment":"","neve_meta_author_avatar":"","neve_post_elements_order":"","neve_meta_disable_header":"","neve_meta_disable_footer":"","neve_meta_disable_title":"","neve_meta_reading_time":"","footnotes":""},"class_list":["post-506","page","type-page","status-publish","has-post-thumbnail","hentry"],"yoast_head":"<!-- This site is optimized with the Yoast SEO plugin v26.6 - https:\/\/yoast.com\/wordpress\/plugins\/seo\/ -->\n<title>Smoking areas at Sofia Airport (SOF) - airportsmokinglounge.com<\/title>\n<meta name=\"description\" content=\"Smoking areas Sofia Airport - Find a smoking area in the airport from Sofia \u2714\ufe0e Smoking Guide in Airports: Information for Travelers \u2714\ufe0e\" \/>\n<meta name=\"robots\" content=\"index, follow, max-snippet:-1, max-image-preview:large, max-video-preview:-1\" \/>\n<link rel=\"canonical\" href=\"https:\/\/airportsmokinglounge.com\/tr\/sofya-havaalanindaki-sof-sigara-icme-alanlari\/\" \/>\n<meta property=\"og:locale\" content=\"tr_TR\" \/>\n<meta property=\"og:type\" content=\"article\" \/>\n<meta property=\"og:title\" content=\"Smoking areas at Sofia Airport (SOF) - airportsmokinglounge.com\" \/>\n<meta property=\"og:description\" content=\"Smoking areas Sofia Airport - Find a smoking area in the airport from Sofia \u2714\ufe0e Smoking Guide in Airports: Information for Travelers \u2714\ufe0e\" \/>\n<meta property=\"og:url\" content=\"https:\/\/airportsmokinglounge.com\/tr\/sofya-havaalanindaki-sof-sigara-icme-alanlari\/\" \/>\n<meta property=\"og:site_name\" content=\"airportsmokinglounge.com\" \/>\n<meta property=\"article:modified_time\" content=\"2023-05-13T13:13:30+00:00\" \/>\n<meta property=\"og:image\" content=\"https:\/\/airportsmokinglounge.com\/wp-content\/uploads\/2023\/03\/airport-smoking-lounge-4.jpg\" \/>\n\t<meta property=\"og:image:width\" content=\"2048\" \/>\n\t<meta property=\"og:image:height\" content=\"1152\" \/>\n\t<meta property=\"og:image:type\" content=\"image\/jpeg\" \/>\n<meta name=\"twitter:card\" content=\"summary_large_image\" \/>\n<meta name=\"twitter:label1\" content=\"Tahmini okuma s\u00fcresi\" \/>\n\t<meta name=\"twitter:data1\" content=\"3 dakika\" \/>\n<script type=\"application\/ld+json\" class=\"yoast-schema-graph\">{\"@context\":\"https:\/\/schema.org\",\"@graph\":[{\"@type\":\"WebPage\",\"@id\":\"https:\/\/airportsmokinglounge.com\/smoking-areas-at-sofia-airport-sof\/\",\"url\":\"https:\/\/airportsmokinglounge.com\/smoking-areas-at-sofia-airport-sof\/\",\"name\":\"Smoking areas at Sofia Airport (SOF) - airportsmokinglounge.com\",\"isPartOf\":{\"@id\":\"https:\/\/airportsmokinglounge.com\/#website\"},\"primaryImageOfPage\":{\"@id\":\"https:\/\/airportsmokinglounge.com\/smoking-areas-at-sofia-airport-sof\/#primaryimage\"},\"image\":{\"@id\":\"https:\/\/airportsmokinglounge.com\/smoking-areas-at-sofia-airport-sof\/#primaryimage\"},\"thumbnailUrl\":\"https:\/\/airportsmokinglounge.com\/wp-content\/uploads\/2023\/03\/airport-smoking-lounge-4.jpg\",\"datePublished\":\"2023-03-15T17:57:43+00:00\",\"dateModified\":\"2023-05-13T13:13:30+00:00\",\"description\":\"Smoking areas Sofia Airport - Find a smoking area in the airport from Sofia \u2714\ufe0e Smoking Guide in Airports: Information for Travelers \u2714\ufe0e\",\"breadcrumb\":{\"@id\":\"https:\/\/airportsmokinglounge.com\/smoking-areas-at-sofia-airport-sof\/#breadcrumb\"},\"inLanguage\":\"tr\",\"potentialAction\":[{\"@type\":\"ReadAction\",\"target\":[\"https:\/\/airportsmokinglounge.com\/smoking-areas-at-sofia-airport-sof\/\"]}]},{\"@type\":\"ImageObject\",\"inLanguage\":\"tr\",\"@id\":\"https:\/\/airportsmokinglounge.com\/smoking-areas-at-sofia-airport-sof\/#primaryimage\",\"url\":\"https:\/\/airportsmokinglounge.com\/wp-content\/uploads\/2023\/03\/airport-smoking-lounge-4.jpg\",\"contentUrl\":\"https:\/\/airportsmokinglounge.com\/wp-content\/uploads\/2023\/03\/airport-smoking-lounge-4.jpg\",\"width\":2048,\"height\":1152,\"caption\":\"Airport Smoking\"},{\"@type\":\"BreadcrumbList\",\"@id\":\"https:\/\/airportsmokinglounge.com\/smoking-areas-at-sofia-airport-sof\/#breadcrumb\",\"itemListElement\":[{\"@type\":\"ListItem\",\"position\":1,\"name\":\"Home\",\"item\":\"https:\/\/airportsmokinglounge.com\/\"},{\"@type\":\"ListItem\",\"position\":2,\"name\":\"Smoking areas at Sofia Airport (SOF)\"}]},{\"@type\":\"WebSite\",\"@id\":\"https:\/\/airportsmokinglounge.com\/#website\",\"url\":\"https:\/\/airportsmokinglounge.com\/\",\"name\":\"airportsmokinglounge.com\",\"description\":\"\",\"potentialAction\":[{\"@type\":\"SearchAction\",\"target\":{\"@type\":\"EntryPoint\",\"urlTemplate\":\"https:\/\/airportsmokinglounge.com\/?s={search_term_string}\"},\"query-input\":{\"@type\":\"PropertyValueSpecification\",\"valueRequired\":true,\"valueName\":\"search_term_string\"}}],\"inLanguage\":\"tr\"}]}<\/script>\n<!-- \/ Yoast SEO plugin. -->","yoast_head_json":{"title":"Sofya Havaliman\u0131&#039;ndaki (SOF) sigara i\u00e7ilebilen alanlar - Airport Smokinglounge.com","description":"Sigara i\u00e7ilebilen alanlar Sofya Havaalan\u0131 - Sofya&#039;dan havaalan\u0131nda sigara i\u00e7ilebilen bir alan bulun \u2714\ufe0e Havalimanlar\u0131nda Sigara \u0130\u00e7me Rehberi: Gezginler i\u00e7in Bilgiler \u2714\ufe0e","robots":{"index":"index","follow":"follow","max-snippet":"max-snippet:-1","max-image-preview":"max-image-preview:large","max-video-preview":"max-video-preview:-1"},"canonical":"https:\/\/airportsmokinglounge.com\/tr\/sofya-havaalanindaki-sof-sigara-icme-alanlari\/","og_locale":"tr_TR","og_type":"article","og_title":"Smoking areas at Sofia Airport (SOF) - airportsmokinglounge.com","og_description":"Smoking areas Sofia Airport - Find a smoking area in the airport from Sofia \u2714\ufe0e Smoking Guide in Airports: Information for Travelers \u2714\ufe0e","og_url":"https:\/\/airportsmokinglounge.com\/tr\/sofya-havaalanindaki-sof-sigara-icme-alanlari\/","og_site_name":"airportsmokinglounge.com","article_modified_time":"2023-05-13T13:13:30+00:00","og_image":[{"width":2048,"height":1152,"url":"https:\/\/airportsmokinglounge.com\/wp-content\/uploads\/2023\/03\/airport-smoking-lounge-4.jpg","type":"image\/jpeg"}],"twitter_card":"summary_large_image","twitter_misc":{"Tahmini okuma s\u00fcresi":"3 dakika"},"schema":{"@context":"https:\/\/schema.org","@graph":[{"@type":"WebPage","@id":"https:\/\/airportsmokinglounge.com\/smoking-areas-at-sofia-airport-sof\/","url":"https:\/\/airportsmokinglounge.com\/smoking-areas-at-sofia-airport-sof\/","name":"Sofya Havaliman\u0131&#039;ndaki (SOF) sigara i\u00e7ilebilen alanlar - Airport Smokinglounge.com","isPartOf":{"@id":"https:\/\/airportsmokinglounge.com\/#website"},"primaryImageOfPage":{"@id":"https:\/\/airportsmokinglounge.com\/smoking-areas-at-sofia-airport-sof\/#primaryimage"},"image":{"@id":"https:\/\/airportsmokinglounge.com\/smoking-areas-at-sofia-airport-sof\/#primaryimage"},"thumbnailUrl":"https:\/\/airportsmokinglounge.com\/wp-content\/uploads\/2023\/03\/airport-smoking-lounge-4.jpg","datePublished":"2023-03-15T17:57:43+00:00","dateModified":"2023-05-13T13:13:30+00:00","description":"Sigara i\u00e7ilebilen alanlar Sofya Havaalan\u0131 - Sofya&#039;dan havaalan\u0131nda sigara i\u00e7ilebilen bir alan bulun \u2714\ufe0e Havalimanlar\u0131nda Sigara \u0130\u00e7me Rehberi: Gezginler i\u00e7in Bilgiler \u2714\ufe0e","breadcrumb":{"@id":"https:\/\/airportsmokinglounge.com\/smoking-areas-at-sofia-airport-sof\/#breadcrumb"},"inLanguage":"tr","potentialAction":[{"@type":"ReadAction","target":["https:\/\/airportsmokinglounge.com\/smoking-areas-at-sofia-airport-sof\/"]}]},{"@type":"ImageObject","inLanguage":"tr","@id":"https:\/\/airportsmokinglounge.com\/smoking-areas-at-sofia-airport-sof\/#primaryimage","url":"https:\/\/airportsmokinglounge.com\/wp-content\/uploads\/2023\/03\/airport-smoking-lounge-4.jpg","contentUrl":"https:\/\/airportsmokinglounge.com\/wp-content\/uploads\/2023\/03\/airport-smoking-lounge-4.jpg","width":2048,"height":1152,"caption":"Airport Smoking"},{"@type":"BreadcrumbList","@id":"https:\/\/airportsmokinglounge.com\/smoking-areas-at-sofia-airport-sof\/#breadcrumb","itemListElement":[{"@type":"ListItem","position":1,"name":"Home","item":"https:\/\/airportsmokinglounge.com\/"},{"@type":"ListItem","position":2,"name":"Smoking areas at Sofia Airport (SOF)"}]},{"@type":"WebSite","@id":"https:\/\/airportsmokinglounge.com\/#website","url":"https:\/\/airportsmokinglounge.com\/","name":"havaalan\u0131sigara salonu.com","description":"","potentialAction":[{"@type":"SearchAction","target":{"@type":"EntryPoint","urlTemplate":"https:\/\/airportsmokinglounge.com\/?s={search_term_string}"},"query-input":{"@type":"PropertyValueSpecification","valueRequired":true,"valueName":"search_term_string"}}],"inLanguage":"tr"}]}},"_links":{"self":[{"href":"https:\/\/airportsmokinglounge.com\/tr\/wp-json\/wp\/v2\/pages\/506","targetHints":{"allow":["GET"]}}],"collection":[{"href":"https:\/\/airportsmokinglounge.com\/tr\/wp-json\/wp\/v2\/pages"}],"about":[{"href":"https:\/\/airportsmokinglounge.com\/tr\/wp-json\/wp\/v2\/types\/page"}],"author":[{"embeddable":true,"href":"https:\/\/airportsmokinglounge.com\/tr\/wp-json\/wp\/v2\/users\/1"}],"replies":[{"embeddable":true,"href":"https:\/\/airportsmokinglounge.com\/tr\/wp-json\/wp\/v2\/comments?post=506"}],"version-history":[{"count":10,"href":"https:\/\/airportsmokinglounge.com\/tr\/wp-json\/wp\/v2\/pages\/506\/revisions"}],"predecessor-version":[{"id":4977,"href":"https:\/\/airportsmokinglounge.com\/tr\/wp-json\/wp\/v2\/pages\/506\/revisions\/4977"}],"wp:featuredmedia":[{"embeddable":true,"href":"https:\/\/airportsmokinglounge.com\/tr\/wp-json\/wp\/v2\/media\/1199"}],"wp:attachment":[{"href":"https:\/\/airportsmokinglounge.com\/tr\/wp-json\/wp\/v2\/media?parent=506"}],"curies":[{"name":"wp","href":"https:\/\/api.w.org\/{rel}","templated":true}]}}