{"id":55,"date":"2023-02-15T16:05:13","date_gmt":"2023-02-15T15:05:13","guid":{"rendered":"https:\/\/airportsmokinglounge.com\/?page_id=55"},"modified":"2023-02-15T16:08:03","modified_gmt":"2023-02-15T15:08:03","slug":"disclaimer","status":"publish","type":"page","link":"https:\/\/airportsmokinglounge.com\/tr\/sorumluluk-reddi-beyani\/","title":{"rendered":"Feragatname"},"content":{"rendered":"<p>Airport Smokinglounge.com Web Sitesi (\u201cSite\u201d) \u00e7evrimi\u00e7i bir bilgi hizmetidir. \u201cairport Smokinglounge.com\u201d, a\u015fa\u011f\u0131da belirtilen \u015fart ve ko\u015fullara uyman\u0131za ba\u011fl\u0131d\u0131r. <strong>S\u0130TEYE ER\u0130\u015eMEDEN VEYA S\u0130TEY\u0130 KULLANMADAN \u00d6NCE L\u00dcTFEN BU BELGEY\u0130 D\u0130KKATL\u0130CE OKUYUNUZ. <\/strong>S\u0130TEYE ER\u0130\u015eEREK VEYA S\u0130TEY\u0130 KULLANARAK, A\u015eA\u011eIDA BEL\u0130RT\u0130LEN H\u00dcK\u00dcM VE KO\u015eULLARA TAB\u0130 OLMAYI KABUL ETM\u0130\u015e OLURSUNUZ. BU H\u00dcK\u00dcM VE KO\u015eULLARA BA\u011eLI KALMAK \u0130STEM\u0130YORSANIZ, S\u0130TEYE ER\u0130\u015eEMEZ VEYA S\u0130TEY\u0130 KULLANAMAZSINIZ. Airport Smokinglounge.com BU S\u00d6ZLE\u015eMEDE \u0130STED\u0130\u011e\u0130 ZAMAN DE\u011e\u0130\u015e\u0130KL\u0130K OLAB\u0130L\u0130R VE BU DE\u011e\u0130\u015e\u0130KL\u0130KLER, DE\u011e\u0130\u015eT\u0130R\u0130LM\u0130\u015e S\u00d6ZLE\u015eME&#039;N\u0130N S\u0130TEDE YAYINLANMASINDAN HEMEN GE\u00c7ERL\u0130 OLACAKTIR. BU T\u00dcR DE\u011e\u0130\u015e\u0130KL\u0130KLERDEN HABERDAR OLMAK \u0130\u00c7\u0130N S\u00d6ZLE\u015eMEY\u0130 PER\u0130YOD\u0130K OLARAK G\u00d6ZDEN GE\u00c7\u0130RMEY\u0130 KABUL ED\u0130YORSUNUZ VE S\u0130TEYE DEVAM EDEN ER\u0130\u015e\u0130M\u0130N\u0130Z VEYA S\u0130TEY\u0130 KULLANMANIZ, DE\u011e\u0130\u015eT\u0130R\u0130LEN S\u00d6ZLE\u015eMEY\u0130 N\u0130HA\u0130 KABUL ETT\u0130\u011e\u0130N\u0130Z ANLAMINA GELECEKT\u0130R.<\/p>\n<p><strong>1. Telif Hakk\u0131, Lisanslar ve Fikir G\u00f6nderimleri.<\/strong><\/p>\n<p>Sitenin t\u00fcm i\u00e7eri\u011fi uluslararas\u0131 telif hakk\u0131 ve ticari marka kanunlar\u0131 taraf\u0131ndan korunmaktad\u0131r. Telif haklar\u0131n\u0131n ve ticari markalar\u0131n sahibi, Airport Smokinglounge.com, ba\u011fl\u0131 kurulu\u015flar\u0131 veya di\u011fer \u00fc\u00e7\u00fcnc\u00fc taraf lisans verenlerdir. <strong>S\u0130TEDEK\u0130 MET\u0130N, GRAF\u0130K, KOD VE\/VEYA YAZILIM DAH\u0130L OLMAK \u00dcZERE S\u0130TEDEK\u0130 MATERYALLER\u0130 H\u0130\u00c7B\u0130R \u015eEK\u0130LDE DE\u011e\u0130\u015eT\u0130REMEZ, KOPYALAYAMAZ, \u00c7O\u011eALTAMAZ, YEN\u0130DEN YAYINLAYAMAZ, Y\u00dcKLEYEMEZ, PAYLA\u015eMAZ, AKTARMAZ VEYA DA\u011eITMAZSINIZ.<\/strong> Materyallerdeki herhangi bir telif hakk\u0131 veya m\u00fclkiyet bildirimini de\u011fi\u015ftirmemeyi veya silmemeyi kabul etmeniz ko\u015fuluyla, Sitenin farkl\u0131 alanlar\u0131ndaki materyallerin b\u00f6l\u00fcmlerini yaln\u0131zca ticari olmayan kullan\u0131m\u0131n\u0131z i\u00e7in yazd\u0131rabilir ve indirebilirsiniz. Airport Smokinglounge.com&#039;a, herhangi bir materyali \u00e7o\u011faltma, da\u011f\u0131tma, iletme, t\u00fcretilmi\u015f \u00e7al\u0131\u015fmalar olu\u015fturma, kamuya a\u00e7\u0131k olarak g\u00f6r\u00fcnt\u00fcleme ve kamuya a\u00e7\u0131k olarak alt lisans verme hakk\u0131 ile birlikte m\u00fcnhas\u0131r olmayan, telifsiz, d\u00fcnya \u00e7ap\u0131nda, kal\u0131c\u0131 bir lisans vermeyi kabul edersiniz. Sitenin herhangi bir kamuya a\u00e7\u0131k alan\u0131na (ilan panolar\u0131, forumlar ve haber gruplar\u0131 gibi) veya her ne \u015fekilde olursa olsun e-posta yoluyla Airport Smokinglounge.com&#039;a g\u00f6nderdi\u011finiz di\u011fer bilgiler (yeni veya iyile\u015ftirilmi\u015f \u00fcr\u00fcn ve hizmetler i\u00e7in burada yer alan fikirler dahil ancak bunlarla s\u0131n\u0131rl\u0131 olmamak \u00fczere) ve \u015fu anda bilinen veya bundan sonra geli\u015ftirilecek herhangi bir ortamda. Ayr\u0131ca, Airport Smokinglounge.com&#039;a ad\u0131n\u0131z\u0131 g\u00f6nderilen materyaller ve di\u011fer bilgilerle ba\u011flant\u0131l\u0131 olarak ve ayr\u0131ca bunlarla ilgili t\u00fcm reklam, pazarlama ve tan\u0131t\u0131m materyalleriyle ba\u011flant\u0131l\u0131 olarak kullanma hakk\u0131n\u0131 da veriyorsunuz. Airport Smokinglounge.com ile olan ileti\u015fimlerinizde herhangi bir m\u00fclkiyet hakk\u0131n\u0131n iddia edilen veya fiili ihlali veya suiistimal edilmesi durumunda, Airport Smokinglounge.com&#039;a kar\u015f\u0131 herhangi bir ba\u015fvuruda bulunmayaca\u011f\u0131n\u0131z\u0131 kabul edersiniz. T\u0130CAR\u0130 MARKALAR, Burada veya Sitede at\u0131fta bulunulan Yay\u0131nlar, \u00fcr\u00fcnler, i\u00e7erik veya hizmetler, Airport Smokinglounge.com&#039;un m\u00fcnhas\u0131r ticari markalar\u0131 veya hizmet markalar\u0131d\u0131r. Sitede ad\u0131 ge\u00e7en di\u011fer \u00fcr\u00fcn ve firma isimleri ilgili sahiplerinin ticari markalar\u0131 olabilir.<\/p>\n<p><strong>2. Sitenin Kullan\u0131m\u0131.<\/strong><\/p>\n<p>Airport Smokinglounge.com taraf\u0131ndan sa\u011fland\u0131\u011f\u0131 a\u00e7\u0131k\u00e7a tan\u0131mlanan bilgi, \u00fcr\u00fcn veya hizmetler d\u0131\u015f\u0131nda, Airport Smokinglounge.com&#039;un \u0130nternet&#039;teki hi\u00e7bir bilgi, \u00fcr\u00fcn veya hizmeti hi\u00e7bir \u015fekilde i\u015fletmedi\u011fini, kontrol etmedi\u011fini veya onaylamad\u0131\u011f\u0131n\u0131 anl\u0131yorsunuz. Airport Smokinglounge.com taraf\u0131ndan tan\u0131mlanan bilgi, \u00fcr\u00fcn veya hizmetler hari\u00e7 olmak \u00fczere, Site \u00fczerinden veya \u0130nternet \u00fczerinden sunulan t\u00fcm bilgi, \u00fcr\u00fcn ve hizmetler, genel olarak, Airport Smokinglounge.com ile ba\u011flant\u0131s\u0131 olmayan \u00fc\u00e7\u00fcnc\u00fc ki\u015filer taraf\u0131ndan sunulmaktad\u0131r. Ayr\u0131ca, Airport Smokinglounge.com&#039;un, Site arac\u0131l\u0131\u011f\u0131yla indirilebilen dosyalar\u0131n enfeksiyon veya vir\u00fcs, solucan, Truva at\u0131 veya kirletici veya y\u0131k\u0131c\u0131 \u00f6zellikler g\u00f6steren di\u011fer kodlardan ar\u0131nm\u0131\u015f olaca\u011f\u0131n\u0131 garanti edemeyece\u011fini veya garanti edemeyece\u011fini de anl\u0131yorsunuz. Veri giri\u015fi ve \u00e7\u0131k\u0131\u015f\u0131n\u0131n do\u011frulu\u011funa ili\u015fkin \u00f6zel gereksinimlerinizi kar\u015f\u0131lamak i\u00e7in yeterli prosed\u00fcrleri ve kontrol noktalar\u0131n\u0131 uygulamaktan ve kaybolan verilerin yeniden in\u015fas\u0131 i\u00e7in Site d\u0131\u015f\u0131nda bir ara\u00e7 bulundurmaktan siz sorumlusunuz.<\/p>\n<p>S\u0130TEY\u0130 VE \u0130NTERNET\u0130 KULLANIMINIZLA \u0130LG\u0130L\u0130 TAM SORUMLULUK VE R\u0130SK S\u0130ZE A\u0130TT\u0130R. Airport Smokinglounge.com, S\u0130TEY\u0130 VE \u0130LG\u0130L\u0130 B\u0130LG\u0130LER\u0130 &quot;OLDU\u011eU G\u0130B\u0130&quot; SA\u011eLAR VE HERHANG\u0130 B\u0130R A\u00c7IK VEYA ZIMN\u0130 GARANT\u0130, BEYAN VEYA ONAY VERMEZ (M\u00dcLK\u0130YET VEYA \u0130HLAL ETMEME GARANT\u0130LER\u0130 VEYA T\u0130CARETE ELVER\u0130\u015eL\u0130L\u0130K VEYA B\u0130R BELGEYE UYGUNLUKLA \u0130LG\u0130L\u0130 ZIMN\u0130 GARANT\u0130LER DAH\u0130L ANCAK BUNLARLA SINIRLI OLMAK \u00dcZERE) LAR AMA\u00c7LI) H\u0130ZMET \u0130LE \u0130LG\u0130L\u0130 OLARAK, H\u0130ZMET \u00dcZER\u0130NDEN VEYA GENEL OLARAK \u0130NTERNET \u00dcZER\u0130NDE SA\u011eLANAN HERHANG\u0130 B\u0130R \u00dcR\u00dcN B\u0130LG\u0130S\u0130 VEYA H\u0130ZMET VE Airport Smokinglounge.com, BU T\u00dcR B\u0130R \u0130\u015eLEMDEN DO\u011eRUDAN VEYA DOLAYLI OLARAK KAYNAKLANAN HERHANG\u0130 B\u0130R MAL\u0130YET VEYA ZARARDAN SORUMLU OLMAYACAKTIR. H\u0130ZMET \u00dcZER\u0130NDEN VEYA GENEL OLARAK \u0130NTERNET \u00dcZER\u0130NDE SA\u011eLANAN T\u00dcM G\u00d6R\u00dc\u015eLER\u0130N, TAVS\u0130YELER\u0130N, H\u0130ZMETLER\u0130N, \u00dcR\u00dcNLER\u0130N VE D\u0130\u011eER B\u0130LG\u0130LER\u0130N DO\u011eRULU\u011eUNU, TAMLI\u011eINI VE YARARLILI\u011eINI DE\u011eERLEND\u0130RMEK YALNIZCA S\u0130Z\u0130N SORUMLULU\u011eUNUZDADIR. Airport Smokinglounge.com H\u0130ZMET\u0130N KES\u0130NT\u0130S\u0130Z VEYA HATASIZ OLACA\u011eINI VEYA H\u0130ZMETDEK\u0130 KUSURLARIN D\u00dcZELT\u0130LECE\u011e\u0130N\u0130 GARANT\u0130 VERMEZ.<\/p>\n<p>AYRICA \u0130NTERNET\u0130N SAF DO\u011eASININ, BAZILARI C\u0130NSEL OLARAK A\u00c7IK VEYA S\u0130ZE ZARAR VEREB\u0130LECEK D\u00dcZENLENMEM\u0130\u015e MALZEMELER \u0130\u00c7ERD\u0130\u011e\u0130N\u0130 ANLIYORSUNUZ. BU T\u00dcR MATERYALLERE ER\u0130\u015e\u0130M\u0130N\u0130Z\u0130N R\u0130SK\u0130 S\u0130ZE A\u0130TT\u0130R. Airport Smokinglounge.com&#039;UN BU T\u00dcR MATERYALLER \u00dcZER\u0130NDE H\u0130\u00c7B\u0130R KONTROL\u00dc BULUNMAZ VE BU T\u00dcR MATERYALLERLE \u0130LG\u0130L\u0130 H\u0130\u00c7B\u0130R SORUMLULUK KABUL ETMEZ.<\/p>\n<p><strong>SORUMLULU\u011eUN SINIRLANDIRILMASI<\/strong><\/p>\n<p>H\u0130\u00c7B\u0130R DURUMDA, Airport Smokinglounge.com (I) HERHANG\u0130 B\u0130R TESAD\u00dcF\u0130, SONU\u00c7 OLARAK ORTAYA \u00c7IKAN VEYA DOLAYLI ZARARLARDAN (K\u00c2R KAYBI, \u0130\u015e KES\u0130NT\u0130S\u0130, PROGRAM VEYA B\u0130LG\u0130 KAYBI VE BENZERLER\u0130 DAH\u0130L ANCAK BUNLARLA SINIRLI OLMAMAK \u00dcZERE) SORUMLU OLMAYACAKTIR. H\u0130ZMET\u0130N KULLANILMASI VEYA KULLANILMAMASI VEYA H\u0130ZMETTE SA\u011eLANAN VEYA H\u0130ZMETTEN \u0130ND\u0130R\u0130LEN HERHANG\u0130 B\u0130R B\u0130LG\u0130 VEYA \u0130\u015eLEMLER VEYA S\u00d6Z KONUSU B\u0130LG\u0130 VEYA H\u0130ZMETTE HERHANG\u0130 B\u0130R GEC\u0130KME. Airport Smokinglounge.com VEYA YETK\u0130L\u0130 TEMS\u0130LC\u0130LER\u0130NE BU ZARARLARIN OLASILI\u011eI VEYA (II) H\u0130ZMET VE\/VEYA H\u0130ZMET ARACILI\u011eIYLA \u0130ND\u0130R\u0130LEN MALZEMELER VEYA B\u0130LG\u0130LERDEK\u0130 HATALAR, EKS\u0130KLER VEYA D\u0130\u011eER YANLI\u015eLIKLARLA \u0130LG\u0130L\u0130 HERHANG\u0130 B\u0130R \u0130DD\u0130A OLASILI\u011eI KONUSUNDA B\u0130LG\u0130LEND\u0130R\u0130LM\u0130\u015e OLSA B\u0130LE. BAZI DEVLETLER DOLAYLI VEYA ARIZ\u0130 ZARARLAR \u0130\u00c7\u0130N SORUMLULU\u011eUN HAR\u0130\u00c7 TUTULMASINA VEYA SINIRLANDIRILMASINA \u0130Z\u0130N VERMED\u0130\u011e\u0130NDEN, YUKARIDAK\u0130 SINIRLAMA S\u0130Z\u0130N \u0130\u00c7\u0130N GE\u00c7ERL\u0130 OLMAYAB\u0130L\u0130R. BU T\u00dcR DEVLETLERDE, Airport Smokinglounge.com&#039;UN SORUMLULU\u011eU YASALARIN \u0130Z\u0130N VERD\u0130\u011e\u0130 EN B\u00dcY\u00dcK \u00d6L\u00c7\u00dcDE SINIRLIDIR.<\/p>\n<p>Airport Smokinglounge.com, bu site arac\u0131l\u0131\u011f\u0131yla eri\u015febilece\u011finiz veya bu Siteye ba\u011flant\u0131 verebilecek ba\u015fka herhangi bir web sitesi hakk\u0131nda hi\u00e7bir beyanda bulunmaz. Airport Smokinglounge.com&#039;a ait olmayan bir web sitesine eri\u015fti\u011finizde l\u00fctfen bu sitenin, Airport Smokinglounge.com&#039;dan ba\u011f\u0131ms\u0131z oldu\u011funu ve Airport Smokinglounge.com&#039;un bu web sitesinin i\u00e7eri\u011fi \u00fczerinde herhangi bir kontrol\u00fc olmad\u0131\u011f\u0131n\u0131 anlay\u0131n. Ayr\u0131ca, bir Airport Smokinglounge.com web sitesine ba\u011flant\u0131, Airport Smokinglounge.com&#039;un s\u00f6z konusu web sitesinin i\u00e7eri\u011fi veya kullan\u0131m\u0131na ili\u015fkin herhangi bir sorumlulu\u011fu onaylad\u0131\u011f\u0131 veya kabul etti\u011fi anlam\u0131na gelmez.<\/p>\n<p><strong>3. Tazminat.<\/strong><\/p>\n<p>Airport Smokinglounge.com&#039;u, onun memurlar\u0131n\u0131, y\u00f6neticilerini, \u00e7al\u0131\u015fanlar\u0131n\u0131, acentelerini, lisans verenlerini, tedarik\u00e7ilerini ve Hizmete y\u00f6nelik herhangi bir \u00fc\u00e7\u00fcnc\u00fc taraf bilgi sa\u011flay\u0131c\u0131s\u0131n\u0131, makul avukatlar\u0131n sorumlulu\u011fu da dahil olmak \u00fczere t\u00fcm kay\u0131plar, giderler, zararlar ve maliyetlere kar\u015f\u0131 tazmin etmeyi, savunmay\u0131 ve zarars\u0131z tutmay\u0131 kabul edersiniz. Sizin veya Hizmete eri\u015fen herhangi bir ki\u015finin bu S\u00f6zle\u015fmeyi ihlal etmesinden (ihmalkar veya yanl\u0131\u015f davran\u0131\u015f dahil) kaynaklanan \u00fccretler.<\/p>\n<p><strong>4. \u00dc\u00e7\u00fcnc\u00fc Taraf Haklar\u0131.<\/strong><\/p>\n<p>2. paragraf\u0131n (Hizmetin Kullan\u0131m\u0131) ve 3. paragraf\u0131n (Tazminat) h\u00fck\u00fcmleri, Airport Smokinglounge.com&#039;un ve onun g\u00f6revlilerinin, y\u00f6neticilerinin, \u00e7al\u0131\u015fanlar\u0131n\u0131n, acentelerinin, lisans verenlerinin, tedarik\u00e7ilerinin ve Hizmete ili\u015fkin \u00fc\u00e7\u00fcnc\u00fc taraf bilgi sa\u011flay\u0131c\u0131lar\u0131n\u0131n yarar\u0131nad\u0131r. Bu ki\u015fi veya kurulu\u015flar\u0131n her biri, bu h\u00fck\u00fcmleri kendi ad\u0131na do\u011frudan size kar\u015f\u0131 ileri s\u00fcrme ve uygulama hakk\u0131na sahip olacakt\u0131r.<\/p>\n<p><strong>5.D\u00f6nem; Sonland\u0131rma.<\/strong><\/p>\n<p>Bu S\u00f6zle\u015fme, taraflardan herhangi biri taraf\u0131ndan herhangi bir zamanda, herhangi bir nedenle, bildirimde bulunmaks\u0131z\u0131n feshedilebilir. 1 (Telif Hakk\u0131, Lisanslar ve Fikir G\u00f6nderimleri), 2 (Hizmetin Kullan\u0131m\u0131), 3 (Tazminat), 4 (\u00dc\u00e7\u00fcnc\u00fc Taraf Haklar\u0131) ve 6 (\u00c7e\u015fitli) paragraflar\u0131n\u0131n h\u00fck\u00fcmleri, bu S\u00f6zle\u015fmenin feshedilmesi durumunda ge\u00e7erlili\u011fini s\u00fcrd\u00fcrecektir.<\/p>\n<p><strong>6.\u00c7e\u015fitli.<\/strong><\/p>\n<p>Bu S\u00f6zle\u015fmenin tamam\u0131, Bulgaristan&#039;da yap\u0131lan ve uygulanacak anla\u015fmalar i\u00e7in ge\u00e7erli olan Bulgaristan yasalar\u0131na uygun olarak y\u00f6netilecek ve yorumlanacakt\u0131r. Bu S\u00f6zle\u015fmeyle veya taraflar\u0131n bu S\u00f6zle\u015fme kapsam\u0131ndaki y\u00fck\u00fcml\u00fcl\u00fckleriyle ilgili herhangi bir ama\u00e7 i\u00e7in, Airport Smokinglounge.com ile sizin aran\u0131zda herhangi bir yasal i\u015flem veya i\u015flemin, yaln\u0131zca Bulgaristan&#039;da bulunan yetkili federal veya eyalet mahkemesinde a\u00e7\u0131laca\u011f\u0131n\u0131 kabul edersiniz. Hizmetle ilgili olarak sahip olabilece\u011finiz herhangi bir dava veya iddia, iddia veya dava nedeninin ortaya \u00e7\u0131kmas\u0131ndan veya s\u00f6z konusu iddia veya dava nedeninin zaman a\u015f\u0131m\u0131na u\u011framas\u0131ndan sonraki bir (1) y\u0131l i\u00e7inde ba\u015flat\u0131lmal\u0131d\u0131r. Airport Smokinglounge.com&#039;un bu S\u00f6zle\u015fmenin herhangi bir h\u00fckm\u00fcn\u00fcn kat\u0131 bir \u015fekilde yerine getirilmesinde \u0131srar etmemesi veya bunu uygulamamas\u0131, herhangi bir h\u00fck\u00fcm veya haktan feragat edildi\u011fi anlam\u0131na gelmez. Ne taraflar aras\u0131ndaki davran\u0131\u015f tarz\u0131 ne de ticari uygulamalar bu Anla\u015fman\u0131n herhangi bir h\u00fckm\u00fcn\u00fc de\u011fi\u015ftirecek nitelikte olmayacakt\u0131r. Airport Smokinglounge.com, bu S\u00f6zle\u015fme kapsam\u0131ndaki hak ve g\u00f6revlerini size bildirimde bulunmaks\u0131z\u0131n herhangi bir zamanda herhangi bir tarafa devredebilir. Burada a\u00e7\u0131k\u00e7a verilmeyen t\u00fcm haklar sakl\u0131d\u0131r.<\/p>","protected":false},"excerpt":{"rendered":"<p>The airportsmokinglounge.com Web Site (the \u201cSite\u201d) is an online information service . \u201cairportsmokinglounge.com \u201c, subject to your compliance with the terms and conditions set forth below. PLEASE READ THIS DOCUMENT CAREFULLY BEFORE ACCESSING OR USING THE SITE. BY ACCESSING OR USING THE SITE, YOU AGREE TO BE BOUND BY THE TERMS AND CONDITIONS SET FORTH&hellip;&nbsp;<a href=\"https:\/\/airportsmokinglounge.com\/tr\/sorumluluk-reddi-beyani\/\" rel=\"bookmark\">Devam\u0131n\u0131 oku &quot;<span class=\"screen-reader-text\">Feragatname<\/span><\/a><\/p>","protected":false},"author":1,"featured_media":0,"parent":0,"menu_order":0,"comment_status":"closed","ping_status":"closed","template":"","meta":{"neve_meta_sidebar":"","neve_meta_container":"","neve_meta_enable_content_width":"off","neve_meta_content_width":100,"neve_meta_title_alignment":"","neve_meta_author_avatar":"","neve_post_elements_order":"","neve_meta_disable_header":"","neve_meta_disable_footer":"","neve_meta_disable_title":"","neve_meta_reading_time":"","footnotes":""},"class_list":["post-55","page","type-page","status-publish","hentry"],"yoast_head":"<!-- This site is optimized with the Yoast SEO plugin v26.6 - https:\/\/yoast.com\/wordpress\/plugins\/seo\/ -->\n<title>Disclaimer - airportsmokinglounge.com<\/title>\n<meta name=\"robots\" content=\"noindex, follow\" \/>\n<meta property=\"og:locale\" content=\"tr_TR\" \/>\n<meta property=\"og:type\" content=\"article\" \/>\n<meta property=\"og:title\" content=\"Disclaimer - airportsmokinglounge.com\" \/>\n<meta property=\"og:description\" content=\"The airportsmokinglounge.com Web Site (the \u201cSite\u201d) is an online information service . \u201cairportsmokinglounge.com \u201c, subject to your compliance with the terms and conditions set forth below. PLEASE READ THIS DOCUMENT CAREFULLY BEFORE ACCESSING OR USING THE SITE. BY ACCESSING OR USING THE SITE, YOU AGREE TO BE BOUND BY THE TERMS AND CONDITIONS SET FORTH&hellip;&nbsp;Read More &raquo;Disclaimer\" \/>\n<meta property=\"og:url\" content=\"https:\/\/airportsmokinglounge.com\/tr\/sorumluluk-reddi-beyani\/\" \/>\n<meta property=\"og:site_name\" content=\"airportsmokinglounge.com\" \/>\n<meta property=\"article:modified_time\" content=\"2023-02-15T15:08:03+00:00\" \/>\n<meta name=\"twitter:card\" content=\"summary_large_image\" \/>\n<meta name=\"twitter:label1\" content=\"Tahmini okuma s\u00fcresi\" \/>\n\t<meta name=\"twitter:data1\" content=\"6 dakika\" \/>\n<script type=\"application\/ld+json\" class=\"yoast-schema-graph\">{\"@context\":\"https:\/\/schema.org\",\"@graph\":[{\"@type\":\"WebPage\",\"@id\":\"https:\/\/airportsmokinglounge.com\/disclaimer\/\",\"url\":\"https:\/\/airportsmokinglounge.com\/disclaimer\/\",\"name\":\"Disclaimer - airportsmokinglounge.com\",\"isPartOf\":{\"@id\":\"https:\/\/airportsmokinglounge.com\/#website\"},\"datePublished\":\"2023-02-15T15:05:13+00:00\",\"dateModified\":\"2023-02-15T15:08:03+00:00\",\"breadcrumb\":{\"@id\":\"https:\/\/airportsmokinglounge.com\/disclaimer\/#breadcrumb\"},\"inLanguage\":\"tr\",\"potentialAction\":[{\"@type\":\"ReadAction\",\"target\":[\"https:\/\/airportsmokinglounge.com\/disclaimer\/\"]}]},{\"@type\":\"BreadcrumbList\",\"@id\":\"https:\/\/airportsmokinglounge.com\/disclaimer\/#breadcrumb\",\"itemListElement\":[{\"@type\":\"ListItem\",\"position\":1,\"name\":\"Home\",\"item\":\"https:\/\/airportsmokinglounge.com\/\"},{\"@type\":\"ListItem\",\"position\":2,\"name\":\"Disclaimer\"}]},{\"@type\":\"WebSite\",\"@id\":\"https:\/\/airportsmokinglounge.com\/#website\",\"url\":\"https:\/\/airportsmokinglounge.com\/\",\"name\":\"airportsmokinglounge.com\",\"description\":\"\",\"potentialAction\":[{\"@type\":\"SearchAction\",\"target\":{\"@type\":\"EntryPoint\",\"urlTemplate\":\"https:\/\/airportsmokinglounge.com\/?s={search_term_string}\"},\"query-input\":{\"@type\":\"PropertyValueSpecification\",\"valueRequired\":true,\"valueName\":\"search_term_string\"}}],\"inLanguage\":\"tr\"}]}<\/script>\n<!-- \/ Yoast SEO plugin. -->","yoast_head_json":{"title":"Sorumluluk reddi beyan\u0131 - Airport Smokinglounge.com","robots":{"index":"noindex","follow":"follow"},"og_locale":"tr_TR","og_type":"article","og_title":"Disclaimer - airportsmokinglounge.com","og_description":"The airportsmokinglounge.com Web Site (the \u201cSite\u201d) is an online information service . \u201cairportsmokinglounge.com \u201c, subject to your compliance with the terms and conditions set forth below. PLEASE READ THIS DOCUMENT CAREFULLY BEFORE ACCESSING OR USING THE SITE. BY ACCESSING OR USING THE SITE, YOU AGREE TO BE BOUND BY THE TERMS AND CONDITIONS SET FORTH&hellip;&nbsp;Read More &raquo;Disclaimer","og_url":"https:\/\/airportsmokinglounge.com\/tr\/sorumluluk-reddi-beyani\/","og_site_name":"airportsmokinglounge.com","article_modified_time":"2023-02-15T15:08:03+00:00","twitter_card":"summary_large_image","twitter_misc":{"Tahmini okuma s\u00fcresi":"6 dakika"},"schema":{"@context":"https:\/\/schema.org","@graph":[{"@type":"WebPage","@id":"https:\/\/airportsmokinglounge.com\/disclaimer\/","url":"https:\/\/airportsmokinglounge.com\/disclaimer\/","name":"Sorumluluk reddi beyan\u0131 - Airport Smokinglounge.com","isPartOf":{"@id":"https:\/\/airportsmokinglounge.com\/#website"},"datePublished":"2023-02-15T15:05:13+00:00","dateModified":"2023-02-15T15:08:03+00:00","breadcrumb":{"@id":"https:\/\/airportsmokinglounge.com\/disclaimer\/#breadcrumb"},"inLanguage":"tr","potentialAction":[{"@type":"ReadAction","target":["https:\/\/airportsmokinglounge.com\/disclaimer\/"]}]},{"@type":"BreadcrumbList","@id":"https:\/\/airportsmokinglounge.com\/disclaimer\/#breadcrumb","itemListElement":[{"@type":"ListItem","position":1,"name":"Home","item":"https:\/\/airportsmokinglounge.com\/"},{"@type":"ListItem","position":2,"name":"Disclaimer"}]},{"@type":"WebSite","@id":"https:\/\/airportsmokinglounge.com\/#website","url":"https:\/\/airportsmokinglounge.com\/","name":"havaalan\u0131sigara salonu.com","description":"","potentialAction":[{"@type":"SearchAction","target":{"@type":"EntryPoint","urlTemplate":"https:\/\/airportsmokinglounge.com\/?s={search_term_string}"},"query-input":{"@type":"PropertyValueSpecification","valueRequired":true,"valueName":"search_term_string"}}],"inLanguage":"tr"}]}},"_links":{"self":[{"href":"https:\/\/airportsmokinglounge.com\/tr\/wp-json\/wp\/v2\/pages\/55","targetHints":{"allow":["GET"]}}],"collection":[{"href":"https:\/\/airportsmokinglounge.com\/tr\/wp-json\/wp\/v2\/pages"}],"about":[{"href":"https:\/\/airportsmokinglounge.com\/tr\/wp-json\/wp\/v2\/types\/page"}],"author":[{"embeddable":true,"href":"https:\/\/airportsmokinglounge.com\/tr\/wp-json\/wp\/v2\/users\/1"}],"replies":[{"embeddable":true,"href":"https:\/\/airportsmokinglounge.com\/tr\/wp-json\/wp\/v2\/comments?post=55"}],"version-history":[{"count":2,"href":"https:\/\/airportsmokinglounge.com\/tr\/wp-json\/wp\/v2\/pages\/55\/revisions"}],"predecessor-version":[{"id":57,"href":"https:\/\/airportsmokinglounge.com\/tr\/wp-json\/wp\/v2\/pages\/55\/revisions\/57"}],"wp:attachment":[{"href":"https:\/\/airportsmokinglounge.com\/tr\/wp-json\/wp\/v2\/media?parent=55"}],"curies":[{"name":"wp","href":"https:\/\/api.w.org\/{rel}","templated":true}]}}