{"id":5597,"date":"2023-05-21T21:14:43","date_gmt":"2023-05-21T19:14:43","guid":{"rendered":"https:\/\/airportsmokinglounge.com\/?page_id=5597"},"modified":"2023-11-28T21:01:49","modified_gmt":"2023-11-28T20:01:49","slug":"smoking-areas-at-leopold-sedar-senghor-international-airport-dkr","status":"publish","type":"page","link":"https:\/\/airportsmokinglounge.com\/tr\/leopold-sedar-senghor-uluslararasi-havalimaninda-sigara-icme-alanlari-dkr\/","title":{"rendered":"L\u00e9opold S\u00e9dar Senghor Uluslararas\u0131 Havaliman\u0131&#039;ndaki (DKR) sigara i\u00e7me alanlar\u0131"},"content":{"rendered":"<p>L\u00e9opold S\u00e9dar Senghor Uluslararas\u0131 Havaliman\u0131 (DKR), Dakar Havaliman\u0131 olarak da bilinir, Senegal&#039;in ba\u015fkenti Dakar&#039;a hizmet veren ana uluslararas\u0131 havaliman\u0131d\u0131r. Dakar \u015fehir merkezinin yakla\u015f\u0131k 17 kilometre kuzeybat\u0131s\u0131ndaki Yoff&#039;ta yer alan havaliman\u0131, \u00fclkenin en b\u00fcy\u00fck ve en yo\u011fun havaliman\u0131d\u0131r.<\/p>\n<p>L\u00e9opold S\u00e9dar Senghor Uluslararas\u0131 Havaliman\u0131, yolcular i\u00e7in \u00e7ok \u00e7e\u015fitli olanaklar ve hizmetler sunan modern bir terminal binas\u0131na sahiptir. Bunlara check-in kontuarlar\u0131, g\u00f6\u00e7menlik ve g\u00fcmr\u00fck tesisleri, duty-free ma\u011fazalar\u0131, restoranlar, d\u00f6viz b\u00fcrolar\u0131, ara\u00e7 kiralama acenteleri ve dinlenme salonlar\u0131 dahildir. Havaliman\u0131, altyap\u0131s\u0131n\u0131 ve kapasitesini art\u0131rmak i\u00e7in yenilemeler ve geni\u015fletmeler ge\u00e7irmi\u015ftir.<\/p>\n<h2>G\u00fcvenlik Kontrol\u00fc \u00f6ncesi sigara i\u00e7ilen alanlar<\/h2>\n<ul>\n<li><span style=\"font-size: 14pt;\">Sadece terminalin d\u0131\u015f\u0131nda sigara i\u00e7ilebilir<\/span><\/li>\n<\/ul>\n<h2>G\u00fcvenlik Kontrol\u00fcnden Sonra Sigara \u0130\u00e7ilen Alanlar<\/h2>\n<ul>\n<li><span style=\"font-size: 14pt;\">Giri\u015f yapt\u0131ktan sonra burada sadece \u00fccret kar\u015f\u0131l\u0131\u011f\u0131nda sigara i\u00e7ebilirsiniz.<br \/>\nInfiniti Lounge (Giri\u015f \u00fccreti \u015fu anda 10.000 FCFA veya 16 Euro) <\/span>Senegal Sigara Kanunu<\/li>\n<\/ul>\n<figure id=\"attachment_6433\" aria-describedby=\"caption-attachment-6433\" style=\"width: 900px\" class=\"wp-caption aligncenter\"><img decoding=\"async\" class=\"size-full wp-image-6433\" src=\"https:\/\/airportsmokinglounge.com\/wp-content\/uploads\/2023\/11\/20231121_235427-scaled-e1701201699105.jpg\" alt=\"Dakar Uluslararas\u0131 Havaliman\u0131&#039;nda (DKR) Sigara \u0130\u00e7me Salonu\" width=\"900\" height=\"415\" \/><figcaption id=\"caption-attachment-6433\" class=\"wp-caption-text\">\u00a9 Ludwig<\/figcaption><\/figure>\n<figure id=\"attachment_6432\" aria-describedby=\"caption-attachment-6432\" style=\"width: 472px\" class=\"wp-caption aligncenter\"><img decoding=\"async\" class=\"wp-image-6432 size-large\" src=\"https:\/\/airportsmokinglounge.com\/wp-content\/uploads\/2023\/11\/20231121_235413-472x1024.jpg\" alt=\"Dakar L\u00e9opold S\u00e9dar Senghor Uluslararas\u0131 Havaliman\u0131&#039;ndaki (DKR) sigara i\u00e7me alanlar\u0131\" width=\"472\" height=\"1024\" srcset=\"https:\/\/airportsmokinglounge.com\/wp-content\/uploads\/2023\/11\/20231121_235413-472x1024.jpg 472w, https:\/\/airportsmokinglounge.com\/wp-content\/uploads\/2023\/11\/20231121_235413-138x300.jpg 138w, https:\/\/airportsmokinglounge.com\/wp-content\/uploads\/2023\/11\/20231121_235413-768x1666.jpg 768w, https:\/\/airportsmokinglounge.com\/wp-content\/uploads\/2023\/11\/20231121_235413-708x1536.jpg 708w, https:\/\/airportsmokinglounge.com\/wp-content\/uploads\/2023\/11\/20231121_235413-944x2048.jpg 944w, https:\/\/airportsmokinglounge.com\/wp-content\/uploads\/2023\/11\/20231121_235413-6x12.jpg 6w, https:\/\/airportsmokinglounge.com\/wp-content\/uploads\/2023\/11\/20231121_235413-scaled.jpg 1180w\" sizes=\"(max-width: 472px) 100vw, 472px\" \/><figcaption id=\"caption-attachment-6432\" class=\"wp-caption-text\">\u00a9 Ludwig<\/figcaption><\/figure>\n<figure id=\"attachment_6431\" aria-describedby=\"caption-attachment-6431\" style=\"width: 472px\" class=\"wp-caption aligncenter\"><img decoding=\"async\" class=\"wp-image-6431 size-large\" src=\"https:\/\/airportsmokinglounge.com\/wp-content\/uploads\/2023\/11\/20231121_234450-472x1024.jpg\" alt=\"L\u00e9opold S\u00e9dar Senghor Uluslararas\u0131 Havaliman\u0131&#039;ndaki (DKR) sigara i\u00e7me alanlar\u0131\" width=\"472\" height=\"1024\" srcset=\"https:\/\/airportsmokinglounge.com\/wp-content\/uploads\/2023\/11\/20231121_234450-472x1024.jpg 472w, https:\/\/airportsmokinglounge.com\/wp-content\/uploads\/2023\/11\/20231121_234450-138x300.jpg 138w, https:\/\/airportsmokinglounge.com\/wp-content\/uploads\/2023\/11\/20231121_234450-768x1667.jpg 768w, https:\/\/airportsmokinglounge.com\/wp-content\/uploads\/2023\/11\/20231121_234450-708x1536.jpg 708w, https:\/\/airportsmokinglounge.com\/wp-content\/uploads\/2023\/11\/20231121_234450-944x2048.jpg 944w, https:\/\/airportsmokinglounge.com\/wp-content\/uploads\/2023\/11\/20231121_234450-6x12.jpg 6w, https:\/\/airportsmokinglounge.com\/wp-content\/uploads\/2023\/11\/20231121_234450-scaled.jpg 1180w\" sizes=\"(max-width: 472px) 100vw, 472px\" \/><figcaption id=\"caption-attachment-6431\" class=\"wp-caption-text\">\u00a9 Ludwig<\/figcaption><\/figure>\n<p>Sudan, halk sa\u011fl\u0131\u011f\u0131n\u0131 korumak ve t\u00fct\u00fcn kullan\u0131m\u0131n\u0131 azaltmak i\u00e7in sigara i\u00e7me yasa ve d\u00fczenlemelerini uygulamaya koydu. Ancak, sigara i\u00e7me yasalar\u0131n\u0131n zaman i\u00e7inde de\u011fi\u015febilece\u011fini l\u00fctfen unutmay\u0131n; bu nedenle Sudan&#039;\u0131n sigara i\u00e7me yasalar\u0131na ili\u015fkin en g\u00fcncel bilgiler i\u00e7in en g\u00fcncel yasalara ba\u015fvurman\u0131z veya yerel yetkililere dan\u0131\u015fman\u0131z tavsiye edilir.<\/p>\n<p>Sudan&#039;da restoranlar\u0131n, barlar\u0131n, al\u0131\u015fveri\u015f merkezlerinin ve h\u00fck\u00fcmet binalar\u0131n\u0131n kapal\u0131 alanlar\u0131 da dahil olmak \u00fczere halka a\u00e7\u0131k kapal\u0131 alanlarda sigara i\u00e7mek genellikle yasakt\u0131r. Bu alanlar sigara i\u00e7ilmeyen alan olarak belirlenmi\u015f olup, i\u00e7eride sigara i\u00e7ilmesine izin verilmemektedir.<\/p>\n<h3>S\u0131k\u00e7a Sorulan Sorular<\/h3>\n<h4>Havaliman\u0131 sigara i\u00e7me alanlar\u0131 7\/24 a\u00e7\u0131k m\u0131?<\/h4>\n<p>Havaliman\u0131 sigara i\u00e7me alanlar\u0131n\u0131n mevcudiyeti, havaliman\u0131na ve konuma g\u00f6re de\u011fi\u015fiklik g\u00f6sterebilir. Baz\u0131 sigara i\u00e7me alanlar\u0131 24 saat a\u00e7\u0131kken, baz\u0131lar\u0131nda k\u0131s\u0131tl\u0131 saatler olabilir veya belirli saatlerde kapal\u0131 olabilir. Sigara i\u00e7me alan\u0131n\u0131n \u00e7al\u0131\u015fma saatleri hakk\u0131nda \u00f6zel bilgi i\u00e7in havaalan\u0131na dan\u0131\u015fmak veya web sitelerini ziyaret etmek en iyisidir.<\/p>\n<h4>Sigara i\u00e7me alan\u0131na kendi yiyecek ve i\u00e7eceklerimi getirmeme izin verilir mi?<\/h4>\n<p>Bu, belirli sigara i\u00e7me alan\u0131na ve havaalan\u0131na ba\u011fl\u0131 olabilir. Baz\u0131 sigara i\u00e7me alanlar\u0131 d\u0131\u015far\u0131dan yiyecek ve i\u00e7eceklere izin verirken, baz\u0131lar\u0131nda k\u0131s\u0131tlamalar olabilir veya tamamen yasak olabilir. Belirli kurallar ve y\u00f6netmelikler i\u00e7in havaalan\u0131na veya sigara i\u00e7ilen alan tabelas\u0131na bakmak en iyisidir.<\/p>\n<h4>Havaliman\u0131ndaki t\u00fcm sigara i\u00e7ilen alanlarda sigara i\u00e7ilebilir mi?<\/h4>\n<p>Havaalan\u0131 sigara i\u00e7ilen alanlar\u0131n t\u00fcm\u00fc sigara i\u00e7ilmesine izin vermeyebilir. Baz\u0131 havalimanlar\u0131nda, geleneksel sigara i\u00e7me alanlar\u0131ndan ayr\u0131 elektronik sigara veya elektronik sigara i\u00e7in belirlenmi\u015f alanlar olabilir. Kullanmay\u0131 planlad\u0131\u011f\u0131n\u0131z sigara i\u00e7me alan\u0131 i\u00e7in \u00f6zel kural ve d\u00fczenlemeleri kontrol etti\u011finizden emin olun.<\/p>\n<h4>Sigara i\u00e7ilen alanlar klimal\u0131 m\u0131 yoksa \u0131s\u0131tmal\u0131 m\u0131?<\/h4>\n<p>Havaalan\u0131 sigara i\u00e7me alanlar\u0131n\u0131n s\u0131cakl\u0131\u011f\u0131 ve havaland\u0131rmas\u0131 b\u00fcy\u00fck \u00f6l\u00e7\u00fcde de\u011fi\u015febilir. Baz\u0131lar\u0131 klimal\u0131 veya \u0131s\u0131tmal\u0131 olabilirken, di\u011ferleri d\u0131\u015f etkenlerden s\u0131n\u0131rl\u0131 korumaya sahip a\u00e7\u0131k hava alanlar\u0131 olabilir. Ko\u015fullar\u0131 belirlemek ve buna g\u00f6re haz\u0131rlanmak i\u00e7in \u00f6nceden havaalan\u0131na dan\u0131\u015ft\u0131\u011f\u0131n\u0131zdan veya sigara i\u00e7me alan\u0131n\u0131 ziyaret etti\u011finizden emin olun.<\/p>\n<h4>Sigara i\u00e7ilen alanlar engelli yolcular i\u00e7in eri\u015filebilir mi?<\/h4>\n<p>Bir\u00e7ok havaalan\u0131, sigara i\u00e7me alanlar\u0131n\u0131 engelli yolcular\u0131n eri\u015fimine uygun hale getirmek i\u00e7in \u00e7aba sarf etmi\u015ftir. Ancak, belirli sigara i\u00e7me alanlar\u0131n\u0131n eri\u015filebilirli\u011fi b\u00fcy\u00fck \u00f6l\u00e7\u00fcde de\u011fi\u015febilir. Eri\u015filebilir olup olmad\u0131\u011f\u0131n\u0131 ve ihtiya\u00e7lar\u0131n\u0131z\u0131 kar\u015f\u0131lay\u0131p kar\u015f\u0131lamad\u0131\u011f\u0131n\u0131 belirlemek i\u00e7in havaalan\u0131na dan\u0131\u015ft\u0131\u011f\u0131n\u0131zdan veya sigara i\u00e7me alan\u0131n\u0131 \u00f6nceden ziyaret etti\u011finizden emin olun.<\/p>\n<p><strong><span style=\"font-size: 14pt;\">Bize geri bildirim g\u00f6nderin<\/span><\/strong><\/p>\n<p><span style=\"font-size: 14pt;\">Havaalan\u0131ndaysan\u0131z, sigara i\u00e7ilen alanlar\u0131n resimlerini bize g\u00f6nderebilirsiniz. Bu, veritaban\u0131m\u0131z\u0131 daha h\u0131zl\u0131 doldurmam\u0131za yard\u0131mc\u0131 olacakt\u0131r. Bunu yapabilirsiniz <strong><a href=\"https:\/\/airportsmokinglounge.com\/tr\/temas-etmek\/\">Burada<\/a>.<\/strong> G\u00f6rseller, g\u00f6rsel kayna\u011f\u0131 (isim) belirtilerek sitemizde yay\u0131nlanmaktad\u0131r. Bu resimleri bizimle ve t\u00fcm Airport Smokinglounge.com ziyaret\u00e7ileriyle payla\u015fmaktan \u00e7ekinmeyin.<\/span>.<\/p>\n<p><span style=\"font-size: 14pt;\"><strong>Afrika&#039;da sigara i\u00e7ilen alanlar:<\/strong><\/span><\/p>\n<ul>\n<li><a href=\"https:\/\/airportsmokinglounge.com\/tr\/afrikada-havaalanlarinda-sigara-icmek\/\"><span style=\"font-size: 14pt;\">Afrika havaalanlar\u0131<\/span><\/a><\/li>\n<\/ul>","protected":false},"excerpt":{"rendered":"<p>L\u00e9opold S\u00e9dar Senghor Uluslararas\u0131 Havaliman\u0131 (DKR), di\u011fer ad\u0131yla Dakar Havaliman\u0131, Senegal&#039;in ba\u015fkenti Dakar&#039;a hizmet veren ana uluslararas\u0131 havaliman\u0131d\u0131r. Dakar \u015fehir merkezinin yakla\u015f\u0131k 17 kilometre kuzeybat\u0131s\u0131nda, Yoff&#039;ta bulunan havaliman\u0131, \u00fclkenin en b\u00fcy\u00fck ve en i\u015flek havaliman\u0131d\u0131r. L\u00e9opold S\u00e9dar Senghor Uluslararas\u0131 Havaliman\u0131, modern bir terminal binas\u0131na sahiptir ve bu bina...&nbsp;<a href=\"https:\/\/airportsmokinglounge.com\/tr\/leopold-sedar-senghor-uluslararasi-havalimaninda-sigara-icme-alanlari-dkr\/\" rel=\"bookmark\">Devam\u0131n\u0131 oku &quot;<span class=\"screen-reader-text\">L\u00e9opold S\u00e9dar Senghor Uluslararas\u0131 Havaliman\u0131&#039;ndaki (DKR) sigara i\u00e7me alanlar\u0131<\/span><\/a><\/p>","protected":false},"author":1,"featured_media":1199,"parent":0,"menu_order":0,"comment_status":"closed","ping_status":"closed","template":"","meta":{"neve_meta_sidebar":"","neve_meta_container":"","neve_meta_enable_content_width":"off","neve_meta_content_width":100,"neve_meta_title_alignment":"","neve_meta_author_avatar":"","neve_post_elements_order":"","neve_meta_disable_header":"","neve_meta_disable_footer":"","neve_meta_disable_title":"","neve_meta_reading_time":"","footnotes":""},"class_list":["post-5597","page","type-page","status-publish","has-post-thumbnail","hentry"],"yoast_head":"<!-- This site is optimized with the Yoast SEO plugin v26.6 - https:\/\/yoast.com\/wordpress\/plugins\/seo\/ -->\n<title>Smoking areas at L\u00e9opold S\u00e9dar Senghor International Airport (DKR)<\/title>\n<meta name=\"description\" content=\"Smoking Areas in L\u00e9opold S\u00e9dar Senghor International Airport (DKR)- Your Ultimate Guide to Finding a Place to Smoke\" \/>\n<meta name=\"robots\" content=\"index, follow, max-snippet:-1, max-image-preview:large, max-video-preview:-1\" \/>\n<link rel=\"canonical\" href=\"https:\/\/airportsmokinglounge.com\/tr\/leopold-sedar-senghor-uluslararasi-havalimaninda-sigara-icme-alanlari-dkr\/\" \/>\n<meta property=\"og:locale\" content=\"tr_TR\" \/>\n<meta property=\"og:type\" content=\"article\" \/>\n<meta property=\"og:title\" content=\"Smoking areas at L\u00e9opold S\u00e9dar Senghor International Airport (DKR)\" \/>\n<meta property=\"og:description\" content=\"Smoking Areas in L\u00e9opold S\u00e9dar Senghor International Airport (DKR)- Your Ultimate Guide to Finding a Place to Smoke\" \/>\n<meta property=\"og:url\" content=\"https:\/\/airportsmokinglounge.com\/tr\/leopold-sedar-senghor-uluslararasi-havalimaninda-sigara-icme-alanlari-dkr\/\" \/>\n<meta property=\"og:site_name\" content=\"airportsmokinglounge.com\" \/>\n<meta property=\"article:modified_time\" content=\"2023-11-28T20:01:49+00:00\" \/>\n<meta property=\"og:image\" content=\"https:\/\/airportsmokinglounge.com\/wp-content\/uploads\/2023\/03\/airport-smoking-lounge-4.jpg\" \/>\n\t<meta property=\"og:image:width\" content=\"2048\" \/>\n\t<meta property=\"og:image:height\" content=\"1152\" \/>\n\t<meta property=\"og:image:type\" content=\"image\/jpeg\" \/>\n<meta name=\"twitter:card\" content=\"summary_large_image\" \/>\n<meta name=\"twitter:label1\" content=\"Tahmini okuma s\u00fcresi\" \/>\n\t<meta name=\"twitter:data1\" content=\"4 dakika\" \/>\n<script type=\"application\/ld+json\" class=\"yoast-schema-graph\">{\"@context\":\"https:\/\/schema.org\",\"@graph\":[{\"@type\":\"WebPage\",\"@id\":\"https:\/\/airportsmokinglounge.com\/smoking-areas-at-leopold-sedar-senghor-international-airport-dkr\/\",\"url\":\"https:\/\/airportsmokinglounge.com\/smoking-areas-at-leopold-sedar-senghor-international-airport-dkr\/\",\"name\":\"Smoking areas at L\u00e9opold S\u00e9dar Senghor International Airport (DKR)\",\"isPartOf\":{\"@id\":\"https:\/\/airportsmokinglounge.com\/#website\"},\"primaryImageOfPage\":{\"@id\":\"https:\/\/airportsmokinglounge.com\/smoking-areas-at-leopold-sedar-senghor-international-airport-dkr\/#primaryimage\"},\"image\":{\"@id\":\"https:\/\/airportsmokinglounge.com\/smoking-areas-at-leopold-sedar-senghor-international-airport-dkr\/#primaryimage\"},\"thumbnailUrl\":\"https:\/\/airportsmokinglounge.com\/wp-content\/uploads\/2023\/03\/airport-smoking-lounge-4.jpg\",\"datePublished\":\"2023-05-21T19:14:43+00:00\",\"dateModified\":\"2023-11-28T20:01:49+00:00\",\"description\":\"Smoking Areas in L\u00e9opold S\u00e9dar Senghor International Airport (DKR)- Your Ultimate Guide to Finding a Place to Smoke\",\"breadcrumb\":{\"@id\":\"https:\/\/airportsmokinglounge.com\/smoking-areas-at-leopold-sedar-senghor-international-airport-dkr\/#breadcrumb\"},\"inLanguage\":\"tr\",\"potentialAction\":[{\"@type\":\"ReadAction\",\"target\":[\"https:\/\/airportsmokinglounge.com\/smoking-areas-at-leopold-sedar-senghor-international-airport-dkr\/\"]}]},{\"@type\":\"ImageObject\",\"inLanguage\":\"tr\",\"@id\":\"https:\/\/airportsmokinglounge.com\/smoking-areas-at-leopold-sedar-senghor-international-airport-dkr\/#primaryimage\",\"url\":\"https:\/\/airportsmokinglounge.com\/wp-content\/uploads\/2023\/03\/airport-smoking-lounge-4.jpg\",\"contentUrl\":\"https:\/\/airportsmokinglounge.com\/wp-content\/uploads\/2023\/03\/airport-smoking-lounge-4.jpg\",\"width\":2048,\"height\":1152,\"caption\":\"Airport Smoking\"},{\"@type\":\"BreadcrumbList\",\"@id\":\"https:\/\/airportsmokinglounge.com\/smoking-areas-at-leopold-sedar-senghor-international-airport-dkr\/#breadcrumb\",\"itemListElement\":[{\"@type\":\"ListItem\",\"position\":1,\"name\":\"Home\",\"item\":\"https:\/\/airportsmokinglounge.com\/\"},{\"@type\":\"ListItem\",\"position\":2,\"name\":\"Smoking areas at L\u00e9opold S\u00e9dar Senghor International Airport (DKR)\"}]},{\"@type\":\"WebSite\",\"@id\":\"https:\/\/airportsmokinglounge.com\/#website\",\"url\":\"https:\/\/airportsmokinglounge.com\/\",\"name\":\"airportsmokinglounge.com\",\"description\":\"\",\"potentialAction\":[{\"@type\":\"SearchAction\",\"target\":{\"@type\":\"EntryPoint\",\"urlTemplate\":\"https:\/\/airportsmokinglounge.com\/?s={search_term_string}\"},\"query-input\":{\"@type\":\"PropertyValueSpecification\",\"valueRequired\":true,\"valueName\":\"search_term_string\"}}],\"inLanguage\":\"tr\"}]}<\/script>\n<!-- \/ Yoast SEO plugin. -->","yoast_head_json":{"title":"L\u00e9opold S\u00e9dar Senghor Uluslararas\u0131 Havaliman\u0131&#039;ndaki (DKR) sigara i\u00e7me alanlar\u0131","description":"L\u00e9opold S\u00e9dar Senghor Uluslararas\u0131 Havaalan\u0131&#039;ndaki (DKR) Sigara \u0130\u00e7me Alanlar\u0131 - Sigara \u0130\u00e7mek \u0130\u00e7in Bir Yer Bulmak \u0130\u00e7in Nihai Rehberiniz","robots":{"index":"index","follow":"follow","max-snippet":"max-snippet:-1","max-image-preview":"max-image-preview:large","max-video-preview":"max-video-preview:-1"},"canonical":"https:\/\/airportsmokinglounge.com\/tr\/leopold-sedar-senghor-uluslararasi-havalimaninda-sigara-icme-alanlari-dkr\/","og_locale":"tr_TR","og_type":"article","og_title":"Smoking areas at L\u00e9opold S\u00e9dar Senghor International Airport (DKR)","og_description":"Smoking Areas in L\u00e9opold S\u00e9dar Senghor International Airport (DKR)- Your Ultimate Guide to Finding a Place to Smoke","og_url":"https:\/\/airportsmokinglounge.com\/tr\/leopold-sedar-senghor-uluslararasi-havalimaninda-sigara-icme-alanlari-dkr\/","og_site_name":"airportsmokinglounge.com","article_modified_time":"2023-11-28T20:01:49+00:00","og_image":[{"width":2048,"height":1152,"url":"https:\/\/airportsmokinglounge.com\/wp-content\/uploads\/2023\/03\/airport-smoking-lounge-4.jpg","type":"image\/jpeg"}],"twitter_card":"summary_large_image","twitter_misc":{"Tahmini okuma s\u00fcresi":"4 dakika"},"schema":{"@context":"https:\/\/schema.org","@graph":[{"@type":"WebPage","@id":"https:\/\/airportsmokinglounge.com\/smoking-areas-at-leopold-sedar-senghor-international-airport-dkr\/","url":"https:\/\/airportsmokinglounge.com\/smoking-areas-at-leopold-sedar-senghor-international-airport-dkr\/","name":"L\u00e9opold S\u00e9dar Senghor Uluslararas\u0131 Havaliman\u0131&#039;ndaki (DKR) sigara i\u00e7me alanlar\u0131","isPartOf":{"@id":"https:\/\/airportsmokinglounge.com\/#website"},"primaryImageOfPage":{"@id":"https:\/\/airportsmokinglounge.com\/smoking-areas-at-leopold-sedar-senghor-international-airport-dkr\/#primaryimage"},"image":{"@id":"https:\/\/airportsmokinglounge.com\/smoking-areas-at-leopold-sedar-senghor-international-airport-dkr\/#primaryimage"},"thumbnailUrl":"https:\/\/airportsmokinglounge.com\/wp-content\/uploads\/2023\/03\/airport-smoking-lounge-4.jpg","datePublished":"2023-05-21T19:14:43+00:00","dateModified":"2023-11-28T20:01:49+00:00","description":"L\u00e9opold S\u00e9dar Senghor Uluslararas\u0131 Havaalan\u0131&#039;ndaki (DKR) Sigara \u0130\u00e7me Alanlar\u0131 - Sigara \u0130\u00e7mek \u0130\u00e7in Bir Yer Bulmak \u0130\u00e7in Nihai Rehberiniz","breadcrumb":{"@id":"https:\/\/airportsmokinglounge.com\/smoking-areas-at-leopold-sedar-senghor-international-airport-dkr\/#breadcrumb"},"inLanguage":"tr","potentialAction":[{"@type":"ReadAction","target":["https:\/\/airportsmokinglounge.com\/smoking-areas-at-leopold-sedar-senghor-international-airport-dkr\/"]}]},{"@type":"ImageObject","inLanguage":"tr","@id":"https:\/\/airportsmokinglounge.com\/smoking-areas-at-leopold-sedar-senghor-international-airport-dkr\/#primaryimage","url":"https:\/\/airportsmokinglounge.com\/wp-content\/uploads\/2023\/03\/airport-smoking-lounge-4.jpg","contentUrl":"https:\/\/airportsmokinglounge.com\/wp-content\/uploads\/2023\/03\/airport-smoking-lounge-4.jpg","width":2048,"height":1152,"caption":"Airport Smoking"},{"@type":"BreadcrumbList","@id":"https:\/\/airportsmokinglounge.com\/smoking-areas-at-leopold-sedar-senghor-international-airport-dkr\/#breadcrumb","itemListElement":[{"@type":"ListItem","position":1,"name":"Home","item":"https:\/\/airportsmokinglounge.com\/"},{"@type":"ListItem","position":2,"name":"Smoking areas at L\u00e9opold S\u00e9dar Senghor International Airport (DKR)"}]},{"@type":"WebSite","@id":"https:\/\/airportsmokinglounge.com\/#website","url":"https:\/\/airportsmokinglounge.com\/","name":"havaalan\u0131sigara salonu.com","description":"","potentialAction":[{"@type":"SearchAction","target":{"@type":"EntryPoint","urlTemplate":"https:\/\/airportsmokinglounge.com\/?s={search_term_string}"},"query-input":{"@type":"PropertyValueSpecification","valueRequired":true,"valueName":"search_term_string"}}],"inLanguage":"tr"}]}},"_links":{"self":[{"href":"https:\/\/airportsmokinglounge.com\/tr\/wp-json\/wp\/v2\/pages\/5597","targetHints":{"allow":["GET"]}}],"collection":[{"href":"https:\/\/airportsmokinglounge.com\/tr\/wp-json\/wp\/v2\/pages"}],"about":[{"href":"https:\/\/airportsmokinglounge.com\/tr\/wp-json\/wp\/v2\/types\/page"}],"author":[{"embeddable":true,"href":"https:\/\/airportsmokinglounge.com\/tr\/wp-json\/wp\/v2\/users\/1"}],"replies":[{"embeddable":true,"href":"https:\/\/airportsmokinglounge.com\/tr\/wp-json\/wp\/v2\/comments?post=5597"}],"version-history":[{"count":3,"href":"https:\/\/airportsmokinglounge.com\/tr\/wp-json\/wp\/v2\/pages\/5597\/revisions"}],"predecessor-version":[{"id":6434,"href":"https:\/\/airportsmokinglounge.com\/tr\/wp-json\/wp\/v2\/pages\/5597\/revisions\/6434"}],"wp:featuredmedia":[{"embeddable":true,"href":"https:\/\/airportsmokinglounge.com\/tr\/wp-json\/wp\/v2\/media\/1199"}],"wp:attachment":[{"href":"https:\/\/airportsmokinglounge.com\/tr\/wp-json\/wp\/v2\/media?parent=5597"}],"curies":[{"name":"wp","href":"https:\/\/api.w.org\/{rel}","templated":true}]}}